{"id":984,"date":"2025-03-28T19:20:46","date_gmt":"2025-03-28T19:20:46","guid":{"rendered":"https:\/\/dienmayklp.vn\/?post_type=product&#038;p=984"},"modified":"2025-05-26T00:46:28","modified_gmt":"2025-05-26T00:46:28","slug":"may-lam-mat-cao-cap-daikiosan-dka-04000b","status":"publish","type":"product","link":"https:\/\/songxanhwater.com\/?product=may-lam-mat-cao-cap-daikiosan-dka-04000b","title":{"rendered":"M\u00e1y L\u00e0m M\u00e1t Cao C\u1ea5p Daikiosan DKA-04000B"},"content":{"rendered":"<h2><span style=\"color: #3366ff;\"><strong>M\u00c1Y L\u00c0M M\u00c1T CAO C\u1ea4P DAIKIOSAN DKA-4000B\u00a0PH\u00c2N PH\u1ed0I CH\u00cdNH H\u00c3NG T\u1ea0I \u0110I\u1ec6N M\u00c1Y\u00a0<a style=\"color: #3366ff;\" href=\"https:\/\/dienmayklp.vn\/\" rel=\"nofollow noopener\" target=\"_blank\">KIM LONG PH\u00c1T<\/a><\/strong><\/span><\/h2>\n<h3><strong>\u0110\u1eb6C T\u00cdNH N\u1ed4I TR\u1ed8I C\u1ee6A S\u1ea2N PH\u1ea8M:<\/strong><\/h3>\n<p><strong>M\u00e1y l\u00e0m m\u00e1t Daikiosan DKA-04000B<\/strong>\u00a0chuy\u00ean d\u00f9ng\u00a0Nh\u00e0 m\u00e1y, x\u01b0\u1edfng s\u1ea3n xu\u1ea5t, nh\u00e0 h\u00e0ng, khu vui ch\u01a1i, ph\u00f2ng chi\u1ebfu phim, th\u00f4ng gi\u00f3 h\u00e0nh lang, t\u1ea7ng h\u1ea7m, qu\u00e1n \u0103n, qu\u00e1n cafe,\u00a0s\u1ea3nh ch\u1edd, showroom&#8230;<\/p>\n<p>1.\u00a0\u00a0<span style=\"color: #3366ff;\"><strong><a style=\"color: #3366ff;\" href=\"https:\/\/dienmayklp.vn\/cho-thue-may-lam-mat\" rel=\"nofollow noopener\" target=\"_blank\">M\u00e1y l\u00e0m m\u00e1t<\/a><\/strong><\/span>\u00a0l\u00e0 \u0111\u00e1p \u00e1n \u0111\u00fang nh\u1ea5t, kinh t\u1ebf nh\u1ea5t cho c\u00e1c doanh nh\u00e2n c\u00f3 nhu c\u1ea7u l\u00e0m m\u00e1t cho d\u1ef1 \u00e1n c\u1ee7a m\u00ecnh trong nhi\u1ec1u l\u0129nh v\u1ef1c kh\u00e1c nhau: Nh\u00e0 m\u00e1y,x\u01b0\u1edfng s\u1ea3n xu\u1ea5t, nh\u00e0 h\u00e0ng, khu vui ch\u01a1i, ph\u00f2ng chi\u1ebfu phim, th\u00f4ng gi\u00f3 h\u00e0nh lang, t\u1ea7ng h\u1ea7m, qu\u00e1n \u0103n, qu\u00e1n cafe,\u00a0s\u1ea3nh ch\u1edd, showroom&#8230;<\/p>\n<p>2.\u00a0\u00a0M\u00e1y l\u00e0m m\u00e1t\u00a0<strong>Ti\u1ebft ki\u1ec7m ti\u1ec1n<\/strong>: Gi\u1ea3m t\u1ed1i \u0111a chi ph\u00ed \u0111\u1ea7u t\u01b0 ch\u1ec9 b\u1eb3ng 20% so v\u1edbi ph\u01b0\u01a1ng ph\u00e1p d\u00f9ng m\u00e1y l\u00e0m \u0111i\u1ec1u h\u00f2a kh\u00f4ng kh\u00ed.<\/p>\n<p>3.\u00a0\u00a0M\u00e1y l\u00e0m m\u00e1t\u00a0<strong>Ti\u1ebft ki\u1ec7m \u0111i\u1ec7n<\/strong>: trong c\u00f9ng m\u1ed9t di\u1ec7n t\u00edch l\u00e0m m\u00e1t th\u00ec m\u00e1y l\u00e0m m\u00e1t ch\u1ec9 ti\u00eau hao b\u1eb1ng 10% \u0111\u1ebfn 12% \u0111i\u1ec7n n\u0103ng so v\u1edbi m\u00e1y \u0111i\u1ec1u h\u00f2a kh\u00f4ng kh\u00ed.<\/p>\n<p>4.\u00a0\u00a0M\u00e1y l\u00e0m m\u00e1t\u00a0<strong>Ti\u1ebft ki\u1ec7m n\u01b0\u1edbc<\/strong>: V\u1edbi ch\u1ee9c n\u0103ng b\u01a1m n\u01b0\u1edbc tu\u1ea7n ho\u00e0n &amp; v\u1edbi 1kg n\u01b0\u1edbc bay h\u01a1i s\u1ebd t\u1ea1o ra hi\u1ec7u qu\u1ea3 l\u1ea1nh ngang v\u1edbi 7kg n\u01b0\u1edbc \u0111\u00e1, l\u00e0m h\u1ea1 nhi\u1ec7u nhanh t\u1ee9c th\u00ec.<\/p>\n<p>5.\u00a0\u00a0M\u00e1y l\u00e0m m\u00e1t\u00a0<strong>H\u1ea1 nhi\u1ec7u \u0111\u1ed9 th\u1ea5p<\/strong>: M\u00e1y l\u00e0m m\u00e1t c\u00f3 th\u1ec3 h\u1ea1 nhi\u1ec7t \u0111\u1ed9 trong kh\u00f4ng gian c\u1ea7n l\u00e0m m\u00e1t t\u1eeb 5\u00b0C \u0111\u1ebfn 12\u00b0C\u00a0so v\u1edbi nhi\u1ec7t \u0111\u1ed9 tr\u01b0\u1edbc khi l\u00e0m m\u00e1t.<\/p>\n<p>6.\u00a0\u00a0M\u00e1y l\u00e0m m\u00e1t\u00a0<strong>\u0110\u1ed9 \u1ed3n th\u1ea5p<\/strong>: Khi ho\u1ea1t \u0111\u1ed9ng \u0111\u1ed9 \u1ed3n kh\u00f4ng qu\u00e1 giao \u0111\u1ed9ng t\u1eeb 45db (t\u00f9y thu\u1ed9c v\u00e0o c\u00f4ng su\u1ea5t). C\u00e1nh qu\u1ea1t c\u00f3 ki\u1ec3u d\u00e1ng h\u01b0\u1edbng tr\u1ee5c &amp; ly t\u00e2m, c\u00e1nh l\u1edbn, th\u1ed5i m\u1ea1nh, \u0111\u1ea9y xa. Ho\u00e0n to\u00e0n ph\u00f9 h\u1ee3p v\u1edbi \u0111i\u1ec1u ki\u1ec7n l\u00e0m vi\u1ec7c nh\u00e0 x\u01b0\u1edfng v\u00e0 c\u00e1c kh\u00f4ng gian m\u1edf.<\/p>\n<p>7.\u00a0\u00a0M\u00e1y l\u00e0m m\u00e1t\u00a0<strong>Cung c\u1ea5p oxy<\/strong>: Ngo\u00e0i ch\u1ee9c n\u0103ng l\u00e0m m\u00e1t khi ho\u1ea1t \u0111\u1ed9ng m\u00e1y l\u00e0m m\u00e1t c\u00f2n l\u00e0 h\u1ec7 th\u1ed1ng th\u00f4ng gi\u00f3, lu\u00f4n cung c\u1ea5p m\u1ed9t lu\u1ed3ng kh\u00ed t\u01b0\u01a1i, s\u1ea1ch, m\u00e1t l\u1ea1nh, gi\u00e0u oxy t\u1ea1o s\u1ef1 s\u1ea3ng kho\u00e1i cho kh\u00f4ng gian s\u1eed d\u1ee5ng, t\u1ea1o s\u1ef1 ch\u00eanh \u00e1p gi\u1eefa m\u00f4i tr\u01b0\u1eddng trong v\u00e0 ngo\u00e0i khu v\u1ef1c l\u00e0m m\u00e1t. L\u00e0m cho b\u1ee5i b\u1ea9n kh\u00f4ng c\u00f3 c\u01a1 h\u1ed9i x\u00e2m nh\u1eadp v\u00e0o kh\u00f4ng gian s\u1eed d\u1ee5ng m\u00e1y l\u00e0m m\u00e1t.<\/p>\n<p>8.\u00a0\u00a0M\u00e1y l\u00e0m m\u00e1t\u00a0<strong>B\u1ea3o v\u1ec7 m\u00f4i tr\u01b0\u1eddng<\/strong>: L\u00e0m m\u00e1t theo nguy\u00ean l\u00fd t\u1ef1 nhi\u00ean kh\u00f4ng s\u1eed d\u1ee5ng kh\u00ed gas hay m\u00f4i ch\u1ea5t h\u00f3a h\u1ecdc n\u00e0o kh\u00e1c, v\u00ec v\u1eady m\u00e1y l\u00e0m m\u00e1t kh\u00f4ng h\u1ee7y ho\u1ea1i t\u1ea7ng Ozone, kh\u00f4ng \u1ea3nh h\u01b0\u1edfng t\u1edbi m\u00f4i tr\u01b0\u1eddng l\u00e0m vi\u1ec7c xung quanh.<\/p>\n<p>9.\u00a0\u00a0M\u00e1y l\u00e0m m\u00e1t\u00a0<strong>S\u1eed d\u1ee5ng \u0111\u01a1n gi\u1ea3n<\/strong>: V\u1edbi c\u1ea5u t\u1ea1o \u0111\u01a1n gi\u1ea3n, c\u01a1 h\u1ecdc (V\u1ecf m\u00e1t, t\u1ea5m Cooling Pad, motor, c\u00e1nh qu\u1ea1t, b\u01a1m n\u01b0\u1edbc, \u0111i\u1ec1u khi\u1ec3n, phao n\u01b0\u1edbc, van x\u1ea3) b\u1ea5t c\u1ee9 ai c\u00f3 th\u1ec3 s\u1eed d\u1ee5ng m\u1ed9t c\u00e1ch \u0111\u01a1n gi\u1ea3n. Ch\u1ec9 c\u1ea7n m\u1ed9t ng\u01b0\u1eddi th\u1ee3 k\u1ef9 thu\u1eadt b\u00ecnh th\u01b0\u1eddng c\u0169ng c\u00f3 th\u1ec3 v\u1eadn h\u00e0nh &amp; x\u1eed l\u00fd s\u1ef1 c\u1ed1 nhanh g\u1ecdn, kh\u00f4ng l\u00e0m \u1ea3nh h\u01b0\u1edfng t\u1edbi vi\u1ec7c s\u1ea3n xu\u1ea5t kinh doanh<\/p>\n<p>&nbsp;<\/p>\n<h3><span style=\"color: #3366ff;\"><strong>TH\u00d4NG S\u1ed0 K\u1ef8 THU\u1eacT<\/strong><\/span><\/h3>\n<table border=\"1\" cellspacing=\"1\" cellpadding=\"1\">\n<tbody>\n<tr>\n<td width=\"579\"><b>DKA-04000B<\/b><\/td>\n<td width=\"501\">Th\u00f4ng s\u1ed1 k\u1ef9 thu\u1eadt<\/td>\n<\/tr>\n<tr>\n<td>L\u01b0u l\u01b0\u1ee3ng gi\u00f3 &#8211; Air flow<\/td>\n<td>4,000 M\u00b3\/H<\/td>\n<\/tr>\n<tr>\n<td>C\u00f4ng su\u1ea5t motor &#8211; Motor power<\/td>\n<td>100 W<\/td>\n<\/tr>\n<tr>\n<td>\u0110i\u1ec7n \u00e1p &#8211; Voltage<\/td>\n<td>220 V &#8211; 50 Hz<\/td>\n<\/tr>\n<tr>\n<td>D\u00f2ng \u0111i\u1ec7n &#8211; Electric current<\/td>\n<td>2.2 A<\/td>\n<\/tr>\n<tr>\n<td>\u0110i\u1ec1u khi\u1ec3n t\u1eeb xa &#8211; Remote controller<\/td>\n<td>C\u00f3<\/td>\n<\/tr>\n<tr>\n<td>H\u01b0\u1edbng gi\u00f3 th\u1ed5i &#8211; Swing<\/td>\n<td>4 chi\u1ec1u &#8211; t\u1ef1 \u0111\u1ed9ng qua tr\u00e1i &#8211; ph\u1ea3i,\u00a0\u0110i\u1ec1u ch\u1ec9nh l\u00ean &#8211; xu\u1ed1ng<br \/>\n4 ways &#8211; Auto left &#8211; right, up &#8211; down<\/td>\n<\/tr>\n<tr>\n<td>Ki\u1ec3u gi\u00f3 th\u1ed5i &#8211; Style of swing<\/td>\n<td>Ti\u00eau chu\u1ea9n<\/td>\n<\/tr>\n<tr>\n<td>T\u1ed1c \u0111\u1ed9 &#8211; Speeds<\/td>\n<td>3 t\u1ed1c \u0111\u1ed9:Th\u1ea5p &#8211; Trung B\u00ecnh &#8211; Cao<\/p>\n<p>3 speeds:\u00a0High, Medium, Low<\/td>\n<\/tr>\n<tr>\n<td>\u0110\u1ed9 \u1ed3n &#8211; Noise<\/td>\n<td>\u2264 56\u00a0dB<\/td>\n<\/tr>\n<tr>\n<td>L\u01b0\u1ee3ng n\u01b0\u1edbc ti\u00eau th\u1ee5 &#8211; Water consumption<\/td>\n<td>\u00a02.8\u00a0L\/H<\/td>\n<\/tr>\n<tr>\n<td>Th\u1ec3 t\u00edch b\u00ecnh ch\u1ee9a n\u01b0\u1edbc &#8211; Water tank capacity<\/td>\n<td>40\u00a0L<\/td>\n<\/tr>\n<tr>\n<td>K\u00edch th\u01b0\u1edbc m\u00e1y &#8211; Dimension<\/td>\n<td>528x363x1040 MM<\/td>\n<\/tr>\n<tr>\n<td>Di\u1ec7n t\u00edch l\u00e0m m\u00e1t &#8211; Aplication area<\/td>\n<td>25-30 M2<\/td>\n<\/tr>\n<tr>\n<td>Ch\u1ee9c n\u0103ng h\u1eb9n gi\u1edd<\/td>\n<td>24h<\/td>\n<\/tr>\n<tr>\n<td>Tr\u1ecdng l\u01b0\u1ee3ng m\u00e1y &#8211; Net weight<\/td>\n<td>12.2 Kg<\/td>\n<\/tr>\n<\/tbody>\n<\/table>\n<p>&nbsp;<\/p>\n<h2><span style=\"color: #3366ff;\"><strong><i>C\u00d4NG TY C\u1ed4 PH\u1ea6N TH\u01af\u01a0NG M\u1ea0I V\u00c0 X\u00c2Y D\u1ef0NG KIM LONG PH\u00c1T<\/i><\/strong><\/span><i><\/i><\/h2>\n<p><b><i>Showroom 1 :<\/i><\/b>\u00a0228 \u0110\u01b0\u1eddng III, KDC Khang \u0110i\u1ec1n, Ph\u01b0\u1eddng Ph\u01b0\u1edbc Long B, Qu\u1eadn 9, Th\u00e0nh ph\u1ed1 H\u1ed3 Ch\u00ed Minh<\/p>\n<p><b><i>Showroom 2:\u00a0<\/i><\/b>T\u00f2a S1.01 &#8211; 05.01. Shophouse S01 &#8211; Vinhomes Grand Park &#8211; 200 Nguy\u1ec5n Xi\u1ec3n, ph\u01b0\u1eddng Long Th\u1ea1nh M\u1ef9, Qu\u1eadn 9, Tp H\u1ed3 Ch\u00ed Minh<\/p>\n<p><b><i>Hotline t\u01b0\u00a0<\/i><\/b><b><i>v\u1ea5n:<\/i><\/b>\u00a0<b>028 2253 5834<\/b><\/p>\n<p><b><i>\u0110\u1eb7t h\u00e0ng tr\u1ef1c tuy\u1ebf<\/i><\/b><b><i>n:<\/i><\/b>\u00a0<b>0888 124 839<\/b><\/p>\n<p><b><i>Email:<\/i><\/b>\u00a0<span style=\"color: #3366ff;\"><strong><a style=\"color: #3366ff;\" href=\"mailto:cskh@klp.vn?subject=Ph%E1%BA%A3n%20H%E1%BB%93i%20%C4%90i%E1%BB%87n%20M%C3%A1y%20Kim%20Long%20Ph%C3%A1t&amp;body=%C4%90i%E1%BB%87n%20M%C3%A1y%20Kim%20Long%20Ph%C3%A1t%20K%C3%ADnh%20ch%C3%A0o%20qu%C3%BD%20kh%C3%A1ch!%0AMong%20nh%E1%BA%ADn%20%C4%91%C6%B0%E1%BB%A3c%20%C3%BD%20ki%E1%BA%BFn%20ph%E1%BA%A3n%20h%E1%BB%93i%20t%E1%BB%AB%20Anh%2FCh%E1%BB%8B\">cskh@klp.vn<\/a><\/strong><\/span><\/p>\n<p><b>Website:\u00a0<span style=\"color: #3366ff;\"><a style=\"color: #3366ff;\" href=\"https:\/\/dienmayklp.vn\/\" rel=\"nofollow noopener\" target=\"_blank\">klp.vn<\/a><\/span><\/b><\/p>\n","protected":false},"excerpt":{"rendered":"<p>M\u00c1Y L\u00c0M M\u00c1T CAO C\u1ea4P DAIKIOSAN DKA-4000B\u00a0PH\u00c2N PH\u1ed0I CH\u00cdNH H\u00c3NG T\u1ea0I \u0110I\u1ec6N M\u00c1Y\u00a0KIM LONG PH\u00c1T \u0110\u1eb6C T\u00cdNH N\u1ed4I TR\u1ed8I C\u1ee6A S\u1ea2N PH\u1ea8M: M\u00e1y l\u00e0m m\u00e1t Daikiosan DKA-04000B\u00a0chuy\u00ean d\u00f9ng\u00a0Nh\u00e0 m\u00e1y, x\u01b0\u1edfng s\u1ea3n xu\u1ea5t, nh\u00e0 h\u00e0ng, khu vui ch\u01a1i, ph\u00f2ng chi\u1ebfu phim, th\u00f4ng gi\u00f3 h\u00e0nh lang, t\u1ea7ng h\u1ea7m, qu\u00e1n \u0103n, qu\u00e1n cafe,\u00a0s\u1ea3nh ch\u1edd, showroom&#8230; 1.\u00a0\u00a0M\u00e1y l\u00e0m m\u00e1t\u00a0l\u00e0 [&#8230;]\n","protected":false},"featured_media":985,"comment_status":"open","ping_status":"closed","template":"","meta":{"_acf_changed":false},"product_brand":[73],"product_cat":[82],"product_tag":[],"class_list":{"0":"post-984","1":"product","2":"type-product","3":"status-publish","4":"has-post-thumbnail","6":"product_brand-daikio","7":"product_cat-may-lam-mat","9":"first","10":"instock","11":"sale","12":"taxable","13":"shipping-taxable","14":"purchasable","15":"product-type-simple"},"acf":[],"_links":{"self":[{"href":"https:\/\/songxanhwater.com\/index.php?rest_route=\/wp\/v2\/product\/984","targetHints":{"allow":["GET"]}}],"collection":[{"href":"https:\/\/songxanhwater.com\/index.php?rest_route=\/wp\/v2\/product"}],"about":[{"href":"https:\/\/songxanhwater.com\/index.php?rest_route=\/wp\/v2\/types\/product"}],"replies":[{"embeddable":true,"href":"https:\/\/songxanhwater.com\/index.php?rest_route=%2Fwp%2Fv2%2Fcomments&post=984"}],"wp:featuredmedia":[{"embeddable":true,"href":"https:\/\/songxanhwater.com\/index.php?rest_route=\/wp\/v2\/media\/985"}],"wp:attachment":[{"href":"https:\/\/songxanhwater.com\/index.php?rest_route=%2Fwp%2Fv2%2Fmedia&parent=984"}],"wp:term":[{"taxonomy":"product_brand","embeddable":true,"href":"https:\/\/songxanhwater.com\/index.php?rest_route=%2Fwp%2Fv2%2Fproduct_brand&post=984"},{"taxonomy":"product_cat","embeddable":true,"href":"https:\/\/songxanhwater.com\/index.php?rest_route=%2Fwp%2Fv2%2Fproduct_cat&post=984"},{"taxonomy":"product_tag","embeddable":true,"href":"https:\/\/songxanhwater.com\/index.php?rest_route=%2Fwp%2Fv2%2Fproduct_tag&post=984"}],"curies":[{"name":"wp","href":"https:\/\/api.w.org\/{rel}","templated":true}]}}