{"id":979,"date":"2025-03-28T19:17:38","date_gmt":"2025-03-28T19:17:38","guid":{"rendered":"https:\/\/dienmayklp.vn\/?post_type=product&#038;p=979"},"modified":"2025-05-22T23:03:12","modified_gmt":"2025-05-22T23:03:12","slug":"may-lam-mat-khong-khi-daikiosan-dka-04000c","status":"publish","type":"product","link":"https:\/\/songxanhwater.com\/?product=may-lam-mat-khong-khi-daikiosan-dka-04000c","title":{"rendered":"M\u00e1y L\u00e0m M\u00e1t Kh\u00f4ng Kh\u00ed Daikiosan DKA-04000C"},"content":{"rendered":"<h2><span style=\"color: #3366ff;\"><a style=\"color: #3366ff;\" href=\"https:\/\/dienmayklp.vn\/may-lam-mat-khong-khi\" rel=\"nofollow noopener\" target=\"_blank\">M\u00e1y l\u00e0m m\u00e1t<\/a>\u00a0kh\u00f4ng kh\u00ed cao c\u1ea5p\u00a0<a style=\"color: #3366ff;\" href=\"https:\/\/dienmayklp.vn\/may-lam-mat-daikio\" rel=\"nofollow noopener\" target=\"_blank\">Daikiosan<\/a>\u00a0DKA-04000C t\u1ea1i \u0110i\u1ec7n M\u00e1y\u00a0<a style=\"color: #3366ff;\" href=\"https:\/\/dienmayklp.vn\/\" rel=\"nofollow noopener\" target=\"_blank\">Kim Long Ph\u00e1t.<\/a><\/span><\/h2>\n<p>&nbsp;<\/p>\n<table border=\"1\" cellspacing=\"0\" cellpadding=\"0\" align=\"center\">\n<tbody>\n<tr>\n<td><strong>Model<\/strong><\/td>\n<td><strong>DKA-04000C<\/strong><\/td>\n<\/tr>\n<tr>\n<td>L\u01b0u l\u01b0\u1ee3ng gi\u00f3 (M\u00b3\/H)<\/td>\n<td>4.000 M\u00b3\/H<\/td>\n<\/tr>\n<tr>\n<td>C\u00f4ng su\u1ea5t (W)<\/td>\n<td>110 W<\/td>\n<\/tr>\n<tr>\n<td>\u0110i\u1ec7n \u00e1p (V\/Hz)<\/td>\n<td>220 V &#8211; 50 Hz<\/td>\n<\/tr>\n<tr>\n<td>\u0110i\u1ec1u khi\u1ec3n t\u1eeb xa<\/td>\n<td>Kh\u00f4ng<\/td>\n<\/tr>\n<tr>\n<td>H\u01b0\u1edbng gi\u00f3 th\u1ed5i<\/td>\n<td>4 chi\u1ec1u<\/p>\n<p>T\u1ef1 \u0111\u1ed9ng tr\u00e1i &#8211; ph\u1ea3i<\/p>\n<p>\u0110i\u1ec1u ch\u1ec9nh l\u00ean &#8211; xu\u1ed1ng<\/td>\n<\/tr>\n<tr>\n<td>Ki\u1ec3u gi\u00f3 th\u1ed5i<\/td>\n<td>Ti\u00eau chu\u1ea9n<\/td>\n<\/tr>\n<tr>\n<td>T\u1ed1c \u0111\u1ed9<\/td>\n<td>3 t\u1ed1c \u0111\u1ed9:<\/p>\n<p>Th\u1ea5p &#8211; Trung B\u00ecnh &#8211; Cao<\/td>\n<\/tr>\n<tr>\n<td>\u0110\u1ed9 \u1ed3n (dB)<\/td>\n<td>\u2264 53 dB<\/td>\n<\/tr>\n<tr>\n<td>L\u01b0\u1ee3ng n\u01b0\u1edbc ti\u00eau th\u1ee5 (L\/H)<\/td>\n<td>2 &#8211; 3 L\/H<\/td>\n<\/tr>\n<tr>\n<td>Th\u1ec3 t\u00edch b\u00ecnh ch\u1ee9a n\u01b0\u1edbc (L)<\/td>\n<td>33 L<\/td>\n<\/tr>\n<tr>\n<td>K\u00edch th\u01b0\u1edbc m\u00e1y (MM)<\/td>\n<td>500x360x995 MM<\/td>\n<\/tr>\n<tr>\n<td>Di\u1ec7n t\u00edch l\u00e0m m\u00e1t (M\u00b2)<\/td>\n<td>30 &#8211; 35 M\u00b2<\/td>\n<\/tr>\n<tr>\n<td>Ch\u1ee9c n\u0103ng h\u1eb9n gi\u1edd (H)<\/td>\n<td>Kh\u00f4ng<\/td>\n<\/tr>\n<tr>\n<td>Ch\u1ee9c n\u0103ng Ion<\/td>\n<td>Kh\u00f4ng<\/td>\n<\/tr>\n<tr>\n<td>Tr\u1ecdng l\u01b0\u1ee3ng m\u00e1y (Kg)<\/td>\n<td>11,8 Kg<\/td>\n<\/tr>\n<\/tbody>\n<\/table>\n<h3><\/h3>\n<h2><span style=\"color: #3366ff;\"><a style=\"color: #3366ff;\" href=\"https:\/\/dienmayklp.vn\/may-lam-mat-daikio\" rel=\"nofollow noopener\" target=\"_blank\">M\u00e1y l\u00e0m m\u00e1t Daikiosan<\/a>\u00a0DKA-04000C\u00a0c\u00f3 g\u00ec n\u1ed5i b\u1eadt ?<\/span><\/h2>\n<p>&#8211; M\u00f4 t\u01a1 100% l\u00f5i \u0111\u1ed3ng t\u0103ng \u0111\u1ed9 b\u1ec1n 1,5 l\u1ea7n.<\/p>\n<p>&#8211; V\u1ecf nh\u1ef1a \u0111\u01b0\u1ee3c l\u00e0m t\u1eeb nh\u1ef1a ABS\/ PP nguy\u00ean sinh, t\u0103ng \u0111\u1ed9 b\u1ec1n v\u00e0 an to\u00e0n.<\/p>\n<p>&#8211; T\u1ea5m l\u00e0m m\u00e1t \u0111\u01b0\u1ee3c l\u00e0m t\u1eeb g\u1ed7 s\u1ed3i nguy\u00ean ch\u1ea5t kh\u00f4ng g\u00e2y m\u00f9i, kh\u00f4ng g\u00e2y \u0111\u1ed9c h\u1ea1i.<\/p>\n<p>&#8211; Kh\u1ea3 n\u0103ng l\u00e0m m\u00e1t s\u00e2u \u0111\u1ebfn 26 \u0111\u1ed9 C.<\/p>\n<p>&#8211; Bo m\u1ea1ch ph\u1ee7 m\u1ed9t l\u1edbp ch\u1ed1ng \u1ea9m b\u1ea3o v\u1ec7.<\/p>\n<p>&#8211; \u0110\u1ed9 \u1ed3n th\u1ea5p h\u01a1n so v\u1edbi nhi\u1ec1u d\u00f2ng m\u00e1y l\u00e0m m\u00e1t tr\u00ean th\u1ecb tr\u01b0\u1eddng.<\/p>\n<p>&#8211; C\u00e1c d\u00f2ng c\u00f4ng su\u1ea5t t\u1eeb 2500 m3h c\u00f3 relay ng\u1eaft b\u01a1m khi h\u1ebft n\u01b0\u1edbc.<\/p>\n<p>&#8211; M\u1eabu m\u00e3 \u0111a d\u1ea1ng v\u1edbi h\u01a1n 20 m\u1eabu t\u1eeb lo\u1ea1i nh\u1ecf \u0111\u1ebfn c\u00f4ng su\u1ea5t l\u1edbn \u0111\u00e1p \u1ee9ng \u0111\u1ea7y \u0111\u1ee7 nhu c\u1ea7u kh\u00e1ch h\u00e0ng t\u1eeb ph\u00f2ng ng\u1ee7 \u0111\u1ebfn qu\u00e1n \u0103n nh\u00e0 x\u01b0\u1edfng&#8230;.<\/p>\n<p>&#8211; S\u1ea3n ph\u1ea9m Daikio\/ Daikiosan \u0111\u01b0\u1ee3c b\u1ea3o hi\u1ec3m r\u1ee7i ro l\u00ean \u0111\u1ebfn 1 t\u1ef7 \u0111\u1ed3ng\/ v\u1ee5<\/p>\n<p>&#8211; Ch\u1ebf \u0111\u1ed9 b\u1ea3o h\u00e0nh : 1 n\u0103m cho to\u00e0n b\u1ed9 s\u1ea3n ph\u1ea9m v\u00e0 b\u1ea3o h\u00e0nh t\u1eadn nh\u00e0 kh\u00e1ch h\u00e0ng.<\/p>\n<p>&nbsp;<\/p>\n<p><span style=\"color: #3366ff;\"><em><strong>Nh\u1eefng l\u01b0u \u00fd khi mua m\u00e1y l\u00e0m m\u00e1t &#8211; qu\u1ea1t \u0111i\u1ec1u ho\u00e0<\/strong><\/em><\/span><\/p>\n<p>&#8211; M\u00e1y l\u00e0m m\u00e1t s\u1eed d\u1ee5ng cho kh\u00f4ng gian m\u1edf v\u00ec v\u1eady \u0111\u1ed9 l\u1ea1nh s\u1ebd kh\u00f4ng gi\u1ed1ng nh\u01b0 m\u00e1y l\u1ea1nh. Khi kh\u00e1ch h\u00e0ng v\u00e0o c\u00e1c si\u00eau th\u1ecb \u0111i\u1ec7n m\u00e1y l\u1edbn xem th\u00ec c\u1ea3m gi\u00e1c r\u1ea5t l\u1ea1nh, tuy nhi\u00ean c\u00e1i l\u1ea1nh n\u00e0y l\u00e0 l\u1ea1nh do m\u00e1y l\u1ea1nh kh\u00f4ng ph\u1ea3i do m\u00e1y l\u00e0m m\u00e1t.<\/p>\n<p>&#8211; Nhi\u1ec7t \u0111\u1ed9 c\u1ee7a m\u00e1y l\u00e0m m\u00e1t kh\u00f4ng th\u1ec3 \u0111i\u1ec1u khi\u1ec3n \u0111\u01b0\u1ee3c , ch\u1ec9 c\u00f3 th\u1ec3 \u0111i\u1ec1u khi\u1ec3n t\u1ed1c \u0111\u1ed9 qu\u1ea1t.<\/p>\n<p>&#8211; M\u00e1y l\u00e0m m\u00e1t thi\u1ebft k\u1ebf cho kh\u00f4ng gian m\u1edf v\u00ec v\u1eady kh\u00f4ng n\u00ean s\u1eed d\u1ee5ng khi \u0111\u00f3ng k\u00edn c\u1eeda v\u00ec s\u1ebd g\u00e2y t\u0103ng \u1ea9m v\u00e0 c\u1ea3m gi\u00e1c kh\u00f3 ch\u1ecbu khi s\u1eed d\u1ee5ng.<\/p>\n<p>&#8211; Khi kh\u00f4ng s\u1eed d\u1ee5ng n\u01b0\u1edbc m\u00e1y l\u00e0m m\u00e1t \u0111\u01b0\u1ee3c s\u1eed d\u1ee5ng nh\u01b0 m\u1ed9t chi\u1ebfc qu\u1ea1t b\u00ecnh th\u01b0\u1eddng tuy nhi\u00ean l\u00e0 h\u01a1n qu\u1ea1t th\u01b0\u1eddng l\u00e0 ngo\u00e0i qu\u1ea1t c\u00f2n l\u1ecdc \u0111\u01b0\u1ee3c b\u1ee5i th\u00f4ng qua t\u1ea5m l\u00e0m m\u00e1t v\u00e0 l\u01b0\u1edbi l\u1ecdc b\u1ee5i.<\/p>\n<p>&#8211; Khi h\u1ebft m\u00f9a n\u00f3ng kh\u00f4ng d\u00f9ng n\u01b0\u1edbc n\u1eefa th\u00ec n\u00ean x\u1ea3 b\u1ecf n\u01b0\u1edbc c\u1eb7n d\u01b0\u1edbi \u0111\u00e1y th\u00f9ng v\u00e0 v\u1ec7 sinh s\u1ea1ch s\u1ebd.<\/p>\n<p>Th\u00f4ng tin li\u00ean h\u1ec7<\/p>\n<h2 data-toc-anchor=\"C\u00d4NG_TY_C\u1ed4_PH\u1ea6N_TH\u01af\u01a0NG_M\u1ea0I_V\u00c0_X\u00c2Y_D\u1ef0NG_KIM_LONG_PH\u00c1T\"><span style=\"color: #3366ff;\"><strong>C\u00d4NG TY C\u1ed4 PH\u1ea6N TH\u01af\u01a0NG M\u1ea0I V\u00c0 X\u00c2Y D\u1ef0NG KIM LONG PH\u00c1T<\/strong><\/span><\/h2>\n<p><span style=\"color: #000000;\"><span style=\"font-family: Arial, Helvetica, sans-serif;\">\u0110\u01a1n v\u1ecb cho thu\u00ea m\u00e1y l\u00e0m m\u00e1t, qu\u1ea1t h\u01a1i n\u01b0\u1edbc h\u00e0ng \u0111\u1ea7u Vi\u1ec7t Nam<\/span><\/span><\/p>\n<p>\u2022 \u0110\u1ecba ch\u1ec9: 228 \u0110\u01b0\u1eddng III, KDC Khang \u0110i\u1ec1n, Ph\u01b0\u1edbc Long B, Qu\u1eadn 9, TP.H\u1ed3 Ch\u00ed Minh<\/p>\n<p>\u2022 Li\u00ean h\u1ec7:\u00a0<span style=\"color: #ff0000;\"><strong>0975 679 179<\/strong><\/span><\/p>\n<p>\u2022 Hotline:\u00a0<span style=\"color: #ff0000;\"><strong>1900 571 230<\/strong><\/span><\/p>\n<p>\u2022 Email: cskh@klp.vn<\/p>\n<p>\u2022 Website:\u00a0<span style=\"color: #3366ff;\"><a style=\"color: #3366ff;\" href=\"https:\/\/dienmayklp.vn\/\" rel=\"nofollow noopener\" target=\"_blank\">klp.vn<\/a><\/span><\/p>\n","protected":false},"excerpt":{"rendered":"<p>M\u00e1y l\u00e0m m\u00e1t\u00a0kh\u00f4ng kh\u00ed cao c\u1ea5p\u00a0Daikiosan\u00a0DKA-04000C t\u1ea1i \u0110i\u1ec7n M\u00e1y\u00a0Kim Long Ph\u00e1t. &nbsp; Model DKA-04000C L\u01b0u l\u01b0\u1ee3ng gi\u00f3 (M\u00b3\/H) 4.000 M\u00b3\/H C\u00f4ng su\u1ea5t (W) 110 W \u0110i\u1ec7n \u00e1p (V\/Hz) 220 V &#8211; 50 Hz \u0110i\u1ec1u khi\u1ec3n t\u1eeb xa Kh\u00f4ng H\u01b0\u1edbng gi\u00f3 th\u1ed5i 4 chi\u1ec1u T\u1ef1 \u0111\u1ed9ng tr\u00e1i &#8211; ph\u1ea3i \u0110i\u1ec1u ch\u1ec9nh l\u00ean &#8211; xu\u1ed1ng Ki\u1ec3u gi\u00f3 [&#8230;]\n","protected":false},"featured_media":980,"comment_status":"open","ping_status":"closed","template":"","meta":{"_acf_changed":false},"product_brand":[73],"product_cat":[82],"product_tag":[],"class_list":{"0":"post-979","1":"product","2":"type-product","3":"status-publish","4":"has-post-thumbnail","6":"product_brand-daikio","7":"product_cat-may-lam-mat","9":"first","10":"instock","11":"sale","12":"taxable","13":"shipping-taxable","14":"purchasable","15":"product-type-simple"},"acf":[],"_links":{"self":[{"href":"https:\/\/songxanhwater.com\/index.php?rest_route=\/wp\/v2\/product\/979","targetHints":{"allow":["GET"]}}],"collection":[{"href":"https:\/\/songxanhwater.com\/index.php?rest_route=\/wp\/v2\/product"}],"about":[{"href":"https:\/\/songxanhwater.com\/index.php?rest_route=\/wp\/v2\/types\/product"}],"replies":[{"embeddable":true,"href":"https:\/\/songxanhwater.com\/index.php?rest_route=%2Fwp%2Fv2%2Fcomments&post=979"}],"wp:featuredmedia":[{"embeddable":true,"href":"https:\/\/songxanhwater.com\/index.php?rest_route=\/wp\/v2\/media\/980"}],"wp:attachment":[{"href":"https:\/\/songxanhwater.com\/index.php?rest_route=%2Fwp%2Fv2%2Fmedia&parent=979"}],"wp:term":[{"taxonomy":"product_brand","embeddable":true,"href":"https:\/\/songxanhwater.com\/index.php?rest_route=%2Fwp%2Fv2%2Fproduct_brand&post=979"},{"taxonomy":"product_cat","embeddable":true,"href":"https:\/\/songxanhwater.com\/index.php?rest_route=%2Fwp%2Fv2%2Fproduct_cat&post=979"},{"taxonomy":"product_tag","embeddable":true,"href":"https:\/\/songxanhwater.com\/index.php?rest_route=%2Fwp%2Fv2%2Fproduct_tag&post=979"}],"curies":[{"name":"wp","href":"https:\/\/api.w.org\/{rel}","templated":true}]}}