{"id":974,"date":"2025-03-28T19:14:18","date_gmt":"2025-03-28T19:14:18","guid":{"rendered":"https:\/\/dienmayklp.vn\/?post_type=product&#038;p=974"},"modified":"2025-03-29T18:36:52","modified_gmt":"2025-03-29T18:36:52","slug":"may-lam-mat-khong-khi-daikiosan-dka-04000d","status":"publish","type":"product","link":"https:\/\/songxanhwater.com\/?product=may-lam-mat-khong-khi-daikiosan-dka-04000d","title":{"rendered":"M\u00e1y L\u00e0m M\u00e1t Kh\u00f4ng Kh\u00ed Daikiosan DKA-04000D"},"content":{"rendered":"<p>V\u00e0o nh\u1eefng ng\u00e0y n\u1eafng n\u00f3ng, t\u1eeb ng\u00f4i tr\u01b0\u1eddng b\u00ean ngo\u00e0i b\u01b0\u1edbc v\u00e0o kh\u00f4ng gian c\u00f3 nhi\u1ec7t \u0111\u1ed9 qu\u00e1 ch\u00eanh l\u1ec7ch s\u1ebd d\u1eabn \u0111\u1ebfn t\u00ecnh tr\u1ea1ng s\u1ed1c nhi\u1ec7t, cho\u00e1ng v\u00e1ng, nh\u1ea5t l\u00e0 \u0111\u1ed1i v\u1edbi nh\u1eefng gia \u0111\u00ecnh s\u1eed d\u1ee5ng \u0111i\u1ec1u h\u00f2a. Nh\u01b0ng \u0111\u1ed1i v\u1edbi m\u00e1y l\u00e0m m\u00e1t kh\u00f4ng kh\u00ed Daikiosan DKA-04000D, gi\u1ea3m nhi\u1ec7t t\u1eeb 3 \u2013 4 \u0111\u1ed9 C theo nhi\u1ec7t \u0111\u1ed9 m\u00f4i tr\u01b0\u1eddng, cho l\u00e0n gi\u00f3 m\u00e1t nh\u01b0 t\u1ef1 nhi\u00ean th\u00ec ng\u01b0\u1eddi s\u1eed d\u1ee5ng ho\u00e0n to\u00e0n c\u00f3 th\u1ec3 y\u00ean t\u00e2m. Ngo\u00e0i ra, m\u00e1y l\u00e0m m\u00e1t kh\u00f4ng kh\u00ed Daikiosan DKA-04000D c\u00f2n c\u00f3 nhi\u1ec1u t\u00ednh n\u0103ng tuy\u1ec7t v\u1eddi kh\u00e1c, h\u00e3y c\u00f9ng \u0110i\u1ec7n m\u00e1y Kim Long Ph\u00e1t t\u00ecm hi\u1ec3u nh\u00e9!<\/p>\n<p>&nbsp;<\/p>\n<h2><span style=\"color: #3366ff;\">I. T\u1ed5ng quan v\u1ec1 m\u00e1y l\u00e0m m\u00e1t kh\u00f4ng kh\u00ed Daikiosan DKA-04000D<\/span><\/h2>\n<p>Trong th\u1eddi gian qua, th\u1eddi ti\u1ebft lu\u00f4n thay \u0111\u1ed5i th\u1ea5t th\u01b0\u1eddng, th\u1eddi ti\u1ebft n\u00f3ng \u0111\u1ec9nh \u0111i\u1ec3m x\u1ea3y ra nhi\u1ec1u n\u01a1i tr\u00ean c\u1ea3 n\u01b0\u1edbc, n\u0103m sau l\u1ea1i cao h\u01a1n n\u0103m tr\u01b0\u1edbc, v\u1edbi n\u1ec1n nhi\u1ec7t t\u1eeb 36 \u2013 38 \u0111\u1ed9, th\u1eadm ch\u00ed c\u00f3 nh\u1eefng khu v\u1ef1c l\u00ean t\u1edbi 40 \u0111\u1ed9 C. V\u1edbi th\u1eddi ti\u1ebft n\u1eafng n\u00f3ng nh\u01b0 th\u1ebf ch\u1eafc ch\u1eafn \u1ea3nh h\u01b0\u1edfng kh\u00f4ng nh\u1ecf \u0111\u1ebfn n\u0103ng su\u1ea5t lao \u0111\u1ed9ng v\u00e0 s\u1ee9c kh\u1ecfe con ng\u01b0\u1eddi.<\/p>\n<p>Ngo\u00e0i nh\u1eefng bi\u1ec7n ph\u00e1p nh\u01b0 \u0103n m\u1eb7c \u0111\u1ed3 tho\u00e1ng m\u00e1t, s\u00e1ng m\u00e0u, gi\u1eef v\u1ec7 sinh s\u1ea1ch s\u1ebd, u\u1ed1ng nhi\u1ec1u n\u01b0\u1edbc, tr\u00e1nh ra ngo\u00e0i khi tr\u1eddi n\u1eafng g\u1eaft&#8230; th\u00ec m\u1ed9t bi\u1ec7n ph\u00e1p nhanh ch\u00f3ng v\u00e0 hi\u1ec7u qu\u1ea3 kh\u00e1c l\u00e0 s\u1eed d\u1ee5ng m\u00e1y l\u00e0m m\u00e1t.<\/p>\n<p>M\u00e1y l\u00e0m kh\u00f4ng kh\u00ed Daikiosan DKA-04000D c\u1ee7a \u0110\u1ea1i Vi\u1ec7t l\u00e0 thi\u1ebft b\u1ecb l\u00e0m m\u00e1t hi\u1ec7u qu\u1ea3, nhanh ch\u00f3ng, t\u1ee9c th\u1eddi, gi\u1ea3m nhi\u1ec7t t\u1eeb 3 \u2013 4 \u0111\u1ed9 C theo nhi\u1ec7t \u0111\u1ed9 m\u00f4i tr\u01b0\u1eddng, cho l\u00e0n gi\u00f3 m\u00e1t nh\u01b0 t\u1ef1 nhi\u00ean, ng\u01b0\u1eddi s\u1eed d\u1ee5ng ho\u00e0n to\u00e0n c\u00f3 th\u1ec3 y\u00ean t\u00e2m, tr\u00e1nh t\u00ecnh tr\u1ea1ng s\u1ed1c nhi\u1ec7t.<\/p>\n<p>M\u00e1y c\u00f3 thi\u1ebft k\u1ebf tinh t\u1ebf, m\u00e0u s\u1eafc v\u00f4 c\u00f9ng sang tr\u1ecdng, ph\u00f9 h\u1ee3p v\u1edbi m\u1ecdi kh\u00f4ng gian m\u1edf c\u00f3 di\u1ec7n t\u00edch t\u1eeb 25 \u2013 30 m2. Daikiosan DKA-04000D c\u00f3 3 c\u1ea5p \u0111\u1ed9 gi\u00f3 v\u00e0 ch\u1ee9c n\u0103ng \u0111\u1ea3o gi\u00f3 4 chi\u1ec1u l\u00e0m cho kh\u00f4ng gian \u0111\u01b0\u1ee3c l\u00e0m m\u00e1t nhanh ch\u00f3ng, c\u00f9ng v\u1edbi khay b\u1ecf \u0111\u00e1 kh\u00f4 gi\u00fap nhi\u1ec7t \u0111\u1ed9 gi\u1ea3m s\u00e2u h\u01a1n khi c\u1ea7n.<\/p>\n<p>Ngo\u00e0i thi\u1ebft k\u1ebf \u0111\u1eb9p m\u1eaft v\u00e0 c\u00e1c t\u00ednh n\u0103ng n\u1ed5i tr\u1ed9i, m\u00e1y l\u00e0m m\u00e1t Daikiosan DKA-04000D s\u1eed d\u1ee5ng motor l\u00f5i \u0111\u1ed3ng, v\u1ecf motor \u0111\u01b0\u1ee3c ph\u1ee7 l\u1edbp s\u01a1n t\u0129nh \u0111i\u1ec7n gi\u00fap m\u00e1y b\u1ec1n b\u1ec9 h\u01a1n. \u0110\u1ec3 c\u00f3 c\u00e1i nh\u00ecn chi ti\u1ebft h\u01a1n v\u1ec1 m\u00e1y l\u00e0m m\u00e1t Daikiosan DKA-04000D, ch\u00fang ta s\u1ebd t\u00ecm hi\u1ec3u s\u00e2u h\u01a1n v\u00e0o m\u1ee5c II. N\u1ebfu c\u00f3 th\u1eafc m\u1eafc li\u00ean quan, h\u00e3y li\u00ean h\u1ec7 ch\u00fang t\u00f4i, \u0110i\u1ec7n M\u00e1y Kim Long Ph\u00e1t, qua s\u1ed1 \u0111i\u1ec7n tho\u1ea1i:<strong>\u00a0<span style=\"color: #ff0000;\">1900 571 230<\/span><\/strong>\u00a0ho\u1eb7c Chat qua\u00a0<span style=\"color: #3366ff;\"><a style=\"color: #3366ff;\" href=\"https:\/\/dienmayklp.vn\/\" target=\"_blank\" rel=\"noopener nofollow\">KLP.VN\u00a0<\/a><\/span><\/p>\n<p>&nbsp;<\/p>\n<h2><span style=\"color: #3366ff;\">II. M\u00e1y l\u00e0m m\u00e1t Daikiosan DKA-04000D c\u00f3 g\u00ec \u0111\u1eb7c bi\u1ec7t?<\/span><\/h2>\n<h3><span style=\"color: #3366ff;\">1. M\u00e1y l\u00e0m m\u00e1t \u0111\u1ebfn t\u1eeb th\u01b0\u01a1ng hi\u1ec7u n\u1ed5i ti\u1ebfng, uy t\u00edn nh\u1ea5t<\/span><\/h3>\n<p>Ch\u1eafc h\u1eb3n trong ch\u00fang ta, \u00edt nhi\u1ec1u c\u0169ng \u0111\u00e3 nghe v\u1ec1 \u0110\u1ea1i Vi\u1ec7t, m\u1ed9t th\u01b0\u01a1ng hi\u1ec7u Vi\u1ec7t Nam. C\u00e1c s\u1ea3n ph\u1ea9m c\u1ee7a \u0110\u1ea1i Vi\u1ec7t lu\u00f4n h\u01b0\u1edbng t\u1edbi ph\u1ee5c v\u1ee5 cu\u1ed9c s\u1ed1ng con ng\u01b0\u1eddi tr\u1edf n\u00ean t\u1ed1t \u0111\u1eb9p h\u01a1n nh\u01b0 m\u00e1y l\u1ecdc n\u01b0\u1edbc, thi\u1ebft b\u1ecb b\u1ebfp, c\u00e2y n\u01b0\u1edbc n\u00f3ng l\u1ea1nh, m\u00e1y l\u00e0m m\u00e1t&#8230;<\/p>\n<p>M\u00e1y l\u00e0m m\u00e1t t\u1eeb l\u00e2u \u0111\u00e3 l\u00e0 ni\u1ec1m t\u1ef1 h\u00e0o c\u1ee7a \u0110\u1ea1i Vi\u1ec7t b\u1edfi l\u1ee3i \u00edch thi\u1ebft th\u1ef1c m\u00e0 n\u00f3 mang l\u1ea1i cho ng\u01b0\u1eddi d\u00f9ng. \u0110\u00e2y l\u00e0 s\u1ea3n ph\u1ea9m ch\u1ee7 l\u1ef1c, \u0111\u01b0\u1ee3c \u0110\u1ea1i Vi\u1ec7t \u0111\u1ea7u t\u01b0 v\u00e0 ph\u00e1t tri\u1ec3n nhi\u1ec1u n\u0103m li\u1ec1n.V\u1edbi b\u1ec1 d\u00e0y kinh nghi\u1ec7m, chuy\u00ean s\u00e2u trong l\u0129nh v\u1ef1c m\u00e1y l\u00e0m m\u00e1t, \u0110\u1ea1i Vi\u1ec7t cam k\u1ebft mang l\u1ea1i nh\u1eefng s\u1ea3n ph\u1ea9m \u201cch\u1ea5t l\u01b0\u1ee3ng th\u1eadt, gi\u00e1 tr\u1ecb th\u1eadt\u201d.<\/p>\n<p>&nbsp;<\/p>\n<h3><span style=\"color: #3366ff;\">2. L\u00e0m m\u00e1t nhanh ch\u00f3ng, xua tan c\u01a1n n\u00f3ng<\/span><\/h3>\n<p>M\u00e1y l\u00e0m m\u00e1t cao c\u1ea5p Daikiosan DKA-04000D s\u1eed d\u1ee5ng c\u00f4ng ngh\u1ec7 l\u00e0m m\u00e1t t\u1ef1 nhi\u00ean \u0111\u1ec3 l\u00e0m m\u00e1t kh\u00f4ng kh\u00ed, v\u1edbi nguy\u00ean l\u00fd l\u00e0m m\u00e1t b\u1eb1ng h\u01a1i n\u01b0\u1edbc si\u00eau nh\u1ecf, an to\u00e0n tuy\u1ec7t \u0111\u1ed1i v\u1edbi ng\u01b0\u1eddi d\u00f9ng, \u0111\u1eb7c bi\u1ec7t th\u00edch h\u1ee3p v\u1edbi nh\u1eefng ng\u01b0\u1eddi hay b\u1ecb kh\u00f4 da.<\/p>\n<p>&nbsp;<\/p>\n<p>Theo nguy\u00ean t\u1eafc, n\u01b0\u1edbc \u1edf b\u00ecnh ch\u1ee9a s\u1ebd \u0111\u01b0\u1ee3c b\u01a1m tu\u1ea7n ho\u00e0n l\u00ean cao, t\u1ea1i \u0111\u00e2y qu\u00e1 tr\u00ecnh bay h\u01a1i n\u01b0\u1edbc di\u1ec5n ra. N\u01b0\u1edbc s\u1ebd ch\u1ea3y t\u1eeb tr\u00ean xu\u1ed1ng theo \u0111\u01b0\u1eddng ch\u1eef Z \u0111\u1ec3 t\u1ea1o ra s\u1ef1 l\u1ec7ch pha c\u1ee7a n\u01b0\u1edbc l\u00e0m nh\u1eadn nhi\u1ec7t l\u01b0\u1ee3ng t\u1eeb kh\u00f4ng kh\u00ed bay v\u00e0o l\u00e0m qu\u00e1 tr\u00ecnh bay h\u01a1i n\u01b0\u1edbc nhanh h\u01a1n. M\u00e1y c\u00f3 th\u1ec3 gi\u1ea3m nhi\u1ec7t \u0111\u1ed9 xung quanh xu\u1ed1ng t\u1eeb 3- 4 \u0111\u1ed9 C so v\u1edbi nhi\u1ec7t \u0111\u1ed9 m\u00f4i tr\u01b0\u1eddng v\u00e0 cung c\u1ea5p m\u1ed9t m\u00f4i tr\u01b0\u1eddng l\u00fd t\u01b0\u1edfng cho c\u00e1c ho\u1ea1t \u0111\u1ed9ng di\u1ec5n ra trong gia \u0111\u00ecnh.<\/p>\n<p>M\u00e1y l\u00e0m m\u00e1t cao c\u1ea5p Daikiosan DKA-04000D kh\u00f4ng t\u1ed1n nhi\u1ec1u di\u1ec7n t\u00edch nh\u01b0ng mang l\u1ea1i m\u1ed9t hi\u1ec7u qu\u1ea3 l\u00e0m m\u00e1t tuy\u1ec7t v\u1eddi cho kh\u00f4ng gian m\u1edf t\u1eeb 25 \u2013 30 m2.<\/p>\n<p>&nbsp;<\/p>\n<h3><span style=\"color: #3366ff;\">3. C\u00e2n b\u1eb1ng \u0111\u1ed9 \u1ea9m v\u1ec1 m\u1ee9c l\u00fd t\u01b0\u1edfng<\/span><\/h3>\n<h3>\u0110\u1ed9 \u1ea9m trong kh\u00f4ng kh\u00ed lu\u00f4n c\u00f3 \u1ea3nh h\u01b0\u1edfng quan tr\u1ecdng \u0111\u1ebfn l\u00e0n da c\u1ee7a con ng\u01b0\u1eddi, \u0111\u1eb7c bi\u1ec7t l\u00e0 nh\u1eefng ai c\u00f3 da m\u1ecfng, nh\u1ea1y c\u1ea3m. \u0110\u1ed9 \u1ea9m trong kh\u00f4ng kh\u00ed s\u1ebd gi\u00fap l\u00e0n da gi\u1eef \u0111\u01b0\u1ee3c n\u01b0\u1edbc v\u00e0 \u00edt b\u1ecb t\u1ed5n th\u01b0\u01a1ng h\u01a1n. N\u1ebfu b\u1ea1n kh\u00f4ng \u1edf nh\u1eefng n\u01a1i c\u00f3 nhi\u1ec1u \u0111\u1ed9 \u1ea9m, h\u00e3y \u0111\u1ec3 Daikiosan DKA-04000D c\u00e2n b\u1eb1ng \u0111\u1ed9 \u1ea9m cho l\u00e0n da b\u1ea1n, \u0111\u1eb7c bi\u1ec7t l\u00e0 da m\u1eb7t.<\/h3>\n<p>M\u00e1y l\u00e0m m\u00e1t Daikiosan DKA-04000D c\u00f3 ch\u1ee9c n\u0103ng t\u1ea1o \u0111\u1ed9 \u1ea9m (Humidifier) gi\u00fap c\u00e2n b\u1eb1ng \u0111\u1ed9 \u1ea9m trong c\u0103n ph\u00f2ng \u1edf m\u1ee9c 60 \u2013 65%, gi\u00fap da kh\u00f4ng b\u1ecb kh\u00f4 r\u00e1p, an to\u00e0n tuy\u1ec7t \u0111\u1ed1i v\u1edbi s\u1ee9c kh\u1ecfe. Tuy nhi\u00ean, kh\u00f4ng n\u00ean l\u1ea1m d\u1ee5ng ch\u1ee9c n\u0103ng n\u00e0y qu\u00e1 nhi\u1ec1u, nh\u1ea5t l\u00e0 khi s\u1eed d\u1ee5ng trong kh\u00f4ng gian k\u00edn, \u0111i\u1ec1u n\u00e0y s\u1ebd t\u1ea1o kh\u00f4ng gian ng\u1ed9p v\u00e0 n\u00f3ng, kh\u00f3 ch\u1ecbu cho ng\u01b0\u1eddi d\u00f9ng.<\/p>\n<p>&nbsp;<\/p>\n<p>\u0110\u01b0\u1ee3c th\u00e0nh l\u1eadp t\u1eeb n\u0103m 2009 cho \u0111\u1ebfn nay. \u0110i\u1ec7n m\u00e1y Kim Long Ph\u00e1t lu\u00f4n l\u00e0 \u0111\u01a1n v\u1ecb uy t\u00edn \u0111\u01b0\u1ee3c kh\u00e1ch h\u00e0ng tin t\u01b0\u1edfng, mong mu\u1ed1n l\u1ea1i nhi\u1ec1u gi\u00e1 tr\u1ecb \u0111\u1ebfn cho kh\u00e1ch h\u00e0ng, \u0111\u1eb7c bi\u1ec7t l\u00e0 mang l\u1ea1i kh\u00f4ng kh\u00ed m\u00e1t m\u1ebb cho ng\u00f4i nh\u00e0 b\u1ea1n. H\u00e3y nhanh tay li\u00ean h\u1ec7 v\u1edbi ch\u00fang t\u00f4i qua s\u1ed1 \u0111i\u1ec7n tho\u1ea1i\u00a01900 571 230\u00a0\u0111\u1ec3 nh\u1eadn \u0111\u01b0\u1ee3c s\u1ef1 t\u01b0 v\u1ea5n v\u1ec1 m\u00e1y l\u00e0m m\u00e1t Daikiosan DKA-04000D nhi\u1ec7t t\u00ecnh nh\u1ea5t.<\/p>\n<p>Ngo\u00e0i ra, b\u1ea1n c\u00f3 th\u1ec3 tham kh\u1ea3o th\u00eam s\u1ea3n ph\u1ea9m m\u00e1y l\u00e0m m\u00e1t kh\u00e1c \u0111\u1ebfn t\u1eeb \u0110\u1ea1i Vi\u1ec7t l\u00e0 M\u00e1y l\u00e0m m\u00e1t kh\u00f4ng kh\u00ed Daikiosan DKA-04000E, xem th\u00eam\u00a0<span style=\"color: #3366ff;\"><a style=\"color: #3366ff;\" href=\"https:\/\/dienmayklp.vn\/may-lam-mat-cao-cap-daikiosan-dka-4000e\" target=\"_blank\" rel=\"noopener nofollow\">t\u1ea1i \u0111\u00e2y<\/a><\/span>!<\/p>\n<p>&nbsp;<\/p>\n<h3><span style=\"color: #3366ff;\">4. Si\u00eau ti\u1ebft ki\u1ec7m \u0111i\u1ec7n n\u0103ng, chi ph\u00ed \u0111\u1ea7u t\u01b0 v\u00e0 b\u1ea3o tr\u00ec<\/span><\/h3>\n<p>S\u1eed d\u1ee5ng m\u00e1y \u0111i\u1ec1u h\u00f2a r\u1ea5t hi\u1ec7u qu\u1ea3 trong l\u00e0m m\u00e1t, tuy nhi\u00ean, ng\u01b0\u1eddi d\u00f9ng s\u1ebd b\u1ecf ra m\u1ed9t s\u1ed1 ti\u1ec1n \u0111i\u1ec7n kh\u00f4ng h\u1ec1 nh\u1ecf h\u00e0ng \u0111\u00e1ng, \u0111i\u1ec1u n\u00e0y l\u00e0 m\u1ed9t g\u00e1nh n\u1eb7ng. B\u1ea1n s\u1ebd kh\u00f4ng c\u1ea7n lo l\u1eafng b\u1edfi m\u00e1y l\u00e0m m\u00e1t kh\u00f4ng kh\u00ed Daikiosan DKA-04000D ti\u1ebft ki\u1ec7m \u0111i\u1ec7n h\u01a1n r\u1ea5t nhi\u1ec1u so v\u1edbi m\u00e1y l\u1ea1nh m\u00e0 kh\u1ea3 n\u0103ng l\u00e0m m\u00e1t c\u0169ng hi\u1ec7u qu\u1ea3 kh\u00f4ng k\u00e9m.<\/p>\n<p>Ngo\u00e0i ra, m\u00e1y l\u00e0m m\u00e1t Daikiosan DKA-04000D c\u0169ng c\u00f3 gi\u00e1 th\u00e0nh r\u1ebb h\u01a1n so v\u1edbi m\u00e1y \u0111i\u1ec1u h\u00f2a v\u00e0 kh\u00f4ng c\u1ea7n kh\u00f4ng gian k\u00edn, di\u1ec7n t\u00edch l\u00e0m m\u00e1t 25 \u2013 30 m2, l\u01b0u l\u01b0\u1ee3ng gi\u00f3 4000 m3\/h.<\/p>\n<p>&nbsp;<\/p>\n<h3><span style=\"color: #3366ff;\">5. Thi\u1ebft k\u1ebf \u0111\u1eb9p m\u1eaft, sang tr\u1ecdng v\u00e0 th\u00e2n thi\u1ec7n<\/span><\/h3>\n<p>M\u00e1y c\u00f3 thi\u1ebft k\u1ebf tinh t\u1ebf, m\u00e0u tr\u1eafng sang tr\u1ecdng. Th\u00e2n m\u00e1y l\u00e0m t\u1eeb ch\u1ea5t li\u1ec7u nh\u1ef1a ABS nguy\u00ean sinh b\u1ec1n, t\u1ed1t, ch\u1ed1ng \u0111\u01b0\u1ee3c va ch\u1ea1m m\u1ea1nh v\u00e0 v\u1ec7 sinh d\u1ec5 d\u00e0ng. M\u00e1y s\u1eed d\u1ee5ng lo\u1ea1i nh\u1ef1a \u0111\u1eb7c bi\u1ec7t t\u1ed1t v\u00e0 c\u00e1c c\u1ea5u ki\u1ec7n c\u00f3 kh\u1ea3 n\u0103ng ch\u1ed1ng tia UV l\u00e0m cho m\u00e1y s\u1eed d\u1ee5ng l\u00e2u h\u01a1n, tr\u1ecdng l\u01b0\u1ee3ng nh\u1eb9 h\u01a1n. Bo m\u1ea1ch \u0111\u01b0\u1ee3c ph\u1ee7 m\u1ed9t l\u1edbp ch\u1ed1ng \u1ea9m, ch\u1ed1ng oxy h\u00f3a.<\/p>\n<p>Hi\u1ec7n nay, tr\u00ean th\u1ecb tr\u01b0\u1eddng, \u0111\u1ec3 ti\u1ebft ki\u1ec7m chi ph\u00ed, nhi\u1ec1u h\u00e3ng \u0111\u00e3 s\u1eed d\u1ee5ng nh\u1ef1a c\u00f3 \u0111\u1ed9 b\u1ec1n th\u1ea5p, \u0111\u1ed9c h\u1ea1i, \u0111\u00f3 \u0111a s\u1ed1 l\u00e0 nh\u1ef1a \u0111\u00e3 t\u00e1i ch\u1ebf nhi\u1ec1u l\u1ea7n, l\u00e0 nguy\u00ean nh\u00e2n g\u00e2y ra nhi\u1ec1u m\u1ea7m b\u1ec7nh nguy hi\u1ec3m&#8230; Ngo\u00e0i ra, nh\u1edd c\u00f4ng ngh\u1ec7 l\u00e0m m\u00e1t b\u1eb1ng h\u01a1i n\u01b0\u1edbc, m\u00e1y kh\u00f4ng s\u1eed d\u1ee5ng kh\u00ed Gas, CFC n\u00ean th\u00e2n thi\u1ec7n v\u1edbi m\u00f4i tr\u01b0\u1eddng.<\/p>\n<p>&nbsp;<\/p>\n<h3><span style=\"color: #3366ff;\">6. Nh\u1eefng \u0111i\u1ec3m n\u1ed5i b\u1eadt kh\u00e1c c\u1ee7a m\u00e1y l\u00e0m m\u00e1t Daikiosan DKA-04000D\u00a0<\/span><\/h3>\n<p>Motor l\u00e0m t\u1eeb 100% \u0111\u1ed3ng, t\u0103ng \u0111\u1ed9 b\u1ec1n l\u00ean 1.5 l\u1ea7n<\/p>\n<p>T\u1ea5m l\u00e0m m\u00e1t l\u00e0m t\u1eeb ch\u1ea5t li\u1ec7u l\u00e0 g\u1ed7 s\u1ed3i nguy\u00ean ch\u1ea5t, kh\u00f4ng g\u00e2y m\u00f9i, g\u00e2y \u0111\u1ed9c h\u1ea1i trong qu\u00e1 tr\u00ecnh s\u1eed d\u1ee5ng.<\/p>\n<p>Kh\u1ea3 n\u0103ng l\u00e0m m\u00e1t nhanh, gi\u1ea3m 3 \u2013 4 \u0111\u1ed9 C so v\u1edbi nhi\u1ec7t \u0111\u1ed9 m\u00f4i tr\u01b0\u1eddng.<\/p>\n<p>\u0110\u1ed9 \u1ed3n th\u1ea5p h\u01a1n so v\u1edbi nhi\u1ec1u d\u00f9ng m\u00e1y kh\u00e1c \u0111ang b\u00e1n ngo\u00e0i th\u1ecb tr\u01b0\u1eddng.<\/p>\n<p>M\u00e1y c\u00f3 3 t\u1ed1c \u0111\u1ed9 gi\u00f3 v\u00e0 ch\u1ee9c n\u0103ng \u0111\u1ea3o gi\u00f3 4 chi\u1ec1u c\u1ee7a m\u00e1y (ph\u1ea3i &#8211; tr\u00e1i &#8211; tr\u00ean &#8211; d\u01b0\u1edbi) trong kh\u00f4ng gian \u0111\u1ec1u \u0111\u01b0\u1ee3c\u00a0l\u00e0m m\u00e1t nhanh ch\u00f3ng, c\u00f9ng v\u1edbi khay b\u1ecf \u0111\u00e1 kh\u00f4 gi\u00fap nhi\u1ec7t \u0111\u1ed9 gi\u1ea3m s\u00e2u h\u01a1n khi c\u1ea7n.<\/p>\n<p>Daikiosan DKA-04000D c\u00f3 th\u1ec3 \u0111i\u1ec1u khi\u1ec3n t\u1eeb xa, gi\u00fap d\u1ec5 d\u00e0ng s\u1eed d\u1ee5ng linh ho\u1ea1t v\u00e0 ti\u1ec7n l\u1ee3i.<\/p>\n<p>Ch\u1ee9c n\u0103ng h\u1eb9n gi\u1edd ti\u1ec7n l\u1ee3i: c\u00f3 th\u1ec3 h\u1eb9n gi\u1edd t\u1edbi 8 ti\u1ebfng, gi\u00fap ng\u01b0\u1eddi d\u00f9ng ch\u1ee7 \u0111\u1ed9ng th\u1eddi gian s\u1eed d\u1ee5ng qu\u1ea1t m\u1ecdi l\u00fac, thu\u1eadn ti\u1ec7n v\u1edbi gi\u1ea5c ng\u1ee7 v\u1ec1 \u0111\u00eam.<\/p>\n<p>B\u1ea3o h\u00e0nh 2 n\u0103m: Trong \u0111\u00f3, 1 n\u0103m cho ph\u1ea7n \u0111i\u1ec7n v\u00e0 linh ki\u1ec7n do l\u1ed7i nh\u00e0 s\u1ea3n xu\u1ea5t, th\u00eam 1 n\u0103m cho ph\u1ea7n \u0111i\u1ec7n n\u1ebfu k\u00edch ho\u1ea1t b\u1ea3o h\u00e0nh \u0111i\u1ec7n t\u1eed.<\/p>\n<p>&nbsp;<\/p>\n<h3><span style=\"color: #3366ff;\">7. Nh\u1eefng l\u01b0u \u00fd \u0111\u1ec3 s\u1eed d\u1ee5ng m\u00e1y l\u00e0m m\u00e1t Daikiosan DKA-04000D hi\u1ec7u qu\u1ea3<\/span><\/h3>\n<p>\u0110\u1eb7t qu\u1ea1t c\u00e1ch t\u01b0\u1eddng t\u1ed1i thi\u1ec3u \u00edt nh\u1ea5t 20 cm \u0111\u1ec3 qu\u1ea1t c\u00f3 kho\u1ea3n kh\u00f4ng gian c\u1ea7n thi\u1ebft ph\u1ee5c v\u1ee5 cho vi\u1ec7c l\u1ea5y gi\u00f3.<\/p>\n<p>C\u1ea7n v\u1ec7 sinh qu\u1ea1t th\u01b0\u1eddng xuy\u00ean, \u0111\u1ea3m b\u1ea3o trong b\u00ecnh ch\u1ee9a n\u01b0\u1edbc l\u00e0 n\u01b0\u1edbc s\u1ea1ch, \u0111i\u1ec1u n\u00e0y nh\u1eb1m tr\u00e1nh \u0111\u1ec3 vi khu\u1ea9n, vi sinh v\u1eadt ph\u00e1t tri\u1ec3n g\u00e2y ra m\u00f9i h\u00f4i, \u1ea3nh h\u01b0\u1edbng \u0111\u1ebfn s\u1ee9c kh\u1ecfe ng\u01b0\u1eddi d\u00f9ng.<\/p>\n<p>L\u01b0u \u00fd, n\u00ean th\u00eam n\u01b0\u1edbc tr\u01b0\u1edbc khi ghi d\u00e2y \u0111i\u1ec7n v\u00e0o ngu\u1ed3n \u0111i\u1ec7n, \u0111i\u1ec1u n\u00e0y nh\u1eb1m \u0111\u1ea3m b\u1ea3o an to\u00e0n v\u1ec1 \u0111i\u1ec7n v\u00e0 t\u0103ng tu\u1ed5i th\u1ecd c\u1ee7a m\u00e1y. N\u1ebfu \u0111ang d\u00f9ng m\u00e1y l\u00e0m m\u00e1t, n\u00ean t\u1eaft qu\u1ea1t v\u00e0 r\u00fat d\u00e2y \u0111i\u1ec7n ngu\u1ed3n tr\u01b0\u1edbc khi ch\u00e2m n\u01b0\u1edbc, sau \u0111\u00f3 h\u00e3y kh\u1edfi \u0111\u1ed9ng v\u00e0 d\u00f9ng l\u1ea1i.<\/p>\n<p>H\u00e3y r\u00fat d\u00e2y ngu\u1ed3n khi kh\u00f4ng s\u1eed d\u1ee5ng nh\u1eb1m m\u1ee5c \u0111\u00edch ti\u1ebft ki\u1ec7m \u0111i\u1ec7n h\u01a1n<\/p>\n<p>&nbsp;<\/p>\n<h3><span style=\"color: #3366ff;\">8. Th\u00f4ng s\u1ed1 k\u1ef9 thu\u1eadt c\u1ee7a m\u00e1y l\u00e0m m\u00e1t Daikiosan DKA-04000D\u00a0<\/span><\/h3>\n<table class=\"Table\">\n<tbody>\n<tr>\n<td>\n<p style=\"text-align: center;\"><span style=\"color: #3366ff;\"><strong>Model<\/strong><\/span><\/p>\n<\/td>\n<td>\n<p style=\"text-align: center;\"><span style=\"color: #3366ff;\"><strong>DKA-04000D\u00a0<\/strong><\/span><\/p>\n<\/td>\n<\/tr>\n<tr>\n<td>L\u01b0u l\u01b0\u1ee3ng gi\u00f3 (M3\/H)<\/td>\n<td>4.000 M3\/H<\/td>\n<\/tr>\n<tr>\n<td>C\u00f4ng su\u1ea5t (W)<\/td>\n<td>110 W<\/td>\n<\/tr>\n<tr>\n<td>\u0110i\u1ec7n \u00e1p<\/td>\n<td>220V \u2013 50Hz<\/td>\n<\/tr>\n<tr>\n<td>\u0110i\u1ec1u khi\u1ec3n t\u1eeb xa<\/td>\n<td>C\u00f3<\/td>\n<\/tr>\n<tr>\n<td>H\u01b0\u1edbng gi\u00f3 th\u1ed5i<\/td>\n<td>4 chi\u1ec1u (t\u1ef1 \u0111\u1ed9ng tr\u00e1i \u2013 ph\u1ea3i, \u0111i\u1ec1u ch\u1ec9nh l\u00ean \u2013 xu\u1ed1ng)<\/td>\n<\/tr>\n<tr>\n<td>Ki\u1ec3u gi\u00f3 th\u1ed5i<\/td>\n<td>Ti\u00eau chu\u1ea9n<\/td>\n<\/tr>\n<tr>\n<td>T\u1ed1c \u0111\u1ed9<\/td>\n<td>Th\u1ea5p \u2013 Trung b\u00ecnh &#8211; Cao<\/td>\n<\/tr>\n<tr>\n<td>L\u01b0\u1ee3ng n\u01b0\u1edbc ti\u00eau th\u1ee5<\/td>\n<td>2 &#8211; 3 L\/H<\/td>\n<\/tr>\n<tr>\n<td>Th\u1ec3 t\u00edch b\u00ecnh ch\u1ee9a<\/td>\n<td>33 L<\/td>\n<\/tr>\n<tr>\n<td>K\u00edch th\u01b0\u1edbc m\u00e1y<\/td>\n<td>500 x 360 x 995 mm<\/td>\n<\/tr>\n<tr>\n<td>Di\u1ec7n t\u00edch l\u00e0m m\u00e1t<\/td>\n<td>25 &#8211; 30 m2<\/td>\n<\/tr>\n<tr>\n<td>Tr\u1ecdng l\u01b0\u1ee3ng m\u00e1y<\/td>\n<td>11.8 kg<\/td>\n<\/tr>\n<tr>\n<td>Ch\u1ee9c n\u0103ng h\u1eb9n gi\u1edd<\/td>\n<td>8H<\/td>\n<\/tr>\n<tr>\n<td>Ch\u1ee9c n\u0103ng ion<\/td>\n<td>Kh\u00f4ng<\/td>\n<\/tr>\n<\/tbody>\n<\/table>\n<p>&nbsp;<\/p>\n<h2><span style=\"color: #3366ff;\">III. Li\u00ean h\u1ec7 mua m\u00e1y l\u00e0m m\u00e1t Daikiosan DKA-04000D t\u1ea1i Kim Long Ph\u00e1t<\/span><\/h2>\n<p>M\u00e1y l\u00e0m m\u00e1t Daikiosan DKA-04000D \u0111\u01b0\u1ee3c ph\u00e2n ph\u1ed1i ch\u00ednh h\u00e3ng t\u1ea1i \u0111i\u1ec7n m\u00e1y Kim Long Ph\u00e1t (KLP) l\u00e0 s\u1ea3n ph\u1ea9m ch\u1ea5t l\u01b0\u1ee3ng, cao c\u1ea5p. M\u00e1y l\u00e0m m\u00e1t Daikiosan DKA-04000D th\u00edch h\u1ee3p v\u1edbi m\u1ecdi gia \u0111\u00ecnh, mang l\u1ea1i kh\u00f4ng gian m\u00e1t m\u1ebb, th\u01b0 gi\u00e3n, trong l\u00e0nh.<\/p>\n<p>&nbsp;<\/p>\n<p>\u0110i\u1ec7n m\u00e1y Kim Long Ph\u00e1t\u00a0(KLP) l\u00e0 doanh nghi\u1ec7p ho\u1ea1t \u0111\u1ed9ng tr\u00ean th\u1ecb tr\u01b0\u1eddng v\u1edbi h\u01a1n 10 n\u0103m kinh nghi\u1ec7m. Kim Long Ph\u00e1t t\u1ef1 h\u00e0o l\u00e0 \u0111\u01a1n v\u1ecb ph\u00e2n ph\u1ed1i m\u00e1y l\u00e0m m\u00e1t ch\u00ednh h\u00e3ng, uy t\u00edn. Kim Long Ph\u00e1t cam k\u1ebft \u0111em \u0111\u1ebfn nh\u1eefng s\u1ea3n ph\u1ea9m t\u1ed1t nh\u1ea5t v\u1edbi gi\u00e1 ph\u1ea3i ch\u0103ng nh\u1ea5t. Ngo\u00e0i ra b\u1ea1n s\u1ebd an t\u00e2m h\u01a1n khi \u0111\u1ebfn v\u1edbi \u0111i\u1ec7n m\u00e1y Kim Long Ph\u00e1t v\u1edbi nhi\u1ec1u \u01b0u \u0111\u00e3i nh\u01b0:<\/p>\n<p>\u2022 Gi\u00e1 c\u1ea3 c\u1ea1nh tranh tr\u00ean to\u00e0n qu\u1ed1c \u2013 \u0110\u1eb7t l\u1ee3i \u00edch kh\u00e1ch h\u00e0ng l\u00ean h\u00e0ng \u0111\u1ea7u<\/p>\n<p>\u2022 Ho\u00e0n ti\u1ec1n 300% n\u1ebfu ph\u00e1t hi\u1ec7n h\u00e0ng gi\u1ea3, h\u00e0ng nh\u00e1i, linh ki\u1ec7n k\u00e9m ch\u1ea5t l\u01b0\u1ee3ng.<\/p>\n<p>\u2022 S\u1ea3n ph\u1ea9m ch\u00ednh h\u00e3ng \u2013 L\u1ea5y uy t\u00edn l\u00e0m ph\u01b0\u01a1ng ch\u00e2m ho\u1ea1t \u0111\u1ed9ng<\/p>\n<p>\u2022 H\u1ed7 tr\u1ee3 tr\u1ea3 g\u00f3p 0% &#8211; X\u00e9t duy\u1ec7t nhanh ch\u00f3ng, b\u1ea3o m\u1eadt<\/p>\n<p>\u2022 Giao h\u00e0ng mi\u1ec5n ph\u00ed trong n\u1ed9i th\u00e0nh \u2013 L\u1eafp \u0111\u1eb7t v\u00e0 thi\u1ebft k\u1ebf chuy\u00ean nghi\u1ec7p<\/p>\n<p>\u2022 \u0110\u1ed9i ng\u0169 CSKH v\u00e0 K\u1ef9 thu\u1eadt gi\u00e0u kinh nghi\u1ec7m<\/p>\n<p>&nbsp;<\/p>\n<p>M\u1ecdi th\u00f4ng tin chi ti\u1ebft xin li\u00ean h\u1ec7:<\/p>\n<h2><span style=\"color: #3366ff;\">C\u00d4NG TY C\u1ed4 PH\u1ea6N TH\u01af\u01a0NG M\u1ea0I V\u00c0 X\u00c2Y D\u1ef0NG KIM LONG PH\u00c1T<\/span><\/h2>\n<p><b><i>Showroom 1:<\/i><\/b>\u00a0228 \u0110\u01b0\u1eddng III, KDC Khang \u0110i\u1ec1n, P. Ph\u01b0\u1edbc Long B, Qu\u1eadn 9, TP. H\u1ed3 Ch\u00ed Minh<\/p>\n<p><b><i>Showroom 2:<\/i><\/b>\u00a0T\u00f2a S1.01 &#8211; 05.01. Shophouse S01 &#8211; Vinhomes Grand Park &#8211; 200 Nguy\u1ec5n Xi\u1ec3n, P. Long Th\u1ea1nh M\u1ef9, Qu\u1eadn 9, TP. H\u1ed3 Ch\u00ed Minh<\/p>\n<p><b><i>Hotline t\u01b0 v\u1ea5n:<\/i><\/b>\u00a0<span style=\"color: #ff0000;\"><b>1900 571 230<\/b><\/span><\/p>\n<p><b><i>\u0110\u1eb7t h\u00e0ng tr\u1ef1c tuy\u1ebfn<\/i><\/b>:\u00a0<span style=\"color: #ff0000;\"><b>0888 214 839<\/b><\/span><\/p>\n<p><b><i>Email:\u00a0<\/i><\/b><span style=\"color: #3366ff;\"><strong><a style=\"color: #3366ff;\" href=\"mailto:cskh@klp.vn?subject=Ph%E1%BA%A3n%20H%E1%BB%93i%20%C4%90i%E1%BB%87n%20M%C3%A1y%20Kim%20Long%20Ph%C3%A1t&amp;body=%C4%90i%E1%BB%87n%20M%C3%A1y%20Kim%20Long%20Ph%C3%A1t%20K%C3%ADnh%20ch%C3%A0o%20qu%C3%BD%20kh%C3%A1ch!%0AMong%20nh%E1%BA%ADn%20%C4%91%C6%B0%E1%BB%A3c%20%C3%BD%20ki%E1%BA%BFn%20ph%E1%BA%A3n%20h%E1%BB%93i%20t%E1%BB%AB%20Anh%2FCh%E1%BB%8B\">cskh@klp.vn<\/a><\/strong><\/span><\/p>\n<p><b><i>Website<\/i><\/b><b><i><span lang=\"EN-US\">:<\/span><\/i><\/b>\u00a0<span style=\"color: #3366ff;\"><strong><a style=\"color: #3366ff;\" href=\"https:\/\/dienmayklp.vn\/\" target=\"_blank\" rel=\"noopener nofollow\">klp.vn<\/a><\/strong><\/span><\/p>\n","protected":false},"excerpt":{"rendered":"<p>L\u01b0u l\u01b0\u1ee3ng gi\u00f3: 4.000 M3\/H<\/p>\n<p>C\u00f4ng su\u1ea5t: 110\u00a0W<\/p>\n<p>Ki\u1ec3u gi\u00f3 th\u1ed5i: Ti\u00eau chu\u1ea9n<\/p>\n<p>H\u01b0\u1edbng gi\u00f3 th\u1ed5i: 4 chi\u1ec1u<\/p>\n<p>Di\u1ec7n tich l\u00e0m m\u00e1t: 25 &#8211; 30\u00a0m2<\/p>\n<p>Ch\u1ee9c n\u0103ng h\u1eb9n gi\u1edd: 8H<\/p>\n<p>Ch\u1ee9c n\u0103ng ion: Kh\u00f4ng<\/p>\n<p>\u0110i\u1ec1u khi\u1ec3n t\u1eeb xa: C\u00f3<\/p>\n<p>B\u1ea3o h\u00e0nh 2 n\u0103m: Trong \u0111\u00f3, 1 n\u0103m cho ph\u1ea7n \u0111i\u1ec7n v\u00e0 linh ki\u1ec7n do l\u1ed7i nh\u00e0 s\u1ea3n xu\u1ea5t, th\u00eam 1 n\u0103m cho ph\u1ea7n \u0111i\u1ec7n n\u1ebfu k\u00edch ho\u1ea1t b\u1ea3o h\u00e0nh \u0111i\u1ec7n t\u1eed<\/p>\n","protected":false},"featured_media":975,"comment_status":"open","ping_status":"closed","template":"","meta":{"_acf_changed":false},"product_brand":[73],"product_cat":[82],"product_tag":[],"class_list":{"0":"post-974","1":"product","2":"type-product","3":"status-publish","4":"has-post-thumbnail","6":"product_brand-daikio","7":"product_cat-may-lam-mat","9":"first","10":"instock","11":"sale","12":"taxable","13":"shipping-taxable","14":"purchasable","15":"product-type-simple"},"acf":[],"_links":{"self":[{"href":"https:\/\/songxanhwater.com\/index.php?rest_route=\/wp\/v2\/product\/974","targetHints":{"allow":["GET"]}}],"collection":[{"href":"https:\/\/songxanhwater.com\/index.php?rest_route=\/wp\/v2\/product"}],"about":[{"href":"https:\/\/songxanhwater.com\/index.php?rest_route=\/wp\/v2\/types\/product"}],"replies":[{"embeddable":true,"href":"https:\/\/songxanhwater.com\/index.php?rest_route=%2Fwp%2Fv2%2Fcomments&post=974"}],"wp:featuredmedia":[{"embeddable":true,"href":"https:\/\/songxanhwater.com\/index.php?rest_route=\/wp\/v2\/media\/975"}],"wp:attachment":[{"href":"https:\/\/songxanhwater.com\/index.php?rest_route=%2Fwp%2Fv2%2Fmedia&parent=974"}],"wp:term":[{"taxonomy":"product_brand","embeddable":true,"href":"https:\/\/songxanhwater.com\/index.php?rest_route=%2Fwp%2Fv2%2Fproduct_brand&post=974"},{"taxonomy":"product_cat","embeddable":true,"href":"https:\/\/songxanhwater.com\/index.php?rest_route=%2Fwp%2Fv2%2Fproduct_cat&post=974"},{"taxonomy":"product_tag","embeddable":true,"href":"https:\/\/songxanhwater.com\/index.php?rest_route=%2Fwp%2Fv2%2Fproduct_tag&post=974"}],"curies":[{"name":"wp","href":"https:\/\/api.w.org\/{rel}","templated":true}]}}