{"id":968,"date":"2025-03-28T19:08:57","date_gmt":"2025-03-28T19:08:57","guid":{"rendered":"https:\/\/dienmayklp.vn\/?post_type=product&#038;p=968"},"modified":"2025-05-22T19:20:51","modified_gmt":"2025-05-22T19:20:51","slug":"may-lam-mat-cao-cap-daikiosan-dka-04000e","status":"publish","type":"product","link":"https:\/\/songxanhwater.com\/?product=may-lam-mat-cao-cap-daikiosan-dka-04000e","title":{"rendered":"M\u00e1y L\u00e0m M\u00e1t Cao C\u1ea5p Daikiosan DKA-04000E"},"content":{"rendered":"<p><span style=\"color: #3366ff;\"><strong>M\u00e1y l\u00e0m m\u00e1t cao c\u1ea5p daikiosan dka-04000e ph\u00e2n ph\u1ed1i ch\u00ednh h\u00e3ng t\u1ea1i\u00a0<a style=\"color: #3366ff;\" href=\"https:\/\/web.archive.org\/web\/20241104141249\/https:\/\/dienmayklp.vn\/\" rel=\"nofollow noopener\" target=\"_blank\">\u0110i\u1ec7n m\u00e1y Kim Long Ph\u00e1t<\/a><\/strong><\/span><\/p>\n<p>&#8211; H\u00e3ng s\u1ea3n xu\u1ea5t:\u00a0<span style=\"color: #3366ff;\"><a style=\"color: #3366ff;\" href=\"https:\/\/dienmayklp.vn\/may-lam-mat-daikio\" rel=\"nofollow noopener\" target=\"_blank\">Daikiosan<\/a><\/span><br \/>\n&#8211; Model: DKA-4000E<br \/>\n&#8211; \u0110i\u1ec7n \u00e1p: 220V &#8211; 50Hz<br \/>\n&#8211; C\u00f4ng su\u1ea5t: 100W<br \/>\n&#8211; L\u01b0u l\u01b0\u1ee3ng gi\u00f3: 4000m3\/h<br \/>\n&#8211; Di\u1ec7n t\u00edch l\u00e0m m\u00e1t: 35 &#8211; 45m2<br \/>\n&#8211; H\u01b0\u1edbng gi\u00f3 th\u1ed5i: 4 chi\u1ec1u ( t\u1ef1 \u0111\u1ed9ng tr\u00e1i &#8211; ph\u1ea3i, \u0111i\u1ec1u ch\u1ec9nh l\u00ean &#8211; xu\u1ed1ng)<br \/>\n&#8211; T\u1ed1c \u0111\u1ed9: 3 t\u1ed1c \u0111\u1ed9 (Th\u1ea5p &#8211; Trung B\u00ecnh &#8211; Cao)<br \/>\n&#8211; K\u00edch th\u01b0\u1edbc m\u00e1y: 495 x 360 x 1140mm<br \/>\n&#8211; Tr\u1ecdng l\u01b0\u1ee3ng m\u00e1y: 14 kg<br \/>\n&#8211; Tr\u1ecdng l\u01b0\u1ee3ng ph\u1ee7 b\u00ec: 16 kg<\/p>\n<p>M\u1ecdi th\u00f4ng tin chi ti\u1ebft xin li\u00ean h\u1ec7:<\/p>\n<p><b><i>C\u00d4NG TY C\u1ed4 PH\u1ea6N TH\u01af\u01a0NG M\u1ea0I V\u00c0 X\u00c2Y D\u1ef0NG KIM LONG PH\u00c1T<\/i><\/b><\/p>\n<p><strong><i>Showroom 1:<\/i>\u00a0<\/strong>228 \u0110\u01b0\u1eddng III, KDC Khang \u0110i\u1ec1n, P. Ph\u01b0\u1edbc Long B, Qu\u1eadn 9, TP.\u00a0H\u1ed3 Ch\u00ed Minh<\/p>\n<p><i><strong>Showroom 2:<\/strong>\u00a0<\/i>T\u00f2a S1.01 &#8211; 05.01. Shophouse S01 &#8211; Vinhomes Grand Park &#8211; 200 Nguy\u1ec5n Xi\u1ec3n, P.\u00a0Long Th\u1ea1nh M\u1ef9, Qu\u1eadn 9, TP. H\u1ed3 Ch\u00ed Minh<\/p>\n<p><i>Hotline t\u01b0 v\u1ea5n:<\/i>\u00a0<b>028 2253 5834<\/b><\/p>\n<p><i>\u0110\u1eb7t h\u00e0ng tr\u1ef1c tuy\u1ebfn:<\/i>\u00a00888 124 839<\/p>\n<p><i>Email:<\/i>\u00a0<span style=\"color: #3366ff;\"><a style=\"color: #3366ff;\" href=\"mailto:cskh@klp.vn?subject=Ph%E1%BA%A3n%20H%E1%BB%93i%20%C4%90i%E1%BB%87n%20M%C3%A1y%20Kim%20Long%20Ph%C3%A1t&amp;body=%C4%90i%E1%BB%87n%20M%C3%A1y%20Kim%20Long%20Ph%C3%A1t%20K%C3%ADnh%20ch%C3%A0o%20qu%C3%BD%20kh%C3%A1ch!%0AMong%20nh%E1%BA%ADn%20%C4%91%C6%B0%E1%BB%A3c%20%C3%BD%20ki%E1%BA%BFn%20ph%E1%BA%A3n%20h%E1%BB%93i%20t%E1%BB%AB%20Anh%2FCh%E1%BB%8B\">cskh@klp.vn<\/a><\/span><\/p>\n<p><i>Website:<\/i>\u00a0<span style=\"color: #3366ff;\"><a style=\"color: #3366ff;\" href=\"http:\/\/dienmayklp.vn\/\" target=\"_blank\" rel=\"noopener nofollow\">klp.vn<\/a><\/span><\/p>\n","protected":false},"excerpt":{"rendered":"<p>M\u00e1y l\u00e0m m\u00e1t cao c\u1ea5p daikiosan dka-04000e ph\u00e2n ph\u1ed1i ch\u00ednh h\u00e3ng t\u1ea1i\u00a0\u0110i\u1ec7n m\u00e1y Kim Long Ph\u00e1t &#8211; H\u00e3ng s\u1ea3n xu\u1ea5t:\u00a0Daikiosan &#8211; Model: DKA-4000E &#8211; \u0110i\u1ec7n \u00e1p: 220V &#8211; 50Hz &#8211; C\u00f4ng su\u1ea5t: 100W &#8211; L\u01b0u l\u01b0\u1ee3ng gi\u00f3: 4000m3\/h &#8211; Di\u1ec7n t\u00edch l\u00e0m m\u00e1t: 35 &#8211; 45m2 &#8211; H\u01b0\u1edbng gi\u00f3 th\u1ed5i: 4 chi\u1ec1u ( t\u1ef1 \u0111\u1ed9ng [&#8230;]\n","protected":false},"featured_media":969,"comment_status":"open","ping_status":"closed","template":"","meta":{"_acf_changed":false},"product_brand":[73],"product_cat":[82],"product_tag":[],"class_list":{"0":"post-968","1":"product","2":"type-product","3":"status-publish","4":"has-post-thumbnail","6":"product_brand-daikio","7":"product_cat-may-lam-mat","9":"first","10":"instock","11":"sale","12":"taxable","13":"shipping-taxable","14":"purchasable","15":"product-type-simple"},"acf":[],"_links":{"self":[{"href":"https:\/\/songxanhwater.com\/index.php?rest_route=\/wp\/v2\/product\/968","targetHints":{"allow":["GET"]}}],"collection":[{"href":"https:\/\/songxanhwater.com\/index.php?rest_route=\/wp\/v2\/product"}],"about":[{"href":"https:\/\/songxanhwater.com\/index.php?rest_route=\/wp\/v2\/types\/product"}],"replies":[{"embeddable":true,"href":"https:\/\/songxanhwater.com\/index.php?rest_route=%2Fwp%2Fv2%2Fcomments&post=968"}],"wp:featuredmedia":[{"embeddable":true,"href":"https:\/\/songxanhwater.com\/index.php?rest_route=\/wp\/v2\/media\/969"}],"wp:attachment":[{"href":"https:\/\/songxanhwater.com\/index.php?rest_route=%2Fwp%2Fv2%2Fmedia&parent=968"}],"wp:term":[{"taxonomy":"product_brand","embeddable":true,"href":"https:\/\/songxanhwater.com\/index.php?rest_route=%2Fwp%2Fv2%2Fproduct_brand&post=968"},{"taxonomy":"product_cat","embeddable":true,"href":"https:\/\/songxanhwater.com\/index.php?rest_route=%2Fwp%2Fv2%2Fproduct_cat&post=968"},{"taxonomy":"product_tag","embeddable":true,"href":"https:\/\/songxanhwater.com\/index.php?rest_route=%2Fwp%2Fv2%2Fproduct_tag&post=968"}],"curies":[{"name":"wp","href":"https:\/\/api.w.org\/{rel}","templated":true}]}}