{"id":958,"date":"2025-03-28T19:01:06","date_gmt":"2025-03-28T19:01:06","guid":{"rendered":"https:\/\/dienmayklp.vn\/?post_type=product&#038;p=958"},"modified":"2025-03-29T18:31:23","modified_gmt":"2025-03-29T18:31:23","slug":"may-lam-mat-khong-khi-daikiosan-dka-04500c","status":"publish","type":"product","link":"https:\/\/songxanhwater.com\/?product=may-lam-mat-khong-khi-daikiosan-dka-04500c","title":{"rendered":"M\u00e1y l\u00e0m m\u00e1t kh\u00f4ng kh\u00ed Daikiosan DKA-04500C"},"content":{"rendered":"<p>Kh\u00ed h\u1eadu ng\u00e0y c\u00e0ng tr\u1edf n\u00ean ph\u1ee9c t\u1ea1p, th\u1eddi ti\u1ebft ng\u00e0y c\u00e0ng n\u00f3ng khi\u1ebfn nhu c\u1ea7u mau m\u00e1y l\u00e0m m\u00e1t ng\u00e0y m\u1ed9t t\u0103ng cao. Gi\u1ea3i ph\u00e1p \u0111\u01b0\u1ee3c nhi\u1ec1u ng\u01b0\u1eddi t\u00ecm \u0111\u1ebfn l\u00e0 d\u00f9ng m\u00e1y l\u1ea1nh nh\u01b0ng chi ph\u00ed l\u1edbn v\u00e0 kh\u00f4ng th\u1ec3 d\u00f9ng trong kh\u00f4ng gian m\u1edf. \u0110\u1ec3 kh\u1eafc ph\u1ee5c \u0111i\u1ec1u \u0111\u00f3,\u00a0<span style=\"color: #3366ff;\"><a style=\"color: #3366ff;\" href=\"https:\/\/dienmayklp.vn\/\" target=\"_blank\" rel=\"noopener nofollow\">\u0110i\u1ec7n m\u00e1y Kim Long Ph\u00e1t<\/a>\u00a0<\/span>xin gi\u1edbi thi\u1ec7u m\u00e1y l\u00e0m m\u00e1t kh\u00f4ng kh\u00ed\u00a0<strong>Daikiosan DKA-04500C<\/strong>, s\u1eed d\u1ee5ng c\u00f4ng ngh\u1ec7 Nh\u1eadt B\u1ea3n, gi\u00fap l\u00e0m m\u00e1t hi\u1ec7u qu\u1ea3, c\u00e2n b\u1eb1ng \u0111\u1ed9 \u1ea9m trong kh\u00f4ng kh\u00ed, \u0111\u1ed9 \u1ed3n th\u1ea5p v\u00e0 ph\u00f9 h\u1ee3p cho kh\u00f4ng gian m\u1edf.<\/p>\n<p>&nbsp;<\/p>\n<h2><span style=\"color: #3366ff;\">I. Gi\u1edbi thi\u1ec7u chung v\u1ec1 m\u00e1y l\u00e0m m\u00e1t kh\u00f4ng kh\u00ed Daikiosan DKA-04500C<\/span><\/h2>\n<p>Nhi\u1ec7t \u0111\u1ed9 cao g\u00e2y cho c\u01a1 th\u1ec3 con ng\u01b0\u1eddi nhi\u1ec1u kh\u00f3 ch\u1ecbu, l\u00e0m \u1ea3nh h\u01b0\u1edfng nghi\u00eam tr\u1ecdng \u0111\u1ebfn s\u1ee9c kh\u1ecfe v\u00e0 \u0111\u1eb7c bi\u1ec7t c\u00f3 th\u1ec3 d\u1eabn \u0111\u1ebfn t\u1eed vong. N\u1eafng n\u00f3ng l\u00e0m c\u01a1 th\u1ec3 d\u1ec5 b\u1ecb m\u1ea5t n\u01b0\u1edbc, c\u00f3 th\u1ec3 g\u00e2y ra suy nh\u01b0\u1ee3c, ch\u00f3ng m\u1eb7t, \u0111\u00e1nh tr\u1ed1ng ng\u1ef1c v\u00e0 ng\u1ea5t x\u1ec9u. Trong c\u00e1c bi\u1ec7n ph\u00e1p ch\u1ed1ng n\u00f3ng hi\u1ec7u qu\u1ea3, th\u00ec gi\u1eef cho kh\u00f4ng gian m\u00e1t m\u1ebb, th\u00f4ng tho\u00e1ng l\u00e0 gi\u1ea3i ph\u00e1p \u0111\u01b0\u1ee3c nhi\u1ec1u b\u00e1c s\u0129, chuy\u00ean gia khuy\u00ean n\u00ean \u00e1p d\u1ee5ng.<\/p>\n<p>&nbsp;<\/p>\n<p>Nhi\u1ec1u n\u0103m tr\u1edf l\u1ea1i \u0111\u00e2y, r\u1ea5t nhi\u1ec1u gia \u0111\u00ecnh trang b\u1ecb th\u00eam m\u00e1y l\u00e0m m\u00e1t kh\u00f4ng kh\u00ed v\u00ec nghe \u201c\u0111\u1ed3n\u201d r\u1eb1ng kh\u00e1 ti\u1ec7n d\u1ee5ng v\u00e0 ti\u1ebft ki\u1ec7m v\u1edbi \u0111a s\u1ed1 ng\u01b0\u1eddi d\u00e2n Vi\u1ec7t Nam. V\u00e0 \u0111\u1eb7c bi\u1ec7t, m\u00e1y l\u00e0m m\u00e1t kh\u00f4ng kh\u00ed Daikiosan DKA-04500C kh\u1eafc ph\u1ee5c \u0111\u01b0\u1ee3c nh\u1eefng y\u1ebfu \u0111i\u1ec3m c\u1ee7a m\u00e1y \u0111i\u1ec1u h\u00f2a v\u00e0 qu\u1ea1t phun s\u01b0\u01a1ng nh\u01b0: l\u00e0m m\u00e1t t\u1ef1 nhi\u00ean d\u1ef1a v\u00e0o h\u01a1i n\u01b0\u1edbc, h\u00fat b\u1ee5i b\u1ea9n t\u1ea1o ra b\u1ea7u kh\u00f4ng kh\u00ed trong l\u00e0nh, kh\u00f4ng g\u00e2y kh\u00f4 da, k\u00edch \u1ee9ng da, kh\u00f4ng g\u00e2y s\u1ed1c nhi\u1ec7t cho ng\u01b0\u1eddi d\u00f9ng khi chuy\u1ec3n t\u1eeb nhi\u1ec7t \u0111\u1ed9 th\u1ea5p sang cao&#8230;<\/p>\n<p>&nbsp;<\/p>\n<p>M\u00e1y l\u00e0m m\u00e1t kh\u00f4ng kh\u00ed Daikiosan DKA-04500C \u0111\u01b0\u1ee3c trang b\u1ecb nh\u1eefng linh ki\u1ec7n ch\u1ea5t l\u01b0\u1ee3ng nh\u1ea5t nh\u01b0 l\u00f5i motor 100% \u0111\u1ed3ng, v\u1ecf motor \u0111\u01b0\u1ee3c ph\u1ee7 s\u01a1n t\u0129nh \u0111i\u1ec7n gi\u00fap s\u1ea3n ph\u1ea9m b\u1ec1n l\u00e2u h\u01a1n r\u1ea5t nhi\u1ec1u. M\u00e1y tuy\u1ec7t \u0111\u1ed1i an to\u00e0n v\u1edbi ng\u01b0\u1eddi d\u00f9ng, ph\u00f9 h\u1ee3p v\u1edbi nh\u1eefng kh\u00f4ng gian m\u1edf c\u00f3 di\u1ec7n t\u00edch 25 -30 m2. Ngo\u00e0i ra, v\u1edbi ch\u1ee9c n\u0103ng \u0111\u1ea3o gi\u00f3 4 chi\u1ec1u, 4 b\u00e1nh xe gi\u00fap m\u00e1y d\u1ec5 d\u00e0ng di chuy\u1ec3n l\u00e0m cho m\u1ecdi kh\u00f4ng gian trong ng\u00f4i nh\u00e0 \u0111\u01b0\u1ee3c l\u00e0m m\u00e1t d\u1ec5 d\u00e0ng.<\/p>\n<p>&nbsp;<\/p>\n<p>\u0110\u1ec3 c\u00f3 c\u00e1i nh\u00ecn chi ti\u1ebft h\u01a1n v\u1ec1 m\u00e1y l\u00e0m m\u00e1t Daikiosan DKA-04500C, ch\u00fang ta s\u1ebd xem ngay m\u1ee5c II. Ngo\u00e0i ra, n\u1ebfu th\u1eafc m\u1eafc li\u00ean quan, h\u00e3y li\u00ean h\u1ec7 ch\u00fang t\u00f4i, \u0110i\u1ec7n M\u00e1y Kim Long Ph\u00e1t, qua s\u1ed1 \u0111i\u1ec7n tho\u1ea1i:\u00a0<span style=\"color: #ff0000;\"><strong>1900 571 230<\/strong><\/span>\u00a0ho\u1eb7c Chat qua\u00a0<span style=\"color: #3366ff;\"><a style=\"color: #3366ff;\" href=\"https:\/\/dienmayklp.vn\/\" target=\"_blank\" rel=\"noopener nofollow\">KLP.VN<\/a><\/span><\/p>\n<p>&nbsp;<\/p>\n<h2><span style=\"color: #3366ff;\">II. M\u00e1y l\u00e0m m\u00e1t kh\u00f4ng kh\u00ed Daikiosan DKA-04500C\u00a0<\/span><\/h2>\n<h3><span style=\"color: #3366ff;\">1. M\u00e1y l\u00e0m m\u00e1t \u0111\u1ebfn t\u1eeb th\u01b0\u01a1ng hi\u1ec7u n\u1ed5i ti\u1ebfng, uy t\u00edn nh\u1ea5t<\/span><\/h3>\n<p>Ch\u1eafc h\u1eb3n trong ch\u00fang ta, \u00edt nhi\u1ec1u c\u0169ng \u0111\u00e3 nghe v\u1ec1 \u0110\u1ea1i Vi\u1ec7t, m\u1ed9t th\u01b0\u01a1ng hi\u1ec7u Vi\u1ec7t Nam. C\u00e1c s\u1ea3n ph\u1ea9m c\u1ee7a \u0110\u1ea1i Vi\u1ec7t lu\u00f4n h\u01b0\u1edbng t\u1edbi ph\u1ee5c v\u1ee5 cu\u1ed9c s\u1ed1ng con ng\u01b0\u1eddi tr\u1edf n\u00ean t\u1ed1t \u0111\u1eb9p h\u01a1n nh\u01b0 m\u00e1y l\u1ecdc n\u01b0\u1edbc, thi\u1ebft b\u1ecb b\u1ebfp, c\u00e2y n\u01b0\u1edbc n\u00f3ng l\u1ea1nh, m\u00e1y l\u00e0m m\u00e1t&#8230;<\/p>\n<p>M\u00e1y l\u00e0m m\u00e1t t\u1eeb l\u00e2u \u0111\u00e3 l\u00e0 ni\u1ec1m t\u1ef1 h\u00e0o c\u1ee7a \u0110\u1ea1i Vi\u1ec7t b\u1edfi l\u1ee3i \u00edch thi\u1ebft th\u1ef1c m\u00e0 n\u00f3 mang l\u1ea1i cho ng\u01b0\u1eddi d\u00f9ng. \u0110\u00e2y l\u00e0 s\u1ea3n ph\u1ea9m ch\u1ee7 l\u1ef1c, \u0111\u01b0\u1ee3c \u0110\u1ea1i Vi\u1ec7t \u0111\u1ea7u t\u01b0 v\u00e0 ph\u00e1t tri\u1ec3n nhi\u1ec1u n\u0103m li\u1ec1n.V\u1edbi b\u1ec1 d\u00e0y kinh nghi\u1ec7m, chuy\u00ean s\u00e2u trong l\u0129nh v\u1ef1c m\u00e1y l\u00e0m m\u00e1t, \u0110\u1ea1i Vi\u1ec7t cam k\u1ebft mang l\u1ea1i nh\u1eefng s\u1ea3n ph\u1ea9m \u201cch\u1ea5t l\u01b0\u1ee3ng th\u1eadt, gi\u00e1 tr\u1ecb th\u1eadt\u201d.<\/p>\n<p>&nbsp;<\/p>\n<h3><span style=\"color: #3366ff;\">2. M\u00e1y l\u00e0m m\u00e1t Daikiosan DKA-04500C l\u00e0 gi\u1ea3i ph\u00e1p t\u1ed1i \u01b0u ti\u1ebft ki\u1ec7m chi ph\u00ed ti\u1ec1n \u0111i\u1ec7n h\u00e0ng th\u00e1ng<\/span><\/h3>\n<p>M\u1ed9t trong nh\u1eefng \u01b0u \u0111i\u1ec3m l\u1edbn nh\u1ea5t khi\u1ebfn ng\u01b0\u1eddi ti\u00eau d\u00f9ng l\u1ef1a ch\u1ecdn m\u00e1y l\u00e0m m\u00e1t Daikiosan DKA-04500C l\u00e0 b\u1edfi chi ph\u00ed th\u1ea5p v\u00e0 kh\u1ea3 n\u0103ng ti\u1ebft ki\u1ec7m \u0111i\u1ec7n. N\u1ebfu nh\u1eefng gia \u0111\u00ecnh c\u00f3 m\u00e1y l\u1ea1nh th\u00ec s\u1ebd c\u1ea7n ch\u00fa \u00fd \u0111\u1ebfn v\u1eadn h\u00e0nh l\u00e0m sao cho ti\u1ebft ki\u1ec7m \u0111i\u1ec7n nh\u1ea5t, nh\u1ea5t l\u00e0 v\u00e0o m\u00f9a n\u00f3ng, m\u1ee9c s\u1eed d\u1ee5ng \u0111i\u1ec7n t\u0103ng 2 \u2013 2.5 so v\u1edbi th\u00e1ng b\u00ecnh th\u01b0\u1eddng. Ngo\u00e0i ra, chi ph\u00ed mua v\u00e0 v\u1ec7 sinh m\u00e1y \u0111i\u1ec1u h\u00f2a c\u0169ng kh\u00e1 t\u1ed1n k\u00e9m.<\/p>\n<p>B\u1ea1n s\u1ebd kh\u00f4ng c\u1ea7n lo l\u1eafng b\u1edfi m\u00e1y l\u00e0m m\u00e1t kh\u00f4ng kh\u00ed Daikiosan DKA-04500C ti\u1ebft ki\u1ec7m \u0111i\u1ec7n h\u01a1n 90% so v\u1edbi m\u00e1y l\u1ea1nh m\u00e0 kh\u1ea3 n\u0103ng l\u00e0m m\u00e1t c\u0169ng hi\u1ec7u qu\u1ea3 kh\u00f4ng k\u00e9m v\u00e0 ti\u1ebft ki\u1ec7m h\u01a1n 65% chi ph\u00ed mua m\u00e1y.<\/p>\n<p>&nbsp;<\/p>\n<h3><span style=\"color: #3366ff;\">3. C\u00f4ng ngh\u1ec7 l\u00e0m m\u00e1t nhanh ch\u00f3ng, hi\u1ec7u qu\u1ea3<\/span><\/h3>\n<p>Th\u1eddi ti\u1ebft sau khi m\u01b0a r\u1ea5t trong l\u00e0nh v\u00e0 m\u00e1t m\u1ebb th\u00ec ch\u1eafc ch\u1eafn kh\u00f4ng ph\u1ea3i ni\u1ec1m vui c\u1ee7a ri\u00eang ai. V\u00e0 b\u1ea1n mu\u1ed1n t\u1eadn h\u01b0\u1edfng b\u1ea7u kh\u00f4ng kh\u00ed tuy\u1ec7t v\u1eddi \u0111\u00f3 trong ch\u00ednh ng\u00f4i nh\u00e0 c\u1ee7a m\u00ecnh m\u1ecdi l\u00fac? Dakiosan DKA-04500C s\u1ebd \u0111\u00e1p \u1ee9ng nhu c\u1ea7u c\u1ee7a b\u1ea1n. Kh\u00f4ng t\u1ed1n nhi\u1ec1u th\u1eddi gian kh\u1edfi \u0111\u1ed9ng, m\u00e1y l\u00e0m m\u00e1t Daikiosan DKA-04500C h\u1ea1 nhi\u1ec7t r\u1ea5t nhanh, ch\u1ec9 sau ch\u01b0a t\u1edbi 1 ph\u00fat kh\u1edfi \u0111\u1ed9ng, kh\u00f4ng gian nh\u00e0 b\u1ea1n \u0111\u00e3 tho\u00e1ng m\u00e1t.<\/p>\n<p>M\u00e1y l\u00e0m m\u00e1t cao c\u1ea5p Daikiosan DKA-04500C s\u1eed d\u1ee5ng c\u00f4ng ngh\u1ec7 l\u00e0m m\u00e1t t\u1ef1 nhi\u00ean \u0111\u1ec3 l\u00e0m m\u00e1t kh\u00f4ng kh\u00ed, v\u1edbi nguy\u00ean l\u00fd l\u00e0m m\u00e1t b\u1eb1ng h\u01a1i n\u01b0\u1edbc si\u00eau nh\u1ecf, an to\u00e0n tuy\u1ec7t \u0111\u1ed1i v\u1edbi ng\u01b0\u1eddi d\u00f9ng, \u0111\u1eb7c bi\u1ec7t th\u00edch h\u1ee3p v\u1edbi nh\u1eefng ng\u01b0\u1eddi hay b\u1ecb kh\u00f4 da.<\/p>\n<p>Theo nguy\u00ean t\u1eafc, n\u01b0\u1edbc \u1edf b\u00ecnh ch\u1ee9a s\u1ebd \u0111\u01b0\u1ee3c b\u01a1m tu\u1ea7n ho\u00e0n l\u00ean cao, t\u1ea1i \u0111\u00e2y qu\u00e1 tr\u00ecnh bay h\u01a1i n\u01b0\u1edbc di\u1ec5n ra. N\u01b0\u1edbc s\u1ebd ch\u1ea3y t\u1eeb tr\u00ean xu\u1ed1ng theo \u0111\u01b0\u1eddng ch\u1eef Z \u0111\u1ec3 t\u1ea1o ra s\u1ef1 l\u1ec7ch pha c\u1ee7a n\u01b0\u1edbc l\u00e0m nh\u1eadn nhi\u1ec7t l\u01b0\u1ee3ng t\u1eeb kh\u00f4ng kh\u00ed bay v\u00e0o l\u00e0m qu\u00e1 tr\u00ecnh bay h\u01a1i n\u01b0\u1edbc nhanh h\u01a1n. M\u00e1y c\u00f3 th\u1ec3 gi\u1ea3m nhi\u1ec7t \u0111\u1ed9 xung quanh xu\u1ed1ng t\u1eeb 4 \u0111\u1ebfn 8 \u0111\u1ed9 C v\u00e0 cung c\u1ea5p m\u1ed9t m\u00f4i tr\u01b0\u1eddng l\u00fd t\u01b0\u1edfng cho c\u00e1c ho\u1ea1t \u0111\u1ed9ng di\u1ec5n ra trong gia \u0111\u00ecnh.<\/p>\n<p>&nbsp;<\/p>\n<h3><span style=\"color: #3366ff;\">4. L\u1ecdc s\u1ea1ch b\u1ee5i b\u1ea9n, m\u00f9i h\u00f4i trong kh\u00f4ng kh\u00ed<\/span><\/h3>\n<p>M\u00e1y l\u00e0m m\u00e1t Daikiosan DKA-04500C \u0111\u01b0\u1ee3c trang b\u1ecb t\u1ea5m l\u01b0\u1edbi l\u1ecdc b\u1ee5i hi\u1ec7u qu\u1ea3, g\u00f3p ph\u1ea7n gi\u00fap kh\u00f4ng ph\u00ed trong l\u00e0nh h\u01a1n. M\u00e1y b\u1ed5 sung th\u00eam t\u1ea5m l\u1ecdc ph\u00eda tr\u01b0\u1edbc tr\u00e1nh tr\u1ebb em \u0111\u01b0a tay v\u00e0o qu\u1ea1t, mang l\u1ea1i an t\u00e2m khi s\u1eed d\u1ee5ng. H\u1ec7 th\u1ed1ng l\u1ecdc b\u1ee5i ti\u00ean ti\u1ebfn c\u1ee7a m\u00e1y h\u01a1i n\u01b0\u1edbc gi\u00fap h\u00fat b\u1ee5i, m\u00f9i h\u00f4i trong kh\u00f4ng kh\u00ed, tr\u1ea3 l\u1ea1i b\u1ea7u kh\u00f4ng kh\u00ed trong l\u00e0nh.<\/p>\n<p>\u0110\u01b0\u1ee3c th\u00e0nh l\u1eadp t\u1eeb n\u0103m 2009 cho \u0111\u1ebfn nay. \u0110i\u1ec7n m\u00e1y Kim Long Ph\u00e1t lu\u00f4n l\u00e0 \u0111\u01a1n v\u1ecb uy t\u00edn \u0111\u01b0\u1ee3c kh\u00e1ch h\u00e0ng tin t\u01b0\u1edfng, mong mu\u1ed1n l\u1ea1i nhi\u1ec1u gi\u00e1 tr\u1ecb \u0111\u1ebfn cho kh\u00e1ch h\u00e0ng, \u0111\u1eb7c bi\u1ec7t l\u00e0 mang l\u1ea1i kh\u00f4ng kh\u00ed m\u00e1t m\u1ebb cho ng\u00f4i nh\u00e0 b\u1ea1n. H\u00e3y nhanh tay li\u00ean h\u1ec7 v\u1edbi ch\u00fang t\u00f4i qua s\u1ed1 \u0111i\u1ec7n tho\u1ea1i\u00a01900 571 230\u00a0\u0111\u1ec3 nh\u1eadn \u0111\u01b0\u1ee3c s\u1ef1 t\u01b0 v\u1ea5n v\u1ec1 m\u00e1y l\u00e0m m\u00e1t Daikiosan DKA-04500C nhi\u1ec7t t\u00ecnh nh\u1ea5t.<\/p>\n<p>Ngo\u00e0i ra, b\u1ea1n c\u00f3 th\u1ec3 tham kh\u1ea3o th\u00eam s\u1ea3n ph\u1ea9m m\u00e1y l\u00e0m m\u00e1t kh\u00e1c \u0111\u1ebfn t\u1eeb \u0110\u1ea1i Vi\u1ec7t l\u00e0 M\u00e1y l\u00e0m m\u00e1t kh\u00f4ng kh\u00ed Daikiosan DKA-04500D, xem th\u00eam<span style=\"color: #3366ff;\">\u00a0<a style=\"color: #3366ff;\" href=\"https:\/\/dienmayklp.vn\/may-lam-mat-cao-cap-daikio-dka-04500d-dka-04500d\" target=\"_blank\" rel=\"noopener nofollow\">t\u1ea1i \u0111\u00e2y<\/a><\/span>!<\/p>\n<p>&nbsp;<\/p>\n<h3><span style=\"color: #3366ff;\">5. Thi\u1ebft b\u1ecb l\u00e0m m\u00e1t th\u00e2n thi\u1ec7n v\u1edbi m\u00f4i tr\u01b0\u1eddng<\/span><\/h3>\n<p>B\u1ea1n c\u00f3 bi\u1ebft r\u1eb1ng, m\u1ed7i n\u0103m ch\u00fang ta th\u1ea3i ra 100 tri\u1ec7u t\u1ea5n CO2 v\u00e0o kh\u00f4ng kh\u00ed v\u00e0 con s\u1ed1 n\u00e0y t\u0103ng l\u00ean t\u1eebng n\u0103m. Con s\u1ed1 n\u00e0y c\u0169ng \u0111\u1ed3ng ngh\u0129a r\u1eb1ng, ch\u00fang ta \u0111ang \u0111\u1ed1i m\u1eb7t v\u1edbi b\u1ea7u kh\u00f4ng kh\u00ed n\u01a1i ch\u00fang ta \u0111ang b\u1ecb h\u1ee7y ho\u1ea1i m\u1ed7i ng\u00e0y.<\/p>\n<p>Nh\u1eadn th\u1ea5y t\u00e1c h\u1ea1i n\u1eb7ng n\u1ec1 \u0111\u00f3, m\u00e1y l\u00e0m m\u00e1t Daikiosan DKA-04500C ho\u00e0n to\u00e0n s\u1eed d\u1ee5ng n\u01b0\u1edbc trong l\u00e0m m\u00e1t, n\u00f3i kh\u00f4ng v\u1edbi c\u00e1c kh\u00ed gas, \u0111\u00e2y ch\u00ednh l\u00e0 c\u00e1ch m\u00e0 Daikiosan g\u00f3p ph\u1ea7n b\u1ea3o v\u1ec7 m\u00f4i tr\u01b0\u1eddng.<\/p>\n<p>Th\u00e2n m\u00e1y l\u00e0m t\u1eeb ch\u1ea5t li\u1ec7u nh\u1ef1a ABS nguy\u00ean sinh b\u1ec1n, t\u1ed1t, ch\u1ed1ng \u0111\u01b0\u1ee3c va ch\u1ea1m m\u1ea1nh v\u00e0 v\u1ec7 sinh d\u1ec5 d\u00e0ng. M\u00e1y s\u1eed d\u1ee5ng lo\u1ea1i nh\u1ef1a \u0111\u1eb7c bi\u1ec7t t\u1ed1t v\u00e0 c\u00e1c c\u1ea5u ki\u1ec7n c\u00f3 kh\u1ea3 n\u0103ng ch\u1ed1ng tia UV l\u00e0m cho m\u00e1y s\u1eed d\u1ee5ng l\u00e2u h\u01a1n, tr\u1ecdng l\u01b0\u1ee3ng nh\u1eb9 h\u01a1n. Bo m\u1ea1ch \u0111\u01b0\u1ee3c ph\u1ee7 m\u1ed9t l\u1edbp ch\u1ed1ng \u1ea9m, ch\u1ed1ng oxy h\u00f3a.<\/p>\n<p>&nbsp;<\/p>\n<h3><span style=\"color: #3366ff;\">6. Nh\u1eefng t\u00ednh n\u0103ng kh\u00e1c c\u1ee7a m\u00e1y Daikiosan DKA-04500C\u00a0<\/span><\/h3>\n<p>&#8211; M\u00e1y c\u00f3 ch\u1ee9c n\u0103ng \u0111\u1ea3o gi\u00f3 4 chi\u1ec1u v\u00e0 b\u1ed1n b\u00e1nh xe, d\u1ec5 d\u00e0ng c\u00f3 th\u1ec3 di chuy\u1ec3n gi\u1eefa c\u00e1c ng\u00f3c ng\u00e1ch trong ng\u00f4i nh\u00e0, l\u00e0m m\u00e1t m\u1ecdi kh\u00f4ng gian.<\/p>\n<p>&#8211; Ch\u1ee9c n\u0103ng 3 m\u1ee9c gi\u00f3 v\u00e0 ki\u1ec3u gi\u00f3 th\u1ed5i ti\u00eau chu\u1ea9n gi\u00fap cho ng\u01b0\u1eddi d\u00f9ng d\u1ec5 d\u00e0ng thay \u0111\u1ed5i l\u1ef1a ch\u1ecdn khi s\u1eed d\u1ee5ng.<\/p>\n<p>B\u1ea3o h\u00e0nh 2 n\u0103m: Trong \u0111\u00f3, 1 n\u0103m cho ph\u1ea7n \u0111i\u1ec7n v\u00e0 linh ki\u1ec7n do l\u1ed7i nh\u00e0 s\u1ea3n xu\u1ea5t, th\u00eam 1 n\u0103m cho ph\u1ea7n \u0111i\u1ec7n n\u1ebfu k\u00edch ho\u1ea1t b\u1ea3o h\u00e0nh \u0111i\u1ec7n t\u1eed.<\/p>\n<p>&nbsp;<\/p>\n<h3><span style=\"color: #3366ff;\">7. Nh\u1eefng l\u01b0u \u00fd \u0111\u1ec3 s\u1eed d\u1ee5ng m\u00e1y l\u00e0m m\u00e1t Daikiosan DKA-04500C hi\u1ec7u qu\u1ea3<\/span><\/h3>\n<h3>\u0110\u1eb7t qu\u1ea1t c\u00e1ch t\u01b0\u1eddng t\u1ed1i thi\u1ec3u \u00edt nh\u1ea5t 20 cm \u0111\u1ec3 qu\u1ea1t c\u00f3 kho\u1ea3n kh\u00f4ng gian c\u1ea7n thi\u1ebft ph\u1ee5c v\u1ee5 cho vi\u1ec7c l\u1ea5y gi\u00f3.<\/h3>\n<p>C\u1ea7n v\u1ec7 sinh qu\u1ea1t th\u01b0\u1eddng xuy\u00ean, \u0111\u1ea3m b\u1ea3o trong b\u00ecnh ch\u1ee9a n\u01b0\u1edbc l\u00e0 n\u01b0\u1edbc s\u1ea1ch, \u0111i\u1ec1u n\u00e0y nh\u1eb1m tr\u00e1nh \u0111\u1ec3 vi khu\u1ea9n, vi sinh v\u1eadt ph\u00e1t tri\u1ec3n g\u00e2y ra m\u00f9i h\u00f4i, \u1ea3nh h\u01b0\u1edbng \u0111\u1ebfn s\u1ee9c kh\u1ecfe ng\u01b0\u1eddi d\u00f9ng.<\/p>\n<p>L\u01b0u \u00fd, n\u00ean th\u00eam n\u01b0\u1edbc tr\u01b0\u1edbc khi ghi d\u00e2y \u0111i\u1ec7n v\u00e0o ngu\u1ed3n \u0111i\u1ec7n, \u0111i\u1ec1u n\u00e0y nh\u1eb1m \u0111\u1ea3m b\u1ea3o an to\u00e0n v\u1ec1 \u0111i\u1ec7n v\u00e0 t\u0103ng tu\u1ed5i th\u1ecd c\u1ee7a m\u00e1y. N\u1ebfu \u0111ang d\u00f9ng m\u00e1y l\u00e0m m\u00e1t, n\u00ean t\u1eaft qu\u1ea1t v\u00e0 r\u00fat d\u00e2y \u0111i\u1ec7n ngu\u1ed3n tr\u01b0\u1edbc khi ch\u00e2m n\u01b0\u1edbc, sau \u0111\u00f3 h\u00e3y kh\u1edfi \u0111\u1ed9ng v\u00e0 d\u00f9ng l\u1ea1i.<\/p>\n<p>H\u00e3y r\u00fat d\u00e2y ngu\u1ed3n khi kh\u00f4ng s\u1eed d\u1ee5ng nh\u1eb1m m\u1ee5c \u0111\u00edch ti\u1ebft ki\u1ec7m \u0111i\u1ec7n h\u01a1n<\/p>\n<p>&nbsp;<\/p>\n<h3><span style=\"color: #3366ff;\">8. Th\u00f4ng s\u1ed1 k\u1ef9 thu\u1eadt c\u1ee7a m\u00e1y l\u00e0m m\u00e1t Daikiosan DKA-04500C\u00a0<\/span><\/h3>\n<table class=\"Table\">\n<tbody>\n<tr>\n<td><span style=\"color: #3366ff;\"><strong>Model<\/strong><\/span><\/td>\n<td><span style=\"color: #3366ff;\"><strong>DKA-04500C\u00a0<\/strong><\/span><\/td>\n<\/tr>\n<tr>\n<td>L\u01b0u l\u01b0\u1ee3ng gi\u00f3 (M3\/H)<\/td>\n<td>4.500 M3\/H<\/td>\n<\/tr>\n<tr>\n<td>C\u00f4ng su\u1ea5t (W)<\/td>\n<td>200 W<\/td>\n<\/tr>\n<tr>\n<td>\u0110i\u1ec7n \u00e1p<\/td>\n<td>220V \u2013 50Hz<\/td>\n<\/tr>\n<tr>\n<td>\u0110i\u1ec1u khi\u1ec3n t\u1eeb xa<\/td>\n<td>Kh\u00f4ng<\/td>\n<\/tr>\n<tr>\n<td>H\u01b0\u1edbng gi\u00f3 th\u1ed5i<\/td>\n<td>4 chi\u1ec1u (t\u1ef1 \u0111\u1ed9ng tr\u00e1i \u2013 ph\u1ea3i, \u0111i\u1ec1u ch\u1ec9nh l\u00ean \u2013 xu\u1ed1ng)<\/td>\n<\/tr>\n<tr>\n<td>Ki\u1ec3u gi\u00f3 th\u1ed5i<\/td>\n<td>Ti\u00eau chu\u1ea9n<\/td>\n<\/tr>\n<tr>\n<td>T\u1ed1c \u0111\u1ed9<\/td>\n<td>Th\u1ea5p \u2013 Trung b\u00ecnh &#8211; Cao<\/td>\n<\/tr>\n<tr>\n<td>L\u01b0\u1ee3ng n\u01b0\u1edbc ti\u00eau th\u1ee5<\/td>\n<td>4 \u2013 6 L\/H<\/td>\n<\/tr>\n<tr>\n<td>Th\u1ec3 t\u00edch b\u00ecnh ch\u1ee9a<\/td>\n<td>36 L<\/td>\n<\/tr>\n<tr>\n<td>K\u00edch th\u01b0\u1edbc m\u00e1y<\/td>\n<td>620 x 430 x 1020 mm<\/td>\n<\/tr>\n<tr>\n<td>Di\u1ec7n t\u00edch l\u00e0m m\u00e1t<\/td>\n<td>30 \u2013 35 m2<\/td>\n<\/tr>\n<tr>\n<td>Tr\u1ecdng l\u01b0\u1ee3ng m\u00e1y<\/td>\n<td>16.5 kg<\/td>\n<\/tr>\n<tr>\n<td>Ch\u1ee9c n\u0103ng h\u1eb9n gi\u1edd<\/td>\n<td>Kh\u00f4ng<\/td>\n<\/tr>\n<tr>\n<td>Ch\u1ee9c n\u0103ng ion<\/td>\n<td>Kh\u00f4ng<\/td>\n<\/tr>\n<\/tbody>\n<\/table>\n<p>&nbsp;<\/p>\n<h2><span style=\"color: #3366ff;\">III. Li\u00ean h\u1ec7 mua m\u00e1y l\u00e0m m\u00e1t Daikiosan DKA-04500C t\u1ea1i Kim Long Ph\u00e1t<\/span><\/h2>\n<p>M\u00e1y l\u00e0m m\u00e1t Daikiosan DKA-04500C \u0111\u01b0\u1ee3c ph\u00e2n ph\u1ed1i ch\u00ednh h\u00e3ng t\u1ea1i \u0111i\u1ec7n m\u00e1y Kim Long Ph\u00e1t (KLP) l\u00e0 s\u1ea3n ph\u1ea9m ch\u1ea5t l\u01b0\u1ee3ng, cao c\u1ea5p. M\u00e1y l\u00e0m m\u00e1t Daikiosan DKA-04500C th\u00edch h\u1ee3p v\u1edbi m\u1ecdi gia \u0111\u00ecnh, mang l\u1ea1i kh\u00f4ng gian m\u00e1t m\u1ebb, th\u01b0 gi\u00e3n, trong l\u00e0nh.<\/p>\n<p>\u0110i\u1ec7n m\u00e1y Kim Long Ph\u00e1t\u00a0(KLP) l\u00e0 doanh nghi\u1ec7p ho\u1ea1t \u0111\u1ed9ng tr\u00ean th\u1ecb tr\u01b0\u1eddng v\u1edbi h\u01a1n 10 n\u0103m kinh nghi\u1ec7m. Kim Long Ph\u00e1t t\u1ef1 h\u00e0o l\u00e0 \u0111\u01a1n v\u1ecb ph\u00e2n ph\u1ed1i m\u00e1y l\u00e0m m\u00e1t ch\u00ednh h\u00e3ng, uy t\u00edn. Kim Long Ph\u00e1t cam k\u1ebft \u0111em \u0111\u1ebfn nh\u1eefng s\u1ea3n ph\u1ea9m t\u1ed1t nh\u1ea5t v\u1edbi gi\u00e1 ph\u1ea3i ch\u0103ng nh\u1ea5t. Ngo\u00e0i ra b\u1ea1n s\u1ebd an t\u00e2m h\u01a1n khi \u0111\u1ebfn v\u1edbi \u0111i\u1ec7n m\u00e1y Kim Long Ph\u00e1t v\u1edbi nhi\u1ec1u \u01b0u \u0111\u00e3i nh\u01b0:<\/p>\n<p>\u2022 Gi\u00e1 c\u1ea3 c\u1ea1nh tranh tr\u00ean to\u00e0n qu\u1ed1c \u2013 \u0110\u1eb7t l\u1ee3i \u00edch kh\u00e1ch h\u00e0ng l\u00ean h\u00e0ng \u0111\u1ea7u<\/p>\n<p>\u2022 Ho\u00e0n ti\u1ec1n 300% n\u1ebfu ph\u00e1t hi\u1ec7n h\u00e0ng gi\u1ea3, h\u00e0ng nh\u00e1i, linh ki\u1ec7n k\u00e9m ch\u1ea5t l\u01b0\u1ee3ng.<\/p>\n<p>\u2022 S\u1ea3n ph\u1ea9m ch\u00ednh h\u00e3ng \u2013 L\u1ea5y uy t\u00edn l\u00e0m ph\u01b0\u01a1ng ch\u00e2m ho\u1ea1t \u0111\u1ed9ng<\/p>\n<p>\u2022 H\u1ed7 tr\u1ee3 tr\u1ea3 g\u00f3p 0% &#8211; X\u00e9t duy\u1ec7t nhanh ch\u00f3ng, b\u1ea3o m\u1eadt<\/p>\n<p>\u2022 Giao h\u00e0ng mi\u1ec5n ph\u00ed trong n\u1ed9i th\u00e0nh \u2013 L\u1eafp \u0111\u1eb7t v\u00e0 thi\u1ebft k\u1ebf chuy\u00ean nghi\u1ec7p<\/p>\n<p>\u2022 \u0110\u1ed9i ng\u0169 CSKH v\u00e0 K\u1ef9 thu\u1eadt gi\u00e0u kinh nghi\u1ec7m<\/p>\n<p>&nbsp;<\/p>\n<p>M\u1ecdi th\u00f4ng tin chi ti\u1ebft xin li\u00ean h\u1ec7:<\/p>\n<p>C\u00d4NG TY C\u1ed4 PH\u1ea6N TH\u01af\u01a0NG M\u1ea0I V\u00c0 X\u00c2Y D\u1ef0NG KIM LONG PH\u00c1T<\/p>\n<p><b><i>Showroom 1:<\/i><\/b>\u00a0228 \u0110\u01b0\u1eddng III, KDC Khang \u0110i\u1ec1n, P. Ph\u01b0\u1edbc Long B, Qu\u1eadn 9, TP. H\u1ed3 Ch\u00ed Minh<\/p>\n<p><b><i>Showroom 2:<\/i><\/b>\u00a0T\u00f2a S1.01 &#8211; 05.01. Shophouse S01 &#8211; Vinhomes Grand Park &#8211; 200 Nguy\u1ec5n Xi\u1ec3n, P. Long Th\u1ea1nh M\u1ef9, Qu\u1eadn 9, TP. H\u1ed3 Ch\u00ed Minh<\/p>\n<p><b><i>Hotline t\u01b0 v\u1ea5n:<\/i><\/b>\u00a0<span style=\"color: #ff0000;\"><b>1900 571 230<\/b><\/span><\/p>\n<p><b><i>\u0110\u1eb7t h\u00e0ng tr\u1ef1c tuy\u1ebfn:<\/i><\/b>\u00a0<span style=\"color: #ff0000;\"><b>0888 124 839<\/b><\/span><\/p>\n<p><b><i>Email:<\/i><\/b>\u00a0<span style=\"color: #3366ff;\"><strong><a style=\"color: #3366ff;\" href=\"mailto:cskh@klp.vn?subject=Ph%E1%BA%A3n%20H%E1%BB%93i%20%C4%90i%E1%BB%87n%20M%C3%A1y%20Kim%20Long%20Ph%C3%A1t&amp;body=%C4%90i%E1%BB%87n%20M%C3%A1y%20Kim%20Long%20Ph%C3%A1t%20K%C3%ADnh%20ch%C3%A0o%20qu%C3%BD%20kh%C3%A1ch!%0AMong%20nh%E1%BA%ADn%20%C4%91%C6%B0%E1%BB%A3c%20%C3%BD%20ki%E1%BA%BFn%20ph%E1%BA%A3n%20h%E1%BB%93i%20t%E1%BB%AB%20Anh%2FCh%E1%BB%8B\">cskh@klp.vn<\/a><\/strong><\/span><\/p>\n<p><b><i>Website:<\/i><\/b><strong>\u00a0<span style=\"color: #3366ff;\"><a style=\"color: #3366ff;\" href=\"https:\/\/dienmayklp.vn\/\" target=\"_blank\" rel=\"noopener nofollow\">klp.vn<\/a><\/span><\/strong><\/p>\n","protected":false},"excerpt":{"rendered":"<p>L\u01b0u l\u01b0\u1ee3ng gi\u00f3: 4.500 M3\/H<\/p>\n<p>C\u00f4ng su\u1ea5t: 200\u00a0W<\/p>\n<p>Ki\u1ec3u gi\u00f3 th\u1ed5i: Ti\u00eau chu\u1ea9n<\/p>\n<p>H\u01b0\u1edbng gi\u00f3 th\u1ed5i: 4 chi\u1ec1u<\/p>\n<p>Di\u1ec7n tich l\u00e0m m\u00e1t: 30\u00a0&#8211; 35\u00a0m2<\/p>\n<p>Ch\u1ee9c n\u0103ng h\u1eb9n gi\u1edd: Kh\u00f4ng<\/p>\n<p>Ch\u1ee9c n\u0103ng ion:Kh\u00f4ng<\/p>\n<p>\u0110i\u1ec1u khi\u1ec3n t\u1eeb xa: Kh\u00f4ng<\/p>\n<p>B\u1ea3o h\u00e0nh 2 n\u0103m: Trong \u0111\u00f3, 1 n\u0103m cho ph\u1ea7n \u0111i\u1ec7n v\u00e0 linh ki\u1ec7n do l\u1ed7i nh\u00e0 s\u1ea3n xu\u1ea5t, th\u00eam 1 n\u0103m cho ph\u1ea7n \u0111i\u1ec7n n\u1ebfu k\u00edch ho\u1ea1t b\u1ea3o h\u00e0nh \u0111i\u1ec7n t\u1eed<\/p>\n","protected":false},"featured_media":959,"comment_status":"open","ping_status":"closed","template":"","meta":{"_acf_changed":false},"product_brand":[73],"product_cat":[82],"product_tag":[],"class_list":{"0":"post-958","1":"product","2":"type-product","3":"status-publish","4":"has-post-thumbnail","6":"product_brand-daikio","7":"product_cat-may-lam-mat","9":"first","10":"instock","11":"sale","12":"taxable","13":"shipping-taxable","14":"purchasable","15":"product-type-simple"},"acf":[],"_links":{"self":[{"href":"https:\/\/songxanhwater.com\/index.php?rest_route=\/wp\/v2\/product\/958","targetHints":{"allow":["GET"]}}],"collection":[{"href":"https:\/\/songxanhwater.com\/index.php?rest_route=\/wp\/v2\/product"}],"about":[{"href":"https:\/\/songxanhwater.com\/index.php?rest_route=\/wp\/v2\/types\/product"}],"replies":[{"embeddable":true,"href":"https:\/\/songxanhwater.com\/index.php?rest_route=%2Fwp%2Fv2%2Fcomments&post=958"}],"wp:featuredmedia":[{"embeddable":true,"href":"https:\/\/songxanhwater.com\/index.php?rest_route=\/wp\/v2\/media\/959"}],"wp:attachment":[{"href":"https:\/\/songxanhwater.com\/index.php?rest_route=%2Fwp%2Fv2%2Fmedia&parent=958"}],"wp:term":[{"taxonomy":"product_brand","embeddable":true,"href":"https:\/\/songxanhwater.com\/index.php?rest_route=%2Fwp%2Fv2%2Fproduct_brand&post=958"},{"taxonomy":"product_cat","embeddable":true,"href":"https:\/\/songxanhwater.com\/index.php?rest_route=%2Fwp%2Fv2%2Fproduct_cat&post=958"},{"taxonomy":"product_tag","embeddable":true,"href":"https:\/\/songxanhwater.com\/index.php?rest_route=%2Fwp%2Fv2%2Fproduct_tag&post=958"}],"curies":[{"name":"wp","href":"https:\/\/api.w.org\/{rel}","templated":true}]}}