{"id":953,"date":"2025-03-28T18:52:42","date_gmt":"2025-03-28T18:52:42","guid":{"rendered":"https:\/\/dienmayklp.vn\/?post_type=product&#038;p=953"},"modified":"2025-03-29T18:28:44","modified_gmt":"2025-03-29T18:28:44","slug":"may-lam-mat-nha-xuong-daikio-dk-36000tl","status":"publish","type":"product","link":"https:\/\/songxanhwater.com\/?product=may-lam-mat-nha-xuong-daikio-dk-36000tl","title":{"rendered":"M\u00c1Y L\u00c0M M\u00c1T NH\u00c0 X\u01af\u1edeNG DAIKIO DK-36000TL"},"content":{"rendered":"<h2><a href=\"https:\/\/dienmayklp.vn\/may-lam-mat-cong-suat-lon\" rel=\"nofollow noopener\" target=\"_blank\"><span style=\"color: #3366ff;\">M\u00e1y l\u00e0m m\u00e1t nh\u00e0 x\u01b0\u1edfng Daikio<\/span><\/a>\u00a0DK-36000TL ph\u00e2n ph\u1ed1i ch\u00ednh h\u00e3ng t\u1ea1i \u0111i\u1ec7n m\u00e1y\u00a0<span style=\"color: #3366ff;\"><a style=\"color: #3366ff;\" href=\"https:\/\/dienmayklp.vn\/\" rel=\"nofollow noopener\" target=\"_blank\">Kim Long Ph\u00e1t<\/a><\/span><\/h2>\n<p>&nbsp;<\/p>\n<p><strong>1.<\/strong>\u00a0<strong>M\u00c1Y L\u00c0M M\u00c1T<\/strong>\u00a0l\u00e0 \u0111\u00e1p s\u1ed1 \u0111\u00fang nh\u1ea5t, kinh t\u1ebf nh\u1ea5t cho c\u00e1c doanh nh\u00e2n c\u00f3 nhu c\u1ea7u v\u1ec1 vi\u1ec7c l\u00e0m m\u00e1t cho d\u1ef1 \u00e1n c\u1ee7a m\u00ecnh trong nhi\u1ec1u l\u0129nh v\u1ef1c kh\u00e1c nhau (Nh\u00e0 m\u00e1y, X\u00ed nghi\u1ec7p, X\u01b0\u1edfng s\u1ea3n xu\u1ea5t, Nh\u00e0 h\u00e0ng, Khu vui ch\u01a1i, gi\u1ea3i tr\u00ed, Ph\u00f2ng chi\u1ebfu phim, Th\u00f4ng gi\u00f3 h\u00e0nh lanh, t\u1ea7ng h\u1ea7m, qu\u00e1n \u0103n, qu\u00e1n caf\u00e9, tr\u1ed3ng tr\u1ecdt, ch\u0103n nu\u00f4i\u2026.)<\/p>\n<p><strong>2. M\u00c1Y L\u00c0M M\u00c1T<\/strong>\u00a0\u00a0<strong><em>Ti\u1ebft ki\u1ec7m ti\u1ec1n<\/em><\/strong>: Gi\u1ea3m t\u1ed1i \u0111a chi ph\u00ed \u0111\u1ea7u t\u01b0 ch\u1ec9 b\u1eb1ng 20% so v\u1edbi ph\u01b0\u01a1ng ph\u00e1p d\u00f9ng m\u00e1y \u0111i\u1ec1u h\u00f2a kh\u00f4ng kh\u00ed.<\/p>\n<p><strong>3. M\u00c1Y L\u00c0M M\u00c1T<\/strong>\u00a0\u00a0<strong><em>Ti\u1ebft ki\u1ec7m \u0111i\u1ec7n<\/em><\/strong>: Trong c\u00f9ng m\u1ed9t di\u1ec7n t\u00edch m\u00e1t th\u00ec \u00a0m\u00e1y l\u00e0m m\u00e1t \u00a0ch\u1ec9 ti\u00eau hao \u00a0b\u1eb1ng 10% \u0111\u1ebfn 12% \u00a0\u0111i\u1ec7n n\u0103ng so v\u1edbi m\u00e1y \u0111i\u1ec1u h\u00f2a kh\u00f4ng kh\u00ed.<\/p>\n<p><strong>4. \u00a0M\u00c1Y L\u00c0M M\u00c1T<\/strong>\u00a0\u00a0<strong><em>Ti\u1ebft ki\u1ec7m n\u01b0\u1edbc<\/em><\/strong>. V\u1edbi ch\u1ee9c n\u0103ng b\u01a1m n\u01b0\u1edbc tu\u1ea7n ho\u00e0n &amp; V\u1edbi 1 kg n\u01b0\u1edbc bay h\u01a1i s\u1ebd t\u1ea1o ra hi\u1ec7u qu\u1ea3 l\u1ea1nh ngang v\u1edbi 7 kg n\u01b0\u1edbc \u0111\u00e1, l\u00e0m h\u1ea1 nhi\u1ec7t nhanh t\u1ee9c th\u00ec.<\/p>\n<p><strong>5. M\u00c1Y L\u00c0M M\u00c1T<\/strong>\u00a0\u00a0<strong><em>H\u1ea1 nhi\u1ec7t \u0111\u1ed9 th\u1ea5p:\u00a0<\/em><\/strong>\u00a0M\u00e1y l\u00e0m m\u00e1t c\u00f3 th\u1ec3 h\u1ea1 nhi\u1ec7t \u0111\u1ed9 trong kh\u00f4ng gian c\u1ea7n l\u00e0m m\u00e1t t\u1eeb 4\u00b0C \u0111\u1ebfn\u00a0 8\u00b0C so v\u1edbi nhi\u1ec7t \u0111\u1ed9 tr\u01b0\u1edbc khi l\u00e0m m\u00e1t.<\/p>\n<p><strong>6. \u00a0M\u00c1Y L\u00c0M M\u00c1T<\/strong>\u00a0\u00a0\u00a0<strong><em>\u0110\u1ed9 \u1ed3n th\u1ea5p<\/em><\/strong>\u00a0: Khi ho\u1ea1t \u0111\u1ed9ng \u0111\u1ed9 \u1ed3n kh\u00f4ng qu\u00e1 giao \u0111\u1ed9ng t\u1eeb 45 db t\u1edbi 80db (t\u00f9y thu\u1ed9c c\u00f4ng su\u1ea5t). C\u00e1nh qu\u1ea1t c\u00f3 ki\u1ec3u d\u00e1ng h\u01b0\u1edbng tr\u1ee5c &amp; ly t\u00e2m, c\u00e1nh l\u1edbn, th\u1ed5i m\u1ea1nh, \u0111\u1ea9y xa ho\u00e0n to\u00e0n ph\u00f9 h\u1ee3p v\u1edbi \u0111i\u1ec1u ki\u1ec7n l\u00e0m vi\u1ec7c nh\u00e0 x\u01b0\u1edfng v\u00e0 c\u00e1c kh\u00f4ng\u00a0 gian m\u1edf.<\/p>\n<p><strong>7. M\u00c1Y L\u00c0M M\u00c1T<\/strong>\u00a0\u00a0<strong>\u00a0<em>Cung c\u1ea5p oxy<\/em>\u00a0:\u00a0<\/strong>Ngo\u00e0i ch\u1ee9c n\u0103ng l\u00e0m m\u00e1t khi ho\u1ea1t \u0111\u1ed9ng m\u00e1y l\u00e0m m\u00e1t c\u00f2n l\u00e0 h\u1ec7 th\u1ed1ng th\u00f4ng gi\u00f3, lu\u00f4n cung c\u1ea5p m\u1ed9t lu\u1ed3ng kh\u00ed t\u01b0\u01a1i, s\u1ea1ch, m\u00e1t l\u1ea1nh, gi\u00e0u oxy t\u1ea1o s\u1ef1 s\u1ea3ng kho\u00e1i cho kh\u00f4ng gian s\u1eed d\u1ee5ng , t\u1ea1o s\u1ef1 ch\u00eanh \u00e1p gi\u1eefa m\u00f4i tr\u01b0\u1eddng trong v\u00e0 ngo\u00e0i khu v\u1ef1c l\u00e0m m\u00e1t. L\u00e0m cho b\u1ee5i b\u1ea9n kh\u00f4ng c\u00f3 c\u01a1 h\u1ed9i x\u00e2m nh\u1eadp v\u00e0o kh\u00f4ng gian s\u1eed d\u1ee5ng m\u00e1y l\u00e0m m\u00e1t.<\/p>\n<p><strong>8 . M\u00c1Y L\u00c0M M\u00c1T<\/strong>\u00a0\u00a0<strong><em>B\u1ea3o v\u1ec7 m\u00f4i tr\u01b0\u1eddng<\/em><\/strong>\u00a0: L\u00e0m m\u00e1t theo nguy\u00ean l\u00fd t\u1ef1 nhi\u00ean kh\u00f4ng s\u1eed d\u1ee5ng kh\u00ed gas hay m\u00f4i ch\u1ea5t h\u00f3a h\u1ecdc n\u00e0o kh\u00e1c v\u00ec v\u1eady m\u00e1y l\u00e0m m\u00e1t kh\u00f4ng h\u1ee7y ho\u1ea1i t\u1ea7ng Ozon, kh\u00f4ng \u1ea3nh h\u01b0\u1edfng t\u1edbi m\u00f4i tr\u01b0\u1eddng l\u00e0m vi\u1ec7c xung quanh.<\/p>\n<p><strong>9 . M\u00c1Y L\u00c0M M\u00c1T<\/strong>\u00a0\u00a0<strong><em>S\u1eed d\u1ee5ng \u0111\u01a1n gi\u1ea3n:\u00a0<\/em><\/strong>V\u1edbi c\u1ea5u t\u1ea1o \u0111\u01a1n gi\u1ea3n, c\u01a1 h\u1ecdc (V\u1ecf m\u00e1y, t\u1ea5m Pad, Motour, C\u00e1nh qu\u1ea1t, b\u01a1m n\u01b0\u1edbc, \u0111i\u1ec1u khi\u1ec3n, phao n\u01b0\u1edbc, van x\u1ea3) b\u1ea5t c\u1ee9 ai c\u0169ng c\u00f3 th\u1ec3 s\u1eed d\u1ee5ng m\u1ed9t c\u00e1ch \u0111\u01a1n gi\u1ea3n. Ch\u1ec9 c\u1ea7n m\u1ed9t ng\u01b0\u1eddi th\u1ee3 k\u1ef9 thu\u1eadt b\u00ecnh th\u01b0\u1eddng c\u0169ng c\u00f3 th\u1ec3 v\u1eadn h\u00e0nh &amp; s\u1eed l\u00fd s\u1ef1 c\u1ed1 nhanh g\u1ecdn, kh\u00f4ng l\u00e0m \u1ea3nh h\u01b0\u1edfng t\u1edbi vi\u1ec7c s\u1ea3n xu\u1ea5t kinh doanh<\/p>\n<p>&nbsp;<\/p>\n<p><strong>TH\u00d4NG S\u1ed0 K\u1ef8 THU\u1eacT:<\/strong><\/p>\n<p>&nbsp;<\/p>\n<table border=\"1\" cellspacing=\"0\" cellpadding=\"0\" align=\"center\">\n<tbody>\n<tr>\n<td align=\"left\" bgcolor=\"#00FFCC\" width=\"323\" height=\"28\"><b>MODEL: DK-36000TL<\/b><\/td>\n<td bgcolor=\"#00FFCC\" width=\"213\">\u00a0<b>Th\u00f4ng s\u1ed1\u00a0<\/b><\/td>\n<\/tr>\n<tr>\n<td align=\"left\" width=\"323\" height=\"25\">\u00a0B\u01a1m n\u01b0\u1edbc tu\u1ea7n ho\u00e0n &#8211; Have pump<\/td>\n<td width=\"213\">\u00a0C\u00f3 b\u01a1m n\u01b0\u1edbc tu\u1ea7n ho\u00e0n<\/td>\n<\/tr>\n<tr>\n<td align=\"left\" width=\"323\" height=\"25\">\u00a0H\u01b0\u1edbng gi\u00f3 th\u1ed5i &#8211; Air out way<\/td>\n<td width=\"213\">\u00a0Th\u1ed5i l\u00ean<\/td>\n<\/tr>\n<tr>\n<td align=\"left\" width=\"323\" height=\"25\">\u00a0L\u01b0u l\u01b0\u1ee3ng gi\u00f3 &#8211; Air flow rate<\/td>\n<td width=\"213\">\u00a036.000 m\u00b3\/h<\/td>\n<\/tr>\n<tr>\n<td align=\"left\" width=\"323\" height=\"25\">\u00a0D\u00f2ng \u0111i\u1ec7n &#8211; Electric current<\/td>\n<td width=\"213\">\u00a08 A<\/td>\n<\/tr>\n<tr>\n<td align=\"left\" width=\"323\" height=\"25\">\u00a0C\u00f4ng su\u1ea5t motor &#8211; Motor Power<\/td>\n<td width=\"213\">\u00a03.6 kW<\/td>\n<\/tr>\n<tr>\n<td align=\"left\" width=\"323\" height=\"25\">\u00a0Lo\u1ea1i motor<\/td>\n<td width=\"213\">\u00a01 t\u1ed1c \u0111\u1ed9, 100% l\u00f5i \u0111\u1ed3ng<\/td>\n<\/tr>\n<tr>\n<td align=\"left\" width=\"323\" height=\"25\">\u00a0\u0110i\u1ec7n \u00e1p<\/td>\n<td width=\"213\">\u00a0380V \u2013 50Hz<\/td>\n<\/tr>\n<tr>\n<td align=\"left\" width=\"323\" height=\"25\">\u00a0Lo\u1ea1i qu\u1ea1t &#8211; h\u01b0\u1edbng tr\u1ee5c<\/td>\n<td width=\"213\">\u00a0Blower type\/Axia type<\/td>\n<\/tr>\n<tr>\n<td align=\"left\" width=\"323\" height=\"25\">\u00a0L\u01b0\u1ee3ng n\u01b0\u1edbc ti\u00eau th\u1ee5 &#8211; Water consumption<\/td>\n<td width=\"213\">\u00a08-12L\/H<\/td>\n<\/tr>\n<tr>\n<td align=\"left\" width=\"323\" height=\"25\">\u00a0Th\u1ec3 t\u00edch b\u00ecnh ch\u1ee9a n\u01b0\u1edbc &#8211; Water tank capacity<\/td>\n<td width=\"213\">\u00a080L<\/td>\n<\/tr>\n<tr>\n<td align=\"left\" width=\"323\" height=\"25\">\u00a0K\u00edch th\u01b0\u1edbc m\u00e1y &#8211; Overroll<\/td>\n<td width=\"213\">\u00a01300x1300x1280 mm<\/td>\n<\/tr>\n<tr>\n<td align=\"left\" width=\"323\" height=\"25\">\u00a0Ch\u1ea5t li\u1ec7u v\u1ecf &#8211; Casing material<\/td>\n<td width=\"213\">\u00a0 Plastic<\/td>\n<\/tr>\n<tr>\n<td align=\"left\" width=\"323\" height=\"25\">\u00a0Di\u1ec7n t\u00edch l\u00e0m m\u00e1t &#8211; Application area<\/td>\n<td width=\"213\">\u00a0200 &#8211; 230 m\u00b2<\/td>\n<\/tr>\n<tr>\n<td align=\"left\" width=\"323\" height=\"25\">\u00a0Kh\u1ed1i l\u01b0\u1ee3ng &#8211; Weight<\/td>\n<td width=\"213\">\u00a0134 \/ 154 Kg<\/td>\n<\/tr>\n<\/tbody>\n<\/table>\n<p>&nbsp;<\/p>\n<p><strong>M\u1ecdi th\u00f4ng tin chi ti\u1ebft xin li\u00ean h\u1ec7:<\/strong><\/p>\n<p><strong>C\u00d4NG TY C\u1ed4 PH\u1ea6N TH\u01af\u01a0NG M\u1ea0I V\u00c0 X\u00c2Y D\u1ef0NG KIM LONG PH\u00c1T<\/strong><\/p>\n<h2><strong>Showroom 1<\/strong>: 228 \u0110\u01b0\u1eddng III, KDC Khang \u0110i\u1ec1n, P. Ph\u01b0\u1edbc Long B, Qu\u1eadn 9, TP. H\u1ed3 Ch\u00ed Minh<\/h2>\n<h2><strong>Showroom 2:<\/strong>\u00a0T\u00f2a S1.01 &#8211; 05.01. Shophouse S01 &#8211; Vinhomes Grand Park &#8211; 200 Nguy\u1ec5n Xi\u1ec3n, P. Long Th\u1ea1nh M\u1ef9, Qu\u1eadn 9, TP. H\u1ed3 Ch\u00ed Minh<\/h2>\n<p>Hotline t\u01b0 v\u1ea5n: 028 2253 5834<\/p>\n<p>\u0110\u1eb7t h\u00e0ng tr\u1ef1c tuy\u1ebfn: 0975 679 179<\/p>\n<p>Email:\u00a0<span style=\"color: #3366ff;\"><a style=\"color: #3366ff;\" href=\"mailto:cskh@klp.vn\">cskh@klp.vn<\/a><\/span><\/p>\n<p>Website:\u00a0<span style=\"color: #3366ff;\"><a style=\"color: #3366ff;\" href=\"https:\/\/dienmayklp.vn\/\" rel=\"nofollow noopener\" target=\"_blank\">klp.vn<\/a><\/span><\/p>\n","protected":false},"excerpt":{"rendered":"<p>M\u00e1y l\u00e0m m\u00e1t nh\u00e0 x\u01b0\u1edfng Daikio\u00a0DK-36000TL ph\u00e2n ph\u1ed1i ch\u00ednh h\u00e3ng t\u1ea1i \u0111i\u1ec7n m\u00e1y\u00a0Kim Long Ph\u00e1t &nbsp; 1.\u00a0M\u00c1Y L\u00c0M M\u00c1T\u00a0l\u00e0 \u0111\u00e1p s\u1ed1 \u0111\u00fang nh\u1ea5t, kinh t\u1ebf nh\u1ea5t cho c\u00e1c doanh nh\u00e2n c\u00f3 nhu c\u1ea7u v\u1ec1 vi\u1ec7c l\u00e0m m\u00e1t cho d\u1ef1 \u00e1n c\u1ee7a m\u00ecnh trong nhi\u1ec1u l\u0129nh v\u1ef1c kh\u00e1c nhau (Nh\u00e0 m\u00e1y, X\u00ed nghi\u1ec7p, X\u01b0\u1edfng s\u1ea3n xu\u1ea5t, [&#8230;]\n","protected":false},"featured_media":954,"comment_status":"open","ping_status":"closed","template":"","meta":{"_acf_changed":false},"product_brand":[73],"product_cat":[82],"product_tag":[],"class_list":{"0":"post-953","1":"product","2":"type-product","3":"status-publish","4":"has-post-thumbnail","6":"product_brand-daikio","7":"product_cat-may-lam-mat","9":"first","10":"instock","11":"sale","12":"taxable","13":"shipping-taxable","14":"purchasable","15":"product-type-simple"},"acf":[],"_links":{"self":[{"href":"https:\/\/songxanhwater.com\/index.php?rest_route=\/wp\/v2\/product\/953","targetHints":{"allow":["GET"]}}],"collection":[{"href":"https:\/\/songxanhwater.com\/index.php?rest_route=\/wp\/v2\/product"}],"about":[{"href":"https:\/\/songxanhwater.com\/index.php?rest_route=\/wp\/v2\/types\/product"}],"replies":[{"embeddable":true,"href":"https:\/\/songxanhwater.com\/index.php?rest_route=%2Fwp%2Fv2%2Fcomments&post=953"}],"wp:featuredmedia":[{"embeddable":true,"href":"https:\/\/songxanhwater.com\/index.php?rest_route=\/wp\/v2\/media\/954"}],"wp:attachment":[{"href":"https:\/\/songxanhwater.com\/index.php?rest_route=%2Fwp%2Fv2%2Fmedia&parent=953"}],"wp:term":[{"taxonomy":"product_brand","embeddable":true,"href":"https:\/\/songxanhwater.com\/index.php?rest_route=%2Fwp%2Fv2%2Fproduct_brand&post=953"},{"taxonomy":"product_cat","embeddable":true,"href":"https:\/\/songxanhwater.com\/index.php?rest_route=%2Fwp%2Fv2%2Fproduct_cat&post=953"},{"taxonomy":"product_tag","embeddable":true,"href":"https:\/\/songxanhwater.com\/index.php?rest_route=%2Fwp%2Fv2%2Fproduct_tag&post=953"}],"curies":[{"name":"wp","href":"https:\/\/api.w.org\/{rel}","templated":true}]}}