{"id":922,"date":"2025-03-28T18:19:21","date_gmt":"2025-03-28T18:19:21","guid":{"rendered":"https:\/\/dienmayklp.vn\/?post_type=product&#038;p=922"},"modified":"2025-03-29T18:18:55","modified_gmt":"2025-03-29T18:18:55","slug":"may-lam-mat-khong-khi-nakami-nka-00800a","status":"publish","type":"product","link":"https:\/\/songxanhwater.com\/?product=may-lam-mat-khong-khi-nakami-nka-00800a","title":{"rendered":"M\u00c1Y L\u00c0M M\u00c1T KH\u00d4NG KH\u00cd NAKAMI NKA-00800A"},"content":{"rendered":"<h2><span style=\"color: #3366ff;\"><strong>TH\u00d4NG S\u1ed0 K\u1ef8 THU\u1eacT\u00a0M\u00c1Y L\u00c0M M\u00c1T\u00a0KH\u00d4NG KH\u00cd\u00a0NAKAMI NKM-00800A (NKA-00800A)<\/strong><\/span><\/h2>\n<p><strong>M\u00e3 S\u1ea3n ph\u1ea9m:<\/strong>\u00a0NKA-00800A<\/p>\n<p><strong>S\u1ea3n xu\u1ea5t t\u1ea1i:<\/strong>\u00a0Trung Qu\u1ed1c<\/p>\n<p><strong>\u0110i\u1ec7n \u00e1p:<\/strong>\u00a0220V &#8211; 50Hz<\/p>\n<p><strong>L\u01b0u l\u01b0\u1ee3ng gi\u00f3:<\/strong>\u00a0800 M\u00b3\/H<\/p>\n<p><strong>C\u00f4ng su\u1ea5t:<\/strong>\u00a090 W<\/p>\n<p><strong>H\u01b0\u1edbng gi\u00f3 th\u1ed5i:<\/strong>\u00a04 chi\u1ec1u<\/p>\n<p><span style=\"color: #3366ff;\"><a style=\"color: #3366ff;\" href=\"https:\/\/dienmayklp.vn\/\" rel=\"nofollow noopener\" target=\"_blank\">Nakami<\/a><\/span>\u00a0NKA-00800A l\u00e0 lo\u1ea1i m\u00e1y ho\u1ea1t \u0111\u1ed9ng theo nguy\u00ean l\u00fd l\u00e0m m\u00e1t t\u1ef1 nhi\u00ean, d\u1ef1a v\u00e0o hi\u1ec7n t\u01b0\u1ee3ng bay h\u01a1i n\u01b0\u1edbc \u0111\u1ec3 l\u00e0m m\u00e1t kh\u00f4ng kh\u00ed. Nhi\u1ec7t \u0111\u1ed9 n\u01b0\u1edbc t\u1ef1 nhi\u00ean l\u00e0 28\u00b0C sau khi qua t\u1ea5m l\u00e0m m\u00e1t n\u01b0\u1edbc s\u1ebd h\u1ea1 nhi\u1ec7t \u0111\u1ed9 xu\u1ed1ng 25\u00b0C, kh\u00f4ng kh\u00ed bay qua \u0111\u00e2y v\u00e0 h\u1ea1 nhi\u1ec7t \u0111\u1ed9 xu\u1ed1ng 26\u00b0C \u0111\u1ebfn 28\u00b0C, tr\u1ea3 l\u1ea1i b\u1ea7u kh\u00f4ng kh\u00ed t\u1ef1 nhi\u00ean, m\u00e1t m\u1ebb, trong l\u00e0nh.<\/p>\n<h2><span style=\"color: #3366ff;\"><strong>M\u00c1Y L\u00c0M M\u00c1T NAKAMI NKA-00800A L\u00c0 G\u00cc ?<\/strong><\/span><\/h2>\n<p><strong>Nakami NKA-00800A l\u00e0 m\u1ed9t s\u1ea3n ph\u1ea9m l\u00e0m m\u00e1t kh\u00f4ng kh\u00ed<\/strong>\u00a0d\u1ef1a theo nguy\u00ean l\u00fd bay h\u01a1i n\u01b0\u1edbc t\u1ef1 nhi\u00ean \u0111em \u0111\u1ebfn l\u00e0n gi\u00f3 t\u01b0\u01a1i m\u00e1t, d\u1ec5 ch\u1ecbu, gi\u00e0u Oxy. S\u1ea3n ph\u1ea9m ph\u00f9 h\u1ee3p v\u1edbi m\u1ecdi kh\u00f4ng gian m\u1edf, b\u00e1n m\u1edf, k\u00edn v\u00e0 si\u00eau ti\u1ebft ki\u1ec7m \u0111i\u1ec7n n\u0103ng ti\u00eau th\u1ee5 so v\u1edbi \u0111i\u1ec1u h\u00f2a nhi\u1ec7t \u0111\u1ed9, m\u00e1y \u0111i\u1ec7n ph\u00e2n ph\u1ed1i ch\u00ednh h\u00e3ng t\u1ea1i \u0111i\u1ec7n m\u00e1y\u00a0<span style=\"color: #3366ff;\"><a style=\"color: #3366ff;\" href=\"https:\/\/dienmayklp.vn\/\" rel=\"nofollow noopener\" target=\"_blank\">Kim Long Ph\u00e1t<\/a><\/span><\/p>\n<p>&nbsp;<\/p>\n<p><img loading=\"lazy\" decoding=\"async\" class=\"size-medium wp-image-2160 aligncenter\" src=\"https:\/\/dienmayklp.vn\/wp-content\/uploads\/2025\/03\/may-lam-mat-nakami-nka-00800a-51.jpg\" alt=\"\" width=\"600\" height=\"400\" \/><\/p>\n<h2><span style=\"color: #3366ff;\"><strong>T\u00cdNH N\u0102NG N\u1ed4I B\u1eacT C\u1ee6A M\u00c1Y L\u00c0M M\u00c1T KH\u00d4NG KH\u00cd NAKAMI NKA-00800A<\/strong><\/span><\/h2>\n<p>1. H\u1ea1 nhi\u1ec7t \u0111\u1ed9 t\u1ea1i c\u1eeda gi\u00f3 26-28 \u0111\u1ed9 C v\u00e0 c\u00e2n b\u1eb1ng \u0111\u1ed9 \u1ea9m \u1edf m\u1ee9c ti\u00eau chu\u1ea9n t\u1ed1t cho s\u1ee9c kh\u1ecfe.<br \/>\n2. Si\u00eau ti\u1ebft ki\u1ec7m \u0111i\u1ec7n t\u1ed1i \u0111a so v\u1edbi \u0111i\u1ec1u h\u00f2a nhi\u1ec7t \u0111\u1ed9.<br \/>\n3. L\u00e0m m\u00e1t nhanh ch\u1ec9 sau 1 ph\u00fat b\u1eadt ch\u1ebf \u0111\u1ed9 COOL (l\u00e0m m\u00e1t b\u1eb1ng h\u01a1i n\u01b0\u1edbc)<br \/>\n4. L\u1ecdc s\u1ea1ch kh\u00f4ng kh\u00ed nh\u1edd t\u1ea5m l\u01b0\u1edbi l\u1ecdc v\u00e0 t\u1ea5m l\u00e0m m\u00e1t Cooling Pad<br \/>\n5. Ch\u1ee9c n\u0103ng ion \u00e2m c\u00e2n b\u1eb1ng ion d\u01b0\u01a1ng \u0111\u1ed9c h\u1ea1i \u0111\u1ec3 tr\u1ea3 l\u1ea1i b\u1ea7u kh\u00f4ng trong l\u00e0nh<br \/>\n6. Ch\u1ee9c n\u0103ng h\u1eb9n gi\u1edd 7h t\u1ea1o thu\u1eadn l\u1ee3i cho vi\u1ec7c s\u1eed d\u1ee5ng v\u00e0 tr\u00e1nh l\u00e3ng ph\u00ed \u0111i\u1ec7n<\/p>\n<p><img loading=\"lazy\" decoding=\"async\" class=\"size-medium wp-image-2159 aligncenter\" src=\"https:\/\/dienmayklp.vn\/wp-content\/uploads\/2025\/03\/2-502-222.png\" alt=\"\" width=\"600\" height=\"343\" \/><\/p>\n<p>7. C\u00f3 3 t\u1ed1c \u0111\u1ed9 gi\u00f3 \u0111\u1ec3 b\u1ea1n l\u1ef1a ch\u1ecdn m\u1ee9c \u0111\u1ed9 l\u00e0m m\u00e1t ph\u00f9 h\u1ee3p v\u1edbi th\u1eddi ti\u1ebft ngo\u00e0i tr\u1eddi.<br \/>\n8. H\u01b0\u1edbng gi\u00f3 th\u1ed5i 4 chi\u1ec1u: t\u1ef1 \u0111\u1ed9ng tr\u00e1i-ph\u1ea3i, \u0111i\u1ec1u ch\u1ec9nh l\u00ean &#8211; xu\u1ed1ng \u0111\u1ec3 ph\u00e2n b\u1ed1 l\u00e0n gi\u00f3 \u0111\u1ebfn m\u1ecdi ng\u00f3c ng\u00e1ch trong nh\u00e0.<br \/>\n9. \u0110\u1ed9 \u1ed3n th\u1ea5p \u2264 56 (dB) n\u00ean v\u1eadn h\u00e0nh \u00eam \u00e1i, v\u1ec1 \u0111\u00eam b\u1ea1n \u0111\u01b0\u1ee3c ng\u1ee7 ngon v\u00e0 s\u00e2u h\u01a1n.<br \/>\n10. Ch\u1ebf \u0111\u1ed9 qu\u1ea1t gi\u00f3 s\u1eed d\u1ee5ng khi th\u1eddi ti\u1ebft kh\u00f4ng n\u1eafng n\u00f3ng \u0111\u1ec3 ti\u1ebft ki\u1ec7m \u0111i\u1ec7n h\u01a1n n\u1eefa.<br \/>\n11. Ch\u1ebf \u0111\u1ed9 qu\u1ea1t h\u01a1i n\u01b0\u1edbc s\u1eed d\u1ee5ng khi th\u1eddi ti\u1ebft n\u1eafng n\u00f3ng. Tr\u01b0\u1eddng h\u1ee3p b\u1ea1n mu\u1ed1n l\u1ea1nh s\u00e2u cho th\u00eam \u0111\u00e1 l\u1ea1nh ho\u1eb7c \u0111\u00e1 l\u1ea1nh kh\u00f4.<br \/>\n12. \u0110i\u1ec1u khi\u1ec3n t\u1eeb xa t\u1ea1o s\u1ef1 ti\u1ec7n l\u1ee3i v\u00e0 linh ho\u1ea1t khi \u0111i\u1ec1u ch\u1ec9nh c\u00e1c ch\u1ebf \u0111\u1ed9 v\u00e0 ch\u1ee9c n\u0103ng l\u00e0m m\u00e1t.<\/p>\n<p><img loading=\"lazy\" decoding=\"async\" class=\"size-medium wp-image-2158 aligncenter\" src=\"https:\/\/dienmayklp.vn\/wp-content\/uploads\/2025\/03\/3-997-470.jpg\" alt=\"\" width=\"600\" height=\"343\" \/><\/p>\n<h2><span style=\"color: #3366ff;\"><strong>C\u00c1C T\u00cdNH N\u0102NG CHI TI\u1ebeT C\u1ee6A M\u00c1Y L\u00c0M M\u00c1T KH\u00d4NG KH\u00cd NAKAMI NKA-00800A<\/strong><\/span><\/h2>\n<p>V\u1edbi mong mu\u1ed1n \u0111em l\u1ea1i m\u1ed9t s\u1ea3n ph\u1ea9m l\u00e0m m\u00e1t kh\u00f4ng kh\u00ed t\u1ed1t cho s\u1ee9c kh\u1ecfe, ti\u1ebft ki\u1ec7m \u0111i\u1ec7n n\u0103ng t\u1ed1i \u0111a, c\u00e1c chuy\u00ean gia \u0111i\u1ec7n l\u1ea1nh h\u00e0ng \u0111\u1ea7u \u0111\u00e3 cho ra \u0111\u1eddi\u00a0<strong>m\u1eabu m\u00e1y l\u00e0m m\u00e1t Nakami NKA-00800A<\/strong>. V\u00e0 m\u00e1y \u0111\u00e3 kh\u1eafc ph\u1ee5c \u0111\u01b0\u1ee3c nh\u1eefng nh\u01b0\u1ee3c \u0111i\u1ec3m c\u1ee7a qu\u1ea1t phun s\u01b0\u01a1ng, \u0111i\u1ec1u h\u00f2a nhi\u1ec7t \u0111\u1ed9 b\u1eb1ng c\u00e1c t\u00ednh n\u0103ng d\u01b0\u1edbi \u0111\u00e2y:<\/p>\n<ul>\n<li>\n<h3><span style=\"color: #3366ff;\"><strong>Hi\u1ec7u qu\u1ea3 l\u00e0m m\u00e1t t\u1ed1t cho s\u1ee9c kh\u1ecfe<\/strong><\/span><\/h3>\n<\/li>\n<\/ul>\n<p>Theo c\u00e1c chuy\u00ean gia s\u1ee9c kh\u1ecfe, m\u1ee9c nhi\u1ec7t \u0111\u1ed9 kh\u00f4ng kh\u00ed t\u1ed1t cho s\u1ee9c kh\u1ecfe con ng\u01b0\u1eddi l\u00e0 25-28 \u0111\u1ed9 C nh\u01b0ng ch\u1ec9 th\u00edch h\u1ee3p v\u1edbi \u0111i\u1ec1u ki\u1ec7n kh\u00ed h\u1eadu ch\u00eanh l\u1ec7ch gi\u1eefa trong v\u00e0 ngo\u00e0i t\u1eeb 5 \u0111\u1ebfn 7 \u0111\u1ed9.<\/p>\n<p>M\u00e1y l\u00e0m m\u00e1t h\u1ea1 nhi\u1ec7t \u0111\u1ed9 xu\u1ed1ng 26-28 \u0111\u1ed9 C n\u00ean \u0111\u00e2y l\u00e0 m\u1ee9c nhi\u1ec7t \u0111\u1ed9 t\u1ed1t cho s\u1ee9c kh\u1ecfe, kh\u00f4ng g\u00e2y s\u1ed1c nhi\u1ec7t khi s\u1eed d\u1ee5ng.<\/p>\n<p>\u0110\u1ed3ng th\u1eddi, m\u00e1y c\u00e2n b\u1eb1ng \u0111\u1ed9 \u1ea9m n\u00ean gi\u00fap gi\u1eef \u1ea9m cho da, ch\u1ed1ng kh\u00f4 da. V\u00ec v\u1edbi m\u1ee9c \u0111\u1ed9 \u1ea9m n\u00e0y, c\u01a1 th\u1ec3 \u0111\u01b0\u1ee3c tho\u00e1t m\u1ed3 h\u00f4i \u1edf m\u1ee9c t\u1ed1t, kh\u00f4ng m\u1ea5t qu\u00e1 nhi\u1ec1u n\u01b0\u1edbc c\u01a1 th\u1ec3.<\/p>\n<ul>\n<li>\n<h3><span style=\"color: #3366ff;\"><strong>L\u00e0m m\u00e1t nhanh<\/strong><\/span><\/h3>\n<\/li>\n<\/ul>\n<p>M\u00e1y l\u00e0m m\u00e1t nhanh nh\u1edd t\u1ea5m l\u00e0m m\u00e1t Cooling Pad l\u00e0m t\u1eeb g\u1ed7. Khi b\u1eadt ch\u1ebf \u0111\u1ed9 Cool, n\u01b0\u1edbc \u0111\u01b0\u1ee3c k\u00eanh ph\u00e2n ph\u1ed1i di chuy\u1ec3n qua t\u1ea5m Cooling Pad, kh\u00f4ng kh\u00ed n\u00f3ng b\u00ean ngo\u00e0i \u0111\u01b0\u1ee3c h\u00fat v\u00e0o di chuy\u1ec3n qua \u0111\u00e2y \u0111\u01b0\u1ee3c h\u1ea1 nhi\u1ec7t nhanh ch\u1ec9 trong kho\u1ea3ng 1 ph\u00fat.<\/p>\n<ul>\n<li>\n<h3><span style=\"color: #3366ff;\"><strong>L\u1ecdc s\u1ea1ch kh\u00f4ng kh\u00ed<\/strong><\/span><\/h3>\n<\/li>\n<\/ul>\n<p>T\u1ea5m l\u01b0\u1edbi l\u1ecdc thi\u1ebft k\u1ebf th\u00f4ng minh, t\u1ea5m l\u00e0m m\u00e1t Cooling Pad l\u00e0m t\u1eeb g\u1ed7 t\u1ef1 nhi\u00ean v\u1edbi c\u1ea5u tr\u00fac h\u00ecnh t\u1ed5 ong gi\u00fap c\u0103ng l\u1ecdc m\u1ecdi h\u1ea1t b\u1ee5i li ti, kh\u1eed m\u00f9i h\u00f4i \u0111em \u0111\u1ebfn b\u1ea7u kh\u00f4ng kh\u00ed trong l\u00e0nh cho kh\u00f4ng gian lu\u00f4n tho\u00e1ng \u0111\u00e3ng.<\/p>\n<p><img loading=\"lazy\" decoding=\"async\" class=\"size-full wp-image-2157 aligncenter\" src=\"https:\/\/dienmayklp.vn\/wp-content\/uploads\/2025\/03\/5-398-470.jpg\" alt=\"\" width=\"600\" height=\"343\" \/><\/p>\n<ul>\n<li>\n<h3><span style=\"color: #3366ff;\"><strong>Si\u00eau ti\u1ebft ki\u1ec7m \u0111i\u1ec7n so v\u1edbi \u0111i\u1ec1u h\u00f2a nhi\u1ec7t \u0111\u1ed9<\/strong><\/span><\/h3>\n<\/li>\n<\/ul>\n<p><strong>Nakami NKA-00800A<\/strong>\u00a0c\u00f3 c\u00f4ng su\u1ea5t m\u00f4 t\u01a1 90W d\u00f9ng 1h th\u00ec ch\u1ec9 t\u1ed1n 0.9kWH, d\u00f9ng 10h th\u00ec t\u1ed1n ch\u01b0a \u0111\u1ebfn 1kWh s\u1ed1 \u0111i\u1ec7n<\/p>\n<ul>\n<li>\n<h3><span style=\"color: #3366ff;\"><strong>T\u1ea1o ion \u00e2m c\u00f3 l\u1ee3i cho s\u1ee9c kh\u1ecfe<\/strong><\/span><\/h3>\n<\/li>\n<\/ul>\n<p>Th\u1ef1c tr\u1ea1ng ion \u00e2m trong kh\u00f4ng kh\u00ed ng\u00e0y c\u00e0ng \u00edt d\u1ea7n trong khi \u0111\u00f3 l\u01b0\u1ee3ng ion d\u01b0\u01a1ng \u0111\u1ed9c h\u1ea1i ng\u00e0y c\u00e0ng t\u0103ng khi\u1ebfn cho b\u1ea7u kh\u00f4ng kh\u00ed \u00f4 nhi\u1ec5m, ng\u1ed9t ng\u1ea1t.<\/p>\n<p>V\u1edbi t\u00ednh n\u0103ng ion \u00e2m c\u1ee7a m\u00e1y l\u00e0m m\u00e1t Nakami NKA-00800A gi\u00fap trung h\u00f2a c\u00e1c ion d\u01b0\u01a1ng \u0111\u1ec3 tr\u1ea3 l\u1ea1i b\u1ea7u kh\u00f4ng kh\u00ed trong l\u00e0nh. V\u00e0 c\u00e1c ion \u00e2m c\u00f2n c\u00f3 t\u00e1c d\u1ee5ng gi\u00fap l\u01b0u th\u00f4ng m\u00e1u di\u1ec5n ra t\u1ed1t h\u01a1n.<\/p>\n<ul>\n<li>\n<h3><span style=\"color: #3366ff;\"><strong>Th\u00e2n thi\u1ec7n v\u1edbi m\u00f4i tr\u01b0\u1eddng<\/strong><\/span><\/h3>\n<\/li>\n<\/ul>\n<p>M\u00e1y l\u00e0m m\u00e1t Nakami NKA-00800A s\u1eed d\u1ee5ng n\u01b0\u1edbc \u0111\u1ec3\u00a0l\u00e0m m\u00e1t kh\u00f4ng kh\u00ed\u00a0n\u00ean kh\u00f4ng g\u00e2y t\u00e1c \u0111\u1ed9ng x\u1ea5u \u0111\u1ebfn m\u00f4i tr\u01b0\u1eddng. V\u1ecf m\u00e1y l\u00e0m t\u1eeb nh\u1ef1a t\u1ed1t cho s\u1ee9c kh\u1ecfe, t\u1ea1o \u0111\u1ed9 b\u1ec1n b\u1ec9, kh\u00f4ng g\u00e2y m\u00f9i kh\u00f3 ch\u1ecbu.<\/p>\n<ul>\n<li>\n<h3><span style=\"color: #3366ff;\"><strong>Ph\u00f9 h\u1ee3p v\u1edbi m\u1ecdi kh\u00f4ng gian<\/strong><\/span><\/h3>\n<\/li>\n<\/ul>\n<p>M\u1ed9t \u0111\u1eb7c tr\u01b0ng n\u1ed5i b\u1eadt c\u1ee7a m\u00e1y l\u00e0m m\u00e1t l\u00e0 d\u00f9ng ph\u00f9 h\u1ee3p cho m\u1ecdi kh\u00f4ng gian b\u00e1n m\u1edf, m\u1edf, k\u00edn m\u00e0 kh\u00f4ng \u1ea3nh h\u01b0\u1edfng \u0111\u1ebfn l\u01b0\u1ee3ng \u0111i\u1ec7n n\u0103ng ti\u00eau th\u1ee5.<\/p>\n<p>B\u00ean c\u1ea1nh \u0111\u00f3, m\u00e1y \u0111\u01b0\u1ee3c l\u1eafp 4 b\u00e1nh xe, 2 b\u00e1nh tr\u01b0\u1edbc c\u00f3 kh\u00f3a, 2 b\u00e1nh sau kh\u00f4ng kh\u00f3a \u0111\u1ec3 d\u1ec5 d\u00e0ng thao t\u00e1c v\u00e0 di chuy\u1ec3n \u0111\u1ebfn m\u1ecdi n\u01a1i.<\/p>\n<p>Xem th\u00eam:\u00a0<span style=\"color: #3366ff;\"><a style=\"color: #3366ff;\" href=\"https:\/\/dienmayklp.vn\/cho-thue-may-lam-mat-quat-hoi-nuoc-hcm-gia-300k\" rel=\"nofollow noopener\" target=\"_blank\">Cho thu\u00ea m\u00e1y l\u00e0m m\u00e1t t\u1ea1i Tp HCM gi\u00e1 t\u1eeb 300k<\/a><\/span><\/p>\n<h2><span style=\"color: #3366ff;\"><strong>T\u1ea0I SAO N\u00caN MUA M\u00c1Y L\u00c0M M\u00c1T KH\u00d4NG KH\u00cd NAKAMI NKA-00800A<\/strong><\/span><\/h2>\n<p>&#8211;\u00a0M\u00e1y l\u00e0m m\u00e1t Nakami\u00a0l\u1eafp r\u00e1p theo ti\u00eau chu\u1ea9n \u0111\u1ea3m b\u1ea3o \u0111\u1ed9 b\u1ec1n v\u00e0 hi\u1ec7u qu\u1ea3 l\u00e0m m\u00e1t t\u1ed1t.<br \/>\n&#8211; Ch\u1ebf \u0111\u1ed9 b\u1ea3o h\u00e0nh 1 n\u0103m cho to\u00e0n b\u1ed9 s\u1ea3n ph\u1ea9m.<br \/>\n&#8211; C\u00e1c tr\u1ea1m b\u1ea3o h\u00e0nh ph\u1ee7 s\u00f3ng kh\u1eafp c\u1ea3 n\u01b0\u1edbc t\u1ea1o \u0111i\u1ec1u ki\u1ec7n thu\u1eadn l\u1ee3i cho ng\u01b0\u1eddi ti\u00eau d\u00f9ng khi m\u00e1y g\u1eb7p s\u1ef1 c\u1ed1.<br \/>\n&#8211; M\u00e1y ch\u1ea5t l\u01b0\u1ee3ng, m\u1eabu m\u00e3 \u0111\u1eb9p v\u00e0 gi\u00e1 c\u1ea3 h\u1ee3p l\u00fd.<br \/>\n&#8211; \u0110\u1ed9i ng\u0169 nh\u00e2n vi\u00ean t\u01b0 v\u1ea5n t\u1eadn t\u00ecnh, cung c\u1ea5p th\u00f4ng tin t\u1ed1t \u0111\u1ec3 b\u1ea1n c\u00f3 s\u1ef1 l\u1ef1a ch\u1ecdn ph\u00f9 h\u1ee3p.<br \/>\n&#8211;\u00a0<strong>Nakami<\/strong>\u00a0l\u00e0 th\u01b0\u01a1ng hi\u1ec7u \u0111\u01b0\u1ee3c ng\u01b0\u1eddi ti\u00eau d\u00f9ng v\u00e0 tin t\u01b0\u1edfng trong su\u1ed1t th\u1eddi gian qua t\u1eeb nh\u1eefng h\u1ec7 th\u1ed1ng m\u00e1y l\u00e0m m\u00e1t c\u00f4ng nghi\u1ec7p cho c\u00e1c c\u00f4ng tr\u00ecnh l\u1edbn nh\u01b0 nh\u00e0 x\u01b0\u1edfng, kh\u00e1ch s\u1ea1n\u2026 v\u00e0 cho \u0111\u1ebfn khi ra \u0111\u1eddi c\u00e1c d\u00f2ng d\u00e2n d\u1ee5ng, th\u01b0\u01a1ng m\u1ea1i.<\/p>\n<p><span style=\"color: #3366ff;\"><strong>C\u00d4NG TY C\u1ed4 PH\u1ea6N TH\u01af\u01a0NG M\u1ea0I V\u00c0 X\u00c2Y D\u1ef0NG KIM LONG PH\u00c1T<\/strong><\/span><\/p>\n<p><b><i>Showroom 1 :<\/i><\/b>\u00a0228 \u0110\u01b0\u1eddng III, KDC Khang \u0110i\u1ec1n, Ph\u01b0\u1eddng Ph\u01b0\u1edbc Long B, Qu\u1eadn 9, Th\u00e0nh ph\u1ed1 H\u1ed3 Ch\u00ed Minh<\/p>\n<p><b><i>Showroom 2:\u00a0<\/i><\/b>T\u00f2a S1.01 &#8211; 05.01. Shophouse S01 &#8211; Vinhomes Grand Park &#8211; 200 Nguy\u1ec5n Xi\u1ec3n, ph\u01b0\u1eddng Long Th\u1ea1nh M\u1ef9, Qu\u1eadn 9, Tp H\u1ed3 Ch\u00ed Minh<\/p>\n<p><b><i>Hotline t\u01b0\u00a0<\/i><\/b><b><i>v\u1ea5n:<\/i><\/b>\u00a0<b>028 2253 5834<\/b><\/p>\n<p><b><i>\u0110\u1eb7t h\u00e0ng tr\u1ef1c tuy\u1ebf<\/i><\/b><b><i>n:<\/i><\/b>\u00a0<b>0888 124 839<\/b><\/p>\n<p><b><i>Email:<\/i><\/b>\u00a0<span style=\"color: #3366ff;\"><strong><a style=\"color: #3366ff;\" href=\"mailto:cskh@klp.vn?subject=Ph%E1%BA%A3n%20H%E1%BB%93i%20%C4%90i%E1%BB%87n%20M%C3%A1y%20Kim%20Long%20Ph%C3%A1t&amp;body=%C4%90i%E1%BB%87n%20M%C3%A1y%20Kim%20Long%20Ph%C3%A1t%20K%C3%ADnh%20ch%C3%A0o%20qu%C3%BD%20kh%C3%A1ch!%0AMong%20nh%E1%BA%ADn%20%C4%91%C6%B0%E1%BB%A3c%20%C3%BD%20ki%E1%BA%BFn%20ph%E1%BA%A3n%20h%E1%BB%93i%20t%E1%BB%AB%20Anh%2FCh%E1%BB%8B\">cskh@klp.vn<\/a><\/strong><\/span><\/p>\n<p><b>Website:<span style=\"color: #3366ff;\">\u00a0<\/span><\/b><span style=\"color: #3366ff;\"><a style=\"color: #3366ff;\" href=\"https:\/\/dienmayklp.vn\/\" rel=\"nofollow noopener\" target=\"_blank\">klp.vn<\/a><\/span><\/p>\n","protected":false},"excerpt":{"rendered":"<p>TH\u00d4NG S\u1ed0 K\u1ef8 THU\u1eacT\u00a0M\u00c1Y L\u00c0M M\u00c1T\u00a0KH\u00d4NG KH\u00cd\u00a0NAKAMI NKM-00800A (NKA-00800A) M\u00e3 S\u1ea3n ph\u1ea9m:\u00a0NKA-00800A S\u1ea3n xu\u1ea5t t\u1ea1i:\u00a0Trung Qu\u1ed1c \u0110i\u1ec7n \u00e1p:\u00a0220V &#8211; 50Hz L\u01b0u l\u01b0\u1ee3ng gi\u00f3:\u00a0800 M\u00b3\/H C\u00f4ng su\u1ea5t:\u00a090 W H\u01b0\u1edbng gi\u00f3 th\u1ed5i:\u00a04 chi\u1ec1u Nakami\u00a0NKA-00800A l\u00e0 lo\u1ea1i m\u00e1y ho\u1ea1t \u0111\u1ed9ng theo nguy\u00ean l\u00fd l\u00e0m m\u00e1t t\u1ef1 nhi\u00ean, d\u1ef1a v\u00e0o hi\u1ec7n t\u01b0\u1ee3ng bay h\u01a1i n\u01b0\u1edbc \u0111\u1ec3 l\u00e0m m\u00e1t kh\u00f4ng [&#8230;]\n","protected":false},"featured_media":923,"comment_status":"open","ping_status":"closed","template":"","meta":{"_acf_changed":false},"product_brand":[99],"product_cat":[82],"product_tag":[],"class_list":{"0":"post-922","1":"product","2":"type-product","3":"status-publish","4":"has-post-thumbnail","6":"product_brand-nakami","7":"product_cat-may-lam-mat","9":"first","10":"instock","11":"sale","12":"taxable","13":"shipping-taxable","14":"purchasable","15":"product-type-simple"},"acf":[],"_links":{"self":[{"href":"https:\/\/songxanhwater.com\/index.php?rest_route=\/wp\/v2\/product\/922","targetHints":{"allow":["GET"]}}],"collection":[{"href":"https:\/\/songxanhwater.com\/index.php?rest_route=\/wp\/v2\/product"}],"about":[{"href":"https:\/\/songxanhwater.com\/index.php?rest_route=\/wp\/v2\/types\/product"}],"replies":[{"embeddable":true,"href":"https:\/\/songxanhwater.com\/index.php?rest_route=%2Fwp%2Fv2%2Fcomments&post=922"}],"wp:featuredmedia":[{"embeddable":true,"href":"https:\/\/songxanhwater.com\/index.php?rest_route=\/wp\/v2\/media\/923"}],"wp:attachment":[{"href":"https:\/\/songxanhwater.com\/index.php?rest_route=%2Fwp%2Fv2%2Fmedia&parent=922"}],"wp:term":[{"taxonomy":"product_brand","embeddable":true,"href":"https:\/\/songxanhwater.com\/index.php?rest_route=%2Fwp%2Fv2%2Fproduct_brand&post=922"},{"taxonomy":"product_cat","embeddable":true,"href":"https:\/\/songxanhwater.com\/index.php?rest_route=%2Fwp%2Fv2%2Fproduct_cat&post=922"},{"taxonomy":"product_tag","embeddable":true,"href":"https:\/\/songxanhwater.com\/index.php?rest_route=%2Fwp%2Fv2%2Fproduct_tag&post=922"}],"curies":[{"name":"wp","href":"https:\/\/api.w.org\/{rel}","templated":true}]}}