{"id":920,"date":"2025-03-28T18:13:28","date_gmt":"2025-03-28T18:13:28","guid":{"rendered":"https:\/\/dienmayklp.vn\/?post_type=product&#038;p=920"},"modified":"2026-03-19T23:16:12","modified_gmt":"2026-03-19T23:16:12","slug":"may-lam-mat-nakami-ac-600","status":"publish","type":"product","link":"https:\/\/songxanhwater.com\/?product=may-lam-mat-nakami-ac-600","title":{"rendered":"M\u00c1Y L\u00c0M M\u00c1T NAKAMI AC-600"},"content":{"rendered":"<h2><strong>\u0110\u1eb7c t\u00ednh n\u1ed5i tr\u1ed9i c\u1ee7a s\u1ea3n ph\u1ea9m M\u00e1y l\u00e0m m\u00e1t cao c\u1ea5p AC-600<\/strong><\/h2>\n<p><strong>1. L\u00e0m m\u00e1t nhanh<\/strong>: M\u00e1y l\u00e0m m\u00e1t Nakami d\u00f9ng h\u01a1i n\u01b0\u1edbc \u0111\u1ec3 l\u00e0m m\u00e1t kh\u00f4ng kh\u00ed. N\u00f3 c\u00f3 th\u1ec3 l\u00e0m gi\u1ea3m nhi\u1ec7t \u0111\u1ed9 xung quanh v\u00e0 cung c\u1ea5p cho b\u1ea1n m\u1ed9t m\u00f4i tr\u01b0\u1eddng tho\u00e1ng m\u00e1t trong m\u00f9a h\u00e8 n\u00f3ng b\u1ee9c.<\/p>\n<p><strong>2. Ch\u1ee9c n\u0103ng t\u1ea1o Ion \u00e2m<\/strong>: Gi\u1ea3i ph\u00f3ng ione \u00e2m, kh\u1eed m\u00f9i v\u00e0 l\u00e0m s\u1ea1ch kh\u00f4ng kh\u00ed, t\u1ea1o b\u1ea7u kh\u00f4ng kh\u00ed t\u01b0\u01a1i m\u00e1t, trong l\u00e0nh, r\u1ea5t t\u1ed1t cho s\u1ee9c kh\u1ecfe. Ph\u00f9 h\u1ee3p s\u1eed d\u1ee5ng nh\u00e0 \u1edf, h\u1ed9 gia \u0111\u00ecnh.<\/p>\n<p><strong>3. D\u1ec5 d\u00e0ng b\u1ea3o tr\u00ec<\/strong>: L\u01b0\u1edbi l\u1ecdc c\u00f3 th\u1ec3 th\u00e1o r\u1eddi r\u1ea5t d\u1ec5 d\u00e0ng \u0111\u1ec3 l\u00e0m s\u1ea1ch, l\u1ecdc lo\u1ea1i b\u1ecf c\u00e1c ch\u1ea5t \u0111\u1ed9c h\u1ea1i nh\u1ecf nh\u01b0: b\u1ee5i v\u00e0 ph\u1ea5n hoa.<\/p>\n<p><strong>4. Ti\u1ebft ki\u1ec7m n\u0103ng l\u01b0\u1ee3ng, hi\u1ec7u qu\u1ea3 cao, th\u00e2n thi\u1ec7t v\u1edbi m\u00f4i tr\u01b0\u1eddng<\/strong>: \u0110i\u1ec7n n\u0103ng ti\u00eau th\u1ee5 l\u00e0 100W\/h. S\u1eed d\u1ee5ng nh\u1ef1a nguy\u00ean ch\u1ea5t cho v\u1ecf m\u00e1y v\u00e0 c\u00e1c ph\u1ee5 ki\u1ec7n gi\u00fap ch\u1ed1ng tia UV v\u00e0 l\u00e0m cho m\u00e1y c\u00f3 \u0111\u1ed9 b\u1ec1n cao, tr\u1ecdng l\u01b0\u1ee3ng nh\u1eb9 h\u01a1n, kh\u00f4ng s\u1eed d\u1ee5ng c\u00e1c ch\u1ea5t CFC.<\/p>\n<p><strong>5. Th\u00edch h\u1ee3p trong m\u1ecdi \u0111i\u1ec1u ki\u1ec7n s\u1eed d\u1ee5ng<\/strong>: M\u00e1y c\u00f3 3 t\u1ed1c \u0111\u1ed9 qu\u1ea1t: Th\u1ea5p &#8211; Trung b\u00ecnh &#8211; Cao v\u00e0 2 ki\u1ec3u gi\u00f3 th\u1ed5i: B\u00ecnh th\u01b0\u1eddng &#8211; Y\u00ean l\u1eb7ng khi ng\u1ee7.<\/p>\n<p><strong>6. Ch\u1ee9c n\u0103ng ghi nh\u1edb v\u00e0 h\u1eb9n gi\u1edd<\/strong>: M\u00e1y c\u00f3 th\u1ec3 ghi nh\u1edb tr\u1ea1ng th\u00e1i l\u00e0m vi\u1ec7c hi\u1ec7n t\u1ea1i. C\u00e1c b\u1ed9 nh\u1edb \u0111\u01b0\u1ee3c l\u01b0u l\u1ea1i cho t\u1edbi khi ng\u1eaft k\u1ebft n\u1ed1i \u0111i\u1ec7n. H\u1eb9n gi\u1edd trong v\u00f2ng 24 ti\u1ebfng \u0111\u1ed3ng h\u1ed3.<\/p>\n","protected":false},"excerpt":{"rendered":"<p>\u0110\u1eb7c t\u00ednh n\u1ed5i tr\u1ed9i c\u1ee7a s\u1ea3n ph\u1ea9m M\u00e1y l\u00e0m m\u00e1t cao c\u1ea5p AC-600 1. L\u00e0m m\u00e1t nhanh: M\u00e1y l\u00e0m m\u00e1t Nakami d\u00f9ng h\u01a1i n\u01b0\u1edbc \u0111\u1ec3 l\u00e0m m\u00e1t kh\u00f4ng kh\u00ed. N\u00f3 c\u00f3 th\u1ec3 l\u00e0m gi\u1ea3m nhi\u1ec7t \u0111\u1ed9 xung quanh v\u00e0 cung c\u1ea5p cho b\u1ea1n m\u1ed9t m\u00f4i tr\u01b0\u1eddng tho\u00e1ng m\u00e1t trong m\u00f9a h\u00e8 n\u00f3ng b\u1ee9c. 2. Ch\u1ee9c [&#8230;]\n","protected":false},"featured_media":921,"comment_status":"open","ping_status":"closed","template":"","meta":{"_acf_changed":false},"product_brand":[99],"product_cat":[82],"product_tag":[],"class_list":{"0":"post-920","1":"product","2":"type-product","3":"status-publish","4":"has-post-thumbnail","6":"product_brand-nakami","7":"product_cat-may-lam-mat","9":"first","10":"instock","11":"sale","12":"taxable","13":"shipping-taxable","14":"purchasable","15":"product-type-simple"},"acf":[],"_links":{"self":[{"href":"https:\/\/songxanhwater.com\/index.php?rest_route=\/wp\/v2\/product\/920","targetHints":{"allow":["GET"]}}],"collection":[{"href":"https:\/\/songxanhwater.com\/index.php?rest_route=\/wp\/v2\/product"}],"about":[{"href":"https:\/\/songxanhwater.com\/index.php?rest_route=\/wp\/v2\/types\/product"}],"replies":[{"embeddable":true,"href":"https:\/\/songxanhwater.com\/index.php?rest_route=%2Fwp%2Fv2%2Fcomments&post=920"}],"wp:featuredmedia":[{"embeddable":true,"href":"https:\/\/songxanhwater.com\/index.php?rest_route=\/wp\/v2\/media\/921"}],"wp:attachment":[{"href":"https:\/\/songxanhwater.com\/index.php?rest_route=%2Fwp%2Fv2%2Fmedia&parent=920"}],"wp:term":[{"taxonomy":"product_brand","embeddable":true,"href":"https:\/\/songxanhwater.com\/index.php?rest_route=%2Fwp%2Fv2%2Fproduct_brand&post=920"},{"taxonomy":"product_cat","embeddable":true,"href":"https:\/\/songxanhwater.com\/index.php?rest_route=%2Fwp%2Fv2%2Fproduct_cat&post=920"},{"taxonomy":"product_tag","embeddable":true,"href":"https:\/\/songxanhwater.com\/index.php?rest_route=%2Fwp%2Fv2%2Fproduct_tag&post=920"}],"curies":[{"name":"wp","href":"https:\/\/api.w.org\/{rel}","templated":true}]}}