{"id":915,"date":"2025-03-28T18:12:01","date_gmt":"2025-03-28T18:12:01","guid":{"rendered":"https:\/\/dienmayklp.vn\/?post_type=product&#038;p=915"},"modified":"2025-03-29T18:15:24","modified_gmt":"2025-03-29T18:15:24","slug":"may-lam-mat-khong-khi-nakami-nkm-4500b","status":"publish","type":"product","link":"https:\/\/songxanhwater.com\/?product=may-lam-mat-khong-khi-nakami-nkm-4500b","title":{"rendered":"M\u00c1Y L\u00c0M M\u00c1T KH\u00d4NG KH\u00cd NAKAMI NKM-4500B"},"content":{"rendered":"<h2><span style=\"color: #3366ff;\"><strong>M\u00e1y L\u00e0m M\u00e1t Kh\u00f4ng Kh\u00ed NAKAMI NKM-4500B<\/strong><\/span><\/h2>\n<p><strong>M\u00e3 S\u1ea3n ph\u1ea9m:<\/strong>\u00a0NKM-4500B<\/p>\n<p><strong>S\u1ea3n xu\u1ea5t t\u1ea1i:<\/strong>\u00a0Trung Qu\u1ed1c<\/p>\n<p><strong>\u0110i\u1ec7n \u00e1p:<\/strong>\u00a0220V &#8211; 50Hz<\/p>\n<p><strong>L\u01b0u l\u01b0\u1ee3ng gi\u00f3:<\/strong>\u00a04500 M\u00b3\/H<\/p>\n<p><strong>C\u00f4ng su\u1ea5t:<\/strong>\u00a0120 W<\/p>\n<p><strong>H\u01b0\u1edbng gi\u00f3 th\u1ed5i:<\/strong>\u00a04 chi\u1ec1u<\/p>\n<p>Nakami NKM &#8211; 4500B (NKM-4500A) ho\u1ea1t \u0111\u1ed9ng theo nguy\u00ean l\u00fd b\u1ed1c h\u01a1i n\u01b0\u1edbc t\u1ef1 nhi\u00ean, kh\u00f4ng phun s\u01b0\u01a1ng n\u00ean kh\u00f4ng \u1ea3nh h\u01b0\u1edfng t\u1edbi c\u00e1c thi\u1ebft b\u1ecb \u0111i\u1ec7n t\u1eed kh\u00e1c. V\u1edbi c\u00f4ng su\u1ea5t ti\u00eau th\u1ee5 120W th\u00ec m\u00e1y l\u00e0m m\u00e1t kh\u00f4ng kh\u00ed b\u1eb1ng h\u01a1i n\u01b0\u1edbc NKM &#8211; 4500B (NKM-4500A) ti\u1ebft ki\u1ec7m \u0111i\u1ec7n n\u0103ng so v\u1edbi m\u00e1y \u0111i\u1ec1u h\u00f2a. B\u00ean c\u1ea1nh \u0111\u00f3, v\u1edbi vi\u1ec7c s\u1eed d\u1ee5ng h\u01a1i n\u01b0\u1edbc \u0111\u1ec3 l\u00e0m m\u00e1t n\u00ean s\u1ebd cho ra kh\u00f4ng kh\u00ed s\u1ea1ch, kh\u00f4ng g\u00e2y h\u1ea1i cho s\u1ee9c kh\u1ecfe ng\u01b0\u1eddi s\u1eed d\u1ee5ng<\/p>\n<p>Nhu c\u1ea7u l\u00e0m m\u00e1t kh\u00f4ng gian s\u1ed1ng ng\u00e0y c\u00e0ng gia t\u0103ng, nh\u01b0ng c\u00e2u h\u1ecfi \u0111\u1eb7t ra l\u00e0 l\u00e0m sao v\u1eabn b\u1ea3o v\u1ec7 \u0111\u01b0\u1ee3c m\u00f4i tr\u01b0\u1eddng v\u00e0 th\u00e2n thi\u1ec7n v\u1edbi ng\u01b0\u1eddi d\u00f9ng. B\u00e0i to\u00e1n n\u00e0y \u0111\u00e3 \u0111\u01b0\u1ee3c \u0110\u1ea1i Vi\u1ec7t gi\u1ea3i \u0111\u00e1p b\u1eb1ng c\u00f4ng ngh\u1ec7 l\u00e0m m\u00e1t, gi\u00fap cung c\u1ea5p cho kh\u00f4ng gian s\u1ed1ng m\u1ed9t lu\u1ed3ng kh\u00f4ng kh\u00ed t\u01b0\u01a1i m\u00e1t \u0111\u00e3 \u0111\u01b0\u1ee3c di\u1ec7t khu\u1ea9n. \u0110\u00f3 ch\u00ednh l\u00e0\u00a0<strong>m\u00e1y l\u00e0m m\u00e1t<\/strong>\u00a0kh\u00f4ng kh\u00ed Nakami NKM &#8211; 4500B(NKM-4500A).<\/p>\n<p><strong>Nakami NKM &#8211; 4500B (NKM-4500A)<\/strong>\u00a0ho\u1ea1t \u0111\u1ed9ng theo nguy\u00ean l\u00fd b\u1ed1c h\u01a1i n\u01b0\u1edbc t\u1ef1 nhi\u00ean, kh\u00f4ng phun s\u01b0\u01a1ng n\u00ean kh\u00f4ng \u1ea3nh h\u01b0\u1edfng t\u1edbi c\u00e1c thi\u1ebft b\u1ecb \u0111i\u1ec7n t\u1eed kh\u00e1c. V\u1edbi c\u00f4ng su\u1ea5t ti\u00eau th\u1ee5 120W th\u00ec m\u00e1y si\u00eau ti\u1ebft ki\u1ec7m \u0111i\u1ec7n n\u0103ng so v\u1edbi m\u00e1y \u0111i\u1ec1u h\u00f2a. B\u00ean c\u1ea1nh \u0111\u00f3, v\u1edbi vi\u1ec7c s\u1eed d\u1ee5ng h\u01a1i n\u01b0\u1edbc \u0111\u1ec3 l\u00e0m m\u00e1t n\u00ean Nakami NKM-4500B s\u1ebd cho ra kh\u00f4ng kh\u00ed s\u1ea1ch, kh\u00f4ng g\u00e2y h\u1ea1i cho s\u1ee9c kh\u1ecfe ng\u01b0\u1eddi s\u1eed d\u1ee5ng.<\/p>\n<p>Vi\u1ec7c th\u00e1o l\u1eafp d\u1ec5 d\u00e0ng c\u1ee7a m\u00e1y gi\u00fap v\u1ec7 sinh b\u1ee5i b\u1ea9n nhanh ch\u00f3ng v\u00e0 c\u00f3 b\u00e1nh xe n\u00ean thu\u1eadn ti\u1ec7n cho vi\u1ec7c di chuy\u1ec3n nhi\u1ec1u n\u01a1i.<\/p>\n<h2><span style=\"color: #3366ff;\"><strong>T\u00ednh n\u0103ng n\u1ed5i b\u1eadt c\u1ee7a m\u00e1y l\u00e0m m\u00e1t Nakami NKM-4500B (NKM-4500A)<\/strong><\/span><\/h2>\n<h3><strong>Th\u00e2n thi\u1ec7n v\u1edbi m\u00f4i tr\u01b0\u1eddng, b\u1ea3o v\u1ec7 s\u1ee9c kh\u1ecfe ng\u01b0\u1eddi d\u00f9ng<\/strong><\/h3>\n<table border=\"0\" width=\"100%\" cellspacing=\"0\" cellpadding=\"0\">\n<tbody>\n<tr>\n<td><strong>B\u1ea3o v\u1ec7 m\u00f4i tr\u01b0\u1eddng v\u00e0 s\u1ee9c kh\u1ecfe<\/strong><\/td>\n<td><strong>L\u1ecdc s\u1ea1ch kh\u00f4ng kh\u00ed<\/strong><\/td>\n<\/tr>\n<tr>\n<td>M\u00e1y l\u00e0m m\u00e1t kh\u00f4ng kh\u00ed Nakami NKM-4500B c\u00f3 v\u1ecf m\u00e1y l\u00e0m b\u1eb1ng nh\u1ef1a t\u1ed1t, c\u00e1c ph\u1ee5 ki\u1ec7n ch\u1ed1ng tia UV gi\u00fap m\u00e1y c\u00f3 \u0111\u1ed9 b\u1ec1n cao. \u00a0NKM &#8211; 4500B l\u00e0m m\u00e1t theo nguy\u00ean l\u00fd t\u1ef1 nhi\u00ean kh\u00f4ng s\u1eed d\u1ee5ng kh\u00ed gas hay m\u00f4i ch\u1ea5t h\u00f3a h\u1ecdc n\u00e0o kh\u00e1c.<\/td>\n<td>M\u00e1y l\u00e0m m\u00e1t cao c\u1ea5p Nakami NKM-4500B l\u1ecdc kh\u00f4ng kh\u00ed \u00a0qua l\u01b0\u1edbi l\u1ecdc s\u01a1 c\u1ea5p v\u00e0 t\u1ea5m l\u00e0m m\u00e1t cooling pad v\u00ec v\u1eady kh\u00f4ng kh\u00ed \u0111\u01b0\u1ee3c l\u1ecdc s\u1ea1ch b\u1ee5i b\u1ea9n gi\u00fap b\u1ea3o v\u1ec7 s\u1ee9c kh\u1ecfe c\u1ee7a ng\u01b0\u1eddi d\u00f9ng.<\/td>\n<\/tr>\n<tr>\n<td>\n<h2><\/h2>\n<p align=\"center\"><em>V\u1ecf m\u00e1y nguy\u00ean ch\u1ea5t ch\u1ed1ng tia UV b\u1ea3o v\u1ec7 m\u00f4i tr\u01b0\u1eddng<\/em><\/p>\n<\/td>\n<td>\n<p align=\"center\"><em>L\u1ecdc s\u1ea1ch kh\u00f4ng kh\u00ed ng\u0103n ch\u1eb7n b\u1ee5i b\u1ea9n hi\u1ec7u qu\u1ea3<\/em><\/p>\n<\/td>\n<\/tr>\n<tr>\n<td><strong>T\u00ednh n\u0103ng t\u1ea1o ion<\/strong><\/td>\n<td><strong>T\u00ednh n\u0103ng c\u00e2n b\u1eb1ng \u0111\u1ed9 \u1ea9m<\/strong><\/td>\n<\/tr>\n<tr>\n<td>Nakami NKM-4500B ho\u1ea1t \u0111\u1ed9ng b\u1eb1ng h\u01a1i n\u01b0\u1edbc t\u1ea1o ra c\u00e1c ion \u00e2m trong kh\u00f4ng kh\u00ed t\u1ef1 nhi\u00ean trung h\u00f2a \u1ea3nh h\u01b0\u1edfng x\u1ea5u c\u1ee7a ion d\u01b0\u01a1ng, \u0111\u1ed3ng th\u1eddi gi\u1eef s\u1ef1 c\u00e2n b\u1eb1ng, kh\u00f4i ph\u1ee5c c\u00e1c ch\u1ee9c n\u0103ng t\u1ebf b\u00e0o trong c\u01a1 th\u1ec3.<\/td>\n<td>Nakami NKM-4500B ho\u1ea1t \u0111\u1ed9ng theo nguy\u00ean l\u00fd bay h\u01a1i n\u01b0\u1edbc s\u1ebd gi\u00fap kh\u00f4ng kh\u00ed trong kh\u00f4ng gian s\u1ed1ng c\u00f3 \u0111\u01b0\u1ee3c s\u1ef1 c\u00e2n b\u1eb1ng \u0111\u1ed9 \u1ea9m trong v\u00e0 duy tr\u00ec \u0111\u1ed9 \u1ea9m l\u00fd t\u01b0\u1edfng.<\/td>\n<\/tr>\n<\/tbody>\n<\/table>\n<h3><strong>Ti\u1ebft ki\u1ec7m \u0111i\u1ec7n n\u0103ng.<\/strong><\/h3>\n<p>T\u00ednh n\u0103ng l\u00e0m l\u1ea1nh kh\u00f4ng kh\u00ed: Kh\u00f4ng kh\u00ed \u0111\u01b0\u1ee3c l\u00e0m m\u00e1t nhanh ch\u00f3ng nh\u1edd hi\u1ec7n t\u01b0\u1ee3ng bay h\u01a1i n\u01b0\u1edbc qua t\u1ea5m gi\u1ea5y l\u00e0m m\u00e1t \u0111\u1eb7t sau l\u01b0ng m\u00e1y gi\u00fap h\u1ea1 nhi\u1ec7t \u0111\u1ed9 kh\u00f4ng kh\u00ed xu\u1ed1ng 26 \u0111\u1ed9 C.<\/p>\n<h3><strong>Ch\u1ebf \u0111\u1ed9 qu\u1ea1t gi\u00f3 \u0111a d\u1ea1ng :<\/strong><\/h3>\n<p>&#8211; Ch\u1ebf \u0111\u1ed9 ti\u00eau chu\u1ea9n: Khi m\u00e1y l\u00e0m m\u00e1t \u1edf ch\u1ebf \u0111\u1ed9 n\u00e0y th\u00ec khi \u0111i\u1ec1u khi\u1ec3n t\u1ed1c \u0111\u1ed9 qu\u1ea1t \u1edf m\u1ee9c n\u00e0o th\u00ec qu\u1ea1t l\u00e0m m\u00e1t gia \u0111\u00ecnh NKM-4500B (NKM-4500A) s\u1ebd ho\u1ea1t \u0111\u1ed9ng c\u1ed1 \u0111\u1ecbnh \u1edf t\u1ed1c \u0111\u1ed9 qu\u1ea1t \u0111\u00f3.<\/p>\n<p>+ Ch\u1ebf \u0111\u1ed9 qu\u1ea1t t\u1ef1 nhi\u00ean: Ch\u1ebf \u0111\u1ed9 qu\u1ea1t n\u00e0y l\u00e0 m\u00f4 ph\u1ecfng l\u00e0n gi\u00f3 t\u1ef1 nhi\u00ean l\u00fac nhanh l\u00fac ch\u1eadm gi\u1ed1ng nh\u01b0 nh\u1eefng l\u00e0n gi\u00f3 t\u1ef1 nhi\u00ean gi\u00fap gi\u1ea5c ng\u1ee7 b\u1ea1n s\u00e2u h\u01a1n gi\u1ed1ng nh\u01b0 ng\u1ee7 gi\u1eefa t\u1ef1 nhi\u00ean.<br \/>\n+ Ch\u1ebf \u0111\u1ed9 qu\u1ea1t y\u00ean l\u1eb7ng khi ng\u1ee7: V\u00e0o ban \u0111\u00eam khi nhi\u1ec7t \u0111\u1ed9 b\u00ean ngo\u00e0i h\u1ea1 th\u1ea5p th\u00ec kh\u00f4ng c\u1ea7n thi\u1ebft b\u1eadt qu\u1ea1t l\u00e0m m\u00e1t \u1edf ch\u1ebf \u0111\u1ed9 l\u1edbn th\u00ec chuy\u1ec3n sang ch\u1ebf \u0111\u1ed9 ng\u1ee7 s\u1ebd gi\u00fap ti\u1ebft ki\u1ec7m n\u0103ng l\u01b0\u1ee3ng v\u00e0 gi\u1ea3m \u0111\u1ed9 \u1ed3n gi\u00fap gi\u1ea5c ng\u1ee7 d\u1ec5 ch\u1ecbu h\u01a1n.<\/p>\n<p><strong>&#8211; T\u00ednh n\u0103ng \u0111\u1ea3o gi\u00f3 \u0111a chi\u1ec1u:<\/strong><\/p>\n<p>Kh\u00f4ng kh\u00ed \u0111\u01b0\u1ee3c lu\u00e2n chuy\u1ec3n kh\u1eafp ph\u00f2ng nh\u1edd t\u00ednh n\u0103ng \u0111\u1ea3o t\u1ef1 \u0111\u1ed9ng c\u1ee7a c\u00e1nh \u0111\u1ea3o b\u00ean ngo\u00e0i. H\u01b0\u1edbng gi\u00f3 th\u1ed5i 4 chi\u1ec1u, \u0111\u1ea3o t\u1ef1 \u0111\u1ed9ng l\u00ean xu\u1ed1ng, tr\u00e1i ph\u1ea3i.<\/p>\n<h3><strong>T\u00ednh n\u0103ng h\u1eb9n gi\u1edd v\u00e0 \u0111i\u1ec1u khi\u1ec3n t\u1eeb xa:<\/strong><\/h3>\n<p>Ch\u1ee9c n\u0103ng h\u1eb9n gi\u1edd l\u00ean \u0111\u1ebfn 14 ti\u1ebfng v\u00e0 \u0111\u01b0\u1ee3c trang b\u1ecb \u0111i\u1ec1u khi\u1ec3n t\u1eeb xa v\u1edbi c\u00e1c n\u00fat b\u1ea5m \u0111\u01a1n gi\u1ea3n nh\u01b0: b\u1eadt\/t\u1eaft, t\u1ed1c \u0111\u1ed9, h\u1eb9n gi\u1edd,\u2026 kh\u00f4ng c\u1ea7n ph\u1ea3i di t\u1edbi lui.<\/p>\n<h2><span style=\"color: #3366ff;\"><strong>Nh\u1eefng l\u00fd do b\u1ea1n n\u00ean mua s\u1ea3n ph\u1ea9m m\u00e1y l\u00e0m m\u00e1t Nakami NKM-4500B (NKM-4500A)<\/strong><\/span><\/h2>\n<ul>\n<li>M\u00e1y l\u00e0m m\u00e1t Nakami NKM-4500B (NKM-4500A) l\u00e0 d\u00f2ng s\u1ea3n ph\u1ea9m d\u00e2n d\u1ee5ng r\u1ea5t sang tr\u1ecdng, ch\u1ea5t l\u01b0\u1ee3ng v\u1edbi gi\u00e1 t\u1ed1t tr\u00ean th\u1ecb tr\u01b0\u1eddng hi\u1ec7n nay.<\/li>\n<li>V\u1ecf m\u00e1y l\u00e0m b\u1eb1ng nh\u1ef1a, kh\u00f4ng ch\u1ee9a ch\u1ea5t CFC, an to\u00e0n cho m\u00f4i tr\u01b0\u1eddng v\u00e0 ng\u01b0\u1eddi s\u1eed d\u1ee5ng.<\/li>\n<li>Thi\u1ebft k\u1ebf hi\u1ec7n \u0111\u1ea1i mang l\u1ea1i s\u1ef1 \u0111\u1eb3ng c\u1ea5p cho ng\u00f4i nh\u00e0 c\u1ee7a b\u1ea1n v\u00e0 d\u1ec5 d\u00e0ng lau ch\u00f9i v\u1ec7 sinh m\u00e1y theo \u0111\u1ecbnh k\u1ef3<\/li>\n<li>V\u1edbi thi\u1ebft k\u1ebf an to\u00e0n, hi\u1ec7n \u0111\u1ea1i sang tr\u1ecdng<\/li>\n<\/ul>\n<table border=\"1\" width=\"100%\" cellspacing=\"0\" cellpadding=\"0\">\n<tbody>\n<tr>\n<td><strong>Model<\/strong><\/td>\n<td><strong>NKM-4500B<\/strong><\/td>\n<\/tr>\n<tr>\n<td>L\u01b0u l\u01b0\u1ee3ng gi\u00f3 (M\u00b3\/H)<\/td>\n<td>4,500 M\u00b3\/H<\/td>\n<\/tr>\n<tr>\n<td>C\u00f4ng su\u1ea5t motor (W)<\/td>\n<td>120 W<\/td>\n<\/tr>\n<tr>\n<td>\u0110i\u1ec7n \u00e1p (V\/Hz)<\/td>\n<td>220 V &#8211; 50 Hz<\/td>\n<\/tr>\n<tr>\n<td>\u0110i\u1ec1u khi\u1ec3n t\u1eeb xa<\/td>\n<td>C\u00f3<\/td>\n<\/tr>\n<tr>\n<td>H\u01b0\u1edbng gi\u00f3 th\u1ed5i<\/td>\n<td>4 chi\u1ec1u<br \/>\nT\u1ef1 \u0111\u1ed9ng tr\u00e1i &#8211; ph\u1ea3i<br \/>\n\u0110i\u1ec1u ch\u1ec9nh l\u00ean &#8211; xu\u1ed1ng<\/td>\n<\/tr>\n<tr>\n<td>Ki\u1ec3u gi\u00f3 th\u1ed5i<\/td>\n<td>Ti\u00eau chu\u1ea9n<\/td>\n<\/tr>\n<tr>\n<td>T\u1ed1c \u0111\u1ed9<\/td>\n<td>3 t\u1ed1c \u0111\u1ed9:<br \/>\nTh\u1ea5p &#8211; Trung B\u00ecnh &#8211; Cao<\/td>\n<\/tr>\n<tr>\n<td>\u0110\u1ed9 \u1ed3n (dB)<\/td>\n<td>\u2264 65 dB<\/td>\n<\/tr>\n<tr>\n<td>L\u01b0\u1ee3ng n\u01b0\u1edbc ti\u00eau th\u1ee5 (L\/H)<\/td>\n<td>5-8 L\/H<\/td>\n<\/tr>\n<tr>\n<td>Th\u1ec3 t\u00edch b\u00ecnh ch\u1ee9a n\u01b0\u1edbc (L)<\/td>\n<td>40 L<\/td>\n<\/tr>\n<tr>\n<td>K\u00edch th\u01b0\u1edbc m\u00e1y (MM)<\/td>\n<td>620x400x930 MM<\/td>\n<\/tr>\n<tr>\n<td>Di\u1ec7n t\u00edch l\u00e0m m\u00e1t (M\u00b2)<\/td>\n<td>25-30 M\u00b2<\/td>\n<\/tr>\n<tr>\n<td>Ch\u1ee9c n\u0103ng h\u1eb9n gi\u1edd<\/td>\n<td>24 gi\u1edd<\/td>\n<\/tr>\n<tr>\n<td>Ch\u1ee9c n\u0103ng Ion<\/td>\n<td>C\u00f3<\/td>\n<\/tr>\n<tr>\n<td>Tr\u1ecdng l\u01b0\u1ee3ng m\u00e1y (Kg)<\/td>\n<td>20 Kg<\/td>\n<\/tr>\n<\/tbody>\n<\/table>\n<p><span style=\"color: #3366ff;\"><strong>C\u00d4NG TY C\u1ed4 PH\u1ea6N TH\u01af\u01a0NG M\u1ea0I V\u00c0 X\u00c2Y D\u1ef0NG KIM LONG PH\u00c1T<\/strong><\/span><\/p>\n<p><b><i>Showroom 1 :<\/i><\/b>\u00a0228 \u0110\u01b0\u1eddng III, KDC Khang \u0110i\u1ec1n, Ph\u01b0\u1eddng Ph\u01b0\u1edbc Long B, Qu\u1eadn 9, Th\u00e0nh ph\u1ed1 H\u1ed3 Ch\u00ed Minh<\/p>\n<p><b><i>Showroom 2:\u00a0<\/i><\/b>T\u00f2a S1.01 &#8211; 05.01. Shophouse S01 &#8211; Vinhomes Grand Park &#8211; 200 Nguy\u1ec5n Xi\u1ec3n, ph\u01b0\u1eddng Long Th\u1ea1nh M\u1ef9, Qu\u1eadn 9, Tp H\u1ed3 Ch\u00ed Minh<\/p>\n<p><b><i>Hotline t\u01b0\u00a0<\/i><\/b><b><i>v\u1ea5n:<\/i><\/b>\u00a0<b>028 2253 5834<\/b><\/p>\n<p><b><i>\u0110\u1eb7t h\u00e0ng tr\u1ef1c tuy\u1ebf<\/i><\/b><b><i>n:<\/i><\/b>\u00a0<b>0888 124 839<\/b><\/p>\n<p><b><i>Email:<\/i><\/b>\u00a0<span style=\"color: #3366ff;\"><strong><a style=\"color: #3366ff;\" href=\"mailto:cskh@klp.vn?subject=Ph%E1%BA%A3n%20H%E1%BB%93i%20%C4%90i%E1%BB%87n%20M%C3%A1y%20Kim%20Long%20Ph%C3%A1t&amp;body=%C4%90i%E1%BB%87n%20M%C3%A1y%20Kim%20Long%20Ph%C3%A1t%20K%C3%ADnh%20ch%C3%A0o%20qu%C3%BD%20kh%C3%A1ch!%0AMong%20nh%E1%BA%ADn%20%C4%91%C6%B0%E1%BB%A3c%20%C3%BD%20ki%E1%BA%BFn%20ph%E1%BA%A3n%20h%E1%BB%93i%20t%E1%BB%AB%20Anh%2FCh%E1%BB%8B\">cskh@klp.vn<\/a><\/strong><\/span><\/p>\n","protected":false},"excerpt":{"rendered":"<p>M\u00e1y L\u00e0m M\u00e1t Kh\u00f4ng Kh\u00ed NAKAMI NKM-4500B M\u00e3 S\u1ea3n ph\u1ea9m:\u00a0NKM-4500B S\u1ea3n xu\u1ea5t t\u1ea1i:\u00a0Trung Qu\u1ed1c \u0110i\u1ec7n \u00e1p:\u00a0220V &#8211; 50Hz L\u01b0u l\u01b0\u1ee3ng gi\u00f3:\u00a04500 M\u00b3\/H C\u00f4ng su\u1ea5t:\u00a0120 W H\u01b0\u1edbng gi\u00f3 th\u1ed5i:\u00a04 chi\u1ec1u Nakami NKM &#8211; 4500B (NKM-4500A) ho\u1ea1t \u0111\u1ed9ng theo nguy\u00ean l\u00fd b\u1ed1c h\u01a1i n\u01b0\u1edbc t\u1ef1 nhi\u00ean, kh\u00f4ng phun s\u01b0\u01a1ng n\u00ean kh\u00f4ng \u1ea3nh h\u01b0\u1edfng t\u1edbi c\u00e1c thi\u1ebft b\u1ecb [&#8230;]\n","protected":false},"featured_media":916,"comment_status":"open","ping_status":"closed","template":"","meta":{"_acf_changed":false},"product_brand":[99],"product_cat":[82],"product_tag":[],"class_list":{"0":"post-915","1":"product","2":"type-product","3":"status-publish","4":"has-post-thumbnail","6":"product_brand-nakami","7":"product_cat-may-lam-mat","9":"first","10":"instock","11":"sale","12":"taxable","13":"shipping-taxable","14":"purchasable","15":"product-type-simple"},"acf":[],"_links":{"self":[{"href":"https:\/\/songxanhwater.com\/index.php?rest_route=\/wp\/v2\/product\/915","targetHints":{"allow":["GET"]}}],"collection":[{"href":"https:\/\/songxanhwater.com\/index.php?rest_route=\/wp\/v2\/product"}],"about":[{"href":"https:\/\/songxanhwater.com\/index.php?rest_route=\/wp\/v2\/types\/product"}],"replies":[{"embeddable":true,"href":"https:\/\/songxanhwater.com\/index.php?rest_route=%2Fwp%2Fv2%2Fcomments&post=915"}],"wp:featuredmedia":[{"embeddable":true,"href":"https:\/\/songxanhwater.com\/index.php?rest_route=\/wp\/v2\/media\/916"}],"wp:attachment":[{"href":"https:\/\/songxanhwater.com\/index.php?rest_route=%2Fwp%2Fv2%2Fmedia&parent=915"}],"wp:term":[{"taxonomy":"product_brand","embeddable":true,"href":"https:\/\/songxanhwater.com\/index.php?rest_route=%2Fwp%2Fv2%2Fproduct_brand&post=915"},{"taxonomy":"product_cat","embeddable":true,"href":"https:\/\/songxanhwater.com\/index.php?rest_route=%2Fwp%2Fv2%2Fproduct_cat&post=915"},{"taxonomy":"product_tag","embeddable":true,"href":"https:\/\/songxanhwater.com\/index.php?rest_route=%2Fwp%2Fv2%2Fproduct_tag&post=915"}],"curies":[{"name":"wp","href":"https:\/\/api.w.org\/{rel}","templated":true}]}}