{"id":882,"date":"2025-03-28T17:35:30","date_gmt":"2025-03-28T17:35:30","guid":{"rendered":"https:\/\/dienmayklp.vn\/?post_type=product&#038;p=882"},"modified":"2025-05-28T10:49:08","modified_gmt":"2025-05-28T10:49:08","slug":"may-loc-nuoc-ro-daikio-daw-32008h","status":"publish","type":"product","link":"https:\/\/songxanhwater.com\/?product=may-loc-nuoc-ro-daikio-daw-32008h","title":{"rendered":"M\u00e1y L\u1ecdc N\u01b0\u1edbc RO Daikio DAW-32008H"},"content":{"rendered":"<p>N\u01b0\u1edbc s\u1ea1ch c\u1ea7n thi\u1ebft cho s\u1ef1 s\u1ed1ng, \u0111\u00f3ng vai tr\u00f2 \u0111\u1eb7c bi\u1ec7t \u0111\u1ed1i v\u1edbi c\u01a1 th\u1ec3. N\u01b0\u1edbc s\u1ea1ch duy tr\u00ec nh\u1eefng c\u00f4ng vi\u1ec7c h\u00e0ng ng\u00e0y c\u1ee7a con ng\u01b0\u1eddi nh\u01b0 \u0103n u\u1ed1ng, s\u1eed d\u1ee5ng cho c\u00e1c c\u00f4ng vi\u1ec7c nh\u01b0 gi\u1eb7t gi\u0169, r\u1eeda rau, vo g\u1ea1o&#8230; N\u01b0\u1edbc s\u1ea1ch kh\u00f4ng ch\u1ec9 trong, kh\u00f4ng m\u00e0u, kh\u00f4ng m\u00f9i, kh\u00f4ng v\u1ecb m\u00e0 ph\u1ea3i an to\u00e0n \u0111\u1ed1i v\u1edbi s\u1ee9c kh\u1ecfe ng\u01b0\u1eddi s\u1eed d\u1ee5ng.<\/p>\n<p>&nbsp;<\/p>\n<p>M\u00e1y l\u1ecdc n\u01b0\u1edbc RO Daiko DAW-32008H c\u1ee7a \u0110\u1ea1i Vi\u1ec7t s\u1eed d\u1ee5ng c\u00f4ng ngh\u1ec7 th\u1ea9m th\u1ea5u ng\u01b0\u1ee3c RO ti\u00ean ti\u1ebfn nh\u1eadp kh\u1ea9u t\u1eeb M\u1ef9, c\u00f3 c\u00e1c l\u1ed7 l\u1ecdc si\u00eau nh\u1ecf, lo\u1ea1i b\u1ecf \u0111\u1ebfn 99.99% vi khu\u1ea9n, virus, c\u00e1c kim lo\u1ea1i n\u1eb7ng nh\u01b0 ch\u00ec, asen, th\u1ee7y ng\u00e2n&#8230; cho ra ngu\u1ed3n n\u01b0\u1edbc an to\u00e0n \u0111\u1ed1i v\u1edbi s\u1ee9c kh\u1ecfe ng\u01b0\u1eddi s\u1eed d\u1ee5ng. H\u00e3y c\u00f9ng\u00a0<a href=\"https:\/\/dienmayklp.vn\/\" target=\"_blank\" rel=\"noopener nofollow\"><span style=\"color: #3366ff;\">\u0110i\u1ec7n<\/span> <span style=\"color: #3366ff;\">M\u00e1y Kim Long Ph\u00e1t<\/span><\/a>\u00a0t\u00ecm hi\u1ec3u r\u00f5 h\u01a1n v\u1ec1 d\u00f2ng m\u00e1y tuy\u1ec7t v\u1eddi n\u00e0y th\u00f4ng qua b\u00e0i vi\u1ebft d\u01b0\u1edbi \u0111\u00e2y nh\u00e9!<\/p>\n<p>&nbsp;<\/p>\n<p>Tham kh\u1ea3o th\u00eam:<\/p>\n<p><span style=\"color: #3366ff;\"><a style=\"color: #3366ff;\" href=\"https:\/\/dienmayklp.vn\/may-loc-nuoc-ro-daw-32009h\" target=\"_blank\" rel=\"noopener nofollow\"><em>M\u00e1y l\u1ecdc n\u01b0\u1edbc RO DAIKO DAW-32009H<\/em><\/a><\/span><\/p>\n<p><span style=\"color: #3366ff;\"><a style=\"color: #3366ff;\" href=\"https:\/\/dienmayklp.vn\/may-loc-nuoc-ro-khong-vo-tu-daikio-co-chan-do-daw-34009d\" target=\"_blank\" rel=\"noopener nofollow\"><em>M\u00e1y L\u1ecdc N\u01b0\u1edbc RO Kh\u00f4ng V\u1ecf T\u1ee7 C\u00f3 Ke \u0110\u1ee1 Daikiosan DSW-34009D<\/em><\/a><\/span><\/p>\n<p>&nbsp;<\/p>\n<h2><span style=\"color: #3366ff;\">I. Gi\u1edbi thi\u1ec7u chung v\u1ec1 m\u00e1y l\u1ecdc n\u01b0\u1edbc RO Daiko DAW-32008H<\/span><\/h2>\n<p>T\u1eadp \u0111o\u00e0n \u0110\u1ea1i Vi\u1ec7t \u0111\u01b0\u1ee3c th\u00e0nh l\u1eadp n\u0103m 2002, nh\u1eefng s\u1ea3n ph\u1ea9m \u0111\u01b0\u1ee3c \u0110\u1ea1i Vi\u1ec7t ph\u00e1t tri\u1ec3n \u0111\u1ec1u nh\u1eb1m m\u1ee5c \u0111\u00edch n\u00e2ng cao ch\u1ea5t l\u01b0\u1ee3ng cu\u1ed9c s\u1ed1ng nh\u01b0 m\u00e1y l\u00e0m m\u00e1t, m\u00e1y l\u1ecdc n\u01b0\u1edbc cho \u0111\u1ebfn c\u00e1c s\u1ea3n ph\u1ea9m nh\u00e0 b\u1ebfp th\u00f4ng minh.<\/p>\n<p>&nbsp;<\/p>\n<p>M\u00e1y l\u1ecdc n\u01b0\u1edbc c\u1ee7a t\u1eadp \u0111o\u00e0n \u0110\u1ea1i Vi\u1ec7t v\u1edbi nhi\u1ec1u d\u00f2ng m\u00e1y kh\u00e1c nhau nh\u01b0 Daiko, Takasa, Makano, Achisa, Kasuto, nh\u01b0ng n\u1ed5i ti\u1ebfng nh\u1ea5t v\u1eabn l\u00e0 th\u01b0\u01a1ng hi\u1ec7u Daiko s\u1eed d\u1ee5ng c\u00f4ng ngh\u1ec7 l\u1ecdc RO ti\u00ean ti\u1ebfn.<\/p>\n<p>&nbsp;<\/p>\n<p>T\u1ea1i th\u1ecb tr\u01b0\u1eddng Vi\u1ec7t Nam,\u00a0m\u00e1y l\u1ecdc n\u01b0\u1edbc RO Daiko DAW-32008H\u00a0\u0111\u01b0\u1ee3c bi\u1ebft \u0111\u1ebfn ch\u00ednh l\u00e0 m\u00e1y l\u1ecdc n\u01b0\u1edbc RO r\u1ebb, ch\u1ea5t l\u01b0\u1ee3ng t\u1ed1t, cho ra lo\u1ea1i n\u01b0\u1edbc an to\u00e0n, \u0111\u1ea1t chu\u1ea9n y t\u1ebf. S\u1ea3n ph\u1ea9m \u0111\u01b0\u1ee3c ki\u1ec3m tra ch\u1ea5t l\u01b0\u1ee3ng nghi\u00eam ng\u1eb7t, \u0111\u1ea3m b\u1ea3o mang \u0111\u1ebfn s\u1ef1 an t\u00e2m cho ng\u01b0\u1eddi d\u00f9ng. \u0110\u00e2y c\u0169ng l\u00e0 m\u1ed9t trong nh\u1eefng s\u1ea3n ph\u1ea9m b\u00e1n ch\u1ea1y nh\u1ea5t c\u1ee7a \u0110\u1ea1i Vi\u1ec7t.<\/p>\n<p>&nbsp;<\/p>\n<p><img loading=\"lazy\" decoding=\"async\" class=\"size-medium wp-image-2092 aligncenter\" src=\"https:\/\/dienmayklp.vn\/wp-content\/uploads\/2025\/03\/may-loc-nuoc-ro-daw-32008h-kim-long-phat-400x400.webp\" alt=\"\" width=\"400\" height=\"400\" srcset=\"https:\/\/songxanhwater.com\/wp-content\/uploads\/2025\/03\/may-loc-nuoc-ro-daw-32008h-kim-long-phat-400x400.webp 400w, https:\/\/songxanhwater.com\/wp-content\/uploads\/2025\/03\/may-loc-nuoc-ro-daw-32008h-kim-long-phat-800x800.webp 800w, https:\/\/songxanhwater.com\/wp-content\/uploads\/2025\/03\/may-loc-nuoc-ro-daw-32008h-kim-long-phat-280x280.webp 280w, https:\/\/songxanhwater.com\/wp-content\/uploads\/2025\/03\/may-loc-nuoc-ro-daw-32008h-kim-long-phat-768x768.webp 768w, https:\/\/songxanhwater.com\/wp-content\/uploads\/2025\/03\/may-loc-nuoc-ro-daw-32008h-kim-long-phat-300x300.webp 300w, https:\/\/songxanhwater.com\/wp-content\/uploads\/2025\/03\/may-loc-nuoc-ro-daw-32008h-kim-long-phat-600x600.webp 600w, https:\/\/songxanhwater.com\/wp-content\/uploads\/2025\/03\/may-loc-nuoc-ro-daw-32008h-kim-long-phat-100x100.webp 100w, https:\/\/songxanhwater.com\/wp-content\/uploads\/2025\/03\/may-loc-nuoc-ro-daw-32008h-kim-long-phat.webp 900w\" sizes=\"auto, (max-width: 400px) 100vw, 400px\" \/><\/p>\n<p>&nbsp;<\/p>\n<p>H\u00e3y c\u00f9ng \u0110i\u1ec7n M\u00e1y Kim Long Ph\u00e1t t\u00ecm hi\u1ec3u r\u00f5 h\u01a1n v\u1ec1 t\u00ednh n\u0103ng c\u0169ng nh\u01b0 l\u1ee3i \u00edch m\u00e0 s\u1ea3n ph\u1ea9m mang l\u1ea1i, n\u1ebfu c\u00f3 b\u1ea5t k\u1ef3 th\u1eafc m\u1eafc n\u00e0o li\u00ean quan, h\u00e3y li\u00ean h\u1ec7 v\u1edbi ch\u00fang t\u00f4i qua s\u1ed1 \u0111i\u1ec7n tho\u1ea1i\u00a0<span style=\"color: #ff0000;\"><strong>1900 571 230<\/strong><\/span>\u00a0ho\u1eb7c Chat qua Website:\u00a0<span style=\"color: #3366ff;\"><a style=\"color: #3366ff;\" href=\"https:\/\/dienmayklp.vn\/\" target=\"_blank\" rel=\"noopener nofollow\"><strong>klp.vn<\/strong><\/a><\/span><\/p>\n<p>&nbsp;<\/p>\n<h2><span style=\"color: #3366ff;\">II. M\u00e1y l\u1ecdc n\u01b0\u1edbc RO Daiko DAW-32008H t\u1ea1i Kim Long Ph\u00e1t\u00a0\u00a0\u00a0\u00a0\u00a0\u00a0<\/span><\/h2>\n<h3><span style=\"color: #3366ff;\">1. M\u00e1y l\u1ecdc n\u01b0\u1edbc RO Daiko DAW-32008H \u2013 s\u1eed d\u1ee5ng m\u00e0ng l\u1ecdc RO ti\u00ean ti\u1ebfn<\/span><\/h3>\n<p>M\u00e0ng l\u1ecdc RO \u0111\u01b0\u1ee3c xem l\u00e0 tr\u00e1i tim c\u1ee7a\u00a0m\u00e1y l\u1ecdc n\u01b0\u1edbc RO. M\u00e1y l\u1ecdc n\u01b0\u1edbc RO Daiko DAW-32008H \u0111\u00e3 s\u1eed d\u1ee5ng c\u00f4ng ngh\u1ec7 l\u1ecdc th\u1ea9m th\u1ea5u ng\u01b0\u1ee3c RO \u0111\u01b0\u1ee3c nh\u1eadp kh\u1ea9u 100% t\u1eeb t\u1eadp \u0111o\u00e0n DOW (DUPONT) c\u1ee7a M\u1ef9.<\/p>\n<p>&nbsp;<\/p>\n<p>M\u00e1y l\u1ecdc n\u01b0\u1edbc u\u1ed1ng tr\u1ef1c ti\u1ebfp RO s\u1eed d\u1ee5ng c\u00f4ng ngh\u1ec7 th\u1ea9m th\u1ea5u ng\u01b0\u1ee3c v\u1edbi m\u00e0ng l\u1ecdc si\u00eau nh\u1ecf, khe l\u1ecdc 0.0001 micron c\u00f3 kh\u1ea3 n\u0103ng l\u1ecdc \u0111\u1ebfn k\u00edch th\u01b0\u1edbc ion, t\u00e1ch c\u00e1c ch\u1ea5t \u0111\u1ed9c h\u1ea1i kh\u1ecfi ngu\u1ed3n n\u01b0\u1edbc, cho ra n\u01b0\u1edbc ho\u00e0n to\u00e0n tinh khi\u1ebft. V\u00ec th\u1ebf, n\u01b0\u1edbc qua m\u00e1y l\u1ecdc n\u01b0\u1edbc RO Daiko DAW-32008H c\u00f3 th\u1ec3 u\u1ed1ng tr\u1ef1c ti\u1ebfp m\u00e0 kh\u00f4ng c\u1ea7n \u0111un s\u00f4i.<\/p>\n<p>&nbsp;<\/p>\n<p>N\u01b0\u1edbc t\u1ea1i \u0111\u1ecba ph\u01b0\u01a1ng sau khi \u0111\u00e3 \u0111\u01b0\u1ee3c lo\u1ea1i b\u1ecf m\u1ed9t ph\u1ea7n c\u00e1c ch\u1ea5t b\u1ea9n nh\u01b0 rong r\u00eau, r\u1ec9 s\u1eaft, m\u00f9i kh\u00f3 ch\u1ecbu, m\u1ee1 h\u00f2a tan\u2026 trong l\u00f5i l\u1ecdc th\u00f4 s\u1ebd ti\u1ebfp t\u1ee5c \u0111\u01b0\u1ee3c \u0111\u1ea9y qua m\u00e0ng RO. T\u1ea1i \u0111\u00e2y, v\u1edbi k\u00edch th\u01b0\u1edbc l\u1ed7 l\u1ecdc si\u00eau nh\u1ecf, m\u00e0ng RO s\u1ebd lo\u1ea1i b\u1ecf \u0111\u1ebfn 99,99% virus, vi khu\u1ea9n, c\u00e1c ion kim lo\u1ea1i n\u1eb7ng v\u00e0 c\u00e1c ch\u1ea5t \u0111\u1ed9c h\u1ea1i nh\u01b0 clo, thu\u1ed1c tr\u1eeb s\u00e2u, thu\u1ed1c b\u1ea3o v\u1ec7 th\u1ef1c v\u1eadt&#8230;<\/p>\n<p>&nbsp;<\/p>\n<p><img loading=\"lazy\" decoding=\"async\" class=\"size-medium wp-image-2091 aligncenter\" src=\"https:\/\/dienmayklp.vn\/wp-content\/uploads\/2025\/03\/may-loc-nuoc-ro-daw-32008h-4-kim-long-phat-400x400.jpg\" alt=\"\" width=\"400\" height=\"400\" srcset=\"https:\/\/songxanhwater.com\/wp-content\/uploads\/2025\/03\/may-loc-nuoc-ro-daw-32008h-4-kim-long-phat-400x400.jpg 400w, https:\/\/songxanhwater.com\/wp-content\/uploads\/2025\/03\/may-loc-nuoc-ro-daw-32008h-4-kim-long-phat-800x800.jpg 800w, https:\/\/songxanhwater.com\/wp-content\/uploads\/2025\/03\/may-loc-nuoc-ro-daw-32008h-4-kim-long-phat-280x280.jpg 280w, https:\/\/songxanhwater.com\/wp-content\/uploads\/2025\/03\/may-loc-nuoc-ro-daw-32008h-4-kim-long-phat-768x768.jpg 768w, https:\/\/songxanhwater.com\/wp-content\/uploads\/2025\/03\/may-loc-nuoc-ro-daw-32008h-4-kim-long-phat-300x300.jpg 300w, https:\/\/songxanhwater.com\/wp-content\/uploads\/2025\/03\/may-loc-nuoc-ro-daw-32008h-4-kim-long-phat-600x600.jpg 600w, https:\/\/songxanhwater.com\/wp-content\/uploads\/2025\/03\/may-loc-nuoc-ro-daw-32008h-4-kim-long-phat-100x100.jpg 100w, https:\/\/songxanhwater.com\/wp-content\/uploads\/2025\/03\/may-loc-nuoc-ro-daw-32008h-4-kim-long-phat.jpg 900w\" sizes=\"auto, (max-width: 400px) 100vw, 400px\" \/><\/p>\n<p>&nbsp;<\/p>\n<h3><span style=\"color: #3366ff;\">2. C\u1ea5u h\u00ecnh c\u1ee7a m\u00e1y RO Daiko DAW-32008H<\/span><\/h3>\n<p>M\u00e1y l\u1ecdc n\u01b0\u1edbc RO Daiko DAW-32008H c\u00f3 3 l\u00f5i l\u1ecdc th\u00f4, m\u00e0ng l\u1ecdc RO v\u00e0 4 l\u00f5i n\u00e2ng c\u1ea5p:<\/p>\n<p>&nbsp;<\/p>\n<h4><span style=\"color: #3366ff;\">2.1. Ph\u1ea7n l\u1ecdc th\u00f4<\/span><\/h4>\n<p>C\u1ed1c l\u1ecdc s\u1ed1 1 l\u00e0 l\u00f5i l\u1ecdc Ceramic. L\u00f5i l\u1ecdc n\u00e0y s\u1ebd l\u1ecdc t\u1ea5t c\u1ea3 c\u00e1c ch\u1ea5t c\u1eb7n b\u1ea9n, ph\u00e8n, b\u00f9n \u0111\u1ea5t, rong r\u00eau, c\u00e1t\u2026l\u1edbn h\u01a1n 1 micromet. N\u01b0\u1edbc \u0111\u00e3 \u0111\u01b0\u1ee3c l\u1ecdc s\u1ebd \u0111i v\u00e0o b\u00ean trong l\u00f5i v\u00e0 \u0111\u01b0\u1ee3c b\u01a1m h\u00fat qua van \u0111i\u1ec7n t\u1eeb \u0111\u1ea9y qua c\u1ed1c l\u1ecdc s\u1ed1 2, \u0111\u00f3 l\u00e0 l\u00f5i OCB. Th\u1eddi gian thay l\u00f5i l\u00e0 36 &#8211; 60 th\u00e1ng (th\u1eddi gian thay l\u00f5i t\u00f9y v\u00e0o ngu\u1ed3n n\u01b0\u1edbc \u0111\u1ea7u v\u00e0o).<\/p>\n<p>&nbsp;<\/p>\n<p>C\u1ed1c l\u1ecdc s\u1ed1 2 ch\u1ee9a l\u00f5i OCB 10\u201d, l\u00f5i n\u00e0y s\u1ebd h\u1ea5p th\u1ee5 c\u00e1c ch\u1ea5t h\u1eefu c\u01a1, ch\u1ea5t nh\u1ea7y, kh\u1eed m\u00e0u, kh\u1eed m\u00f9i, asen, clo c\u00f3 trong n\u01b0\u1edbc v\u00e0 ti\u1ebfp t\u1ee5c \u0111\u01b0\u1ee3c \u0111\u1ea9y qua c\u1ed1c l\u1ecdc s\u1ed1 3. Th\u1eddi gian thay l\u00f5i l\u00e0 3 &#8211; 6 th\u00e1ng.<\/p>\n<p>&nbsp;<\/p>\n<p>C\u1ed1c l\u1ecdc s\u1ed1 3 ch\u1ee9a l\u00f5i CTO 10\u201d, t\u1ea1i \u0111\u00e2y t\u1ea5t c\u1ea3 c\u00f3 k\u00edch th\u01b0\u1edbc l\u1edbn h\u01a1n 1 micromet\u00a0 nh\u01b0\u00a0 ch\u1ea5t r\u1eafn, ch\u1ea5t c\u1eb7n b\u00e3, c\u00e1c ch\u1ea5t l\u01a1 l\u1eedng trong n\u01b0\u1edbc s\u1ebd \u0111\u01b0\u1ee3c CTO gi\u1eef l\u1ea1i, \u0111\u1ed3ng th\u1eddi ti\u1ebfp t\u1ee5c h\u1ea5p th\u1ee5 c\u00e1c ch\u1ea5t h\u1eefu c\u01a1, clo, kh\u1eed m\u00e0u v\u00e0 m\u00f9i c\u00f3 trong ngu\u1ed3n n\u01b0\u1edbc. Th\u1eddi gian thay l\u00f5i l\u00e0 9 &#8211; 12 th\u00e1ng.<\/p>\n<p>&nbsp;<\/p>\n<h4><span style=\"color: #3366ff;\">2.2. Ph\u1ea7n l\u1ecdc tinh<\/span><\/h4>\n<p>M\u00e1y l\u1ecdc n\u01b0\u1edbc RO Daiko DAW-32008H \u0111\u00e3 s\u1eed d\u1ee5ng c\u00f4ng ngh\u1ec7 l\u1ecdc th\u1ea9m th\u1ea5u ng\u01b0\u1ee3c RO \u0111\u01b0\u1ee3c nh\u1eadp kh\u1ea9u 100% t\u1eeb t\u1eadp \u0111o\u00e0n DOW (DUPONT) c\u1ee7a M\u1ef9. \u0110\u00e2y l\u00e0 m\u00e0ng l\u1ecdc v\u1edbi c\u00e1c l\u1ed7 l\u1ecdc si\u00eau nh\u1ecf lo\u1ea1i b\u1ecf t\u1edbi 99.99% virus, vi khu\u1ea9n, c\u00e1c ion kim lo\u1ea1i n\u1eb7ng v\u00e0 c\u00e1c t\u1ea1p ch\u1ea5t kh\u00e1c, cho n\u01b0\u1edbc \u0111\u1ea7u ra\u00a0ho\u00e0n to\u00e0n tinh khi\u1ebft.<\/p>\n<p>&nbsp;<\/p>\n<p>Sau khi \u0111\u01b0\u1ee3c x\u1eed l\u00fd s\u01a1 b\u1ed9 qua 4 l\u00f5i l\u1ecdc th\u00f4, n\u01b0\u1edbc s\u1ebd \u0111\u01b0\u1ee3c \u0111\u1ea9y l\u00ean\u00a0m\u00e0ng l\u1ecdc RO cao c\u1ea5p, \u1edf \u0111\u00e2y\u00a0n\u01b0\u1edbc ti\u1ebfp t\u1ee5c \u0111\u01b0\u1ee3c l\u1ecdc v\u1edbi ph\u01b0\u01a1ng ph\u00e1p th\u1ea9m th\u1ea5u ng\u01b0\u1ee3c. M\u00e0ng l\u1ecdc RO c\u00f3 k\u00edch th\u01b0\u1edbc khe h\u1edf ch\u1ec9 l\u00e0 0,0001 micromet n\u00ean s\u1ebd lo\u1ea1i b\u1ecf t\u1ea5t c\u1ea3 c\u00e1c v\u1eadt ch\u1ea5t c\u00f3 \u0111\u01b0\u1eddng k\u00ednh l\u1edbn h\u01a1n 0,0001\u00a0micromet nh\u01b0 vi khu\u1ea9n, asen, c\u00e1c ch\u1ea5t h\u1eefu c\u01a1, ion kim lo\u1ea1i n\u1eb7ng&#8230; Th\u1eddi gian thay th\u1ebf l\u00f5i l\u00e0 t\u1eeb 18 &#8211; 24 th\u00e1ng cho n\u01b0\u1edbc gi\u1ebfng v\u00e0 36-60 th\u00e1ng cho n\u01b0\u1edbc m\u00e1y.<\/p>\n<p>&nbsp;<\/p>\n<p>Ph\u1ea7n l\u1ecdc tinh c\u1ee7a m\u00e0ng RO r\u1ea5t hi\u1ec7u qu\u1ea3, v\u00ec v\u1eady t\u1ea5t c\u1ea3 c\u00e1c vi khu\u1ea9n c\u0169ng nh\u01b0 kho\u00e1ng ch\u1ea5t s\u1ebd \u0111\u01b0\u1ee3c l\u1ecdc h\u1ebft, \u0111i\u1ec1u n\u00e0y g\u00e2y \u1ea3nh h\u01b0\u1edfng \u0111\u1ebfn s\u1ee9c kh\u1ecfe v\u00ec c\u00e1c kho\u00e1ng ch\u1ea5t \u0111\u00f3ng vai tr\u00f2 quan tr\u1ecdng trong c\u01a1 th\u1ec3. \u0110\u1ec3 gi\u1ea3i quy\u1ebft t\u00ecnh tr\u1ea1ng tr\u00ean, m\u00e1y l\u1ecdc n\u01b0\u1edbc RO Daiko DAW-32008H l\u1eafp \u0111\u1eb7t th\u00eam c\u00e1c l\u00f5i n\u00e2ng c\u1ea5p \u0111\u1ec3 b\u00f9 \u0111\u1eafp l\u1ea1i nh\u1eefng kho\u00e1ng ch\u1ea5t c\u00f3 l\u1ee3i cho s\u1ee9c kh\u1ecfe.<\/p>\n<p>&nbsp;<\/p>\n<h4><span style=\"color: #3366ff;\">2.3. L\u00f5i n\u00e2ng c\u1ea5p<\/span><\/h4>\n<p>L\u00f5i n\u00e2ng c\u1ea5p T33 t\u1ea1o l\u1ea1i \u0111\u1ed9 ng\u1ecdt t\u1ef1 nhi\u00ean cho n\u01b0\u1edbc, c\u00e2n b\u1eb1ng m\u1ed9t ph\u1ea7n pH cho ngu\u1ed3n n\u01b0\u1edbc sau \u0111\u00f3 \u0111\u01b0\u1ee3c \u0111\u1ea9y l\u00ean l\u00f5i n\u00e2ng c\u1ea5p ti\u1ebfp theo.<\/p>\n<p>&nbsp;<\/p>\n<p>L\u00f5i Alkaline s\u1ebd c\u00e2n b\u1eb1ng \u0111\u1ed9 pH c\u1ee7a n\u01b0\u1edbc ph\u00f9 h\u1ee3p v\u1edbi con ng\u01b0\u1eddi, h\u1ed7 tr\u1ee3 trung h\u00f2a axit d\u01b0 trong c\u01a1 th\u1ec3, \u0111\u1ed3ng th\u1eddi c\u0169ng b\u00f9 1 ph\u1ea7n kho\u00e1ng ch\u1ea5t c\u1ea7n thi\u1ebft cho c\u01a1 th\u1ec3.<\/p>\n<p>&nbsp;<\/p>\n<p>L\u00f5i h\u1ed3ng ngo\u1ea1i: t\u0103ng l\u01b0\u1ee3ng oxy h\u00f2a tan trong n\u01b0\u1edbc (gi\u1ed1ng nh\u01b0 ch\u1ea5t ch\u1ed1ng oxy h\u00f3a), gi\u00fap c\u1ea3i thi\u1ec7n l\u00e0n da v\u00e0 l\u00e0m ch\u1eadm qu\u00e1 tr\u00ecnh l\u00e3o h\u00f3a.<\/p>\n<p>&nbsp;<\/p>\n<p>L\u00f5i nano silver s\u1ebd ti\u00eau di\u1ec7t c\u00e1c vi khu\u1ea9n trong n\u01b0\u1edbc, cho ra ngu\u1ed3n n\u01b0\u1edbc ho\u00e0n to\u00e0n tinh khi\u1ebft v\u00e0 b\u1ed5 sung th\u00eam c\u00e1c ch\u1ea5t kho\u00e1ng t\u1ed1t cho c\u01a1 th\u1ec3 con ng\u01b0\u1eddi. Sau c\u00f9ng, n\u01b0\u1edbc s\u1ebd \u0111\u01b0\u1ee3c \u0111\u1ea9y l\u00ean v\u00f2i. T\u1ea1i \u0111\u00e2y c\u00f3 th\u1ec3 u\u1ed1ng n\u01b0\u1edbc tr\u1ef1c ti\u1ebfp m\u00e0 kh\u00f4ng c\u1ea7n \u0111un s\u00f4i.<\/p>\n<p>&nbsp;<\/p>\n<p><img loading=\"lazy\" decoding=\"async\" class=\"size-medium wp-image-2090 aligncenter\" src=\"https:\/\/dienmayklp.vn\/wp-content\/uploads\/2025\/03\/may-loc-nuoc-ro-daw-32008h-3-kim-long-phat-400x400.webp\" alt=\"\" width=\"400\" height=\"400\" srcset=\"https:\/\/songxanhwater.com\/wp-content\/uploads\/2025\/03\/may-loc-nuoc-ro-daw-32008h-3-kim-long-phat-400x400.webp 400w, https:\/\/songxanhwater.com\/wp-content\/uploads\/2025\/03\/may-loc-nuoc-ro-daw-32008h-3-kim-long-phat-800x800.webp 800w, https:\/\/songxanhwater.com\/wp-content\/uploads\/2025\/03\/may-loc-nuoc-ro-daw-32008h-3-kim-long-phat-280x280.webp 280w, https:\/\/songxanhwater.com\/wp-content\/uploads\/2025\/03\/may-loc-nuoc-ro-daw-32008h-3-kim-long-phat-768x768.webp 768w, https:\/\/songxanhwater.com\/wp-content\/uploads\/2025\/03\/may-loc-nuoc-ro-daw-32008h-3-kim-long-phat-300x300.webp 300w, https:\/\/songxanhwater.com\/wp-content\/uploads\/2025\/03\/may-loc-nuoc-ro-daw-32008h-3-kim-long-phat-600x600.webp 600w, https:\/\/songxanhwater.com\/wp-content\/uploads\/2025\/03\/may-loc-nuoc-ro-daw-32008h-3-kim-long-phat-100x100.webp 100w, https:\/\/songxanhwater.com\/wp-content\/uploads\/2025\/03\/may-loc-nuoc-ro-daw-32008h-3-kim-long-phat.webp 900w\" sizes=\"auto, (max-width: 400px) 100vw, 400px\" \/><\/p>\n<p>&nbsp;<\/p>\n<p>\u0110\u01b0\u1ee3c th\u00e0nh l\u1eadp t\u1eeb n\u0103m 2009 cho \u0111\u1ebfn nay. \u0110i\u1ec7n m\u00e1y Kim Long Ph\u00e1t lu\u00f4n l\u00e0 \u0111\u01a1n v\u1ecb uy t\u00edn \u0111\u01b0\u1ee3c kh\u00e1ch h\u00e0ng tin t\u01b0\u1edfng. Nh\u01b0ng kh\u00f4ng d\u1eebng l\u1ea1i \u1edf \u0111\u00f3 Kim Long Ph\u00e1t lu\u00f4n lu\u00f4n c\u1ed1 g\u1eafng ph\u1ea5n \u0111\u1ea5u mang nhi\u1ec1u gi\u00e1 tr\u1ecb \u0111\u1ebfn cho kh\u00e1ch h\u00e0ng, \u0110\u1eb7c bi\u1ec7t l\u00e0 mang \u0111\u1ebfn ngu\u1ed3n n\u01b0\u1edbc s\u1ea1ch t\u1ed1t cho s\u1ee9c kh\u1ecfe. Ngo\u00e0i ra b\u1ea1n s\u1ebd an t\u00e2m h\u01a1n khi \u0111\u1ebfn v\u1edbi \u0111i\u1ec7n m\u00e1y Kim Long Ph\u00e1t v\u1edbi nhi\u1ec1u \u01b0u \u0111\u00e3i nh\u01b0:<\/p>\n<p><i>\u2022 Gi\u00e1 c\u1ea3 c\u1ea1nh tranh tr\u00ean to\u00e0n qu\u1ed1c \u2013 \u0110\u1eb7t l\u1ee3i \u00edch kh\u00e1ch h\u00e0ng l\u00ean h\u00e0ng \u0111\u1ea7u<\/i><\/p>\n<p><i>\u2022 Ho\u00e0n ti\u1ec1n 300% n\u1ebfu ph\u00e1t hi\u1ec7n h\u00e0ng gi\u1ea3, h\u00e0ng nh\u00e1i, linh ki\u1ec7n k\u00e9m ch\u1ea5t l\u01b0\u1ee3ng.<\/i><\/p>\n<p><i>\u2022 S\u1ea3n ph\u1ea9m ch\u00ednh h\u00e3ng \u2013 L\u1ea5y uy t\u00edn l\u00e0m ph\u01b0\u01a1ng ch\u00e2m ho\u1ea1t \u0111\u1ed9ng<\/i><\/p>\n<p><i>\u2022 H\u1ed7 tr\u1ee3 tr\u1ea3 g\u00f3p 0% &#8211; X\u00e9t duy\u1ec7t nhanh ch\u00f3ng, b\u1ea3o m\u1eadt<\/i><\/p>\n<p><i>\u2022 Giao h\u00e0ng mi\u1ec5n ph\u00ed trong n\u1ed9i th\u00e0nh \u2013 L\u1eafp \u0111\u1eb7t v\u00e0 thi\u1ebft k\u1ebf chuy\u00ean nghi\u1ec7p<\/i><\/p>\n<p><i>\u2022 \u0110\u1ed9i ng\u0169 CSKH v\u00e0 K\u1ef9 thu\u1eadt gi\u00e0u kinh nghi\u1ec7m<\/i><\/p>\n<p>&nbsp;<\/p>\n<p>&nbsp;<\/p>\n<h3><span style=\"color: #3366ff;\">3. \u01afu \u0111i\u1ec3m c\u1ee7a m\u00e1y l\u1ecdc n\u01b0\u1edbc RO Daiko DAW-32008H<\/span><\/h3>\n<p>Kh\u00f4ng gi\u1ed1ng nh\u01b0 c\u00e1c l\u00f5i l\u1ecdc th\u00f4ng th\u01b0\u1eddng, m\u00e1y l\u1ecdc n\u01b0\u1edbc RO Daiko DAW-42010H ph\u00f9 h\u1ee3p v\u1edbi nhi\u1ec1u ngu\u1ed3n n\u01b0\u1edbc kh\u00e1c nhau, \u0111\u1eb7c bi\u1ec7t l\u00e0 n\u01b0\u1edbc c\u1ee9ng.<\/p>\n<p>M\u00e1y l\u1ecdc n\u01b0\u1edbc Daiko DAW-32008H \u0111\u1ea1t 2 quy chu\u1ea9n: QCVN 01:2009\/BYT-109 v\u00e0 QCVN 6-1\/2010\/BYT-28.<\/p>\n<p>C\u00e1c c\u1ed1c l\u1ecdc \u0111\u1ea1t ti\u00eau chu\u1ea9n NSF.<\/p>\n<p>C\u00f3 th\u1ec3 ti\u1ebft ki\u1ec7m ti\u1ec1n thay l\u00f5i t\u1eeb 1.500.000VN\u0110 \u2013 2.000.000VN\u0110 nh\u1edd l\u00f5i l\u1ecdc Ceramic.<\/p>\n<p>Ngu\u1ed3n n\u01b0\u1edbc \u0111\u1ea7u ra \u0111\u1ea3m b\u1ea3o an to\u00e0n tuy\u1ec7t \u0111\u1ed1i, b\u1ed5 sung kho\u00e1ng ch\u1ea5t c\u00f3 l\u1ee3i cho c\u01a1 th\u1ec3.<\/p>\n<p>Thi\u1ebft k\u1ebf \u0111\u1eb9p m\u1eaft, g\u1ecdn nh\u1eb9, trang nh\u00e3, m\u00e0u s\u1eafc tinh t\u1ebf, th\u1eddi th\u01b0\u1ee3ng.<\/p>\n<p>T\u00ecnh tr\u1ea1ng ho\u1ea1t \u0111\u1ed9ng c\u1ee7a m\u00e1y th\u1ec3 hi\u1ec7n b\u1eb1ng \u0111\u00e8n b\u00e1o.<\/p>\n<p>T\u00ednh n\u0103ng v\u1ec7 sinh t\u1ef1 \u0111\u1ed9ng s\u1ee5c r\u1eeda m\u00e0ng RO l\u00e0m t\u0103ng \u0111\u1ed9 b\u1ec1n c\u1ee7a m\u00e1y.<\/p>\n<p>B\u1ea3o h\u00e0nh: 01 n\u0103m cho ph\u1ea7n \u0111i\u1ec7n &amp; linh ki\u1ec7n do l\u1ed7i Nh\u00e0 s\u1ea3n xu\u1ea5t, c\u1ed9ng th\u00eam 01 n\u0103m cho ph\u1ea7n \u0111i\u1ec7n n\u1ebfu k\u00edch ho\u1ea1t b\u1ea3o h\u00e0nh \u0111i\u1ec7n t\u1eed.<\/p>\n<p>&nbsp;<\/p>\n<p><img loading=\"lazy\" decoding=\"async\" class=\"size-medium wp-image-2089 aligncenter\" src=\"https:\/\/dienmayklp.vn\/wp-content\/uploads\/2025\/03\/may-loc-nuoc-ro-daw-32008h-2-kim-long-phat-400x400.jpg\" alt=\"\" width=\"400\" height=\"400\" srcset=\"https:\/\/songxanhwater.com\/wp-content\/uploads\/2025\/03\/may-loc-nuoc-ro-daw-32008h-2-kim-long-phat-400x400.jpg 400w, https:\/\/songxanhwater.com\/wp-content\/uploads\/2025\/03\/may-loc-nuoc-ro-daw-32008h-2-kim-long-phat-800x800.jpg 800w, https:\/\/songxanhwater.com\/wp-content\/uploads\/2025\/03\/may-loc-nuoc-ro-daw-32008h-2-kim-long-phat-280x280.jpg 280w, https:\/\/songxanhwater.com\/wp-content\/uploads\/2025\/03\/may-loc-nuoc-ro-daw-32008h-2-kim-long-phat-768x768.jpg 768w, https:\/\/songxanhwater.com\/wp-content\/uploads\/2025\/03\/may-loc-nuoc-ro-daw-32008h-2-kim-long-phat-300x300.jpg 300w, https:\/\/songxanhwater.com\/wp-content\/uploads\/2025\/03\/may-loc-nuoc-ro-daw-32008h-2-kim-long-phat-600x600.jpg 600w, https:\/\/songxanhwater.com\/wp-content\/uploads\/2025\/03\/may-loc-nuoc-ro-daw-32008h-2-kim-long-phat-100x100.jpg 100w, https:\/\/songxanhwater.com\/wp-content\/uploads\/2025\/03\/may-loc-nuoc-ro-daw-32008h-2-kim-long-phat.jpg 900w\" sizes=\"auto, (max-width: 400px) 100vw, 400px\" \/><\/p>\n<p>&nbsp;<\/p>\n<h2><span style=\"color: #3366ff;\">III. Li\u00ean h\u1ec7 mua m\u00e1y l\u1ecdc n\u01b0\u1edbc RO Daiko DAW-32008H t\u1ea1i Kim Long Ph\u00e1t<\/span><\/h2>\n<p>M\u00e1y l\u1ecdc n\u01b0\u1edbc RO Daiko DAW-32008H \u0111\u01b0\u1ee3c ph\u00e2n ph\u1ed1i ch\u00ednh h\u00e3ng t\u1ea1i \u0111i\u1ec7n m\u00e1y Kim Long Ph\u00e1t (KLP) l\u00e0 s\u1ea3n ph\u1ea9m ch\u1ea5t l\u01b0\u1ee3ng, cao c\u1ea5p.\u00a0 M\u00e1y l\u1ecdc n\u01b0\u1edbc n\u00f3ng l\u1ea1nh RO Daiko DAW-32008H th\u00edch h\u1ee3p v\u1edbi m\u1ecdi gia \u0111\u00ecnh, mang l\u1ea1i ngu\u1ed3n n\u01b0\u1edbc an to\u00e0n, tinh khi\u1ebft.<\/p>\n<p>&nbsp;<\/p>\n<p>\u0110i\u1ec7n m\u00e1y Kim Long Ph\u00e1t\u00a0(KLP) l\u00e0 doanh nghi\u1ec7p ho\u1ea1t \u0111\u1ed9ng tr\u00ean th\u1ecb tr\u01b0\u1eddng v\u1edbi h\u01a1n 10 n\u0103m v\u1ec1 m\u00e1y l\u1ecdc n\u01b0\u1edbc. Kim Long Ph\u00e1t t\u1ef1 h\u00e0o l\u00e0 \u0111\u01a1n v\u1ecb ph\u00e2n ph\u1ed1i c\u00e1c m\u00e1y l\u1ecdc n\u01b0\u1edbc, qu\u1ea1t m\u00e1y, Robot h\u00fat b\u1ee5i lau nh\u00e0 ch\u00ednh h\u00e3ng, uy t\u00edn.\u00a0V\u1edbi s\u1ee9 m\u1ec7nh mang l\u1ea1i l\u1ee3i \u00edch t\u1ed1t nh\u1ea5t cho kh\u00e1ch h\u00e0ng, ch\u00fang t\u00f4i lu\u00f4n lu\u00f4n l\u1eafng nghe nh\u1eefng \u00fd ki\u1ebfn g\u00f3p \u00fd \u0111\u1ea7y thi\u1ec7n ch\u00ed, c\u0169ng nh\u01b0 nh\u1eefng ph\u00ea b\u00ecnh t\u1eeb kh\u00e1ch h\u00e0ng. Kim Long Ph\u00e1t cam k\u1ebft\u00a0\u0111em\u00a0\u0111\u1ebfn nh\u1eefng s\u1ea3n ph\u1ea9m t\u1ed1t nh\u1ea5t v\u1edbi gi\u00e1 ph\u1ea3i ch\u0103ng nh\u1ea5t.<\/p>\n<p>&nbsp;<\/p>\n<p>Tham kh\u1ea3o th\u00eam:<\/p>\n<p><span style=\"color: #3366ff;\"><a style=\"color: #3366ff;\" href=\"https:\/\/dienmayklp.vn\/may-lam-mat-daikio\" target=\"_blank\" rel=\"nofollow noopener\"><em>M\u00e1y l\u00e0m m\u00e1t Daikio t\u1ea1i Kim Long Ph\u00e1t<\/em><\/a><\/span><\/p>\n<p><span style=\"color: #3366ff;\"><a style=\"color: #3366ff;\" href=\"https:\/\/dienmayklp.vn\/may-dien-giai-ion-kiem\" target=\"_blank\" rel=\"nofollow noopener\"><em>M\u00e1y t\u1ea1o n\u01b0\u1edbc ion ki\u1ec1m t\u1ea1i Kim Long Ph\u00e1t<\/em><\/a><\/span><\/p>\n<p>&nbsp;<\/p>\n<p>M\u1ecdi th\u00f4ng tin chi ti\u1ebft xin li\u00ean h\u1ec7:<\/p>\n<p><span style=\"color: #3366ff;\"><b>C\u00d4NG TY C\u1ed4 PH\u1ea6N TH\u01af\u01a0NG M\u1ea0I V\u00c0 X\u00c2Y D\u1ef0NG KIM LONG PH\u00c1T<\/b><\/span><\/p>\n<p><b><i>Showroom 1:<\/i><\/b>\u00a0228 \u0110\u01b0\u1eddng III, KDC Khang \u0110i\u1ec1n, P. Ph\u01b0\u1edbc Long B, Qu\u1eadn 9, TP. H\u1ed3 Ch\u00ed Minh<\/p>\n<p><b><i>Showroom 2:<\/i><\/b>\u00a0T\u00f2a S1.01 &#8211; 05.01. Shophouse S01 &#8211; Vinhomes Grand Park &#8211; 200 Nguy\u1ec5n Xi\u1ec3n, P. Long Th\u1ea1nh M\u1ef9, Qu\u1eadn 9, TP. H\u1ed3 Ch\u00ed Minh<\/p>\n<p><b><i>Hotline t\u01b0 v\u1ea5n:<\/i><\/b>\u00a0<span style=\"color: #ff0000;\"><b>1900 571 230<\/b><\/span><\/p>\n<p><b><i>\u0110\u1eb7t h\u00e0ng tr\u1ef1c tuy\u1ebfn:<\/i><\/b><b>\u00a0<span style=\"color: #ff0000;\">0975 679 179<\/span><\/b><\/p>\n<p><b><i>Email:<\/i><\/b>\u00a0<span style=\"color: #3366ff;\"><b><a style=\"color: #3366ff;\" href=\"mailto:cskh@klp.vn?subject=Ph%E1%BA%A3n%20H%E1%BB%93i%20%C4%90i%E1%BB%87n%20M%C3%A1y%20Kim%20Long%20Ph%C3%A1t&amp;body=%C4%90i%E1%BB%87n%20M%C3%A1y%20Kim%20Long%20Ph%C3%A1t%20K%C3%ADnh%20ch%C3%A0o%20qu%C3%BD%20kh%C3%A1ch!%0AMong%20nh%E1%BA%ADn%20%C4%91%C6%B0%E1%BB%A3c%20%C3%BD%20ki%E1%BA%BFn%20ph%E1%BA%A3n%20h%E1%BB%93i%20t%E1%BB%AB%20Anh%2FCh%E1%BB%8B\">cskh@klp.vn<\/a><\/b><\/span><\/p>\n<p><b><i>Website:<\/i><\/b><span style=\"color: #3366ff;\"><b>\u00a0<a style=\"color: #3366ff;\" href=\"https:\/\/dienmayklp.vn\/\" target=\"_blank\" rel=\"noopener nofollow\">klp.vn<\/a><\/b><\/span><\/p>\n","protected":false},"excerpt":{"rendered":"<p><em><strong>\u2022\u00a0\u00a0<\/strong><\/em>Th\u01b0\u01a1ng hi\u1ec7u: Daikio<\/p>\n<p><em><strong>\u2022\u00a0<\/strong><\/em>\u00a03 l\u00f5i l\u1ecdc th\u00f4, m\u00e0ng l\u1ecdc RO v\u00e0 4\u00a0l\u00f5i n\u00e2ng c\u1ea5p<\/p>\n<p><em><strong>\u2022\u00a0\u00a0<\/strong><\/em>M\u00e0ng l\u1ecdc RO DOW (DUPONT) nh\u1eadp kh\u1ea9u t\u1eeb M\u1ef9<\/p>\n<p><em><strong>\u2022\u00a0\u00a0<\/strong><\/em>C\u00e1c c\u1ed1c l\u1ecdc \u0111\u1ea1t ti\u00eau chu\u1ea9n NSF<\/p>\n<p><em><strong>\u2022\u00a0<\/strong><\/em>\u00a0B\u1ea3o h\u00e0nh: 2 n\u0103m \u0111\u1ed1i v\u1edbi ph\u1ea7n \u0111i\u1ec7n<\/p>\n","protected":false},"featured_media":889,"comment_status":"open","ping_status":"closed","template":"","meta":{"_acf_changed":false},"product_brand":[73],"product_cat":[81],"product_tag":[],"class_list":{"0":"post-882","1":"product","2":"type-product","3":"status-publish","4":"has-post-thumbnail","6":"product_brand-daikio","7":"product_cat-may-loc-nuoc-ro","9":"first","10":"instock","11":"sale","12":"taxable","13":"shipping-taxable","14":"purchasable","15":"product-type-simple"},"acf":[],"_links":{"self":[{"href":"https:\/\/songxanhwater.com\/index.php?rest_route=\/wp\/v2\/product\/882","targetHints":{"allow":["GET"]}}],"collection":[{"href":"https:\/\/songxanhwater.com\/index.php?rest_route=\/wp\/v2\/product"}],"about":[{"href":"https:\/\/songxanhwater.com\/index.php?rest_route=\/wp\/v2\/types\/product"}],"replies":[{"embeddable":true,"href":"https:\/\/songxanhwater.com\/index.php?rest_route=%2Fwp%2Fv2%2Fcomments&post=882"}],"wp:featuredmedia":[{"embeddable":true,"href":"https:\/\/songxanhwater.com\/index.php?rest_route=\/wp\/v2\/media\/889"}],"wp:attachment":[{"href":"https:\/\/songxanhwater.com\/index.php?rest_route=%2Fwp%2Fv2%2Fmedia&parent=882"}],"wp:term":[{"taxonomy":"product_brand","embeddable":true,"href":"https:\/\/songxanhwater.com\/index.php?rest_route=%2Fwp%2Fv2%2Fproduct_brand&post=882"},{"taxonomy":"product_cat","embeddable":true,"href":"https:\/\/songxanhwater.com\/index.php?rest_route=%2Fwp%2Fv2%2Fproduct_cat&post=882"},{"taxonomy":"product_tag","embeddable":true,"href":"https:\/\/songxanhwater.com\/index.php?rest_route=%2Fwp%2Fv2%2Fproduct_tag&post=882"}],"curies":[{"name":"wp","href":"https:\/\/api.w.org\/{rel}","templated":true}]}}