{"id":807,"date":"2025-03-28T16:51:58","date_gmt":"2025-03-28T16:51:58","guid":{"rendered":"https:\/\/dienmayklp.vn\/?post_type=product&#038;p=807"},"modified":"2025-10-13T08:33:44","modified_gmt":"2025-10-13T08:33:44","slug":"807","status":"publish","type":"product","link":"https:\/\/songxanhwater.com\/?product=807","title":{"rendered":"M\u00e1y l\u1ecdc n\u01b0\u1edbc \u0111\u1ec3 g\u1ea7m t\u1ee7 b\u1ebfp Torayvino SK55 J-K 3SET"},"content":{"rendered":"<p>M\u00e1y l\u1ecdc n\u01b0\u1edbc \u0111\u1ec3 g\u1ea7m t\u1ee7 b\u1ebfp Torayvino SK55J-K-3SET l\u00e0 s\u1ea3n ph\u1ea9m l\u1ecdc n\u01b0\u1edbc hi\u1ec7n \u0111\u1ea1i \u0111\u1ebfn t\u1eeb c\u00f4ng ty Toray Industries INC., Nh\u1eadt B\u1ea3n. C\u00f4ng ty Toray Industries INC. l\u00e0 m\u1ed9t c\u00f4ng ty \u0111a qu\u1ed1c gia, c\u00f3 kinh nghi\u1ec7m l\u00e2u n\u0103m trong c\u00e1c ng\u00e0nh h\u00e0ng v\u1ec1 h\u1ec7 th\u1ed1ng, thi\u1ebft b\u1ecb x\u1eed l\u00fd n\u01b0\u1edbc, h\u00e0ng h\u00f3a ti\u00eau d\u00f9ng, nh\u1ef1a, h\u00f3a ch\u1ea5t t\u1ed5ng h\u1ee3p \u0111\u1ebfn v\u1eadt li\u1ec7u c\u00f4ng nghi\u1ec7p,\u2026 \u0110\u00fang nh\u01b0 t\u00ean g\u1ecdi,\u00a0<span style=\"color: #00aae7;\"><a style=\"color: #00aae7;\" href=\"https:\/\/kimlongphat.vn\/danh-muc\/may-loc-nuoc-de-gam-tu-bep\/\" rel=\"nofollow noopener\" target=\"_blank\">m\u00e1y l\u1ecdc n\u01b0\u1edbc \u0111\u1ec3 g\u1ea7m t\u1ee7 b\u1ebfp<\/a><\/span>\u00a0s\u1ebd \u0111\u01b0\u1ee3c l\u1eafp \u0111\u1eb7t \u1edf v\u1ecb tr\u00ed trong t\u1ee7 b\u1ebfp, d\u01b0\u1edbi g\u1ea7m t\u1ee7 ho\u1eb7c n\u1eb1m c\u1ea1nh b\u1ed3n r\u1eeda b\u00e1t. V\u1edbi v\u1ecb tr\u00ed l\u1eafp \u0111\u1eb7t n\u00e0y gi\u00fap t\u1ed1i \u01b0u kh\u00f4ng gian b\u1ebfp v\u00e0 \u0111\u00f3 c\u0169ng ch\u00ednh l\u00e0 s\u1ef1 kh\u00e1c bi\u1ec7t l\u1edbn so v\u1edbi c\u00e1c m\u1eabu m\u00e1y l\u1ecdc n\u01b0\u1edbc kh\u00e1c tr\u00ean th\u1ecb tr\u01b0\u1eddng hi\u1ec7n nay.<\/p>\n<p>&nbsp;<\/p>\n<p><img loading=\"lazy\" decoding=\"async\" class=\"size-medium wp-image-2001 aligncenter\" src=\"https:\/\/dienmayklp.vn\/wp-content\/uploads\/2025\/03\/SK55J-K-1-400x400.png\" alt=\"SK55J-K\" width=\"400\" height=\"400\" srcset=\"https:\/\/songxanhwater.com\/wp-content\/uploads\/2025\/03\/SK55J-K-1-400x400.png 400w, https:\/\/songxanhwater.com\/wp-content\/uploads\/2025\/03\/SK55J-K-1-280x280.png 280w, https:\/\/songxanhwater.com\/wp-content\/uploads\/2025\/03\/SK55J-K-1-300x300.png 300w, https:\/\/songxanhwater.com\/wp-content\/uploads\/2025\/03\/SK55J-K-1-100x100.png 100w, https:\/\/songxanhwater.com\/wp-content\/uploads\/2025\/03\/SK55J-K-1.png 600w\" sizes=\"auto, (max-width: 400px) 100vw, 400px\" \/><\/p>\n<p style=\"text-align: center;\">L\u00f5i l\u1ecdc n\u01b0\u1edbc \u0111\u1ec3 g\u1ea7m t\u1ee7 b\u1ebfp Torayvino SK55J-K-3SET<\/p>\n<p>&nbsp;<\/p>\n<h2>1. Gi\u1edbi thi\u1ec7u chung v\u1ec1 m\u00e1y l\u1ecdc n\u01b0\u1edbc \u0111\u1ec3 g\u1ea7m t\u1ee7 b\u1ebfp Torayvino SK55J-K-3SET<\/h2>\n<p>M\u00e1y l\u1ecdc n\u01b0\u1edbc \u0111\u1ec3 g\u1ea7m t\u1ee7 b\u1ebfp Torayvino SK55J-K-3SET c\u00f3 k\u00edch th\u01b0\u1edbc nh\u1ecf g\u1ecdn kh\u00f4ng chi\u1ebfm nhi\u1ec1u di\u1ec7n t\u00edch trong gia \u0111\u00ecnh:<\/p>\n<ul>\n<li aria-level=\"1\">C\u00f4ng ngh\u1ec7 m\u00e0ng l\u1ecdc s\u1ee3i r\u1ed7ng ti\u00ean ti\u1ebfn<\/li>\n<li aria-level=\"1\">C\u1ea5u t\u1ea1o t\u1eeb nh\u1eefng v\u1eadt li\u1ec7u l\u1ecdc an to\u00e0n nh\u01b0 v\u1ea3i s\u1ee3i kh\u00f4ng d\u1ec7t, than ho\u1ea1t t\u00ednh v\u00e0 m\u00e0ng l\u1ecdc s\u1ee3i r\u1ed7ng.<\/li>\n<li aria-level=\"1\">Dung t\u00edch l\u1ecdc 20.000 l\u00edt, \u0111\u1ea1t ti\u00eau chu\u1ea9n JIS S3201 v\u1ec1 lo\u1ea1i b\u1ecf 12 t\u1ea1p ch\u1ea5t g\u00e2y h\u1ea1i cho s\u1ee9c kh\u1ecfe<\/li>\n<li aria-level=\"1\">U\u1ed1ng \u0111\u01b0\u1ee3c tr\u1ef1c ti\u1ebfp<\/li>\n<\/ul>\n<p><strong>Th\u00f4ng s\u1ed1 k\u1ef9 thu\u1eadt<\/strong><\/p>\n<p>&nbsp;<\/p>\n<table>\n<tbody>\n<tr>\n<td><strong>V\u1eadt li\u1ec7u thi\u1ebft b\u1ecb:<\/strong><\/td>\n<td>\u00a0Nh\u1ef1a ABS<\/td>\n<\/tr>\n<tr>\n<td><strong>V\u1eadt li\u1ec7u l\u1ecdc:<\/strong><\/td>\n<td>\u00a0Than ho\u1ea1t t\u00ednh, m\u00e0ng l\u1ecdc s\u1ee3i r\u1ed7ng (polysulfone)<\/td>\n<\/tr>\n<tr>\n<td><strong>Dung t\u00edch l\u1ecdc:<\/strong><\/td>\n<td>\u00a020.000 l\u00edt<\/td>\n<\/tr>\n<tr>\n<td><strong>T\u1ed1c \u0111\u1ed9 l\u1ecdc:<\/strong><\/td>\n<td>\u00a04 l\u00edt\/ph\u00fat (v\u1edbi \u00e1p su\u1ea5t n\u01b0\u1edbc 100kPa)<\/td>\n<\/tr>\n<tr>\n<td><strong>\u00c1p su\u1ea5t t\u1ed1i \u0111a v\u00e0 t\u1ed1i thi\u1ec3u:<\/strong><\/td>\n<td>\u00a070kPa v\u00e0 350kPa<\/td>\n<\/tr>\n<tr>\n<td><strong>Kh\u1ea3 n\u0103ng l\u1ecdc:<\/strong><\/p>\n<p>&nbsp;<\/td>\n<td>\n<ul>\n<li>Clo d\u01b0 trong n\u01b0\u1edbc: T\u1ed5ng l\u01b0\u1ee3ng l\u1ecdc 30,000L (T\u1ef7 l\u1ec7 lo\u1ea1i b\u1ecf 80% k\u1ebft qu\u1ea3 th\u1eed nghi\u1ec7m JIS S3201)<\/li>\n<li>\u0110\u1ed9 \u0111\u1ee5c: T\u1ed5ng l\u01b0\u1ee3ng l\u1ecdc 20,000L (T\u1ef7 l\u1ec7 l\u1ecdc 50% k\u1ebft qu\u1ea3 th\u1eed nghi\u1ec7m JIS S3201)<\/li>\n<\/ul>\n<p>* T\u1ef7 l\u1ec7 lo\u1ea1i b\u1ecf vi khu\u1ea9n l\u00e0 99,99%<\/p>\n<p>* T\u1ef7 l\u1ec7 lo\u1ea1i b\u1ecf t\u1ea1p ch\u1ea5t c\u00f3 k\u00edch th\u01b0\u1edbc l\u1edbn h\u01a1n 0,0003mm l\u00e0 99,95%<\/td>\n<\/tr>\n<tr>\n<td><strong>K\u00edch th\u01b0\u1edbc:<\/strong><\/td>\n<td>\u00a0121x213mm<\/td>\n<\/tr>\n<tr>\n<td><strong>Tr\u1ecdng l\u01b0\u1ee3ng:<\/strong><\/td>\n<td>\u00a00,98kg (khi \u0111\u1ea7y n\u01b0\u1edbc 1.85kg)<\/td>\n<\/tr>\n<tr>\n<td><strong>Th\u1eddi gian thay l\u00f5i:<\/strong><\/td>\n<td>\u00a024 th\u00e1ng (khi s\u1eed d\u1ee5ng 25 l\u00edt\/ng\u00e0y)<\/td>\n<\/tr>\n<tr>\n<td><strong>Xu\u1ea5t x\u1ee9:<\/strong><\/td>\n<td>\u00a0Nh\u1eadt B\u1ea3n<\/td>\n<\/tr>\n<tr>\n<td><strong>B\u1ea3o h\u00e0nh:<\/strong><\/td>\n<td>\u00a001 l\u00f5i l\u1ecdc (6 th\u00e1ng), 2 \u1ed1ng d\u1eabn (12 th\u00e1ng), 1 b\u1ed9 v\u00f2i n\u01b0\u1edbc (5 n\u0103m)<\/td>\n<\/tr>\n<\/tbody>\n<\/table>\n<h2>2. C\u00e1c t\u00ednh n\u0103ng \u0111\u1eb7c bi\u1ec7t m\u00e1y l\u1ecdc n\u01b0\u1edbc \u0111\u1ec3 g\u1ea7m t\u1ee7 b\u1ebfp Torayvino SK55J-K-3SET<\/h2>\n<p>M\u00e1y l\u1ecdc n\u01b0\u1edbc \u0111\u1ec3 g\u1ea7m t\u1ee7 b\u1ebfp Torayvino SK55J-K-3SET s\u1edf h\u1eefu c\u00f4ng ngh\u1ec7 m\u00e0ng l\u1ecdc s\u1ee3i r\u1ed7ng ti\u00ean ti\u1ebfn, gi\u00fap gi\u1eef tr\u1ecdn v\u1eb9n kho\u00e1ng ch\u1ea5t trong n\u01b0\u1edbc.<\/p>\n<p>Nh\u1edd \u0111\u00f3, m\u00e1y l\u1ecdc n\u01b0\u1edbc \u0111\u1ec3 g\u1ea7m t\u1ee7 b\u1ebfp Torayvino SK55J-K-3SET gi\u00fap l\u1ecdc s\u1ea1ch clo d\u01b0, \u0111\u1ed9, m\u00f9i \u1ea9m m\u1ed1c, c\u00e1c t\u1ea1p ch\u1ea5t, vi khu\u1ea9n, vi sinh v\u1eadt v\u00e0 ch\u00ec h\u00f2a tan.<\/p>\n<h2>3. L\u00fd do n\u00ean ch\u1ecdn m\u00e1y l\u1ecdc n\u01b0\u1edbc \u0111\u1ec3 g\u1ea7m t\u1ee7 b\u1ebfp SK55 J-K 3SET cho gia \u0111\u00ecnh b\u1ea1n<\/h2>\n<p>M\u00e1y l\u1ecdc n\u01b0\u1edbc \u0111\u1ec3 g\u1ea7m t\u1ee7 b\u1ebfp Torayvino SK55J-K-3SET v\u1edbi thi\u1ebft k\u1ebf v\u00f4 c\u00f9ng nh\u1ecf g\u1ecdn d\u1ec5 d\u00e0ng l\u1eafp \u0111\u1eb7t v\u00e0 duy chuy\u1ec3n, kh\u00f4ng chi\u1ebfm nhi\u1ec1u di\u1ec7n t\u00edch trong gia \u0111\u00ecnh b\u1ea1n.<\/p>\n<p>M\u00e1y l\u1ecdc n\u01b0\u1edbc \u0111\u1ec3 g\u1ea7m t\u1ee7 b\u1ebfp Torayvino SK55J-K-3SET s\u1eed d\u1ee5ng c\u00f4ng ngh\u1ec7 l\u1ecdc n\u01b0\u1edbc hi\u1ec7n \u0111\u1ea1i Nh\u1eadt B\u1ea3n, kh\u00f4ng c\u1ea7n k\u1ebft n\u1ed1i v\u1edbi ngu\u1ed3n \u0111i\u1ec7n. \u0110\u01b0\u1ee3c c\u1ea5u t\u1ea1o t\u1eeb nh\u1eefng v\u1eadt li\u1ec7u an to\u00e0n nh\u01b0: nh\u1ef1a ABS. C\u00f3 th\u1ec3 d\u00f9ng n\u01b0\u1edbc \u0111\u01b0\u1ee3c l\u1ecdc t\u1eeb m\u00e1y l\u1ecdc n\u01b0\u1edbc \u0111\u1ec3 g\u1ea7m t\u1ee7 b\u1ebfp Torayvino SK55J-K-3SET \u0111\u1ec3 u\u1ed1ng tr\u1ef1c ti\u1ebfp.<\/p>\n<h2>4. H\u01b0\u1edbng d\u1eabn l\u1eafp \u0111\u1eb7t s\u1ea3n ph\u1ea9m m\u00e1y l\u1ecdc n\u01b0\u1edbc \u0111\u1ec3 g\u1ea7m t\u1ee7 b\u1ebfp Torayvino SK55J-K-3SET<\/h2>\n<p>&#8211; B\u01b0\u1edbc 1: X\u00e1c \u0111\u1ecbnh v\u1ecb tr\u00ed ph\u00f9 h\u1ee3p khoan l\u1ed7 phi 32<\/p>\n<p>&#8211; B\u01b0\u1edbc 2: G\u1eafn van chia n\u01b0\u1edbc<\/p>\n<p>&#8211; B\u01b0\u1edbc 3: G\u1eafn v\u00f2i n\u01b0\u1edbc<\/p>\n<p>&#8211; B\u01b0\u1edbc 4: K\u1ebft n\u1ed1i 3 d\u00e2y c\u1ee7a v\u00f2i theo \u0111\u00fang th\u1ee9 t\u1ef1:<\/p>\n<ul>\n<li aria-level=\"1\"><i>D\u00e2y\u00a0 m\u00e0u tr\u1eafng:\u00a0 Ngu\u1ed3n n\u01b0\u1edbc c\u1ea5p\u00a0\u00a0<\/i><\/li>\n<\/ul>\n<ul>\n<li aria-level=\"1\"><i>D\u00e2y m\u00e0u xanh l\u1ee5c: \u1ed0ng ra c\u1ee7a b\u00ecnh Toray\u00a0<\/i><\/li>\n<\/ul>\n<ul>\n<li aria-level=\"1\"><i>D\u00e2y m\u00e0u ch\u00e0m: \u1ed0ng v\u00e0o c\u1ee7a b\u00ecnh Toray\u00a0<\/i><\/li>\n<\/ul>\n<p>Sau \u0111\u00f3 x\u1ea3 n\u01b0\u1edbc n\u01b0\u1edbc \u0111i qua m\u00e1y l\u1ecdc t\u1eeb 5 \u0111\u1ebfn 10 ph\u00fat<\/p>\n<p>*\u00a0<b>L\u01b0u \u00fd:\u00a0<\/b>T\u00f9y v\u00e0o n\u01b0\u1edbc m\u1ea1nh hay y\u1ebfu, v\u00f2i n\u01b0\u1edbc khi \u0111\u00f3ng s\u1ebd d\u1eebng nhanh hay ch\u1eadm. N\u01b0\u1edbc y\u1ebfu khi \u0111\u00f3ng n\u01b0\u1edbc v\u00f2i s\u1ebd v\u1eabn cho n\u01b0\u1edbc ra t\u1eeb 5 &#8211; 10 gi\u00e2y sau \u0111\u00f3 d\u1eebng h\u1eb3n.<\/p>\n<h2>5. Nh\u1eefng l\u01b0u \u00fd khi s\u1eed d\u1ee5ng m\u00e1y l\u1ecdc n\u01b0\u1edbc \u0111\u1ec3 g\u1ea7m t\u1ee7 b\u1ebfp Torayvino SK55J-K-3SET<\/h2>\n<h3>X\u1ea3 n\u01b0\u1edbc sau khi l\u1eafp \u0111\u1eb7t<\/h3>\n<p>Sau khi l\u1eafp xong m\u00e1y l\u1ecdc n\u01b0\u1edbc \u0111\u1ec3 g\u1ea7m t\u1ee7 b\u1ebfp Torayvino SK55J-K-3SET, c\u1ea7n x\u1ea3 n\u01b0\u1edbc 2-3 l\u1ea7n r\u1ed3i m\u1edbi \u0111i v\u00e0o s\u1eed d\u1ee5ng. Vi\u1ec7c n\u00e0y gi\u00fap \u1ed5n \u0111\u1ecbnh ch\u1ea5t l\u01b0\u1ee3ng n\u01b0\u1edbc \u0111\u1ea7u ra, n\u01b0\u1edbc \u0111\u1ea3m b\u1ea3o s\u1ea1ch v\u00e0 \u0111\u1ea1t ti\u00eau chu\u1ea9n c\u1ee7a Nh\u00e0 s\u1ea3n xu\u1ea5t.<\/p>\n<h3>V\u1ec1 vi\u1ec7c thay th\u1ebf \u1ed1ng n\u01b0\u1edbc<\/h3>\n<p>\u1ed0ng d\u1eabn m\u1ec1m, c\u00e1c lo\u1ea1i bao b\u00ec, kh\u1edbp n\u1ed1i m\u1ed9t ch\u1ea1m, v.v\u2026 c\u0169ng xu\u1ed1ng c\u1ea5p v\u00e0 hao m\u00f2n theo th\u1eddi gian, v\u00ec v\u1eady c\u1ea7n ph\u1ea3i b\u1ea3o tr\u00ec m\u00e1y l\u1ecdc n\u01b0\u1edbc th\u01b0\u1eddng xuy\u00ean. N\u00ean thay th\u1ebf \u1ed1ng n\u01b0\u1edbc 5 n\u0103m 1 l\u1ea7n.<\/p>\n<h3>Tr\u01b0\u1edbc khi s\u1eed d\u1ee5ng m\u00e1y l\u1ecdc n\u01b0\u1edbc m\u1ed7i ng\u00e0y<\/h3>\n<p>Tr\u01b0\u1edbc khi b\u1eaft \u0111\u1ea7u s\u1eed d\u1ee5ng m\u00e1y l\u1ecdc n\u01b0\u1edbc m\u1ed7i ng\u00e0y, h\u00e3y cho n\u01b0\u1edbc ch\u1ea3y qua l\u00f5i l\u1ecdc trong kho\u1ea3ng 15 gi\u00e2y.<\/p>\n<h3>L\u01b0u \u00fd trong qu\u00e1 tr\u00ecnh s\u1eed d\u1ee5ng<\/h3>\n<ul>\n<li aria-level=\"1\">N\u1ebfu \u0111\u00e3 thay l\u00f5i l\u1ecdc ho\u1eb7c kh\u00f4ng s\u1eed d\u1ee5ng m\u00e1y l\u1ecdc n\u01b0\u1edbc t\u1eeb 2 ng\u00e0y tr\u1edf l\u00ean, h\u00e3y cho n\u01b0\u1edbc ch\u1ea3y qua l\u00f5i l\u1ecdc 1 \u0111\u1ebfn 2 ph\u00fat tr\u01b0\u1edbc khi s\u1eed d\u1ee5ng.<\/li>\n<li aria-level=\"1\">Thay l\u00f5i l\u1ecdc \u0111\u1ecbnh k\u1ef3 theo th\u1eddi gian thay l\u00f5i d\u1ef1 ki\u1ebfn<\/li>\n<li aria-level=\"1\">Gi\u1eef cho \u0111\u1ea7u ra c\u1ee7a n\u01b0\u1edbc \u0111\u00e3 qua l\u1ecdc lu\u00f4n s\u1ea1ch<b><i>\u00a0<\/i><\/b><\/li>\n<li aria-level=\"1\">\u1ed0ng d\u1eabn n\u01b0\u1edbc c\u1ee7a m\u00e1y l\u1ecdc n\u01b0\u1edbc, c\u00e1c lo\u1ea1i mi\u1ebfng \u0111\u1ec7m v\u00e0 kh\u1edbp n\u1ed1i nhanh s\u1ebd b\u1ecb xu\u1ed1ng c\u1ea5p ho\u1eb7c b\u1ecb m\u00f2n theo th\u1eddi gian. Vui l\u00f2ng th\u01b0\u1eddng xuy\u00ean ki\u1ec3m tra t\u00ecnh h\u00ecnh n\u01a1i m\u00e1y l\u1ecdc \u0111\u01b0\u1ee3c l\u1eafp \u0111\u1eb7t.<\/li>\n<\/ul>\n<h3>H\u01b0\u1edbng d\u1eabn thay l\u00f5i l\u1ecdc n\u01b0\u1edbc<\/h3>\n<p>Khi b\u1ea1n s\u1eed d\u1ee5ng m\u00e1y l\u1ecdc n\u01b0\u1edbc l\u1ea7n \u0111\u1ea7u ti\u00ean, h\u00e3y th\u00e1o kh\u1edbp n\u1ed1i 2 \u0111\u1ea7u ra v\u00e0 k\u1ebft n\u1ed1i l\u00f5i l\u1ecdc v\u1edbi \u1ed1ng d\u1eabn n\u01b0\u1edbc \u0111\u1ea7u ra v\u00e0 \u0111\u1ea7u v\u00e0o c\u1ee7a m\u00e1y l\u1ecdc n\u01b0\u1edbc lo\u1ea1i \u0111\u1eb7t g\u1ea7m.<\/p>\n<ol>\n<li>\u0110\u00f3ng van n\u01b0\u1edbc \u0111\u00e3 qua l\u1ecdc v\u00e0 n\u01b0\u1edbc ch\u01b0a l\u1ecdc \u0111\u1ec3 ng\u1eebng c\u1ea5p n\u01b0\u1edbc.<\/li>\n<li>K\u00e9o l\u00f5i l\u1ecdc h\u01b0\u1edbng v\u1ec1 ph\u00eda b\u1ea1n<\/li>\n<li>Th\u00e1o l\u00f5i l\u1ecdc \u0111\u00e3 qua s\u1eed d\u1ee5ng<\/li>\n<li>Khi thay l\u00f5i l\u1ecdc, g\u1eafn kh\u1edbp n\u1ed1i 2 \u0111\u1ea7u v\u00e0 \u0111\u1ec3 n\u01b0\u1edbc m\u00e1y ch\u1ea1y kho\u1ea3ng 1 ph\u00fat \u0111\u1ec3 l\u00e0m s\u1ea1ch b\u00ean trong \u1ed1ng d\u1eabn n\u01b0\u1edbc tr\u01b0\u1edbc khi g\u1eafn m\u1ed9t l\u00f5i l\u1ecdc m\u1edbi.<\/li>\n<li>L\u1eafp \u0111\u1eb7t l\u00f5i l\u1ecdc m\u1edbi<\/li>\n<li>\u0110\u1eb7t l\u00f5i l\u1ecdc v\u1ec1 l\u1ea1i ch\u00e2n \u0111\u1ebf ban \u0111\u1ea7u. \u0110\u1ea3m b\u1ea3o r\u1eb1ng c\u00e1c \u1ed1ng d\u1eabn n\u01b0\u1edbc kh\u00f4ng b\u1ecb g\u1eadp ho\u1eb7c xo\u1eafn.<\/li>\n<li>M\u1edf l\u01b0u l\u01b0\u1ee3ng d\u00f2ng n\u01b0\u1edbc th\u1ea5p ngay sau khi thay th\u1ebf l\u00f5i l\u1ecdc. Khi n\u01b0\u1edbc \u0111\u00e3 qua l\u1ecdc ch\u1ea3y ra t\u1eeb \u0111\u1ea7u ra, h\u00e3y m\u1edf l\u01b0u l\u01b0\u1ee3ng n\u01b0\u1edbc cao h\u01a1n v\u00e0 h\u00e3y \u0111\u1ec3 n\u01b0\u1edbc \u0111\u00e3 qua l\u1ecdc ch\u1ea3y t\u1eeb 1 \u0111\u1ebfn 2 ph\u00fat tr\u01b0\u1edbc khi s\u1eed d\u1ee5ng n\u00f3.<\/li>\n<li>N\u1ebfu n\u01b0\u1edbc kh\u00f4ng ch\u1ea3y ra \u1ed5n \u0111\u1ecbnh khi s\u1eed d\u1ee5ng l\u00f5i l\u1ecdc m\u1edbi, h\u00e3y l\u1eadt ng\u01b0\u1ee3c l\u00f5i l\u1ecdc l\u1ea1i trong kho\u1ea3ng 15 gi\u00e2y trong khi cho n\u01b0\u1edbc ch\u1ea3y qua l\u00f5i l\u1ecdc. L\u1eb7p l\u1ea1i b\u01b0\u1edbc n\u00e0y hai \u0111\u1ebfn ba l\u1ea7n tr\u01b0\u1edbc khi \u0111\u1eb7t n\u00f3 l\u00ean ch\u00e2n \u0111\u1ebf.<\/li>\n<\/ol>\n<h2>6. Kim Long Ph\u00e1t &#8211; Nh\u00e0 ph\u00e2n ph\u1ed1i \u1ee7y quy\u1ec1n ch\u00ednh th\u1ee9c duy nh\u1ea5t t\u1ea1i Vi\u1ec7t Nam d\u00f2ng s\u1ea3n ph\u1ea9m m\u00e1y l\u1ecdc n\u01b0\u1edbc \u0111\u1ec3 g\u1ea7m t\u1ee7 b\u1ebfp Torayvino<\/h2>\n<p>Kim Long Ph\u00e1t t\u1ef1 h\u00e0o l\u00e0 Nh\u00e0 ph\u00e2n ph\u1ed1i \u1ee7y quy\u1ec1n ch\u00ednh th\u1ee9c duy nh\u1ea5t t\u1ea1i Vi\u1ec7t Nam d\u00f2ng s\u1ea3n ph\u1ea9m m\u00e1y l\u1ecdc n\u01b0\u1edbc \u0111\u1ec3 g\u1ea7m t\u1ee7 b\u1ebfp Torayvino, cung c\u1ea5p cho gia \u0111\u00ecnh Vi\u1ec7t m\u00e1y l\u1ecdc n\u01b0\u1edbc \u0111\u1ec3 g\u1ea7m t\u1ee7 b\u1ebfp Torayvino &#8211; gi\u1ea3i ph\u00e1p l\u1ecdc n\u01b0\u1edbc ch\u1ea5t l\u01b0\u1ee3ng v\u00e0 hi\u1ec7u qu\u1ea3, gi\u00fap mang l\u1ea1i ngu\u1ed3n n\u01b0\u1edbc \u0111\u1ea3m b\u1ea3o t\u1ed1t v\u00e0 an to\u00e0n cho s\u1ee9c kh\u1ecfe.\u00a0 \u201cTorayvino, S\u1ef1 l\u1ef1a ch\u1ecdn th\u00f4ng minh, cho gia \u0111\u00ecnh kh\u1ecfe m\u1ea1nh\u201d.<\/p>\n","protected":false},"excerpt":{"rendered":"<p>M\u00e1y l\u1ecdc n\u01b0\u1edbc \u0111\u1ec3 g\u1ea7m t\u1ee7 b\u1ebfp Torayvino SK55J-K-3SET l\u00e0 s\u1ea3n ph\u1ea9m l\u1ecdc n\u01b0\u1edbc hi\u1ec7n \u0111\u1ea1i \u0111\u1ebfn t\u1eeb c\u00f4ng ty Toray Industries INC., Nh\u1eadt B\u1ea3n. C\u00f4ng ty Toray Industries INC. l\u00e0 m\u1ed9t c\u00f4ng ty \u0111a qu\u1ed1c gia, c\u00f3 kinh nghi\u1ec7m l\u00e2u n\u0103m trong c\u00e1c ng\u00e0nh h\u00e0ng v\u1ec1 h\u1ec7 th\u1ed1ng, thi\u1ebft b\u1ecb x\u1eed l\u00fd n\u01b0\u1edbc, h\u00e0ng [&#8230;]\n","protected":false},"featured_media":808,"comment_status":"open","ping_status":"closed","template":"","meta":{"_acf_changed":false},"product_brand":[98],"product_cat":[80],"product_tag":[],"class_list":{"0":"post-807","1":"product","2":"type-product","3":"status-publish","4":"has-post-thumbnail","6":"product_brand-torayvino","7":"product_cat-he-thong-loc-nuoc-ro","9":"first","10":"instock","11":"taxable","12":"shipping-taxable","13":"purchasable","14":"product-type-simple"},"acf":[],"_links":{"self":[{"href":"https:\/\/songxanhwater.com\/index.php?rest_route=\/wp\/v2\/product\/807","targetHints":{"allow":["GET"]}}],"collection":[{"href":"https:\/\/songxanhwater.com\/index.php?rest_route=\/wp\/v2\/product"}],"about":[{"href":"https:\/\/songxanhwater.com\/index.php?rest_route=\/wp\/v2\/types\/product"}],"replies":[{"embeddable":true,"href":"https:\/\/songxanhwater.com\/index.php?rest_route=%2Fwp%2Fv2%2Fcomments&post=807"}],"wp:featuredmedia":[{"embeddable":true,"href":"https:\/\/songxanhwater.com\/index.php?rest_route=\/wp\/v2\/media\/808"}],"wp:attachment":[{"href":"https:\/\/songxanhwater.com\/index.php?rest_route=%2Fwp%2Fv2%2Fmedia&parent=807"}],"wp:term":[{"taxonomy":"product_brand","embeddable":true,"href":"https:\/\/songxanhwater.com\/index.php?rest_route=%2Fwp%2Fv2%2Fproduct_brand&post=807"},{"taxonomy":"product_cat","embeddable":true,"href":"https:\/\/songxanhwater.com\/index.php?rest_route=%2Fwp%2Fv2%2Fproduct_cat&post=807"},{"taxonomy":"product_tag","embeddable":true,"href":"https:\/\/songxanhwater.com\/index.php?rest_route=%2Fwp%2Fv2%2Fproduct_tag&post=807"}],"curies":[{"name":"wp","href":"https:\/\/api.w.org\/{rel}","templated":true}]}}