{"id":784,"date":"2025-03-28T16:28:12","date_gmt":"2025-03-28T16:28:12","guid":{"rendered":"https:\/\/dienmayklp.vn\/?post_type=product&#038;p=784"},"modified":"2025-03-29T16:29:30","modified_gmt":"2025-03-29T16:29:30","slug":"he-thong-loc-nuoc-dau-nguon-vision-water-wh01","status":"publish","type":"product","link":"https:\/\/songxanhwater.com\/?product=he-thong-loc-nuoc-dau-nguon-vision-water-wh01","title":{"rendered":"H\u1ec7 Th\u1ed1ng L\u1ecdc N\u01b0\u1edbc \u0110\u1ea7u Ngu\u1ed3n Vision Water WH01"},"content":{"rendered":"<p>N\u01b0\u1edbc s\u1ea1ch l\u00e0 ngu\u1ed3n t\u00e0i nguy\u00ean qu\u00fd gi\u00e1, quy\u1ebft \u0111\u1ecbnh \u0111\u1ebfn ch\u1ea5t l\u01b0\u1ee3ng cu\u1ed9c s\u1ed1ng v\u00e0 s\u1ee9c kh\u1ecfe c\u1ee7a con ng\u01b0\u1eddi. Hi\u1ec7n nay, n\u1eafm b\u1eaft xu h\u01b0\u1edbng v\u00ec s\u1ee9c kh\u1ecfe, h\u1ec7 th\u1ed1ng l\u1ecdc n\u01b0\u1edbc \u0111\u1ea7u ngu\u1ed3n \u0111\u01b0\u1ee3c xem l\u00e0 gi\u1ea3i ph\u00e1p s\u1ed1 1 m\u00e0 ch\u00fang ta c\u1ea7n trang b\u1ecb ngay \u0111\u1ec3 \u0111\u1ea3m b\u1ea3o ch\u1ea5t l\u01b0\u1ee3ng ngu\u1ed3n n\u01b0\u1edbc sinh ho\u1ea1t h\u00e0ng ng\u00e0y.\u00a0C\u00f9ng Kim Long Ph\u00e1t t\u00ecm hi\u1ec3u v\u1ec1 nh\u1eefng t\u00ednh n\u0103ng v\u00e0 l\u1ee3i \u00edch thi\u1ebft th\u1ef1c t\u1eeb h\u1ec7 th\u1ed1ng l\u1ecdc n\u01b0\u1edbc \u0111\u1ea7u ngu\u1ed3n Vision Water WH01 \u0111em l\u1ea1i cho ch\u00fang ta nh\u00e9!<\/p>\n<h2>1. T\u00ecm hi\u1ec3u v\u1ec1 h\u1ec7 th\u1ed1ng l\u1ecdc n\u01b0\u1edbc \u0111\u1ea7u ngu\u1ed3n Vision Water WH01<\/h2>\n<figure><figcaption><img loading=\"lazy\" decoding=\"async\" class=\"size-medium wp-image-1973 aligncenter\" src=\"https:\/\/dienmayklp.vn\/wp-content\/uploads\/2025\/03\/Anh-cho-trang-chu-Vision-Water-Loi-ich-thiet-thuc-tu-he-thong-xu-ly-nuoc-hang-dau-Chau-Au-2-kimlongphat-547x400.png\" alt=\"Anh-cho-trang-chu-Vision-Water-Loi-ich-thiet-thuc-tu-he-thong-xu-ly-nuoc-hang-dau-Chau-Au-2-kimlongphat\" width=\"547\" height=\"400\" srcset=\"https:\/\/songxanhwater.com\/wp-content\/uploads\/2025\/03\/Anh-cho-trang-chu-Vision-Water-Loi-ich-thiet-thuc-tu-he-thong-xu-ly-nuoc-hang-dau-Chau-Au-2-kimlongphat-547x400.png 547w, https:\/\/songxanhwater.com\/wp-content\/uploads\/2025\/03\/Anh-cho-trang-chu-Vision-Water-Loi-ich-thiet-thuc-tu-he-thong-xu-ly-nuoc-hang-dau-Chau-Au-2-kimlongphat-1093x800.png 1093w, https:\/\/songxanhwater.com\/wp-content\/uploads\/2025\/03\/Anh-cho-trang-chu-Vision-Water-Loi-ich-thiet-thuc-tu-he-thong-xu-ly-nuoc-hang-dau-Chau-Au-2-kimlongphat-768x562.png 768w, https:\/\/songxanhwater.com\/wp-content\/uploads\/2025\/03\/Anh-cho-trang-chu-Vision-Water-Loi-ich-thiet-thuc-tu-he-thong-xu-ly-nuoc-hang-dau-Chau-Au-2-kimlongphat-600x439.png 600w, https:\/\/songxanhwater.com\/wp-content\/uploads\/2025\/03\/Anh-cho-trang-chu-Vision-Water-Loi-ich-thiet-thuc-tu-he-thong-xu-ly-nuoc-hang-dau-Chau-Au-2-kimlongphat.png 1200w\" sizes=\"auto, (max-width: 547px) 100vw, 547px\" \/><\/figcaption><\/figure>\n<p>H\u1ec7 th\u1ed1ng l\u1ecdc n\u01b0\u1edbc \u0111\u1ea7u ngu\u1ed3n hay c\u00f2n \u0111\u01b0\u1ee3c g\u1ecdi l\u00e0 h\u1ec7 th\u1ed1ng l\u1ecdc t\u1ed5ng, h\u1ec7 th\u1ed1ng l\u1ecdc n\u01b0\u1edbc sinh ho\u1ea1t\u2026 \u0110\u00e2y l\u00e0 m\u1ed9t h\u1ec7 th\u1ed1ng x\u1eed l\u00fd n\u01b0\u1edbc \u0111\u01b0\u1ee3c l\u1eafp \u1edf \u0111\u1ea7u ngu\u1ed3n n\u01b0\u1edbc, t\u1ea1i n\u01a1i \u0111\u01b0\u1eddng n\u01b0\u1edbc ch\u00ednh \u0111i v\u00e0o nh\u00e0, x\u1eed l\u00fd v\u00e0 lo\u1ea1i b\u1ecf \u0111\u01b0\u1ee3c c\u00e1c th\u00e0nh ph\u1ea7n c\u00f3 h\u1ea1i trong n\u01b0\u1edbc, g\u00e2y \u1ea3nh h\u01b0\u1edfng \u0111\u1ebfn s\u1ee9c kh\u1ecfe, cung c\u1ea5p n\u01b0\u1edbc s\u1ea1ch \u0111\u1ec3 s\u1eed d\u1ee5ng trong to\u00e0n b\u1ed9 ng\u00f4i nh\u00e0.<\/p>\n<p>N\u01b0\u1edbc tr\u01b0\u1edbc khi \u0111\u01b0\u1ee3c d\u1eabn \u0111\u1ebfn gia \u0111\u00ecnh c\u1ee7a ch\u00fang ta \u0111\u1ec3 s\u1eed d\u1ee5ng \u0111\u00e3 tr\u1ea3i qua m\u1ed9t qu\u00e1 tr\u00ecnh x\u1eed l\u00fd r\u1ea5t nhi\u1ec1u b\u01b0\u1edbc. \u0110\u1ea7u ti\u00ean, n\u01b0\u1edbc s\u1ebd b\u1eaft ngu\u1ed3n t\u1eeb t\u1ef1 nhi\u00ean nh\u01b0: s\u00f4ng, h\u1ed3, sau \u0111\u00f3 s\u1ebd th\u00f4ng qua c\u00e1c nh\u00e0 m\u00e1y, h\u1ec7 th\u1ed1ng x\u1eed l\u00fd n\u01b0\u1edbc s\u1ea1ch c\u1ee7a th\u00e0nh ph\u1ed1. T\u1ea1i nh\u00e0 m\u00e1y, n\u01b0\u1edbc s\u1ebd \u0111\u01b0\u1ee3c x\u1eed l\u00fd tr\u01b0\u1edbc khi ph\u00e2n ph\u1ed1i \u0111\u1ebfn t\u1eebng h\u1ed9 gia \u0111\u00ecnh. Do \u0111\u00f3, trong qu\u00e1 tr\u00ecnh v\u1eadn chuy\u1ec3n n\u01b0\u1edbc c\u00f3 th\u1ec3 \u0111\u00e3 h\u1ea5p th\u1ee5 nhi\u1ec1u ch\u1ea5t g\u00e2y \u00f4 nhi\u1ec5m. V\u00ec v\u1eady, trang b\u1ecb m\u1ed9t thi\u1ebft b\u1ecb, h\u1ec7 th\u1ed1ng l\u1ecdc n\u01b0\u1edbc l\u00e0 c\u1ea7n thi\u1ebft \u0111\u1ed1i v\u1edbi m\u1ed7i gia \u0111\u00ecnh.<\/p>\n<p>H\u1ec7 th\u1ed1ng l\u1ecdc n\u01b0\u1edbc \u0111\u1ea7u ngu\u1ed3n Vision Water WH01 mang \u0111\u1ebfn gi\u1ea3i ph\u00e1p l\u1ecdc n\u01b0\u1edbc hi\u1ec7u qu\u1ea3, v\u1edbi nh\u1eefng c\u00f4ng ngh\u1ec7 v\u00e0 v\u1eadt li\u1ec7u l\u1ecdc ti\u00ean ti\u1ebfn, v\u01b0\u1ee3t tr\u1ed9i nh\u1ea5t \u0111\u1ebfn t\u1eeb ch\u00e2u\u00a0 \u00c2u (B\u1ec9), \u0111i\u1ec1u n\u00e0y gi\u00fap x\u1eed l\u00fd ngu\u1ed3n n\u01b0\u1edbc trong gia \u0111\u00ecnh c\u1ee7a b\u1ea1n m\u1ed9t c\u00e1ch t\u1ed1t nh\u1ea5t, b\u1ea3o v\u1ec7 s\u1ee9c kh\u1ecfe, \u0111\u1ed3 d\u00f9ng, v\u1eadt d\u1ee5ng v\u00e0 ti\u1ebft ki\u1ec7m chi ph\u00ed v\u1eadn h\u00e0nh v\u00e0 n\u00e2ng cao ch\u1ea5t l\u01b0\u1ee3ng \u0111\u1eddi s\u1ed1ng.<\/p>\n<p>\u0110\u1eb7c bi\u1ec7t, ch\u00fang ta c\u00f3 th\u1ec3 k\u1ebft h\u1ee3p l\u1eafp \u0111\u1eb7t b\u1ed9\u00a0<span style=\"color: #00aae7;\"><a style=\"color: #00aae7;\" href=\"https:\/\/kimlongphat.vn\/bo-loc-nuoc-de-gam-vision-water-vw-us-01\/\" rel=\"nofollow noopener\" target=\"_blank\">l\u1ecdc n\u01b0\u1edbc \u0111\u1ec3 g\u1ea7m c\u1ee7a Vision Water<\/a><\/span>\u00a0\u0111\u1ec3 t\u0103ng hi\u1ec7u qu\u1ea3 c\u0169ng nh\u01b0 ti\u1ec7n \u00edch trong vi\u1ec7c s\u1eed d\u1ee5ng n\u01b0\u1edbc u\u1ed1ng tr\u1ef1c ti\u1ebfp t\u1ea1i v\u00f2i, gi\u1eef tr\u1ecdn v\u1eb9n kho\u00e1ng ch\u1ea5t,mang l\u1ea1i s\u1ee9c kh\u1ecfe t\u1ed1t cho ng\u01b0\u1eddi d\u00f9ng.<\/p>\n<h2>2. Ch\u1ee9c n\u0103ng \u0111\u1eb7c bi\u1ec7t c\u1ee7a h\u1ec7 th\u1ed1ng l\u1ecdc n\u01b0\u1edbc \u0111\u1ea7u ngu\u1ed3n Vision Water WH01<\/h2>\n<p>S\u1eed d\u1ee5ng h\u1ec7 th\u1ed1ng l\u1ecdc n\u01b0\u1edbc \u0111\u1ea7u ngu\u1ed3n Vision Water WH01 gi\u00fap lo\u1ea1i b\u1ecf c\u00e1c ch\u1ea5t \u00f4 nhi\u1ec5m trong n\u01b0\u1edbc, ph\u00f2ng tr\u00e1nh b\u1ec7nh v\u1ec1 da, m\u1eaft, ph\u1ee5 khoa gi\u00fap b\u1ea3o v\u1ec7 s\u1ee9c kh\u1ecfe gia \u0111\u00ecnh b\u1ea1n.\u00a0B\u00ean c\u1ea1nh \u0111\u00f3, khi gia \u0111\u00ecnh s\u1edf h\u1eefu \u0111\u01b0\u1ee3c ngu\u1ed3n n\u01b0\u1edbc s\u1ea1ch v\u00e0 an to\u00e0n s\u1ebd gi\u00fap m\u00f3n \u0103n gi\u1eef nguy\u00ean \u0111\u00fang nguy\u00ean h\u01b0\u01a1ng v\u1ecb khi ch\u1ebf bi\u1ebfn. S\u1eed d\u1ee5ng ngu\u1ed3n n\u01b0\u1edbc s\u1ea1ch, an to\u00e0n khi gi\u1eb7t qu\u1ea7n gi\u00fap gi\u1eef cho qu\u1ea7n \u00e1o m\u1ec1m m\u1ea1i, b\u1ec1n \u0111\u1eb9p h\u01a1n.<\/p>\n<p>Ngo\u00e0i ra, vi\u1ec7c s\u1eed d\u1ee5ng h\u1ec7 th\u1ed1ng l\u1ecdc n\u01b0\u1edbc \u0111\u1ea7u ngu\u1ed3n Vision Water WH01 c\u00f2n gi\u00fap b\u1ea3o v\u1ec7 c\u00e1c thi\u1ebft b\u1ecb trong gia \u0111\u00ecnh: ch\u1ed1ng b\u00e1m c\u1eb7n tr\u1eafng, tr\u00e1nh t\u1eafc ngh\u1ebdn \u0111\u01b0\u1eddng \u1ed1ng, v\u00f2i sen. Nh\u1edd \u0111\u00f3, \u0111\u1ea3m b\u1ea3o \u0111\u01b0\u1ee3c t\u00ednh th\u1ea9m m\u1ef9 cho ch\u00ednh ng\u00f4i nh\u00e0 c\u1ee7a ch\u00fang ta, gi\u00fap c\u00e1c thi\u1ebft b\u1ecb nh\u00e0 t\u1eafm b\u1ec1n l\u00e2u, b\u00ecnh n\u00f3ng l\u1ea1nh, m\u00e1y gi\u1eb7t\u2026<\/p>\n<p>B\u00ean c\u1ea1nh \u0111\u00f3, b\u1ea1n c\u0169ng c\u00f3 th\u1ec3 gi\u00fap gia \u0111\u00ecnh gi\u1ea3m \u0111i m\u1ed9t kho\u1ea3n chi ph\u00ed li\u00ean quan \u0111\u1ebfn s\u1ea3n ph\u1ea9m v\u00e0 c\u00e1c chi ph\u00ed s\u1eeda ch\u1eefa, b\u1ea3o tr\u00ec b\u1ea3o d\u01b0\u1ee1ng, thay th\u1ebf c\u00e1c thi\u1ebft b\u1ecb trong gia \u0111\u00ecnh (b\u00ecnh n\u00f3ng l\u1ea1nh, m\u00e1y gi\u1eb7t, m\u00e1y l\u1ecdc n\u01b0\u1edbc\u2026) sau khi l\u1eafp h\u1ec7 th\u1ed1ng l\u1ecdc n\u01b0\u1edbc \u0111\u1ea7u ngu\u1ed3n Vision Water.<\/p>\n<h2>3. C\u1ea5u t\u1ea1o h\u1ec7 th\u1ed1ng l\u1ecdc n\u01b0\u1edbc \u0111\u1ea7u ngu\u1ed3n Vision Water WH01<\/h2>\n<p>H\u1ec7 th\u1ed1ng l\u1ecdc n\u01b0\u1edbc \u0111\u1ea7u ngu\u1ed3n Vision Water WH01 l\u00e0 b\u1ed9 l\u1ecdc s\u1edf h\u1eefu \u0111\u1ea7y \u0111\u1ee7 c\u00e1c t\u00ednh n\u0103ng c\u0169ng nh\u01b0 c\u00e1c c\u00f4ng ngh\u1ec7 m\u1edbi nh\u1ea5t t\u1eeb ch\u00e2u \u00c2u, mang \u0111\u1ebfn gi\u1ea3i ph\u00e1p x\u1eed l\u00fd ngu\u1ed3n n\u01b0\u1edbc cho gia \u0111\u00ecnh b\u1ea1n m\u1ed9t c\u00e1ch t\u1ed1t nh\u1ea5t, b\u1ea3o v\u1ec7 s\u1ee9c kh\u1ecfe, \u0111\u1ed3 d\u00f9ng, v\u1eadt d\u1ee5ng, ti\u1ebft ki\u1ec7m chi ph\u00ed v\u1eadn h\u00e0nh v\u00e0 n\u00e2ng cao ch\u1ea5t l\u01b0\u1ee3ng \u0111\u1eddi s\u1ed1ng.<\/p>\n<p>D\u01b0\u1edbi \u0111\u00e2y, Kim Long Ph\u00e1t s\u1ebd gi\u1edbi thi\u1ec7u \u0111\u1ebfn m\u1ecdi ng\u01b0\u1eddi c\u1ea5u t\u1ea1o c\u1ee7a h\u1ec7 th\u1ed1ng l\u1ecdc n\u01b0\u1edbc \u0111\u1ea7u ngu\u1ed3n Vision Water WH01.\u00a0H\u1ec7 th\u1ed1ng l\u1ecdc t\u1ed5ng c\u1ee7a Vision Water \u2013 WH01 g\u1ed3m: L\u00f5i l\u1ecdc PP, C\u1ed9t l\u1ecdc Activated Carbon v\u00e0 \u0110\u00e8n UV Pallas<\/p>\n<h3>3.1. L\u00f5i l\u1ecdc PP<\/h3>\n<p>Tr\u01b0\u1edbc khi n\u01b0\u1edbc \u0111i qua h\u1ec7 th\u1ed1ng l\u1ecdc n\u01b0\u1edbc \u0111\u1ea7u ngu\u1ed3n Vision Water s\u1ebd \u0111i qua l\u00f5i PP, nh\u1edd \u0111\u00f3, gi\u00fap lo\u1ea1i b\u1ecf c\u00e1c t\u1ea1p ch\u1ea5t c\u00f3 k\u00edch th\u01b0\u1edbc &gt;5 micr\u00f4m\u00e9t nh\u01b0: b\u00f9n \u0111\u1ea5t, g\u1ec9 s\u00e9t, t\u1ea1p ch\u1ea5t l\u01a1 l\u1eedng\u2026, gi\u00fap b\u1ea3o v\u1ec7 c\u00e1c c\u1ed9t l\u1ecdc ph\u00eda sau<\/p>\n<h3>3.2. C\u1ed9t l\u1ecdc Activated Carbon<\/h3>\n<p>S\u1eed d\u1ee5ng than ho\u1ea1t t\u00ednh cao c\u1ea5p c\u00f3 m\u1eadt \u0111\u1ed9 t\u1ed1i \u01b0u, \u0111\u1ed9 c\u1ee9ng t\u1ed1i \u0111a, kh\u1ea3 n\u0103ng h\u1ea5p ph\u1ee5 tuy\u1ec7t v\u1eddi, lo\u1ea1i b\u1ecf Ozone hi\u1ec7u qu\u1ea3. Gi\u00fap l\u1ecdc Clo v\u00e0 c\u00e1c h\u00f3a ch\u1ea5t t\u1ed3n d\u01b0 trong n\u01b0\u1edbc, kh\u1eed m\u00f9i.<\/p>\n<h3>3.3. \u0110\u00e8n UV Pallas<\/h3>\n<p>Ti\u00eau di\u1ec7t Vi khu\u1ea9n, vi sinh v\u1eadt g\u00e2y h\u1ea1i c\u00f3 trong n\u01b0\u1edbc<\/p>\n<h2>4. H\u01b0\u1edbng d\u1eabn s\u1eed d\u1ee5ng h\u1ec7 th\u1ed1ng l\u1ecdc n\u01b0\u1edbc \u0111\u1ea7u ngu\u1ed3n Vision Water WH01<\/h2>\n<p>Tr\u01b0\u1edbc khi th\u1ef1c hi\u1ec7n vi\u1ec7c l\u1eafp \u0111\u1eb7t, k\u1ef9 thu\u1eadt vi\u00ean s\u1ebd \u0111\u1ebfn kh\u1ea3o s\u00e1t tr\u01b0\u1edbc ngu\u1ed3n n\u01b0\u1edbc gia \u0111\u00ecnh b\u1ea1n. T\u00f9y v\u00e0o t\u1ed1c \u0111\u1ed9 m\u1ea1nh y\u1ebfu c\u1ee7a ngu\u1ed3n n\u01b0\u1edbc m\u00e0 b\u1ea1n c\u1ea7n c\u00e1c thi\u1ebft b\u1ecb h\u1ed7 tr\u1ee3 nh\u01b0 b\u01a1m h\u00fat \u0111\u1ea9y, b\u01a1m t\u0103ng \u00e1p.<\/p>\n<p>N\u01b0\u1edbc \u0111\u1ea7u v\u00e0o s\u1ebd \u0111\u01b0\u1ee3c b\u01a1m h\u00fat \u0111\u1ea9y \u0111\u1ebfn b\u1ed9 l\u1ecdc n\u01b0\u1edbc \u0111\u1ea7u ngu\u1ed3n Vision Water WH01, n\u01b0\u1edbc sau khi qua qu\u00e1 tr\u00ecnh l\u1ecdc s\u1ebd \u0111\u01b0\u1ee3c ch\u1ee9a trong b\u1ed3n ch\u1ee9a n\u01b0\u1edbc gia \u0111\u00ecnh.<br \/>\nB\u1ea1n c\u00f3 th\u1ec3 s\u1eed d\u1ee5ng tr\u1ef1c ti\u1ebfp n\u01b0\u1edbc \u0111\u00e3 l\u1ecdc t\u1eeb h\u1ec7 th\u1ed1ng l\u1ecdc t\u1ed5ng Vision Water \u0111\u1ec3 n\u1ea5u \u0103n, sinh ho\u1ea1t hay d\u00f9ng cho c\u00e1c m\u1ee5c \u0111\u00edch kh\u00e1c.<\/p>\n<h2>5. Nh\u1eefng l\u01b0u \u00fd khi s\u1eed d\u1ee5ng h\u1ec7 th\u1ed1ng l\u1ecdc n\u01b0\u1edbc \u0111\u1ea7u ngu\u1ed3n Vision Water WH01<\/h2>\n<p>T\u00f9y v\u00e0o \u0111\u1eb7c \u0111i\u1ec3m ngu\u1ed3n n\u01b0\u1edbc c\u0169ng nh\u01b0 c\u00f4ng su\u1ea5t m\u00e0 th\u1eddi gian thay v\u1eadt li\u1ec7u l\u1ecdc n\u00ean th\u1eddi gian thay v\u1eadt li\u1ec7u l\u1ecdc c\u1ee7a c\u00e1c c\u1ed9t l\u1ecdc thu\u1ed9c h\u1ec7 th\u1ed1ng l\u1ecdc t\u1ed5ng Vision Water WH01 s\u1ebd kh\u00e1c nhau. Tuy nhi\u00ean trong kho\u1ea3ng th\u1eddi gian \u0111\u00f3 ch\u00fang ta n\u00ean theo d\u00f5i xem v\u1eadt li\u1ec7u nh\u00e0 m\u00ecnh c\u00f3 ph\u1ea3i thay kh\u00f4ng \u0111\u1ec3 \u0111\u1ea3m b\u1ea3o \u0111\u01b0\u1ee3c ch\u1ea5t l\u01b0\u1ee3ng n\u01b0\u1edbc d\u00f9ng sinh ho\u1ea1t.<\/p>\n<h2>6. Kim Long Ph\u00e1t \u2013 \u0111\u01a1n v\u1ecb ph\u00e2n ph\u1ed1i h\u1ec7 th\u1ed1ng l\u1ecdc n\u01b0\u1edbc \u0111\u1ea7u ngu\u1ed3n Vision Water WH01 t\u1ea1i th\u1ecb tr\u01b0\u1eddng Vi\u1ec7t Nam v\u00e0 khu v\u1ef1c \u0110\u00f4ng Nam \u00c1<\/h2>\n<p>Th\u00e0nh l\u1eadp t\u1eeb n\u0103m 2009,\u00a0<span style=\"color: #00aae7;\"><a style=\"color: #00aae7;\" href=\"http:\/\/kimlongphat.vn\/\" rel=\"nofollow noopener\" target=\"_blank\">Kim Long Ph\u00e1t<\/a><\/span>\u00a0lu\u00f4n l\u00e0 \u0111\u01a1n v\u1ecb uy t\u00edn \u0111\u01b0\u1ee3c nhi\u1ec1u nh\u00e0 ph\u00e2n ph\u1ed1i, \u0111\u1ea1i l\u00fd, kh\u00e1ch h\u00e0ng tin t\u01b0\u1edfng l\u1ef1a ch\u1ecdn.<\/p>\n<p>V\u1edbi h\u1ec7 th\u1ed1ng l\u1ecdc \u0111\u1ea7u ngu\u1ed3n Vision Water WH01, Kim Long Ph\u00e1t cam k\u1ebft mang \u0111\u1ebfn ngu\u1ed3n n\u01b0\u1edbc sinh ho\u1ea1t t\u1ed1t nh\u1ea5t \u0111\u1ea3m b\u1ea3o s\u1ea1ch, an to\u00e0n c\u0169ng nh\u01b0 mang \u0111\u1ebfn s\u1ef1 y\u00ean t\u00e2m v\u00e0 tho\u1ea3i m\u00e1i trong su\u1ed1t qu\u00e1 tr\u00ecnh s\u1eed d\u1ee5ng cho gia \u0111\u00ecnh b\u1ea1n.<\/p>\n","protected":false},"excerpt":{"rendered":"<p>N\u01b0\u1edbc s\u1ea1ch l\u00e0 ngu\u1ed3n t\u00e0i nguy\u00ean qu\u00fd gi\u00e1, quy\u1ebft \u0111\u1ecbnh \u0111\u1ebfn ch\u1ea5t l\u01b0\u1ee3ng cu\u1ed9c s\u1ed1ng v\u00e0 s\u1ee9c kh\u1ecfe c\u1ee7a con ng\u01b0\u1eddi. Hi\u1ec7n nay, n\u1eafm b\u1eaft xu h\u01b0\u1edbng v\u00ec s\u1ee9c kh\u1ecfe, h\u1ec7 th\u1ed1ng l\u1ecdc n\u01b0\u1edbc \u0111\u1ea7u ngu\u1ed3n \u0111\u01b0\u1ee3c xem l\u00e0 gi\u1ea3i ph\u00e1p s\u1ed1 1 m\u00e0 ch\u00fang ta c\u1ea7n trang b\u1ecb ngay \u0111\u1ec3 \u0111\u1ea3m b\u1ea3o ch\u1ea5t l\u01b0\u1ee3ng [&#8230;]\n","protected":false},"featured_media":787,"comment_status":"open","ping_status":"closed","template":"","meta":{"_acf_changed":false},"product_brand":[96],"product_cat":[79],"product_tag":[],"class_list":{"0":"post-784","1":"product","2":"type-product","3":"status-publish","4":"has-post-thumbnail","6":"product_brand-vision-water","7":"product_cat-loc-dau-nguon","9":"first","10":"instock","11":"taxable","12":"shipping-taxable","13":"purchasable","14":"product-type-simple"},"acf":[],"_links":{"self":[{"href":"https:\/\/songxanhwater.com\/index.php?rest_route=\/wp\/v2\/product\/784","targetHints":{"allow":["GET"]}}],"collection":[{"href":"https:\/\/songxanhwater.com\/index.php?rest_route=\/wp\/v2\/product"}],"about":[{"href":"https:\/\/songxanhwater.com\/index.php?rest_route=\/wp\/v2\/types\/product"}],"replies":[{"embeddable":true,"href":"https:\/\/songxanhwater.com\/index.php?rest_route=%2Fwp%2Fv2%2Fcomments&post=784"}],"wp:featuredmedia":[{"embeddable":true,"href":"https:\/\/songxanhwater.com\/index.php?rest_route=\/wp\/v2\/media\/787"}],"wp:attachment":[{"href":"https:\/\/songxanhwater.com\/index.php?rest_route=%2Fwp%2Fv2%2Fmedia&parent=784"}],"wp:term":[{"taxonomy":"product_brand","embeddable":true,"href":"https:\/\/songxanhwater.com\/index.php?rest_route=%2Fwp%2Fv2%2Fproduct_brand&post=784"},{"taxonomy":"product_cat","embeddable":true,"href":"https:\/\/songxanhwater.com\/index.php?rest_route=%2Fwp%2Fv2%2Fproduct_cat&post=784"},{"taxonomy":"product_tag","embeddable":true,"href":"https:\/\/songxanhwater.com\/index.php?rest_route=%2Fwp%2Fv2%2Fproduct_tag&post=784"}],"curies":[{"name":"wp","href":"https:\/\/api.w.org\/{rel}","templated":true}]}}