{"id":778,"date":"2025-03-28T16:21:07","date_gmt":"2025-03-28T16:21:07","guid":{"rendered":"https:\/\/dienmayklp.vn\/?post_type=product&#038;p=778"},"modified":"2025-03-28T16:21:17","modified_gmt":"2025-03-28T16:21:17","slug":"bo-loc-dau-nguon-klp-dn11425v","status":"publish","type":"product","link":"https:\/\/songxanhwater.com\/?product=bo-loc-dau-nguon-klp-dn11425v","title":{"rendered":"B\u1ed8 L\u1eccC \u0110\u1ea6U NGU\u1ed2N KLP DN11425V"},"content":{"rendered":"<p>B\u1ed8 L\u1eccC \u0110\u1ea6U NGU\u1ed2N KLP DN11425VB\u1ed8 L\u1eccC \u0110\u1ea6U NGU\u1ed2N KLP DN11425<br \/>\n1 l\u00f5i l\u1ecdc : PP 20&#8243;&#8221;<br \/>\nV\u1eadt li\u1ec7u l\u1ecdc : Than ho\u1ea1t t\u00ednh (\u1ea4n \u0111\u1ed9),C\u00e1t Th\u1ea1ch Anh(Vi\u1ec7t nam) ,S\u1ecfi Th\u1ea1ch Anh(Vi\u1ec7t nam), Mangan<br \/>\nCh\u1ea5t li\u1ec7u c\u1ed9t :Composite<br \/>\nVan s\u1ee5c r\u1eeda t\u1ef1 \u0111\u1ed9ng<br \/>\nC\u00f4ng su\u1ea5t: 0.8 \u2013 1.5 m3\/h<br \/>\nK\u00edch th\u01b0\u1edbc c\u1ed9t l\u1ecdc: 250 x 1400 mm<br \/>\nT\u00ednh ch\u1ecbu nhi\u1ec7t cao:-400C \u0111\u1ebfn +1200C<br \/>\n\u0110\u1ed9 b\u1ec1n cao<br \/>\nGi\u1ea5y ch\u1ee9ng nh\u1eadn t\u1ea1i Vi\u1ec7t Nam :\u0110\u1ea1t chu\u1ea9n vi\u1ec7n Pasteur<br \/>\nChi ph\u00ed thay l\u00f5i PP 20&#8221;: 200,000 vn\u0111\/ 3 th\u00e1ng 1 l\u1ea7n<br \/>\nChi ph\u00ed thay v\u1eadt li\u1ec7u l\u1ecdc: 1,600,000 vn\u0111\/ 1 -&gt; 3 n\u0103m<br \/>\nTu\u1ed5i th\u1ecd c\u1ed9t l\u1ecdc: 05 n\u0103m<br \/>\nB\u1ea3o h\u00e0nh: 01 n\u0103m&#8221;<\/p>\n","protected":false},"excerpt":{"rendered":"<p>B\u1ed8 L\u1eccC \u0110\u1ea6U NGU\u1ed2N KLP DN11425VB\u1ed8 L\u1eccC \u0110\u1ea6U NGU\u1ed2N KLP DN11425 1 l\u00f5i l\u1ecdc : PP 20&#8243;&#8221; V\u1eadt li\u1ec7u l\u1ecdc : Than ho\u1ea1t t\u00ednh (\u1ea4n \u0111\u1ed9),C\u00e1t Th\u1ea1ch Anh(Vi\u1ec7t nam) ,S\u1ecfi Th\u1ea1ch Anh(Vi\u1ec7t nam), Mangan Ch\u1ea5t li\u1ec7u c\u1ed9t :Composite Van s\u1ee5c r\u1eeda t\u1ef1 \u0111\u1ed9ng C\u00f4ng su\u1ea5t: 0.8 \u2013 1.5 m3\/h K\u00edch th\u01b0\u1edbc c\u1ed9t l\u1ecdc: 250 x [&#8230;]\n","protected":false},"featured_media":779,"comment_status":"open","ping_status":"closed","template":"","meta":{"_acf_changed":false},"product_brand":[95],"product_cat":[79],"product_tag":[],"class_list":{"0":"post-778","1":"product","2":"type-product","3":"status-publish","4":"has-post-thumbnail","6":"product_brand-kim-long-phat","7":"product_cat-loc-dau-nguon","9":"first","10":"instock","11":"taxable","12":"shipping-taxable","13":"purchasable","14":"product-type-simple"},"acf":[],"_links":{"self":[{"href":"https:\/\/songxanhwater.com\/index.php?rest_route=\/wp\/v2\/product\/778","targetHints":{"allow":["GET"]}}],"collection":[{"href":"https:\/\/songxanhwater.com\/index.php?rest_route=\/wp\/v2\/product"}],"about":[{"href":"https:\/\/songxanhwater.com\/index.php?rest_route=\/wp\/v2\/types\/product"}],"replies":[{"embeddable":true,"href":"https:\/\/songxanhwater.com\/index.php?rest_route=%2Fwp%2Fv2%2Fcomments&post=778"}],"wp:featuredmedia":[{"embeddable":true,"href":"https:\/\/songxanhwater.com\/index.php?rest_route=\/wp\/v2\/media\/779"}],"wp:attachment":[{"href":"https:\/\/songxanhwater.com\/index.php?rest_route=%2Fwp%2Fv2%2Fmedia&parent=778"}],"wp:term":[{"taxonomy":"product_brand","embeddable":true,"href":"https:\/\/songxanhwater.com\/index.php?rest_route=%2Fwp%2Fv2%2Fproduct_brand&post=778"},{"taxonomy":"product_cat","embeddable":true,"href":"https:\/\/songxanhwater.com\/index.php?rest_route=%2Fwp%2Fv2%2Fproduct_cat&post=778"},{"taxonomy":"product_tag","embeddable":true,"href":"https:\/\/songxanhwater.com\/index.php?rest_route=%2Fwp%2Fv2%2Fproduct_tag&post=778"}],"curies":[{"name":"wp","href":"https:\/\/api.w.org\/{rel}","templated":true}]}}