{"id":766,"date":"2025-03-28T16:13:08","date_gmt":"2025-03-28T16:13:08","guid":{"rendered":"https:\/\/dienmayklp.vn\/?post_type=product&#038;p=766"},"modified":"2025-11-26T08:25:34","modified_gmt":"2025-11-26T08:25:34","slug":"bo-loc-dau-nguon-klp-dn21635i3v","status":"publish","type":"product","link":"https:\/\/songxanhwater.com\/?product=bo-loc-dau-nguon-klp-dn21635i3v","title":{"rendered":"B\u1ed8 L\u1eccC \u0110\u1ea6U NGU\u1ed2N KLP DN21635I3V"},"content":{"rendered":"<p>B\u1ed8 L\u1eccC \u0110\u1ea6U NGU\u1ed2N KLP DN21423I3V<br \/>\n2 l\u00f5i l\u1ecdc : PP 20&#8243;&#8221;, CTO<br \/>\nV\u1eadt li\u1ec7u l\u1ecdc : Than ho\u1ea1t t\u00ednh (Vi\u1ec7t Nam) ,C\u00e1t Th\u1ea1ch Anh(Vi\u1ec7t nam) ,S\u1ecfi Th\u1ea1ch Anh(Vi\u1ec7t nam), Mangan (Vi\u1ec7t Nam)<br \/>\nCh\u1ea5t li\u1ec7u c\u1ed9t: inox 304<br \/>\nVan s\u1ee5c r\u1eeda t\u1ef1 \u0111\u1ed9ng<br \/>\nC\u00f4ng su\u1ea5t: 0.8 &#8211; 1.5 m3\/h<br \/>\nK\u00edch th\u01b0\u1edbc c\u1ed9t l\u1ecdc: 350 x 1600 mm<br \/>\nT\u00ednh ch\u1ecbu nhi\u1ec7t cao:-400C \u0111\u1ebfn +1200C<br \/>\n\u0110\u1ed9 b\u1ec1n cao<br \/>\nGi\u1ea5y ch\u1ee9ng nh\u1eadn t\u1ea1i Vi\u1ec7t Nam :\u0110\u1ea1t chu\u1ea9n vi\u1ec7n Pasteur<br \/>\nChi ph\u00ed thay l\u00f5i PP 20&#8221;: 200,000 vn\u0111\/ 3 th\u00e1ng 1 l\u1ea7n<br \/>\nChi ph\u00ed thay v\u1eadt li\u1ec7u l\u1ecdc: 4,000,000 vn\u0111\/ 1 -&gt; 3 n\u0103m<br \/>\nTu\u1ed5i th\u1ecd c\u1ed9t l\u1ecdc: 05 n\u0103m<br \/>\nB\u1ea3o h\u00e0nh: 01 n\u0103m<\/p>\n<p>Ngo\u00e0i\u00a0ra qu\u00fd kh\u00e1ch h\u00e0ng c\u00f3 th\u1ec3 tham kh\u1ea3o th\u00eam h\u1ec7 th\u1ed1ng l\u1ecdc \u0111\u1ea7u ngu\u1ed3n \u0111ang \u0111\u01b0\u1ee3c b\u00e1n ch\u1ea1y t\u1ea1i Kim Long Ph\u00e1t:<\/p>\n<p><span style=\"color: #3366ff\"><a style=\"color: #3366ff\" href=\"https:\/\/kimlongphat.vn\/danh-muc\/he-thong-loc-nuoc-dau-nguon-vision-water\/\" rel=\"nofollow noopener\" target=\"_blank\">H\u1ec7 th\u1ed1ng l\u1ecdc t\u1ed5ng \u0111\u1ea7u ngu\u1ed3n Vision Water (ch\u00e2u \u00c2u)<\/a><\/span><\/p>\n","protected":false},"excerpt":{"rendered":"<p>B\u1ed8 L\u1eccC \u0110\u1ea6U NGU\u1ed2N KLP DN21423I3V 2 l\u00f5i l\u1ecdc : PP 20&#8243;&#8221;, CTO V\u1eadt li\u1ec7u l\u1ecdc : Than ho\u1ea1t t\u00ednh (Vi\u1ec7t Nam) ,C\u00e1t Th\u1ea1ch Anh(Vi\u1ec7t nam) ,S\u1ecfi Th\u1ea1ch Anh(Vi\u1ec7t nam), Mangan (Vi\u1ec7t Nam) Ch\u1ea5t li\u1ec7u c\u1ed9t: inox 304 Van s\u1ee5c r\u1eeda t\u1ef1 \u0111\u1ed9ng C\u00f4ng su\u1ea5t: 0.8 &#8211; 1.5 m3\/h K\u00edch th\u01b0\u1edbc c\u1ed9t l\u1ecdc: 350 x [&#8230;]\n","protected":false},"featured_media":2525,"comment_status":"open","ping_status":"closed","template":"","meta":{"_acf_changed":false},"product_brand":[95],"product_cat":[79],"product_tag":[],"class_list":{"0":"post-766","1":"product","2":"type-product","3":"status-publish","4":"has-post-thumbnail","6":"product_brand-kim-long-phat","7":"product_cat-loc-dau-nguon","9":"first","10":"instock","11":"taxable","12":"shipping-taxable","13":"purchasable","14":"product-type-simple"},"acf":[],"_links":{"self":[{"href":"https:\/\/songxanhwater.com\/index.php?rest_route=\/wp\/v2\/product\/766","targetHints":{"allow":["GET"]}}],"collection":[{"href":"https:\/\/songxanhwater.com\/index.php?rest_route=\/wp\/v2\/product"}],"about":[{"href":"https:\/\/songxanhwater.com\/index.php?rest_route=\/wp\/v2\/types\/product"}],"replies":[{"embeddable":true,"href":"https:\/\/songxanhwater.com\/index.php?rest_route=%2Fwp%2Fv2%2Fcomments&post=766"}],"wp:featuredmedia":[{"embeddable":true,"href":"https:\/\/songxanhwater.com\/index.php?rest_route=\/wp\/v2\/media\/2525"}],"wp:attachment":[{"href":"https:\/\/songxanhwater.com\/index.php?rest_route=%2Fwp%2Fv2%2Fmedia&parent=766"}],"wp:term":[{"taxonomy":"product_brand","embeddable":true,"href":"https:\/\/songxanhwater.com\/index.php?rest_route=%2Fwp%2Fv2%2Fproduct_brand&post=766"},{"taxonomy":"product_cat","embeddable":true,"href":"https:\/\/songxanhwater.com\/index.php?rest_route=%2Fwp%2Fv2%2Fproduct_cat&post=766"},{"taxonomy":"product_tag","embeddable":true,"href":"https:\/\/songxanhwater.com\/index.php?rest_route=%2Fwp%2Fv2%2Fproduct_tag&post=766"}],"curies":[{"name":"wp","href":"https:\/\/api.w.org\/{rel}","templated":true}]}}