{"id":753,"date":"2025-03-28T16:05:29","date_gmt":"2025-03-28T16:05:29","guid":{"rendered":"https:\/\/dienmayklp.vn\/?post_type=product&#038;p=753"},"modified":"2025-05-28T10:48:41","modified_gmt":"2025-05-28T10:48:41","slug":"bo-loc-dau-nguon-klp-dn21425v","status":"publish","type":"product","link":"https:\/\/songxanhwater.com\/?product=bo-loc-dau-nguon-klp-dn21425v","title":{"rendered":"B\u1ed9 L\u1ecdc \u0110\u1ea7u Ngu\u1ed3n KLP DN21425V"},"content":{"rendered":"<p>&#8220;B\u1ed8 L\u1eccC \u0110\u1ea6U NGU\u1ed2N KLP DN21635V<br \/>\n1 l\u00f5i l\u1ecdc : PP 20&#8243;&#8221;<br \/>\nV\u1eadt li\u1ec7u l\u1ecdc : Than ho\u1ea1t t\u00ednh (Vi\u1ec7t Nam) ,C\u00e1t Th\u1ea1ch Anh (Vi\u1ec7t nam) ,S\u1ecfi Th\u1ea1ch Anh (Vi\u1ec7t nam), Mangan (Vi\u1ec7t Nam)<br \/>\nCh\u1ea5t li\u1ec7u c\u1ed9t :Composite<br \/>\nVan s\u1ee5c r\u1eeda t\u1ef1 \u0111\u1ed9ng<br \/>\nC\u00f4ng su\u1ea5t: 0.8 &#8211; 1.5 m3\/h<br \/>\nK\u00edch th\u01b0\u1edbc c\u1ed9t l\u1ecdc: 350 x 1600 mm<br \/>\nT\u00ednh ch\u1ecbu nhi\u1ec7t cao:-400C \u0111\u1ebfn +1200C<br \/>\n\u0110\u1ed9 b\u1ec1n cao<br \/>\nGi\u1ea5y ch\u1ee9ng nh\u1eadn t\u1ea1i Vi\u1ec7t Nam :\u0110\u1ea1t chu\u1ea9n vi\u1ec7n Pasteur<br \/>\nChi ph\u00ed thay l\u00f5i PP 20&#8221;: 200,000 vn\u0111\/ 3 th\u00e1ng 1 l\u1ea7n<br \/>\nChi ph\u00ed thay v\u1eadt li\u1ec7u l\u1ecdc: 4,500,000 vn\u0111\/ 1 -&gt; 3 n\u0103m<br \/>\nTu\u1ed5i th\u1ecd c\u1ed9t l\u1ecdc: 05 n\u0103m<br \/>\nB\u1ea3o h\u00e0nh: 01 n\u0103m&#8221;<\/p>\n","protected":false},"excerpt":{"rendered":"<p>Ph\u01b0\u01a1ng ph\u00e1p l\u1ecdc: L\u1ecdc c\u01a1 h\u1ecdc b\u1eb1ng \u00e1p l\u1ef1c, qua nhi\u1ec1u l\u1edbp v\u1eadt li\u1ec7u l\u1ecdc<\/p>\n<p>2 c\u1ed9t l\u1ecdc Composite<\/p>\n<p>K\u00edch th\u01b0\u1edbc m\u1ed7i c\u1ed9t l\u1ecdc: 250 x 1400 mm<\/p>\n<p>C\u00f4ng su\u1ea5t: 0.6\u00a0&#8211; 1.5\u00a0m3\/h<\/p>\n<p>\u0110\u1ed9 b\u1ec1n v\u1eadt li\u1ec7u t\u1eeb 1 &#8211; 3 n\u0103m (t\u00f9y theo ch\u1ea5t l\u01b0\u1ee3ng n\u01b0\u1edbc \u0111\u1ea7u v\u00e0o)<\/p>\n<p>Vai tr\u00f2: Lo\u1ea1i b\u1ecf c\u00e1c c\u00e1c h\u1eefu c\u01a1, c\u00e1c t\u1ea1p ch\u1ea5t c\u00f3 trong n\u01b0\u1edbc, rong r\u00eau, c\u00e1t, m\u00f9i v\u1ecb l\u1ea1, m\u1ed9t s\u1ed1 kim lo\u1ea1i n\u1eb7ng c\u00f3 trong n\u01b0\u1edbc<\/p>\n","protected":false},"featured_media":755,"comment_status":"open","ping_status":"closed","template":"","meta":{"_acf_changed":false},"product_brand":[95],"product_cat":[79],"product_tag":[],"class_list":{"0":"post-753","1":"product","2":"type-product","3":"status-publish","4":"has-post-thumbnail","6":"product_brand-kim-long-phat","7":"product_cat-loc-dau-nguon","9":"first","10":"instock","11":"taxable","12":"shipping-taxable","13":"purchasable","14":"product-type-simple"},"acf":[],"_links":{"self":[{"href":"https:\/\/songxanhwater.com\/index.php?rest_route=\/wp\/v2\/product\/753","targetHints":{"allow":["GET"]}}],"collection":[{"href":"https:\/\/songxanhwater.com\/index.php?rest_route=\/wp\/v2\/product"}],"about":[{"href":"https:\/\/songxanhwater.com\/index.php?rest_route=\/wp\/v2\/types\/product"}],"replies":[{"embeddable":true,"href":"https:\/\/songxanhwater.com\/index.php?rest_route=%2Fwp%2Fv2%2Fcomments&post=753"}],"wp:featuredmedia":[{"embeddable":true,"href":"https:\/\/songxanhwater.com\/index.php?rest_route=\/wp\/v2\/media\/755"}],"wp:attachment":[{"href":"https:\/\/songxanhwater.com\/index.php?rest_route=%2Fwp%2Fv2%2Fmedia&parent=753"}],"wp:term":[{"taxonomy":"product_brand","embeddable":true,"href":"https:\/\/songxanhwater.com\/index.php?rest_route=%2Fwp%2Fv2%2Fproduct_brand&post=753"},{"taxonomy":"product_cat","embeddable":true,"href":"https:\/\/songxanhwater.com\/index.php?rest_route=%2Fwp%2Fv2%2Fproduct_cat&post=753"},{"taxonomy":"product_tag","embeddable":true,"href":"https:\/\/songxanhwater.com\/index.php?rest_route=%2Fwp%2Fv2%2Fproduct_tag&post=753"}],"curies":[{"name":"wp","href":"https:\/\/api.w.org\/{rel}","templated":true}]}}