{"id":730,"date":"2025-03-28T15:42:47","date_gmt":"2025-03-28T15:42:47","guid":{"rendered":"https:\/\/dienmayklp.vn\/?post_type=product&#038;p=730"},"modified":"2025-06-09T13:12:32","modified_gmt":"2025-06-09T13:12:32","slug":"may-loc-nuoc-ion-kiem-trim-ion-grace","status":"publish","type":"product","link":"https:\/\/songxanhwater.com\/?product=may-loc-nuoc-ion-kiem-trim-ion-grace","title":{"rendered":"M\u00e1y L\u1ecdc N\u01b0\u1edbc Ion Ki\u1ec1m Trim Ion grace"},"content":{"rendered":"<p><strong>Gi\u1edbi thi\u1ec7u m\u00e1y l\u1ecdc n\u01b0\u1edbc ion ki\u1ec1m Trim Ion Grace<\/strong><\/p>\n<p>&#8211; 4 t\u1ea5m \u0111i\u1ec7n c\u1ef1c nguy\u00ean kh\u1ed1i (2 bu\u1ed3ng k\u00e9p)<\/p>\n<p>&#8211; 7 lo\u1ea1i n\u01b0\u1edbc (pH 4.0 &#8211; 10.5)<\/p>\n<p>&#8211; N\u1ed3ng \u0111\u1ed9 Hydro h\u00f2a tan: 1300ppb<\/p>\n<p>&#8211; B\u1ea3o h\u00e0nh: 2 n\u0103m<\/p>\n<p>&#8211; Xu\u1ea5t x\u1ee9: Nh\u1eadt B\u1ea3n<\/p>\n<p>&#8211; T\u00ednh n\u0103ng n\u1ed5i b\u1eadt:<\/p>\n<ul>\n<li aria-level=\"1\">V\u1ec7 sinh t\u1ef1 \u0111\u1ed9ng: Double Auto Change Crossline<\/li>\n<li aria-level=\"1\">C\u00f4ng ngh\u1ec7 \u0111i\u1ec7n ph\u00e2n k\u00e9p<\/li>\n<\/ul>\n<p>&#8211; Ph\u1ee5 ki\u1ec7n:<\/p>\n<ul>\n<li aria-level=\"1\">L\u00f5i l\u1ecdc tinh: 10,000 l\u00edt \u2013 Gi\u00e1: 3,200,000 VN\u0110<\/li>\n<li aria-level=\"1\">B\u1ed9 ti\u1ec1n x\u1eed l\u00fd n\u01b0\u1edbc d\u00e0nh ri\u00eang cho m\u00e1y l\u1ecdc n\u01b0\u1edbc ion ki\u1ec1m<\/li>\n<\/ul>\n<ul>\n<li aria-level=\"1\"><b>T\u1ed5ng quan v\u1ec1 m\u00e1y l\u1ecdc n\u01b0\u1edbc ion ki\u1ec1m Trim Ion Grace:<\/b><\/li>\n<\/ul>\n<p>M\u00e1y l\u1ecdc n\u01b0\u1edbc ion ki\u1ec1m Trim Ion Grace l\u00e0 m\u1ed9t s\u1ea3n ph\u1ea9m c\u1ee7a T\u1eadp \u0111o\u00e0n NIHON TRIM, m\u1ed9t t\u1eadp \u0111o\u00e0n ti\u00ean phong trong vi\u1ec7c nghi\u00ean c\u1ee9u v\u00e0 ph\u00e1t tri\u1ec3n c\u00e1c c\u00f4ng ngh\u1ec7, s\u1ea3n ph\u1ea9m li\u00ean quan t\u1edbi n\u01b0\u1edbc, s\u1ee9c kh\u1ecfe v\u00e0 y t\u1ebf t\u1ea1i Nh\u1eadt B\u1ea3n.<\/p>\n<p>V\u1edbi h\u01a1n 40 n\u0103m trong l\u0129nh v\u1ef1c m\u00e1y \u0111i\u1ec7n gi\u1ea3i, NIHON TRIM mang \u0111\u1ebfn nh\u1eefng s\u1ea3n ph\u1ea9m m\u00e1y \u0111i\u1ec7n gi\u1ea3i v\u1edbi ch\u1ea5t l\u01b0\u1ee3ng v\u01b0\u1ee3t tr\u1ed9i cho th\u1ecb tr\u01b0\u1eddng n\u1ed9i \u0111\u1ecba Nh\u1eadt B\u1ea3n, \u0111\u01b0\u1ee3c ng\u01b0\u1eddi d\u00e2n trong v\u00e0 ngo\u00e0i n\u01b0\u1edbc Nh\u1eadt tin t\u01b0\u1edfng l\u1ef1a ch\u1ecdn s\u1eed d\u1ee5ng.<\/p>\n<ul>\n<li aria-level=\"1\"><b>Th\u00f4ng s\u1ed1 k\u1ef9 thu\u1eadt m\u00e1y l\u1ecdc n\u01b0\u1edbc ion ki\u1ec1m Trim Ion Grace:<\/b><\/li>\n<\/ul>\n<table>\n<tbody>\n<tr>\n<td colspan=\"2\"><b>B\u1ed8 PH\u1eacN \u0110I\u1ec6N GI\u1ea2I<\/b><\/td>\n<\/tr>\n<tr>\n<td><b>\u0110i\u1ec7n c\u1ef1c<\/b><\/td>\n<td>4 t\u1ea5m \u0111i\u1ec7n c\u1ef1c (2 bu\u1ed3ng k\u00e9p)<\/td>\n<\/tr>\n<tr>\n<td><b>C\u1ea5u t\u1ea1o<\/b><\/td>\n<td>Titan nguy\u00ean kh\u1ed1i ph\u1ee7 b\u1ea1ch kim<\/td>\n<\/tr>\n<tr>\n<td><b>Tu\u1ed5i th\u1ecd<\/b><\/td>\n<td>Tr\u00ean 15 n\u0103m<\/td>\n<\/tr>\n<tr>\n<td colspan=\"2\"><b>N\u01af\u1edaC \u0110\u1ea6U RA<\/b><\/td>\n<\/tr>\n<tr>\n<td><b>\u0110\u1ed9 pH<\/b><\/td>\n<td>4.0 \u2013 10.5 (\u0111\u1ed9 pH c\u1ee7a t\u1eebng lo\u1ea1i n\u01b0\u1edbc c\u00f3 th\u1ec3 dao \u0111\u1ed9ng +\/- 0.5 t\u00f9y v\u00e0o ch\u1ea5t l\u01b0\u1ee3ng n\u01b0\u1edbc m\u00e1y \u0111\u1ea7u v\u00e0o)<\/td>\n<\/tr>\n<tr>\n<td><b>N\u1ed3ng \u0111\u1ed9 Hydro h\u00f2a tan<\/b><\/td>\n<td>1300ppb<\/td>\n<\/tr>\n<tr>\n<td><b>S\u1ed1 lo\u1ea1i n\u01b0\u1edbc<\/b><\/td>\n<td>7 lo\u1ea1i n\u01b0\u1edbc<\/td>\n<\/tr>\n<tr>\n<td><b>N\u01b0\u1edbc ion ki\u1ec1m<\/b><\/p>\n<p><i>(Alkaline ionized water)\u00a0<\/i><\/td>\n<td>&#8211; Ki\u1ec1m c\u1ea5p 1 (pH 8.5): n\u01b0\u1edbc u\u1ed1ng cho ng\u01b0\u1eddi m\u1edbi b\u1eaft \u0111\u1ea7u<\/p>\n<p>&#8211; Ki\u1ec1m c\u1ea5p 2 (pH 9.0): n\u01b0\u1edbc u\u1ed1ng v\u00e0 n\u1ea5u c\u01a1m<\/p>\n<p>&#8211; Ki\u1ec1m c\u1ea5p 3 (pH 9.5): n\u01b0\u1edbc u\u1ed1ng, pha tr\u00e0, n\u1ea5u s\u00fap v\u00e0 h\u1ea7m<\/p>\n<p>&#8211; Ki\u1ec1m c\u1ea5p 4 (pH10.5): \u0111\u00e2y l\u00e0 n\u01b0\u1edbc ki\u1ec1m m\u1ea1nh, gi\u00fap r\u1eeda rau c\u1ee7 qu\u1ea3 s\u1ea1ch h\u01a1n, an to\u00e0n h\u01a1n, lo\u1ea1i b\u1ecf v\u1ecb ch\u00e1t<\/td>\n<\/tr>\n<tr>\n<td><b>N\u01b0\u1edbc l\u1ecdc<\/b><\/p>\n<p>(<i>Purified Water)<\/i><\/td>\n<td>N\u01b0\u1edbc l\u1ecdc s\u1ea1ch c\u00f3 \u0111\u1ed9 pH 7.0 \u0111\u1ec3 u\u1ed1ng thu\u1ed1c t\u00e2y, pha s\u1eefa v\u00e0 n\u1ea5u \u0103n cho em b\u00e9.<\/td>\n<\/tr>\n<tr>\n<td><b>N\u01b0\u1edbc ion axit<\/b><\/p>\n<p><i>(Acidic ionized water)<\/i><\/td>\n<td>&#8211; Axit c\u1ea5p 1 (pH 5.5): n\u01b0\u1edbc c\u00f3 t\u00ednh axit y\u1ebfu \u0111\u1ec3 r\u1eeda m\u1eb7t, gi\u00fap l\u00e0m \u0111\u1eb9p da m\u1eb7t, c\u00e2n b\u1eb1ng pH v\u00e0 se kh\u00edt l\u1ed7 ch\u00e2n l\u00f4ng<\/p>\n<p>&#8211; Axit c\u1ea5p \u0111\u1ed9 2 (pH 4.0): n\u01b0\u1edbc c\u00f3 t\u00ednh axit m\u1ea1nh \u0111\u1ec3 v\u1ec7 sinh, kh\u1eed khu\u1ea9n<\/td>\n<\/tr>\n<tr>\n<td><b>C\u00f4ng su\u1ea5t n\u01b0\u1edbc<\/b><\/td>\n<td>3.0 \u2013 4.0 l\u00edt\/ph\u00fat<\/td>\n<\/tr>\n<tr>\n<td colspan=\"2\"><b>N\u01af\u1edaC \u0110\u1ea6U V\u00c0O<\/b><\/td>\n<\/tr>\n<tr>\n<td><b>Ti\u00eau chu\u1ea9n chung<\/b><\/td>\n<td>&#8211; Ngu\u1ed3n n\u01b0\u1edbc m\u00e1y (n\u01b0\u1edbc th\u1ee7y c\u1ee5c). N\u1ebfu n\u01b0\u1edbc m\u00e1y t\u1ea1i \u0111\u1ecba ph\u01b0\u01a1ng g\u1eb7p c\u00e1c v\u1ea5n \u0111\u1ec1 nh\u01b0 d\u01b0 Clo, nhi\u1ec5m khu\u1ea9n, nhi\u1ec5m \u0111\u1ed9c, hi\u1ec7n t\u01b0\u1ee3ng n\u01b0\u1edbc c\u1ee9ng th\u00ec ph\u1ea3i c\u00f3 b\u1ed9 ti\u1ec1n x\u1eed l\u00fd n\u01b0\u1edbc ph\u00f9 h\u1ee3p.<\/p>\n<p>&#8211; N\u1ebfu l\u00e0 n\u01b0\u1edbc gi\u1ebfng th\u00ec c\u0169ng ph\u1ea3i c\u00f3 b\u1ed9 ti\u1ec1n x\u1eed l\u00fd \u0111\u1eb7c bi\u1ec7t v\u00e0 h\u1ec7 th\u1ed1ng m\u00e1y b\u01a1m ph\u00f9 h\u1ee3p.<\/td>\n<\/tr>\n<tr>\n<td><b>Nhi\u1ec7t \u0111\u1ed9 ph\u00f9 h\u1ee3p<\/b><\/td>\n<td>Kho\u1ea3ng 5 \u2013 30oC (41 \u2013 56oF)<\/td>\n<\/tr>\n<tr>\n<td colspan=\"2\"><b>L\u00d5I L\u1eccC TINH<\/b><\/td>\n<\/tr>\n<tr>\n<td><b>C\u1ea5u t\u1ea1o &amp; T\u00ednh n\u0103ng<\/b><\/td>\n<td>&#8211; 1 l\u00f5i, 2 t\u1ea7ng l\u1ecdc: v\u1ea3i kh\u00f4ng d\u1ec7t, Micro \u2013 carbon<\/p>\n<p>&#8211; Lo\u1ea1i b\u1ecf 13 ch\u1ea5t \u0111\u1ed9c theo ti\u00eau chu\u1ea9n JIS, 6 ch\u1ea5t \u0111\u1ed9c h\u1ea1i theo ti\u00eau chu\u1ea9n JWPA<\/td>\n<\/tr>\n<tr>\n<td><b>Tu\u1ed5i th\u1ecd<\/b><\/td>\n<td>10,000 l\u00edt (12 th\u00e1ng)<\/td>\n<\/tr>\n<tr>\n<td colspan=\"2\"><b>CH\u1ebe \u0110\u1ed8 V\u1eacN H\u00c0NH<\/b><\/td>\n<\/tr>\n<tr>\n<td><b>M\u00e0n h\u00ecnh<\/b><\/td>\n<td>LCD hi\u1ec3n th\u1ecb n\u1ed3ng \u0111\u1ed9 Hydro, lo\u1ea1i n\u01b0\u1edbc<\/td>\n<\/tr>\n<tr>\n<td><b>\u0110i\u1ec1u khi\u1ec3n<\/b><\/td>\n<td>N\u00fat b\u1ea5m c\u1ea3m \u1ee9ng<\/td>\n<\/tr>\n<tr>\n<td><b>Th\u00f4ng b\u00e1o<\/b><\/td>\n<td>\u0110\u00e8n t\u00edn hi\u1ec7u, \u00e2m thanh b\u00e1o hi\u1ec7u, ti\u1ebfng nh\u1ea1c b\u00e1o hi\u1ec7u<\/td>\n<\/tr>\n<tr>\n<td><b>Ng\u00f4n ng\u1eef<\/b><\/td>\n<td>Ti\u1ebfng Nh\u1eadt<\/td>\n<\/tr>\n<tr>\n<td colspan=\"2\"><b>V\u1ec6 SINH<\/b><\/td>\n<\/tr>\n<tr>\n<td><b>Ch\u1ebf \u0111\u1ed9 v\u1ec7 sinh<\/b><\/td>\n<td>V\u1ec7 sinh t\u1ef1 \u0111\u1ed9ng b\u1eb1ng c\u00f4ng ngh\u1ec7 Double Auto Change Crossline<\/td>\n<\/tr>\n<tr>\n<td colspan=\"2\"><b>THI\u1ebeT K\u1ebe<\/b><\/td>\n<\/tr>\n<tr>\n<td><b>Thi\u1ebft k\u1ebf<\/b><\/td>\n<td>&#8211; Nh\u1ecf g\u1ecdn, tinh t\u1ebf theo phong c\u00e1ch Nh\u1eadt B\u1ea3n<\/p>\n<p>&#8211; V\u1ecf nh\u1ef1a cao c\u1ea5p, m\u1eb7t k\u00ednh \u0111en sang tr\u1ecdng<\/p>\n<p>&#8211; V\u00f2i kim lo\u1ea1i ri\u00eang bi\u1ec7t<\/td>\n<\/tr>\n<tr>\n<td><b>K\u00edch th\u01b0\u1edbc WHD (mm)<\/b><\/td>\n<td>260 x 321 x 126<\/td>\n<\/tr>\n<tr>\n<td><b>Tr\u1ecdng l\u01b0\u1ee3ng<\/b><\/td>\n<td>5,5 kg<\/td>\n<\/tr>\n<tr>\n<td colspan=\"2\"><b>\u0110I\u1ec6N N\u0102NG<\/b><\/td>\n<\/tr>\n<tr>\n<td><b>Ngu\u1ed3n \u0111i\u1ec7n<\/b><\/td>\n<td>100V, 50-60Hz<\/td>\n<\/tr>\n<tr>\n<td><b>C\u00f4ng su\u1ea5t<\/b><\/td>\n<td>350W (Ch\u1ebf \u0111\u1ed9 ch\u1edd 0.5W)<\/td>\n<\/tr>\n<tr>\n<td colspan=\"2\"><b>XU\u1ea4T X\u1ee8<\/b><\/td>\n<\/tr>\n<tr>\n<td><b>Nh\u00e0 s\u1ea3n xu\u1ea5t<\/b><\/td>\n<td>T\u1eadp \u0111o\u00e0n Nihon Trim Nh\u1eadt B\u1ea3n<\/td>\n<\/tr>\n<tr>\n<td><b>S\u1ea3n xu\u1ea5t v\u00e0 l\u1eafp r\u00e1p<\/b><\/td>\n<td>T\u1ea1i Nh\u1eadt B\u1ea3n<\/td>\n<\/tr>\n<tr>\n<td colspan=\"2\"><b>B\u1ea2O H\u00c0NH &amp; B\u1ea2O D\u01af\u1ee0NG<\/b><\/td>\n<\/tr>\n<tr>\n<td><b>B\u1ea3o h\u00e0nh<\/b><\/td>\n<td>2 n\u0103m (\u0110i\u1ec7n c\u1ef1c 5 n\u0103m, c\u00e1c b\u1ed9 ph\u1eadn kh\u00e1c 2 n\u0103m)<\/td>\n<\/tr>\n<tr>\n<td><b>B\u1ea3o d\u01b0\u1ee1ng<\/b><\/td>\n<td>Ki\u1ec3m tra ch\u1ea5t l\u01b0\u1ee3ng v\u00e0 b\u1ea3o d\u01b0\u1ee1ng \u0111\u1ecbnh k\u1ef3 theo nhu c\u1ea7u c\u1ee7a kh\u00e1ch h\u00e0ng<\/td>\n<\/tr>\n<tr>\n<td colspan=\"2\"><b>CH\u1ee8NG NH\u1eacN<\/b><\/td>\n<\/tr>\n<tr>\n<td><b>Ch\u1ee9ng nh\u1eadn thi\u1ebft b\u1ecb y T\u1ebf<\/b><\/td>\n<td>Ch\u1ee9ng nh\u1eadn thi\u1ebft b\u1ecb y t\u1ebf t\u1ea1i Nh\u1eadt B\u1ea3n,<\/p>\n<p>s\u1ed1: 229AGBZX00069000<\/td>\n<\/tr>\n<tr>\n<td><b>Ch\u1ee9ng nh\u1eadn ch\u1ea5t l\u01b0\u1ee3ng<\/b><\/td>\n<td>\u272f JIS: Lo\u1ea1i b\u1ecf ch\u1ea5t \u0111\u1ed9c theo quy \u0111\u1ecbnh Ti\u00eau chu\u1ea9n c\u00f4ng nghi\u1ec7p Nh\u1eadt<\/p>\n<p>\u272f JWPA: Lo\u1ea1i b\u1ecf ch\u1ea5t \u0111\u1ed9c h\u1ea1i theo quy \u0111\u1ecbnh c\u1ee7a Hi\u1ec7p h\u1ed9i m\u00e1y l\u1ecdc n\u01b0\u1edbc Nh\u1eadt B\u1ea3n<\/p>\n<p>\u272f ISO 13485: Ti\u00eau chu\u1ea9n qu\u1ed1c t\u1ebf v\u1ec1 h\u1ec7 th\u1ed1ng qu\u1ea3n l\u00fd ch\u1ea5t l\u01b0\u1ee3ng cho thi\u1ebft b\u1ecb y t\u1ebf<\/p>\n<p>\u272f ISO 9001: Ti\u00eau chu\u1ea9n qu\u1ed1c t\u1ebf v\u1ec1 h\u1ec7 th\u1ed1ng qu\u1ea3n l\u00fd ch\u1ea5t l\u01b0\u1ee3ng<\/p>\n<p>\u272f NSF: Ch\u1ee9ng nh\u1eadn an to\u00e0n v\u1ec7 sinh th\u1ef1c ph\u1ea9m \u0111\u1ed1i v\u1edbi than ho\u1ea1t t\u00ednh trong l\u00f5i l\u1ecdc tinh<\/td>\n<\/tr>\n<\/tbody>\n<\/table>\n<p>&nbsp;<\/p>\n<p><b>K\u1ebft lu\u1eadn:<\/b>\u00a0M\u00e1y l\u1ecdc n\u01b0\u1edbc ion ki\u1ec1m Trim Ion Grace l\u00e0 m\u1ed9t s\u1ea3n ph\u1ea9m uy t\u00edn v\u00e0 ph\u1ed5 bi\u1ebfn kh\u00f4ng ch\u1ec9 t\u1ea1i th\u1ecb tr\u01b0\u1eddng Nh\u1eadt B\u1ea3n m\u00e0 c\u00f2n t\u1ea1i nhi\u1ec1u qu\u1ed1c gia tr\u00ean th\u1ebf gi\u1edbi. S\u1ea3n ph\u1ea9m \u0111\u01b0\u1ee3c trang b\u1ecb c\u00f4ng ngh\u1ec7 \u0111i\u1ec7n ph\u00e2n k\u00e9p ti\u00ean ti\u1ebfn v\u00e0 t\u00ednh n\u0103ng v\u1ec7 sinh t\u1ef1 \u0111\u1ed9ng hi\u1ec7n \u0111\u1ea1i c\u00f9ng v\u1edbi thi\u1ebft k\u1ebf tinh t\u1ebf, sang tr\u1ecdng ph\u00f9 h\u1ee3p v\u1edbi m\u1ecdi kh\u00f4ng gian. M\u00e1y l\u1ecdc n\u01b0\u1edbc ion ki\u1ec1m Trim Ion Grace l\u00e0 m\u1ed9t l\u1ef1a ch\u1ecdn ph\u00f9 h\u1ee3p v\u00e0 an to\u00e0n cho s\u1ee9c kh\u1ecfe c\u1ee7a m\u1ecdi gia \u0111\u00ecnh.<\/p>\n","protected":false},"excerpt":{"rendered":"<p>Gi\u1edbi thi\u1ec7u m\u00e1y l\u1ecdc n\u01b0\u1edbc ion ki\u1ec1m Trim Ion Grace &#8211; 4 t\u1ea5m \u0111i\u1ec7n c\u1ef1c nguy\u00ean kh\u1ed1i (2 bu\u1ed3ng k\u00e9p) &#8211; 7 lo\u1ea1i n\u01b0\u1edbc (pH 4.0 &#8211; 10.5) &#8211; N\u1ed3ng \u0111\u1ed9 Hydro h\u00f2a tan: 1300ppb &#8211; B\u1ea3o h\u00e0nh: 2 n\u0103m &#8211; Xu\u1ea5t x\u1ee9: Nh\u1eadt B\u1ea3n &#8211; T\u00ednh n\u0103ng n\u1ed5i b\u1eadt: V\u1ec7 sinh t\u1ef1 \u0111\u1ed9ng: Double [&#8230;]\n","protected":false},"featured_media":731,"comment_status":"open","ping_status":"closed","template":"","meta":{"_acf_changed":false},"product_brand":[92],"product_cat":[77],"product_tag":[],"class_list":{"0":"post-730","1":"product","2":"type-product","3":"status-publish","4":"has-post-thumbnail","6":"product_brand-trimion","7":"product_cat-may-tao-nuoc-ion-kiem","9":"first","10":"instock","11":"taxable","12":"shipping-taxable","13":"purchasable","14":"product-type-simple"},"acf":[],"_links":{"self":[{"href":"https:\/\/songxanhwater.com\/index.php?rest_route=\/wp\/v2\/product\/730","targetHints":{"allow":["GET"]}}],"collection":[{"href":"https:\/\/songxanhwater.com\/index.php?rest_route=\/wp\/v2\/product"}],"about":[{"href":"https:\/\/songxanhwater.com\/index.php?rest_route=\/wp\/v2\/types\/product"}],"replies":[{"embeddable":true,"href":"https:\/\/songxanhwater.com\/index.php?rest_route=%2Fwp%2Fv2%2Fcomments&post=730"}],"wp:featuredmedia":[{"embeddable":true,"href":"https:\/\/songxanhwater.com\/index.php?rest_route=\/wp\/v2\/media\/731"}],"wp:attachment":[{"href":"https:\/\/songxanhwater.com\/index.php?rest_route=%2Fwp%2Fv2%2Fmedia&parent=730"}],"wp:term":[{"taxonomy":"product_brand","embeddable":true,"href":"https:\/\/songxanhwater.com\/index.php?rest_route=%2Fwp%2Fv2%2Fproduct_brand&post=730"},{"taxonomy":"product_cat","embeddable":true,"href":"https:\/\/songxanhwater.com\/index.php?rest_route=%2Fwp%2Fv2%2Fproduct_cat&post=730"},{"taxonomy":"product_tag","embeddable":true,"href":"https:\/\/songxanhwater.com\/index.php?rest_route=%2Fwp%2Fv2%2Fproduct_tag&post=730"}],"curies":[{"name":"wp","href":"https:\/\/api.w.org\/{rel}","templated":true}]}}