{"id":727,"date":"2025-03-28T15:40:51","date_gmt":"2025-03-28T15:40:51","guid":{"rendered":"https:\/\/dienmayklp.vn\/?post_type=product&#038;p=727"},"modified":"2025-09-04T03:13:11","modified_gmt":"2025-09-04T03:13:11","slug":"may-tao-nuoc-ion-kiem-trim-ion-gracia","status":"publish","type":"product","link":"https:\/\/songxanhwater.com\/?product=may-tao-nuoc-ion-kiem-trim-ion-gracia","title":{"rendered":"M\u00e1y T\u1ea1o N\u01b0\u1edbc Ion Ki\u1ec1m Trim Ion Gracia"},"content":{"rendered":"<h2><span style=\"color: #3366ff;\">Th\u00f4ng S\u1ed1 K\u1ef9 Thu\u1eadt M\u00e1y T\u1ea1o N\u01b0\u1edbc Ion Ki\u1ec1m Trim Ion Gracia<\/span><\/h2>\n<p>&nbsp;<\/p>\n<table>\n<tbody>\n<tr>\n<th>Th\u00f4ng s\u1ed1<\/th>\n<th><\/th>\n<th>Chi ti\u1ebft<\/th>\n<\/tr>\n<tr>\n<td>\u0110i\u1ec7n \u00e1p<\/td>\n<td><\/td>\n<td>AC100V<\/td>\n<\/tr>\n<tr>\n<td>T\u1ea7n s\u1ed1 \u0111\u1ecbnh m\u1ee9c<\/td>\n<td><\/td>\n<td>50-60Hz<\/td>\n<\/tr>\n<tr>\n<td>D\u00f2ng \u0111i\u1ec7n<\/td>\n<td><\/td>\n<td>AC4.5A<\/td>\n<\/tr>\n<tr>\n<td>\u0110i\u1ec7n \u00e1p \u0111i\u1ec7n gi\u1ea3i<\/td>\n<td><\/td>\n<td>DC50V (max)<\/td>\n<\/tr>\n<tr>\n<td>C\u00f4ng su\u1ea5t ti\u00eau th\u1ee5<\/td>\n<td><\/td>\n<td>270W th\u1eddi gian ch\u1edd 0,9W<\/td>\n<\/tr>\n<tr>\n<td>\u00d4 \u0111i\u1ec7n gi\u1ea3i<\/td>\n<td><\/td>\n<td>4 \u00f4 (8-\u1ed1ng)<\/p>\n<p>C\u00f4ng ngh\u1ec7 b\u1ea3n \u0111i\u1ec7n c\u1ef1c Titan ph\u1ee7 b\u1ea1ch kim (Platina)<\/td>\n<\/tr>\n<tr>\n<td>\u0110i\u1ec7n c\u1ef1c<\/td>\n<td><\/td>\n<td>C\u00f4ng ngh\u1ec7 t\u1ef1 \u0111\u1ed9ng v\u1ec7 sinh \u0111i\u1ec7n c\u1ef1c (c\u00f4ng ngh\u1ec7 \u0111\u1ed5i chi\u1ec1u \u0111i\u1ec7n c\u1ef1c v\u00e0 \u0111\u1ed5i chi\u1ec1u \u0111\u1ecbnh k\u00ec d\u00f2ng n\u01b0\u1edbc, tr\u00e1nh kho\u00e1ng ch\u1ea5t b\u00e1m v\u00e0o \u0111i\u1ec7n c\u1ef1c, c\u00f4ng ngh\u1ec7 \u0111\u1ed9c quy\u1ec1n Double Crossline Auto Change)<\/td>\n<\/tr>\n<tr>\n<td>\u0110\u1ed9 b\u1ec1n \u0111i\u1ec7n c\u1ef1c<\/td>\n<td><\/td>\n<td>Quy \u0111\u1ed5i th\u1eddi gian \u0111i\u1ec7n ph\u00e2n 1400 gi\u1edd (Kho\u1ea3ng 15 n\u0103m)<\/p>\n<p>(T\u00f9y thu\u1ed9c v\u00e0o \u0111i\u1ec1u ki\u1ec7n s\u1eed d\u1ee5ng nh\u01b0 s\u1eed d\u1ee5ng v\u00e0 ch\u1ea5t l\u01b0\u1ee3ng n\u01b0\u1edbc.)<\/td>\n<\/tr>\n<tr>\n<td>L\u01b0u l\u01b0\u1ee3ng n\u01b0\u1edbc<\/td>\n<td><\/td>\n<td>(N\u01b0\u1edbc ion ki\u1ec1m hydro \u0111i\u1ec7n ph\u00e2n) v\u1ec1 4L \/ ph\u00fat (t\u1ed1i \u0111a)<\/p>\n<p>(N\u01b0\u1edbc c\u00f3 t\u00ednh axit) v\u1ec1 4L \/ ph\u00fat (t\u1ed1i \u0111a)<\/p>\n<p>(N\u01b0\u1edbc l\u1ecdc ) v\u1ec1 5L \/ ph\u00fat (t\u1ed1i \u0111a)<\/td>\n<\/tr>\n<tr>\n<td>\u00c1p l\u1ef1c n\u01b0\u1edbc cho \u0111\u01b0\u1eddng \u1ed1ng<\/td>\n<td><\/td>\n<td>50kPa ~ 700kPa<\/td>\n<\/tr>\n<tr>\n<td>Chi\u1ec1u d\u00e0i d\u00e2y \u0111i\u1ec7n<\/td>\n<td><\/td>\n<td>1m<\/td>\n<\/tr>\n<tr>\n<td>Tr\u1ecdng l\u01b0\u1ee3ng<\/td>\n<td><\/td>\n<td>5 kg<\/td>\n<\/tr>\n<tr>\n<td>K\u00edch th\u01b0\u1edbc m\u00e1y<\/td>\n<td><\/td>\n<td>310(W)\u00d7329(H)\u00d7100(D) mm<\/td>\n<\/tr>\n<tr>\n<td>K\u00edch th\u01b0\u1edbc v\u00f2i<\/td>\n<td><\/td>\n<td>178(W)\u00d7371(H)\u00d7249(D) mm<\/td>\n<\/tr>\n<\/tbody>\n<\/table>\n","protected":false},"excerpt":{"rendered":"<p>Th\u00f4ng S\u1ed1 K\u1ef9 Thu\u1eadt M\u00e1y T\u1ea1o N\u01b0\u1edbc Ion Ki\u1ec1m Trim Ion Gracia &nbsp; Th\u00f4ng s\u1ed1 Chi ti\u1ebft \u0110i\u1ec7n \u00e1p AC100V T\u1ea7n s\u1ed1 \u0111\u1ecbnh m\u1ee9c 50-60Hz D\u00f2ng \u0111i\u1ec7n AC4.5A \u0110i\u1ec7n \u00e1p \u0111i\u1ec7n gi\u1ea3i DC50V (max) C\u00f4ng su\u1ea5t ti\u00eau th\u1ee5 270W th\u1eddi gian ch\u1edd 0,9W \u00d4 \u0111i\u1ec7n gi\u1ea3i 4 \u00f4 (8-\u1ed1ng) C\u00f4ng ngh\u1ec7 b\u1ea3n \u0111i\u1ec7n c\u1ef1c Titan [&#8230;]\n","protected":false},"featured_media":728,"comment_status":"open","ping_status":"closed","template":"","meta":{"_acf_changed":false},"product_brand":[92],"product_cat":[77],"product_tag":[],"class_list":{"0":"post-727","1":"product","2":"type-product","3":"status-publish","4":"has-post-thumbnail","6":"product_brand-trimion","7":"product_cat-may-tao-nuoc-ion-kiem","9":"first","10":"instock","11":"taxable","12":"shipping-taxable","13":"purchasable","14":"product-type-simple"},"acf":[],"_links":{"self":[{"href":"https:\/\/songxanhwater.com\/index.php?rest_route=\/wp\/v2\/product\/727","targetHints":{"allow":["GET"]}}],"collection":[{"href":"https:\/\/songxanhwater.com\/index.php?rest_route=\/wp\/v2\/product"}],"about":[{"href":"https:\/\/songxanhwater.com\/index.php?rest_route=\/wp\/v2\/types\/product"}],"replies":[{"embeddable":true,"href":"https:\/\/songxanhwater.com\/index.php?rest_route=%2Fwp%2Fv2%2Fcomments&post=727"}],"wp:featuredmedia":[{"embeddable":true,"href":"https:\/\/songxanhwater.com\/index.php?rest_route=\/wp\/v2\/media\/728"}],"wp:attachment":[{"href":"https:\/\/songxanhwater.com\/index.php?rest_route=%2Fwp%2Fv2%2Fmedia&parent=727"}],"wp:term":[{"taxonomy":"product_brand","embeddable":true,"href":"https:\/\/songxanhwater.com\/index.php?rest_route=%2Fwp%2Fv2%2Fproduct_brand&post=727"},{"taxonomy":"product_cat","embeddable":true,"href":"https:\/\/songxanhwater.com\/index.php?rest_route=%2Fwp%2Fv2%2Fproduct_cat&post=727"},{"taxonomy":"product_tag","embeddable":true,"href":"https:\/\/songxanhwater.com\/index.php?rest_route=%2Fwp%2Fv2%2Fproduct_tag&post=727"}],"curies":[{"name":"wp","href":"https:\/\/api.w.org\/{rel}","templated":true}]}}