{"id":724,"date":"2025-03-28T15:38:52","date_gmt":"2025-03-28T15:38:52","guid":{"rendered":"https:\/\/dienmayklp.vn\/?post_type=product&#038;p=724"},"modified":"2025-07-11T12:55:48","modified_gmt":"2025-07-11T12:55:48","slug":"may-tao-nuoc-ion-kiem-trim-ion-hyper","status":"publish","type":"product","link":"https:\/\/songxanhwater.com\/?product=may-tao-nuoc-ion-kiem-trim-ion-hyper","title":{"rendered":"M\u00e1y T\u1ea1o N\u01b0\u1edbc Ion Ki\u1ec1m Trim Ion Hyper"},"content":{"rendered":"<h2>TH\u00d4NG S\u1ed0 K\u1ef8 THU\u1eacT<\/h2>\n<p>&nbsp;<\/p>\n<table>\n<tbody>\n<tr>\n<th>Th\u00f4ng s\u1ed1<\/th>\n<th><\/th>\n<th>Chi ti\u1ebft<\/th>\n<\/tr>\n<tr>\n<td>\u0110i\u1ec7n \u00e1p<\/td>\n<td><\/td>\n<td>AC100V<\/td>\n<\/tr>\n<tr>\n<td>T\u1ea7n s\u1ed1 \u0111\u1ecbnh m\u1ee9c<\/td>\n<td><\/td>\n<td>50-60Hz<\/td>\n<\/tr>\n<tr>\n<td>D\u00f2ng \u0111i\u1ec7n<\/td>\n<td><\/td>\n<td>AC5.0A<\/td>\n<\/tr>\n<tr>\n<td>\u0110i\u1ec7n \u00e1p \u0111i\u1ec7n gi\u1ea3i<\/td>\n<td><\/td>\n<td>DC55V (t\u1ed1i \u0111a)<\/td>\n<\/tr>\n<tr>\n<td>C\u00f4ng su\u1ea5t ti\u00eau th\u1ee5<\/td>\n<td><\/td>\n<td>300W (ch\u1ebf \u0111\u1ed9 ch\u1edd: kho\u1ea3ng 0.6W)<\/td>\n<\/tr>\n<tr>\n<td>\u00d4 \u0111i\u1ec7n gi\u1ea3i<\/td>\n<td><\/td>\n<td>4 \u00f4 (8-cell)<\/td>\n<\/tr>\n<tr>\n<td>\u0110i\u1ec7n c\u1ef1c<\/td>\n<td><\/td>\n<td>Platin ph\u1ee7 \u0111i\u1ec7n c\u1ef1c (5 t\u1ea5m)<\/td>\n<\/tr>\n<tr>\n<td>\u0110\u1ed9 b\u1ec1n \u0111i\u1ec7n c\u1ef1c<\/td>\n<td><\/td>\n<td>Quy \u0111\u1ed5i th\u1eddi gian \u0111i\u1ec7n ph\u00e2n 1400 gi\u1edd<\/p>\n<p>(T\u00f9y thu\u1ed9c v\u00e0o \u0111i\u1ec1u ki\u1ec7n s\u1eed d\u1ee5ng nh\u01b0 s\u1eed d\u1ee5ng v\u00e0 ch\u1ea5t l\u01b0\u1ee3ng n\u01b0\u1edbc.)<\/p>\n<p>&nbsp;<\/td>\n<\/tr>\n<tr>\n<td>H\u1ec7 th\u1ed1ng t\u1ea1o n\u01b0\u1edbc hydro<\/td>\n<td><\/td>\n<td>H\u1ec7 th\u1ed1ng 2 chi\u1ec1u<\/td>\n<\/tr>\n<tr>\n<td>\u0110\u00e1nh gi\u00e1 l\u01b0\u1ee3ng n\u01b0\u1edbc<\/td>\n<td><\/td>\n<td>(N\u01b0\u1edbc hydro \u0111i\u1ec7n ph\u00e2n) v\u1ec1 4L \/ ph\u00fat (t\u1ed1i \u0111a)<\/p>\n<p>(N\u01b0\u1edbc c\u00f3 t\u00ednh axit) v\u1ec1 4L \/ ph\u00fat (t\u1ed1i \u0111a)<\/p>\n<p>(L\u00e0m s\u1ea1ch n\u01b0\u1edbc) v\u1ec1 5L \/ ph\u00fat (t\u1ed1i \u0111a)<\/td>\n<\/tr>\n<tr>\n<td>\u00c1p l\u1ef1c n\u01b0\u1edbc cho \u0111\u01b0\u1eddng \u1ed1ng<\/td>\n<td><\/td>\n<td>50kPa ~ 700kPa<\/td>\n<\/tr>\n<tr>\n<td>Chi\u1ec1u d\u00e0i d\u00e2y \u0111i\u1ec7n<\/td>\n<td><\/td>\n<td>Kho\u1ea3ng 2.7m<\/td>\n<\/tr>\n<tr>\n<td>Tr\u1ecdng l\u01b0\u1ee3ng<\/td>\n<td><\/td>\n<td>Kho\u1ea3ng 2.8kg<\/td>\n<\/tr>\n<tr>\n<td>K\u00edch th\u01b0\u1edbc<\/td>\n<td><\/td>\n<td>234 (W) x 239 (H) \u00d7 112.5 (D) mm<\/td>\n<\/tr>\n<\/tbody>\n<\/table>\n","protected":false},"excerpt":{"rendered":"<p>TH\u00d4NG S\u1ed0 K\u1ef8 THU\u1eacT &nbsp; Th\u00f4ng s\u1ed1 Chi ti\u1ebft \u0110i\u1ec7n \u00e1p AC100V T\u1ea7n s\u1ed1 \u0111\u1ecbnh m\u1ee9c 50-60Hz D\u00f2ng \u0111i\u1ec7n AC5.0A \u0110i\u1ec7n \u00e1p \u0111i\u1ec7n gi\u1ea3i DC55V (t\u1ed1i \u0111a) C\u00f4ng su\u1ea5t ti\u00eau th\u1ee5 300W (ch\u1ebf \u0111\u1ed9 ch\u1edd: kho\u1ea3ng 0.6W) \u00d4 \u0111i\u1ec7n gi\u1ea3i 4 \u00f4 (8-cell) \u0110i\u1ec7n c\u1ef1c Platin ph\u1ee7 \u0111i\u1ec7n c\u1ef1c (5 t\u1ea5m) \u0110\u1ed9 b\u1ec1n \u0111i\u1ec7n c\u1ef1c [&#8230;]\n","protected":false},"featured_media":1249,"comment_status":"open","ping_status":"closed","template":"","meta":{"_acf_changed":false},"product_brand":[92],"product_cat":[77],"product_tag":[],"class_list":{"0":"post-724","1":"product","2":"type-product","3":"status-publish","4":"has-post-thumbnail","6":"product_brand-trimion","7":"product_cat-may-tao-nuoc-ion-kiem","9":"first","10":"instock","11":"taxable","12":"shipping-taxable","13":"purchasable","14":"product-type-simple"},"acf":[],"_links":{"self":[{"href":"https:\/\/songxanhwater.com\/index.php?rest_route=\/wp\/v2\/product\/724","targetHints":{"allow":["GET"]}}],"collection":[{"href":"https:\/\/songxanhwater.com\/index.php?rest_route=\/wp\/v2\/product"}],"about":[{"href":"https:\/\/songxanhwater.com\/index.php?rest_route=\/wp\/v2\/types\/product"}],"replies":[{"embeddable":true,"href":"https:\/\/songxanhwater.com\/index.php?rest_route=%2Fwp%2Fv2%2Fcomments&post=724"}],"wp:featuredmedia":[{"embeddable":true,"href":"https:\/\/songxanhwater.com\/index.php?rest_route=\/wp\/v2\/media\/1249"}],"wp:attachment":[{"href":"https:\/\/songxanhwater.com\/index.php?rest_route=%2Fwp%2Fv2%2Fmedia&parent=724"}],"wp:term":[{"taxonomy":"product_brand","embeddable":true,"href":"https:\/\/songxanhwater.com\/index.php?rest_route=%2Fwp%2Fv2%2Fproduct_brand&post=724"},{"taxonomy":"product_cat","embeddable":true,"href":"https:\/\/songxanhwater.com\/index.php?rest_route=%2Fwp%2Fv2%2Fproduct_cat&post=724"},{"taxonomy":"product_tag","embeddable":true,"href":"https:\/\/songxanhwater.com\/index.php?rest_route=%2Fwp%2Fv2%2Fproduct_tag&post=724"}],"curies":[{"name":"wp","href":"https:\/\/api.w.org\/{rel}","templated":true}]}}