{"id":650,"date":"2025-03-28T14:50:44","date_gmt":"2025-03-28T14:50:44","guid":{"rendered":"https:\/\/dienmayklp.vn\/?post_type=product&#038;p=650"},"modified":"2026-03-26T12:56:14","modified_gmt":"2026-03-26T12:56:14","slug":"may-tao-nuoc-ion-kiem-kangen-leveluk-sd501-platinum","status":"publish","type":"product","link":"https:\/\/songxanhwater.com\/?product=may-tao-nuoc-ion-kiem-kangen-leveluk-sd501-platinum","title":{"rendered":"M\u00e1y T\u1ea1o N\u01b0\u1edbc Ion Ki\u1ec1m Kangen LeveLuk SD501 Platinum"},"content":{"rendered":"<h2><span style=\"color: #3366ff;\"><strong><span lang=\"EN-US\">I. Gi\u1edbi Thi\u1ec7u Chung V\u1ec1 Kangen Leveluk Sd 501 Platium<\/span><\/strong><\/span><\/h2>\n<h3><span style=\"color: #3366ff;\">1. T\u1ea1i sao b\u1ed9 y t\u1ebf Nh\u1eadt khuy\u00ean ng\u01b0\u1eddi d\u00e2n s\u1eed d\u1ee5ng n\u01b0\u1edbc ion ki\u1ec1m<\/span><\/h3>\n<p>V\u00e0o n\u0103m 1931, sau khi ti\u1ebfn h\u00e0nh v\u00e0 ph\u00e2n t\u00edch c\u00e1c ngu\u1ed3n n\u01b0\u1edbc \u201ck\u1ef3 di\u1ec7u\u201d t\u1ea1i c\u00e1c m\u1ecf n\u01b0\u1edbc, gi\u1ebfng n\u01b0\u1edbc kho\u00e1ng ng\u1ea7m t\u1ea1i Nh\u1eadt, Ph\u00e1p, \u0110\u1ee9c, \u1ea4n \u0110\u1ed9 \u2026 nh\u1eefng n\u01a1i \u0111\u01b0\u1ee3c coi l\u00e0 c\u00f3 ngu\u1ed3n n\u01b0\u1edbc th\u1ea7n h\u1ed7 tr\u1ee3 ch\u0103m s\u00f3c v\u00e0 h\u1ed3i ph\u1ee5c s\u1ee9c kh\u1ecfe. C\u00e1c nh\u00e0 khoa h\u1ecdc Nh\u1eadt B\u1ea3n \u0111\u00e3 nghi\u00ean c\u1ee9u, ph\u00e2n t\u00edch v\u00e0 nh\u1eadn th\u1ea5y r\u1eb1ng lo\u1ea1i n\u01b0\u1edbc n\u00e0y t\u01b0\u01a1ng t\u1ef1 nh\u01b0 lo\u1ea1i n\u01b0\u1edbc t\u1ed3n t\u1ea1i trong c\u01a1 th\u1ec3 s\u1ed1ng, c\u00f3 c\u00e1c t\u00ednh ch\u1ea5t \u0111\u1eb7c tr\u01b0ng nh\u01b0 n\u01b0\u1edbc t\u1ed3n t\u1ea1i \u1edf d\u1ea1ng ion, gi\u00e0u t\u00ednh ki\u1ec1m, gi\u00e0u vi kho\u00e1ng, gi\u00e0u Hydrogen (ch\u1ea5t ch\u1ed1ng oxy h\u00f3a m\u1ea1nh) v\u00e0 c\u1ea5u tr\u00fac ph\u00e2n t\u1eed n\u01b0\u1edbc si\u00eau nh\u1ecf.<\/p>\n<h3><span style=\"color: #3366ff;\">2. M\u00e1y \u0111i\u1ec7n gi\u1ea3i Kangen t\u1ea1o ra ngu\u1ed3n n\u01b0\u1edbc k\u00ec di\u1ec7u h\u1ed7 tr\u1ee3 ch\u0103m s\u00f3c s\u1ee9c kh\u1ecfe<\/span><\/h3>\n<p>Nh\u1edd c\u00f4ng ngh\u1ec7 \u0111i\u1ec7n gi\u1ea3i c\u1ee7a m\u00e1y t\u1ea1o n\u01b0\u1edbc\u00a0<span style=\"color: #0000ff;\"><a style=\"color: #0000ff;\" href=\"https:\/\/dienmayklp.vn\/kangen\" rel=\"nofollow noopener\" target=\"_blank\">Kangen<\/a>\u00a0<\/span>s\u1ebd gi\u00fap t\u1ea1o ra n\u01b0\u1edbc ion ki\u1ec1m, m\u1ed9t lo\u1ea1i n\u01b0\u1edbc u\u1ed1ng h\u1ed7 tr\u1ee3 ch\u0103m s\u00f3c s\u1ee9c kh\u1ecfe h\u00e0ng \u0111\u1ea7u t\u1ea1i Nh\u1eadt c\u00f3 t\u00e1c d\u1ee5ng n\u00e2ng cao s\u1ee9c kh\u1ecfe.<\/p>\n<p>\u0110\u1eb7c bi\u1ec7t, n\u01b0\u1edbc ion ki\u1ec1m l\u00e0 lo\u1ea1i n\u01b0\u1edbc c\u00f3 t\u00ednh ki\u1ec1m t\u1ef1 nhi\u00ean v\u00e0 gi\u00e0u Hydrogen. Kh\u00ed Hydro l\u00e0 nguy\u00ean t\u1ed1 phong ph\u00fa trong v\u0169 tr\u1ee5, b\u00ean c\u1ea1nh \u0111\u00f3 hydro c\u0169ng ch\u00ednh l\u00e0 ph\u00e2n t\u1eed nh\u1ecf nh\u1ea5t h\u00e0nh tinh. Ph\u00e2n t\u1eed n\u00e0y nh\u1eb9 h\u01a1n ph\u00e2n t\u1eed n\u01b0\u1edbc, r\u1ea5t d\u1ec5 bay h\u01a1i, v\u1eady n\u00ean r\u1ea5t kh\u00f3 h\u00f2a tan \u0111\u01b0\u1ee3c nhi\u1ec1u v\u00e0 gi\u1eef \u0111\u01b0\u1ee3c l\u00e2u trong n\u01b0\u1edbc. N\u01b0\u1edbc Kangen\u00a0gi\u00e0u ion vi kho\u00e1ng v\u00e0 c\u00f3 \u0111\u1ed9 ki\u1ec1m ph\u00f9 h\u1ee3p v\u1edbi c\u01a1 th\u1ec3. B\u1ed5 sung c\u00e1c kho\u00e1ng ch\u1ea5t t\u1ef1 nhi\u00ean, c\u00f9ng v\u1edbi l\u01b0\u1ee3ng Hydrogen d\u1ed3i d\u00e0o, c\u1ea5u tr\u00fac ph\u00e2n t\u1eed si\u00eau nh\u1ecf gi\u00fap trung h\u00f2a l\u01b0\u1ee3ng axit d\u01b0 th\u1eeba v\u00e0 \u0111\u00e0o th\u1ea3i c\u00e1c lo\u1ea1i \u0111\u1ed9c t\u1ed1, l\u00e0m ch\u1eadm qu\u00e1 tr\u00ecnh l\u00e3o h\u00f3a<\/p>\n<p>N\u01b0\u1edbc Kangen \u0111\u01b0\u1ee3c nhi\u1ec1u b\u00e1c s\u0129 tr\u00ean th\u1ebf gi\u1edbi khuy\u00ean d\u00f9ng \u0111\u1ec3 t\u0103ng c\u01b0\u1eddng s\u1ee9c \u0111\u1ec1 kh\u00e1ng, ki\u1ec1m h\u00f3a c\u01a1 th\u1ec3, ph\u00f2ng ch\u1ed1ng v\u00e0 h\u1ed7 tr\u1ee3 \u0111i\u1ec1u tr\u1ecb b\u1ec7nh: ti\u1ec3u \u0111\u01b0\u1eddng, gout, \u0111au d\u1ea1 d\u00e0y, cao huy\u1ebft \u00e1p\u2026<\/p>\n<h2><span style=\"color: #3366ff;\"><strong>III.\u00a0M\u00e1y t\u1ea1o n\u01b0\u1edbc \u0111i\u1ec7n gi\u1ea3i ion ki\u1ec1m kangen leveluk SD501 Platium t\u1ea1i Kim Long Ph\u00e1t<\/strong><\/span><\/h2>\n<h3><span style=\"color: #3366ff;\">1. Th\u00f4ng s\u1ed1 k\u0129 thu\u1eadt m\u00e1y t\u1ea1o n\u01b0\u1edbc ion ki\u1ec1m LeveLuk SD501 Platium<\/span><\/h3>\n<p>M\u1eabu m\u00e1y \u0111i\u1ec7n gi\u1ea3i Kangen LeveLuk SD501 Platinum c\u00f3 thi\u1ebft k\u1ebf hi\u1ec7n \u0111\u1ea1i, v\u1ecf ngo\u00e0i c\u00e1ch \u0111i\u1ec7u b\u1eb1ng t\u1ea5m nh\u1ef1a cao c\u1ea5p v\u00e0 c\u00e1c chi ti\u1ebft m\u1ea1 kim lo\u1ea1i sang tr\u1ecdng.\u00a0 Kangen Leveluk SD501 Platium l\u00e0 m\u1ed9t trong c\u00e1c thi\u1ebft b\u1ecb y t\u1ebf n\u1ed5i ti\u1ebfng c\u1ee7a Nh\u1eadt B\u1ea3n, c\u00f3 m\u1eb7t tr\u00ean 150 qu\u1ed1c gia: M\u1ef9, Canada, Ph\u00e1p, \u00dd, H\u00e0n Qu\u1ed1c, Nh\u1eadt B\u1ea3n, Singapore, Malaysia\u2026 v\u00e0 nay \u0111\u00e3 c\u00f3 m\u1eb7t t\u1ea1i Vi\u1ec7t Nam. M\u00e1y Kangen\u00a0\u2013\u00a0Model Leveluk SD 501 Platium l\u00e0 d\u00f2ng s\u1ea3n ph\u1ea9m m\u00e1y t\u1ea1o n\u01b0\u1edbc \u0111i\u1ec7n gi\u1ea3i ion ki\u1ec1m\u00a0c\u00f4ng su\u1ea5t l\u1edbn c\u1ee7a Enagic (Nh\u1eadt B\u1ea3n).<\/p>\n<p>M\u00e1y m\u00e1y t\u1ea1o n\u01b0\u1edbc ion ki\u1ec1m Kangen Leveluk SD501 Platinum ti\u00eau chu\u1ea9n c\u1ef1c k\u00ec cao. S\u1ea3n ph\u1ea9m c\u00f3 c\u00f4ng d\u1ee5ng ch\u0103m s\u00f3c s\u1ee9c kh\u1ecfe h\u00e0ng \u0111\u1ea7u. M\u00e1y t\u1ea1o ra\u00a07\u00a0lo\u1ea1i n\u01b0\u1edbc qu\u00fd gi\u00e1 gi\u00fap b\u1ea1n ch\u0103m s\u00f3c gia \u0111\u00ecnh to\u00e0n di\u1ec7n. C\u00f9ng Kim Long Ph\u00e1t t\u00ecm hi\u1ec3u nh\u1eefng l\u1ee3i \u00edch tuy\u1ec7t v\u1eddi \u0111\u1ebfn t\u1eeb model n\u00e0y nh\u00e9.<\/p>\n<p>&nbsp;<\/p>\n<p><span style=\"color: #3366ff;\">2. L\u1ee3i \u00edch c\u1ee7a n\u01b0\u1edbc Kangen t\u1eeb m\u00e1y \u0111i\u1ec7n gi\u1ea3i Kangen LeveLuk SD501 Platinum<\/span><\/p>\n<p>M\u00e1y t\u1ea1o n\u01b0\u1edbc \u0111i\u1ec7n gi\u1ea3i Kangen \u0111\u00e3 \u0111\u1ea1t ti\u00eau chu\u1ea9n v\u1ec1 thi\u1ebft b\u1ecb y t\u1ebf v\u00e0 \u0111\u01b0\u1ee3c s\u1eed d\u1ee5ng nhi\u1ec1u trong c\u00e1c b\u1ec7nh vi\u1ec7n l\u1edbn \u1edf Nh\u1eadt. Kangen Leveluk SD501 Platinum\u00a0l\u00e0 m\u00e1y t\u1ed1t nh\u1ea5t trong c\u00f9ng d\u00f2ng m\u00e1y 501.\u00a0<span style=\"color: #0000ff;\"><a style=\"color: #0000ff;\" href=\"https:\/\/dienmayklp.vn\/\" rel=\"nofollow noopener\" target=\"_blank\">Kim Long Ph\u00e1t<\/a><\/span>\u00a0s\u1ebd ch\u1ec9 ra cho m\u1ecdi ng\u01b0\u1eddi th\u1ea5y \u0111\u01b0\u1ee3c nh\u1eefng c\u00f4ng d\u1ee5ng h\u1eefu \u00edch \u0111\u1ebfn t\u1eeb chi\u1ebfc m\u00e1y sang tr\u1ecdng v\u00e0 th\u1eddi th\u01b0\u1ee3ng n\u00e0y.<\/p>\n<p><b>T\u00e1c d\u1ee5ng c\u1ee7a n\u01b0\u1edbc Kangen (n\u01b0\u1edbc ion ki\u1ec1m):<\/b><\/p>\n<p>\u2022\u00a0Gi\u1ea3m axit th\u1eb7ng d\u01b0, gia t\u0103ng s\u1ee9c kh\u1ecfe, gi\u00fap ph\u00f2ng ng\u1eeba v\u00e0 h\u1ed7 tr\u1ee3 \u0111i\u1ec1u tr\u1ecb c\u00e1c ch\u1ee9ng b\u1ec7nh m\u1ea1n t\u00ednh nh\u01b0 ti\u1ec3u \u0111\u01b0\u1eddng, gout&#8230;<\/p>\n<p>\u2022\u00a0H\u1ed7 tr\u1ee3 l\u00e0m gi\u1ea3m ch\u1ea5t m\u1ee1 d\u01b0 th\u1eeba v\u00e0 th\u1ea3i c\u00e1c \u0111\u1ed9c t\u1ed1, gi\u1ea3m m\u1ee1 m\u00e1u cao<\/p>\n<p>\u2022\u00a0Gi\u1ea3m cao huy\u1ebft \u00e1p, c\u01a1n suy\u1ec5n<\/p>\n<p>\u2022\u00a0H\u1ed7 tr\u1ee3 \u0111i\u1ec1u tr\u1ecb c\u00e1c b\u1ec7nh v\u1ec1 \u0111\u01b0\u1eddng ru\u1ed9t, ch\u1ee9ng t\u00e1o b\u00f3n, \u0111au d\u1ea1 d\u00e0y<\/p>\n<p>\u2022\u00a0L\u00e0m gi\u1ea3m b\u1edbt ch\u1ee9ng nhi\u1ec5m tr\u00f9ng \u0111\u01b0\u1eddng ti\u1ec3u, \u0111\u01b0\u1eddng h\u00f4 h\u1ea5p<\/p>\n<p>\u2022\u00a0Khi s\u1eed d\u1ee5ng n\u01b0\u1edbc ion ki\u1ec1m, \u0111\u1ed3ng ngh\u0129a ch\u00fang ta c\u0169ng s\u1ebd gi\u1ea3m s\u1eed d\u1ee5ng n\u01b0\u1edbc \u0111\u00f3ng chai. T\u1eeb \u0111\u00f3 c\u01a1 th\u1ec3 s\u1ebd kh\u00f4ng c\u00f2n b\u1ecb h\u1ea5p thu nhi\u1ec1u c\u00e1c ch\u1ea5t \u0111\u1ed9c h\u1ea1i nh\u1edd \u0111\u00f3 g\u00f3p ph\u1ea7n b\u1ea3o v\u1ec7 m\u00f4i tr\u01b0\u1eddng hi\u1ec7u qu\u1ea3.<\/p>\n<p>&nbsp;<\/p>\n<p><span style=\"color: #3366ff;\">3. N\u01b0\u1edbc \u0111i\u1ec7n gi\u1ea3i Kangen l\u00e0 ch\u00eca kh\u00f3a c\u1ee7a s\u1ee9c kh\u1ecfe\u00a0v\u00e0ng<\/span><\/p>\n<p>Ti\u1ebfn s\u1ef9 &#8211; B\u00e1c s\u0129 Hiromi Shinya n\u00f3i v\u1ec1 n\u01b0\u1edbc Kangen: &#8220;N\u01b0\u1edbc Kangen gi\u00e0u t\u00ednh ki\u1ec1m (pH 8.5-9.5), v\u00e0 \u0111\u01b0\u1ee3c xem l\u00e0 n\u01b0\u1edbc u\u1ed1ng t\u1ed1t nh\u1ea5t b\u1edfi v\u00ec s\u1ee9c m\u1ea1nh v\u00f4 song c\u1ee7a hydrat h\u00f3a, gi\u1ea3i \u0111\u1ed9c, ch\u1ed1ng oxy h\u00f3a.&#8221; (The Enzyme Factor)<\/p>\n<p>Ngu\u1ed3n n\u01b0\u1edbc k\u1ef3 di\u1ec7u t\u1eeb m\u00e1y \u0111i\u1ec7n gi\u1ea3i Kangen n\u00e0y \u0111\u01b0\u1ee3c ph\u00e1t minh v\u1edbi nh\u1eefng \u0111\u1eb7c t\u00ednh r\u1ea5t \u01b0u vi\u1ec7t m\u00e0 c\u00e1c lo\u1ea1i n\u01b0\u1edbc kh\u00e1c kh\u00f3 c\u00f3 \u0111\u01b0\u1ee3c. N\u01b0\u1edbc Kangen c\u00f3 kh\u1ea3 n\u0103ng ch\u1ed1ng oxy h\u00f3a tuy\u1ec7t v\u1eddi, gi\u00e0u ion vi kho\u00e1ng v\u1edbi \u0111\u1ed9 ki\u1ec1m ph\u00f9 h\u1ee3p v\u00e0 c\u00f3 c\u1ee5m ph\u00e2n t\u1eed n\u01b0\u1edbc si\u00eau nh\u1ecf.<\/p>\n<p>Nh\u1edd nh\u1eefng \u0111\u1eb7c t\u00ednh \u01b0u vi\u1ec7t \u0111\u00f3, m\u00e1y \u0111i\u1ec7n gi\u1ea3i Kangen \u0111\u00e3 s\u1ea3n xu\u1ea5t ra 7 lo\u1ea1i n\u01b0\u1edbc c\u00f3 \u0111\u1ed9 pH kh\u00e1c nhau v\u1edbi nhi\u1ec1u c\u00f4ng d\u1ee5ng kh\u00e1c bi\u1ec7t, mang l\u1ea1i r\u1ea5t nhi\u1ec1u l\u1ee3i \u00edch cho s\u1ee9c kh\u1ecfe con ng\u01b0\u1eddi.<\/p>\n<p>B\u1ed9 ph\u1eadn \u0111i\u1ec7n gi\u1ea3i c\u00f3 7 t\u1ea5m \u0111i\u1ec7n c\u1ef1c Titan ph\u1ee7 b\u1ea1ch kim nguy\u00ean kh\u1ed1i (\u0110\u1ed9 nguy\u00ean ch\u1ea5t 99,97% theo chu\u1ea9n y t\u1ebf Nh\u1eadt). Kangen SD501 Platinum c\u00f3 ki\u1ec3u d\u00e1ng hi\u1ec7n \u0111\u1ea1i v\u00e0 k\u00edch th\u01b0\u1edbc nh\u1ecf g\u1ecdn ph\u00f9 h\u1ee3p v\u1edbi kh\u00f4ng gian s\u1ed1ng. Thi\u1ebft b\u1ecb n\u00e0y c\u00f3 hi\u1ec7u su\u1ea5t m\u1ea1nh m\u1ebd t\u01b0\u01a1ng t\u1ef1 nh\u01b0 SD501.<\/p>\n<p>Xem th\u00eam:\u00a0<span style=\"color: #0000ff;\"><a style=\"color: #0000ff;\" href=\"https:\/\/dienmayklp.vn\/tim-hieu-su-ra-doi-cua-nuoc-ion-kiem\" rel=\"nofollow noopener\" target=\"_blank\">T\u00ecm hi\u1ec3u s\u1ef1 ra \u0111\u1eddi c\u1ee7a n\u01b0\u1edbc ion ki\u1ec1m<\/a><\/span><\/p>\n<p><b>N\u01b0\u1edbc Kangen (Alkaline ionized water):<\/b><\/p>\n<p>\u2022\u00a0N\u01b0\u1edbc Kangen c\u1ea5p 1 (pH 8.5) n\u01b0\u1edbc u\u1ed1ng cho ng\u01b0\u1eddi m\u1edbi b\u1eaft \u0111\u1ea7u.<\/p>\n<p>\u2022\u00a0N\u01b0\u1edbc Kangen c\u1ea5p 2 (pH 9.0) n\u01b0\u1edbc u\u1ed1ng v\u00e0 n\u1ea5u c\u01a1m<\/p>\n<p>\u2022\u00a0N\u01b0\u1edbc Kangen c\u1ea5p 3 (pH 9.5) n\u01b0\u1edbc u\u1ed1ng, pha tr\u00e0, n\u1ea5u s\u00fap v\u00e0 h\u1ea7m<\/p>\n<p>\u2022\u00a0N\u01b0\u1edbc Kangen m\u1ea1nh (pH 11.5): \u0110\u00e2y l\u00e0 n\u01b0\u1edbc ki\u1ec1m m\u1ea1nh, n\u01b0\u1edbc \u0111\u1ec3 r\u1eeda rau, gi\u00fap lo\u1ea1i b\u1ecf \u0111\u00e1ng k\u1ec3 c\u00e1c ch\u1ea5t \u0111\u1ed9c b\u00e1m tr\u00ean rau c\u1ee7 qu\u1ea3 nh\u01b0 thu\u1ed1c tr\u1eeb s\u00e2u, ch\u1ea5t b\u1ea3o qu\u1ea3n. D\u00f9ng \u0111\u1ec3 lo\u1ea1i b\u1ecf c\u00e1c v\u1ebft d\u1ea7u m\u1ee1 tr\u00ean qu\u1ea7n \u00e1o, \u0111\u1ed3 d\u00f9ng. S\u1eed d\u1ee5ng dung d\u1ecbch t\u0103ng c\u01b0\u1eddng \u0111i\u1ec7n ph\u00e2n \u0111\u1ec3 t\u1ea1o ra n\u01b0\u1edbc n\u00e0y.<\/p>\n<p><b>N\u01b0\u1edbc l\u1ecdc (Purified Water):\u00a0<\/b>\u00a0N\u01b0\u1edbc l\u1ecdc s\u1ea1ch, c\u00f3 \u0111\u1ed9 pH 7.0 \u0111\u1ec3 u\u1ed1ng thu\u1ed1c t\u00e2y, pha s\u1eefa v\u00e0 n\u1ea5u \u0103n cho em b\u00e9.<\/p>\n<p><b>N\u01b0\u1edbc ion axit<\/b>\u00a0(Acidic ionized water):<\/p>\n<p>\u2022\u00a0N\u01b0\u1edbc Beauty (pH 6.0): \u0111\u00e2y l\u00e0 n\u01b0\u1edbc axit y\u00eau \u0111\u1ec3 r\u1eeda m\u1eb7t, gi\u00fap l\u00e0m \u0111\u1eb9p da m\u1eb7t, c\u00e2n b\u1eb1ng pH v\u00e0 se kh\u00edt l\u1ed7 ch\u00e2n l\u00f4ng.<\/p>\n<p>\u2022\u00a0N\u01b0\u1edbc axit m\u1ea1nh (pH 2.5) \u0111\u1ec3 v\u1ec7 sinh, kh\u1eed khu\u1ea9n. S\u1eed d\u1ee5ng dung d\u1ecbch t\u0103ng c\u01b0\u1eddng \u0111i\u1ec7n ph\u00e2n \u0111\u1ec3 t\u1ea1o ra n\u01b0\u1edbc n\u00e0y.<\/p>\n<p>&nbsp;<\/p>\n<h2><span style=\"color: #3366ff;\"><strong><span lang=\"EN-US\">III. L\u00fd Do B\u1ea1n N\u00ean Ch\u1ecdn Mua M\u00e1y Kangen T\u1ea1i C\u00f4ng Ty Kim Long Ph\u00e1t<\/span><\/strong><\/span><\/h2>\n<p>T\u1ea1i\u00a0<span style=\"color: #0000ff;\"><a style=\"color: #0000ff;\" href=\"https:\/\/web.archive.org\/web\/20240621234207\/https:\/\/dienmayklp.vn\/\" rel=\"nofollow noopener\" target=\"_blank\">Kim Long Ph\u00e1t<\/a><\/span>, m\u1ecdi ng\u01b0\u1eddi c\u00f3 th\u1ec3 d\u1ec5 d\u00e0ng l\u1ef1a ch\u1ecdn s\u1ea3n ph\u1ea9m ph\u00f9 h\u1ee3p nh\u1ea5t v\u1edbi nhu c\u1ea7u s\u1eed d\u1ee5ng cho b\u1ea3n th\u00e2n. H\u00e3y \u0111\u1ebfn v\u1edbi h\u1ec7 th\u1ed1ng showroom c\u1ee7a Kim Long Ph\u00e1t v\u00e0 tr\u1ea3i nghi\u1ec7m t\u1ea5t c\u1ea3 c\u00e1c th\u01b0\u01a1ng hi\u1ec7u m\u00e1y \u0111i\u1ec7n gi\u1ea3i hi\u1ec7n nay.<\/p>\n<p>V\u1edbi h\u01a1n 10 n\u0103m kinh nghi\u00eam, \u0111i\u1ec7n m\u00e1y Kim Long Ph\u00e1t lu\u00f4n l\u00e0 \u0111\u01a1n v\u1ecb uy t\u00edn \u0111\u01b0\u1ee3c kh\u00e1ch h\u00e0ng tin t\u01b0\u1edfng. Nh\u01b0ng kh\u00f4ng d\u1eebng l\u1ea1i \u1edf \u0111\u00f3, Kim Long Ph\u00e1t lu\u00f4n lu\u00f4n c\u1ed1 g\u1eafng ph\u1ea5n \u0111\u1ea5u mang nhi\u1ec1u gi\u00e1 tr\u1ecb \u0111\u1ebfn cho kh\u00e1ch h\u00e0ng, \u0111\u1eb7c bi\u1ec7t l\u00e0 mang \u0111\u1ebfn ngu\u1ed3n n\u01b0\u1edbc s\u1ea1ch t\u1ed1t cho s\u1ee9c kh\u1ecfe. Ngo\u00e0i ra\u00a0b\u1ea1n s\u1ebd an t\u00e2m h\u01a1n khi \u0111\u1ebfn v\u1edbi \u0111i\u1ec7n m\u00e1y Kim Long Ph\u00e1t v\u1edbi nhi\u1ec1u \u01b0u \u0111\u00e3i nh\u01b0:<\/p>\n<p>\u2022\u00a0Gi\u00e1 c\u1ea3 c\u1ea1nh tranh tr\u00ean to\u00e0n qu\u1ed1c \u2013 \u0110\u1eb7t l\u1ee3i \u00edch kh\u00e1ch h\u00e0ng l\u00ean h\u00e0ng \u0111\u1ea7u<\/p>\n<p>\u2022\u00a0S\u1ea3n ph\u1ea9m ch\u00ednh h\u00e3ng c\u00f3 \u0111\u1ee7 gi\u1ea5y ch\u1ee9ng nh\u1eadn xu\u1ea5t x\u1ee9 (CO: Certificate of Origin), gi\u1ea5y ch\u1ee9ng nh\u1eadn ch\u1ea5t l\u01b0\u1ee3ng (CQ: Certificate of Quality), h\u00f3a \u0111\u01a1n nh\u1eadp kh\u1ea9u v\u00e0 c\u00e1c ch\u1ee9ng nh\u1eadn t\u1eeb h\u00e3ng.<\/p>\n<p>\u2022\u00a0Ho\u00e0n ti\u1ec1n 300% n\u1ebfu ph\u00e1t hi\u1ec7n h\u00e0ng gi\u1ea3, h\u00e0ng nh\u00e1i, linh ki\u1ec7n d\u1ecfm.<\/p>\n<p>\u2022\u00a0S\u1ea3n ph\u1ea9m ch\u00ednh h\u00e3ng \u2013 L\u1ea5y uy t\u00edn l\u00e0m ph\u01b0\u01a1ng ch\u00e2m ho\u1ea1t \u0111\u1ed9ng<\/p>\n<p>\u2022\u00a0H\u1ed7 tr\u1ee3\u00a0<a href=\"https:\/\/dienmayklp.vn\/quy-trinh-mua-tra-gop-khong-lai-suat-tai-kim-long-phat\" rel=\"nofollow noopener\" target=\"_blank\"><span style=\"color: #3366ff;\">tr\u1ea3 g\u00f3p 0%<\/span>\u00a0<\/a>&#8211; X\u00e9t duy\u1ec7t nhanh ch\u00f3ng, b\u1ea3o m\u1eadt<\/p>\n<p>\u2022\u00a0Giao h\u00e0ng mi\u1ec5n ph\u00ed trong n\u1ed9i th\u00e0nh \u2013 L\u1eafp \u0111\u1eb7t v\u00e0 thi\u1ebft k\u1ebf chuy\u00ean nghi\u1ec7p<\/p>\n<p>\u2022\u00a0\u0110\u1ed9i ng\u0169 CSKH v\u00e0 k\u1ef9 thu\u1eadt gi\u00e0u kinh nghi\u1ec7m.<\/p>\n<p>\u2022\u00a0\u0110\u1eb7c bi\u1ec7t: Thay l\u00f5i l\u1ecdc l\u1ea7n \u0111\u1ea7u\u00a0MI\u1ec4N PH\u00cd (mi\u1ec5n ph\u00ed nh\u00e2n c\u00f4ng) \u0111\u1ed1i v\u1edbi kh\u00e1ch h\u00e0ng c\u1ee7a Kim Long Ph\u00e1t.<\/p>\n<p>&nbsp;<\/p>\n<p>&nbsp;<\/p>\n<h2 style=\"text-align: center;\" data-toc-anchor=\"Gi\u1ea5y_ch\u1ee9ng_nh\u1eadn_ch\u1ea5t_l\u01b0\u1ee3ng_n\u01b0\u1edbc_Kangen_\"><span style=\"color: #3366ff;\">Gi\u1ea5y ch\u1ee9ng nh\u1eadn ch\u1ea5t l\u01b0\u1ee3ng n\u01b0\u1edbc\u00a0<a style=\"color: #3366ff;\" href=\"https:\/\/dienmayklp.vn\/kangen\" rel=\"nofollow noopener\" target=\"_blank\">Kangen<\/a><\/span><\/h2>\n<h2 style=\"text-align: center;\" data-toc-anchor=\"(m\u1eb7t_tr\u01b0\u1edbc)\"><span style=\"color: #3366ff;\">(m\u1eb7t tr\u01b0\u1edbc)<\/span><\/h2>\n<p><img loading=\"lazy\" decoding=\"async\" class=\"size-medium wp-image-1858\" src=\"https:\/\/dienmayklp.vn\/wp-content\/uploads\/2025\/03\/chung-nhan-san-xuat-thiet-bi-y-te-enagic-sx-may-kangen-chung-nhan-dienmayklp-vn-309x400.jpg\" alt=\"\" width=\"309\" height=\"400\" srcset=\"https:\/\/songxanhwater.com\/wp-content\/uploads\/2025\/03\/chung-nhan-san-xuat-thiet-bi-y-te-enagic-sx-may-kangen-chung-nhan-dienmayklp-vn-309x400.jpg 309w, https:\/\/songxanhwater.com\/wp-content\/uploads\/2025\/03\/chung-nhan-san-xuat-thiet-bi-y-te-enagic-sx-may-kangen-chung-nhan-dienmayklp-vn-618x800.jpg 618w, https:\/\/songxanhwater.com\/wp-content\/uploads\/2025\/03\/chung-nhan-san-xuat-thiet-bi-y-te-enagic-sx-may-kangen-chung-nhan-dienmayklp-vn-768x994.jpg 768w, https:\/\/songxanhwater.com\/wp-content\/uploads\/2025\/03\/chung-nhan-san-xuat-thiet-bi-y-te-enagic-sx-may-kangen-chung-nhan-dienmayklp-vn-600x776.jpg 600w, https:\/\/songxanhwater.com\/wp-content\/uploads\/2025\/03\/chung-nhan-san-xuat-thiet-bi-y-te-enagic-sx-may-kangen-chung-nhan-dienmayklp-vn.jpg 773w\" sizes=\"auto, (max-width: 309px) 100vw, 309px\" \/><\/p>\n<p>&nbsp;<\/p>\n<p>&nbsp;<\/p>\n<h2 style=\"text-align: center;\" data-toc-anchor=\"Gi\u1ea5y_ch\u1ee9ng_nh\u1eadn_ch\u1ea5t_l\u01b0\u1ee3ng_n\u01b0\u1edbc_Kangen_\"><span style=\"color: #3366ff;\">Gi\u1ea5y ch\u1ee9ng nh\u1eadn ch\u1ea5t l\u01b0\u1ee3ng n\u01b0\u1edbc Kangen<\/span><\/h2>\n<h2 style=\"text-align: center;\" data-toc-anchor=\"(m\u1eb7t_sau)\"><span style=\"color: #3366ff;\">(m\u1eb7t sau)<\/span><\/h2>\n<p><img loading=\"lazy\" decoding=\"async\" class=\"size-medium wp-image-1857 aligncenter\" src=\"https:\/\/dienmayklp.vn\/wp-content\/uploads\/2025\/03\/dang-ki-nuoc-kangen-mat-sau-chung-nhan-dienmayklp-vn-309x400.jpg\" alt=\"\" width=\"309\" height=\"400\" srcset=\"https:\/\/songxanhwater.com\/wp-content\/uploads\/2025\/03\/dang-ki-nuoc-kangen-mat-sau-chung-nhan-dienmayklp-vn-309x400.jpg 309w, https:\/\/songxanhwater.com\/wp-content\/uploads\/2025\/03\/dang-ki-nuoc-kangen-mat-sau-chung-nhan-dienmayklp-vn-618x800.jpg 618w, https:\/\/songxanhwater.com\/wp-content\/uploads\/2025\/03\/dang-ki-nuoc-kangen-mat-sau-chung-nhan-dienmayklp-vn-768x994.jpg 768w, https:\/\/songxanhwater.com\/wp-content\/uploads\/2025\/03\/dang-ki-nuoc-kangen-mat-sau-chung-nhan-dienmayklp-vn-600x776.jpg 600w, https:\/\/songxanhwater.com\/wp-content\/uploads\/2025\/03\/dang-ki-nuoc-kangen-mat-sau-chung-nhan-dienmayklp-vn.jpg 773w\" sizes=\"auto, (max-width: 309px) 100vw, 309px\" \/><\/p>\n<p>Xem th\u00eam: [<span style=\"color: #ff0000;\"><strong><a style=\"color: #ff0000;\" href=\"https:\/\/dienmayklp.vn\/chung-nhan-chat-luong-y-te-kangen-enagic\" rel=\"nofollow noopener\" target=\"_blank\">T\u1ea1i \u0111\u00e2y<\/a><\/strong><\/span>]\n<h2><span style=\"color: #3366ff;\">+ Ch\u1ee9ng nh\u1eadn s\u1ea3n xu\u1ea5t thi\u1ebft b\u1ecb y\u00a0t\u1ebf Enagic<\/span><\/h2>\n<h2 data-toc-anchor=\"Ch\u1ee9ng_nh\u1eadn_con_d\u1ea5u_v\u00e0ng_Enagic_t\u1ea1i_USA\"><span style=\"color: #3366ff;\">+ Ch\u1ee9ng nh\u1eadn con d\u1ea5u v\u00e0ng Enagic t\u1ea1i USA<\/span><\/h2>\n<h2 data-toc-anchor=\"Ch\u1ee9ng_nh\u1eadn_h\u1ec7_th\u1ed1ng_qu\u1ea3n_l\u00fd_ISO_9001_c\u1ee7a_Enagic\"><span style=\"color: #3366ff;\">+ Ch\u1ee9ng nh\u1eadn h\u1ec7 th\u1ed1ng qu\u1ea3n l\u00fd ISO 9001 c\u1ee7a Enagic<\/span><\/h2>\n<h2 data-toc-anchor=\"Ch\u1ee9ng_nh\u1eadn_h\u1ec7_th\u1ed1ng_qu\u1ea3n_l\u00fd_ISO_13485:2016_c\u1ee7a_Enagic_\"><span style=\"color: #3366ff;\">+ Ch\u1ee9ng nh\u1eadn h\u1ec7 th\u1ed1ng qu\u1ea3n l\u00fd ISO 13485:2016\u00a0c\u1ee7a Enagic<\/span><\/h2>\n<h2 data-toc-anchor=\"Ch\u1ee9ng_nh\u1eadn_h\u1ec7_th\u1ed1ng_qu\u1ea3n_l\u00fd_ISO_14001:2015_c\u1ee7a_Enagic_\"><span style=\"color: #3366ff;\">+ Ch\u1ee9ng nh\u1eadn h\u1ec7 th\u1ed1ng qu\u1ea3n l\u00fd ISO 14001:2015\u00a0c\u1ee7a Enagic<\/span><\/h2>\n<p>&nbsp;<\/p>\n<p><i>M\u1ecdi th\u00f4ng tin chi ti\u1ebft xin li\u00ean h\u1ec7:<\/i><\/p>\n<p><span style=\"color: #00aae7;\"><strong><i>C\u00d4NG TY C\u1ed4 PH\u1ea6N TH\u01af\u01a0NG M\u1ea0I V\u00c0 X\u00c2Y D\u1ef0NG KIM LONG PH\u00c1T<\/i><\/strong><\/span><\/p>\n<p><em><strong>Showroom 1<\/strong>:<\/em>\u00a0228 \u0110\u01b0\u1eddng III, KDC Khang \u0110i\u1ec1n, Ph\u01b0\u1eddng Ph\u01b0\u1edbc Long B, TP. Th\u1ee7 \u0110\u1ee9c, TP. H\u1ed3 Ch\u00ed Minh<\/p>\n<p><em><strong>Showroom 2<\/strong>:<\/em>\u00a0T\u00f2a S1.01 \u2013 05.01. Shophouse S01 \u2013 Vinhomes Grand Park \u2013 200 Nguy\u1ec5n Xi\u1ec3n, Ph\u01b0\u1eddng Long Th\u1ea1nh M\u1ef9, TP. Th\u1ee7 \u0110\u1ee9c, TP. H\u1ed3 Ch\u00ed Minh<\/p>\n<p><em><strong>Showroom 3<\/strong>:<\/em>\u00a098 Ng\u00f5 24 Kim \u0110\u1ed3ng, Thanh Xu\u00e2n, H\u00e0 N\u1ed9i<\/p>\n<p><em><strong>Showroom 4<\/strong>:<\/em>\u00a0S\u1ed1 nh\u00e0 99, T\u00e2y S\u01a1n, Ph\u01b0\u1eddng T\u00e2n Th\u00e0nh, TP. Bu\u00f4n Ma Thu\u1ed9c, \u0110\u1eafk L\u1eafk<\/p>\n<p><strong><em>Showroom 5<\/em><\/strong><em>:<\/em>\u00a0128 \u2013 142 L\u00ea H\u1ed3ng Phong, Ph\u01b0\u1eddng L\u00ea L\u1ee3i, TP. Quy Nh\u01a1n, B\u00ecnh \u0110\u1ecbnh<\/p>\n<p><em><strong>Hotline t\u01b0\u00a0v\u1ea5n<\/strong>:<\/em>\u00a0<span style=\"color: #ff0000;\"><a style=\"color: #ff0000;\" href=\"tel:028%202253%205834\"><strong>028 2253 5834<\/strong><\/a><\/span><\/p>\n<p><em><strong>\u0110\u1eb7t h\u00e0ng tr\u1ef1c tuy\u1ebfn<\/strong>:<\/em>\u00a0<span style=\"color: #ff0000;\"><a style=\"color: #ff0000;\" href=\"tel:0888%20214%20839\"><strong>0888 214 839<\/strong><\/a><\/span><\/p>\n<p><em><strong>Email<\/strong>:<\/em>\u00a0<span style=\"color: #00aae7;\"><a style=\"color: #00aae7;\" href=\"mailto:cskh@kimlongphat.vn\">cskh@kimlongphat.vn<\/a><\/span><\/p>\n<p><strong>Website<\/strong>:\u00a0<span style=\"color: #00aae7;\"><a style=\"color: #00aae7;\" href=\"https:\/\/dienmayklp.vn\/\" rel=\"nofollow noopener\" target=\"_blank\">dienmayklp.vn<\/a><\/span><\/p>\n","protected":false},"excerpt":{"rendered":"<p><strong>S\u1ed1 t\u1ea5m l\u00e1 \u0111i\u1ec7n c\u1ef1c:<\/strong>\u00a07\u00a0T\u1ea5m \u0111i\u1ec7n c\u1ef1c<\/p>\n<p><strong>S\u1ed1 lo\u1ea1i n\u01b0\u1edbc:\u00a0\u00a0<\/strong>7\u00a0lo\u1ea1i n\u01b0\u1edbc<\/p>\n<p>S\u1ea3n ph\u1ea9m c\u00f3 \u0111\u1ea7y \u0111\u1ee7 gi\u1ea5y t\u1edd CO, CQ, h\u00f3a \u0111\u01a1n nh\u1eadp kh\u1ea9u v\u00e0 c\u00e1c ch\u1ee9ng nh\u1eadn c\u1ee7a h\u00e3ng<\/p>\n<p>Giao h\u00e0ng mi\u1ec5n ph\u00ed trong n\u1ed9i th\u00e0nh<\/p>\n<p>B\u1ea3o h\u00e0nh ch\u00ednh h\u00e3ng, tr\u1ea3 g\u00f3p 0%<\/p>\n<p>G\u1ecdi ngay\u00a0<strong>1900 571 230\u00a0<\/strong>\u0111\u1ec3 \u0111\u01b0\u1ee3c t\u01b0 v\u1ea5n.<\/p>\n","protected":false},"featured_media":652,"comment_status":"open","ping_status":"closed","template":"","meta":{"_acf_changed":false},"product_brand":[90],"product_cat":[77],"product_tag":[],"class_list":{"0":"post-650","1":"product","2":"type-product","3":"status-publish","4":"has-post-thumbnail","6":"product_brand-kangen-enagic","7":"product_cat-may-tao-nuoc-ion-kiem","9":"first","10":"instock","11":"taxable","12":"shipping-taxable","13":"purchasable","14":"product-type-simple"},"acf":[],"_links":{"self":[{"href":"https:\/\/songxanhwater.com\/index.php?rest_route=\/wp\/v2\/product\/650","targetHints":{"allow":["GET"]}}],"collection":[{"href":"https:\/\/songxanhwater.com\/index.php?rest_route=\/wp\/v2\/product"}],"about":[{"href":"https:\/\/songxanhwater.com\/index.php?rest_route=\/wp\/v2\/types\/product"}],"replies":[{"embeddable":true,"href":"https:\/\/songxanhwater.com\/index.php?rest_route=%2Fwp%2Fv2%2Fcomments&post=650"}],"wp:featuredmedia":[{"embeddable":true,"href":"https:\/\/songxanhwater.com\/index.php?rest_route=\/wp\/v2\/media\/652"}],"wp:attachment":[{"href":"https:\/\/songxanhwater.com\/index.php?rest_route=%2Fwp%2Fv2%2Fmedia&parent=650"}],"wp:term":[{"taxonomy":"product_brand","embeddable":true,"href":"https:\/\/songxanhwater.com\/index.php?rest_route=%2Fwp%2Fv2%2Fproduct_brand&post=650"},{"taxonomy":"product_cat","embeddable":true,"href":"https:\/\/songxanhwater.com\/index.php?rest_route=%2Fwp%2Fv2%2Fproduct_cat&post=650"},{"taxonomy":"product_tag","embeddable":true,"href":"https:\/\/songxanhwater.com\/index.php?rest_route=%2Fwp%2Fv2%2Fproduct_tag&post=650"}],"curies":[{"name":"wp","href":"https:\/\/api.w.org\/{rel}","templated":true}]}}