{"id":644,"date":"2025-03-28T14:39:42","date_gmt":"2025-03-28T14:39:42","guid":{"rendered":"https:\/\/dienmayklp.vn\/?post_type=product&#038;p=644"},"modified":"2025-05-24T14:10:38","modified_gmt":"2025-05-24T14:10:38","slug":"may-loc-nuoc-ion-kiem-kangen-leveluk-jrii","status":"publish","type":"product","link":"https:\/\/songxanhwater.com\/?product=may-loc-nuoc-ion-kiem-kangen-leveluk-jrii","title":{"rendered":"M\u00e1y L\u1ecdc N\u01b0\u1edbc Ion Ki\u1ec1m Kangen LeveLuk JRII"},"content":{"rendered":"<table border=\"0\" cellspacing=\"0\" cellpadding=\"0\" align=\"center\">\n<tbody>\n<tr>\n<td colspan=\"2\"><strong>T\u1ea5m \u0111i\u1ec7n c\u1ef1c\u00a0<\/strong><strong>\u00a0 \u00a0 \u00a0\u00a0<\/strong><\/td>\n<\/tr>\n<tr>\n<td><strong>\u0110i\u1ec7n c\u1ef1c<\/strong><\/td>\n<td>3 t\u1ea5m<\/td>\n<\/tr>\n<tr>\n<td><strong>C\u1ea5u t\u1ea1o\u00a0<\/strong><\/td>\n<td>Nguy\u00ean kh\u1ed1i<\/p>\n<p>Titan ph\u1ee7 platinum 99.97% nguy\u00ean ch\u1ea5t theo chu\u1ea9n y t\u1ebf Nh\u1eadt<\/td>\n<\/tr>\n<tr>\n<td><strong>K\u00edch th\u01b0\u1edbc<\/strong><\/td>\n<td>135 x 75 (mm)<\/td>\n<\/tr>\n<tr>\n<td><strong>Tu\u1ed5i th\u1ecd\u00a0<\/strong><\/td>\n<td>Tr\u00ean 25 n\u0103m\u00a0<em>(t\u00f9y thu\u1ed9c v\u00e0o ch\u1ebf \u0111\u1ed9 Deep Cleaning)<\/em><\/td>\n<\/tr>\n<tr>\n<td colspan=\"2\"><strong>N\u01b0\u1edbc \u0111\u1ea7u ra<\/strong><\/td>\n<\/tr>\n<tr>\n<td><strong>\u0110\u1ed9 ch\u1ed1ng oxi h\u00f3a\u00a0<\/strong><\/td>\n<td>(-ORP) kho\u1ea3ng\u00a0-450 mV (T\u00f9y ch\u1ea5t l\u01b0\u1ee3ng n\u01b0\u1edbc \u0111\u1ea7u v\u00e0o v\u00e0 t\u1ed1c \u0111\u1ed9 d\u00f2ng ch\u1ea3y)<\/td>\n<\/tr>\n<tr>\n<td><strong>\u0110\u1ed9 pH\u00a0<\/strong><\/td>\n<td>2.5 \u2013 11.5<\/td>\n<\/tr>\n<tr>\n<td><strong>S\u1ed1 lo\u1ea1i n\u01b0\u1edbc\u00a0<\/strong><\/td>\n<td>5 lo\u1ea1i n\u01b0\u1edbc (7 c\u1ea5p \u0111\u1ed9)<\/td>\n<\/tr>\n<tr>\n<td><strong>C\u00f4ng su\u1ea5t n\u01b0\u1edbc\u00a0<\/strong><\/td>\n<td>* N\u01b0\u1edbc u\u1ed1ng Kangen\/ Trung T\u00ednh: 3.0\u00a0\u2013 4.9\u00a0l\u00edt\/ph\u00fat<br \/>\n*\u00a0N\u01b0\u1edbc l\u00e0m \u0111\u1eb9p: 0.2\u00a0\u2013 1.9\u00a0l\u00edt\/ph\u00fat<\/td>\n<\/tr>\n<tr>\n<td colspan=\"2\"><strong>N\u01b0\u1edbc \u0111\u1ea7u v\u00e0o<\/strong><\/td>\n<\/tr>\n<tr>\n<td><strong>Ti\u00eau chu\u1ea9n chung\u00a0 \u00a0<\/strong><\/td>\n<td>Ngu\u1ed3n n\u01b0\u1edbc m\u00e1y (n\u01b0\u1edbc th\u1ee7y c\u1ee5c) . N\u1ebfu n\u01b0\u1edbc m\u00e1y t\u1ea1i \u0111\u1ecba ph\u01b0\u01a1ng g\u1eb7p c\u00e1c v\u1ea5n \u0111\u1ec1 nh\u01b0 d\u01b0 Clo, nhi\u1ec5m khu\u1ea9n, nhi\u1ec5m \u0111\u1ed9c, hi\u1ec7n t\u01b0\u1ee3ng n\u01b0\u1edbc c\u1ee9ng th\u00ec ph\u1ea3i c\u00f3 b\u1ed9 ti\u1ec1n x\u1eed l\u00fd n\u01b0\u1edbc ph\u00f9 h\u1ee3p.\u00a0N\u1ebfu l\u00e0 n\u01b0\u1edbc gi\u1ebfng th\u00ec c\u0169ng ph\u1ea3i c\u00f3 b\u1ed9 ti\u1ec1n x\u1eed l\u00fd \u0111\u1eb7c bi\u1ec7t v\u00e0 h\u1ec7 th\u1ed1ng m\u00e1y b\u01a1m ph\u00f9 h\u1ee3p.<\/td>\n<\/tr>\n<tr>\n<td colspan=\"2\"><strong>L\u00f5i l\u1ecdc trong<\/strong><\/td>\n<\/tr>\n<tr>\n<td><strong>S\u1ed1 l\u00f5i<\/strong><\/td>\n<td>1<\/td>\n<\/tr>\n<tr>\n<td><strong>S\u1ed1 t\u1ea7ng l\u1ecdc<\/strong><\/td>\n<td>3 t\u1ea7ng: Canxi Sunfit, H\u1ea1t Carbon ho\u1ea1t t\u00ednh di\u1ec7t vi khu\u1ea9n v\u00e0 L\u1ecdc c\u01a1 h\u1ecdc<\/td>\n<\/tr>\n<tr>\n<td><strong>Tu\u1ed5i th\u1ecd<\/strong><\/td>\n<td>6,000 l\u00edt\u00a0(t\u00f9y v\u00e0o ch\u1ea5t l\u01b0\u1ee3ng n\u01b0\u1edbc \u0111\u1ea7u v\u00e0o). M\u00e1y s\u1ebd t\u1ef1 \u0111\u1ed9ng th\u00f4ng b\u00e1o khi c\u1ea7n thay l\u00f5i l\u1ecdc.<\/td>\n<\/tr>\n<tr>\n<td colspan=\"2\"><strong>Ch\u1ebf \u0111\u1ed9 v\u1eadn h\u00e0nh<\/strong><\/td>\n<\/tr>\n<tr>\n<td><strong>M\u00e0n h\u00ecnh\u00a0<\/strong><\/td>\n<td>LCD<\/td>\n<\/tr>\n<tr>\n<td><strong>\u0110i\u1ec1u khi\u1ec3n<\/strong><\/td>\n<td>N\u00fat b\u1ea5m c\u01a1 h\u1ecdc<\/td>\n<\/tr>\n<tr>\n<td><strong>Th\u00f4ng b\u00e1o<\/strong><\/td>\n<td>H\u01b0\u1edbng d\u1eabn b\u1eb1ng gi\u1ecdng n\u00f3i, \u00e2m thanh c\u1ea3nh b\u00e1o \u201cti\u1ebfng b\u00edp\u201d v\u00e0 \u0111\u00e8n t\u00edn hi\u1ec7u.<\/td>\n<\/tr>\n<tr>\n<td><strong>Ng\u00f4n ng\u1eef<\/strong><\/td>\n<td>Ti\u1ebfng Anh<\/td>\n<\/tr>\n<tr>\n<td colspan=\"2\"><b>V\u1ec7 sinh<\/b><\/td>\n<\/tr>\n<tr>\n<td><strong>E-Cleaning<\/strong><\/td>\n<td>V\u1ec7 sinh th\u00f4ng minh t\u1ef1 \u0111\u1ed9ng sau m\u1ed7i 20 lit n\u01b0\u1edbc, c\u00f3 th\u00f4ng b\u00e1o.<\/td>\n<\/tr>\n<tr>\n<td><strong>Deep Cleaning<\/strong><\/td>\n<td>1 n\u0103m l\u00e0m t\u1ed1i thi\u1ec3u 1 l\u1ea7n<\/td>\n<\/tr>\n<tr>\n<td colspan=\"2\"><b>Thi\u1ebft k\u1ebf &amp; tr\u1ecdng l\u01b0\u1ee3ng<\/b><\/td>\n<\/tr>\n<tr>\n<td><strong>Ch\u1ea5t li\u1ec7u v\u1ecf<\/strong><\/td>\n<td>Nh\u1ef1a cao c\u1ea5p, chu\u1ea9n y t\u1ebf<\/p>\n<p>M\u1eb7t tr\u01b0\u1edbc ph\u1ee7 k\u00ednh c\u01b0\u1eddng l\u1ef1c<\/td>\n<\/tr>\n<tr>\n<td><strong>Tr\u1ecdng l\u01b0\u1ee3ng<\/strong><\/td>\n<td>5.8 kg<\/td>\n<\/tr>\n<tr>\n<td colspan=\"2\"><b>\u0110i\u1ec7n n\u0103ng<\/b><\/td>\n<\/tr>\n<tr>\n<td><strong>C\u00f4ng su\u1ea5t<\/strong><\/td>\n<td>120W (C\u00f4ng su\u1ea5t t\u1ed1i \u0111a khi \u0111i\u1ec7n gi\u1ea3i \u0111\u1ec3 t\u1ea1o n\u01b0\u1edbc)<\/td>\n<\/tr>\n<tr>\n<td colspan=\"2\"><strong>Xu\u1ea5t x\u1ee9<\/strong><\/td>\n<\/tr>\n<tr>\n<td><strong>S\u1ea3n xu\u1ea5t v\u00e0 l\u1eafp r\u00e1p<\/strong><\/td>\n<td>t\u1ea1i Nh\u1eadt B\u1ea3n<\/td>\n<\/tr>\n<tr>\n<td colspan=\"2\"><b>B\u1ea3o h\u00e0nh, b\u1ea3o d\u01b0\u1ee1ng<\/b><\/td>\n<\/tr>\n<tr>\n<td><strong>B\u1ea3o h\u00e0nh<\/strong><\/td>\n<td>3 n\u0103m, to\u00e0n b\u1ed9 m\u00e1y (kh\u00f4ng bao g\u1ed3m l\u00f5i l\u1ecdc trong)<\/td>\n<\/tr>\n<tr>\n<td><strong>B\u1ea3o d\u01b0\u1ee1ng<\/strong><\/td>\n<td>Ki\u1ec3m tra ch\u1ea5t l\u01b0\u1ee3ng v\u00e0 b\u1ea3o d\u01b0\u1ee1ng \u0111\u1ecbnh k\u1ef3 theo nhu c\u1ea7u c\u1ee7a kh\u00e1ch h\u00e0ng<\/td>\n<\/tr>\n<\/tbody>\n<\/table>\n<h2 data-toc-anchor=\"Gi\u1ea5y_ch\u1ee9ng_nh\u1eadn_ch\u1ea5t_l\u01b0\u1ee3ng_n\u01b0\u1edbc_Kangen_\">Gi\u1ea5y ch\u1ee9ng nh\u1eadn ch\u1ea5t l\u01b0\u1ee3ng n\u01b0\u1edbc\u00a0<span style=\"color: #3366ff;\"><a style=\"color: #3366ff;\" href=\"https:\/\/kimlongphat.vn\/san-pham\/may-loc-nuoc-ion-kiem-kangen-leveluk-jrii\/\" rel=\"nofollow noopener\" target=\"_blank\">Kangen<\/a><\/span><\/h2>\n<p><img loading=\"lazy\" decoding=\"async\" class=\"size-medium wp-image-1847 aligncenter\" src=\"https:\/\/dienmayklp.vn\/wp-content\/uploads\/2025\/03\/may-loc-nuoc-ion-kiem-kangen-leveluk-jrii-kim-long-phat-vn-309x400.webp\" alt=\"\" width=\"309\" height=\"400\" srcset=\"https:\/\/songxanhwater.com\/wp-content\/uploads\/2025\/03\/may-loc-nuoc-ion-kiem-kangen-leveluk-jrii-kim-long-phat-vn-309x400.webp 309w, https:\/\/songxanhwater.com\/wp-content\/uploads\/2025\/03\/may-loc-nuoc-ion-kiem-kangen-leveluk-jrii-kim-long-phat-vn-618x800.webp 618w, https:\/\/songxanhwater.com\/wp-content\/uploads\/2025\/03\/may-loc-nuoc-ion-kiem-kangen-leveluk-jrii-kim-long-phat-vn-768x994.webp 768w, https:\/\/songxanhwater.com\/wp-content\/uploads\/2025\/03\/may-loc-nuoc-ion-kiem-kangen-leveluk-jrii-kim-long-phat-vn-600x776.webp 600w, https:\/\/songxanhwater.com\/wp-content\/uploads\/2025\/03\/may-loc-nuoc-ion-kiem-kangen-leveluk-jrii-kim-long-phat-vn.webp 773w\" sizes=\"auto, (max-width: 309px) 100vw, 309px\" \/><\/p>\n<p style=\"text-align: center;\">(m\u1eb7t tr\u01b0\u1edbc)<\/p>\n<p>&nbsp;<\/p>\n<h2 data-toc-anchor=\"Gi\u1ea5y_ch\u1ee9ng_nh\u1eadn_ch\u1ea5t_l\u01b0\u1ee3ng_n\u01b0\u1edbc_Kangen_\">Gi\u1ea5y ch\u1ee9ng nh\u1eadn ch\u1ea5t l\u01b0\u1ee3ng n\u01b0\u1edbc\u00a0<span style=\"color: #3366ff;\"><a style=\"color: #3366ff;\" href=\"https:\/\/kimlongphat.vn\/san-pham\/may-loc-nuoc-ion-kiem-kangen-leveluk-jrii\/\" rel=\"nofollow noopener\" target=\"_blank\">Kangen<\/a><\/span><\/h2>\n<p><img loading=\"lazy\" decoding=\"async\" class=\"size-medium wp-image-1846 aligncenter\" src=\"https:\/\/dienmayklp.vn\/wp-content\/uploads\/2025\/03\/may-loc-nuoc-ion-kiem-kangen-leveluk-jrii-kim-long-phat-vn-1-309x400.webp\" alt=\"\" width=\"309\" height=\"400\" srcset=\"https:\/\/songxanhwater.com\/wp-content\/uploads\/2025\/03\/may-loc-nuoc-ion-kiem-kangen-leveluk-jrii-kim-long-phat-vn-1-309x400.webp 309w, https:\/\/songxanhwater.com\/wp-content\/uploads\/2025\/03\/may-loc-nuoc-ion-kiem-kangen-leveluk-jrii-kim-long-phat-vn-1-618x800.webp 618w, https:\/\/songxanhwater.com\/wp-content\/uploads\/2025\/03\/may-loc-nuoc-ion-kiem-kangen-leveluk-jrii-kim-long-phat-vn-1-768x994.webp 768w, https:\/\/songxanhwater.com\/wp-content\/uploads\/2025\/03\/may-loc-nuoc-ion-kiem-kangen-leveluk-jrii-kim-long-phat-vn-1-600x776.webp 600w, https:\/\/songxanhwater.com\/wp-content\/uploads\/2025\/03\/may-loc-nuoc-ion-kiem-kangen-leveluk-jrii-kim-long-phat-vn-1.webp 773w\" sizes=\"auto, (max-width: 309px) 100vw, 309px\" \/><\/p>\n<p style=\"text-align: center;\">(m\u1eb7t sau)<\/p>\n<p>Xem th\u00eam: [<strong>T\u1ea1i \u0111\u00e2y<\/strong>]\n<p>+ Ch\u1ee9ng nh\u1eadn s\u1ea3n xu\u1ea5t thi\u1ebft b\u1ecb y\u00a0t\u1ebf Enagic<\/p>\n<p data-toc-anchor=\"Ch\u1ee9ng_nh\u1eadn_con_d\u1ea5u_v\u00e0ng_Enagic_t\u1ea1i_USA\">+ Ch\u1ee9ng nh\u1eadn con d\u1ea5u v\u00e0ng Enagic t\u1ea1i USA<\/p>\n<p data-toc-anchor=\"Ch\u1ee9ng_nh\u1eadn_h\u1ec7_th\u1ed1ng_qu\u1ea3n_l\u00fd_ISO_9001_c\u1ee7a_Enagic\">+ Ch\u1ee9ng nh\u1eadn h\u1ec7 th\u1ed1ng qu\u1ea3n l\u00fd ISO 9001 c\u1ee7a Enagic<\/p>\n<p data-toc-anchor=\"Ch\u1ee9ng_nh\u1eadn_h\u1ec7_th\u1ed1ng_qu\u1ea3n_l\u00fd_ISO_13485:2016_c\u1ee7a_Enagic_\">+ Ch\u1ee9ng nh\u1eadn h\u1ec7 th\u1ed1ng qu\u1ea3n l\u00fd ISO 13485:2016\u00a0c\u1ee7a Enagic<\/p>\n<p data-toc-anchor=\"Ch\u1ee9ng_nh\u1eadn_h\u1ec7_th\u1ed1ng_qu\u1ea3n_l\u00fd_ISO_14001:2015_c\u1ee7a_Enagic_\">+ Ch\u1ee9ng nh\u1eadn h\u1ec7 th\u1ed1ng qu\u1ea3n l\u00fd ISO 14001:2015\u00a0c\u1ee7a Enagic<\/p>\n","protected":false},"excerpt":{"rendered":"<p>T\u1ea5m \u0111i\u1ec7n c\u1ef1c\u00a0\u00a0 \u00a0 \u00a0\u00a0 \u0110i\u1ec7n c\u1ef1c 3 t\u1ea5m C\u1ea5u t\u1ea1o\u00a0 Nguy\u00ean kh\u1ed1i Titan ph\u1ee7 platinum 99.97% nguy\u00ean ch\u1ea5t theo chu\u1ea9n y t\u1ebf Nh\u1eadt K\u00edch th\u01b0\u1edbc 135 x 75 (mm) Tu\u1ed5i th\u1ecd\u00a0 Tr\u00ean 25 n\u0103m\u00a0(t\u00f9y thu\u1ed9c v\u00e0o ch\u1ebf \u0111\u1ed9 Deep Cleaning) N\u01b0\u1edbc \u0111\u1ea7u ra \u0110\u1ed9 ch\u1ed1ng oxi h\u00f3a\u00a0 (-ORP) kho\u1ea3ng\u00a0-450 mV (T\u00f9y ch\u1ea5t l\u01b0\u1ee3ng n\u01b0\u1edbc [&#8230;]\n","protected":false},"featured_media":645,"comment_status":"open","ping_status":"closed","template":"","meta":{"_acf_changed":false},"product_brand":[90],"product_cat":[77],"product_tag":[],"class_list":{"0":"post-644","1":"product","2":"type-product","3":"status-publish","4":"has-post-thumbnail","6":"product_brand-kangen-enagic","7":"product_cat-may-tao-nuoc-ion-kiem","9":"first","10":"instock","11":"taxable","12":"shipping-taxable","13":"purchasable","14":"product-type-simple"},"acf":[],"_links":{"self":[{"href":"https:\/\/songxanhwater.com\/index.php?rest_route=\/wp\/v2\/product\/644","targetHints":{"allow":["GET"]}}],"collection":[{"href":"https:\/\/songxanhwater.com\/index.php?rest_route=\/wp\/v2\/product"}],"about":[{"href":"https:\/\/songxanhwater.com\/index.php?rest_route=\/wp\/v2\/types\/product"}],"replies":[{"embeddable":true,"href":"https:\/\/songxanhwater.com\/index.php?rest_route=%2Fwp%2Fv2%2Fcomments&post=644"}],"wp:featuredmedia":[{"embeddable":true,"href":"https:\/\/songxanhwater.com\/index.php?rest_route=\/wp\/v2\/media\/645"}],"wp:attachment":[{"href":"https:\/\/songxanhwater.com\/index.php?rest_route=%2Fwp%2Fv2%2Fmedia&parent=644"}],"wp:term":[{"taxonomy":"product_brand","embeddable":true,"href":"https:\/\/songxanhwater.com\/index.php?rest_route=%2Fwp%2Fv2%2Fproduct_brand&post=644"},{"taxonomy":"product_cat","embeddable":true,"href":"https:\/\/songxanhwater.com\/index.php?rest_route=%2Fwp%2Fv2%2Fproduct_cat&post=644"},{"taxonomy":"product_tag","embeddable":true,"href":"https:\/\/songxanhwater.com\/index.php?rest_route=%2Fwp%2Fv2%2Fproduct_tag&post=644"}],"curies":[{"name":"wp","href":"https:\/\/api.w.org\/{rel}","templated":true}]}}