{"id":461,"date":"2025-03-28T10:13:12","date_gmt":"2025-03-28T10:13:12","guid":{"rendered":"https:\/\/dienmayklp.vn\/?post_type=product&#038;p=461"},"modified":"2025-03-29T14:41:43","modified_gmt":"2025-03-29T14:41:43","slug":"cho-thue-may-lam-mat-cao-cap-daikio-dka-05000a","status":"publish","type":"product","link":"https:\/\/songxanhwater.com\/?product=cho-thue-may-lam-mat-cao-cap-daikio-dka-05000a","title":{"rendered":"Cho Thu\u00ea M\u00e1y L\u00e0m M\u00e1t Cao C\u1ea5p Daikio DKA-05000A"},"content":{"rendered":"<p>Th\u1eddi ti\u1ebft t\u1ea1i Tp. H\u1ed3 Ch\u00ed Minh \u0111ang b\u01b0\u1edbc v\u00e0o giai \u0111o\u1ea1n n\u00f3ng, v\u1edbi kh\u00ed h\u1eadu kh\u00f4 r\u00e1p nh\u01b0 hi\u1ec7n nay, s\u1ebd l\u00e0m ch\u00fang ta c\u1ea3m th\u1ea5y \u0111\u1ed5 m\u1ed3 h\u00f4i, kh\u00f3 ch\u1ecbu, n\u00f3ng gi\u1eadn. B\u1ea1n c\u1ea7n m\u1ed9t kh\u00f4ng gian m\u00e1t m\u1ebb, tho\u1ea3i m\u00e1i nh\u01b0ng kh\u00f4ng t\u1ed1n qu\u00e1 nhi\u1ec1u chi ph\u00ed\u2026\u00a0D\u1ecbch v\u1ee5 cho thu\u00ea m\u00e1y l\u00e0m m\u00e1t cao c\u1ea5p Daikio DKA-05000A (DK-5000A) c\u1ee7a\u00a0<span style=\"color: #00aae7;\"><a style=\"color: #00aae7;\" href=\"https:\/\/dienmayklp.vn\/\" target=\"_blank\" rel=\"noopener nofollow\">\u0110i\u1ec7n M\u00e1y Kim Long Ph\u00e1t (KLP)<\/a><\/span>\u00a0l\u00e0 ph\u01b0\u01a1ng \u00e1n l\u00e0m m\u00e1t hi\u1ec7u qu\u1ea3 \u0111\u00e1p \u1ee9ng nhu c\u1ea7u c\u1ee7a b\u1ea1n.<\/p>\n<p>Xem th\u00eam:\u00a0<span style=\"color: #00aae7;\"><a style=\"color: #00aae7;\" href=\"https:\/\/dienmayklp.vn\/cho-thue-may-lam-mat\" rel=\"nofollow noopener\" target=\"_blank\"><em>cho thu\u00ea m\u00e1y l\u00e0m m\u00e1t t\u1ea1i Kim Long Ph\u00e1t<\/em><\/a><\/span><\/p>\n<p>&nbsp;<\/p>\n<h2><span style=\"color: #3366ff;\">1. Nhu c\u1ea7u thu\u00ea m\u00e1y l\u00e0m m\u00e1t cao c\u1ea5p Daikio DKA-05000A hi\u1ec7n nay<\/span><\/h2>\n<p>Trong cu\u1ed9c s\u1ed1ng h\u1eb1ng ng\u00e0y, c\u00e1c thi\u1ebft b\u1ecb l\u00e0m m\u00e1t \u0111\u00f3ng vai tr\u00f2 r\u1ea5t quan tr\u1ecdng v\u00e0 kh\u00f4ng th\u1ec3 thi\u1ebfu v\u00ec n\u00f3 gi\u00fap xua tan \u0111i c\u00e1i n\u00f3ng b\u1ee9c ng\u1ed9t ng\u1ea1t, \u0111em l\u1ea1i kh\u00f4ng kh\u00ed m\u00e1t m\u1ebb v\u00e0 trong l\u00e0nh cho m\u1ecdi ng\u01b0\u1eddi. \u0110\u1ed1i v\u1edbi gia \u0111\u00ecnh ho\u1eb7c s\u1ed1 l\u01b0\u1ee3ng \u00edt ng\u01b0\u1eddi th\u00ec \u0111i\u1ec1u h\u00f2a, qu\u1ea1t phun s\u01b0\u01a1ng, qu\u1ea1t \u0111i\u1ec7n&#8230; s\u1ebd l\u00e0 gi\u1ea3i ph\u00e1p v\u1eeba r\u1ebb v\u1eeba ph\u00f9 h\u1ee3p v\u1edbi nhu c\u1ea7u c\u1ee7a ng\u01b0\u1eddi d\u00f9ng.<\/p>\n<p>&nbsp;<\/p>\n<p>Nh\u01b0ng v\u1edbi s\u1ed1 l\u01b0\u1ee3ng ng\u01b0\u1eddi \u0111\u00f4ng h\u01a1n nh\u01b0 trong c\u00e1c \u0111\u00e1m ti\u1ec7c, nh\u00e0 h\u00e0ng, qu\u00e1n \u0103n, hay c\u00e1c s\u1ef1 ki\u1ec7n, c\u00e1c cu\u1ed9c d\u00e3 ngo\u1ea1i ngo\u00e0i tr\u1eddi th\u00ec qu\u1ea1t l\u00e0m m\u00e1t\u00a0c\u1ee1 l\u1edbn l\u00e0 l\u1ef1a ch\u1ecdn t\u1ed1t nh\u1ea5t. Tuy nhi\u00ean, \u0111\u1ec3 \u0111\u1ea7u t\u01b0 m\u1ed9t ng\u00e2n s\u00e1ch l\u1edbn \u0111\u1ec3 mua thi\u1ebft b\u1ecb l\u00e0m m\u00e1t d\u00f9ng trong th\u1eddi gian ng\u1eafn th\u00ec th\u1eadt l\u00e3ng ph\u00ed.\u00a0Hi\u1ec3u \u0111\u01b0\u1ee3c \u0111i\u1ec1u \u0111\u00f3, \u0111i\u1ec7n m\u00e1y Kim Long Ph\u00e1t (KLP) \u0111\u00e3 \u0111\u1ea7u t\u01b0 v\u00e0 ph\u00e1t tri\u1ec3n d\u1ecbch v\u1ee5 cho thu\u00ea m\u00e1y l\u00e0m m\u00e1t\u00a0<a href=\"https:\/\/dienmayklp.vn\/may-lam-mat-cao-cap-daikiosan-dk-5000a-dka-05000a\" target=\"_blank\" rel=\"noopener nofollow\"><span style=\"color: #00aae7;\">Daikio DKA-05000A<\/span><\/a>\u00a0\u0111\u1ec3 ph\u1ee5c v\u1ee5 kh\u00e1ch h\u00e0ng.<\/p>\n<p>&nbsp;<\/p>\n<p><img loading=\"lazy\" decoding=\"async\" class=\"size-medium wp-image-1777 aligncenter\" src=\"https:\/\/dienmayklp.vn\/wp-content\/uploads\/2025\/03\/1464922611670-7281-7ed9bf37-769e-4ab4-ae63-a5500b0cc11f-225x400.jpg\" alt=\"\" width=\"225\" height=\"400\" srcset=\"https:\/\/songxanhwater.com\/wp-content\/uploads\/2025\/03\/1464922611670-7281-7ed9bf37-769e-4ab4-ae63-a5500b0cc11f-225x400.jpg 225w, https:\/\/songxanhwater.com\/wp-content\/uploads\/2025\/03\/1464922611670-7281-7ed9bf37-769e-4ab4-ae63-a5500b0cc11f.jpg 338w\" sizes=\"auto, (max-width: 225px) 100vw, 225px\" \/><\/p>\n<p>&nbsp;<\/p>\n<p>M\u00e1y qu\u1ea1t n\u01b0\u1edbc\u00a0Daikio DKA-05000A c\u1ee7a\u00a0<span style=\"color: #00aae7;\"><a style=\"color: #00aae7;\" href=\"https:\/\/dienmayklp.vn\/may-lam-mat-daikio?page=1\" target=\"_blank\" rel=\"noopener nofollow\">Daikiosan<\/a><\/span>\u00a0l\u00e0 lo\u1ea1i qu\u1ea1t m\u00e1y ho\u1ea1t \u0111\u1ed9ng theo nguy\u00ean l\u00fd l\u00e0m m\u00e1t t\u1ef1 nhi\u00ean, d\u1ef1a v\u00e0o hi\u1ec7n t\u01b0\u1ee3ng bay h\u01a1i n\u01b0\u1edbc \u0111\u1ec3 l\u00e0m m\u00e1t kh\u00f4ng kh\u00ed. Nhi\u1ec7t \u0111\u1ed9 n\u01b0\u1edbc t\u1ef1 nhi\u00ean l\u00e0 28\u00b0C sau khi qua t\u1ea5m l\u00e0m m\u00e1t n\u01b0\u1edbc s\u1ebd h\u1ea1 nhi\u1ec7t \u0111\u1ed9 xu\u1ed1ng 25\u00b0C, kh\u00f4ng kh\u00ed bay qua \u0111\u00e2y v\u00e0 h\u1ea1 nhi\u1ec7t \u0111\u1ed9 xu\u1ed1ng 26\u00b0C \u0111\u1ebfn 28\u00b0C, tr\u1ea3 l\u1ea1i b\u1ea7u kh\u00f4ng kh\u00ed t\u1ef1 nhi\u00ean, m\u00e1t m\u1ebb, trong l\u00e0nh.<\/p>\n<p>&nbsp;<\/p>\n<p><img loading=\"lazy\" decoding=\"async\" class=\"size-medium wp-image-1776 aligncenter\" src=\"https:\/\/dienmayklp.vn\/wp-content\/uploads\/2025\/03\/0e54b4e9a5c0439e1ad1.jpg\" alt=\"\" width=\"600\" height=\"338\" \/><\/p>\n<p>&nbsp;<\/p>\n<p>\u0110\u00e2y l\u00e0 d\u00f2ng s\u1ea3n ph\u1ea9m th\u01b0\u01a1ng m\u1ea1i. V\u1edbi c\u00f4ng su\u1ea5t 210W, t\u1ea1o ra l\u01b0u l\u01b0\u1ee3ng gi\u00f3 5000m3\/h, ph\u00f9 h\u1ee3p v\u1edbi kh\u00f4ng gian t\u1eeb 30 &#8211; 40m\u00b2 r\u1ea5t th\u00edch h\u1ee3p cho c\u00e1c kh\u00f4ng gian m\u1edf nh\u01b0 qu\u00e1n \u0103n, qu\u00e1n cafe, khu v\u1ef1c s\u1ea3nh nh\u00e0 h\u00e0ng, h\u1ed9i tr\u01b0\u1eddng.<\/p>\n<p>&nbsp;<\/p>\n<h2><span style=\"color: #3366ff;\">2. T\u1ea1i sao n\u00ean thu\u00ea qu\u1ea1t l\u00e0m m\u00e1t Daikio DKA-05000A<\/span><\/h2>\n<h3><span style=\"color: #3366ff;\">2.1\u00a0Ti\u1ebft ki\u1ec7m chi ph\u00ed<\/span><\/h3>\n<p>Nh\u01b0 \u0111\u00e3 \u0111\u1ec1 c\u1eadp \u1edf tr\u00ean, ti\u1ebft ki\u1ec7m \u0111\u01b0\u1ee3c chi ph\u00ed l\u00e0 \u0111i\u1ec3m c\u1ed9ng quan tr\u1ecdng nh\u1ea5t c\u1ee7a vi\u1ec7c thu\u00ea m\u00e1y l\u00e0m m\u00e1t Daikio DKA-05000A. C\u00e1c thi\u1ebft b\u1ecb l\u00e0m m\u00e1t c\u1ee1 l\u1edbn ph\u00f9 h\u1ee3p cho nh\u1eefng n\u01a1i \u0111\u00f4ng ng\u01b0\u1eddi nh\u01b0 nh\u00e0 h\u00e0ng, qu\u00e1n \u0103n, nh\u1eefng s\u1ef1 ki\u1ec7n khai gi\u1ea3ng, khai tr\u01b0\u01a1ng. Vi\u1ec7c \u0111\u1ea7u t\u01b0 m\u1ed9t s\u1ed1 ti\u1ec1n l\u1edbn \u0111\u1ec3 mua qu\u1ea1t l\u00e0m m\u00e1t s\u1eed d\u1ee5ng 1-2 d\u1ecbp trong m\u00f9a n\u00f3ng l\u00e0 qu\u00e1 l\u00e3ng ph\u00ed, kh\u00f4ng ph\u00f9 h\u1ee3p. \u0110\u00f3 ch\u00ednh l\u00e0 nguy\u00ean nh\u00e2n v\u00ec sao, d\u1ecbch v\u1ee5 cho thu\u00ea qu\u1ea1t l\u00e0m m\u00e1t Daikio DKA-05000A \u0111\u01b0\u1ee3c \u01b0a chu\u1ed9ng v\u00e0 s\u1eed d\u1ee5ng ng\u00e0y c\u00e0ng nhi\u1ec1u h\u01a1n, r\u1ed9ng r\u00e3i h\u01a1n.<\/p>\n<p>&nbsp;<\/p>\n<h3><span style=\"color: #3366ff;\">2.2 Ti\u1ebft ki\u1ec7m \u0111i\u1ec7n n\u0103ng<\/span><\/h3>\n<p>Qu\u1ea1t \u0111i\u1ec1u h\u00f2a Daikio DKA-05000A\u00a0si\u00eau\u00a0ti\u1ebft ki\u1ec7m \u0111i\u1ec7n n\u0103ng, chi ph\u00ed \u0111\u1ea7u t\u01b0 v\u00e0 b\u1ea3o d\u01b0\u1ee1ng, m\u00e1y l\u00e0m m\u00e1t kh\u00f4ng kh\u00ed Daikio c\u00f2n ti\u1ebft ki\u1ec7m \u0111i\u1ec7n n\u0103ng 90% so v\u1edbi m\u00e1y l\u1ea1nh th\u00f4ng th\u01b0\u1eddng m\u00e0 kh\u00f4ng g\u00e2y \u1ea3nh h\u01b0\u1edfng t\u1edbi s\u1ee9c kh\u1ecfe cho ng\u01b0\u1eddi d\u00f9ng nh\u1edd l\u00e0n gi\u00f3 d\u1ecbu m\u00e1t nh\u01b0 \u0111\u1ebfn t\u1eeb thi\u00ean nhi\u00ean.<\/p>\n<p>&nbsp;<\/p>\n<p>1 ti\u1ebfng s\u1eed d\u1ee5ng qu\u1ea1t \u0111i\u1ec1u ho\u00e0 Daikio DKA-05000A ch\u1ec9 t\u1ed1n kho\u1ea3ng 0.12 k\u00fd \u0111i\u1ec7n b\u1edfi c\u00f4ng su\u1ea5t c\u1ee7a m\u00e1y l\u00e0m m\u00e1t ch\u1ec9 210W, trong khi m\u00e1y l\u1ea1nh l\u00e0 kho\u1ea3ng 1 k\u00fd, t\u1ee9c ti\u1ec1n \u0111i\u1ec7n khi s\u1eed d\u1ee5ng c\u1ee7a qu\u1ea1t \u0111i\u1ec1u ho\u00e0 ch\u1ec9 b\u1eb1ng 1\/9 so v\u1edbi m\u00e1y l\u1ea1nh.<\/p>\n<p>&nbsp;<\/p>\n<p><img loading=\"lazy\" decoding=\"async\" class=\"size-medium wp-image-1775 aligncenter\" src=\"https:\/\/dienmayklp.vn\/wp-content\/uploads\/2025\/03\/4e8156c0f0d0168e4fc1-1-300x400.jpg\" alt=\"\" width=\"300\" height=\"400\" srcset=\"https:\/\/songxanhwater.com\/wp-content\/uploads\/2025\/03\/4e8156c0f0d0168e4fc1-1-300x400.jpg 300w, https:\/\/songxanhwater.com\/wp-content\/uploads\/2025\/03\/4e8156c0f0d0168e4fc1-1.jpg 450w\" sizes=\"auto, (max-width: 300px) 100vw, 300px\" \/><\/p>\n<p>&nbsp;<\/p>\n<h3><span style=\"color: #3366ff;\">2.3 L\u00e0m m\u00e1t tr\u00ean di\u1ec7n t\u00edch r\u1ed9ng v\u00e0 l\u00e0m m\u00e1t nhanh<\/span><\/h3>\n<p>M\u00e1y l\u00e0m m\u00e1t Daikio DKA-05000A ph\u00f9 h\u1ee3p v\u1edbi m\u1ecdi kh\u00f4ng gian, t\u1eeb kh\u00f4ng gian k\u00edn \u0111\u1ebfn c\u00e1c kh\u00f4ng gian m\u1edf ngo\u00e0i tr\u1eddi.\u00a0S\u1ea3n ph\u1ea9m \u0111\u01b0\u1ee3c thi\u1ebft k\u1ebf \u0111\u1eb7c bi\u1ec7t v\u1edbi t\u1ea5m l\u00e0m m\u00e1t \u0111\u01b0\u1ee3c l\u00e0m b\u1eb1ng g\u1ed7 t\u1ef1 nhi\u00ean, m\u1ecdi th\u00f4ng s\u1ed1 v\u1ec1 \u0111\u00f4\u0323 d\u00e0y, chi\u1ec1u r\u00f4\u0323ng \u0111\u1ec1u \u0111\u01b0\u1ee3c c\u1ea3i ti\u1ebfn h\u01a1n n\u00ean hi\u1ec7u su\u1ea5t l\u00e0m m\u00e1t c\u1ee7a qu\u1ea1t \u0111i\u1ec1u h\u00f2a Daikio DKA-05000A v\u00ec th\u1ebf c\u0169ng cao h\u01a1n.<\/p>\n<p>&nbsp;<\/p>\n<p><img loading=\"lazy\" decoding=\"async\" class=\"size-medium wp-image-1774 aligncenter\" src=\"https:\/\/dienmayklp.vn\/wp-content\/uploads\/2025\/03\/may-lam-mat-daikio-dk-5000a-3-402x400.jpg\" alt=\"\" width=\"402\" height=\"400\" srcset=\"https:\/\/songxanhwater.com\/wp-content\/uploads\/2025\/03\/may-lam-mat-daikio-dk-5000a-3-402x400.jpg 402w, https:\/\/songxanhwater.com\/wp-content\/uploads\/2025\/03\/may-lam-mat-daikio-dk-5000a-3-280x280.jpg 280w, https:\/\/songxanhwater.com\/wp-content\/uploads\/2025\/03\/may-lam-mat-daikio-dk-5000a-3-300x300.jpg 300w, https:\/\/songxanhwater.com\/wp-content\/uploads\/2025\/03\/may-lam-mat-daikio-dk-5000a-3-100x100.jpg 100w, https:\/\/songxanhwater.com\/wp-content\/uploads\/2025\/03\/may-lam-mat-daikio-dk-5000a-3.jpg 600w\" sizes=\"auto, (max-width: 402px) 100vw, 402px\" \/><\/p>\n<p>&nbsp;<\/p>\n<p>M\u00e1y l\u00e0m m\u00e1t kh\u00f4ng kh\u00ed Daikio DKA \u2013 05000A l\u00e0m m\u00e1t theo nguy\u00ean l\u00fd t\u1ef1 nhi\u00ean. N\u01b0\u1edbc \u1edf b\u00ecnh ch\u1ee9a \u0111\u01b0\u1ee3c b\u01a1m th\u1eb3ng l\u00ean t\u1ea5m l\u00e0m m\u00e1t l\u00e0m b\u1eb1ng g\u1ed7. T\u1ea1i \u0111\u00e2y s\u1ebd di\u1ec5n ra qu\u00e1 tr\u00ecnh bay h\u01a1i n\u01b0\u1edbc. N\u01b0\u1edbc \u0111\u01b0\u1ee3c ch\u1ea3y t\u1eeb tr\u00ean xu\u1ed1ng theo \u0111\u01b0\u1eddng \u201cZ\u201d \u0111\u1ec3 t\u1ea1o ra s\u1ef1 l\u1ec7ch pha c\u1ee7a n\u01b0\u1edbc v\u00e0 nh\u1eadn nhi\u1ec7t t\u1eeb b\u00ean ngo\u00e0i, l\u00e0m cho n\u01b0\u1edbc bay h\u01a1i nhanh h\u01a1n v\u00e0 t\u1ef1 nhi\u00ean h\u01a1n. N\u01b0\u1edbc sau khi bay h\u01a1i s\u1ebd gi\u1ea3m nhi\u1ec7t \u0111\u1ed9 xu\u1ed1ng c\u00f2n kho\u1ea3ng 26 \u0111\u1ed9 C.<\/p>\n<p>&nbsp;<\/p>\n<h3><span style=\"color: #3366ff;\">2.4 L\u1ecdc s\u1ea1ch kh\u00f4ng kh\u00ed, m\u00f9i h\u00f4i, b\u1ee5i b\u1ea9n to\u00e0n di\u1ec7n<\/span><\/h3>\n<p>M\u00e1y l\u00e0m m\u00e1t kh\u00f4ng kh\u00ed Daikio DKA-05000A c\u00f3 thi\u1ebft k\u1ebf h\u1ec7 th\u1ed1ng l\u01b0\u1edbi l\u1ecdc r\u1ea5t tinh x\u1ea3o, m\u1eadt \u0111\u1ed9 d\u00e0y, th\u00f4ng qua 2 t\u1ea5m l\u01b0\u1edbi l\u1ecdc v\u00e0 t\u1ea5m l\u00e0m m\u00e1t n\u00ean b\u1ee5i b\u1ea9n v\u00e0 m\u00f9i h\u00f4i nh\u01b0 m\u00f9i thu\u1ed1c l\u00e1, m\u00f9i \u0111\u1ed3 \u0103n phong ph\u00f2ng b\u1ebfp,&#8230; s\u1ebd \u0111\u01b0\u1ee3c qu\u1ea1t \u0111i\u1ec1u h\u00f2a h\u00fat s\u1ea1ch, tr\u1ea3 l\u1ea1i b\u1ea7u kh\u00f4ng kh\u00ed trong l\u00e0nh, m\u00e1t m\u1ebb.<\/p>\n<p>&nbsp;<\/p>\n<p><img loading=\"lazy\" decoding=\"async\" class=\"size-full wp-image-1773 aligncenter\" src=\"https:\/\/dienmayklp.vn\/wp-content\/uploads\/2025\/03\/loc-khong-khi-01-783-134b083a-bed7-4294-b5e0-06a3df7bc46b.jpg\" alt=\"\" width=\"600\" height=\"276\" \/><\/p>\n<p>&nbsp;<\/p>\n<h3><span style=\"color: #3366ff;\">2.5 T\u00ednh n\u0103ng\u00a0c\u00e2n b\u1eb1ng \u0111\u1ed9 \u1ea9m<\/span><\/h3>\n<p>\u0110\u1ed9 \u1ea9m\u00a0v\u1ec1 m\u1ee9c l\u00fd t\u01b0\u1edfng t\u1eeb 55% &#8211; 65% n\u00ean b\u1ea1n c\u00f3 th\u1ec3 k\u1ebft h\u1ee3p s\u1eed d\u1ee5ng v\u1edbi ph\u00f2ng m\u00e1y l\u1ea1nh ho\u1eb7c d\u00f9ng ri\u00eang Daikio DK-5000A \u0111\u1ec3\u00a0l\u00e0m m\u00e1t\u00a0cho kh\u00f4ng gian s\u1ed1ng v\u00f4 c\u00f9ng hi\u1ec7u qu\u1ea3, lu\u00f4n duy tr\u00ec \u0111\u1ed9 \u1ea9m \u1edf m\u1ee9c th\u00edch h\u1ee3p \u0111em \u0111\u1ebfn s\u1ef1 m\u1ec1m m\u1ecbn cho l\u00e0n da c\u1ee7a b\u00e9 c\u0169ng nh\u01b0 ch\u1ecb em ph\u1ee5 n\u1eef.<\/p>\n<p>&nbsp;<\/p>\n<h3><span style=\"color: #3366ff;\">2.6 C\u00f3 3 t\u1ed1c \u0111\u1ed9 gi\u00f3 \u0111\u00e1p \u1ee9ng m\u1ecdi nhu c\u1ea7u s\u1eed d\u1ee5ng<\/span><\/h3>\n<p>T\u00ednh n\u0103ng \u0111\u1ea3o gi\u00f3 b\u1ed1n chi\u1ec1u: t\u1ef1 \u0111\u1ed9ng tr\u00e1i\/ph\u1ea3i hay \u0111i\u1ec1u ch\u1ec9nh l\u00ean\/xu\u1ed1ng d\u1ec5 d\u00e0ng.<\/p>\n<p>Ch\u00ea\u0301 \u0111\u00f4\u0323 qu\u1ea1t gi\u00f3 t\u1ea1o l\u00e0n gi\u00f3 nh\u1eb9 nh\u00e0ng khi th\u1eddi ti\u1ebft kh\u00f4ng n\u1eafng g\u1eaft.<\/p>\n<p>Ch\u1ebf \u0111\u1ed9 l\u00e0m l\u1ea1nh COOL s\u1eed d\u1ee5ng khi th\u1eddi ti\u1ebft n\u00f3ng b\u1ee9c.<\/p>\n<p>C\u00f3 thi\u1ebft b\u1ecb ch\u1ed1ng gi\u1eadt \u0111\u1ea3m b\u1ea3o an to\u00e0n cho ng\u01b0\u1eddi s\u1eed d\u1ee5ng v\u00e0 m\u1ea1ng \u0111i\u1ec7n trong gia \u0111\u00ecnh.<\/p>\n<p>Motor \u0111\u01b0\u1ee3c l\u00e0m b\u1eb1ng l\u00f5i \u0111\u1ed3ng c\u00f3 ch\u1ec9 s\u1ed1 ch\u1ed1ng nhi\u1ec5m \u0111i\u1ec7n, nhi\u1ec5m n\u01b0\u1edbc cao (IP 4.4 tr\u1edf l\u00ean) t\u0103ng tu\u1ed5i th\u1ecd 1,5 l\u1ea7n so v\u1edbi l\u00f5i nh\u00f4m.<\/p>\n<p>&nbsp;<\/p>\n<h3><span style=\"color: #3366ff;\">2.7 C\u00e1c t\u00ednh n\u0103ng kh\u00e1c<\/span><\/h3>\n<p>\u0110i\u1ec1u khi\u1ec3n:\u00a0Daikio DK-5000A s\u1eed d\u1ee5ng \u0111i\u1ec1u khi\u1ec3n c\u01a1 qu\u00fd kh\u00e1ch mu\u1ed1n s\u1eed d\u1ee5ng \u0111i\u1ec1u khi\u1ec3n t\u1eeb xa v\u00e0 \u0111i\u1ec7n t\u1eed th\u00ec ch\u1ecdn model DK-5000B.<\/p>\n<p>&#8211;\u00a0Thi\u1ebft b\u1ecb ch\u1ed1ng gi\u1eadt:\u00a0Thi\u1ebft b\u1ecb ch\u1ed1ng gi\u1eadt ng\u1eabu nhi\u00ean an to\u00e0n tuy\u1ec7t \u0111\u1ed1i duy nh\u1ea5t \u0111\u01b0\u1ee3c t\u00edch h\u1ee3p cho qu\u1ea1t l\u00e0m m\u00e1t\u00a0DAIKIO\u00a0\u1edf th\u1ecb tr\u01b0\u1eddng Vi\u1ec7t Nam.<\/p>\n<p>&nbsp;<\/p>\n<p><iframe loading=\"lazy\" src=\"https:\/\/web.archive.org\/web\/20240812002156if_\/https:\/\/www.youtube.com\/embed\/nskaqoOyKgI\" width=\"560\" height=\"315\" frameborder=\"0\" allowfullscreen=\"allowfullscreen\" data-ruffle-polyfilled=\"\" data-mce-fragment=\"1\"><\/iframe><\/p>\n<p>&nbsp;<\/p>\n<h2><span style=\"color: #3366ff;\">3. Nh\u1eefng cam k\u1ebft khi s\u1eed d\u1ee5ng d\u1ecbch v\u1ee5 t\u1ea1i Kim Long Ph\u00e1t (dienmayklp)<\/span><\/h2>\n<p><a href=\"https:\/\/dienmayklp.vn\/\" target=\"_blank\" rel=\"noopener nofollow\"><span style=\"color: #00aae7;\">\u0110i\u1ec7n M\u00e1y Kim Long Ph\u00e1t (KLP)<\/span><\/a>\u00a0l\u00e0 \u0111\u01a1n v\u1ecb d\u1eabn \u0111\u1ea7u th\u1ecb tr\u01b0\u1eddng ph\u00e2n ph\u1ed1i v\u00e0 cho thu\u00ea m\u00e1y l\u00e0m m\u00e1t c\u00f4ng nghi\u1ec7p Daikio DKA-05000A\u00a0 t\u1ea1i TP. H\u1ed3 Ch\u00ed Minh v\u00e0 c\u00e1c khu v\u1ef1c l\u00e2n c\u1eadn. V\u1edbi quy m\u00f4 d\u00f9 nh\u1ecf hay l\u1edbn, Kim Long Ph\u00e1t (KLP) s\u1ebd ph\u1ee5c v\u1ee5 t\u1eadn t\u00ecnh v\u1edbi kh\u00e1ch h\u00e0ng, v\u1edbi t\u1ea5t c\u1ea3 uy t\u00edn, kinh nghi\u1ec7m trong ngh\u1ec1.<\/p>\n<p>&nbsp;<\/p>\n<p>\u2022 \u0110a d\u1ea1ng m\u1eabu m\u00e3 cho kh\u00e1ch h\u00e0ng l\u1ef1a ch\u1ecdn: Kh\u00f4ng ch\u1ec9 cho thu\u00ea m\u00e1y l\u00e0m m\u00e1t Daikio DKA-05000A, Kim Long Ph\u00e1t c\u00f3 r\u1ea5t nhi\u1ec1u s\u1ea3n ph\u1ea9m, v\u1edbi c\u00f4ng su\u1ea5t kh\u00e1c nhau, ph\u1ee5c v\u1ee5 cho nhi\u1ec1u m\u1ee5c \u0111\u00edch s\u1eed d\u1ee5ng.<\/p>\n<p>\u2022 Cam k\u1ebft s\u1ea3n ph\u1ea9m m\u1edbi: Kim Long Ph\u00e1t cam k\u1ebft c\u00e1c s\u1ea3n ph\u1ea9m m\u00e1y l\u00e0m l\u1ea1nh Daikio DKA-05000A\u00a0\u0111\u1ec1u l\u00e0 nh\u1eefng s\u1ea3n ph\u1ea9m m\u1edbi, ngo\u1ea1i h\u00ecnh \u0111\u1eb9p, kh\u1ea3 n\u0103ng ho\u1ea1t \u0111\u1ed9ng m\u1ea1nh m\u1ebd v\u00e0 ch\u1ea5t l\u01b0\u1ee3ng nh\u1ea5t.<\/p>\n<p>\u2022 D\u1ecbch v\u1ee5 chuy\u00ean nghi\u1ec7p, cam k\u1ebft, t\u1eadn t\u00e2m: V\u1edbi h\u01a1n 10 n\u0103m kinh nghi\u1ec7m, \u0111\u1ed9i ng\u0169 nh\u00e2n vi\u00ean l\u00e0nh ngh\u1ec1, Kim Long Ph\u00e1t t\u1ef1 h\u00e0o s\u1ebd mang l\u1ea1i d\u1ecbch v\u1ee5 chuy\u00ean nghi\u1ec7p nh\u1ea5t.<\/p>\n<p>\u2022 Tr\u1ecdn g\u00f3i d\u1ecbch v\u1ee5: Kh\u00f4ng ch\u1ec9 cho thu\u00ea m\u00e1y l\u00e0m l\u1ea1nh Daikio DKA-05000A, Kim Long Ph\u00e1t (dienmayklp) cam k\u1ebft h\u1ed7 tr\u1ee3 t\u1eeb kh\u00e2u v\u1eadn chuy\u1ec3n, l\u1eafp \u0111\u1eb7t, theo d\u00f5i, h\u01b0\u1edbng d\u1eabn kh\u00e1ch h\u00e0ng t\u1ed1t nh\u1ea5t. T\u1ea5t c\u1ea3 \u0111\u1ec1u mi\u1ec5n ph\u00ed.<\/p>\n<p>\u2022 Gi\u00e1 c\u1ea3 ph\u00f9 h\u1ee3p v\u00e0 qu\u00e0 t\u1eb7ng h\u1ea5p d\u1eabn: Kh\u00f4ng ch\u1ec9 h\u1ed7 tr\u1ee3 v\u1eadn chuy\u1ec3n, l\u1eafp \u0111\u1eb7t,&#8230; gi\u00e1 thu\u00ea Daikio DKA-05000A c\u0169ng r\u1ea5t h\u1ee3p l\u00fd, r\u1ebb nh\u1ea5t th\u1ecb tr\u01b0\u1eddng TP H\u1ed3 Ch\u00ed Minh c\u00f9ng nhi\u1ec1u qu\u00e0 t\u1eb7ng h\u1ea5p d\u1eabn khi thu\u00ea v\u1edbi s\u1ed1 l\u01b0\u1ee3ng l\u1edbn.<\/p>\n<p>&nbsp;<\/p>\n<p>\u0110i\u1ec7n m\u00e1y Kim Long Ph\u00e1t l\u00e0 \u0111\u01a1n v\u1ecb ph\u00e2n ph\u1ed1i v\u00e0 cho thu\u00ea m\u00e1y l\u00e0m m\u00e1t uy t\u00edn \u0111\u01b0\u1ee3c th\u00e0nh l\u1eadp t\u1eeb n\u0103m 2009. Ngo\u00e0i ra, \u0111\u01a1n c\u0169ng \u0111i \u0111\u1ea7u trong l\u0129nh v\u1ef1c kinh doanh v\u00e0 cho thu\u00ea m\u00e1y t\u1ea1o n\u01b0\u1edbc ion ki\u1ec1m, robot h\u00fat b\u1ee5i lau nh\u00e0,&#8230; \u0110\u1ec3 c\u00f3 th\u00eam th\u00f4ng tin chi ti\u1ebft, b\u1ea1n c\u00f3 th\u1ec3 truy c\u1eadp v\u00e0o\u00a0<a href=\"https:\/\/dienmayklp.vn\/\" target=\"_blank\" rel=\"noopener nofollow\"><span style=\"color: #00aae7;\">dienmayklp.vn<\/span><\/a>\u00a0ho\u1eb7c s\u1ed1 \u0111i\u1ec7n tho\u1ea1i:\u00a0<span style=\"color: #ff0000;\"><strong>1900 571 230<\/strong><\/span><\/p>\n<p>&nbsp;<\/p>\n<p><span lang=\"EN-GB\">M\u1ecdi th\u00f4ng tin chi ti\u1ebft xin li\u00ean h\u1ec7:<\/span><\/p>\n<p><span style=\"color: #00aae7;\"><b><i><span lang=\"EN-GB\">C\u00d4NG TY C\u1ed4 PH\u1ea6N TH\u01af\u01a0NG M\u1ea0I V\u00c0 X\u00c2Y D\u1ef0NG KIM LONG PH\u00c1T<\/span><\/i><\/b><\/span><\/p>\n<p><i><span lang=\"EN-GB\">Showroom 1:<\/span><\/i><span lang=\"EN-GB\">\u00a0228 \u0110\u01b0\u1eddng III, KDC Khang \u0110i\u1ec1n, P. Ph\u01b0\u1edbc Long B, Qu\u1eadn 9, TP.\u00a0H\u1ed3 Ch\u00ed Minh<\/span><\/p>\n<p><i><span lang=\"EN-GB\">Showroom 2:\u00a0<\/span><\/i><span lang=\"EN-GB\">T\u00f2a S1.01 &#8211; 05.01. Shophouse S01 &#8211; Vinhomes Grand Park &#8211; 200 Nguy\u1ec5n Xi\u1ec3n, P.\u00a0Long Th\u1ea1nh M\u1ef9, Qu\u1eadn 9, TP. H\u1ed3 Ch\u00ed Minh<\/span><\/p>\n<p><i><span lang=\"EN-GB\">Hotline t\u01b0 v\u1ea5n:<\/span><\/i><span lang=\"EN-GB\">\u00a0<span style=\"color: #ff0000;\"><b>1900 571 230<\/b><\/span><\/span><\/p>\n<p><i><span lang=\"EN-GB\">\u0110\u1eb7t h\u00e0ng tr\u1ef1c tuy\u1ebfn:<\/span><\/i><span lang=\"EN-GB\">\u00a0<span style=\"color: #ff0000;\"><b>0888 124 839<\/b><\/span><\/span><\/p>\n<p><i><span lang=\"EN-GB\">Email:<\/span><\/i>\u00a0<span style=\"color: #3366ff;\"><a style=\"color: #3366ff;\" href=\"mailto:cskh@klp.vn?subject=Ph%E1%BA%A3n%20H%E1%BB%93i%20%C4%90i%E1%BB%87n%20M%C3%A1y%20Kim%20Long%20Ph%C3%A1t&amp;body=%C4%90i%E1%BB%87n%20M%C3%A1y%20Kim%20Long%20Ph%C3%A1t%20K%C3%ADnh%20ch%C3%A0o%20qu%C3%BD%20kh%C3%A1ch!%0AMong%20nh%E1%BA%ADn%20%C4%91%C6%B0%E1%BB%A3c%20%C3%BD%20ki%E1%BA%BFn%20ph%E1%BA%A3n%20h%E1%BB%93i%20t%E1%BB%AB%20Anh%2FCh%E1%BB%8B\">cskh@klp.vn<\/a><\/span><\/p>\n<p><i><span lang=\"EN-GB\">Website:<\/span><\/i><span style=\"color: #3366ff;\">\u00a0<\/span><a href=\"http:\/\/dienmayklp.vn\/\" target=\"_blank\" rel=\"noopener nofollow\"><span style=\"color: #3366ff;\">dienmayklp.vn<\/span><\/a><span lang=\"EN-GB\">\u00a0 |\u00a0<span style=\"color: #3366ff;\">\u00a0<\/span><\/span><span style=\"color: #3366ff;\"><a style=\"color: #3366ff;\" href=\"http:\/\/klp.vn\/\" rel=\"nofollow noopener\" target=\"_blank\">klp.vn<\/a><\/span><\/p>\n","protected":false},"excerpt":{"rendered":"<p>Th\u1eddi ti\u1ebft t\u1ea1i Tp. H\u1ed3 Ch\u00ed Minh \u0111ang b\u01b0\u1edbc v\u00e0o giai \u0111o\u1ea1n n\u00f3ng, v\u1edbi kh\u00ed h\u1eadu kh\u00f4 r\u00e1p nh\u01b0 hi\u1ec7n nay, s\u1ebd l\u00e0m ch\u00fang ta c\u1ea3m th\u1ea5y \u0111\u1ed5 m\u1ed3 h\u00f4i, kh\u00f3 ch\u1ecbu, n\u00f3ng gi\u1eadn. B\u1ea1n c\u1ea7n m\u1ed9t kh\u00f4ng gian m\u00e1t m\u1ebb, tho\u1ea3i m\u00e1i nh\u01b0ng kh\u00f4ng t\u1ed1n qu\u00e1 nhi\u1ec1u chi ph\u00ed\u2026\u00a0D\u1ecbch v\u1ee5 cho thu\u00ea m\u00e1y l\u00e0m [&#8230;]\n","protected":false},"featured_media":465,"comment_status":"open","ping_status":"closed","template":"","meta":{"_acf_changed":false},"product_brand":[73],"product_cat":[71],"product_tag":[],"class_list":{"0":"post-461","1":"product","2":"type-product","3":"status-publish","4":"has-post-thumbnail","6":"product_brand-daikio","7":"product_cat-he-thong-loc-nuoc-tho","9":"first","10":"instock","11":"taxable","12":"shipping-taxable","13":"purchasable","14":"product-type-simple"},"acf":[],"_links":{"self":[{"href":"https:\/\/songxanhwater.com\/index.php?rest_route=\/wp\/v2\/product\/461","targetHints":{"allow":["GET"]}}],"collection":[{"href":"https:\/\/songxanhwater.com\/index.php?rest_route=\/wp\/v2\/product"}],"about":[{"href":"https:\/\/songxanhwater.com\/index.php?rest_route=\/wp\/v2\/types\/product"}],"replies":[{"embeddable":true,"href":"https:\/\/songxanhwater.com\/index.php?rest_route=%2Fwp%2Fv2%2Fcomments&post=461"}],"wp:featuredmedia":[{"embeddable":true,"href":"https:\/\/songxanhwater.com\/index.php?rest_route=\/wp\/v2\/media\/465"}],"wp:attachment":[{"href":"https:\/\/songxanhwater.com\/index.php?rest_route=%2Fwp%2Fv2%2Fmedia&parent=461"}],"wp:term":[{"taxonomy":"product_brand","embeddable":true,"href":"https:\/\/songxanhwater.com\/index.php?rest_route=%2Fwp%2Fv2%2Fproduct_brand&post=461"},{"taxonomy":"product_cat","embeddable":true,"href":"https:\/\/songxanhwater.com\/index.php?rest_route=%2Fwp%2Fv2%2Fproduct_cat&post=461"},{"taxonomy":"product_tag","embeddable":true,"href":"https:\/\/songxanhwater.com\/index.php?rest_route=%2Fwp%2Fv2%2Fproduct_tag&post=461"}],"curies":[{"name":"wp","href":"https:\/\/api.w.org\/{rel}","templated":true}]}}