{"id":394,"date":"2025-03-28T09:24:51","date_gmt":"2025-03-28T09:24:51","guid":{"rendered":"https:\/\/dienmayklp.vn\/?post_type=product&#038;p=394"},"modified":"2025-05-24T23:20:08","modified_gmt":"2025-05-24T23:20:08","slug":"cho-thue-may-lam-mat-daikio-dk-6000a","status":"publish","type":"product","link":"https:\/\/songxanhwater.com\/?product=cho-thue-may-lam-mat-daikio-dk-6000a","title":{"rendered":"Cho Thu\u00ea M\u00e1y L\u00e0m M\u00e1t Daikio DK-6000A"},"content":{"rendered":"<p>Th\u1eddi ti\u1ebft n\u1eafng n\u00f3ng, kh\u00f4 h\u1ea1n k\u00e9o d\u00e0i do \u1ea3nh h\u01b0\u1edfng c\u1ee7a bi\u1ebfn \u0111\u1ed5i kh\u00ed h\u1eadu, l\u00e0m kh\u00f4ng \u00edt ng\u01b0\u1eddi c\u00f3 c\u1ea3m gi\u00e1c kh\u00f3 ch\u1ecbu. Vi\u1ec7c trang b\u1ecb\u00a0m\u00e1y l\u00e0m m\u00e1t\u00a0\u0111\u1ec3\u00a0gi\u1ea3i nhi\u1ec7t hi\u1ec7u qu\u1ea3 trong th\u1eddi gian ng\u1eafn v\u00e0 ti\u1ebft ki\u1ec7m chi ph\u00ed l\u00e0 \u01b0u ti\u00ean h\u00e0ng \u0111\u1ea7u.<\/p>\n<p>&nbsp;<\/p>\n<p>\u0110\u1ec3 \u0111\u00e1p \u1ee9ng nhu c\u1ea7u cho kh\u00e1ch h\u00e0ng,<a href=\"https:\/\/dienmayklp.vn\/\" target=\"_blank\" rel=\"noopener nofollow\">\u00a0<span style=\"color: #00aae7;\">\u0110i\u1ec7n M\u00e1y Kim Long Ph\u00e1t (KLP)<\/span><\/a>\u00a0\u0111\u00e3 ph\u00e1t tri\u1ec3n d\u1ecbch v\u1ee5 cho thu\u00ea m\u00e1y l\u00e0m m\u00e1t DK-6000A c\u1ee7a Daikio v\u1edbi ki\u1ec3u d\u00e1ng m\u1edbi, th\u00edch h\u1ee3p s\u1eed d\u1ee5ng cho kh\u00f4ng gian l\u1edbn nh\u01b0 nh\u00e0 h\u00e0ng, qu\u00e1n \u0103n, ti\u1ec7m n\u00e9t, ph\u00f2ng game, showroom, s\u1ea3nh ch\u1edd, s\u1ef1 ki\u1ec7n ngo\u00e0i tr\u1eddi, h\u1ed9i ch\u1ee3, khu vui ch\u01a1i\u2026 \u0110\u00e2y l\u00e0 s\u1ea3n ph\u1ea9m l\u00fd t\u01b0\u1edfng cho m\u00f9a h\u00e8.<\/p>\n<p>&nbsp;<\/p>\n<h2><span style=\"color: #3366ff;\">1. M\u00e1y l\u00e0m m\u00e1t Daikio DK-6000A<\/span><\/h2>\n<p>Trong th\u1eddi gian v\u1eeba qua, t\u00ecnh h\u00ecnh th\u1eddi ti\u1ebft di\u1ec5n bi\u1ebfn kh\u00e1 ph\u1ee9c t\u1ea1p, th\u1eddi ti\u1ebft n\u1eafng n\u00f3ng v\u1edbi nhi\u1ec7t \u0111\u1ed9 cao, c\u00e1 bi\u1ec7t, c\u00f3 m\u1ed9t v\u00e0i n\u01a1i l\u00ean \u0111\u1ebfn 40 \u0111\u1ed9 C, n\u1eafng n\u00f3ng tr\u00ean di\u1ec7n r\u1ed9ng g\u00e2y \u1ea3nh h\u01b0\u1edfng l\u1edbn \u0111\u1ebfn s\u1ee9c kh\u1ecfe con ng\u01b0\u1eddi, nh\u1ea5t l\u00e0 ng\u01b0\u1eddi gi\u00e0 v\u00e0 tr\u1ebb em. Theo T\u1ed5 ch\u1ee9c Y t\u1ebf Th\u1ebf gi\u1edbi (WHO), h\u00e0ng n\u0103m tr\u00ean th\u1ebf gi\u1edbi c\u00f3 kho\u1ea3ng 150.000 ng\u01b0\u1eddi qua \u0111\u1eddi do c\u00e1c b\u1ec7nh li\u00ean quan \u0111\u1ebfn n\u1eafng n\u00f3ng g\u00e2y ra.<\/p>\n<p>&nbsp;<\/p>\n<p>Trong c\u00e1c bi\u1ec7n ph\u00e1p ch\u1ed1ng n\u00f3ng hi\u1ec7u qu\u1ea3, th\u00ec gi\u1eef cho kh\u00f4ng gian th\u00f4ng tho\u00e1ng l\u00e0 \u01b0u ti\u00ean h\u00e0ng \u0111\u1ea7u.\u00a0<span style=\"color: #00aae7;\"><a style=\"color: #00aae7;\" href=\"https:\/\/dienmayklp.vn\/may-lam-mat-cao-cap-daikiosan-dka-06000a\" target=\"_blank\" rel=\"noopener nofollow\">M\u00e1y l\u00e0m m\u00e1t Daikio DK-6000A<\/a>\u00a0<\/span>l\u00e0 d\u00f2ng s\u1ea3n ph\u1ea9m\u00a0th\u01b0\u01a1ng m\u1ea1i cao c\u1ea5p, ho\u1ea1t \u0111\u1ed9ng theo nguy\u00ean l\u00fd l\u00e0m m\u00e1t t\u1ef1 nhi\u00ean b\u1eb1ng h\u01a1i n\u01b0\u1edbc. Kh\u00f4ng kh\u00ed t\u1eeb m\u00f4i tr\u01b0\u1eddng sau khi \u0111i qua t\u1ea5m l\u00e0m m\u00e1t v\u00e0 h\u1ec7 th\u1ed1ng l\u1ecdc b\u1ee5i s\u1ebd gi\u1ea3m nhi\u1ec7t xu\u1ed1ng t\u1eeb 7-10 \u0111\u1ed9 C, kh\u00f4ng kh\u00ed ho\u00e0n to\u00e0n t\u1ef1 nhi\u00ean t\u1ed1t cho s\u1ee9c kh\u1ecfe.<\/p>\n<p>&nbsp;<\/p>\n<p><img loading=\"lazy\" decoding=\"async\" class=\"size-medium wp-image-1771 aligncenter\" src=\"https:\/\/dienmayklp.vn\/wp-content\/uploads\/2025\/03\/may-lam-mat-daikio-dk-6000a-297x400.webp\" alt=\"\" width=\"297\" height=\"400\" srcset=\"https:\/\/songxanhwater.com\/wp-content\/uploads\/2025\/03\/may-lam-mat-daikio-dk-6000a-297x400.webp 297w, https:\/\/songxanhwater.com\/wp-content\/uploads\/2025\/03\/may-lam-mat-daikio-dk-6000a-594x800.webp 594w, https:\/\/songxanhwater.com\/wp-content\/uploads\/2025\/03\/may-lam-mat-daikio-dk-6000a-600x808.webp 600w, https:\/\/songxanhwater.com\/wp-content\/uploads\/2025\/03\/may-lam-mat-daikio-dk-6000a.webp 700w\" sizes=\"auto, (max-width: 297px) 100vw, 297px\" \/><\/p>\n<p>&nbsp;<\/p>\n<p>S\u1ea3n ph\u1ea9m c\u00f3 l\u01b0u l\u01b0\u1ee3ng gi\u00f3 6000m3\/h, c\u00f4ng su\u1ea5t 150W n\u00ean r\u1ea5t th\u00edch h\u1ee3p s\u1eed d\u1ee5ng cho kh\u00f4ng gian m\u1edf, b\u00e1n l\u1ed9 thi\u00ean\u2026 c\u00f3 di\u1ec7n t\u00edch t\u1eeb\u00a030-35m2. M\u00e1y l\u00e0m m\u00e1t Daikio DK-6000A l\u00e0 g\u1ea3i ph\u00e1p \u201c\u0111\u00e1nh bay\u201d c\u00e1i n\u00f3ng hi\u1ec7u qu\u1ea3.<\/p>\n<p>&nbsp;<\/p>\n<p>\u0110i\u1ec7n m\u00e1y Kim Long Ph\u00e1t (KLP) l\u00e0 cho thu\u00ea m\u00e1y l\u00e0m m\u00e1t Daikio DK-6000A\u00a0 c\u1ee7a\u00a0<span style=\"color: #00aae7;\"><a style=\"color: #00aae7;\" href=\"https:\/\/dienmayklp.vn\/may-lam-mat-daikio?page=1\" target=\"_blank\" rel=\"noopener nofollow\">Daikiosan<\/a><\/span>\u00a0c\u0169ng nh\u01b0 c\u00e1c d\u00f2ng m\u00e1y l\u00e0m m\u00e1t kh\u00e1c. \u0110\u1ec3 hi\u1ec3u r\u00f5 h\u01a1n v\u1ec1 d\u1ecbch v\u1ee5, h\u00e3y truy c\u1eadp trang<span style=\"color: #00aae7;\">\u00a0<a style=\"color: #00aae7;\" href=\"https:\/\/dienmayklp.vn\/\" target=\"_blank\" rel=\"noopener nofollow\">dienmayklp.vn<\/a><\/span>\u00a0ho\u1eb7c g\u1ecdi \u0111\u1ebfn s\u1ed1 \u0111i\u1ec7n tho\u1ea1i:\u00a0<span style=\"color: #ff0000;\"><strong>028 2253 5834<\/strong><\/span><\/p>\n<p>&nbsp;<\/p>\n<p><img loading=\"lazy\" decoding=\"async\" class=\"size-medium wp-image-1770 aligncenter\" src=\"https:\/\/dienmayklp.vn\/wp-content\/uploads\/2025\/03\/1464922611670-7281-225x400.jpg\" alt=\"\" width=\"225\" height=\"400\" srcset=\"https:\/\/songxanhwater.com\/wp-content\/uploads\/2025\/03\/1464922611670-7281-225x400.jpg 225w, https:\/\/songxanhwater.com\/wp-content\/uploads\/2025\/03\/1464922611670-7281-450x800.jpg 450w, https:\/\/songxanhwater.com\/wp-content\/uploads\/2025\/03\/1464922611670-7281.jpg 540w\" sizes=\"auto, (max-width: 225px) 100vw, 225px\" \/><\/p>\n<p>&nbsp;<\/p>\n<h2><span style=\"color: #3366ff;\">2. T\u1ea1i sao n\u00ean thu\u00ea m\u00e1y l\u00e0m m\u00e1t Daikio DK-6000A<\/span><\/h2>\n<h3><span style=\"color: #3366ff;\">2.1 Ti\u1ebft ki\u1ec7m chi ph\u00ed<\/span><\/h3>\n<p>Ti\u1ebft ki\u1ec7m \u0111\u01b0\u1ee3c chi ph\u00ed l\u00e0 \u0111i\u1ec3m c\u1ed9ng quan tr\u1ecdng nh\u1ea5t c\u1ee7a vi\u1ec7c thu\u00ea m\u00e1y l\u00e0m m\u00e1t Daikio DK-6000A. C\u00e1c thi\u1ebft b\u1ecb l\u00e0m m\u00e1t c\u1ee1 l\u1edbn ph\u00f9 h\u1ee3p cho nh\u1eefng n\u01a1i \u0111\u00f4ng ng\u01b0\u1eddi nh\u01b0 nh\u00e0 h\u00e0ng, qu\u00e1n \u0103n, nh\u1eefng s\u1ef1 ki\u1ec7n khai gi\u1ea3ng, khai tr\u01b0\u01a1ng. Vi\u1ec7c \u0111\u1ea7u t\u01b0 m\u1ed9t s\u1ed1 ti\u1ec1n l\u1edbn \u0111\u1ec3 mua qu\u1ea1t l\u00e0m m\u00e1t s\u1eed d\u1ee5ng 1-2 d\u1ecbp trong m\u00f9a n\u00f3ng l\u00e0 qu\u00e1 l\u00e3ng ph\u00ed, kh\u00f4ng ph\u00f9 h\u1ee3p. \u0110\u00f3 ch\u00ednh l\u00e0 nguy\u00ean nh\u00e2n v\u00ec sao, d\u1ecbch v\u1ee5 cho thu\u00ea qu\u1ea1t l\u00e0m m\u00e1t Daikio DK-6000A \u0111\u01b0\u1ee3c \u01b0a chu\u1ed9ng v\u00e0 s\u1eed d\u1ee5ng ng\u00e0y c\u00e0ng nhi\u1ec1u h\u01a1n, r\u1ed9ng r\u00e3i h\u01a1n.<\/p>\n<p>&nbsp;<\/p>\n<p><img loading=\"lazy\" decoding=\"async\" class=\"size-medium wp-image-1769 aligncenter\" src=\"https:\/\/dienmayklp.vn\/wp-content\/uploads\/2025\/03\/80833a244394a4cafd85-e22409f5-2fd4-4884-bfbe-cdacb825e7e1.jpg\" alt=\"\" width=\"600\" height=\"305\" \/><\/p>\n<p>&nbsp;<\/p>\n<p>Th\u00eam m\u1ed9t \u0111i\u1ec1u n\u1eefa, n\u1ebfu doanh nghi\u1ec7p ho\u1eb7c ch\u1ee7 ti\u1ec7m kinh doanh mua m\u1ed9t m\u00e1y m\u1edbi s\u1ebd d\u1eabn \u0111\u1ebfn nh\u1eefng chi ph\u00ed ph\u00e1t sinh th\u00eam nh\u01b0: chi ph\u00ed cho b\u1ea3o tr\u00ec, b\u1ea3o d\u01b0\u1ee1ng, thay linh ki\u1ec7n, v\u1eadt t\u01b0,&#8230;<\/p>\n<p>&nbsp;<\/p>\n<h3><span style=\"color: #3366ff;\">2.2 L\u00e0m m\u00e1t nhanh \u1edf m\u1ecdi kh\u00f4ng gian<\/span><\/h3>\n<p>Trong m\u1ed9t kh\u00f4ng gian l\u1edbn, b\u1ea1n \u0111ang lo l\u1eafng t\u00ecm m\u1ed9t thi\u1ebft b\u1ecb l\u00e0m m\u00e1t hi\u1ec7u qu\u1ea3 l\u1ea1i ti\u1ebft ki\u1ec7m \u0111\u01b0\u1ee3c t\u1ed1i \u0111a chi ph\u00ed th\u00ec m\u00e1y l\u00e0m m\u00e1t cao c\u1ea5p Daikio DK-6000A l\u00e0 m\u1ed9t s\u1ea3n ph\u1ea9m v\u00f4 c\u00f9ng l\u00fd t\u01b0\u1edfng. Qu\u1ea1t l\u00e0m m\u00e1t Daikio DK-6000A ho\u1ea1t \u0111\u1ed9ng theo nguy\u00ean l\u00fd l\u00e0m m\u00e1t b\u1ed1c h\u01a1i n\u01b0\u1edbc t\u1ef1 nhi\u00ean. N\u00ean ch\u1ec9 c\u1ea7n b\u1eadt m\u00e1y l\u00ean, trong v\u00f2ng 1 ph\u00fat s\u1ea3n ph\u1ea9m s\u1ebd mang l\u1ea1i b\u1ea7u kh\u00f4ng kh\u00ed m\u00e1t m\u1ebb, d\u1ec5 ch\u1ecbu, s\u00e1ng kho\u00e1i nh\u01b0 b\u1ea1n \u0111ang \u0111\u1ee9ng b\u00ean b\u1edd h\u1ed3 c\u00f3 l\u00e0n gi\u00f3 th\u1ed5i qua.<\/p>\n<p>&nbsp;<\/p>\n<p><img loading=\"lazy\" decoding=\"async\" class=\"size-medium wp-image-1768 aligncenter\" src=\"https:\/\/dienmayklp.vn\/wp-content\/uploads\/2025\/03\/23138659246fdc67d00c98510965ec5e-d4a2ca71-692b-4d8d-ade2-f9c469ebb4f8-534x400.jpg\" alt=\"\" width=\"534\" height=\"400\" srcset=\"https:\/\/songxanhwater.com\/wp-content\/uploads\/2025\/03\/23138659246fdc67d00c98510965ec5e-d4a2ca71-692b-4d8d-ade2-f9c469ebb4f8-534x400.jpg 534w, https:\/\/songxanhwater.com\/wp-content\/uploads\/2025\/03\/23138659246fdc67d00c98510965ec5e-d4a2ca71-692b-4d8d-ade2-f9c469ebb4f8-768x576.jpg 768w, https:\/\/songxanhwater.com\/wp-content\/uploads\/2025\/03\/23138659246fdc67d00c98510965ec5e-d4a2ca71-692b-4d8d-ade2-f9c469ebb4f8-600x450.jpg 600w, https:\/\/songxanhwater.com\/wp-content\/uploads\/2025\/03\/23138659246fdc67d00c98510965ec5e-d4a2ca71-692b-4d8d-ade2-f9c469ebb4f8.jpg 959w\" sizes=\"auto, (max-width: 534px) 100vw, 534px\" \/><\/p>\n<p>&nbsp;<\/p>\n<h3><span style=\"color: #3366ff;\">2.3 Thanh l\u1ecdc kh\u00f4ng kh\u00ed bao g\u1ed3m m\u00f9i h\u00f4i, b\u1ee5i b\u1ea9n\u2026<\/span><\/h3>\n<p>Qu\u1ea1t l\u00e0m m\u00e1t<span style=\"background-color: #ffffff;\">\u00a0<a style=\"background-color: #ffffff;\" href=\"https:\/\/dienmayklp.vn\/may-lam-mat-cao-cap-daikiosan-dka-06000a\" target=\"_blank\" rel=\"noopener nofollow\">Daikio DK-6000A<\/a><\/span>\u00a0l\u00e0 d\u00f2ng s\u1ea3n ph\u1ea9m c\u00f4ng nghi\u1ec7p thi\u00ean d\u00f9ng cho c\u00e1c kh\u00f4ng gian s\u1ef1 ki\u1ec7n l\u1edbn ngo\u00e0i tr\u1eddi n\u00ean v\u1ea5n \u0111\u1ec1 b\u1ee5i b\u1ea9n, m\u00f9i h\u00f4i\u2026 \u0111\u01b0\u1ee3c nh\u00e0 cung c\u1ea5p r\u1ea5t ch\u00fa tr\u1ecdng. S\u1ea3n ph\u1ea9m c\u00f3 h\u1ec7 th\u1ed1ng l\u01b0\u1edbi l\u1ecdc kh\u00f4ng kh\u00ed k\u1ebft h\u1ee3p c\u1ea5u t\u1ea1o \u0111\u1eb7c bi\u1ec7t c\u1ee7a t\u1ea5m l\u00e0m m\u00e1t (Cooling Pad) mang ti\u00eau chu\u1ea9n n\u00ean c\u00f3 th\u1ec3 c\u0103ng l\u1ecdc t\u1eebng h\u1ea1t b\u1ee5i li ti v\u00e0 m\u00f9i h\u00f4i c\u00f3 trong kh\u00f4ng kh\u00ed. \u0110i\u1ec1u n\u00e0y c\u0169ng th\u00edch h\u1ee3p cho c\u00e1c qu\u00e1n \u0103n, nh\u00e0 h\u00e0ng\u2026 n\u01a1i c\u00f3 nhi\u1ec1u m\u00f9i h\u00f4i t\u1eeb th\u1ee9c \u0103n, gi\u00fap th\u00f4ng gi\u00f3, cung c\u1ea5p kh\u00ed t\u01b0\u01a1i r\u1ea5t l\u00fd t\u01b0\u1edfng.<\/p>\n<p>&nbsp;<\/p>\n<p><img loading=\"lazy\" decoding=\"async\" class=\"size-medium wp-image-1767 aligncenter\" src=\"https:\/\/dienmayklp.vn\/wp-content\/uploads\/2025\/03\/loc-khong-khi-01-783.jpg\" alt=\"\" width=\"600\" height=\"276\" \/><\/p>\n<p>&nbsp;<\/p>\n<h3><span style=\"color: #3366ff;\">2.4 M\u1ed9t s\u1ed1 t\u00ednh n\u0103ng kh\u00e1c<\/span><\/h3>\n<p>Qu\u1ea1t \u0111i\u1ec1u h\u00f2a kh\u00f4ng kh\u00ed Daikio DK-6000A si\u00eau ti\u1ebft ki\u1ec7m \u0111i\u1ec7n so v\u1edbi m\u00e1y l\u1ea1nh.<\/p>\n<p>Ch\u1ee9c n\u0103ng l\u00e0m m\u00e1t nhanh: V\u1edbi 3 t\u1ea5m Cooling Pad l\u00e0m m\u00e1t nhanh ch\u00f3ng, hi\u1ec7u qu\u1ea3.<\/p>\n<p>Ch\u1ee9c n\u0103ng l\u1ecdc kh\u00f4ng kh\u00ed: m\u00e1y c\u00f3 h\u1ec7 th\u1ed1ng l\u01b0\u1edbi l\u1ecdc k\u1ebft h\u1ee3p v\u1edbi t\u1ea5m l\u00e0m m\u00e1t c\u00f3 c\u1ea5u t\u1ea1o th\u00f4ng minh n\u00ean l\u1ecdc \u0111\u01b0\u1ee3c b\u1ee5i v\u00e0 m\u00f9i h\u00f4i, tr\u1ea3 l\u1ea1i b\u1ea7u kh\u00f4ng kh\u00ed trong l\u00e0nh.<\/p>\n<p>Daikio DK-6000A c\u00f3 ch\u1ee9c n\u0103ng c\u00e2n b\u1eb1ng \u0111\u1ed9 \u1ea9m v\u1ec1 m\u1ee9c t\u1ed1t cho da v\u00e0 s\u1ee9c kh\u1ecfe t\u1eeb 55 \u2013 65%.<\/p>\n<p>Ch\u1ee9c n\u0103ng h\u1eb9n gi\u1edd l\u00ean \u0111\u1ebfn 24h qua n\u00fat \u201cTimer\u201d tr\u00ean b\u1ea3ng \u0111i\u1ec1u khi\u1ec3n r\u1ea5t ti\u1ec7n l\u1ee3i v\u00e0 ti\u1ebft ki\u1ec7m.<\/p>\n<p>&nbsp;<\/p>\n<p><img loading=\"lazy\" decoding=\"async\" class=\"size-medium wp-image-1766 aligncenter\" src=\"https:\/\/dienmayklp.vn\/wp-content\/uploads\/2025\/03\/may-lam-mat-khong-khi-cao-cap-daikio-dk-6000a-7-1-223.jpg\" alt=\"\" width=\"600\" height=\"369\" \/><\/p>\n<p>&nbsp;<\/p>\n<p>Ch\u1ee9c n\u0103ng 3 t\u1ed1c \u0111\u1ed9 gi\u00f3: Bao g\u1ed3m: th\u1ea5p, trung b\u00ecnh, cao m\u00e0 b\u1ea1n c\u00f3 th\u1ec3 l\u1ef1a ch\u1ecdn t\u00f9y v\u00e0o nhu c\u1ea7u s\u1eed d\u1ee5ng.<\/p>\n<p>Ch\u1ee9c n\u0103ng \u0111\u1ea3o gi\u00f3 b\u1ed1n chi\u1ec1u: L\u00ean\/xu\u1ed1ng t\u00f9y ch\u1ec9nh, tr\u00e1i\/ph\u1ea3i t\u1ef1 \u0111\u1ed9ng quay \u0111\u1ebfn n\u01a1i b\u1ea1n mu\u1ed1n l\u00e0m m\u00e1t.<\/p>\n<p>Ch\u1ebf \u0111\u1ed9 qu\u1ea1t gi\u00f3: Ch\u1ebf \u0111\u1ed9 n\u00e0y gi\u00fap t\u1ea1o gi\u00f3 nh\u1eb9 nh\u00e0ng khi th\u1eddi ti\u1ebft kh\u00f4ng n\u1eafng n\u00f3ng.<\/p>\n<p>Ch\u1ebf \u0111\u1ed9 l\u00e0m l\u1ea1nh: S\u1eed d\u1ee5ng khi th\u1eddi ti\u1ebft n\u00f3ng b\u1ee9c, b\u1ea1n ch\u1ec9 c\u1ea7n b\u1eadt n\u00fai \u201cCOOL\u201d tr\u00ean b\u1ea3ng \u0111i\u1ec1u khi\u1ec3n s\u1eed d\u1ee5ng v\u1edbi n\u01b0\u1edbc ho\u1eb7c th\u00eam \u0111\u00e1 l\u1ea1nh th\u00ec hi\u1ec7u su\u1ea5t l\u00e0m m\u00e1t s\u1ebd t\u1ed1t h\u01a1n.<\/p>\n<p>C\u00f3 b\u1ea3ng \u0111i\u1ec1u khi\u1ec3n t\u1eeb xa s\u1eed d\u1ee5ng thu\u1eadn ti\u1ec7n.<\/p>\n<p>&nbsp;<\/p>\n<p><img loading=\"lazy\" decoding=\"async\" class=\"size-medium wp-image-1765 aligncenter\" src=\"https:\/\/dienmayklp.vn\/wp-content\/uploads\/2025\/03\/1462868845524-3644-590dc271-1e38-42cd-983e-0eabe66673ac-225x400.jpg\" alt=\"\" width=\"225\" height=\"400\" srcset=\"https:\/\/songxanhwater.com\/wp-content\/uploads\/2025\/03\/1462868845524-3644-590dc271-1e38-42cd-983e-0eabe66673ac-225x400.jpg 225w, https:\/\/songxanhwater.com\/wp-content\/uploads\/2025\/03\/1462868845524-3644-590dc271-1e38-42cd-983e-0eabe66673ac-450x800.jpg 450w, https:\/\/songxanhwater.com\/wp-content\/uploads\/2025\/03\/1462868845524-3644-590dc271-1e38-42cd-983e-0eabe66673ac.jpg 540w\" sizes=\"auto, (max-width: 225px) 100vw, 225px\" \/><\/p>\n<p>&nbsp;<\/p>\n<p>S\u1ea3n ph\u1ea9m c\u00f3 thi\u1ebft k\u1ebf ch\u1eafc ch\u1eafn, tu\u1ed5i th\u1ecd cao g\u1ea5p 2-3 l\u1ea7n s\u1ea3n ph\u1ea9m h\u00e3ng th\u00f4ng th\u01b0\u1eddng.<\/p>\n<p>Kh\u00f4ng phun s\u01b0\u01a1ng n\u00ean kh\u00f4ng g\u00e2y h\u1ea1i thi\u1ebft b\u1ecb \u0111i\u1ec7n t\u1eed v\u00e0 con ng\u01b0\u1eddi.<\/p>\n<p>&nbsp;<\/p>\n<h2><span style=\"color: #3366ff;\">3. Nh\u1eefng cam k\u1ebft khi s\u1eed d\u1ee5ng d\u1ecbch v\u1ee5 t\u1ea1i Kim Long Ph\u00e1t (dienmayklp)<\/span><\/h2>\n<p>\u0110i\u1ec7n m\u00e1y<span style=\"color: #00aae7;\">\u00a0<\/span><a href=\"https:\/\/dienmayklp.vn\/\" target=\"_blank\" rel=\"noopener nofollow\"><span style=\"color: #00aae7;\">Kim Long Ph\u00e1t (KLP)<\/span><\/a>\u00a0l\u00e0 \u0111\u01a1n v\u1ecb d\u1eabn \u0111\u1ea7u th\u1ecb tr\u01b0\u1eddng ph\u00e2n ph\u1ed1i v\u00e0 cho thu\u00ea m\u00e1y l\u00e0m m\u00e1t Daikio DK-6000A t\u1ea1i TP. H\u1ed3 Ch\u00ed Minh v\u00e0 c\u00e1c khu v\u1ef1c l\u00e2n c\u1eadn. V\u1edbi quy m\u00f4 d\u00f9 nh\u1ecf hay l\u1edbn, Kim Long Ph\u00e1t s\u1ebd ph\u1ee5c v\u1ee5 t\u1eadn t\u00ecnh v\u1edbi kh\u00e1ch h\u00e0ng, v\u1edbi t\u1ea5t c\u1ea3 uy t\u00edn, kinh nghi\u1ec7m trong ngh\u1ec1.<\/p>\n<p>&nbsp;<\/p>\n<p>\u2022 \u0110a d\u1ea1ng m\u1eabu m\u00e3 cho kh\u00e1ch h\u00e0ng l\u1ef1a ch\u1ecdn: Kh\u00f4ng ch\u1ec9 cho thu\u00ea m\u00e1y l\u00e0m m\u00e1t Daikio DK-6000A \u00a0, Kim Long Ph\u00e1t c\u00f3 r\u1ea5t nhi\u1ec1u s\u1ea3n ph\u1ea9m , v\u1edbi c\u00f4ng su\u1ea5t kh\u00e1c nhau, ph\u1ee5c v\u1ee5 cho nhi\u1ec1u m\u1ee5c \u0111\u00edch s\u1eed d\u1ee5ng.<\/p>\n<p>\u2022 Cam k\u1ebft s\u1ea3n ph\u1ea9m m\u1edbi: Kim Long Ph\u00e1t cam k\u1ebft c\u00e1c s\u1ea3n ph\u1ea9m m\u00e1y l\u00e0m l\u1ea1nh c\u00f4ng nghi\u1ec7pDaikio DK-6000A \u0111\u1ec1u l\u00e0 nh\u1eefng s\u1ea3n ph\u1ea9m m\u1edbi, ngo\u1ea1i h\u00ecnh \u0111\u1eb9p, kh\u1ea3 n\u0103ng ho\u1ea1t \u0111\u1ed9ng m\u1ea1nh m\u1ebd v\u00e0 ch\u1ea5t l\u01b0\u1ee3ng nh\u1ea5t.<\/p>\n<p>\u2022 D\u1ecbch v\u1ee5 chuy\u00ean nghi\u1ec7p, nhanh ch\u00f3ng\u00a0, t\u1eadn t\u00e2m: V\u1edbi h\u01a1n 10 n\u0103m kinh nghi\u1ec7m, \u0111\u1ed9i ng\u0169 nh\u00e2n vi\u00ean l\u00e0nh ngh\u1ec1, Kim Long Ph\u00e1t t\u1ef1 h\u00e0o s\u1ebd mang l\u1ea1i d\u1ecbch v\u1ee5 chuy\u00ean nghi\u1ec7p nh\u1ea5t.<\/p>\n<p>\u2022 Tr\u1ecdn g\u00f3i d\u1ecbch v\u1ee5: Kh\u00f4ng ch\u1ec9 cho thu\u00ea m\u00e1y Daikio DK-6000A, Kim Long Ph\u00e1t (dienmayklp) cam k\u1ebft h\u1ed7 tr\u1ee3 t\u1eeb kh\u00e2u v\u1eadn chuy\u1ec3n, l\u1eafp \u0111\u1eb7t, theo d\u00f5i, h\u01b0\u1edbng d\u1eabn kh\u00e1ch h\u00e0ng t\u1ed1t nh\u1ea5t. T\u1ea5t c\u1ea3 \u0111\u1ec1u\u00a0<strong>mi\u1ec5n ph\u00ed<\/strong>.<\/p>\n<p>\u2022 Gi\u00e1 c\u1ea3 ph\u00f9 h\u1ee3p v\u00e0 qu\u00e0 t\u1eb7ng h\u1ea5p d\u1eabn: Kh\u00f4ng ch\u1ec9 h\u1ed7 tr\u1ee3 v\u1eadn chuy\u1ec3n, l\u1eafp \u0111\u1eb7t,&#8230; gi\u00e1 thu\u00ea Daikio DK-6000A c\u0169ng r\u1ea5t h\u1ee3p l\u00fd, r\u1ebb nh\u1ea5t th\u1ecb tr\u01b0\u1eddng TP. H\u1ed3 Ch\u00ed Minh c\u00f9ng nhi\u1ec1u qu\u00e0 t\u1eb7ng h\u1ea5p d\u1eabn khi thu\u00ea v\u1edbi s\u1ed1 l\u01b0\u1ee3ng l\u1edbn. (<strong>\u01afu\u00a0\u0111\u00e3i v\u1ec1 gi\u00e1 khi thu\u00ea s\u1ed1 l\u01b0\u1ee3ng l\u1edbn<\/strong>)<\/p>\n<p>&nbsp;<\/p>\n<p>&nbsp;<\/p>\n<p>\u0110i\u1ec7n m\u00e1y Kim Long Ph\u00e1t l\u00e0 \u0111\u01a1n v\u1ecb ph\u00e2n ph\u1ed1i v\u00e0 cho thu\u00ea m\u00e1y l\u00e0m m\u00e1t uy t\u00edn \u0111\u01b0\u1ee3c th\u00e0nh l\u1eadp t\u1eeb n\u0103m 2009. Ngo\u00e0i ra, \u0111\u01a1n c\u0169ng \u0111i \u0111\u1ea7u trong l\u0129nh v\u1ef1c kinh doanh v\u00e0 cho thu\u00ea m\u00e1y t\u1ea1o n\u01b0\u1edbc ion ki\u1ec1m, robot h\u00fat b\u1ee5i lau nh\u00e0,&#8230; \u0110\u1ec3 c\u00f3 th\u00eam th\u00f4ng tin chi ti\u1ebft, b\u1ea1n c\u00f3 th\u1ec3 truy c\u1eadp v\u00e0o\u00a0<span style=\"color: #00aae7;\"><a style=\"color: #00aae7;\" href=\"https:\/\/dienmayklp.vn\/\" target=\"_blank\" rel=\"noopener nofollow\">dienmayklp.vn<\/a><\/span>\u00a0ho\u1eb7c s\u1ed1 \u0111i\u1ec7n tho\u1ea1i:\u00a0<span style=\"color: #ff0000;\"><strong>028 2253 5834<\/strong><\/span><\/p>\n<p>&nbsp;<\/p>\n<p><span lang=\"EN-GB\">M\u1ecdi th\u00f4ng tin chi ti\u1ebft xin li\u00ean h\u1ec7:<\/span><\/p>\n<p><span style=\"background-color: #ffffff; color: #3366ff;\"><b><i><span lang=\"EN-GB\">C\u00d4NG TY C\u1ed4 PH\u1ea6N TH\u01af\u01a0NG M\u1ea0I V\u00c0 X\u00c2Y D\u1ef0NG KIM LONG PH\u00c1T<\/span><\/i><\/b><\/span><\/p>\n<p><i><span lang=\"EN-GB\">Showroom 1:<\/span><\/i><span lang=\"EN-GB\">\u00a0228 \u0110\u01b0\u1eddng III, KDC Khang \u0110i\u1ec1n, P. Ph\u01b0\u1edbc Long B, Qu\u1eadn 9, TP.\u00a0H\u1ed3 Ch\u00ed Minh<\/span><\/p>\n<p><i><span lang=\"EN-GB\">Showroom 2:\u00a0<\/span><\/i><span lang=\"EN-GB\">T\u00f2a S1.01 &#8211; 05.01. Shophouse S01 &#8211; Vinhomes Grand Park &#8211; 200 Nguy\u1ec5n Xi\u1ec3n, P.\u00a0Long Th\u1ea1nh M\u1ef9, Qu\u1eadn 9, TP. H\u1ed3 Ch\u00ed Minh<\/span><\/p>\n<p><i><span lang=\"EN-GB\">Hotline t\u01b0 v\u1ea5n:<\/span><\/i><span lang=\"EN-GB\">\u00a0<span style=\"color: #ff0000;\"><b>028 2253 5834<\/b><\/span><\/span><\/p>\n<p><i><span lang=\"EN-GB\">\u0110\u1eb7t h\u00e0ng tr\u1ef1c tuy\u1ebfn:<\/span><\/i><span lang=\"EN-GB\">\u00a0<span style=\"color: #ff0000;\"><b>0888 124 839<\/b><\/span><\/span><\/p>\n<p><i><span lang=\"EN-GB\">Email:<\/span><\/i>\u00a0<span style=\"color: #3366ff;\"><a style=\"color: #3366ff;\" href=\"mailto:cskh@klp.vn?subject=Ph%E1%BA%A3n%20H%E1%BB%93i%20%C4%90i%E1%BB%87n%20M%C3%A1y%20Kim%20Long%20Ph%C3%A1t&amp;body=%C4%90i%E1%BB%87n%20M%C3%A1y%20Kim%20Long%20Ph%C3%A1t%20K%C3%ADnh%20ch%C3%A0o%20qu%C3%BD%20kh%C3%A1ch!%0AMong%20nh%E1%BA%ADn%20%C4%91%C6%B0%E1%BB%A3c%20%C3%BD%20ki%E1%BA%BFn%20ph%E1%BA%A3n%20h%E1%BB%93i%20t%E1%BB%AB%20Anh%2FCh%E1%BB%8B\">cskh@klp.vn<\/a><\/span><\/p>\n<p><i><span lang=\"EN-GB\">Website:<\/span><\/i>\u00a0<a href=\"http:\/\/dienmayklp.vn\/\" target=\"_blank\" rel=\"noopener nofollow\"><span style=\"color: #3366ff;\">dienmayklp.vn<\/span><\/a><span lang=\"EN-GB\">\u00a0 |\u00a0\u00a0<\/span><span style=\"color: #3366ff;\"><a style=\"color: #3366ff;\" href=\"http:\/\/klp.vn\/\" rel=\"nofollow noopener\" target=\"_blank\">klp.vn<\/a><\/span><\/p>\n","protected":false},"excerpt":{"rendered":"<p>Th\u1eddi ti\u1ebft n\u1eafng n\u00f3ng, kh\u00f4 h\u1ea1n k\u00e9o d\u00e0i do \u1ea3nh h\u01b0\u1edfng c\u1ee7a bi\u1ebfn \u0111\u1ed5i kh\u00ed h\u1eadu, l\u00e0m kh\u00f4ng \u00edt ng\u01b0\u1eddi c\u00f3 c\u1ea3m gi\u00e1c kh\u00f3 ch\u1ecbu. Vi\u1ec7c trang b\u1ecb\u00a0m\u00e1y l\u00e0m m\u00e1t\u00a0\u0111\u1ec3\u00a0gi\u1ea3i nhi\u1ec7t hi\u1ec7u qu\u1ea3 trong th\u1eddi gian ng\u1eafn v\u00e0 ti\u1ebft ki\u1ec7m chi ph\u00ed l\u00e0 \u01b0u ti\u00ean h\u00e0ng \u0111\u1ea7u. &nbsp; \u0110\u1ec3 \u0111\u00e1p \u1ee9ng nhu c\u1ea7u cho kh\u00e1ch [&#8230;]\n","protected":false},"featured_media":402,"comment_status":"open","ping_status":"closed","template":"","meta":{"_acf_changed":false},"product_brand":[73],"product_cat":[71],"product_tag":[],"class_list":{"0":"post-394","1":"product","2":"type-product","3":"status-publish","4":"has-post-thumbnail","6":"product_brand-daikio","7":"product_cat-he-thong-loc-nuoc-tho","9":"first","10":"instock","11":"taxable","12":"shipping-taxable","13":"purchasable","14":"product-type-simple"},"acf":[],"_links":{"self":[{"href":"https:\/\/songxanhwater.com\/index.php?rest_route=\/wp\/v2\/product\/394","targetHints":{"allow":["GET"]}}],"collection":[{"href":"https:\/\/songxanhwater.com\/index.php?rest_route=\/wp\/v2\/product"}],"about":[{"href":"https:\/\/songxanhwater.com\/index.php?rest_route=\/wp\/v2\/types\/product"}],"replies":[{"embeddable":true,"href":"https:\/\/songxanhwater.com\/index.php?rest_route=%2Fwp%2Fv2%2Fcomments&post=394"}],"wp:featuredmedia":[{"embeddable":true,"href":"https:\/\/songxanhwater.com\/index.php?rest_route=\/wp\/v2\/media\/402"}],"wp:attachment":[{"href":"https:\/\/songxanhwater.com\/index.php?rest_route=%2Fwp%2Fv2%2Fmedia&parent=394"}],"wp:term":[{"taxonomy":"product_brand","embeddable":true,"href":"https:\/\/songxanhwater.com\/index.php?rest_route=%2Fwp%2Fv2%2Fproduct_brand&post=394"},{"taxonomy":"product_cat","embeddable":true,"href":"https:\/\/songxanhwater.com\/index.php?rest_route=%2Fwp%2Fv2%2Fproduct_cat&post=394"},{"taxonomy":"product_tag","embeddable":true,"href":"https:\/\/songxanhwater.com\/index.php?rest_route=%2Fwp%2Fv2%2Fproduct_tag&post=394"}],"curies":[{"name":"wp","href":"https:\/\/api.w.org\/{rel}","templated":true}]}}