{"id":383,"date":"2025-03-28T09:16:42","date_gmt":"2025-03-28T09:16:42","guid":{"rendered":"https:\/\/dienmayklp.vn\/?post_type=product&#038;p=383"},"modified":"2025-05-25T12:17:38","modified_gmt":"2025-05-25T12:17:38","slug":"cho-thue-may-lam-mat-daikio-dk-9000a","status":"publish","type":"product","link":"https:\/\/songxanhwater.com\/?product=cho-thue-may-lam-mat-daikio-dk-9000a","title":{"rendered":"Cho Thu\u00ea M\u00e1y L\u00e0m M\u00e1t Daikio DK-9000A"},"content":{"rendered":"<p>M\u00e1y l\u00e0m m\u00e1t DK-9000A l\u00e0 thi\u1ebft b\u1ecb l\u00e0m m\u00e1t t\u1ed1t cho s\u1ee9c kh\u1ecfe, \u0111\u1eb7c bi\u1ec7t l\u00e0 trong th\u1eddi gian cao \u0111i\u1ec3m n\u1eafng n\u00f3ng, khi ch\u00fang ta c\u1ea7n kh\u00f4ng kh\u00ed d\u1ec5 ch\u1ecbu. Daikio DK-9000A th\u00edch h\u1ee3p s\u1eed d\u1ee5ng cho kh\u00f4ng gian m\u1edf nh\u01b0: nh\u00e0 x\u01b0\u1edfng, cafe s\u00e2n v\u01b0\u1eddn, nh\u00e0 h\u00e0ng, qu\u00e1n \u0103n, ph\u00f2ng game, showroom, s\u1ea3nh ch\u1edd, s\u1ef1 ki\u1ec7n ngo\u00e0i tr\u1eddi, h\u1ed9i ch\u1ee3, khu vui ch\u01a1i&#8230; H\u00f4m nay,\u00a0<span style=\"color: #00aae7;\"><a style=\"color: #00aae7;\" href=\"https:\/\/dienmayklp.vn\/\" target=\"_blank\" rel=\"noopener nofollow\">\u0110i\u1ec7n M\u00e1y Kim Long Ph\u00e1t (KLP)<\/a><\/span>\u00a0s\u1ebd gi\u1edbi thi\u1ec7u d\u1ecbch v\u1ee5 cho thu\u00ea m\u00e1y l\u00e0m m\u00e1t Daikio DK-9000A v\u1eeba ti\u1ec7n l\u1ee3i, v\u1eeba ti\u1ebft ki\u1ec7m.<\/p>\n<p>Xem th\u00eam:\u00a0<span style=\"color: #00aae7;\"><a style=\"color: #00aae7;\" href=\"https:\/\/dienmayklp.vn\/cho-thue-may-lam-mat\" target=\"_blank\" rel=\"noopener nofollow\"><em>d\u1ecbch v\u1ee5 cho thu\u00ea m\u00e1y l\u00e0m m\u00e1t t\u1ea1i Kim Long Ph\u00e1t<\/em><\/a><\/span><\/p>\n<p>&nbsp;<\/p>\n<h2><span style=\"color: #3366ff;\">1. D\u1ecbch v\u1ee5 cho thu\u00ea m\u00e1y l\u00e0m m\u00e1t DK-9000A<\/span><\/h2>\n<p>Tr\u00ean th\u1ecb tr\u01b0\u1eddng hi\u1ec7n nay, c\u00f3 r\u1ea5t nhi\u1ec1u c\u01a1 s\u1edf cho thu\u00ea m\u00e1y l\u00e0m m\u00e1t DK-9000A c\u1ee7a\u00a0<span style=\"color: #00aae7;\"><a style=\"color: #00aae7;\" href=\"https:\/\/dienmayklp.vn\/may-lam-mat-daikio\" target=\"_blank\" rel=\"noopener nofollow\">Daikiosan<\/a><\/span>\u00a0v\u1edbi nhi\u1ec1u m\u1ee9c gi\u00e1 v\u00e0 ch\u00ednh s\u00e1ch h\u1ea5p d\u1eabn, nh\u01b0 \u0111i\u1ec7n m\u00e1y Kim Long Ph\u00e1t (KLP). V\u1eady \u0111i\u1ec1u g\u00ec \u0111\u00e3 l\u00e0m cho d\u1ecbch v\u1ee5 n\u00e0y n\u1edf r\u1ed9 \u0111\u1ebfn th\u1ebf?<\/p>\n<p>&nbsp;<\/p>\n<p><img decoding=\"async\" class=\"aligncenter\" src=\"https:\/\/web.archive.org\/web\/20240920201313im_\/https:\/\/bizweb.dktcdn.net\/100\/041\/744\/files\/cho-thue-may-lam-mat-daikio-tai-san-khau-lan-anh-cho-le-khai-giang-nam-hoc-moi-truong-dai-hoc-nguyen-tat-thanh-b71c33cc-056e-4963-b964-856674a743c4.jpg?v=1575446481593\" data-thumb=\"original\" \/><\/p>\n<p>&nbsp;<\/p>\n<p>M\u00e1y l\u00e0m m\u00e1t kh\u00f4ng kh\u00ed\u00a0l\u00e0 m\u1ed9t trong nh\u1eefng s\u1ea3n ph\u1ea9m r\u1ea5t quan tr\u1ecdng, s\u1eed d\u1ee5ng ph\u1ed5 bi\u1ebfn v\u00e0 \u0111\u1eb7c bi\u1ec7t ch\u00fang kh\u00f4ng qu\u00e1 xa l\u1ea1 v\u1edbi ng\u01b0\u1eddi ti\u00eau d\u00f9ng hi\u1ec7n nay. Ch\u00fang ta b\u1eaft g\u1eb7p c\u00e1c thi\u1ebft b\u1ecb n\u00e0y trong gian ph\u00f2ng kh\u00e1ch c\u1ee7a nh\u1eefng ng\u00f4i nh\u00e0, c\u00e1c s\u1ef1 ki\u1ec7n \u0111\u00f4ng ng\u01b0\u1eddi nh\u01b0 trong h\u1ed9i tr\u01b0\u1eddng, nh\u00e0 h\u00e1t cho \u0111\u1ebfn c\u00e1c kh\u00f4ng gian m\u1edf nh\u01b0 c\u00e1c bu\u1ed5i ti\u1ec7c ngo\u00e0i tr\u1eddi.<\/p>\n<p>&nbsp;<\/p>\n<p>\u1ede nh\u1eefng kh\u00f4ng gian m\u1edf, th\u01b0\u1eddng xuy\u00ean t\u1ea3n nhi\u1ec7t \u0111\u1ed9 l\u1edbn nh\u01b0 \u0111\u00e1m h\u1ecfi, ti\u1ec7c c\u01b0\u1edbi, s\u1ef1 ki\u1ec7n,\u2026 vi\u1ec7c s\u1eed d\u1ee5ng m\u00e1y l\u00e0m m\u00e1t kh\u00f4ng kh\u00ed l\u00e0 m\u1ed9t ph\u1ea7n r\u1ea5t c\u1ea7n thi\u1ebft, gi\u00fap gi\u1ea3i quy\u1ebft \u0111\u01b0\u1ee3c b\u00e0i to\u00e1n n\u00f3ng n\u1ef1c trong khi d\u1ef1 ti\u1ec7c khi\u1ebfn c\u00e1c kh\u00e1ch tham gia b\u1ecf v\u1ec1 s\u1edbm. Nh\u01b0ng v\u1edbi chi ph\u00ed qu\u00e1 cao ho\u1eb7c ch\u1ec9 l\u00e0 m\u1ed9t bu\u1ed5i ti\u1ec7c kh\u00f4ng th\u1ec3 n\u00e0o v\u00ec th\u1ebf m\u00e0 s\u1eafm c\u1ea3 m\u1ed9t b\u1ed9 m\u00e1y l\u00e0m m\u00e1t c\u1ea3 tr\u0103m tri\u1ec7u \u0111\u01b0\u1ee3c, v\u00ec th\u1ebf d\u1ecbch v\u1ee5 cho thu\u00ea m\u00e1y l\u00e0m m\u00e1t Daikio DK-9000A ra \u0111\u1eddi.<\/p>\n<p>&nbsp;<\/p>\n<p><img decoding=\"async\" class=\"aligncenter\" src=\"https:\/\/web.archive.org\/web\/20240920201313im_\/https:\/\/bizweb.dktcdn.net\/100\/041\/744\/files\/cho-thue-chuong-trinhsamsung-galaxy-j7-prime-06d85605-922f-4f23-8575-e91effdc7c49.jpg?v=1575446526410\" data-thumb=\"original\" \/><\/p>\n<p>&nbsp;<\/p>\n<p>\u01afu \u0111i\u1ec3m quan tr\u1ecdng c\u1ee7a m\u00e1y l\u00e0m m\u00e1t Daikio DK-9000A l\u00e0 ch\u00fang c\u00f3 th\u1ec3 l\u00e0m m\u00e1t m\u1ed9t di\u1ec7n t\u00edch hay kh\u00f4ng gian nh\u1ecf l\u1edbn kh\u00e1c nhau c\u00f9ng v\u1edbi nh\u1eefng t\u00ednh n\u0103ng th\u00f4ng minh gi\u00fap kh\u00f4ng kh\u00ed tr\u1edf n\u00ean m\u00e1t m\u1ebb h\u01a1n. Gi\u00fap ti\u1ebft ki\u1ec7m \u0111i\u1ec7n n\u0103ng \u0111\u00e1ng k\u1ec3, \u0111\u1ed9 b\u1ec1n cao v\u00e0 gi\u00e1 th\u00e0nh hi\u1ec7n nay v\u00f4 c\u00f9ng t\u1ed1t.<\/p>\n<p>&nbsp;<\/p>\n<p>\u0110i\u1ec7n m\u00e1y Kim Long Ph\u00e1t (KLP) l\u00e0 nh\u00e0 ph\u00e2n ph\u1ed1i v\u00e0 cho thu\u00ea m\u00e1y l\u00e0m m\u00e1t Daikio DK-9000A c\u0169ng nh\u01b0 c\u00e1c d\u00f2ng m\u00e1y l\u00e0m m\u00e1t kh\u00e1c. H\u00e3y c\u00f9ng Kim Long Ph\u00e1t (KLP) t\u00ecm hi\u1ec3u nh\u1eefng t\u00ednh n\u0103ng n\u1ed5i b\u1eadt nh\u1ea5t c\u1ee7a m\u00e1y \u0111\u1ec3 hi\u1ec3u l\u00fd do t\u1ea1i sao \u0111\u00e2y l\u00e0 s\u1ea3n c\u1ea7n cho c\u00e1c h\u1ed9i ngh\u1ecb, ti\u1ec7c c\u01b0\u1edbi nh\u00e9.<\/p>\n<p>&nbsp;<\/p>\n<h2><span style=\"color: #3366ff;\">2. V\u00ec sao n\u00ean thu\u00ea m\u00e1y l\u00e0m m\u00e1t Daikio DK-9000A<\/span><\/h2>\n<p>M\u00e1y l\u00e0m m\u00e1t kh\u00f4ng kh\u00ed Daikio DK-9000A \u0111\u01b0\u1ee3c s\u1ea3n xu\u1ea5t theo c\u00f4ng ngh\u1ec7 Nh\u1eadt B\u1ea3n, c\u00f3 \u0111\u1ed9 b\u1ec1n r\u1ea5t cao. V\u1ecf m\u00e1y l\u00e0m b\u1eb1ng nh\u1ef1a cao c\u1ea5p, r\u1ea5t sang tr\u1ecdng, th\u00edch h\u1ee3p cho m\u1ecdi kh\u00f4ng gian. Daikio DK-9000A\u00a0c\u00f3 ch\u1ebf \u0111\u1ed9 h\u1eb9n gi\u1edd 24 ti\u1ebfng v\u1edbi 3 c\u1ea5p \u0111\u1ed9 gi\u00f3 gi\u00fap b\u1ea1n l\u1ef1a ch\u1ecdn ch\u1ebf \u0111\u1ed9 gi\u00f3 ph\u00f9 h\u1ee3p v\u1edbi nhu c\u1ea7u gi\u00fap ti\u1ebft ki\u1ec7m \u0111i\u1ec7n. Ch\u1ebf \u0111\u1ed9 \u0111\u1ea3o gi\u00f3 4 chi\u1ec1u gi\u00fap lu\u00e2n chuy\u1ec3n kh\u00ed m\u00e1t kh\u1eafp quanh ph\u00f2ng, mang l\u1ea1i b\u1ea7u kh\u00f4ng kh\u00ed th\u1eadt m\u00e1t m\u1ebb trong nh\u1eefng ng\u00e0y h\u00e8 n\u1eafng n\u00f3ng.<\/p>\n<p>&nbsp;<\/p>\n<p><img loading=\"lazy\" decoding=\"async\" class=\"size-medium wp-image-1761 aligncenter\" src=\"https:\/\/dienmayklp.vn\/wp-content\/uploads\/2025\/03\/c121f2817a59bf4f10637d8a8610ee7d-500x400.webp\" alt=\"\" width=\"500\" height=\"400\" srcset=\"https:\/\/songxanhwater.com\/wp-content\/uploads\/2025\/03\/c121f2817a59bf4f10637d8a8610ee7d-500x400.webp 500w, https:\/\/songxanhwater.com\/wp-content\/uploads\/2025\/03\/c121f2817a59bf4f10637d8a8610ee7d-768x614.webp 768w, https:\/\/songxanhwater.com\/wp-content\/uploads\/2025\/03\/c121f2817a59bf4f10637d8a8610ee7d-600x480.webp 600w, https:\/\/songxanhwater.com\/wp-content\/uploads\/2025\/03\/c121f2817a59bf4f10637d8a8610ee7d.webp 900w\" sizes=\"auto, (max-width: 500px) 100vw, 500px\" \/><\/p>\n<p>&nbsp;<\/p>\n<h3><span style=\"color: #3366ff;\">2.1 L\u00e0m m\u00e1t nhanh b\u1eb1ng h\u01a1i n\u01b0\u1edbc<\/span><\/h3>\n<p>M\u00e1y l\u00e0m m\u00e1t cao c\u1ea5p Daikio DK-9000A l\u00e0m m\u00e1t nhanh\u00a0nh\u1edd h\u1ec7 th\u1ed1ng l\u00e0m m\u00e1t b\u1eb1ng h\u01a1i n\u01b0\u1edbc t\u1ef1 nhi\u00ean. C\u00e1c b\u1ed9 ph\u1eadn c\u1ea5u th\u00e0nh \u0111\u1ec1u \u0111\u01b0\u1ee3c thi\u1ebft k\u1ebf \u0111\u1eb7c bi\u1ec7t v\u1edbi c\u00f4ng ngh\u1ec7 cao n\u00ean hi\u1ec7u su\u1ea5t l\u00e0m m\u00e1t c\u0169ng nh\u01b0 \u0111\u1ed9 b\u1ec1n cao h\u01a1n c\u00e1c s\u1ea3n ph\u1ea9m th\u00f4ng th\u01b0\u1eddng kh\u00e1c. \u0110\u1eb7c bi\u1ec7t, t\u1ea5m l\u00e0m m\u00e1t (cooling pad) \u0111\u01b0\u1ee3c t\u1ea1o th\u00e0nh b\u1eb1ng g\u1ed7 t\u1ef1 nhi\u00ean, ph\u1ee7 th\u00eam l\u1edbp ch\u1ed1ng rong r\u00eau, n\u1ea5m m\u1ed1c, c\u1ea5u t\u1ea1o z\u00edc z\u1eafc h\u00ecnh t\u1ed5 ong m\u00f4 ph\u1ecfng nh\u01b0 con s\u00f3ng\u2026 gi\u00fap h\u1ea1 nhi\u1ec7t \u0111\u1ed9 nhanh ch\u00f3ng kho\u1ea3ng t\u1eeb 5 &#8211; 7 \u0111\u1ed9 C t\u00f9y thu\u1ed9c v\u00e0o m\u00f4i tr\u01b0\u1eddng b\u00ean ngo\u00e0i.<\/p>\n<p>&nbsp;<\/p>\n<p><img decoding=\"async\" class=\"aligncenter\" src=\"https:\/\/web.archive.org\/web\/20240920201313im_\/https:\/\/bizweb.dktcdn.net\/100\/041\/744\/files\/su-kien-tot-nghiep-thac-sy-tai-truong-dai-hoc-ton-duc-thang-3699d234-d81a-428a-af15-c3ce6c062648.jpg?v=1575446749036\" data-thumb=\"original\" \/><\/p>\n<p>&nbsp;<\/p>\n<h3><span style=\"color: #3366ff;\">2.2 L\u1ecdc s\u1ea1ch b\u1ee5i v\u00e0 m\u00f9i h\u00f4i trong kh\u00f4ng kh\u00ed<\/span><\/h3>\n<p>Kh\u00f4ng kh\u00ed ng\u00e0y c\u00e0ng \u00f4 nhi\u1ec5m n\u1eb7ng, \u0111\u1eb7c bi\u1ec7t l\u00e0 v\u00e0o m\u00f9a h\u00e8 &#8211; th\u1eddi \u0111i\u1ec3m con ng\u01b0\u1eddi d\u1ec5 m\u1eafc ph\u1ea3i nhi\u1ec1u b\u1ec7nh v\u1ec1 h\u00f4 h\u1ea5p nguy hi\u1ec3m. Ch\u00ednh v\u00ec v\u1eady, qu\u1ea1t l\u00e0m m\u00e1t Daikio DK-9000A c\u00f3 t\u00edch h\u1ee3p th\u00eam h\u1ec7 th\u1ed1ng l\u01b0\u1edbi l\u1ecdc th\u00f4ng minh, c\u00f3 th\u1ec3 thanh l\u1ecdc b\u1ee5i b\u1ea9n v\u00e0 m\u00f9i h\u00f4i, m\u00f9i thu\u1ed1c l\u00e1,\u2026 c\u00f3 trong kh\u00f4ng kh\u00ed, tr\u1ea3 l\u1ea1i cho b\u1ea1n kh\u00f4ng gian s\u1ed1ng trong l\u00e0nh, d\u1ec5 ch\u1ecbu.<\/p>\n<p>&nbsp;<\/p>\n<p><img loading=\"lazy\" decoding=\"async\" class=\"size-medium wp-image-1759 aligncenter\" src=\"https:\/\/dienmayklp.vn\/wp-content\/uploads\/2025\/03\/z769110345468-3b11d2554e537c1aa22ad12ad2470848-533x400.jpg\" alt=\"\" width=\"533\" height=\"400\" srcset=\"https:\/\/songxanhwater.com\/wp-content\/uploads\/2025\/03\/z769110345468-3b11d2554e537c1aa22ad12ad2470848-533x400.jpg 533w, https:\/\/songxanhwater.com\/wp-content\/uploads\/2025\/03\/z769110345468-3b11d2554e537c1aa22ad12ad2470848-1067x800.jpg 1067w, https:\/\/songxanhwater.com\/wp-content\/uploads\/2025\/03\/z769110345468-3b11d2554e537c1aa22ad12ad2470848-768x576.jpg 768w, https:\/\/songxanhwater.com\/wp-content\/uploads\/2025\/03\/z769110345468-3b11d2554e537c1aa22ad12ad2470848-1536x1152.jpg 1536w, https:\/\/songxanhwater.com\/wp-content\/uploads\/2025\/03\/z769110345468-3b11d2554e537c1aa22ad12ad2470848-2048x1536.jpg 2048w, https:\/\/songxanhwater.com\/wp-content\/uploads\/2025\/03\/z769110345468-3b11d2554e537c1aa22ad12ad2470848-600x450.jpg 600w\" sizes=\"auto, (max-width: 533px) 100vw, 533px\" \/><\/p>\n<p>&nbsp;<\/p>\n<h3><span style=\"color: #3366ff;\">2.3 Ti\u1ebft ki\u1ec7m \u0111i\u1ec7n n\u0103ng<\/span><\/h3>\n<p>L\u1ef1a ch\u1ecdn \u0111\u01b0\u1ee3c s\u1ea3n ph\u1ea9m ti\u1ebft ki\u1ec7m \u0111i\u1ec7n n\u0103ng l\u00e0 s\u1ef1 \u01b0u ti\u00ean c\u1ee7a ng\u01b0\u1eddi ti\u00eau d\u00f9ng. C\u00f3 th\u1ec3 n\u00f3i, s\u1ea3n ph\u1ea9m m\u00e1y l\u00e0m m\u00e1t\u00a0Daikio\u00a0ra \u0111\u1eddi \u0111\u00e3 kh\u01a1i ngu\u1ed3n cho cu\u1ed9c \u201cc\u00e1ch m\u1ea1ng\u201d ti\u1ebft ki\u1ec7m \u0111i\u1ec7n v\u00f4 c\u00f9ng l\u00fd t\u01b0\u1edfng. S\u1eed d\u1ee5ng qu\u1ea1t \u0111i\u1ec1u h\u00f2a Daikio DK-9000A si\u00eau ti\u1ebft ki\u1ec7m \u0111i\u1ec7n n\u0103ng so v\u1edbi \u0111i\u1ec1u h\u00f2a. \u0110\u1eb7c bi\u1ec7t, s\u1ea3n ph\u1ea9m s\u1eed d\u1ee5ng cho c\u00e1c lo\u1ea1i kh\u00f4ng gian, k\u1ec3 c\u1ea3 kh\u00f4ng gian m\u1edf m\u00e0 b\u1ea1n kh\u00f4ng ti\u00eau t\u1ed1n b\u1ea5t c\u1ee9 chi ph\u00ed v\u1eadn h\u00e0nh n\u00e0o kh\u00e1c.<\/p>\n<p>&nbsp;<\/p>\n<h3><span style=\"color: #3366ff;\">2.4 C\u00e2n b\u1eb1ng \u0111\u1ed9 \u1ea9m v\u1ec1 m\u1ee9c l\u00fd t\u01b0\u1edfng<\/span><\/h3>\n<p>Kh\u00e1c v\u1edbi \u0111i\u1ec1u h\u00f2a hay qu\u1ea1t phun s\u01b0\u01a1ng l\u00e0m cho \u0111\u1ed9 \u1ea9m xu\u1ed1ng th\u1ea5p ho\u1eb7c t\u0103ng cao qu\u00e1 m\u1ee9c, m\u00e1y l\u00e0m m\u00e1t cao c\u1ea5p Daikio DK-9000A s\u1ebd c\u00e2n b\u1eb1ng \u0111\u1ed9 \u1ea9m v\u1ec1 m\u1ee9c l\u00fd t\u01b0\u1edfng. M\u1ee9c \u0111\u1ed9 \u1ea9m ti\u00eau chu\u1ea9n s\u1ebd t\u1ed1t cho da, s\u1ee9c kh\u1ecfe v\u00e0 m\u00f4i tr\u01b0\u1eddng xung quanh.<\/p>\n<p>&nbsp;<\/p>\n<h3><span style=\"color: #3366ff;\">2.5 Gi\u1ea3i ph\u00e1p ho\u00e0n h\u1ea3o cho kh\u00f4ng gian m\u1edf<\/span><\/h3>\n<p>Daikio DK-9000A \u0111\u01b0\u1ee3c thi\u1ebft k\u1ebf d\u00f9ng cho c\u00e1c kh\u00f4ng gian m\u1edf, ngo\u00e0i tr\u1eddi. B\u1ea1n c\u00f3 th\u1ec3 di chuy\u1ec3n m\u00e1y d\u1ec5 d\u00e0ng \u0111\u1ebfn c\u00e1c kh\u00f4ng gian m\u00e0 b\u1ea1n mu\u1ed1n l\u00e0m m\u00e1t.<\/p>\n<p>&nbsp;<\/p>\n<p><img decoding=\"async\" class=\"aligncenter\" src=\"https:\/\/web.archive.org\/web\/20240920201313im_\/https:\/\/bizweb.dktcdn.net\/100\/041\/744\/files\/may-lam-mat-daikio-dk-9000a-4.jpg?v=1572664543214\" data-thumb=\"original\" \/><\/p>\n<p>&nbsp;<\/p>\n<h3><span style=\"color: #3366ff;\">2.6 B\u00ecnh n\u01b0\u1edbc l\u00ean \u0111\u1ebfn 70 l\u00edt, di chuy\u1ec3n d\u1ec5 d\u00e0ng<\/span><\/h3>\n<p>Daikio DK-9000A\u00a0l\u00e0 m\u1ed9t trong 3 s\u1ea3n ph\u1ea9m (<span style=\"color: #00aae7;\"><a style=\"color: #00aae7;\" href=\"https:\/\/dienmayklp.vn\/may-lam-mat-cao-cap-daikiosan-dka-06000a\" target=\"_blank\" rel=\"noopener nofollow\">Daikio DK-6000A<\/a><\/span>,\u00a0Daikio DK-7000A,\u00a0Daikio DK-9000A) c\u00f3 b\u00ecnh ch\u1ee9a n\u01b0\u1edbc l\u1edbn. B\u00ecnh n\u01b0\u1edbc c\u00f3 s\u1ee9c ch\u1ee9a \u0111\u1ebfn 70 l\u00edt gi\u00fap t\u0103ng hi\u1ec7u su\u1ea5t l\u00e0m m\u00e1t kh\u00f4ng kh\u00ed trong m\u1ed9t kho\u1ea3ng th\u1eddi gian r\u1ea5t d\u00e0i m\u00e0 kh\u00f4ng c\u1ea7n lo l\u1eafng b\u1ecb h\u1ebft n\u01b0\u1edbc gi\u1eefa ch\u1eebng. Ngo\u00e0i ra, s\u1ea3n ph\u1ea9m c\u00f2n c\u00f3 r\u01a1 le ng\u1eaft b\u01a1m \u0111\u1ec3 b\u1ea3o v\u1ec7 m\u00e1y an to\u00e0n.<\/p>\n<p>&nbsp;<\/p>\n<p><img loading=\"lazy\" decoding=\"async\" class=\"size-medium wp-image-1757 aligncenter\" src=\"https:\/\/dienmayklp.vn\/wp-content\/uploads\/2025\/03\/cho-thue-may-lam-mat-tai-truong-dai-hoc-tai-chinh-marketing-921ca973-1c28-4238-a4f6-0579b08b5c16-534x400.jpg\" alt=\"\" width=\"534\" height=\"400\" srcset=\"https:\/\/songxanhwater.com\/wp-content\/uploads\/2025\/03\/cho-thue-may-lam-mat-tai-truong-dai-hoc-tai-chinh-marketing-921ca973-1c28-4238-a4f6-0579b08b5c16-534x400.jpg 534w, https:\/\/songxanhwater.com\/wp-content\/uploads\/2025\/03\/cho-thue-may-lam-mat-tai-truong-dai-hoc-tai-chinh-marketing-921ca973-1c28-4238-a4f6-0579b08b5c16-768x575.jpg 768w, https:\/\/songxanhwater.com\/wp-content\/uploads\/2025\/03\/cho-thue-may-lam-mat-tai-truong-dai-hoc-tai-chinh-marketing-921ca973-1c28-4238-a4f6-0579b08b5c16-600x449.jpg 600w, https:\/\/songxanhwater.com\/wp-content\/uploads\/2025\/03\/cho-thue-may-lam-mat-tai-truong-dai-hoc-tai-chinh-marketing-921ca973-1c28-4238-a4f6-0579b08b5c16.jpg 960w\" sizes=\"auto, (max-width: 534px) 100vw, 534px\" \/><\/p>\n<p>&nbsp;<\/p>\n<h3><span style=\"color: #3366ff;\">2.7 C\u00f3 \u0111i\u1ec1u khi\u1ec3n t\u1eeb xa v\u00f4 c\u00f9ng ti\u1ec7n l\u1ee3i<\/span><\/h3>\n<p>S\u1ea3n ph\u1ea9m ra \u0111\u1eddi d\u00e0nh cho c\u00e1c kh\u00f4ng gian s\u1ef1 ki\u1ec7n l\u1edbn ngo\u00e0i tr\u1eddi n\u00ean \u0111\u00e3 t\u00edch h\u1ee3p th\u00eam \u0111i\u1ec1u khi\u1ec3n t\u1eeb xa ti\u1ec7n l\u1ee3i. B\u1ea1n ch\u1ec9 c\u1ea7n \u0111\u1ee9ng t\u1eeb xa \u0111i\u1ec1u khi\u1ec3n m\u00e1y m\u00e0 kh\u00f4ng c\u1ea7n ph\u1ea3i di chuy\u1ec3n.<\/p>\n<p>&nbsp;<\/p>\n<p><img loading=\"lazy\" decoding=\"async\" class=\"size-medium wp-image-1756 aligncenter\" src=\"https:\/\/dienmayklp.vn\/wp-content\/uploads\/2025\/03\/may-lam-mat-khong-khi-daikio-10000a-3-441-91.jpg\" alt=\"\" width=\"600\" height=\"400\" \/><\/p>\n<p>&nbsp;<\/p>\n<h3><span style=\"color: #3366ff;\">2.8 C\u00f3 thi\u1ebft b\u1ecb ch\u1ed1ng gi\u1eadt r\u1ea5t an to\u00e0n<\/span><\/h3>\n<p>\u0110\u1ec3 \u0111\u1ea3m b\u1ea3o an to\u00e0n cho ng\u01b0\u1eddi d\u00f9ng, qu\u1ea1t \u0111i\u1ec1u h\u00f2a Daikio DK-9000A \u0111\u01b0\u1ee3c trang b\u1ecb thi\u1ebft b\u1ecb ch\u1ed1ng gi\u1eadt. Thi\u1ebft b\u1ecb n\u00e0y s\u1ebd t\u1ef1 ng\u1eaft ngu\u1ed3n \u0111i\u1ec7n khi ph\u00e1t hi\u1ec7n ra nguy c\u01a1 \u0111i\u1ec7n gi\u1eadt, r\u00f2 r\u1ec9 hay ch\u00e1y m\u1ea1ng \u0111i\u1ec7n.<\/p>\n<p>&nbsp;<\/p>\n<p><img loading=\"lazy\" decoding=\"async\" class=\"size-medium wp-image-1755 aligncenter\" src=\"https:\/\/dienmayklp.vn\/wp-content\/uploads\/2025\/03\/1511338750-60694-711x400.jpg\" alt=\"\" width=\"711\" height=\"400\" srcset=\"https:\/\/songxanhwater.com\/wp-content\/uploads\/2025\/03\/1511338750-60694-711x400.jpg 711w, https:\/\/songxanhwater.com\/wp-content\/uploads\/2025\/03\/1511338750-60694-768x432.jpg 768w, https:\/\/songxanhwater.com\/wp-content\/uploads\/2025\/03\/1511338750-60694-600x338.jpg 600w, https:\/\/songxanhwater.com\/wp-content\/uploads\/2025\/03\/1511338750-60694.jpg 1280w\" sizes=\"auto, (max-width: 711px) 100vw, 711px\" \/><\/p>\n<p>&nbsp;<\/p>\n<h2><span style=\"color: #3366ff;\">3 Nh\u1eefng cam k\u1ebft khi s\u1eed d\u1ee5ng d\u1ecbch v\u1ee5 t\u1ea1i Kim Long Ph\u00e1t (dienmayklp)<\/span><\/h2>\n<p>\u0110i\u1ec7n m\u00e1y\u00a0<span style=\"color: #00aae7;\"><a style=\"color: #00aae7;\" href=\"https:\/\/dienmayklp.vn\/\" target=\"_blank\" rel=\"noopener nofollow\">Kim Long Ph\u00e1t (KLP)<\/a><\/span>\u00a0l\u00e0 \u0111\u01a1n v\u1ecb d\u1eabn \u0111\u1ea7u th\u1ecb tr\u01b0\u1eddng ph\u00e2n ph\u1ed1i v\u00e0 cho thu\u00ea m\u00e1y l\u00e0m m\u00e1t Daikio DK-9000A\u00a0 t\u1ea1i TP. H\u1ed3 Ch\u00ed Minh v\u00e0 c\u00e1c khu v\u1ef1c l\u00e2n c\u1eadn. V\u1edbi quy m\u00f4 d\u00f9 nh\u1ecf hay l\u1edbn, Kim Long Ph\u00e1t s\u1ebd ph\u1ee5c v\u1ee5 t\u1eadn t\u00ecnh v\u1edbi kh\u00e1ch h\u00e0ng, v\u1edbi t\u1ea5t c\u1ea3 uy t\u00edn, kinh nghi\u1ec7m trong ngh\u1ec1.<\/p>\n<p>&nbsp;<\/p>\n<p>\u0110a d\u1ea1ng m\u1eabu m\u00e3 cho kh\u00e1ch h\u00e0ng l\u1ef1a ch\u1ecdn: Kh\u00f4ng ch\u1ec9 cho thu\u00ea qu\u1ea1t l\u00e0m m\u00e1t Daikio DK-9000A, Kim Long Ph\u00e1t (dienmayklp) c\u00f3 r\u1ea5t nhi\u1ec1u s\u1ea3n ph\u1ea9m, v\u1edbi c\u00f4ng su\u1ea5t kh\u00e1c nhau, ph\u1ee5c v\u1ee5 cho nhi\u1ec1u m\u1ee5c \u0111\u00edch s\u1eed d\u1ee5ng.<\/p>\n<p>Cam k\u1ebft s\u1ea3n ph\u1ea9m m\u1edbi: Kim Long Ph\u00e1t cam k\u1ebft c\u00e1c s\u1ea3n ph\u1ea9m qu\u1ea1t l\u00e0m l\u1ea1nh Daikio DK-9000A \u0111\u1ec1u l\u00e0 nh\u1eefng s\u1ea3n ph\u1ea9m m\u1edbi, ngo\u1ea1i h\u00ecnh \u0111\u1eb9p, kh\u1ea3 n\u0103ng ho\u1ea1t \u0111\u1ed9ng m\u1ea1nh m\u1ebd v\u00e0 ch\u1ea5t l\u01b0\u1ee3ng nh\u1ea5t.<\/p>\n<p>D\u1ecbch v\u1ee5 chuy\u00ean nghi\u1ec7p, nhanh ch\u00f3ng, t\u1eadn t\u00e2m: V\u1edbi h\u01a1n 10 n\u0103m kinh nghi\u1ec7m, \u0111\u1ed9i ng\u0169 nh\u00e2n vi\u00ean l\u00e0nh ngh\u1ec1, Kim Long Ph\u00e1t t\u1ef1 h\u00e0o s\u1ebd mang l\u1ea1i d\u1ecbch v\u1ee5 chuy\u00ean nghi\u1ec7p nh\u1ea5t.<\/p>\n<p>Tr\u1ecdn g\u00f3i d\u1ecbch v\u1ee5: Kh\u00f4ng ch\u1ec9 cho thu\u00ea qu\u1ea1t \u0111i\u1ec1u h\u00f2a Daikio DK-9000A, Kim Long Ph\u00e1t (dienmayklp) cam k\u1ebft h\u1ed7 tr\u1ee3 t\u1eeb kh\u00e2u v\u1eadn chuy\u1ec3n, l\u1eafp \u0111\u1eb7t, theo d\u00f5i, h\u01b0\u1edbng d\u1eabn kh\u00e1ch h\u00e0ng t\u1ed1t nh\u1ea5t. T\u1ea5t c\u1ea3 \u0111\u1ec1u\u00a0<strong>mi\u1ec5n ph\u00ed<\/strong>.<\/p>\n<p>Gi\u00e1 c\u1ea3 ph\u00f9 h\u1ee3p v\u00e0 qu\u00e0 t\u1eb7ng h\u1ea5p d\u1eabn: Kh\u00f4ng ch\u1ec9 h\u1ed7 tr\u1ee3 v\u1eadn chuy\u1ec3n, l\u1eafp \u0111\u1eb7t,&#8230; gi\u00e1 thu\u00ea qu\u1ea1t \u0111i\u1ec1u h\u00f2a Daikio DK-9000A c\u0169ng r\u1ea5t h\u1ee3p l\u00fd, r\u1ebb nh\u1ea5t th\u1ecb tr\u01b0\u1eddng TP. H\u1ed3 Ch\u00ed Minh c\u00f9ng nhi\u1ec1u qu\u00e0 t\u1eb7ng h\u1ea5p d\u1eabn khi thu\u00ea v\u1edbi s\u1ed1 l\u01b0\u1ee3ng l\u1edbn\u00a0<strong>(\u01afu \u0111\u00e3i v\u1ec1 gi\u00e1 khi thu\u00ea s\u1ed1 l\u01b0\u1ee3ng l\u1edbn).<\/strong><\/p>\n<p>\u0110i\u1ec7n m\u00e1y Kim Long Ph\u00e1t l\u00e0 \u0111\u01a1n v\u1ecb ph\u00e2n ph\u1ed1i v\u00e0 cho thu\u00ea m\u00e1y l\u00e0m m\u00e1t uy t\u00edn \u0111\u01b0\u1ee3c th\u00e0nh l\u1eadp t\u1eeb n\u0103m 2009. Ngo\u00e0i ra, \u0111\u01a1n c\u0169ng \u0111i \u0111\u1ea7u trong l\u0129nh v\u1ef1c kinh doanh v\u00e0 cho thu\u00ea m\u00e1y t\u1ea1o n\u01b0\u1edbc ion ki\u1ec1m, robot h\u00fat b\u1ee5i lau nh\u00e0,&#8230; \u0110\u1ec3 c\u00f3 th\u00eam th\u00f4ng tin chi ti\u1ebft, b\u1ea1n c\u00f3 th\u1ec3 truy c\u1eadp v\u00e0o\u00a0<span style=\"color: #00aae7;\"><a style=\"color: #00aae7;\" href=\"https:\/\/dienmayklp.vn\/\" target=\"_blank\" rel=\"noopener nofollow\">dienmayklp.vn<\/a><\/span>\u00a0ho\u1eb7c s\u1ed1 \u0111i\u1ec7n tho\u1ea1i:\u00a0<span style=\"color: #ff0000;\"><strong>1900 571 230<\/strong><\/span><\/p>\n<p>&nbsp;<\/p>\n<p><span lang=\"EN-GB\">M\u1ecdi th\u00f4ng tin chi ti\u1ebft xin li\u00ean h\u1ec7:<\/span><\/p>\n<p><span style=\"color: #00aae7;\"><b><i><span lang=\"EN-GB\">C\u00d4NG TY C\u1ed4 PH\u1ea6N TH\u01af\u01a0NG M\u1ea0I V\u00c0 X\u00c2Y D\u1ef0NG KIM LONG PH\u00c1T<\/span><\/i><\/b><\/span><\/p>\n<p><i><span lang=\"EN-GB\">Showroom 1:<\/span><\/i><span lang=\"EN-GB\">\u00a0228 \u0110\u01b0\u1eddng III, KDC Khang \u0110i\u1ec1n, P. Ph\u01b0\u1edbc Long B, Qu\u1eadn 9, TP.\u00a0H\u1ed3 Ch\u00ed Minh<\/span><\/p>\n<p><i><span lang=\"EN-GB\">Showroom 2:\u00a0<\/span><\/i><span lang=\"EN-GB\">T\u00f2a S1.01 &#8211; 05.01. Shophouse S01 &#8211; Vinhomes Grand Park &#8211; 200 Nguy\u1ec5n Xi\u1ec3n, P.\u00a0Long Th\u1ea1nh M\u1ef9, Qu\u1eadn 9, TP. H\u1ed3 Ch\u00ed Minh<\/span><\/p>\n<p><i><span lang=\"EN-GB\">Hotline t\u01b0 v\u1ea5n:<\/span><\/i><span lang=\"EN-GB\">\u00a0<span style=\"color: #ff0000;\"><b>1900 571 230<\/b><\/span><\/span><\/p>\n<p><i><span lang=\"EN-GB\">\u0110\u1eb7t h\u00e0ng tr\u1ef1c tuy\u1ebfn:<\/span><\/i><span lang=\"EN-GB\">\u00a0<span style=\"color: #ff0000;\"><b>0888 124 839<\/b><\/span><\/span><\/p>\n<p><i><span lang=\"EN-GB\">Email:<\/span><\/i>\u00a0<span style=\"color: #3366ff;\"><a style=\"color: #3366ff;\" href=\"mailto:cskh@klp.vn?subject=Ph%E1%BA%A3n%20H%E1%BB%93i%20%C4%90i%E1%BB%87n%20M%C3%A1y%20Kim%20Long%20Ph%C3%A1t&amp;body=%C4%90i%E1%BB%87n%20M%C3%A1y%20Kim%20Long%20Ph%C3%A1t%20K%C3%ADnh%20ch%C3%A0o%20qu%C3%BD%20kh%C3%A1ch!%0AMong%20nh%E1%BA%ADn%20%C4%91%C6%B0%E1%BB%A3c%20%C3%BD%20ki%E1%BA%BFn%20ph%E1%BA%A3n%20h%E1%BB%93i%20t%E1%BB%AB%20Anh%2FCh%E1%BB%8B\">cskh@klp.vn<\/a><\/span><\/p>\n<p><i><span lang=\"EN-GB\">Website:<\/span><\/i>\u00a0<a href=\"http:\/\/dienmayklp.vn\/\" target=\"_blank\" rel=\"noopener nofollow\"><span style=\"color: #3366ff;\">dienmayklp.vn<\/span><\/a><span lang=\"EN-GB\">\u00a0 |\u00a0\u00a0<\/span><span style=\"color: #3366ff;\"><a style=\"color: #3366ff;\" href=\"http:\/\/klp.vn\/\" rel=\"nofollow noopener\" target=\"_blank\">klp.vn<\/a><\/span><\/p>\n","protected":false},"excerpt":{"rendered":"<p>M\u00e1y l\u00e0m m\u00e1t DK-9000A l\u00e0 thi\u1ebft b\u1ecb l\u00e0m m\u00e1t t\u1ed1t cho s\u1ee9c kh\u1ecfe, \u0111\u1eb7c bi\u1ec7t l\u00e0 trong th\u1eddi gian cao \u0111i\u1ec3m n\u1eafng n\u00f3ng, khi ch\u00fang ta c\u1ea7n kh\u00f4ng kh\u00ed d\u1ec5 ch\u1ecbu. Daikio DK-9000A th\u00edch h\u1ee3p s\u1eed d\u1ee5ng cho kh\u00f4ng gian m\u1edf nh\u01b0: nh\u00e0 x\u01b0\u1edfng, cafe s\u00e2n v\u01b0\u1eddn, nh\u00e0 h\u00e0ng, qu\u00e1n \u0103n, ph\u00f2ng game, showroom, s\u1ea3nh [&#8230;]\n","protected":false},"featured_media":387,"comment_status":"open","ping_status":"closed","template":"","meta":{"_acf_changed":false},"product_brand":[73],"product_cat":[71],"product_tag":[],"class_list":{"0":"post-383","1":"product","2":"type-product","3":"status-publish","4":"has-post-thumbnail","6":"product_brand-daikio","7":"product_cat-he-thong-loc-nuoc-tho","9":"first","10":"instock","11":"taxable","12":"shipping-taxable","13":"purchasable","14":"product-type-simple"},"acf":[],"_links":{"self":[{"href":"https:\/\/songxanhwater.com\/index.php?rest_route=\/wp\/v2\/product\/383","targetHints":{"allow":["GET"]}}],"collection":[{"href":"https:\/\/songxanhwater.com\/index.php?rest_route=\/wp\/v2\/product"}],"about":[{"href":"https:\/\/songxanhwater.com\/index.php?rest_route=\/wp\/v2\/types\/product"}],"replies":[{"embeddable":true,"href":"https:\/\/songxanhwater.com\/index.php?rest_route=%2Fwp%2Fv2%2Fcomments&post=383"}],"wp:featuredmedia":[{"embeddable":true,"href":"https:\/\/songxanhwater.com\/index.php?rest_route=\/wp\/v2\/media\/387"}],"wp:attachment":[{"href":"https:\/\/songxanhwater.com\/index.php?rest_route=%2Fwp%2Fv2%2Fmedia&parent=383"}],"wp:term":[{"taxonomy":"product_brand","embeddable":true,"href":"https:\/\/songxanhwater.com\/index.php?rest_route=%2Fwp%2Fv2%2Fproduct_brand&post=383"},{"taxonomy":"product_cat","embeddable":true,"href":"https:\/\/songxanhwater.com\/index.php?rest_route=%2Fwp%2Fv2%2Fproduct_cat&post=383"},{"taxonomy":"product_tag","embeddable":true,"href":"https:\/\/songxanhwater.com\/index.php?rest_route=%2Fwp%2Fv2%2Fproduct_tag&post=383"}],"curies":[{"name":"wp","href":"https:\/\/api.w.org\/{rel}","templated":true}]}}