{"id":340,"date":"2025-03-27T17:13:34","date_gmt":"2025-03-27T17:13:34","guid":{"rendered":"https:\/\/dienmayklp.vn\/?post_type=product&#038;p=340"},"modified":"2025-05-26T10:52:34","modified_gmt":"2025-05-26T10:52:34","slug":"cho-thue-may-lam-mat-cao-cap-daikio-dk-7000a","status":"publish","type":"product","link":"https:\/\/songxanhwater.com\/?product=cho-thue-may-lam-mat-cao-cap-daikio-dk-7000a","title":{"rendered":"Cho Thu\u00ea M\u00e1y L\u00e0m M\u00e1t Cao C\u1ea5p Daikio DK-7000A"},"content":{"rendered":"<p>M\u00e1y l\u00e0m m\u00e1t kh\u00f4ng kh\u00ed (qu\u1ea1t \u0111i\u1ec1u h\u00f2a) l\u00e0 s\u1ea3n ph\u1ea9m ph\u1ed5 bi\u1ebfn, \u0111\u01b0\u1ee3c s\u1eed d\u1ee5ng r\u1ed9ng r\u00e3i v\u00e0 kh\u00f4ng c\u00f2n xa l\u1ea1 v\u1edbi ng\u01b0\u1eddi ti\u00eau d\u00f9ng hi\u1ec7n nay. M\u1ed9t trong nh\u1eefng thi\u1ebft b\u1ecb n\u1ed5i ti\u1ebfng nh\u1ea5t ph\u1ea3i k\u1ec3 \u0111\u1ebfn \u0111\u00f3 l\u00e0 m\u00e1y l\u00e0m m\u00e1t cao c\u1ea5p Daikio DK-7000A c\u1ee7a Daikio, ng\u00f4i sao s\u00e1ng tr\u00ean b\u1ea7u tr\u1eddi ng\u00e0nh qu\u1ea1t m\u00e1y. H\u00e3y c\u00f9ng<a href=\"https:\/\/dienmayklp.vn\/\" target=\"_blank\" rel=\"noopener nofollow\">\u00a0<span style=\"color: #00aae7;\">Kim Long Ph\u00e1t (KLP)<\/span><\/a>\u00a0t\u00ecm hi\u1ec3u nh\u1eefng t\u00ednh n\u0103ng \u0111\u1eb7c bi\u1ec7t c\u1ee7a m\u00e1y l\u00e0m m\u00e1t Daikio DK-7000A n\u00e0y nh\u00e9!<\/p>\n<p>Xem th\u00eam:\u00a0<span style=\"color: #00aae7;\"><a style=\"color: #00aae7;\" href=\"https:\/\/dienmayklp.vn\/cho-thue-may-lam-mat\" target=\"_blank\" rel=\"noopener nofollow\"><em>d\u1ecbch v\u1ee5 cho thu\u00ea m\u00e1y l\u00e0m m\u00e1t t\u1ea1i Kim Long Ph\u00e1t<\/em><\/a><\/span><\/p>\n<h2><span style=\"color: #3366ff;\">1. M\u00e1y l\u00e0m m\u00e1t Daikio DK-7000A<\/span><\/h2>\n<p>Kh\u00e1i ni\u1ec7m \u201cthu\u00ea m\u00e1y l\u00e0m m\u00e1t\u201d \u0111\u00e3 kh\u00f4ng c\u00f2n m\u1edbi n\u1eefa, nh\u1ea5t l\u00e0 trong th\u1eddi ti\u1ebft n\u1eafng n\u00f3ng hi\u1ec7n nay, th\u1ecb tr\u01b0\u1eddng cho thu\u00ea n\u00e0y c\u0169ng s\u00f4i \u0111\u1ed9ng h\u01a1n bao gi\u1edd h\u1ebft. Tr\u00ean \u0111\u1ecba b\u00e0n TP. H\u1ed3 Ch\u00ed Minh, c\u00f3 \u0111\u1ebfn h\u00e0ng tr\u0103m \u0111\u01a1n v\u1ecb chuy\u00ean cho thu\u00ea m\u00e1y l\u00e0m m\u00e1t ph\u1ee5c v\u1ee5 cho c\u00e1c m\u1ee5c \u0111\u00edch kh\u00e1c nhau c\u1ee7a ng\u01b0\u1eddi d\u00f9ng.<\/p>\n<p>&nbsp;<\/p>\n<p><img loading=\"lazy\" decoding=\"async\" class=\"size-medium wp-image-1753 aligncenter\" src=\"https:\/\/dienmayklp.vn\/wp-content\/uploads\/2025\/03\/may-lam-mat-daikio-7000a-320x400.webp\" alt=\"\" width=\"320\" height=\"400\" srcset=\"https:\/\/songxanhwater.com\/wp-content\/uploads\/2025\/03\/may-lam-mat-daikio-7000a-320x400.webp 320w, https:\/\/songxanhwater.com\/wp-content\/uploads\/2025\/03\/may-lam-mat-daikio-7000a.webp 400w\" sizes=\"auto, (max-width: 320px) 100vw, 320px\" \/><\/p>\n<p>&nbsp;<\/p>\n<p>\u0110\u1ed1i v\u1edbi nh\u1eefng h\u1ed9 gia \u0111\u00ecnh nh\u1ecf, vi\u1ec7c s\u1eafm cho m\u00ecnh m\u1ed9t chi\u1ebfc qu\u1ea1t l\u00e0m m\u00e1t kh\u00e1 l\u00e0 d\u1ec5 d\u00e0ng. Qu\u1ea1t l\u00e0m m\u00e1t\u00a0<span style=\"color: #00aae7;\"><a style=\"color: #00aae7;\" href=\"https:\/\/dienmayklp.vn\/may-lam-mat-khong-khi-daikio-dk-7000\" target=\"_blank\" rel=\"noopener nofollow\">Daikio DK-7000A<\/a><\/span>\u00a0hi\u1ec7n nay \u0111\u00e3 c\u00f3 nh\u1eefng c\u1ea3i ti\u1ebfn h\u01a1n so v\u1edbi thu\u1edf ban \u0111\u1ea7u. M\u00e1y l\u00e0m m\u00e1t cao c\u1ea5p Daikio DK-7000A\u00a0\u0111\u01b0\u1ee3c thi\u1ebft k\u1ebf \u0111\u1eb7c bi\u1ec7t, v\u1edbi c\u00f4ng ngh\u1ec7 ti\u00ean ti\u1ebfn, l\u00e0m m\u00e1t theo nguy\u00ean l\u00fd b\u1eb1ng b\u1ed1c h\u01a1i n\u01b0\u1edbc t\u1ef1 nhi\u00ean, gi\u00fap ti\u1ebft ki\u1ec7m chi ph\u00ed t\u1ed1i \u0111a.<\/p>\n<p>&nbsp;<\/p>\n<p>Nh\u01b0ng \u0111\u1ed1i v\u1edbi c\u00e1c s\u1ef1 ki\u1ec7n l\u1edbn, t\u1ed5 ch\u1ee9c ngo\u00e0i tr\u1eddi nh\u01b0 \u0111\u00e1m h\u1ecfi, l\u1ec5 khai tr\u01b0\u01a1ng, trung t\u00e2m v\u0103n h\u00f3a, h\u1ed9i ngh\u1ecb,&#8230; th\u00ec vi\u1ec7c l\u00e0m m\u00e1t v\u00e0 t\u1ea1o ra kh\u00f4ng gian th\u00f4ng tho\u00e1ng r\u1ea5t quan tr\u1ecdng cho kh\u00e1ch \u0111\u1ebfn d\u1ef1. Tuy nhi\u00ean, nh\u1eefng s\u1ef1 ki\u1ec7n n\u00e0y di\u1ec5n ra trong th\u1eddi gian kh\u00e1 ng\u1eafn, ch\u1ec9 k\u00e9o d\u00e0i t\u1eeb v\u00e0i ng\u00e0y \u0111\u1ebfn v\u00e0i tu\u1ea7n. N\u1ebfu ban t\u1ed5 ch\u1ee9c \u0111\u1ea7u t\u01b0 m\u1ed9t d\u00e0n m\u00e1y l\u00e0m m\u00e1t, th\u00ec ch\u1eafc ch\u1eafn m\u1ed9t \u0111i\u1ec1u r\u1eb1ng chi ph\u00ed \u0111\u1ed9i l\u00ean r\u1ea5t cao, g\u00e2y l\u00e3ng ph\u00ed. \u0110\u00e2y l\u00e0 l\u00fd do t\u1ea1i sao d\u1ecbch v\u1ee5 cho thu\u00ea m\u00e1y l\u00e0m m\u00e1t ra \u0111\u1eddi.<\/p>\n<p>&nbsp;<\/p>\n<p><img loading=\"lazy\" decoding=\"async\" class=\"size-medium wp-image-1752 aligncenter\" src=\"https:\/\/dienmayklp.vn\/wp-content\/uploads\/2025\/03\/20191107-140451-copy-1-533x400.webp\" alt=\"\" width=\"533\" height=\"400\" srcset=\"https:\/\/songxanhwater.com\/wp-content\/uploads\/2025\/03\/20191107-140451-copy-1-533x400.webp 533w, https:\/\/songxanhwater.com\/wp-content\/uploads\/2025\/03\/20191107-140451-copy-1-1067x800.webp 1067w, https:\/\/songxanhwater.com\/wp-content\/uploads\/2025\/03\/20191107-140451-copy-1-768x576.webp 768w, https:\/\/songxanhwater.com\/wp-content\/uploads\/2025\/03\/20191107-140451-copy-1-600x450.webp 600w, https:\/\/songxanhwater.com\/wp-content\/uploads\/2025\/03\/20191107-140451-copy-1.webp 1500w\" sizes=\"auto, (max-width: 533px) 100vw, 533px\" \/><\/p>\n<p>&nbsp;<\/p>\n<p>\u0110i\u1ec7n m\u00e1y Kim Long Ph\u00e1t (KLP) l\u00e0 \u0111\u01a1n v\u1ecb ph\u00e2n ph\u1ed1i v\u00e0 cho thu\u00ea m\u00e1y l\u00e0m m\u00e1t Daikio DK-7000A c\u1ee7a\u00a0<span style=\"color: #00aae7;\"><a style=\"color: #00aae7;\" href=\"http:\/\/dienmayklp.vn\/may-lam-mat-daikio\" target=\"_blank\" rel=\"noopener nofollow\">Daikiosan<\/a><\/span>\u00a0c\u0169ng nh\u01b0 c\u00e1c d\u00f2ng m\u00e1y l\u00e0m m\u00e1t kh\u00e1c. H\u00e3y c\u00f9ng Kim Long Ph\u00e1t (dienmayklp) t\u00ecm hi\u1ec3u nh\u1eefng t\u00ednh n\u0103ng n\u1ed5i b\u1eadt nh\u1ea5t c\u1ee7a qu\u1ea1t h\u01a1i n\u01b0\u1edbc Daikio DK-7000A \u0111\u1ec3 hi\u1ec3u l\u00fd do t\u1ea1i sao \u0111\u00e2y l\u00e0 s\u1ea3n ph\u1ea9m c\u1ea7n cho c\u00e1c s\u1ef1 ki\u1ec7n ngo\u00e0i tr\u1eddi, h\u1ed9i ch\u1ee3, khu vui ch\u01a1i nh\u00e9.<\/p>\n<p>&nbsp;<\/p>\n<p>Qu\u1ea1t \u0111i\u1ec1u h\u00f2a Daikio DK-7000A\u00a0l\u00e0 d\u00f2ng s\u1ea3n ph\u1ea9m th\u01b0\u01a1ng m\u1ea1i cao c\u1ea5p ph\u00e2n ph\u1ed1i b\u1edfi c\u00f4ng ty \u0110\u1ea1i Vi\u1ec7t. S\u1ea3n ph\u1ea9m \u0111\u01b0\u1ee3c thi\u1ebft k\u1ebf d\u00e0nh ri\u00eang cho c\u00e1c kh\u00f4ng gian, s\u1ef1 ki\u1ec7n l\u1edbn nh\u01b0 nh\u00e0 h\u00e0ng, qu\u00e1n \u0103n, ti\u1ec7m net, ph\u00f2ng game, showroom, s\u1ea3nh ch\u1edd, s\u1ef1 ki\u1ec7n ngo\u00e0i tr\u1eddi, h\u1ed9i ch\u1ee3, khu vui ch\u01a1i&#8230; M\u1ed7i m\u00e1y Daikio DK-7000A s\u1ebd l\u00e0m m\u00e1t hi\u1ec7u qu\u1ea3 cho kh\u00f4ng gian t\u1eeb 45-55 m\u00b2.<\/p>\n<p>&nbsp;<\/p>\n<p><img loading=\"lazy\" decoding=\"async\" class=\"size-medium wp-image-1751 aligncenter\" src=\"https:\/\/dienmayklp.vn\/wp-content\/uploads\/2025\/03\/0ff751f58470622e3b61-copy-1-533x400.webp\" alt=\"\" width=\"533\" height=\"400\" srcset=\"https:\/\/songxanhwater.com\/wp-content\/uploads\/2025\/03\/0ff751f58470622e3b61-copy-1-533x400.webp 533w, https:\/\/songxanhwater.com\/wp-content\/uploads\/2025\/03\/0ff751f58470622e3b61-copy-1-768x576.webp 768w, https:\/\/songxanhwater.com\/wp-content\/uploads\/2025\/03\/0ff751f58470622e3b61-copy-1-600x450.webp 600w, https:\/\/songxanhwater.com\/wp-content\/uploads\/2025\/03\/0ff751f58470622e3b61-copy-1.webp 1000w\" sizes=\"auto, (max-width: 533px) 100vw, 533px\" \/><\/p>\n<p>&nbsp;<\/p>\n<h2><span style=\"color: #3366ff;\">2. T\u1ea1i sao n\u00ean thu\u00ea m\u00e1y l\u00e0m m\u00e1t cao c\u1ea5p Daikio DK-7000A<\/span><\/h2>\n<h3><span style=\"color: #3366ff;\">2.1 L\u00e0m m\u00e1t nhanh nh\u01b0 gi\u00f3 t\u1ef1 nhi\u00ean<\/span><\/h3>\n<p>C\u00e1c b\u1ed9 ph\u1eadn c\u1ea5u th\u00e0nh m\u00e1y l\u00e0m m\u00e1t cao c\u1ea5p\u00a0<span style=\"color: #00aae7;\"><a style=\"color: #00aae7;\" href=\"https:\/\/dienmayklp.vn\/may-lam-mat-khong-khi-daikio-dk-7000\" target=\"_blank\" rel=\"noopener nofollow\">Daikio DK-7000A<\/a><\/span>\u00a0mang ti\u00eau chu\u1ea9n g\u1eaft gao, \u0111\u01b0\u1ee3c ki\u1ec3m duy\u1ec7t qua d\u00e2y chuy\u1ec1n v\u00f4 c\u00f9ng nghi\u00eam ng\u1eb7t t\u1ea1o ra s\u1ea3n ph\u1ea9m ch\u1ea5t l\u01b0\u1ee3ng c\u00f3 kh\u1ea3 n\u0103ng l\u00e0m m\u00e1t cao. Th\u00eam v\u00e0o \u0111\u00f3, t\u1ea5m l\u00e0m m\u00e1t (Cooling Pad) \u0111\u01b0\u1ee3c l\u00e0m b\u1eb1ng g\u1ed7 t\u1ef1 nhi\u00ean, ph\u1ee7 l\u00ean b\u1ec1 m\u1eb7t m\u1ed9t ch\u1ea5t ch\u1ed1ng rong r\u00eau, n\u1ea5m m\u1ed1c, h\u1ea1n ch\u1ebf s\u1ef1 t\u1ea5n c\u00f4ng c\u1ee7a vi khu\u1ea9n, t\u0103ng tu\u1ed5i th\u1ecd v\u00e0 kh\u1ea3 n\u0103ng l\u00e0m m\u00e1t.<\/p>\n<p>&nbsp;<\/p>\n<p>Nguy\u00ean l\u00fd l\u00e0m m\u00e1t c\u1ee7a qu\u1ea1t \u0111i\u1ec1u h\u00f2a Daikio DK-7000A kh\u00e1c v\u1edbi c\u00e1c thi\u1ebft b\u1ecb l\u00e0m m\u00e1t nh\u01b0 \u0111i\u1ec1u h\u00f2a, qu\u1ea1t phun s\u01b0\u01a1ng\u2026 M\u00e1y l\u00e0m m\u00e1t cao c\u1ea5p Daikio DK-7000A h\u1ea1 nhi\u1ec7t \u0111\u1ed9 kh\u00f4ng kh\u00ed m\u00f4i tr\u01b0\u1eddng s\u1ed1ng theo nguy\u00ean l\u00fd b\u1ed1c h\u01a1i n\u01b0\u1edbc th\u1eadt t\u1ef1 nhi\u00ean. Nh\u1edd v\u1eady, lu\u1ed3ng gi\u00f3 t\u1ecfa ra s\u1ebd m\u00e1t nhanh, t\u1ea1o c\u1ea3m gi\u00e1c d\u1ec5 ch\u1ecbu gi\u1ed1ng nh\u01b0 b\u1ea1n \u0111ang \u0111\u1ee9ng \u1edf bi\u1ec3n, b\u1edd h\u1ed3 m\u00e0 c\u00f3 l\u00e0n gi\u00f3 th\u1ed5i qua.<\/p>\n<p>&nbsp;<\/p>\n<h3><span style=\"color: #3366ff;\">2.2 Thanh l\u1ecdc kh\u00f4ng kh\u00ed to\u00e0n di\u1ec7n<\/span><\/h3>\n<p>Kh\u00f4ng kh\u00ed ng\u00e0y c\u00e0ng b\u1ecb \u00f4 nhi\u1ec5m, g\u00e2y ra nhi\u1ec1u b\u1ec7nh nguy hi\u1ec3m. Ch\u00ednh v\u00ec v\u1eady, m\u00e1y l\u00e0m m\u00e1t cao c\u1ea5p Daikio DK-7000A t\u00edch h\u1ee3p th\u00eam ch\u1ee9c n\u0103ng l\u1ecdc b\u1ee5i b\u1ea9n, m\u00f9i h\u00f4i c\u00f3 trong kh\u00f4ng kh\u00ed nh\u1edd h\u1ec7 th\u1ed1ng l\u01b0\u1edbi l\u1ecdc k\u1ebft h\u1ee3p t\u1ea5m l\u00e0m m\u00e1t \u0111\u01b0\u1ee3c thi\u1ebft k\u1ebf th\u00f4ng minh. S\u1ea3n ph\u1ea9m mang \u0111\u1ebfn m\u00f4i tr\u01b0\u1eddng s\u1ed1ng b\u1ea7u kh\u00f4ng kh\u00ed m\u00e1t m\u1ebb v\u00e0 trong l\u00e0nh.<\/p>\n<p>&nbsp;<\/p>\n<h3><span style=\"color: #3366ff;\">2.3 C\u00e2n b\u1eb1ng \u0111\u1ed9 \u1ea9m v\u1ec1 m\u1ee9c l\u00fd t\u01b0\u1edfng<\/span><\/h3>\n<p>L\u00e0m m\u00e1t b\u1eb1ng h\u01a1i n\u01b0\u1edbc l\u00e0 c\u00e1ch h\u1ea1 nhi\u1ec7t t\u1ed1t cho s\u1ee9c kh\u1ecfe. B\u1edfi v\u00ec, trong kh\u00ed quy\u1ec3n b\u1eaft bu\u1ed9c ph\u1ea3i c\u00f3 qu\u00e1 tr\u00ecnh b\u1ed1c h\u01a1i n\u01b0\u1edbc th\u00ec m\u1edbi th\u1ec3 h\u00ecnh th\u00e0nh m\u01b0a, t\u1ea1o m\u1ed9t \u201cv\u00f2ng quay\u201d tu\u1ea7n ho\u00e0n duy tr\u00ec s\u1ef1 s\u1ed1ng. Ch\u00ednh v\u00ec v\u1eady, qu\u1ea1t h\u01a1i n\u01b0\u1edbc Daikio DK-7000A l\u00e0m ch\u1ecdn c\u00e1ch l\u00e0m m\u00e1t b\u1eb1ng h\u01a1i n\u01b0\u1edbc. Ngo\u00e0i \u0111i\u1ec1u ch\u1ec9nh nhi\u1ec7t \u0111\u1ed9 v\u1ec1 m\u1ee9c l\u00fd t\u01b0\u1edfng, s\u1ea3n ph\u1ea9m c\u00f2n \u0111i\u1ec1u ch\u1ec9nh \u0111\u1ed9 \u1ea9m v\u1ec1 m\u1ee9c ti\u00eau chu\u1ea9n t\u1ed1t cho da v\u00e0 s\u1ee9c kh\u1ecfe.<\/p>\n<p>&nbsp;<\/p>\n<h3><span style=\"color: #3366ff;\">2.4 Ti\u1ebft ki\u1ec7m \u0111i\u1ec7n t\u1ed1i \u0111a cho m\u00f9a h\u00e8<\/span><\/h3>\n<p>Daikio DK-7000A ch\u1ec9 ti\u00eau t\u1ed1n 290W\/h l\u00e0m m\u00e1t hi\u1ec7u qu\u1ea3 cho kh\u00f4ng gian m\u1edf c\u00f3 di\u1ec7n t\u00edch t\u1eeb 45-55m\u00b2. Nh\u01b0ng v\u1edbi di\u1ec7n t\u00edch \u0111\u00f3 m\u00e0 b\u1ea1n s\u1eed d\u1ee5ng \u0111i\u1ec1u h\u00f2a th\u00ec kh\u1ea3 n\u0103ng t\u1ed1n \u0111i\u1ec7n l\u00e0 r\u1ea5t cao, \u0111\u1eb7c bi\u1ec7t b\u1ea1n ch\u1ec9 n\u00ean d\u00f9ng \u0111i\u1ec1u h\u00f2a trong kh\u00f4ng gian k\u00edn, vi\u1ec7c v\u1ec7 sinh c\u0169ng ph\u1ee9c t\u1ea1p h\u01a1n v\u00e0 t\u1ed1n ph\u00ed v\u00ec b\u1ea1n c\u1ea7n nh\u1edd \u0111\u1ebfn nh\u00e2n vi\u00ean. C\u00f2n \u0111\u1ed1i v\u1edbi Daikio DK-7000A b\u1ea1n kh\u00f4ng t\u1ed1n th\u00eam m\u1ed9t b\u1ea5t c\u1ee9 chi ph\u00ed n\u00e0o kh\u00e1c, c\u00f3 th\u1ec3 t\u1ef1 v\u1ec7 sinh m\u00e1y d\u1ec5 d\u00e0ng.<\/p>\n<p>&nbsp;<\/p>\n<p><img loading=\"lazy\" decoding=\"async\" class=\"size-medium wp-image-1750 aligncenter\" src=\"https:\/\/dienmayklp.vn\/wp-content\/uploads\/2025\/03\/20191107-140431-copy-533x400.webp\" alt=\"\" width=\"533\" height=\"400\" srcset=\"https:\/\/songxanhwater.com\/wp-content\/uploads\/2025\/03\/20191107-140431-copy-533x400.webp 533w, https:\/\/songxanhwater.com\/wp-content\/uploads\/2025\/03\/20191107-140431-copy-1067x800.webp 1067w, https:\/\/songxanhwater.com\/wp-content\/uploads\/2025\/03\/20191107-140431-copy-768x576.webp 768w, https:\/\/songxanhwater.com\/wp-content\/uploads\/2025\/03\/20191107-140431-copy-600x450.webp 600w, https:\/\/songxanhwater.com\/wp-content\/uploads\/2025\/03\/20191107-140431-copy.webp 1500w\" sizes=\"auto, (max-width: 533px) 100vw, 533px\" \/><\/p>\n<p>&nbsp;<\/p>\n<h3><span style=\"color: #3366ff;\">2.5 B\u00ecnh n\u01b0\u1edbc l\u1edbn l\u00ean \u0111\u1ebfn 70 l\u00edt r\u1ea5t th\u00edch h\u1ee3p cho kh\u00f4ng gian l\u1edbn<\/span><\/h3>\n<p>Khi xem \u0111\u1ebfn s\u1ea3n ph\u1ea9m Daikio DK-7000A t\u1ea1i Kim Long Ph\u00e1t (KLP) ch\u1eafc h\u1eb3n b\u1ea1n \u0111ang c\u00f3 nhu c\u1ea7u t\u00ecm\u00a0s\u1ea3n ph\u1ea9m l\u00e0m m\u00e1t\u00a0cho kh\u00f4ng gian l\u1edbn ho\u1eb7c c\u00e1c s\u1ef1 ki\u1ec7n ngo\u00e0i tr\u1eddi. C\u00f3 th\u1ec3 n\u00f3i, \u0111\u00e2y s\u1ebd l\u00e0 s\u1ea3n ph\u1ea9m l\u00fd t\u01b0\u1edfng cho b\u1ea1n. B\u1edfi ngo\u00e0i c\u00e1c ch\u1ee9c n\u0103ng hi\u1ec7n \u0111\u1ea1i \u1edf tr\u00ean th\u00ec b\u00ecnh n\u01b0\u1edbc c\u1ee7a s\u1ea3n ph\u1ea9m c\u00f3 s\u1ee9c ch\u1ee9a l\u00ean \u0111\u1ebfn 70 l\u00edt, tho\u1ea3i m\u00e1i \u0111\u1ec3 m\u00e1y ho\u1ea1t \u0111\u1ed9ng c\u1ea3 ng\u00e0y m\u00e0 kh\u00f4ng lo h\u1ebft n\u01b0\u1edbc.<\/p>\n<p>\u0110\u1eb7c bi\u1ec7t, s\u1ea3n ph\u1ea9m c\u00f2n c\u00f3 r\u01a1 le ng\u1eaft m\u00e1y b\u01a1m khi h\u1ebft n\u01b0\u1edbc v\u00e0 \u0111\u1ed3ng th\u1eddi ph\u00e1t ra ti\u1ebfng \u201cb\u00edp\u201d cho ng\u01b0\u1eddi s\u1eed d\u1ee5ng bi\u1ebft \u0111\u1ec3 cung c\u1ea5p n\u01b0\u1edbc.<\/p>\n<p>&nbsp;<\/p>\n<p><img loading=\"lazy\" decoding=\"async\" class=\"size-medium wp-image-1749 aligncenter\" src=\"https:\/\/dienmayklp.vn\/wp-content\/uploads\/2025\/03\/binh_chua_may_lam_mat_daikio_5000a-949-840.jpg\" alt=\"\" width=\"600\" height=\"372\" \/><\/p>\n<p>&nbsp;<\/p>\n<p>&nbsp;<\/p>\n<h3><span style=\"color: #3366ff;\">2.6 C\u00f3 thi\u1ebft b\u1ecb ch\u1ed1ng gi\u1eadt an to\u00e0n cho ng\u01b0\u1eddi s\u1eed d\u1ee5ng<\/span><\/h3>\n<p>\u0110\u1ed1i v\u1edbi c\u00e1c m\u00e1y c\u00f3 c\u00f4ng su\u1ea5t l\u1edbn, s\u1eed d\u1ee5ng cho c\u00e1c kh\u00f4ng gian m\u1edf lu\u00f4n \u00fd th\u1ee9c \u0111\u01b0\u1ee3c thi\u1ebft b\u1ecb ch\u1ed1ng gi\u1eadt v\u00f4 c\u00f9ng quan tr\u1ecdng. Thi\u1ebft b\u1ecb n\u00e0y s\u1ebd gi\u00fap t\u1ef1 \u0111\u1ed9ng ng\u1eaft ngu\u1ed3n \u0111i\u1ec7n khi ph\u00e1t hi\u1ec7n ra nguy c\u01a1 \u0111i\u1ec7n gi\u1eadt, r\u00f2 r\u1ec9 \u0111i\u1ec7n trong nh\u00e0, gi\u00fap b\u1ea3o v\u1ec7 t\u00ednh m\u1ea1ng v\u00e0 m\u1ea1ng l\u01b0\u1edbi \u0111i\u1ec7n trong gia \u0111\u00ecnh.<\/p>\n<p>&nbsp;<\/p>\n<p><img loading=\"lazy\" decoding=\"async\" class=\"size-medium wp-image-1748 aligncenter\" src=\"https:\/\/dienmayklp.vn\/wp-content\/uploads\/2025\/03\/may_lam_mat_khong_khi_cao_cap_daikio_dk_4500c_6-815-997.jpg\" alt=\"\" width=\"600\" height=\"338\" \/><\/p>\n<p>&nbsp;<\/p>\n<p>&nbsp;<\/p>\n<h3><span style=\"color: #3366ff;\">2.7 C\u00f3 \u0111i\u1ec1u khi\u1ec3n t\u1eeb xa<\/span><\/h3>\n<p>C\u00f2n g\u00ec thu\u1eadn l\u1ee3i h\u01a1n khi \u0111\u1ee9ng t\u1eeb xa m\u00e0 b\u1ea1n v\u1eabn \u0111i\u1ec1u khi\u1ec3n \u0111\u01b0\u1ee3c m\u00e1y l\u00e0m m\u00e1t cao c\u1ea5p Daikio DK-7000A. Ch\u1ee9c n\u0103ng n\u00e0y c\u00f2n l\u00e0 \u201cc\u1ee9u c\u00e1nh\u201d n\u1ebfu b\u1ea3ng \u0111i\u1ec1u khi\u1ec3n tr\u00ean m\u00e1y kh\u00f4ng may b\u1ecb h\u1ecfng.<\/p>\n<p>&nbsp;<\/p>\n<h3><span style=\"color: #3366ff;\">2.8 V\u1ecf m\u00e1y \u0111\u01b0\u1ee3c l\u00e0m b\u1eb1ng nh\u1ef1a b\u1ec1n v\u00e0 \u0111\u1eb9p<\/span><\/h3>\n<p>Qu\u1ea1t h\u01a1i n\u01b0\u1edbc Daikio DK-7000A s\u1eed d\u1ee5ng nh\u1ef1a t\u1ed1t,\u00a0\u0111\u1ed9 b\u1ec1n cao g\u1ea5p 2 l\u1ea7n nh\u1ef1a th\u01b0\u1eddng. B\u00ean c\u1ea1nh \u0111\u00f3, nh\u1ef1a c\u00f2n t\u1ea1o \u0111\u1ed9 s\u00e1ng b\u00f3ng, t\u1ea1o s\u1ef1 ti\u1ec7n nghi, sang tr\u1ecdng cho kh\u00f4ng gian v\u00e0 \u0111\u1ea3m b\u1ea3o an to\u00e0n cho s\u1ee9c kh\u1ecfe con ng\u01b0\u1eddi.<\/p>\n<p>&nbsp;<\/p>\n<p><img loading=\"lazy\" decoding=\"async\" class=\"size-medium wp-image-1747 aligncenter\" src=\"https:\/\/dienmayklp.vn\/wp-content\/uploads\/2025\/03\/20191025-133036-copy-533x400.jpg\" alt=\"\" width=\"533\" height=\"400\" srcset=\"https:\/\/songxanhwater.com\/wp-content\/uploads\/2025\/03\/20191025-133036-copy-533x400.jpg 533w, https:\/\/songxanhwater.com\/wp-content\/uploads\/2025\/03\/20191025-133036-copy-1067x800.jpg 1067w, https:\/\/songxanhwater.com\/wp-content\/uploads\/2025\/03\/20191025-133036-copy-768x576.jpg 768w, https:\/\/songxanhwater.com\/wp-content\/uploads\/2025\/03\/20191025-133036-copy-600x450.jpg 600w, https:\/\/songxanhwater.com\/wp-content\/uploads\/2025\/03\/20191025-133036-copy.jpg 1500w\" sizes=\"auto, (max-width: 533px) 100vw, 533px\" \/><\/p>\n<p>&nbsp;<\/p>\n<h2><span style=\"color: #3366ff;\">3. Nh\u1eefng cam k\u1ebft khi s\u1eed d\u1ee5ng d\u1ecbch v\u1ee5 t\u1ea1i Kim Long Ph\u00e1t (dienmayklp)<\/span><\/h2>\n<p>\u0110i\u1ec7n m\u00e1y\u00a0<span style=\"color: #00aae7;\"><a style=\"color: #00aae7;\" href=\"https:\/\/dienmayklp.vn\/\" target=\"_blank\" rel=\"noopener nofollow\">Kim Long Ph\u00e1t (KLP)<\/a><\/span>\u00a0l\u00e0 \u0111\u01a1n v\u1ecb d\u1eabn \u0111\u1ea7u th\u1ecb tr\u01b0\u1eddng ph\u00e2n ph\u1ed1i v\u00e0 cho thu\u00ea m\u00e1y l\u00e0m m\u00e1t Daikio DK-7000A\u00a0 t\u1ea1i TP. H\u1ed3 Ch\u00ed Minh v\u00e0 c\u00e1c khu v\u1ef1c l\u00e2n c\u1eadn. V\u1edbi quy m\u00f4 d\u00f9 nh\u1ecf hay l\u1edbn, Kim Long Ph\u00e1t s\u1ebd ph\u1ee5c v\u1ee5 t\u1eadn t\u00ecnh v\u1edbi kh\u00e1ch h\u00e0ng, v\u1edbi t\u1ea5t c\u1ea3 uy t\u00edn, kinh nghi\u1ec7m trong ngh\u1ec1.<\/p>\n<p>&nbsp;<\/p>\n<p>\u0110a d\u1ea1ng m\u1eabu m\u00e3 cho kh\u00e1ch h\u00e0ng l\u1ef1a ch\u1ecdn: Kh\u00f4ng ch\u1ec9 cho thu\u00ea qu\u1ea1t l\u00e0m m\u00e1t Daikio DK-7000A, Kim Long Ph\u00e1t (dienmayklp) c\u00f3 r\u1ea5t nhi\u1ec1u s\u1ea3n ph\u1ea9m, v\u1edbi c\u00f4ng su\u1ea5t kh\u00e1c nhau, ph\u1ee5c v\u1ee5 cho nhi\u1ec1u m\u1ee5c \u0111\u00edch s\u1eed d\u1ee5ng.<\/p>\n<p>Cam k\u1ebft s\u1ea3n ph\u1ea9m m\u1edbi: Kim Long Ph\u00e1t cam k\u1ebft c\u00e1c s\u1ea3n ph\u1ea9m qu\u1ea1t l\u00e0m l\u1ea1nh Daikio DK-7000A \u0111\u1ec1u l\u00e0 nh\u1eefng s\u1ea3n ph\u1ea9m m\u1edbi, ngo\u1ea1i h\u00ecnh \u0111\u1eb9p, kh\u1ea3 n\u0103ng ho\u1ea1t \u0111\u1ed9ng m\u1ea1nh m\u1ebd v\u00e0 ch\u1ea5t l\u01b0\u1ee3ng nh\u1ea5t.<\/p>\n<p>D\u1ecbch v\u1ee5 chuy\u00ean nghi\u1ec7p,\u00a0nhanh ch\u00f3ng, t\u1eadn t\u00e2m: V\u1edbi h\u01a1n 10 n\u0103m kinh nghi\u1ec7m, \u0111\u1ed9i ng\u0169 nh\u00e2n vi\u00ean l\u00e0nh ngh\u1ec1, Kim Long Ph\u00e1t t\u1ef1 h\u00e0o s\u1ebd mang l\u1ea1i d\u1ecbch v\u1ee5 chuy\u00ean nghi\u1ec7p nh\u1ea5t.<\/p>\n<p>Tr\u1ecdn g\u00f3i d\u1ecbch v\u1ee5: Kh\u00f4ng ch\u1ec9 cho thu\u00ea qu\u1ea1t \u0111i\u1ec1u h\u00f2a Daikio DK-7000A, Kim Long Ph\u00e1t (dienmayklp) cam k\u1ebft h\u1ed7 tr\u1ee3 t\u1eeb kh\u00e2u v\u1eadn chuy\u1ec3n, l\u1eafp \u0111\u1eb7t, theo d\u00f5i, h\u01b0\u1edbng d\u1eabn kh\u00e1ch h\u00e0ng t\u1ed1t nh\u1ea5t. T\u1ea5t c\u1ea3 \u0111\u1ec1u mi\u1ec5n ph\u00ed.<\/p>\n<p>Gi\u00e1 c\u1ea3 ph\u00f9 h\u1ee3p v\u00e0 qu\u00e0 t\u1eb7ng h\u1ea5p d\u1eabn: Kh\u00f4ng ch\u1ec9 h\u1ed7 tr\u1ee3 v\u1eadn chuy\u1ec3n, l\u1eafp \u0111\u1eb7t,&#8230; gi\u00e1 thu\u00ea qu\u1ea1t \u0111i\u1ec1u h\u00f2a Daikio DK-7000A c\u0169ng r\u1ea5t h\u1ee3p l\u00fd, r\u1ebb nh\u1ea5t th\u1ecb tr\u01b0\u1eddng TP. H\u1ed3 Ch\u00ed Minh c\u00f9ng nhi\u1ec1u qu\u00e0 t\u1eb7ng h\u1ea5p d\u1eabn khi thu\u00ea v\u1edbi s\u1ed1 l\u01b0\u1ee3ng l\u1edbn.<\/p>\n<p>&nbsp;<\/p>\n<p>\u0110i\u1ec7n m\u00e1y Kim Long Ph\u00e1t l\u00e0 \u0111\u01a1n v\u1ecb ph\u00e2n ph\u1ed1i v\u00e0 cho thu\u00ea m\u00e1y l\u00e0m m\u00e1t uy t\u00edn \u0111\u01b0\u1ee3c th\u00e0nh l\u1eadp t\u1eeb n\u0103m 2009. Ngo\u00e0i ra, \u0111\u01a1n c\u0169ng \u0111i \u0111\u1ea7u trong l\u0129nh v\u1ef1c kinh doanh v\u00e0 cho thu\u00ea m\u00e1y t\u1ea1o n\u01b0\u1edbc ion ki\u1ec1m, robot h\u00fat b\u1ee5i lau nh\u00e0&#8230; \u0110\u1ec3 c\u00f3 th\u00eam th\u00f4ng tin chi ti\u1ebft, b\u1ea1n c\u00f3 th\u1ec3 truy c\u1eadp v\u00e0o\u00a0<span style=\"color: #00aae7;\"><a style=\"color: #00aae7;\" href=\"https:\/\/dienmayklp.vn\/\" rel=\"nofollow noopener\" target=\"_blank\">dienmayklp.vn<\/a><\/span>\u00a0ho\u1eb7c s\u1ed1 \u0111i\u1ec7n tho\u1ea1i:\u00a0<span style=\"color: #ff0000;\"><strong>1900 571 230<\/strong><\/span><\/p>\n<p>&nbsp;<\/p>\n<p><span lang=\"EN-GB\">M\u1ecdi th\u00f4ng tin chi ti\u1ebft xin li\u00ean h\u1ec7:<\/span><\/p>\n<p><span style=\"color: #00aae7;\"><b><i><span lang=\"EN-GB\">C\u00d4NG TY C\u1ed4 PH\u1ea6N TH\u01af\u01a0NG M\u1ea0I V\u00c0 X\u00c2Y D\u1ef0NG KIM LONG PH\u00c1T<\/span><\/i><\/b><\/span><\/p>\n<p><i><span lang=\"EN-GB\">Showroom 1:<\/span><\/i><span lang=\"EN-GB\">\u00a0228 \u0110\u01b0\u1eddng III, KDC Khang \u0110i\u1ec1n, P. Ph\u01b0\u1edbc Long B, Qu\u1eadn 9, TP.\u00a0H\u1ed3 Ch\u00ed Minh<\/span><\/p>\n<p><i><span lang=\"EN-GB\">Showroom 2:\u00a0<\/span><\/i><span lang=\"EN-GB\">T\u00f2a S1.01 &#8211; 05.01. Shophouse S01 &#8211; Vinhomes Grand Park &#8211; 200 Nguy\u1ec5n Xi\u1ec3n, P.\u00a0Long Th\u1ea1nh M\u1ef9, Qu\u1eadn 9, TP. H\u1ed3 Ch\u00ed Minh<\/span><\/p>\n<p><i><span lang=\"EN-GB\">Hotline t\u01b0 v\u1ea5n:<\/span><\/i><span lang=\"EN-GB\">\u00a0<span style=\"color: #ff0000;\"><b>1900 571 230<\/b><\/span><\/span><\/p>\n<p><i><span lang=\"EN-GB\">\u0110\u1eb7t h\u00e0ng tr\u1ef1c tuy\u1ebfn:<\/span><\/i><span lang=\"EN-GB\">\u00a0<span style=\"color: #ff0000;\"><b>0888 124 839<\/b><\/span><\/span><\/p>\n<p><i><span lang=\"EN-GB\">Email:<\/span><\/i>\u00a0<span style=\"color: #3366ff;\"><a style=\"color: #3366ff;\" href=\"mailto:cskh@klp.vn?subject=Ph%E1%BA%A3n%20H%E1%BB%93i%20%C4%90i%E1%BB%87n%20M%C3%A1y%20Kim%20Long%20Ph%C3%A1t&amp;body=%C4%90i%E1%BB%87n%20M%C3%A1y%20Kim%20Long%20Ph%C3%A1t%20K%C3%ADnh%20ch%C3%A0o%20qu%C3%BD%20kh%C3%A1ch!%0AMong%20nh%E1%BA%ADn%20%C4%91%C6%B0%E1%BB%A3c%20%C3%BD%20ki%E1%BA%BFn%20ph%E1%BA%A3n%20h%E1%BB%93i%20t%E1%BB%AB%20Anh%2FCh%E1%BB%8B\">cskh@klp.vn<\/a><\/span><\/p>\n<p><i><span lang=\"EN-GB\">Website:<\/span><\/i>\u00a0<span style=\"color: #3366ff;\"><a style=\"color: #3366ff;\" href=\"http:\/\/dienmayklp.vn\/\" target=\"_blank\" rel=\"noopener nofollow\">dienmayklp.vn<\/a><\/span><span lang=\"EN-GB\"><span style=\"color: #3366ff;\">\u00a0<\/span> |\u00a0\u00a0<\/span><span style=\"color: #3366ff;\"><a style=\"color: #3366ff;\" href=\"http:\/\/klp.vn\/\" rel=\"nofollow noopener\" target=\"_blank\">klp.v<\/a>n<\/span><\/p>\n","protected":false},"excerpt":{"rendered":"<p>M\u00e1y l\u00e0m m\u00e1t kh\u00f4ng kh\u00ed (qu\u1ea1t \u0111i\u1ec1u h\u00f2a) l\u00e0 s\u1ea3n ph\u1ea9m ph\u1ed5 bi\u1ebfn, \u0111\u01b0\u1ee3c s\u1eed d\u1ee5ng r\u1ed9ng r\u00e3i v\u00e0 kh\u00f4ng c\u00f2n xa l\u1ea1 v\u1edbi ng\u01b0\u1eddi ti\u00eau d\u00f9ng hi\u1ec7n nay. M\u1ed9t trong nh\u1eefng thi\u1ebft b\u1ecb n\u1ed5i ti\u1ebfng nh\u1ea5t ph\u1ea3i k\u1ec3 \u0111\u1ebfn \u0111\u00f3 l\u00e0 m\u00e1y l\u00e0m m\u00e1t cao c\u1ea5p Daikio DK-7000A c\u1ee7a Daikio, ng\u00f4i sao s\u00e1ng tr\u00ean [&#8230;]\n","protected":false},"featured_media":347,"comment_status":"open","ping_status":"closed","template":"","meta":{"_acf_changed":false},"product_brand":[73],"product_cat":[71],"product_tag":[],"class_list":{"0":"post-340","1":"product","2":"type-product","3":"status-publish","4":"has-post-thumbnail","6":"product_brand-daikio","7":"product_cat-he-thong-loc-nuoc-tho","9":"first","10":"instock","11":"taxable","12":"shipping-taxable","13":"purchasable","14":"product-type-simple"},"acf":[],"_links":{"self":[{"href":"https:\/\/songxanhwater.com\/index.php?rest_route=\/wp\/v2\/product\/340","targetHints":{"allow":["GET"]}}],"collection":[{"href":"https:\/\/songxanhwater.com\/index.php?rest_route=\/wp\/v2\/product"}],"about":[{"href":"https:\/\/songxanhwater.com\/index.php?rest_route=\/wp\/v2\/types\/product"}],"replies":[{"embeddable":true,"href":"https:\/\/songxanhwater.com\/index.php?rest_route=%2Fwp%2Fv2%2Fcomments&post=340"}],"wp:featuredmedia":[{"embeddable":true,"href":"https:\/\/songxanhwater.com\/index.php?rest_route=\/wp\/v2\/media\/347"}],"wp:attachment":[{"href":"https:\/\/songxanhwater.com\/index.php?rest_route=%2Fwp%2Fv2%2Fmedia&parent=340"}],"wp:term":[{"taxonomy":"product_brand","embeddable":true,"href":"https:\/\/songxanhwater.com\/index.php?rest_route=%2Fwp%2Fv2%2Fproduct_brand&post=340"},{"taxonomy":"product_cat","embeddable":true,"href":"https:\/\/songxanhwater.com\/index.php?rest_route=%2Fwp%2Fv2%2Fproduct_cat&post=340"},{"taxonomy":"product_tag","embeddable":true,"href":"https:\/\/songxanhwater.com\/index.php?rest_route=%2Fwp%2Fv2%2Fproduct_tag&post=340"}],"curies":[{"name":"wp","href":"https:\/\/api.w.org\/{rel}","templated":true}]}}