{"id":330,"date":"2025-03-27T17:03:18","date_gmt":"2025-03-27T17:03:18","guid":{"rendered":"https:\/\/dienmayklp.vn\/?post_type=product&#038;p=330"},"modified":"2025-05-28T10:17:59","modified_gmt":"2025-05-28T10:17:59","slug":"cho-thue-may-lam-mat-nkm-7500a","status":"publish","type":"product","link":"https:\/\/songxanhwater.com\/?product=cho-thue-may-lam-mat-nkm-7500a","title":{"rendered":"Cho Thu\u00ea M\u00e1y L\u00e0m M\u00e1t NKM-7500A"},"content":{"rendered":"<section class=\"section sec_tab \">\n<div class=\"container card py-2\">\n<div class=\"rte product_getcontent py-3 pos-relative\">\n<div id=\"content\">\n<div id=\"ega-uti-editable-content\" data-platform=\"sapo\" data-id=\"16091810\">\n<p>Nh\u1eefng n\u0103m g\u1ea7n \u0111\u00e2y, m\u00e1y l\u00e0m m\u00e1t NKM-7500A c\u1ee7a Nakami th\u01b0\u1eddng \u0111\u01b0\u1ee3c s\u1eed d\u1ee5ng trong c\u00e1c s\u1ef1 ki\u1ec7n l\u1edbn. \u0110\u00e2y l\u00e0 thi\u1ebft b\u1ecb l\u00e0m m\u00e1t nhanh ch\u00f3ng ngay c\u1ea3 khi trong nh\u00e0 v\u00e0 ngo\u00e0i tr\u1eddi. Thu\u00ea m\u00e1y NKM-7500A l\u00e0 m\u1ed9t s\u1ef1 l\u1ef1a ch\u1ecdn th\u00f4ng minh, ti\u1ebft ki\u1ec7m cho k\u1ebf ho\u1ea1ch t\u1ed5 ch\u1ee9c s\u1ef1 ki\u1ec7n c\u1ee7a b\u1ea1n. H\u00e3y c\u00f9ng \u0110i\u1ec7n M\u00e1y<a href=\"https:\/\/dienmayklp.vn\/\" target=\"_blank\" rel=\"noopener nofollow\">\u00a0<span style=\"color: #00aae7;\">Kim Long Ph\u00e1t (KLP)<\/span><\/a>\u00a0t\u00ecm hi\u1ec3u v\u1ea5n \u0111\u1ec1 n\u00e0y nh\u00e9!<\/p>\n<p>Xem th\u00eam:\u00a0<span style=\"color: #00aae7;\"><a style=\"color: #00aae7;\" href=\"https:\/\/dienmayklp.vn\/cho-thue-may-lam-mat\" target=\"_blank\" rel=\"noopener nofollow\"><em>d\u1ecbch v\u1ee5 cho thu\u00ea m\u00e1y l\u00e0m m\u00e1t t\u1ea1i Kim Long Ph\u00e1t<\/em><\/a><\/span><\/p>\n<p>&nbsp;<\/p>\n<h2><span style=\"color: #3366ff;\">1. Th\u1ecb tr\u01b0\u1eddng cho thu\u00ea m\u00e1y l\u00e0m m\u00e1t NKM-7500A t\u1ea1i TP.H\u1ed3 Ch\u00ed Minh<\/span><\/h2>\n<p>Hi\u1ec7n nay, d\u1ecbch v\u1ee5 cho thu\u00ea m\u00e1y l\u00e0m m\u00e1t NKM-7500A \u0111ang n\u1edf r\u1ed9, kh\u00f4ng ch\u1ec9 \u201chot\u201d trong m\u00f9a n\u00f3ng, m\u00e0 di\u1ec5n ra c\u1ea3 n\u0103m. \u0110\u01a1n gi\u1ea3n m\u1ed9t \u0111i\u1ec1u, Tp. H\u1ed3 Ch\u00ed Minh c\u00f3 2 m\u00f9a, nh\u01b0ng kh\u00f4ng ph\u1ea3i m\u00f9a n\u00f3ng v\u00e0 m\u00f9a m\u01b0a, m\u00e0 l\u00e0 \u201cm\u00f9a n\u00f3ng v\u00e0 m\u00f9a r\u1ea5t n\u00f3ng\u201d. Nhu c\u1ea7u c\u00e0ng cao, c\u00e1c \u0111\u01a1n v\u1ecb cho thu\u00ea qu\u1ea1t l\u00e0m m\u00e1t c\u0169ng r\u1ea5t nhi\u1ec1u, v\u1edbi c\u00e1c m\u1ee9c gi\u00e1 v\u00e0 ki\u1ec3u d\u00e1ng kh\u00e1c nhau. \u0110\u00e2y l\u00e0 m\u1ed9t s\u1ef1 l\u1ef1a ch\u1ecdn ho\u00e0n h\u1ea3o v\u00e0 ti\u1ebft ki\u1ec7m cho c\u00e1c s\u1ef1 ki\u1ec7n.<\/p>\n<p>&nbsp;<\/p>\n<p><img loading=\"lazy\" decoding=\"async\" class=\"size-medium wp-image-1745 aligncenter\" src=\"https:\/\/dienmayklp.vn\/wp-content\/uploads\/2025\/03\/1474606133114-11892-534x400.jpg\" alt=\"\" width=\"534\" height=\"400\" srcset=\"https:\/\/songxanhwater.com\/wp-content\/uploads\/2025\/03\/1474606133114-11892-534x400.jpg 534w, https:\/\/songxanhwater.com\/wp-content\/uploads\/2025\/03\/1474606133114-11892-768x576.jpg 768w, https:\/\/songxanhwater.com\/wp-content\/uploads\/2025\/03\/1474606133114-11892-600x450.jpg 600w, https:\/\/songxanhwater.com\/wp-content\/uploads\/2025\/03\/1474606133114-11892.jpg 959w\" sizes=\"auto, (max-width: 534px) 100vw, 534px\" \/><\/p>\n<p>&nbsp;<\/p>\n<p>\u0110\u1ed1i v\u1edbi nh\u1eefng h\u1ed9 gia \u0111\u00ecnh nh\u1ecf, vi\u1ec7c s\u1eafm cho m\u00ecnh m\u1ed9t chi\u1ebfc qu\u1ea1t l\u00e0m m\u00e1t kh\u00e1 l\u00e0 d\u1ec5 d\u00e0ng. Qu\u1ea1t l\u00e0m m\u00e1t NKM 7500A hi\u1ec7n nay \u0111\u00e3 c\u00f3 nh\u1eefng c\u1ea3i ti\u1ebfn h\u01a1n so v\u1edbi thu\u1edf ban \u0111\u1ea7u. Nakami NKM-7500A\u00a0l\u00e0 m\u1ed9t\u00a0m\u1eabu m\u00e1y l\u00e0m m\u00e1t\u00a0kh\u00f4ng kh\u00ed d\u1ef1a v\u00e0o nguy\u00ean l\u00fd t\u1ef1 nhi\u00ean, l\u00e0m m\u00e1t kh\u00f4ng kh\u00ed b\u1eb1ng s\u1ef1 trao \u0111\u1ed5i nhi\u1ec7t d\u1ef1a v\u00e0o hi\u1ec7n t\u01b0\u1ee3ng b\u1ed1c h\u01a1i n\u01b0\u1edbc, b\u1eb1ng c\u00e1ch s\u1eed d\u1ee5ng t\u1ea5m l\u00e0m m\u00e1t Cooling Pad h\u1ea1 nhi\u1ec7t \u0111\u1ed9 xu\u1ed1ng c\u00f2n 26 \u2013 28 \u0111\u1ed9 C.<\/p>\n<p>&nbsp;<\/p>\n<p>Nh\u01b0ng \u0111\u1ed1i v\u1edbi c\u00e1c s\u1ef1 ki\u1ec7n l\u1edbn, t\u1ed5 ch\u1ee9c ngo\u00e0i tr\u1eddi nh\u01b0 \u0111\u00e1m h\u1ecfi, l\u1ec5 khai tr\u01b0\u01a1ng, trung t\u00e2m v\u0103n h\u00f3a, h\u1ed9i ngh\u1ecb,&#8230; th\u00ec vi\u1ec7c l\u00e0m m\u00e1t v\u00e0 t\u1ea1o ra kh\u00f4ng gian th\u00f4ng tho\u00e1ng r\u1ea5t quan tr\u1ecdng cho kh\u00e1ch \u0111\u1ebfn d\u1ef1. Tuy nhi\u00ean, nh\u1eefng s\u1ef1 ki\u1ec7n n\u00e0y di\u1ec5n ra trong th\u1eddi gian kh\u00e1 ng\u1eafn, ch\u1ec9 k\u00e9o d\u00e0i t\u1eeb v\u00e0i ng\u00e0y \u0111\u1ebfn v\u00e0i tu\u1ea7n. N\u1ebfu ban t\u1ed5 ch\u1ee9c \u0111\u1ea7u t\u01b0 m\u1ed9t d\u00e0n m\u00e1y l\u00e0m m\u00e1t Nakami NKM-7500A c\u1ee7a\u00a0<span style=\"color: #00aae7;\"><a style=\"color: #00aae7;\" href=\"https:\/\/dienmayklp.vn\/may-lam-mat-nakami\" target=\"_blank\" rel=\"noopener nofollow\">Nakami<\/a><\/span>, th\u00ec ch\u1eafc ch\u1eafn m\u1ed9t \u0111i\u1ec1u r\u1eb1ng chi ph\u00ed \u0111\u1ed9i l\u00ean r\u1ea5t cao, g\u00e2y l\u00e3ng ph\u00ed. \u0110\u00e2y l\u00e0 l\u00fd do t\u1ea1i sao \u0111i\u1ec7n m\u00e1y Kim Long Ph\u00e1t cho ra \u0111\u1eddi d\u1ecbch v\u1ee5 thu\u00ea m\u00e1y l\u00e0m m\u00e1t Nakami NKM-7500A.<\/p>\n<p>&nbsp;<\/p>\n<p><img loading=\"lazy\" decoding=\"async\" class=\"size-medium wp-image-1744 aligncenter\" src=\"https:\/\/dienmayklp.vn\/wp-content\/uploads\/2025\/03\/9c5dae704739a367fa28-533x400.jpg\" alt=\"\" width=\"533\" height=\"400\" srcset=\"https:\/\/songxanhwater.com\/wp-content\/uploads\/2025\/03\/9c5dae704739a367fa28-533x400.jpg 533w, https:\/\/songxanhwater.com\/wp-content\/uploads\/2025\/03\/9c5dae704739a367fa28-1067x800.jpg 1067w, https:\/\/songxanhwater.com\/wp-content\/uploads\/2025\/03\/9c5dae704739a367fa28-768x576.jpg 768w, https:\/\/songxanhwater.com\/wp-content\/uploads\/2025\/03\/9c5dae704739a367fa28-600x450.jpg 600w, https:\/\/songxanhwater.com\/wp-content\/uploads\/2025\/03\/9c5dae704739a367fa28.jpg 1500w\" sizes=\"auto, (max-width: 533px) 100vw, 533px\" \/><\/p>\n<p>&nbsp;<\/p>\n<p>M\u00e1y l\u00e0m m\u00e1t NKM 7500A c\u1ee7a Nakami c\u00f3 thi\u1ebft k\u1ebf v\u00f4 c\u00f9ng \u1ea5n t\u01b0\u1ee3ng, c\u00f4ng su\u1ea5t gi\u00f3 v\u01b0\u1ee3t ch\u1eafc ch\u1eafn l\u00e0 m\u1ed9t l\u1ef1a ch\u1ecdn ho\u00e0n h\u1ea3o cho c\u00e1c bu\u1ed5i ti\u1ec7c, c\u00e1c s\u1ef1 ki\u1ec7n ngo\u00e0i tr\u1eddi.<\/p>\n<p>&nbsp;<\/p>\n<p>\u0110i\u1ec7n m\u00e1y Kim Long Ph\u00e1t (dienmayklp) l\u00e0 \u0111\u01a1n v\u1ecb cho thu\u00ea m\u00e1y l\u00e0m m\u00e1t NKM 7500A ch\u1ea5t l\u01b0\u1ee3ng cao, uy t\u00edn v\u00e0 gi\u00e1 c\u1ea3 h\u1ee3p l\u00fd nh\u1ea5t th\u1ecb tr\u01b0\u1eddng. M\u1ecdi th\u00f4ng tin chi ti\u1ebft v\u1ec1 m\u00e1y xin vui l\u00f2ng li\u00ean h\u1ec7:\u00a0<strong><span style=\"color: #ff0000;\">1900 751 230<\/span>\u00a0<\/strong>ho\u1eb7c\u00a0<span style=\"color: #00aae7;\"><a style=\"color: #00aae7;\" href=\"https:\/\/dienmayklp.vn\/\" target=\"_blank\" rel=\"noopener nofollow\">dienmayklp.vn<\/a><\/span><\/p>\n<p>&nbsp;<\/p>\n<p>Nakamin l\u00e0 m\u1ed9t th\u01b0\u01a1ng hi\u1ec7u c\u1ee7a Nh\u1eadt B\u1ea3n c\u00f3 b\u1ec1 d\u00e0y kinh nghi\u1ec7m trong vi\u1ec7c s\u1ea3n xu\u1ea5t c\u00e1c lo\u1ea1i m\u00e1y l\u00e0m m\u00e1t, th\u00e2n thi\u1ec7n v\u1edbi m\u00f4i tr\u01b0\u1eddng \u0111\u00e1p \u1ee9ng nhu c\u1ea7u s\u1eed d\u1ee5ng c\u1ee7a ng\u01b0\u1eddi ti\u00eau d\u00f9ng. T\u1eeb n\u0103m 2008, Nakami h\u1ee3p t\u00e1c v\u1edbi C\u00f4ng ty CP C\u01a1 \u0111i\u1ec7n l\u1ea1nh \u0110\u1ea1i Vi\u1ec7t x\u00e2y d\u1ef1ng x\u01b0\u1edfng l\u1eafp r\u00e1p c\u00e1c s\u1ea3n ph\u1ea9m \u0111i\u1ec7n d\u00e2n d\u1ee5ng Nakami ch\u1ea5t l\u01b0\u1ee3ng cao t\u1ea1i Vi\u1ec7t Nam.<\/p>\n<p>&nbsp;<\/p>\n<h2><span style=\"color: #3366ff;\">2. T\u1ea1i sao n\u00ean thu\u00ea m\u00e1y l\u00e0m m\u00e1t Nakami NKM-7500A<\/span><\/h2>\n<h3><span style=\"color: #3366ff;\">2.1 Ti\u1ebft ki\u1ec7m chi ph\u00ed<\/span><\/h3>\n<p>D\u1ecbch v\u1ee5 cho thu\u00ea qu\u1ea1t\u00a0Nakami NKM-7500A l\u00e0 gi\u1ea3i ph\u00e1p gi\u00fap b\u1ea1n ti\u1ebft ki\u1ec7m chi ph\u00ed m\u1ed9t c\u00e1ch hi\u1ec7u qu\u1ea3 nh\u1ea5t. Thay v\u00ec ph\u1ea3i mua s\u1ed1 l\u01b0\u1ee3ng qu\u1ea1t l\u1edbn ph\u1ee5c v\u1ee5 nhu c\u1ea7u s\u1ef1 ki\u1ec7n ngo\u00e0i tr\u1eddi r\u1ed3i sau \u0111\u00f3 kh\u00f4ng d\u00f9ng n\u1eefa th\u00ec vi\u1ec7c b\u1ea1n ch\u1ecdn thu\u00ea qu\u1ea1t s\u1ebd l\u00e0 c\u00e1ch ti\u1ebft ki\u1ec7m hi\u1ec7u qu\u1ea3.<\/p>\n<p>&nbsp;<\/p>\n<p><img loading=\"lazy\" decoding=\"async\" class=\"size-medium wp-image-1743 aligncenter\" src=\"https:\/\/dienmayklp.vn\/wp-content\/uploads\/2025\/03\/80833a244394a4cafd85-1.jpg\" alt=\"\" width=\"600\" height=\"305\" \/><\/p>\n<p>&nbsp;<\/p>\n<h3><span style=\"color: #3366ff;\">2.2 Hi\u1ec7u qu\u1ea3 l\u00e0m m\u00e1t nhanh v\u00e0 an to\u00e0n cho s\u1ee9c kh\u1ecfe<\/span><\/h3>\n<p>Nh\u1edd t\u1ea5m l\u00e0m m\u00e1t Cooling Pad l\u00e0m t\u1eeb g\u1ed7 t\u1ef1 nhi\u00ean, \u0111\u01b0\u1ee3c t\u0103ng \u0111\u1ed9 d\u00e0y n\u00ean kh\u1ea3 n\u0103ng l\u00e0m m\u00e1t nhanh h\u01a1n so v\u1edbi t\u1ea5m l\u00e0m m\u00e1t th\u00f4ng th\u01b0\u1eddng. Sau khi kh\u00f4ng kh\u00ed n\u00f3ng di chuy\u1ec3n qua t\u1ea5m l\u00e0m m\u00e1t \u0111\u01b0\u1ee3c h\u1ea1 nhi\u1ec7t xu\u1ed1ng 26 \u2013 28 \u0111\u1ed9 C v\u00e0 \u0111\u01b0a l\u00e0n gi\u00f3 t\u01b0\u01a1i m\u00e1t th\u1ed5i v\u00e0o kh\u00f4ng gian. M\u1ee9c nhi\u1ec7t \u0111\u1ed9 n\u00e0y ph\u00f9 h\u1ee3p v\u1edbi c\u01a1 th\u1ec3 con ng\u01b0\u1eddi, kh\u00f4ng g\u00e2y t\u00ecnh tr\u1ea1ng s\u1ed1c nhi\u1ec7t khi thay \u0111\u1ed5i m\u00f4i tr\u01b0\u1eddng.<\/p>\n<p>&nbsp;<\/p>\n<h3><span style=\"color: #3366ff;\">2.3 Ti\u1ebft ki\u1ec7m \u0111i\u1ec7n n\u0103ng ti\u00eau th\u1ee5 t\u1ed1i \u0111a<\/span><\/h3>\n<p>M\u00e1y l\u00e0m m\u00e1t Nakami NKM-7500A si\u00eau ti\u1ebft ki\u1ec7m \u0111i\u1ec7n n\u0103ng ti\u00eau th\u1ee5 so v\u1edbi \u0111i\u1ec1u h\u00f2a nhi\u1ec7t \u0111\u1ed9. V\u1edbi c\u00f4ng su\u1ea5t m\u00f4 t\u01a1 340W, d\u00f9ng 10 gi\u1edd th\u00ec ch\u1ec9 t\u1ed1n 1.8 kWh (s\u1ed1 \u0111i\u1ec7n). Trong khi \u0111\u00f3 \u0111i\u1ec1u h\u00f2a nhi\u1ec7t \u0111\u1ed9 th\u01b0\u1eddng c\u00f3 c\u00f4ng su\u1ea5t 750W, d\u00f9ng 10h th\u00ec t\u1ed1n \u0111\u1ebfn 7,5kWh s\u1ed1 \u0111i\u1ec7n.<\/p>\n<p>&nbsp;<\/p>\n<h3><span style=\"color: #3366ff;\">2.4 L\u1ecdc s\u1ea1ch kh\u00f4ng kh\u00ed<\/span><\/h3>\n<p>M\u00e1y Nakami NKM-7500A \u0111\u01b0\u1ee3c trang b\u1ecb t\u1ea5m l\u01b0\u1edbi l\u1ecdc v\u00e0 t\u1ea5m l\u00e0m m\u00e1t Cooling Pad c\u00f3 ch\u1ee9c n\u0103ng l\u1ecdc s\u1ea1ch b\u1ee5i b\u1ea9n li ti v\u00e0 kh\u1eed m\u00f9i. V\u1edbi t\u1ea5m l\u01b0\u1edbi l\u1ecdc \u0111\u01b0\u1ee3c thi\u1ebft k\u1ebf th\u00f4ng minh t\u0103ng kh\u1ea3 n\u0103ng l\u1ecdc b\u1ecf b\u1ee5i li ti. C\u00f2n t\u1ea5m l\u00e0m m\u00e1t Cooling Pad l\u00e0m t\u1eeb g\u1ed7 t\u1ef1 nhi\u00ean, \u0111\u01b0\u1ee3c ph\u1ee7 m\u1ed9t l\u1edbp m\u00e0u ch\u1ed1ng n\u1ea5m m\u1ed1c, rong r\u00eau. Kh\u00f4ng kh\u00ed b\u00ean ngo\u00e0i khi di chuy\u1ec3n v\u00e0o trong \u0111\u1ec1u \u0111\u01b0\u1ee3c l\u1ecdc s\u1ea1ch nh\u1edd t\u1ea5m l\u00e0m m\u00e1t v\u00e0 t\u1ea5m l\u01b0\u1edbi l\u1ecdc.<\/p>\n<p>&nbsp;<\/p>\n<p><img loading=\"lazy\" decoding=\"async\" class=\"size-medium wp-image-1742 aligncenter\" src=\"https:\/\/dienmayklp.vn\/wp-content\/uploads\/2025\/03\/490-cau-tao-may-lam-mat-khong-khi-taka-645x400.jpg\" alt=\"\" width=\"645\" height=\"400\" srcset=\"https:\/\/songxanhwater.com\/wp-content\/uploads\/2025\/03\/490-cau-tao-may-lam-mat-khong-khi-taka-645x400.jpg 645w, https:\/\/songxanhwater.com\/wp-content\/uploads\/2025\/03\/490-cau-tao-may-lam-mat-khong-khi-taka-600x372.jpg 600w, https:\/\/songxanhwater.com\/wp-content\/uploads\/2025\/03\/490-cau-tao-may-lam-mat-khong-khi-taka.jpg 750w\" sizes=\"auto, (max-width: 645px) 100vw, 645px\" \/><\/p>\n<p>&nbsp;<\/p>\n<h3><span style=\"color: #3366ff;\">2.5 C\u00e2n b\u1eb1ng \u0111\u1ed9 \u1ea9m<\/span><\/h3>\n<p>M\u00e1y l\u00e0m m\u00e1t Nakami c\u00f3 t\u00ednh n\u0103ng c\u00e2n b\u1eb1ng \u0111\u1ed9 \u1ea9m \u1edf m\u1ee9c ti\u00eau chu\u1ea9n t\u1ed1t cho s\u1ee9c kh\u1ecfe. V\u1edbi m\u1ee9c \u0111\u1ed9 \u1ea9m n\u00e0y h\u1ec7 h\u00f4 h\u1ea5p c\u1ee7a b\u1ea1n s\u1ebd tr\u00e1nh \u0111\u01b0\u1ee3c s\u1ef1 t\u1ea5n c\u00f4ng c\u1ee7a vi khu\u1ea9n v\u00e0 l\u00e0n da kh\u00f4ng g\u1eb7p ph\u1ea3i t\u00ecnh tr\u1ea1ng kh\u00f4 r\u00e1t.<\/p>\n<p>&nbsp;<\/p>\n<h3><span style=\"color: #3366ff;\">2.6 Thi\u1ebft b\u1ecb ch\u1ed1ng gi\u1eadt cao c\u1ea5p<\/span><\/h3>\n<p>S\u1ea3n ph\u1ea9m Nakami NKM-7500A \u0111\u01b0\u1ee3c trang b\u1ecb th\u00eam thi\u1ebft b\u1ecb ch\u1ed1ng gi\u1eadt cao c\u1ea5p c\u00f3 ch\u1ee9c n\u0103ng t\u1ef1 t\u1eaft ngu\u1ed3n \u0111i\u1ec7n khi b\u1ecb r\u00f2 \u0111i\u1ec7n \u0111\u1ec3 h\u1ea1n ch\u1ebf ch\u00e1y ch\u1eadp m\u1ea1ng \u0111i\u1ec7n trong nh\u00e0 v\u00e0 tr\u00e1nh \u0111i\u1ec7n gi\u1eadt.<\/p>\n<p>&nbsp;<\/p>\n<p><img loading=\"lazy\" decoding=\"async\" class=\"size-medium wp-image-1741 aligncenter\" src=\"https:\/\/dienmayklp.vn\/wp-content\/uploads\/2025\/03\/tai-xuong-81ba5320-24e5-4a27-a3ea-4a4123fd318b.jpg\" alt=\"\" width=\"362\" height=\"139\" \/><\/p>\n<p>&nbsp;<\/p>\n<h3><span style=\"color: #3366ff;\">2.7 D\u1ec5 d\u00e0ng di chuy\u1ec3n \u0111\u1ebfn m\u1ecdi kh\u00f4ng gian<\/span><\/h3>\n<p>Nakami NKM-7500A \u0111\u01b0\u1ee3c thi\u1ebft k\u1ebf c\u00f3 4 b\u00e1nh xe ch\u1eafc ch\u1eafn. \u0110i\u1ec1u n\u00e0y gi\u00fap thu\u1eadn ti\u1ec7n, d\u1ec5 d\u00e0ng di chuy\u1ec3n \u0111\u1ebfn m\u1ecdi v\u1ecb tr\u00ed c\u1ea7n l\u00e0m m\u00e1t t\u00f9y nhu c\u1ea7u c\u1ee7a ng\u01b0\u1eddi d\u00f9ng.<\/p>\n<p>&nbsp;<\/p>\n<h3><span style=\"color: #3366ff;\">2.8 C\u00e1c t\u00ednh n\u0103ng kh\u00e1c<\/span><\/h3>\n<p>Ch\u1ee9c n\u0103ng 3 t\u1ed1c \u0111\u1ed9 gi\u00f3: G\u1ed3m th\u1ea5p &#8211; trung b\u00ecnh &#8211; cao \u0111\u1ec3 ng\u01b0\u1eddi ti\u00eau d\u00f9ng l\u1ef1a ch\u1ecdn t\u1ed1c \u0111\u1ed9 ph\u00f9 h\u1ee3p v\u1edbi nhu c\u1ea7u s\u1eed d\u1ee5ng.<\/p>\n<p>Ch\u1ee9c n\u0103ng \u0111\u1ea3o gi\u00f3 4 chi\u1ec1u: T\u1ef1 \u0111\u1ed9ng tr\u00e1i &#8211; ph\u1ea3i, \u0111i\u1ec1u ch\u1ec9nh l\u00ean &#8211; xu\u1ed1ng gi\u00fap ph\u00e2n b\u1ed1 gi\u00f3 \u0111\u1ec1u kh\u1eafp m\u1ecdi ng\u00f3c ng\u00e1ch trong ph\u00f2ng.<\/p>\n<p>Ch\u1ebf \u0111\u1ed9 qu\u1ea1t gi\u00f3: Ch\u1ec9 c\u1ea7n b\u1eadt n\u00fat ON t\u1ea1o gi\u00f3 nh\u1eb9 nh\u00e0ng th\u00edch h\u1ee3p khi th\u1eddi ti\u1ebft kh\u00f4ng n\u1eafng n\u00f3ng. Khi b\u1eadt n\u00fat COOL m\u00e1y s\u1ebd l\u00e0m m\u00e1t b\u1eb1ng kh\u00f4ng kh\u00ed b\u1eb1ng h\u01a1i n\u01b0\u1edbc th\u1eadt hi\u1ec7u qu\u1ea3.<\/p>\n<p>Th\u1ec3 t\u00edch b\u00ecnh ch\u1ee9a n\u01b0\u1edbc l\u1edbn: B\u00ecnh ch\u1ee9a n\u01b0\u1edbc 60 l\u00edt. V\u00e0 lo\u1ea1i m\u00e1y n\u00e0y ph\u00f9 h\u1ee3p cho di\u1ec7n t\u00edch 45 &#8211; 55m2, c\u00f3 th\u1ec3 d\u00f9ng cho kh\u00f4ng gian gia \u0111\u00ecnh, c\u1eeda h\u00e0ng, kh\u00e1ch s\u1ea1n, qu\u00e1n c\u00e0 ph\u00ea,&#8230;<\/p>\n<p>&nbsp;<\/p>\n<p><img loading=\"lazy\" decoding=\"async\" class=\"size-medium wp-image-1740 aligncenter\" src=\"https:\/\/dienmayklp.vn\/wp-content\/uploads\/2025\/03\/332ccd73164adc852ff1563e0711589b.jpg\" alt=\"\" width=\"600\" height=\"343\" \/><\/p>\n<p>&nbsp;<\/p>\n<h2><span style=\"color: #3366ff;\">3. Nh\u1eefng cam k\u1ebft khi s\u1eed d\u1ee5ng d\u1ecbch v\u1ee5 t\u1ea1i Kim Long Ph\u00e1t (dienmayklp)<\/span><\/h2>\n<p>\u0110i\u1ec7n M\u00e1y\u00a0<span style=\"color: #00aae7;\"><a style=\"color: #00aae7;\" href=\"https:\/\/dienmayklp.vn\/\" target=\"_blank\" rel=\"noopener nofollow\">Kim Long Ph\u00e1t (KLP)<\/a><\/span>\u00a0l\u00e0 \u0111\u01a1n v\u1ecb d\u1eabn \u0111\u1ea7u th\u1ecb tr\u01b0\u1eddng ph\u00e2n ph\u1ed1i v\u00e0 cho thu\u00ea m\u00e1y l\u00e0m m\u00e1t c\u00f4ng nghi\u1ec7p NKM-7500A t\u1ea1i TP. H\u1ed3 Ch\u00ed Minh v\u00e0 c\u00e1c khu v\u1ef1c l\u00e2n c\u1eadn. V\u1edbi quy m\u00f4 d\u00f9 nh\u1ecf hay l\u1edbn, Kim Long Ph\u00e1t s\u1ebd ph\u1ee5c v\u1ee5 t\u1eadn t\u00ecnh v\u1edbi kh\u00e1ch h\u00e0ng, v\u1edbi t\u1ea5t c\u1ea3 uy t\u00edn, kinh nghi\u1ec7m trong ngh\u1ec1.<\/p>\n<p>&nbsp;<\/p>\n<p>\u0110a d\u1ea1ng m\u1eabu m\u00e3 cho kh\u00e1ch h\u00e0ng l\u1ef1a ch\u1ecdn: Kh\u00f4ng ch\u1ec9 cho thu\u00ea m\u00e1y l\u00e0m m\u00e1t NKM-7500A, Kim Long Ph\u00e1t c\u00f3 r\u1ea5t nhi\u1ec1u s\u1ea3n ph\u1ea9m, v\u1edbi c\u00f4ng su\u1ea5t kh\u00e1c nhau, ph\u1ee5c v\u1ee5 cho nhi\u1ec1u m\u1ee5c \u0111\u00edch s\u1eed d\u1ee5ng.<\/p>\n<p>Cam k\u1ebft s\u1ea3n ph\u1ea9m m\u1edbi: Kim Long Ph\u00e1t (KLP) cam k\u1ebft c\u00e1c s\u1ea3n ph\u1ea9m m\u00e1y l\u00e0m l\u1ea1nh c\u00f4ng nghi\u1ec7p NKM-7500A \u0111\u1ec1u l\u00e0 nh\u1eefng s\u1ea3n ph\u1ea9m m\u1edbi, ngo\u1ea1i h\u00ecnh \u0111\u1eb9p, kh\u1ea3 n\u0103ng ho\u1ea1t \u0111\u1ed9ng m\u1ea1nh m\u1ebd v\u00e0 ch\u1ea5t l\u01b0\u1ee3ng nh\u1ea5t.<\/p>\n<p>D\u1ecbch v\u1ee5 chuy\u00ean nghi\u1ec7p, cam k\u1ebft, t\u1eadn t\u00e2m: V\u1edbi h\u01a1n 10 n\u0103m kinh nghi\u1ec7m, \u0111\u1ed9i ng\u0169 nh\u00e2n vi\u00ean l\u00e0nh ngh\u1ec1, Kim Long Ph\u00e1t t\u1ef1 h\u00e0o s\u1ebd mang l\u1ea1i d\u1ecbch v\u1ee5 chuy\u00ean nghi\u1ec7p nh\u1ea5t.<\/p>\n<p>Tr\u1ecdn g\u00f3i d\u1ecbch v\u1ee5: Kh\u00f4ng ch\u1ec9 cho thu\u00ea m\u00e1y NKM-7500A, Kim Long Ph\u00e1t (dienmayklp) cam k\u1ebft h\u1ed7 tr\u1ee3 t\u1eeb kh\u00e2u v\u1eadn chuy\u1ec3n, l\u1eafp \u0111\u1eb7t, theo d\u00f5i, h\u01b0\u1edbng d\u1eabn kh\u00e1ch h\u00e0ng t\u1ed1t nh\u1ea5t. T\u1ea5t c\u1ea3 \u0111\u1ec1u mi\u1ec5n ph\u00ed.<\/p>\n<p>Gi\u00e1 c\u1ea3 ph\u00f9 h\u1ee3p v\u00e0 qu\u00e0 t\u1eb7ng h\u1ea5p d\u1eabn: Kh\u00f4ng ch\u1ec9 h\u1ed7 tr\u1ee3 v\u1eadn chuy\u1ec3n, l\u1eafp \u0111\u1eb7t,&#8230; gi\u00e1 thu\u00ea Daikio DK-18000TX\/TL\/TN c\u0169ng r\u1ea5t h\u1ee3p l\u00fd, r\u1ebb nh\u1ea5t th\u1ecb tr\u01b0\u1eddng TP. H\u1ed3 Ch\u00ed Minh c\u00f9ng nhi\u1ec1u qu\u00e0 t\u1eb7ng h\u1ea5p d\u1eabn khi thu\u00ea v\u1edbi s\u1ed1 l\u01b0\u1ee3ng l\u1edbn.<\/p>\n<p>&nbsp;<\/p>\n<p>\u0110i\u1ec7n m\u00e1y Kim Long Ph\u00e1t l\u00e0 \u0111\u01a1n v\u1ecb ph\u00e2n ph\u1ed1i v\u00e0 cho thu\u00ea m\u00e1y l\u00e0m m\u00e1t uy t\u00edn \u0111\u01b0\u1ee3c th\u00e0nh l\u1eadp t\u1eeb n\u0103m 2009. Ngo\u00e0i ra, \u0111\u01a1n c\u0169ng \u0111i \u0111\u1ea7u trong l\u0129nh v\u1ef1c kinh doanh v\u00e0 cho thu\u00ea m\u00e1y t\u1ea1o n\u01b0\u1edbc ion ki\u1ec1m, robot h\u00fat b\u1ee5i lau nh\u00e0,&#8230; \u0110\u1ec3 c\u00f3 th\u00eam th\u00f4ng tin chi ti\u1ebft, b\u1ea1n c\u00f3 th\u1ec3 truy c\u1eadp v\u00e0o\u00a0<span style=\"color: #00aae7;\"><a style=\"color: #00aae7;\" href=\"https:\/\/dienmayklp.vn\/\" target=\"_blank\" rel=\"noopener nofollow\">dienmayklp.vn<\/a><\/span>\u00a0ho\u1eb7c s\u1ed1 \u0111i\u1ec7n tho\u1ea1i:\u00a0<span style=\"color: #ff0000;\"><strong>028 2253 5834<\/strong><\/span><\/p>\n<p>&nbsp;<\/p>\n<p>M\u1ecdi th\u00f4ng tin chi ti\u1ebft xin li\u00ean h\u1ec7:<\/p>\n<p><span style=\"color: #00aae7;\"><b><i>C\u00d4NG TY C\u1ed4 PH\u1ea6N TH\u01af\u01a0NG M\u1ea0I V\u00c0 X\u00c2Y D\u1ef0NG KIM LONG PH\u00c1T<\/i><\/b><\/span><\/p>\n<p><i>Showroom 1:<\/i>\u00a0228 \u0110\u01b0\u1eddng III, KDC Khang \u0110i\u1ec1n, P. Ph\u01b0\u1edbc Long B, Qu\u1eadn 9, TP.\u00a0H\u1ed3 Ch\u00ed Minh<\/p>\n<p><i>Showroom 2:\u00a0<\/i>T\u00f2a S1.01 &#8211; 05.01. Shophouse S01 &#8211; Vinhomes Grand Park &#8211; 200 Nguy\u1ec5n Xi\u1ec3n, P.\u00a0Long Th\u1ea1nh M\u1ef9, Qu\u1eadn 9, TP. H\u1ed3 Ch\u00ed Minh<\/p>\n<p><i>Hotline t\u01b0 v\u1ea5n:<\/i>\u00a0<span style=\"color: #ff0000;\"><b>028 2253 5834<\/b><\/span><\/p>\n<p><i>\u0110\u1eb7t h\u00e0ng tr\u1ef1c tuy\u1ebfn:<\/i>\u00a0<span style=\"color: #ff0000;\"><b>0888 124 839<\/b><\/span><\/p>\n<p><i>Email:<\/i>\u00a0<span style=\"color: #3366ff;\"><a style=\"color: #3366ff;\" href=\"mailto:cskh@klp.vn?subject=Ph%E1%BA%A3n%20H%E1%BB%93i%20%C4%90i%E1%BB%87n%20M%C3%A1y%20Kim%20Long%20Ph%C3%A1t&amp;body=%C4%90i%E1%BB%87n%20M%C3%A1y%20Kim%20Long%20Ph%C3%A1t%20K%C3%ADnh%20ch%C3%A0o%20qu%C3%BD%20kh%C3%A1ch!%0AMong%20nh%E1%BA%ADn%20%C4%91%C6%B0%E1%BB%A3c%20%C3%BD%20ki%E1%BA%BFn%20ph%E1%BA%A3n%20h%E1%BB%93i%20t%E1%BB%AB%20Anh%2FCh%E1%BB%8B\">cskh@klp.vn<\/a><\/span><\/p>\n<p><i>Website:<\/i>\u00a0<span style=\"color: #3366ff;\"><a style=\"color: #3366ff;\" href=\"http:\/\/dienmayklp.vn\/\" target=\"_blank\" rel=\"noopener nofollow\">dienmayklp.vn<\/a>\u00a0<\/span> |\u00a0\u00a0<span style=\"color: #3366ff;\"><a style=\"color: #3366ff;\" href=\"http:\/\/klp.vn\/\" rel=\"nofollow noopener\" target=\"_blank\">klp.vn<\/a><\/span><\/p>\n<\/div>\n<\/div>\n<\/div>\n<\/div>\n<\/section>\n","protected":false},"excerpt":{"rendered":"<p>Nh\u1eefng n\u0103m g\u1ea7n \u0111\u00e2y, m\u00e1y l\u00e0m m\u00e1t NKM-7500A c\u1ee7a Nakami th\u01b0\u1eddng \u0111\u01b0\u1ee3c s\u1eed d\u1ee5ng trong c\u00e1c s\u1ef1 ki\u1ec7n l\u1edbn. \u0110\u00e2y l\u00e0 thi\u1ebft b\u1ecb l\u00e0m m\u00e1t nhanh ch\u00f3ng ngay c\u1ea3 khi trong nh\u00e0 v\u00e0 ngo\u00e0i tr\u1eddi. Thu\u00ea m\u00e1y NKM-7500A l\u00e0 m\u1ed9t s\u1ef1 l\u1ef1a ch\u1ecdn th\u00f4ng minh, ti\u1ebft ki\u1ec7m cho k\u1ebf ho\u1ea1ch t\u1ed5 ch\u1ee9c s\u1ef1 ki\u1ec7n c\u1ee7a [&#8230;]\n","protected":false},"featured_media":334,"comment_status":"open","ping_status":"closed","template":"","meta":{"_acf_changed":false},"product_brand":[73],"product_cat":[71],"product_tag":[],"class_list":{"0":"post-330","1":"product","2":"type-product","3":"status-publish","4":"has-post-thumbnail","6":"product_brand-daikio","7":"product_cat-he-thong-loc-nuoc-tho","9":"first","10":"instock","11":"taxable","12":"shipping-taxable","13":"purchasable","14":"product-type-simple"},"acf":[],"_links":{"self":[{"href":"https:\/\/songxanhwater.com\/index.php?rest_route=\/wp\/v2\/product\/330","targetHints":{"allow":["GET"]}}],"collection":[{"href":"https:\/\/songxanhwater.com\/index.php?rest_route=\/wp\/v2\/product"}],"about":[{"href":"https:\/\/songxanhwater.com\/index.php?rest_route=\/wp\/v2\/types\/product"}],"replies":[{"embeddable":true,"href":"https:\/\/songxanhwater.com\/index.php?rest_route=%2Fwp%2Fv2%2Fcomments&post=330"}],"wp:featuredmedia":[{"embeddable":true,"href":"https:\/\/songxanhwater.com\/index.php?rest_route=\/wp\/v2\/media\/334"}],"wp:attachment":[{"href":"https:\/\/songxanhwater.com\/index.php?rest_route=%2Fwp%2Fv2%2Fmedia&parent=330"}],"wp:term":[{"taxonomy":"product_brand","embeddable":true,"href":"https:\/\/songxanhwater.com\/index.php?rest_route=%2Fwp%2Fv2%2Fproduct_brand&post=330"},{"taxonomy":"product_cat","embeddable":true,"href":"https:\/\/songxanhwater.com\/index.php?rest_route=%2Fwp%2Fv2%2Fproduct_cat&post=330"},{"taxonomy":"product_tag","embeddable":true,"href":"https:\/\/songxanhwater.com\/index.php?rest_route=%2Fwp%2Fv2%2Fproduct_tag&post=330"}],"curies":[{"name":"wp","href":"https:\/\/api.w.org\/{rel}","templated":true}]}}