{"id":307,"date":"2025-03-27T15:54:35","date_gmt":"2025-03-27T15:54:35","guid":{"rendered":"https:\/\/dienmayklp.vn\/?post_type=product&#038;p=307"},"modified":"2025-05-24T03:14:20","modified_gmt":"2025-05-24T03:14:20","slug":"307","status":"publish","type":"product","link":"https:\/\/songxanhwater.com\/?product=307","title":{"rendered":"Cho thu\u00ea m\u00e1y l\u00e0m m\u00e1t c\u00e1c lo\u1ea1i"},"content":{"rendered":"<h2>GI\u1edaI THI\u1ec6U M\u00c1Y L\u00c0M M\u00c1T &#8211; M\u00d4 T\u1ea2 M\u00c1Y L\u00c0M M\u00c1T<\/h2>\n<p><em><strong>\u00a0H\u1ec7 th\u1ed1ng l\u00e0m m\u00e1t<\/strong><\/em>\u00a0Open Space l\u00e0 m\u1ed9t kh\u00e1i ni\u1ec7m mang t\u00ednh s\u00e1ng t\u1ea1o trong vi\u1ec7c\u00a0<strong><em>l\u00e0m m\u00e1t<\/em><\/strong>\u00a0kh\u00f4ng gian l\u00e0m vi\u1ec7c c\u00f4ng nghi\u1ec7p, mang l\u1ea1i m\u1ed9t nhi\u1ec7t \u0111\u1ed9 l\u00e0m vi\u1ec7c ph\u00f9 h\u1ee3p nh\u1ea5t. N\u00f3 t\u1eadn d\u1ee5ng n\u0103ng l\u01b0\u1ee3ng \u1ea9n trong kh\u00ed quy\u1ec3n b\u1eb1ng vi\u1ec7c l\u00e0m bay h\u01a1i n\u01b0\u1edbc trong \u0111\u00f3 l\u00e0m cho kh\u00f4ng kh\u00ed tr\u1edf n\u00ean m\u00e1t. N\u00f3i c\u00e1ch kh\u00e1c, vi\u1ec7c s\u1eed d\u1ee5ng n\u0103ng l\u01b0\u1ee3ng \u0111\u00f3 kh\u00f4ng t\u1ed1n m\u1ed9t xu n\u00e0o c\u1ee7a b\u1ea1n. L\u01b0\u1ee3ng kh\u00f4ng kh\u00ed m\u00e1t \u0111\u01b0\u1ee3c t\u1ea1o ra v\u1edbi chi ph\u00ed v\u1eadn h\u00e0nh ch\u1ec9 b\u1eb1ng 8% -10% so v\u1edbi m\u00e1y \u0111i\u1ec1u h\u00f2a kh\u00f4ng kh\u00ed.<\/p>\n<p><img loading=\"lazy\" decoding=\"async\" class=\"size-medium wp-image-1490 aligncenter\" src=\"https:\/\/dienmayklp.vn\/wp-content\/uploads\/2025\/03\/620e80a75e26be78e737-b4bd911f-6550-4c76-a496-7f0076cc9c68-533x400.jpg\" alt=\"\" width=\"533\" height=\"400\" srcset=\"https:\/\/songxanhwater.com\/wp-content\/uploads\/2025\/03\/620e80a75e26be78e737-b4bd911f-6550-4c76-a496-7f0076cc9c68-533x400.jpg 533w, https:\/\/songxanhwater.com\/wp-content\/uploads\/2025\/03\/620e80a75e26be78e737-b4bd911f-6550-4c76-a496-7f0076cc9c68-1067x800.jpg 1067w, https:\/\/songxanhwater.com\/wp-content\/uploads\/2025\/03\/620e80a75e26be78e737-b4bd911f-6550-4c76-a496-7f0076cc9c68-768x576.jpg 768w, https:\/\/songxanhwater.com\/wp-content\/uploads\/2025\/03\/620e80a75e26be78e737-b4bd911f-6550-4c76-a496-7f0076cc9c68-600x450.jpg 600w, https:\/\/songxanhwater.com\/wp-content\/uploads\/2025\/03\/620e80a75e26be78e737-b4bd911f-6550-4c76-a496-7f0076cc9c68.jpg 1280w\" sizes=\"auto, (max-width: 533px) 100vw, 533px\" \/><\/p>\n<p style=\"text-align: center;\"><iframe loading=\"lazy\" src=\"https:\/\/web.archive.org\/web\/20240713225936if_\/https:\/\/www.youtube.com\/embed\/GkpJWGLPJDo\" width=\"560\" height=\"315\" frameborder=\"0\" allowfullscreen=\"allowfullscreen\" data-ruffle-polyfilled=\"\" data-mce-fragment=\"1\"><\/iframe><\/p>\n<p>Video cho thu\u00ea m\u00e1y l\u00e0m m\u00e1t t\u1ea1i c\u00e1c s\u1ef1 ki\u1ec7n<\/p>\n<p>Nh\u01b0 ch\u00fang ta \u0111\u00e3 bi\u1ebft N\u01b0\u1edbc v\u00e0 kh\u00f4ng kh\u00ed l\u00e0 m\u1ed9t trong nh\u1eefng y\u1ebfu t\u1ed1 c\u1ea7n thi\u1ebft kh\u1edfi ngu\u1ed3n cho s\u1ef1 s\u1ed1ng tr\u00ean tr\u00e1i \u0111\u1ea5t. Thi\u00ean nhi\u00ean t\u1ea1o ra r\u1ea5t nhi\u1ec1u khu v\u1ef1c m\u00e0 \u1edf c\u00e1c n\u01a1i \u0111\u00f3 \u0111\u1ec1u c\u00f3 s\u1ef1 kh\u00e1c bi\u1ec7t v\u1ec1 \u0111i\u1ec1u ki\u1ec7n \u0111\u1ecba l\u00fd, kh\u00ed h\u1eadu, \u0111\u1ed9 \u1ea9m, \u00e1p su\u1ea5t, nhi\u1ec7t \u0111\u1ed9 v.v\u2026 T\u1eeb nh\u1eefng \u0111i\u1ec1u ki\u1ec7n kh\u00e1c bi\u1ec7t \u0111\u00f3 m\u00e0 nhu c\u1ea7u sinh ho\u1ea1t \u0111\u1eddi s\u1ed1ng c\u1ee7a con ng\u01b0\u1eddi \u1edf m\u1ed7i v\u00f9ng \u0111\u1ec1u c\u00f3 nh\u1eefng kh\u00f3 kh\u0103n v\u00e0 thu\u1eadn l\u1ee3i ri\u00eang. Trong su\u1ed1t qu\u00e1 tr\u00ecnh sinh s\u1ed1ng c\u1ee7a con ng\u01b0\u1eddi, ch\u00fang ta \u0111\u00e3 bi\u1ebft \u0111\u01b0\u1ee3c nh\u1eefng hi\u1ec7n t\u01b0\u1ee3ng x\u1ea3y ra trong thi\u00ean nhi\u00ean qua s\u1ef1 bay h\u01a1i n\u01b0\u1edbc v\u00e0 s\u1ef1 chuy\u1ec3n d\u1ecbch c\u1ee7a kh\u00f4ng kh\u00ed b\u1ed1c h\u01a1i tr\u00ean m\u1eb7t h\u1ed3 hay tr\u00ean sa m\u1ea1c v.v\u2026 \u0110\u00fac k\u1ebft t\u1eeb nh\u1eefng kinh nghi\u1ec7m v\u1ec1 c\u00e1c hi\u1ec7n t\u01b0\u1ee3ng trong thi\u00ean nhi\u00ean, con ng\u01b0\u1eddi \u0111\u00e3 ch\u1ebf t\u1ea1o c\u00e1c lo\u1ea1i m\u00e1y l\u00e0m c\u00e2n b\u1eb1ng nh\u1eefng m\u00f4i tr\u01b0\u1eddng kh\u00e1c nhau t\u1ea1o ra m\u1ed9t m\u00f4i tr\u01b0\u1eddng th\u00edch h\u1ee3p nh\u1ea5t nh\u1eb1m m\u1ee5c \u0111\u00edch ph\u1ee5c v\u1ee5 con ng\u01b0\u1eddi c\u0169ng nh\u01b0 n\u00e2ng cao hi\u1ec7u qu\u1ea3 kinh doanh lao \u0111\u1ed9ng s\u1ea3n xu\u1ea5t. Hi\u1ec7n nay, m\u1ed9t s\u1ea3n ph\u1ea9m m\u1edbi mang t\u00ean\u00a0<strong>m\u00e1y l\u00e0m m\u00e1t kh\u00f4ng kh\u00ed<\/strong>\u00a0ra \u0111\u1eddi.<\/p>\n<p><img loading=\"lazy\" decoding=\"async\" class=\"size-medium wp-image-1492 aligncenter\" src=\"https:\/\/dienmayklp.vn\/wp-content\/uploads\/2025\/03\/44ae6fe6cc662c387577-533x400.jpg\" alt=\"44ae6fe6cc662c387577\" width=\"533\" height=\"400\" srcset=\"https:\/\/songxanhwater.com\/wp-content\/uploads\/2025\/03\/44ae6fe6cc662c387577-533x400.jpg 533w, https:\/\/songxanhwater.com\/wp-content\/uploads\/2025\/03\/44ae6fe6cc662c387577-1067x800.jpg 1067w, https:\/\/songxanhwater.com\/wp-content\/uploads\/2025\/03\/44ae6fe6cc662c387577-768x576.jpg 768w, https:\/\/songxanhwater.com\/wp-content\/uploads\/2025\/03\/44ae6fe6cc662c387577-600x450.jpg 600w, https:\/\/songxanhwater.com\/wp-content\/uploads\/2025\/03\/44ae6fe6cc662c387577.jpg 1280w\" sizes=\"auto, (max-width: 533px) 100vw, 533px\" \/><\/p>\n<p><strong>M\u00e1y l\u00e0m m\u00e1t<\/strong>\u00a0<strong>kh\u00f4ng kh\u00ed<\/strong>\u00a0l\u00e0 s\u1ea3n ph\u1ea9m th\u00f4ng minh \u0111\u01b0\u1ee3c k\u1ebft h\u1ee3p gi\u1eefa n\u0103ng l\u01b0\u1ee3ng c\u1ee7a n\u01b0\u1edbc v\u00e0 kh\u00f4ng kh\u00ed m\u1ed9t c\u00e1ch khoa h\u1ecdc t\u1eeb c\u00e1c hi\u1ec7n t\u01b0\u1ee3ng thi\u00ean nhi\u00ean thu nh\u1ecf. Nh\u1eefng t\u1ea5m m\u00e0ng gi\u1ea5y m\u1ecfng (celpad) kh\u00f4ng b\u1ecb tan r\u00e3 v\u00e0 kh\u00f4ng bi\u1ebfn d\u1ea1ng trong n\u01b0\u1edbc, \u0111\u01b0\u1ee3c k\u1ebft d\u00ednh v\u1edbi nhau \u0111\u00f3 l\u00e0 s\u1ef1 s\u1eafp x\u1ebfp khoa h\u1ecdc, l\u00e0 di\u1ec7n t\u00edch m\u1eb7t h\u1ed3 n\u01b0\u1edbc \u0111\u01b0\u1ee3c thu nh\u1ecf v\u00e0 nh\u1eefng t\u1ea5m m\u00e0ng gi\u1ea5y m\u1ecfng \u0111\u01b0\u1ee3c thi\u1ebft k\u1ebf th\u00e0nh nh\u1eefng \u0111\u01b0\u1eddng cong g\u1ee3n s\u00f3ng, nh\u1eb1m m\u1ee5c \u0111\u00edch t\u0103ng b\u1ec1 m\u1eb7t ti\u1ebfp x\u00fac c\u1ee7a n\u01b0\u1edbc v\u00e0 t\u1ea1o khe h\u1edf \u0111\u1ec3 kh\u00f4ng kh\u00ed \u0111i qua, s\u1ebd x\u1ea3y ra qu\u00e1 tr\u00ecnh trao \u0111\u1ed5i, bay h\u01a1i n\u01b0\u1edbc t\u1ed1i \u01b0u!\u00a0<strong>M\u00e1y l\u00e0m m\u00e1t<\/strong>\u00a0mang l\u1ea1i hi\u1ec7u qu\u1ea3 l\u00e0m m\u00e1t cao nh\u1ea5t.<\/p>\n<p><strong>NGUY\u00caN L\u00dd GI\u1ea2M NHI\u1ec6T \u0110\u1ed8 C\u1ee6A M\u00c1Y L\u00c0M M\u00c1T<\/strong><\/p>\n<p>&nbsp;<\/p>\n<p><iframe loading=\"lazy\" src=\"https:\/\/web.archive.org\/web\/20240713225936if_\/https:\/\/www.youtube.com\/embed\/nskaqoOyKgI\" width=\"560\" height=\"315\" frameborder=\"0\" allowfullscreen=\"allowfullscreen\" data-ruffle-polyfilled=\"\" data-mce-fragment=\"1\"><\/iframe><\/p>\n<p><strong>M\u00e1y l\u00e0m m\u00e1t\u00a0\u00a0kh\u00f4ng kh\u00ed<\/strong>\u00a0l\u00e0m gi\u1ea3m nhi\u1ec7t \u0111\u1ed9 theo c\u00e1ch h\u1ea5p th\u1ee5 h\u01a1i n\u00f3ng trong kh\u00f4ng kh\u00ed qua s\u1ef1 bay h\u01a1i n\u01b0\u1edbc. Theo m\u1ed7i chu k\u1ef3, n\u01b0\u1edbc h\u1ea5p th\u1ee5 nhi\u1ec7t sau khi bay h\u01a1i, v\u00e0 v\u00f9ng di\u1ec5n ra s\u1ef1 bay h\u01a1i \u1ea3nh h\u01b0\u1edfng \u0111\u1ebfn hi\u1ec7u qu\u1ea3 c\u1ee7a vi\u1ec7c bay h\u01a1i. Khi kh\u00ed n\u00f3ng \u0111i qua t\u1ea5m m\u00e0ng gi\u1ea5y l\u00e0m m\u00e1t ( t\u1ea5m m\u00e0ng gi\u1ea5y c\u00f3 v\u00f9ng trao \u0111\u1ed5i nhi\u1ec7t h\u01a1n g\u1ea5p tr\u0103m l\u1ea7n so v\u1edbi di\u1ec7n t\u00edch c\u1ee7a n\u00f3) h\u01a1i n\u00f3ng s\u1ebd \u0111\u01b0\u1ee3c h\u1ea5p \u00a0thu, v\u00ec th\u1ebf l\u00e0m gi\u1ea3m nhi\u1ec7t \u0111\u1ed9.<\/p>\n<p><img loading=\"lazy\" decoding=\"async\" class=\"size-medium wp-image-1493 aligncenter\" src=\"https:\/\/dienmayklp.vn\/wp-content\/uploads\/2025\/03\/nguyen-ly-hoat-dong-711x400.gif\" alt=\"\" width=\"711\" height=\"400\" srcset=\"https:\/\/songxanhwater.com\/wp-content\/uploads\/2025\/03\/nguyen-ly-hoat-dong-711x400.gif 711w, https:\/\/songxanhwater.com\/wp-content\/uploads\/2025\/03\/nguyen-ly-hoat-dong-768x432.gif 768w, https:\/\/songxanhwater.com\/wp-content\/uploads\/2025\/03\/nguyen-ly-hoat-dong-600x338.gif 600w\" sizes=\"auto, (max-width: 711px) 100vw, 711px\" \/><\/p>\n<p><strong>N\u00c9T \u0110\u1eb6C TR\u01afNG C\u1ee6A M\u00c0NG GI\u1ea4Y L\u00c0M M\u00c1T G\u1ed2M NHI\u1ec0U L\u1edaP \u00a0T\u01af\u01a0NG \u0110\u1ed2NG C\u00d3 S\u1eda V\u00c0 G\u1ee2N S\u00d3NG<\/strong><\/p>\n<p><img loading=\"lazy\" decoding=\"async\" class=\"size-medium wp-image-1494 aligncenter\" src=\"https:\/\/dienmayklp.vn\/wp-content\/uploads\/2025\/03\/evaporative-cooling-pad-for-farm-water-cooler29573714459-534x400.webp\" alt=\"evaporative-cooling-pad-for-farm-water-cooler29573714459\" width=\"534\" height=\"400\" srcset=\"https:\/\/songxanhwater.com\/wp-content\/uploads\/2025\/03\/evaporative-cooling-pad-for-farm-water-cooler29573714459-534x400.webp 534w, https:\/\/songxanhwater.com\/wp-content\/uploads\/2025\/03\/evaporative-cooling-pad-for-farm-water-cooler29573714459-600x450.webp 600w, https:\/\/songxanhwater.com\/wp-content\/uploads\/2025\/03\/evaporative-cooling-pad-for-farm-water-cooler29573714459.webp 730w\" sizes=\"auto, (max-width: 534px) 100vw, 534px\" \/><\/p>\n<p>Ph\u1ea7n ch\u00ednh c\u1ee7a m\u00e1y l\u00e0m m\u00e1t\u00a0 ti\u1ebft ki\u1ec7m n\u0103ng l\u01b0\u1ee3ng v\u00e0 gi\u1eef s\u1ea1ch m\u00f4i tr\u01b0\u1eddng l\u00e0 t\u1ea5m m\u00e0ng gi\u1ea5y l\u00e0m m\u00e1t g\u1ed3m nhi\u1ec1u l\u1edbp t\u01b0\u01a1ng \u0111\u1ed3ng c\u00f3 s\u1edb v\u00e0 g\u1ee3n s\u00f3ng c\u00f3 kh\u1ea3 n\u0103ng h\u1ea5p th\u1ee5 h\u01a1i n\u00f3ng trong kh\u00f4ng kh\u00ed. Khi kh\u00f4ng kh\u00ed \u0111i xuy\u00ean qua t\u1ea5m m\u00e0ng gi\u1ea5y, kh\u00f4ng kh\u00ed \u0111\u01b0\u1ee3c l\u1ecdc b\u1ee5i b\u1ea9n \u0111\u01b0\u1ee3c ch\u1eb7n l\u1ea1i, l\u00e0m m\u00e1t v\u00e0 t\u1ea1o \u1ea9m. Nh\u1eefng thu\u1eadn l\u1ee3i c\u1ee7a n\u00f3 l\u00e0 c\u00f3 kh\u1ea3 n\u0103ng trao \u0111\u1ed5i l\u1edbn, k\u1ebft c\u1ea5u ch\u1eafc ch\u1eafn v\u00e0 b\u1ec1n, cho d\u00f9 n\u00f3 ti\u1ebfp x\u00fac v\u1edbi n\u01b0\u1edbc trong th\u1eddi gian d\u00e0i v\u00e0 trong \u0111i\u1ec1u ki\u1ec7n s\u1eed d\u1ee5ng th\u00f4ng th\u01b0\u1eddng ta c\u00f3 th\u1ec3 s\u1eed d\u1ee5ng <strong>\u0111\u01b0\u1ee3c 6 \u0111\u1ebfn 8 n\u0103m<\/strong>\u00a0(t\u00f9y thu\u1ed9c v\u00e0o ngu\u1ed3n n\u01b0\u1edbc cung c\u1ea5p).<\/p>\n<p><img loading=\"lazy\" decoding=\"async\" class=\"size-medium wp-image-1495 aligncenter\" src=\"https:\/\/dienmayklp.vn\/wp-content\/uploads\/2025\/03\/su-kien-tot-nghiep-thac-sy-tai-truong-dai-hoc-ton-duc-thang-d17e68d9-3ffd-409f-a0e2-114658fc19d8-533x400.webp\" alt=\"su-kien-tot-nghiep-thac-sy-tai-truong-dai-hoc-ton-duc-thang-d17e68d9-3ffd-409f-a0e2-114658fc19d8\" width=\"533\" height=\"400\" srcset=\"https:\/\/songxanhwater.com\/wp-content\/uploads\/2025\/03\/su-kien-tot-nghiep-thac-sy-tai-truong-dai-hoc-ton-duc-thang-d17e68d9-3ffd-409f-a0e2-114658fc19d8-533x400.webp 533w, https:\/\/songxanhwater.com\/wp-content\/uploads\/2025\/03\/su-kien-tot-nghiep-thac-sy-tai-truong-dai-hoc-ton-duc-thang-d17e68d9-3ffd-409f-a0e2-114658fc19d8-1067x800.webp 1067w, https:\/\/songxanhwater.com\/wp-content\/uploads\/2025\/03\/su-kien-tot-nghiep-thac-sy-tai-truong-dai-hoc-ton-duc-thang-d17e68d9-3ffd-409f-a0e2-114658fc19d8-768x576.webp 768w, https:\/\/songxanhwater.com\/wp-content\/uploads\/2025\/03\/su-kien-tot-nghiep-thac-sy-tai-truong-dai-hoc-ton-duc-thang-d17e68d9-3ffd-409f-a0e2-114658fc19d8-1536x1152.webp 1536w, https:\/\/songxanhwater.com\/wp-content\/uploads\/2025\/03\/su-kien-tot-nghiep-thac-sy-tai-truong-dai-hoc-ton-duc-thang-d17e68d9-3ffd-409f-a0e2-114658fc19d8-2048x1536.webp 2048w, https:\/\/songxanhwater.com\/wp-content\/uploads\/2025\/03\/su-kien-tot-nghiep-thac-sy-tai-truong-dai-hoc-ton-duc-thang-d17e68d9-3ffd-409f-a0e2-114658fc19d8-600x450.webp 600w\" sizes=\"auto, (max-width: 533px) 100vw, 533px\" \/><\/p>\n<p><strong>NGUY\u00caN L\u00dd C\u1ea4P GI\u00d3 T\u01af\u01a0I, \u0110\u1ea8Y KH\u00cd TH\u1ea2I C\u1ee6A M\u00c1Y L\u00c0M M\u00c1T\u00a0<\/strong><\/p>\n<p><img loading=\"lazy\" decoding=\"async\" class=\"size-medium wp-image-1497 aligncenter\" src=\"https:\/\/dienmayklp.vn\/wp-content\/uploads\/2025\/03\/may-lam-mat-cong-nghiep-3-460x400.gif\" alt=\"may-lam-mat-cong-nghiep-3\" width=\"460\" height=\"400\" srcset=\"https:\/\/songxanhwater.com\/wp-content\/uploads\/2025\/03\/may-lam-mat-cong-nghiep-3-460x400.gif 460w, https:\/\/songxanhwater.com\/wp-content\/uploads\/2025\/03\/may-lam-mat-cong-nghiep-3-600x522.gif 600w\" sizes=\"auto, (max-width: 460px) 100vw, 460px\" \/><\/p>\n<p>M\u00e1y l\u00e0m m\u00e1t\u00a0c\u00f3 th\u1ec3 \u0111\u01b0\u1ee3c d\u00f9ng trong m\u00f4i tr\u01b0\u1eddng l\u1ed9 thi\u00ean (kh\u00f4ng gian m\u1edf) hay \u00bd l\u1ed9 thi\u00ean. N\u00f3 c\u00f3 th\u1ec3 tr\u1ef1c ti\u1ebfp thay \u0111\u1ed5i kh\u00ed thi\u00ean nhi\u00ean th\u00e0nh kh\u00ed m\u00e1t. \u0110\u00e2y l\u00e0 h\u1ec7 th\u1ed1ng l\u00e0m m\u00e1t hi\u1ec7u qu\u1ea3 nh\u1ea5t hi\u1ec7n nay v\u00e0 mang l\u1ea1i\u00a0<strong>kh\u00ed s\u1ea1ch<\/strong>,\u00a0<strong>kh\u00ed m\u00e1t<\/strong>\u00a0v\u00e0\u00a0<strong>trong l\u00e0nh<\/strong>\u00a0cho t\u1ea5t c\u1ea3 c\u00e1c nh\u00e0 x\u01b0\u1edfng v\u00e0 kh\u00f4ng gian kh\u00e1c. Kh\u00ed tr\u1eddi b\u00ean ngo\u00e0i c\u00f3 th\u1ec3 \u0111\u01b0\u1ee3c chuy\u1ec3n \u0111\u1ed5i ph\u1ea7n l\u1edbn v\u00e0 l\u00e0m m\u00e1t b\u1edfi\u00a0<strong>m\u00e1yl\u00e0m m\u00e1t<\/strong>\u00a0sau khi \u0111\u00e3 \u0111\u01b0\u1ee3c l\u1ecdc s\u1ea1ch b\u1ee5i v\u00e0 nh\u1eefng ch\u1ea5t b\u1ea9n kh\u00e1c. M\u00e1y n\u00e0y c\u00f3 th\u1ec3 cung c\u1ea5p kh\u00ed s\u1ea1ch v\u1edbi n\u1ed3ng \u0111\u1ed9 oxy gia t\u0103ng, v\u00ec th\u1ebf c\u1ea3i thi\u1ec7n \u0111\u01b0\u1ee3c vi\u1ec7c th\u00f4ng gi\u00f3 v\u00e0 ch\u1ea5t l\u01b0\u1ee3ng kh\u00ed trong nh\u00e0 x\u01b0\u1edfng\u2026<\/p>\n<p><strong>9 T\u00cdNH N\u0102NG N\u1ed4I B\u1eacT M\u00c1Y L\u00c0M M\u00c1T<\/strong><\/p>\n<p><strong>1.<\/strong>\u00a0<strong>M\u00c1Y L\u00c0M M\u00c1T<\/strong>\u00a0l\u00e0 \u0111\u00e1p s\u1ed1 \u0111\u00fang nh\u1ea5t, kinh t\u1ebf nh\u1ea5t cho c\u00e1c doanh nh\u00e2n c\u00f3 nhu c\u1ea7u v\u1ec1 vi\u1ec7c l\u00e0m m\u00e1t cho d\u1ef1 \u00e1n c\u1ee7a m\u00ecnh trong nhi\u1ec1u l\u0129nh v\u1ef1c kh\u00e1c nhau (Nh\u00e0 m\u00e1y, X\u00ed nghi\u1ec7p, X\u01b0\u1edfng s\u1ea3n xu\u1ea5t, Nh\u00e0 h\u00e0ng, Khu vui ch\u01a1i, gi\u1ea3i tr\u00ed, Ph\u00f2ng chi\u1ebfu phim, Th\u00f4ng gi\u00f3 h\u00e0nh lanh, t\u1ea7ng h\u1ea7m, qu\u00e1n \u0103n, qu\u00e1n caf\u00e9, tr\u1ed3ng tr\u1ecdt, ch\u0103n nu\u00f4i\u2026.)<\/p>\n<p><img loading=\"lazy\" decoding=\"async\" class=\"size-medium wp-image-1498 aligncenter\" src=\"https:\/\/dienmayklp.vn\/wp-content\/uploads\/2025\/03\/8883d7f57475942bcd64-533x400.jpg\" alt=\"8883d7f57475942bcd64\" width=\"533\" height=\"400\" srcset=\"https:\/\/songxanhwater.com\/wp-content\/uploads\/2025\/03\/8883d7f57475942bcd64-533x400.jpg 533w, https:\/\/songxanhwater.com\/wp-content\/uploads\/2025\/03\/8883d7f57475942bcd64-1067x800.jpg 1067w, https:\/\/songxanhwater.com\/wp-content\/uploads\/2025\/03\/8883d7f57475942bcd64-768x576.jpg 768w, https:\/\/songxanhwater.com\/wp-content\/uploads\/2025\/03\/8883d7f57475942bcd64-600x450.jpg 600w, https:\/\/songxanhwater.com\/wp-content\/uploads\/2025\/03\/8883d7f57475942bcd64.jpg 1280w\" sizes=\"auto, (max-width: 533px) 100vw, 533px\" \/><\/p>\n<p><strong>2. M\u00c1Y L\u00c0M M\u00c1T<\/strong>\u00a0\u00a0<strong><em>Ti\u1ebft ki\u1ec7m ti\u1ec1n<\/em><\/strong>: Gi\u1ea3m t\u1ed1i \u0111a chi ph\u00ed \u0111\u1ea7u t\u01b0 ch\u1ec9 b\u1eb1ng 20% so v\u1edbi ph\u01b0\u01a1ng ph\u00e1p d\u00f9ng m\u00e1y \u0111i\u1ec1u h\u00f2a kh\u00f4ng kh\u00ed.<\/p>\n<p><strong>3. M\u00c1Y L\u00c0M M\u00c1T<\/strong>\u00a0\u00a0<strong><em>Ti\u1ebft ki\u1ec7m \u0111i\u1ec7n<\/em><\/strong>: Trong c\u00f9ng m\u1ed9t di\u1ec7n t\u00edch m\u00e1t th\u00ec \u00a0m\u00e1y l\u00e0m m\u00e1t \u00a0ch\u1ec9 ti\u00eau hao \u00a0b\u1eb1ng 10% \u0111\u1ebfn 12% \u00a0\u0111i\u1ec7n n\u0103ng so v\u1edbi m\u00e1y \u0111i\u1ec1u h\u00f2a kh\u00f4ng kh\u00ed.<\/p>\n<p><strong>4. \u00a0M\u00c1Y L\u00c0M M\u00c1T<\/strong>\u00a0\u00a0<strong><em>Ti\u1ebft ki\u1ec7m n\u01b0\u1edbc<\/em><\/strong>. V\u1edbi ch\u1ee9c n\u0103ng b\u01a1m n\u01b0\u1edbc tu\u1ea7n ho\u00e0n &amp; V\u1edbi 1 kg n\u01b0\u1edbc bay h\u01a1i s\u1ebd t\u1ea1o ra hi\u1ec7u qu\u1ea3 l\u1ea1nh ngang v\u1edbi 7 kg n\u01b0\u1edbc \u0111\u00e1, l\u00e0m h\u1ea1 nhi\u1ec7t nhanh t\u1ee9c th\u00ec.<\/p>\n<p><strong>5. M\u00c1Y L\u00c0M M\u00c1T<\/strong>\u00a0\u00a0<strong><em>H\u1ea1 nhi\u1ec7t \u0111\u1ed9 th\u1ea5p:\u00a0<\/em><\/strong>\u00a0M\u00e1y l\u00e0m m\u00e1t c\u00f3 th\u1ec3 h\u1ea1 nhi\u1ec7t \u0111\u1ed9 trong kh\u00f4ng gian c\u1ea7n l\u00e0m m\u00e1t t\u1eeb 4\u00b0C \u0111\u1ebfn\u00a0 8\u00b0C so v\u1edbi nhi\u1ec7t \u0111\u1ed9 tr\u01b0\u1edbc khi l\u00e0m m\u00e1t.<\/p>\n<p><strong>6. \u00a0M\u00c1Y L\u00c0M M\u00c1T<\/strong>\u00a0\u00a0\u00a0<strong><em>\u0110\u1ed9 \u1ed3n th\u1ea5p<\/em><\/strong>\u00a0: Khi ho\u1ea1t \u0111\u1ed9ng \u0111\u1ed9 \u1ed3n kh\u00f4ng qu\u00e1 giao \u0111\u1ed9ng t\u1eeb 45 db t\u1edbi 75db (t\u00f9y thu\u1ed9c c\u00f4ng su\u1ea5t). C\u00e1nh qu\u1ea1t c\u00f3 ki\u1ec3u d\u00e1ng h\u01b0\u1edbng tr\u1ee5c &amp; ly t\u00e2m, c\u00e1nh l\u1edbn, th\u1ed5i m\u1ea1nh, \u0111\u1ea9y xa ho\u00e0n to\u00e0n ph\u00f9 h\u1ee3p v\u1edbi \u0111i\u1ec1u ki\u1ec7n l\u00e0m vi\u1ec7c nh\u00e0 x\u01b0\u1edfng v\u00e0 c\u00e1c kh\u00f4ng\u00a0 gian m\u1edf.<\/p>\n<p><strong>7. M\u00c1Y L\u00c0M M\u00c1T<\/strong>\u00a0\u00a0<strong>\u00a0<em>Cung c\u1ea5p oxy<\/em>\u00a0:\u00a0<\/strong>Ngo\u00e0i ch\u1ee9c n\u0103ng l\u00e0m m\u00e1t khi ho\u1ea1t \u0111\u1ed9ng m\u00e1y l\u00e0m m\u00e1t c\u00f2n l\u00e0 h\u1ec7 th\u1ed1ng th\u00f4ng gi\u00f3, lu\u00f4n cung c\u1ea5p m\u1ed9t lu\u1ed3ng kh\u00ed t\u01b0\u01a1i, s\u1ea1ch, m\u00e1t l\u1ea1nh, gi\u00e0u oxy t\u1ea1o s\u1ef1 s\u1ea3ng kho\u00e1i cho kh\u00f4ng gian s\u1eed d\u1ee5ng , t\u1ea1o s\u1ef1 ch\u00eanh \u00e1p gi\u1eefa m\u00f4i tr\u01b0\u1eddng trong v\u00e0 ngo\u00e0i khu v\u1ef1c l\u00e0m m\u00e1t. L\u00e0m cho b\u1ee5i b\u1ea9n kh\u00f4ng c\u00f3 c\u01a1 h\u1ed9i x\u00e2m nh\u1eadp v\u00e0o kh\u00f4ng gian s\u1eed d\u1ee5ng m\u00e1y l\u00e0m m\u00e1t.<\/p>\n<p><strong>8 . M\u00c1Y L\u00c0M M\u00c1T<\/strong>\u00a0\u00a0<strong><em>B\u1ea3o v\u1ec7 m\u00f4i tr\u01b0\u1eddng<\/em><\/strong>\u00a0: L\u00e0m m\u00e1t theo nguy\u00ean l\u00fd t\u1ef1 nhi\u00ean kh\u00f4ng s\u1eed d\u1ee5ng kh\u00ed gas hay m\u00f4i ch\u1ea5t h\u00f3a h\u1ecdc n\u00e0o kh\u00e1c v\u00ec v\u1eady m\u00e1y l\u00e0m m\u00e1t kh\u00f4ng h\u1ee7y ho\u1ea1i t\u1ea7ng Ozon, kh\u00f4ng \u1ea3nh h\u01b0\u1edfng t\u1edbi m\u00f4i tr\u01b0\u1eddng l\u00e0m vi\u1ec7c xung quanh.<\/p>\n<p><strong>9 . M\u00c1Y L\u00c0M M\u00c1T<\/strong>\u00a0\u00a0<strong><em>S\u1eed d\u1ee5ng \u0111\u01a1n gi\u1ea3n:\u00a0<\/em><\/strong>V\u1edbi c\u1ea5u t\u1ea1o \u0111\u01a1n gi\u1ea3n, c\u01a1 h\u1ecdc (V\u1ecf m\u00e1y, t\u1ea5m Pad, Motour, C\u00e1nh qu\u1ea1t, b\u01a1m n\u01b0\u1edbc, \u0111i\u1ec1u khi\u1ec3n, phao n\u01b0\u1edbc, van x\u1ea3) b\u1ea5t c\u1ee9 ai c\u0169ng c\u00f3 th\u1ec3 s\u1eed d\u1ee5ng m\u1ed9t c\u00e1ch \u0111\u01a1n gi\u1ea3n. Ch\u1ec9 c\u1ea7n m\u1ed9t ng\u01b0\u1eddi th\u1ee3 k\u1ef9 thu\u1eadt b\u00ecnh th\u01b0\u1eddng c\u0169ng c\u00f3 th\u1ec3 v\u1eadn h\u00e0nh &amp; s\u1eed l\u00fd s\u1ef1 c\u1ed1 nhanh g\u1ecdn, kh\u00f4ng l\u00e0m \u1ea3nh h\u01b0\u1edfng t\u1edbi vi\u1ec7c s\u1ea3n xu\u1ea5t kinh doanh.<\/p>\n<p>Ch\u00fang t\u00f4i chuy\u00ean cho thu\u00ea qu\u1ea1t l\u00e0m m\u00e1t,\u00a0m\u00e1y l\u00e0m m\u00e1t kh\u00f4ng kh\u00ed\u00a0gi\u00e1 r\u1ebb, ch\u1ea5t l\u01b0\u1ee3ng. Cho thu\u00ea qu\u1ea1t l\u00e0m m\u00e1t\u00a0c\u00f4ng su\u1ea5t l\u1edbn<\/p>\n<p>V\u1edbi nh\u1eefng s\u1ef1 ki\u1ec7n ngo\u00e0i tr\u1eddi di\u1ec5n ra d\u00e0i hay ch\u1ec9 di\u1ec5n ra trong th\u1eddi gian ng\u1eafn, h\u00e3y li\u00ean h\u1ec7 ngay v\u1edbi ch\u00fang t\u00f4i \u0111\u1ec3 \u0111\u01b0\u1ee3c t\u01b0 v\u1ea5n cho thu\u00ea qu\u1ea1t l\u00e0m m\u00e1t cho nh\u1eefng s\u1ef1 ki\u1ec7n s\u1eafp di\u1ec5n ra c\u1ee7a b\u1ea1n.<\/p>\n<p>CTY C\u1ed4 PH\u1ea6N TH\u01af\u01a0NG M\u1ea0I V\u00c0 XD KIM LONG PH\u00c1T<br \/>\n\u0110\u1ecba ch\u1ec9 : 228 \u0110\u01b0\u1eddng III, KDC Khang \u0110i\u1ec1n, P.Ph\u01b0\u1edbc Long B, Qu\u1eadn 9<\/p>\n<p>\u0110T: 0282 2535 834<br \/>\nMs Dung: 0903 6872 72<br \/>\nMr: Tr\u1ef1c : 0912 638 239<br \/>\nEmail: longphat39@gmail.com<\/p>\n<p>Chuy\u00ean: Cung c\u1ea5p m\u00e1y l\u00e0m m\u00e1t DAIKIO,Nakami, thi\u1ebft b\u1ecb \u0111i\u1ec7n v\u00e0 cho thu\u00ea m\u00e1y l\u00e0m m\u00e1t.<\/p>\n","protected":false},"excerpt":{"rendered":"<p>GI\u1edaI THI\u1ec6U M\u00c1Y L\u00c0M M\u00c1T &#8211; M\u00d4 T\u1ea2 M\u00c1Y L\u00c0M M\u00c1T \u00a0H\u1ec7 th\u1ed1ng l\u00e0m m\u00e1t\u00a0Open Space l\u00e0 m\u1ed9t kh\u00e1i ni\u1ec7m mang t\u00ednh s\u00e1ng t\u1ea1o trong vi\u1ec7c\u00a0l\u00e0m m\u00e1t\u00a0kh\u00f4ng gian l\u00e0m vi\u1ec7c c\u00f4ng nghi\u1ec7p, mang l\u1ea1i m\u1ed9t nhi\u1ec7t \u0111\u1ed9 l\u00e0m vi\u1ec7c ph\u00f9 h\u1ee3p nh\u1ea5t. N\u00f3 t\u1eadn d\u1ee5ng n\u0103ng l\u01b0\u1ee3ng \u1ea9n trong kh\u00ed quy\u1ec3n b\u1eb1ng vi\u1ec7c l\u00e0m bay [&#8230;]\n","protected":false},"featured_media":308,"comment_status":"open","ping_status":"closed","template":"","meta":{"_acf_changed":false},"product_brand":[73],"product_cat":[71],"product_tag":[],"class_list":{"0":"post-307","1":"product","2":"type-product","3":"status-publish","4":"has-post-thumbnail","6":"product_brand-daikio","7":"product_cat-he-thong-loc-nuoc-tho","9":"first","10":"instock","11":"taxable","12":"shipping-taxable","13":"purchasable","14":"product-type-simple"},"acf":[],"_links":{"self":[{"href":"https:\/\/songxanhwater.com\/index.php?rest_route=\/wp\/v2\/product\/307","targetHints":{"allow":["GET"]}}],"collection":[{"href":"https:\/\/songxanhwater.com\/index.php?rest_route=\/wp\/v2\/product"}],"about":[{"href":"https:\/\/songxanhwater.com\/index.php?rest_route=\/wp\/v2\/types\/product"}],"replies":[{"embeddable":true,"href":"https:\/\/songxanhwater.com\/index.php?rest_route=%2Fwp%2Fv2%2Fcomments&post=307"}],"wp:featuredmedia":[{"embeddable":true,"href":"https:\/\/songxanhwater.com\/index.php?rest_route=\/wp\/v2\/media\/308"}],"wp:attachment":[{"href":"https:\/\/songxanhwater.com\/index.php?rest_route=%2Fwp%2Fv2%2Fmedia&parent=307"}],"wp:term":[{"taxonomy":"product_brand","embeddable":true,"href":"https:\/\/songxanhwater.com\/index.php?rest_route=%2Fwp%2Fv2%2Fproduct_brand&post=307"},{"taxonomy":"product_cat","embeddable":true,"href":"https:\/\/songxanhwater.com\/index.php?rest_route=%2Fwp%2Fv2%2Fproduct_cat&post=307"},{"taxonomy":"product_tag","embeddable":true,"href":"https:\/\/songxanhwater.com\/index.php?rest_route=%2Fwp%2Fv2%2Fproduct_tag&post=307"}],"curies":[{"name":"wp","href":"https:\/\/api.w.org\/{rel}","templated":true}]}}