{"id":2619,"date":"2026-05-08T10:11:05","date_gmt":"2026-05-08T10:11:05","guid":{"rendered":"https:\/\/huynhthanhxuan.com\/?post_type=product&#038;p=2619"},"modified":"2026-05-08T10:11:05","modified_gmt":"2026-05-08T10:11:05","slug":"tu-dien-he-thong-loc-ro","status":"publish","type":"product","link":"https:\/\/songxanhwater.com\/?product=tu-dien-he-thong-loc-ro","title":{"rendered":"T\u1ee7 \u0111i\u1ec7n h\u1ec7 th\u1ed1ng l\u1ecdc RO"},"content":{"rendered":"<p><strong>T\u1ee7 \u0111i\u1ec7n h\u1ec7 th\u1ed1ng l\u1ecdc RO<\/strong>\u00a0th\u01b0\u1eddng \u0111\u01b0\u1ee3c d\u00f9ng \u0111\u1ec3 \u0111i\u1ec1u khi\u1ec3n c\u00e1c h\u1ec7 th\u1ed1ng l\u1ecdc n\u01b0\u1edbc trong c\u00e1c c\u00f4ng ty. Thi\u1ebft b\u1ecb th\u01b0\u1eddng l\u00e0m b\u1eb1ng inox ho\u1eb7c th\u00e9p tr\u00e1nh t\u00ecnh tr\u1ea1ng b\u1ecb r\u1ec9 s\u00e9t trong qu\u00e1 tr\u00ecnh s\u1eed d\u1ee5ng.<\/p>\n<p>M\u1ed7i m\u1ed9t h\u1ec7 th\u1ed1ng l\u1ecdc n\u01b0\u1edbc l\u1ecdc n\u01b0\u1edbc RO trong c\u00f4ng nghi\u1ec7p ho\u1eb7c x\u1eed l\u00fd n\u01b0\u1edbc \u0111\u1ec1u \u0111\u01b0\u1ee3c trang b\u1ecb m\u1ed9t lo\u1ea1i t\u1ee7 \u0111i\u1ec7n kh\u00e1c nhau. \u0110i\u1ec1u n\u00e0y gi\u00fap \u0111\u1ea3m b\u1ea3o c\u00e1c h\u1ec7 th\u1ed1ng c\u00f3 th\u1ec3 ho\u1ea1t \u0111\u1ed9ng m\u1ed9t c\u00e1ch ho\u00e0n to\u00e0n t\u1ef1 \u0111\u1ed9ng. \u0110\u1ed3ng th\u1eddi \u0111\u1ea3m b\u1ea3o s\u1ef1 an to\u00e0n trong khi thi\u1ebft b\u1ecb ho\u1ea1t \u0111\u1ed9ng.<\/p>\n<figure id=\"attachment_3966\" class=\"wp-caption aligncenter\" aria-describedby=\"caption-attachment-3966\">\n<figure id=\"attachment_2620\" aria-describedby=\"caption-attachment-2620\" style=\"width: 400px\" class=\"wp-caption aligncenter\"><img loading=\"lazy\" decoding=\"async\" class=\"wp-image-2620 size-medium\" src=\"https:\/\/huynhthanhxuan.com\/wp-content\/uploads\/2026\/05\/tu-dien-he-thong-loc-RO-400x400.jpg\" alt=\"\" width=\"400\" height=\"400\" srcset=\"https:\/\/songxanhwater.com\/wp-content\/uploads\/2026\/05\/tu-dien-he-thong-loc-RO-400x400.jpg 400w, https:\/\/songxanhwater.com\/wp-content\/uploads\/2026\/05\/tu-dien-he-thong-loc-RO-280x280.jpg 280w, https:\/\/songxanhwater.com\/wp-content\/uploads\/2026\/05\/tu-dien-he-thong-loc-RO-300x300.jpg 300w, https:\/\/songxanhwater.com\/wp-content\/uploads\/2026\/05\/tu-dien-he-thong-loc-RO-100x100.jpg 100w, https:\/\/songxanhwater.com\/wp-content\/uploads\/2026\/05\/tu-dien-he-thong-loc-RO.jpg 500w\" sizes=\"auto, (max-width: 400px) 100vw, 400px\" \/><figcaption id=\"caption-attachment-2620\" class=\"wp-caption-text\">T\u1ee7 \u0111i\u1ec7n h\u1ec7 th\u1ed1ng l\u1ecdc RO chuy\u00ean d\u1ee5ng cho hi\u1ec7u qu\u1ea3 cao c\u00f9ng gi\u00e1 c\u1ea1nh tranh<\/figcaption><\/figure><\/figure>\n<h2>\u0110\u1eb7c \u0111i\u1ec3m c\u1ee7a t\u1ee7 \u0111i\u1ec7n h\u1ec7 th\u1ed1ng l\u1ecdc RO<\/h2>\n<p>T\u00f9y v\u00e0o nhu c\u1ea7u s\u1eed d\u1ee5ng c\u1ee7a m\u1ed7i ng\u01b0\u1eddi m\u00e0 c\u00e1ch l\u1ef1a ch\u1ecdn\u00a0<strong>t\u1ee7 \u0111i\u1ec7n h\u1ec7 th\u1ed1ng l\u1ecdc n\u01b0\u1edbc<\/strong>\u00a0c\u0169ng kh\u00e1c nhau. \u0110\u1ec3 c\u00f3 th\u1ec3 ph\u00f9 h\u1ee3p v\u1edbi h\u1ec7 th\u1ed1ng m\u00e0 m\u1ea1ch \u0111i\u1ec7n c\u1ee7a t\u1ee7 \u0111i\u1ec7n s\u1ebd \u0111\u01b0\u1ee3c l\u1eafp kh\u00e1c \u0111i. V\u1edbi c\u00e1c h\u1ec7 th\u1ed1ng l\u1ecdc hay x\u1eed l\u00fd c\u00f3 c\u00f4ng su\u1ea5t cao th\u00ec c\u0169ng c\u1ea7n t\u1ee7 \u0111i\u1ec7n c\u00f3 c\u00f4ng su\u1ea5t cao.<\/p>\n<p>C\u01a1 ch\u1ebf ho\u1ea1t \u0111\u1ed9ng c\u1ee7a c\u00e1c t\u1ee7 \u0111i\u1ec7n h\u1ec7 th\u1ed1ng RO c\u0169ng c\u00f3 s\u1ef1 kh\u00e1c bi\u1ec7t. Tuy nhi\u00ean t\u1ea5t c\u1ea3 c\u00e1c t\u1ee7 \u0111i\u1ec7n \u0111\u1ec1u c\u00f3 m\u1ed9t \u0111i\u1ec3m chung l\u00e0 s\u1eed d\u1ee5ng \u0111\u1ec3 cung c\u1ea5p \u0111i\u1ec7n cho h\u1ec7 th\u1ed1ng. V\u00e0 \u0111\u1eb7c bi\u1ec7t l\u00e0 \u0111i\u1ec1u khi\u1ec3n\u00a0b\u01a1m tr\u1ee5c \u0111\u1ee9ng\u00a0v\u00e0\u00a0b\u01a1m tr\u1ee5c ngang\u00a0c\u1ee7a h\u1ec7 th\u1ed1ng l\u1ecdc RO.<\/p>\n<p>Nh\u1edd \u0111\u01b0\u1ee3c l\u00e0m b\u1eb1ng inox ho\u1eb7c th\u00e9p n\u00ean thi\u1ebft b\u1ecb c\u00f3 th\u1ec3 ch\u1ed1ng \u0111\u01b0\u1ee3c s\u1ef1 r\u1ec9 s\u00e9t c\u1ee7a th\u1eddi gian. C\u0169ng v\u00ec v\u1eady m\u00e0 th\u1eddi gian s\u1eed d\u1ee5ng c\u1ee7a thi\u1ebft b\u1ecb \u0111\u01b0\u1ee3c k\u00e9o d\u00e0i ra v\u00e0 \u0111\u01b0\u1ee3c nhi\u1ec1u ng\u01b0\u1eddi l\u1ef1a ch\u1ecdn.<\/p>\n<p>Ngo\u00e0i ra\u00a0<strong>t\u1ee7 \u0111i\u1ec7n \u0111i\u1ec1u khi\u1ec3n h\u1ec7 th\u1ed1ng l\u1ecdc RO<\/strong>\u00a0c\u00f3 c\u01a1 ch\u1ebf \u0111i\u1ec1u khi\u1ec3n lu\u00e2n phi\u00ean gi\u00fap c\u00e1c h\u1ec7 th\u1ed1ng ho\u1ea1t \u0111\u1ed9ng t\u1ef1 \u0111\u1ed9ng. Vi\u1ec7c n\u00e0y nh\u1eb1m \u0111\u1ea3m b\u1ea3o c\u00e1c thi\u1ebft b\u1ecb tr\u00e1nh ph\u1ea3i h\u1ecfng h\u00f3c v\u00e0 ch\u00e1y n\u1ed5 khi x\u1ea3y ra v\u1ea5n \u0111\u1ec1.<\/p>\n<p>C\u00e1c t\u1ee7 \u0111i\u1ec7n hi\u1ec7n \u0111\u1ea1i s\u1ebd c\u00e0ng gi\u00fap con ng\u01b0\u1eddi \u0111i\u1ec1u ch\u1ec9nh v\u00e0 theo d\u00f5i quy tr\u00ecnh v\u1eadn h\u00e0nh d\u1ec5 d\u00e0ng, chu\u1ea9n x\u00e1c. Kh\u00f4ng nh\u1eefng th\u1ebf t\u1ee7 \u0111i\u1ec7n h\u1ec7 th\u1ed1ng l\u1ecdc RO c\u00f2n c\u00f3 th\u1ec3 l\u1eadp tr\u00ecnh theo nhu c\u1ea7u c\u1ee7a ng\u01b0\u1eddi d\u00f9ng.<\/p>\n<p>V\u00ec ho\u1ea1t \u0111\u1ed9ng theo nh\u1eefng g\u00ec \u0111\u00e3 \u0111\u01b0\u1ee3c l\u1eadp tr\u00ecnh s\u1eb5n n\u00ean t\u1ee7 \u0111i\u1ec7n c\u00f3 th\u1ec3 \u0111i\u1ec1u khi\u1ec3n tr\u01a1n tru c\u00e1c h\u1ec7 th\u1ed1ng ph\u1ee9c t\u1ea1p. \u0110\u1ea3m b\u1ea3o h\u1ec7 th\u1ed1ng c\u00e1c m\u00e0ng l\u1ecdc RO ho\u1ea1t \u0111\u1ed9ng m\u1ed9t c\u00e1ch \u1ed5n \u0111\u1ecbnh v\u00e0 tr\u00e1nh c\u00e1c s\u1ef1 c\u1ed1.<\/p>\n<figure id=\"attachment_4804\" class=\"wp-caption aligncenter\" aria-describedby=\"caption-attachment-4804\">\n<figure id=\"attachment_2621\" aria-describedby=\"caption-attachment-2621\" style=\"width: 400px\" class=\"wp-caption aligncenter\"><img loading=\"lazy\" decoding=\"async\" class=\"wp-image-2621 size-medium\" src=\"https:\/\/huynhthanhxuan.com\/wp-content\/uploads\/2026\/05\/dac-diem-cua-tu-dien-he-thong-loc-ro-400x400.jpg\" alt=\"\" width=\"400\" height=\"400\" srcset=\"https:\/\/songxanhwater.com\/wp-content\/uploads\/2026\/05\/dac-diem-cua-tu-dien-he-thong-loc-ro-400x400.jpg 400w, https:\/\/songxanhwater.com\/wp-content\/uploads\/2026\/05\/dac-diem-cua-tu-dien-he-thong-loc-ro-280x280.jpg 280w, https:\/\/songxanhwater.com\/wp-content\/uploads\/2026\/05\/dac-diem-cua-tu-dien-he-thong-loc-ro-300x300.jpg 300w, https:\/\/songxanhwater.com\/wp-content\/uploads\/2026\/05\/dac-diem-cua-tu-dien-he-thong-loc-ro-100x100.jpg 100w, https:\/\/songxanhwater.com\/wp-content\/uploads\/2026\/05\/dac-diem-cua-tu-dien-he-thong-loc-ro.jpg 500w\" sizes=\"auto, (max-width: 400px) 100vw, 400px\" \/><figcaption id=\"caption-attachment-2621\" class=\"wp-caption-text\">\u0110\u1eb7c \u0111i\u1ec3m c\u1ee7a t\u1ee7 \u0111i\u1ec7n h\u1ec7 th\u1ed1ng l\u1ecdc RO<\/figcaption><\/figure><\/figure>\n<h2>\u01afu \u0111i\u1ec3m c\u1ee7a t\u1ee7 \u0111i\u1ec7n h\u1ec7 th\u1ed1ng RO<\/h2>\n<p>T\u1ee7 \u0111i\u1ec7n h\u1ec7 th\u1ed1ng l\u1ecdc RO gi\u00fap h\u1ec7 th\u1ed1ng l\u1ecdc v\u00e0 x\u1eed l\u00fd n\u01b0\u1edbc \u0111\u1ea1t \u0111\u01b0\u1ee3c hi\u1ec7u su\u1ea5t cao h\u01a1n trong qu\u00e1 tr\u00ecnh ho\u1ea1t \u0111\u1ed9ng. N\u1ebfu trong qu\u00e1 tr\u00ecnh v\u1eadn h\u00e0nh m\u00e0 c\u00e1c h\u1ec7 th\u1ed1ng c\u00f3 \u0111\u1ed9t nhi\u00ean x\u1ea3y ra v\u1ea5n \u0111\u1ec1. Th\u00ec t\u1ee7 \u0111i\u1ec7n c\u0169ng c\u00f3 th\u1ec3 gi\u00fap con ng\u01b0\u1eddi gi\u1ea3i quy\u1ebft nh\u1eefng tr\u01b0\u1eddng h\u1ee3p b\u1ea5t ng\u1edd \u0111\u00f3 m\u1ed9t c\u00e1ch nhanh ch\u00f3ng v\u00e0 k\u1ecbp th\u1eddi. T\u1ee7 \u0111i\u1ec7n h\u1ec7 th\u1ed1ng l\u1ecdc RO s\u1edf h\u1eefu nh\u1eefng \u01b0u \u0111i\u1ec3m n\u1ed5i b\u1eadt sau:<\/p>\n<ul>\n<li class=\"bullet-star\">Gi\u00fap ng\u01b0\u1eddi \u0111i\u1ec1u khi\u1ec3n d\u1ec5 d\u00e0ng quan s\u00e1t t\u00ecnh tr\u1ea1ng h\u1ec7 th\u1ed1ng l\u1ecdc. T\u1eeb \u0111\u00f3 khi\u1ebfn vi\u1ec7c gi\u00e1m s\u00e1t \u0111\u01b0\u1ee3c ch\u00ednh x\u00e1c v\u00e0 ch\u1eb7t ch\u1ebd h\u01a1n.<\/li>\n<li class=\"bullet-star\">Khi x\u1ea3y ra s\u1ef1 c\u1ed1 t\u1ee7 \u0111i\u1ec7n s\u1ebd nhanh ch\u00f3ng ph\u00e1t ra nh\u1eefng c\u1ea3nh b\u00e1o ngay t\u1ee9c th\u00ec. Ho\u1eb7c cho h\u1ec7 th\u1ed1ng l\u1ecdc RO d\u1eebng l\u00e0m vi\u1ec7c khi \u0111\u00f3 l\u00e0 v\u1ea5n \u0111\u1ec1 nghi\u00eam tr\u1ecdng.<\/li>\n<li class=\"bullet-star\">T\u1ee7 \u0111i\u1ec7n \u0111\u1ec1u \u0111\u01b0\u1ee3c trang b\u1ecb c\u1ea3nh b\u00e1o nh\u1eafc nh\u1edf r\u1ee7i ro tr\u00e1nh t\u00ecnh tr\u1ea1ng ch\u00e1y n\u1ed5 h\u1ec7 th\u1ed1ng<\/li>\n<li class=\"bullet-star\">T\u1ee7 \u0111i\u1ec7n h\u1ec7 th\u1ed1ng l\u1ecdc RO gi\u00fap c\u00e1c h\u1ec7 th\u1ed1ng v\u1eadn h\u00e0nh t\u1ed1t nh\u1ea5t v\u00e0 \u1ed5n \u0111\u1ecbnh h\u01a1n<\/li>\n<li class=\"bullet-star\">Gi\u1ea3m b\u1edbt \u0111\u01b0\u1ee3c th\u1eddi gian l\u00e0m vi\u1ec7c c\u1ee7a h\u1ec7 th\u1ed1ng gi\u00fap k\u00e9o d\u00e0i tu\u1ed5i th\u1ecd c\u1ee7a thi\u1ebft b\u1ecb<\/li>\n<li class=\"bullet-star\">Gi\u1ea3m thi\u1ec3u t\u1ed1i \u0111a c\u00e1c chi ph\u00ed li\u00ean quan t\u1edbi b\u1ea3o tr\u00ec khi l\u1eafp \u0111\u1eb7t\u00a0<strong>t\u1ee7 \u0111i\u1ec7n l\u1ecdc RO<\/strong><\/li>\n<li class=\"bullet-star\">Ti\u1ebft ki\u1ec7m chi ph\u00ed thu\u00ea c\u00f4ng nh\u00e2n v\u1eadn h\u00e0nh h\u1ec7 th\u1ed1ng l\u1ecdc RO<\/li>\n<\/ul>\n<figure id=\"attachment_4805\" class=\"wp-caption aligncenter\" aria-describedby=\"caption-attachment-4805\">\n<figure id=\"attachment_2622\" aria-describedby=\"caption-attachment-2622\" style=\"width: 400px\" class=\"wp-caption aligncenter\"><img loading=\"lazy\" decoding=\"async\" class=\"wp-image-2622 size-medium\" src=\"https:\/\/huynhthanhxuan.com\/wp-content\/uploads\/2026\/05\/uu-diem-cua-tu-dien-he-thong-ro-400x400.jpg\" alt=\"\" width=\"400\" height=\"400\" srcset=\"https:\/\/songxanhwater.com\/wp-content\/uploads\/2026\/05\/uu-diem-cua-tu-dien-he-thong-ro-400x400.jpg 400w, https:\/\/songxanhwater.com\/wp-content\/uploads\/2026\/05\/uu-diem-cua-tu-dien-he-thong-ro-280x280.jpg 280w, https:\/\/songxanhwater.com\/wp-content\/uploads\/2026\/05\/uu-diem-cua-tu-dien-he-thong-ro-300x300.jpg 300w, https:\/\/songxanhwater.com\/wp-content\/uploads\/2026\/05\/uu-diem-cua-tu-dien-he-thong-ro-100x100.jpg 100w, https:\/\/songxanhwater.com\/wp-content\/uploads\/2026\/05\/uu-diem-cua-tu-dien-he-thong-ro.jpg 500w\" sizes=\"auto, (max-width: 400px) 100vw, 400px\" \/><figcaption id=\"caption-attachment-2622\" class=\"wp-caption-text\">\u01afu \u0111i\u1ec3m c\u1ee7a t\u1ee7 \u0111i\u1ec7n h\u1ec7 th\u1ed1ng RO<\/figcaption><\/figure><\/figure>\n<blockquote><p><em>Xem th\u00eam:\u00a0Van 3 ng\u00e3 c\u1ed5 2.5 inch<\/em><\/p><\/blockquote>\n<p>\u0110\u1ec3 gi\u00fap qu\u00e1 tr\u00ecnh ho\u1ea1t \u0111\u1ed9ng c\u1ee7a c\u00e1c h\u1ec7 th\u1ed1ng di\u1ec5n ra t\u1ef1 \u0111\u1ed9ng th\u00ec t\u1ee7 \u0111i\u1ec7n h\u1ec7 th\u1ed1ng RO l\u00e0 m\u1ed9t thi\u1ebft b\u1ecb kh\u00f4ng th\u1ec3 thi\u1ebfu. Vi\u1ec7c s\u1eed d\u1ee5ng t\u1ee7 \u0111i\u1ec7n c\u0169ng gi\u00fap qu\u00e1 tr\u00ecnh v\u1eadn h\u00e0nh h\u1ec7 th\u1ed1ng tr\u1edf n\u00ean d\u1ec5 d\u00e0ng h\u01a1n \u0111\u1eb7c bi\u1ec7t gi\u00fap tr\u00e1nh kh\u1ecfi nh\u1eefng sai s\u00f3t kh\u00f4ng \u0111\u00e1ng c\u00f3.<\/p>\n","protected":false},"excerpt":{"rendered":"<ul>\n<li>Lo\u1ea1i t\u1ee7: T\u00f9y nhu c\u1ea7u s\u1eed d\u1ee5ng<\/li>\n<li>Ch\u1ea5t li\u1ec7u: Inox ho\u1eb7c th\u00e9p<\/li>\n<li>\u0110\u1eb7c \u0111i\u1ec3m: \u0110a d\u1ea1ng<\/li>\n<li>Xu\u1ea5t x\u1ee9: Vi\u1ec7t Nam<\/li>\n<\/ul>\n","protected":false},"featured_media":2620,"comment_status":"open","ping_status":"closed","template":"","meta":{"_acf_changed":false},"product_brand":[],"product_cat":[105],"product_tag":[],"class_list":{"0":"post-2619","1":"product","2":"type-product","3":"status-publish","4":"has-post-thumbnail","6":"product_cat-thiet-bi-loc-nuoc","8":"first","9":"instock","10":"sale","11":"taxable","12":"shipping-taxable","13":"purchasable","14":"product-type-simple"},"acf":[],"_links":{"self":[{"href":"https:\/\/songxanhwater.com\/index.php?rest_route=\/wp\/v2\/product\/2619","targetHints":{"allow":["GET"]}}],"collection":[{"href":"https:\/\/songxanhwater.com\/index.php?rest_route=\/wp\/v2\/product"}],"about":[{"href":"https:\/\/songxanhwater.com\/index.php?rest_route=\/wp\/v2\/types\/product"}],"replies":[{"embeddable":true,"href":"https:\/\/songxanhwater.com\/index.php?rest_route=%2Fwp%2Fv2%2Fcomments&post=2619"}],"wp:featuredmedia":[{"embeddable":true,"href":"https:\/\/songxanhwater.com\/index.php?rest_route=\/wp\/v2\/media\/2620"}],"wp:attachment":[{"href":"https:\/\/songxanhwater.com\/index.php?rest_route=%2Fwp%2Fv2%2Fmedia&parent=2619"}],"wp:term":[{"taxonomy":"product_brand","embeddable":true,"href":"https:\/\/songxanhwater.com\/index.php?rest_route=%2Fwp%2Fv2%2Fproduct_brand&post=2619"},{"taxonomy":"product_cat","embeddable":true,"href":"https:\/\/songxanhwater.com\/index.php?rest_route=%2Fwp%2Fv2%2Fproduct_cat&post=2619"},{"taxonomy":"product_tag","embeddable":true,"href":"https:\/\/songxanhwater.com\/index.php?rest_route=%2Fwp%2Fv2%2Fproduct_tag&post=2619"}],"curies":[{"name":"wp","href":"https:\/\/api.w.org\/{rel}","templated":true}]}}