{"id":2615,"date":"2026-05-08T10:07:21","date_gmt":"2026-05-08T10:07:21","guid":{"rendered":"https:\/\/huynhthanhxuan.com\/?post_type=product&#038;p=2615"},"modified":"2026-05-08T10:11:38","modified_gmt":"2026-05-08T10:11:38","slug":"vo-mang-loc-ro-8040-inox","status":"publish","type":"product","link":"https:\/\/songxanhwater.com\/?product=vo-mang-loc-ro-8040-inox","title":{"rendered":"V\u1ecf m\u00e0ng l\u1ecdc RO 8040 inox"},"content":{"rendered":"<p>Nh\u1eefng\u00a0m\u00e0ng l\u1ecdc n\u01b0\u1edbc tinh khi\u1ebft RO 8040\u00a0ti\u00ean ti\u1ebfn s\u1edf h\u1eefu c\u00f4ng ngh\u1ec7 l\u1ecdc \u1ea5n t\u01b0\u1ee3ng v\u1edbi hi\u1ec7u qu\u1ea3 l\u1ecdc t\u1edbi 99% cho ngu\u1ed3n n\u01b0\u1edbc s\u1ea1ch tinh khi\u1ebft. \u0110\u1ec3 n\u00e2ng cao tu\u1ed5i th\u1ecd c\u1ee7a nh\u1eefng m\u00e0ng l\u1ecdc n\u00e0y th\u00ec\u00a0<strong>v\u1ecf m\u00e0ng l\u1ecdc RO 8040 inox\u00a0<\/strong>tr\u1edf th\u00e0nh m\u1ed9t thi\u1ebft b\u1ecb quan tr\u1ecdng b\u1eadc nh\u1ea5t.<\/p>\n<figure class=\"wp-caption aligncenter\">\n<figure id=\"attachment_2616\" aria-describedby=\"caption-attachment-2616\" style=\"width: 400px\" class=\"wp-caption aligncenter\"><img loading=\"lazy\" decoding=\"async\" class=\"wp-image-2616 size-medium\" src=\"https:\/\/huynhthanhxuan.com\/wp-content\/uploads\/2026\/05\/vo-mang-loc-ro-8040-inox-400x400.jpg\" alt=\"\" width=\"400\" height=\"400\" srcset=\"https:\/\/songxanhwater.com\/wp-content\/uploads\/2026\/05\/vo-mang-loc-ro-8040-inox-400x400.jpg 400w, https:\/\/songxanhwater.com\/wp-content\/uploads\/2026\/05\/vo-mang-loc-ro-8040-inox-280x280.jpg 280w, https:\/\/songxanhwater.com\/wp-content\/uploads\/2026\/05\/vo-mang-loc-ro-8040-inox-300x300.jpg 300w, https:\/\/songxanhwater.com\/wp-content\/uploads\/2026\/05\/vo-mang-loc-ro-8040-inox-100x100.jpg 100w, https:\/\/songxanhwater.com\/wp-content\/uploads\/2026\/05\/vo-mang-loc-ro-8040-inox.jpg 500w\" sizes=\"auto, (max-width: 400px) 100vw, 400px\" \/><figcaption id=\"caption-attachment-2616\" class=\"wp-caption-text\">V\u1ecf m\u00e0ng RO 8040 inox b\u1ea3o v\u1ec7 cho m\u00e0ng th\u1ea9m th\u1ea5u ng\u01b0\u1ee3c ho\u1ea1t \u0111\u1ed9ng hi\u1ec7u qu\u1ea3 v\u00e0 \u1ed5n \u0111\u1ecbnh h\u01a1n<\/figcaption><\/figure><\/figure>\n<p>V\u1ecf m\u00e0ng RO 8040 inox l\u00e0 d\u1ee5ng c\u1ee5 \u0111\u1ec3 ch\u1ee9a m\u00e0ng RO. \u0110\u00fang nh\u01b0 c\u00e1i t\u00ean th\u00ec v\u1ecf m\u00e0ng l\u00e0m nhi\u1ec7m v\u1ee5 b\u1ea3o v\u1ec7 c\u00e1c m\u00e0ng l\u1ecdc tr\u01b0\u1edbc c\u00e1c t\u00e1c \u0111\u1ed9ng t\u1eeb m\u00f4i tr\u01b0\u1eddng b\u00ean ngo\u00e0i. Hi\u1ec7n nay,\u00a0<strong>v\u1ecf m\u00e0ng 8040 inox<\/strong>\u00a0\u0111\u00e3 \u0111\u01b0\u1ee3c s\u1eed d\u1ee5ng r\u1ed9ng r\u00e3i trong c\u00e1c h\u1ec7 th\u1ed1ng x\u1eed l\u00fd n\u01b0\u1edbc. V\u1eady \u0111\u1eb7c t\u00ednh c\u1ee7a nh\u1eefng v\u1ecf m\u00e0ng RO c\u00f4ng nghi\u1ec7p n\u00e0y l\u00e0 g\u00ec m\u00e0 l\u1ea1i \u0111\u01b0\u1ee3c \u01b0a chu\u1ed9ng t\u1edbi v\u1eady?<\/p>\n<h2>Th\u00f4ng s\u1ed1 k\u1ef9 thu\u1eadt<\/h2>\n<ul>\n<li class=\"bullet-arrow\">Model: Inox 8040<\/li>\n<li class=\"bullet-arrow\">Xu\u1ea5t x\u1ee9: China<\/li>\n<li class=\"bullet-arrow\">K\u00edch th\u01b0\u1edbc: 8\u2033x40\u2033 (200 x 1130 mm)<\/li>\n<li class=\"bullet-arrow\">Ch\u1ea5t li\u1ec7u: Th\u00e2n inox, n\u1eafp b\u1eb1ng inox<\/li>\n<li class=\"bullet-arrow\">S\u1ee9c ch\u1ee9a: 1 m\u00e0ng RO 8040<\/li>\n<li class=\"bullet-arrow\">Ki\u1ec3u k\u1ebft n\u1ed1i: Side port<\/li>\n<li class=\"bullet-arrow\">\u00c1p su\u1ea5t; 300PSI<\/li>\n<li class=\"bullet-arrow\">N\u01b0\u1edbc v\u00e0 v\u00e0 th\u1ea3i: 49mm<\/li>\n<li class=\"bullet-arrow\">N\u01b0\u1edbc s\u1ea1ch: 34mm<\/li>\n<\/ul>\n<h2>\u0110\u1eb7c \u0111i\u1ec3m c\u1ee7a v\u1ecf m\u00e0ng l\u1ecdc RO 8040 inox<\/h2>\n<p>Vi\u1ec7c x\u1eed l\u00fd n\u01b0\u1edbc \u0111\u00e3 v\u00e0 \u0111ang l\u00e0 v\u1ea5n \u0111\u1ec1 c\u1ea5p b\u00e1ch v\u00e0 nh\u1ee9c nh\u1ed1i hi\u1ec7n nay. Con ng\u01b0\u1eddi t\u00ecm m\u1ecdi c\u00e1ch \u0111\u1ec3 c\u00f3 \u0111\u01b0\u1ee3c ngu\u1ed3n n\u01b0\u1edbc s\u1ea1ch, \u0111\u1ea3m b\u1ea3o v\u00e0 an to\u00e0n h\u01a1n cho s\u1ee9c kh\u1ecfe c\u1ee7a b\u1ea3n th\u00e2n v\u00e0 c\u1ea3 c\u1ed9ng \u0111\u1ed3ng. \u0110\u00f3 ch\u00ednh l\u00e0 l\u00fd do vi\u1ec7c s\u1eed d\u1ee5ng m\u00e0ng RO \u0111\u1ec3 cho ra n\u01b0\u1edbc tinh khi\u1ebft ng\u00e0y c\u00e0ng \u0111\u01b0\u1ee3c s\u1eed d\u1ee5ng r\u1ed9ng r\u00e3i. V\u00e0 khi \u0111\u00f3, nh\u1eefng \u201cv\u1ecf b\u1ecdc\u201d b\u00ean ngo\u00e0i nh\u1eefng m\u00e0ng l\u1ecdc n\u00e0y nh\u01b0\u00a0<strong>v\u1ecf m\u00e0ng l\u1ecdc RO inox 8040<\/strong>\u00a0l\u00e0 kh\u00f4ng th\u1ec3 thi\u1ebfu.<\/p>\n<p>S\u1ea3n ph\u1ea9m v\u1ecf m\u00e0ng RO 8040 inox c\u00f3 k\u00edch th\u01b0\u1edbc 8\u2033x40\u2033 d\u00f9ng \u0111\u1ec3 ch\u1ee9a v\u1eeba 1 m\u00e0ng l\u1ecdc RO 8040, n\u1ebfu b\u1ea1n mu\u1ed1n s\u1eed d\u1ee5ng 2 m\u00e0ng th\u00ec l\u1ef1a ch\u1ecdn\u00a0v\u1ecf m\u00e0ng l\u1ecdc RO 8080 composite. V\u1ecf m\u00e0ng RO 8040 \u0111\u01b0\u1ee3c nh\u1eadp kh\u1ea9u tr\u1ef1c ti\u1ebfp v\u1edbi \u0111\u1ea7y \u0111\u1ee7 ch\u1ee9ng nh\u1eadn CQ, CO c\u00f4ng nh\u1eadn v\u1ec1 ch\u1ea5t l\u01b0\u1ee3ng c\u1ee7a s\u1ea3n ph\u1ea9m.<\/p>\n<p>V\u1ecf m\u00e0ng RO c\u00f3 ph\u1ea7n th\u00e2n \u0111\u01b0\u1ee3c l\u00e0m ho\u00e0n to\u00e0n t\u1eeb inox304 \u0111\u00fac kh\u00f4ng c\u00f3 m\u1ed1i h\u00e0n. Hai \u0111\u1ea7u c\u00f3 n\u1eafp \u0111\u1eady c\u0169ng b\u1eb1ng inox 304 \u0111\u01b0\u1ee3c thi\u1ebft k\u1ebf ch\u00ednh x\u00e1c b\u1ea3o \u0111\u1ea3m \u0111\u1ed9 k\u00edn kh\u00edt tuy\u1ec7t \u0111\u1ed1i t\u1ea1o m\u00f4i tr\u01b0\u1eddng t\u1ed1t nh\u1ea5t cho c\u00e1c m\u00e0ng l\u1ecdc b\u00ean trong ho\u1ea1t \u0111\u1ed9ng.<\/p>\n<figure id=\"attachment_4765\" class=\"wp-caption aligncenter\" aria-describedby=\"caption-attachment-4765\">\n<figure id=\"attachment_2617\" aria-describedby=\"caption-attachment-2617\" style=\"width: 400px\" class=\"wp-caption aligncenter\"><img loading=\"lazy\" decoding=\"async\" class=\"wp-image-2617 size-medium\" src=\"https:\/\/huynhthanhxuan.com\/wp-content\/uploads\/2026\/05\/vo-mang-ro-8040-inox-2-400x400.jpg\" alt=\"\" width=\"400\" height=\"400\" srcset=\"https:\/\/songxanhwater.com\/wp-content\/uploads\/2026\/05\/vo-mang-ro-8040-inox-2-400x400.jpg 400w, https:\/\/songxanhwater.com\/wp-content\/uploads\/2026\/05\/vo-mang-ro-8040-inox-2-280x280.jpg 280w, https:\/\/songxanhwater.com\/wp-content\/uploads\/2026\/05\/vo-mang-ro-8040-inox-2-300x300.jpg 300w, https:\/\/songxanhwater.com\/wp-content\/uploads\/2026\/05\/vo-mang-ro-8040-inox-2-100x100.jpg 100w, https:\/\/songxanhwater.com\/wp-content\/uploads\/2026\/05\/vo-mang-ro-8040-inox-2.jpg 500w\" sizes=\"auto, (max-width: 400px) 100vw, 400px\" \/><figcaption id=\"caption-attachment-2617\" class=\"wp-caption-text\">V\u1ecf m\u00e0ng l\u1ecdc RO 8040 inox c\u00f3 c\u1ea5u t\u1ea1o \u0111\u01a1n gi\u1ea3n v\u1edbi 2 ph\u1ea7n th\u00e2n v\u00e0 v\u1ecf \u0111\u01b0\u1ee3c gh\u00e9p n\u1ed1i ch\u00ednh x\u00e1c v\u1edbi nhau<\/figcaption><\/figure><\/figure>\n<p>Nh\u1edd ch\u1ea5t li\u1ec7u cao c\u1ea5p kh\u00f4ng b\u1ecb g\u1ec9 s\u00e9t n\u00ean tu\u1ed5i th\u1ecd v\u00e0 \u0111\u1ed9 b\u1ec1n c\u1ee7a v\u1ecf m\u00e0ng RO inox c\u0169ng \u0111\u01b0\u1ee3c n\u00e2ng cao h\u01a1n nhi\u1ec1u. C\u00f9ng v\u1edbi \u0111\u00f3 th\u00ec \u00e1p l\u1ef1c m\u00e0 v\u1ecf m\u00e0ng ch\u1ecbu \u0111\u01b0\u1ee3c c\u0169ng \u0111\u1ea1t t\u1edbi 300 PSI.<\/p>\n<h2>T\u00ednh n\u0103ng \u01b0u vi\u1ec7t c\u1ee7a s\u1ea3n ph\u1ea9m v\u1ecf m\u00e0ng l\u1ecdc RO c\u00f4ng nghi\u1ec7p<\/h2>\n<ul>\n<li class=\"bullet-star\">V\u1ecf m\u00e0ng t\u01b0\u01a1ng th\u00edch v\u1edbi m\u1ecdi m\u00e0ng l\u1ecdc RO 8040 c\u00f9ng c\u1ee1<\/li>\n<li class=\"bullet-star\">V\u1ecf m\u00e0ng RO 8040 inox \u0111\u01b0\u1ee3c ch\u1ebf t\u1ea1o t\u1eeb v\u1eadt li\u1ec7u inox chuy\u00ean d\u1ee5ng lo\u1ea1i 304 cao c\u1ea5p c\u00f3 \u0111\u1ed9 b\u1ec1n cao. Trong khi s\u1eed d\u1ee5ng s\u1ebd kh\u00f4ng xu\u1ea5t hi\u1ec7n t\u00ecnh tr\u1ea1ng g\u1ec9 s\u00e9t, oxy h\u00f3a, \u0103n m\u00f2n d\u01b0\u1edbi t\u00e1c \u0111\u1ed9ng t\u1eeb m\u00f4i tr\u01b0\u1eddng gi\u1eef nguy\u00ean \u0111\u1ed9 s\u00e1ng b\u00f3ng, th\u1ea9m m\u1ef9 c\u1ee7a s\u1ea3n ph\u1ea9m<\/li>\n<li class=\"bullet-star\">C\u00f3 th\u1ec3 s\u1eed d\u1ee5ng nhi\u1ec1u h\u1ec7 th\u1ed1ng l\u1ecdc v\u00e0 x\u1eed l\u00fd n\u01b0\u1edbc kh\u00e1c nhau v\u1edbi \u0111a d\u1ea1ng quy m\u00f4 t\u1eeb nh\u1ecf \u0111\u1ebfn l\u1edbn<\/li>\n<li class=\"bullet-star\">D\u1ec5 d\u00e0ng l\u1eafp \u0111\u1eb7t v\u1eadn h\u00e0nh nh\u1edd thi\u1ebft k\u1ebf \u0111\u01a1n gi\u1ea3n, t\u1ed1i \u01b0u v\u00e0 k\u00edn tuy\u1ec7t \u0111\u1ed1i<\/li>\n<li class=\"bullet-star\">K\u00edch th\u01b0\u1edbc nh\u1ecf g\u1ecdn, tr\u1ecdng l\u01b0\u1ee3ng nh\u1eb9 n\u00ean vi\u1ec7c v\u1eadn chuy\u1ec3n\u00a0<strong>v\u1ecf RO 8040 inox<\/strong>\u00a0v\u00f4 c\u00f9ng ti\u1ec7n l\u1ee3i v\u00e0 nhanh ch\u00f3ng<\/li>\n<li class=\"bullet-star\">C\u1ea3 trong v\u00e0 ngo\u00e0i v\u1ecf m\u00e0ng inox \u0111\u1ec1u nh\u1eb5n m\u1ecbn b\u00f3ng n\u00ean vi\u1ec7c v\u1ec7 sinh di\u1ec5n ra v\u00f4 c\u00f9ng \u0111\u01a1n gi\u1ea3n<\/li>\n<li class=\"bullet-star\">Ch\u1ea5t li\u1ec7u inox 304 b\u1ec1n ch\u1eafc gi\u00fap kh\u1ea3 n\u0103ng ch\u1ecbu \u00e1p l\u1ef1c c\u1ee7a v\u1ecf m\u00e0ng RO 8040 c\u00e0ng t\u0103ng cao<\/li>\n<li class=\"bullet-star\">Gi\u00e1 th\u00e0nh v\u1ecf m\u00e0ng l\u1ecdc RO 8040 inox c\u0169ng h\u1ebft s\u1ee9c h\u1ee3p l\u00fd, ph\u00f9 h\u1ee3p v\u1edbi m\u1ecdi nhu c\u1ea7u<\/li>\n<\/ul>\n<div class=\"mceTemp\"><\/div>\n<figure id=\"attachment_4764\" class=\"wp-caption aligncenter\" aria-describedby=\"caption-attachment-4764\">\n<figure id=\"attachment_2618\" aria-describedby=\"caption-attachment-2618\" style=\"width: 479px\" class=\"wp-caption aligncenter\"><img loading=\"lazy\" decoding=\"async\" class=\"wp-image-2618 size-medium\" src=\"https:\/\/huynhthanhxuan.com\/wp-content\/uploads\/2026\/05\/vo-mang-ro-8040-inox-1-479x400.jpg\" alt=\"\" width=\"479\" height=\"400\" srcset=\"https:\/\/songxanhwater.com\/wp-content\/uploads\/2026\/05\/vo-mang-ro-8040-inox-1-479x400.jpg 479w, https:\/\/songxanhwater.com\/wp-content\/uploads\/2026\/05\/vo-mang-ro-8040-inox-1.jpg 546w\" sizes=\"auto, (max-width: 479px) 100vw, 479px\" \/><figcaption id=\"caption-attachment-2618\" class=\"wp-caption-text\">Nh\u1eefng t\u00ednh n\u0103ng \u01b0u vi\u1ec7t c\u1ee7a s\u1ea3n ph\u1ea9m v\u1ecf m\u00e0ng l\u1ecdc RO c\u00f4ng nghi\u1ec7p 8040 cho ng\u01b0\u1eddi s\u1eed d\u1ee5ng nhi\u1ec1u l\u1ee3i \u00edch<\/figcaption><\/figure><\/figure>\n<p>Nh\u01b0 \u0111\u00e3 bi\u1ebft, v\u1edbi s\u1ef1 t\u0103ng l\u00ean kh\u00f4ng ng\u1eebng v\u1ec1 nhu c\u1ea7u s\u1eed d\u1ee5ng m\u00e0ng RO c\u00f4ng nghi\u1ec7p \u0111\u1ec3 c\u00f3 \u0111\u01b0\u1ee3c ngu\u1ed3n n\u01b0\u1edbc tinh khi\u1ebft, b\u1ea3o \u0111\u1ea3m cho sinh ho\u1ea1t v\u00e0 s\u1ea3n xu\u1ea5t th\u00ec nh\u1eefng s\u1ea3n ph\u1ea9m nh\u01b0\u00a0<strong>v\u1ecf m\u00e0ng l\u1ecdc RO 8040 inox<\/strong>\u00a0ch\u00ednh l\u00e0 thi\u1ebft b\u1ecb t\u1ed1i \u01b0u \u0111\u00f3ng vai tr\u00f2 \u201cng\u01b0\u1eddi b\u1ea3o v\u1ec7\u201d cho c\u00e1c m\u00e0ng l\u1ecdc RO 8040\u00a0 \u0111\u1eaft ti\u1ec1n.<\/p>\n","protected":false},"excerpt":{"rendered":"<ul>\n<li>Ch\u1ea5t li\u1ec7u: Inox SUS304<\/li>\n<li>N\u1eafp v\u1ecf m\u00e0ng: Inox SUS304<\/li>\n<li class=\"bullet-arrow\">D\u00f9ng 1 m\u00e0ng l\u1ecdc RO 8040<\/li>\n<li>\u00c1p l\u1ef1c t\u1ed1i \u0111a: 300 psi<\/li>\n<\/ul>\n","protected":false},"featured_media":2616,"comment_status":"open","ping_status":"closed","template":"","meta":{"_acf_changed":false},"product_brand":[],"product_cat":[105],"product_tag":[],"class_list":{"0":"post-2615","1":"product","2":"type-product","3":"status-publish","4":"has-post-thumbnail","6":"product_cat-thiet-bi-loc-nuoc","8":"first","9":"instock","10":"sale","11":"taxable","12":"shipping-taxable","13":"purchasable","14":"product-type-simple"},"acf":[],"_links":{"self":[{"href":"https:\/\/songxanhwater.com\/index.php?rest_route=\/wp\/v2\/product\/2615","targetHints":{"allow":["GET"]}}],"collection":[{"href":"https:\/\/songxanhwater.com\/index.php?rest_route=\/wp\/v2\/product"}],"about":[{"href":"https:\/\/songxanhwater.com\/index.php?rest_route=\/wp\/v2\/types\/product"}],"replies":[{"embeddable":true,"href":"https:\/\/songxanhwater.com\/index.php?rest_route=%2Fwp%2Fv2%2Fcomments&post=2615"}],"wp:featuredmedia":[{"embeddable":true,"href":"https:\/\/songxanhwater.com\/index.php?rest_route=\/wp\/v2\/media\/2616"}],"wp:attachment":[{"href":"https:\/\/songxanhwater.com\/index.php?rest_route=%2Fwp%2Fv2%2Fmedia&parent=2615"}],"wp:term":[{"taxonomy":"product_brand","embeddable":true,"href":"https:\/\/songxanhwater.com\/index.php?rest_route=%2Fwp%2Fv2%2Fproduct_brand&post=2615"},{"taxonomy":"product_cat","embeddable":true,"href":"https:\/\/songxanhwater.com\/index.php?rest_route=%2Fwp%2Fv2%2Fproduct_cat&post=2615"},{"taxonomy":"product_tag","embeddable":true,"href":"https:\/\/songxanhwater.com\/index.php?rest_route=%2Fwp%2Fv2%2Fproduct_tag&post=2615"}],"curies":[{"name":"wp","href":"https:\/\/api.w.org\/{rel}","templated":true}]}}