{"id":2611,"date":"2026-05-08T10:03:29","date_gmt":"2026-05-08T10:03:29","guid":{"rendered":"https:\/\/huynhthanhxuan.com\/?post_type=product&#038;p=2611"},"modified":"2026-05-08T10:03:29","modified_gmt":"2026-05-08T10:03:29","slug":"mang-loc-ro-vontron-4021","status":"publish","type":"product","link":"https:\/\/songxanhwater.com\/?product=mang-loc-ro-vontron-4021","title":{"rendered":"Ma\u0300ng lo\u0323c RO Vontron 4021"},"content":{"rendered":"<p><strong>Ma\u0300ng lo\u0323c RO Vontron 4021<\/strong>\u00a0la\u0300 loa\u0323i ma\u0300ng RO du\u0300ng trong c\u00f4ng ngh\u00ea\u0323 lo\u0323c co\u0301 a\u0301p su\u00e2\u0301t th\u00e2\u0301p. Ma\u0300ng c\u00f3 th\u1ec3 s\u1eed d\u1ee5ng trong m\u00f4i tr\u01b0\u1eddng c\u00f3 \u0111\u1ed9 m\u1eb7n cao, ph\u00f9 h\u1ee3p v\u1edbi nh\u1eefng ngu\u1ed3n n\u01b0\u1edbc nhi\u1ec5m m\u1eb7n (n\u01b0\u01a1\u0301c l\u01a1\u0323). M\u00e0ng RO Vontron \u0111\u01b0\u1ee3c \u01b0\u0301ng du\u0323ng ph\u00f4\u0309 bi\u00ea\u0301n trong c\u00e1c h\u1ec7 th\u1ed1ng l\u1ecdc n\u01b0\u1edbc c\u00f3 \u0111\u1ed9 tinh khi\u1ebft cao (n\u01b0\u1edbc si\u00eau tinh khi\u1ebft) cho c\u00e1c ng\u00e0nh c\u00f4ng nghi\u1ec7p \u0111i\u1ec7n t\u1eed v\u00e0 ng\u00e0nh c\u00f4ng nghi\u1ec7p n\u0103ng l\u01b0\u1ee3ng \u0111i\u1ec7n do c\u00e2\u0300n hi\u00ea\u0323u su\u00e2\u0301t la\u0300m vi\u00ea\u0323c l\u01a1\u0301n cho qua\u0301 tri\u0300nh lo\u0323c va\u0300 loa\u0323i bo\u0309 ca\u0301c ion mu\u00f4\u0301i.<\/p>\n<figure id=\"attachment_4149\" class=\"wp-caption aligncenter\" aria-describedby=\"caption-attachment-4149\">\n<figure id=\"attachment_2612\" aria-describedby=\"caption-attachment-2612\" style=\"width: 400px\" class=\"wp-caption aligncenter\"><img loading=\"lazy\" decoding=\"async\" class=\"wp-image-2612 size-medium\" src=\"https:\/\/huynhthanhxuan.com\/wp-content\/uploads\/2026\/05\/mang-loc-ro-vontron-4021-400x400.jpg\" alt=\"\" width=\"400\" height=\"400\" srcset=\"https:\/\/songxanhwater.com\/wp-content\/uploads\/2026\/05\/mang-loc-ro-vontron-4021-400x400.jpg 400w, https:\/\/songxanhwater.com\/wp-content\/uploads\/2026\/05\/mang-loc-ro-vontron-4021-280x280.jpg 280w, https:\/\/songxanhwater.com\/wp-content\/uploads\/2026\/05\/mang-loc-ro-vontron-4021-300x300.jpg 300w, https:\/\/songxanhwater.com\/wp-content\/uploads\/2026\/05\/mang-loc-ro-vontron-4021-100x100.jpg 100w, https:\/\/songxanhwater.com\/wp-content\/uploads\/2026\/05\/mang-loc-ro-vontron-4021.jpg 500w\" sizes=\"auto, (max-width: 400px) 100vw, 400px\" \/><figcaption id=\"caption-attachment-2612\" class=\"wp-caption-text\">M\u00e0ng l\u1ecdc RO Vontron 4021 \u0111\u01b0\u1ee3c nh\u1eadp kh\u1ea9u Ch\u00ednh h\u00e3ng ph\u00f9 h\u1ee3p v\u1edbi nhi\u1ec1u nhu c\u1ea7u s\u1eed d\u1ee5ng<\/figcaption><\/figure><\/figure>\n<p><strong>Ma\u0300ng RO Vontron 4021<\/strong>\u00a0co\u0301 ki\u0301ch th\u01b0\u01a1\u0301c ca\u0301c khe lo\u0323c si\u00eau nho\u0309. Giu\u0301p pha\u0301t huy t\u00f4\u0301i \u0111a kha\u0309 n\u0103ng lo\u0323c v\u01a1\u0301i \u0111\u00f4\u0323 chi\u0301nh xa\u0301c cao, lo\u0323c sa\u0323ch, loa\u0323i bo\u0309 hoa\u0300n toa\u0300n ca\u0301c ch\u00e2\u0301t bu\u0323i b\u00e2\u0309n; c\u00f9ng ca\u0301c ch\u00e2\u0301t \u0111\u00f4\u0323c ha\u0323i va\u0300 ca\u0301c ch\u00e2\u0301t kha\u0301c kh\u00f4ng c\u00e2\u0300n thi\u00ea\u0301t trong n\u01b0\u01a1\u0301c.<\/p>\n<p>Ma\u0300ng lo\u0323c RO 4021 \u0111\u01b0\u01a1\u0323c sa\u0309n xu\u00e2\u0301t tr\u00ean d\u00e2y chuy\u00ea\u0300n c\u00f4ng ngh\u00ea\u0323 hi\u00ea\u0323n \u0111a\u0323i cu\u0309a c\u00f4ng ty Vontron. Ca\u0301c do\u0300ng sa\u0309n ph\u00e2\u0309m lo\u0323c t\u01b0\u0300 c\u00f4ng ty Vontron, ng\u01b0\u01a1\u0300i ti\u00eau du\u0300ng co\u0301 th\u00ea\u0309 d\u00ea\u0303 da\u0300ng ti\u0300m mua tr\u00ean pha\u0323m vi ca\u0309 n\u01b0\u01a1\u0301c ma\u0300 kh\u00f4ng pha\u0309i \u0111\u0103\u0301n \u0111o v\u00ea\u0300 ch\u00e2\u0301t l\u01b0\u01a1\u0323ng cu\u0309a c\u00e1c s\u1ea3n ph\u1ea9m na\u0300y.<\/p>\n<h2>Th\u00f4ng s\u1ed1 k\u1ef9 thu\u1eadt<\/h2>\n<ul>\n<li class=\"bullet-arrow\">K\u00edch th\u01b0\u1edbc: \u04244 x 21\u201d ( \u0111\u01b0\u1eddng k\u00ednh 100mm x chi\u1ec1u d\u00e0i 525mm)<\/li>\n<li class=\"bullet-arrow\">Ch\u1ee7ng lo\u1ea1i: Th\u1ea5p \u00e1p v\u00e0 cao \u00e1p<\/li>\n<li class=\"bullet-arrow\">\u00c1p l\u1ef1c (PSI): Th\u1ea5p \u00e1p 150, cao \u00e1p 225<\/li>\n<li class=\"bullet-arrow\">C\u00f4ng su\u1ea5t GPD: 1050 (100l\/h)<\/li>\n<li class=\"bullet-arrow\">Xu\u1ea5t x\u1ee9: Vontron<\/li>\n<li class=\"bullet-arrow\">Nhi\u1ec7t \u0111\u1ed9: 25 0C<\/li>\n<li class=\"bullet-arrow\">N\u1ed3ng \u0111\u1ed9 mu\u1ed1i: 1500 ppm<\/li>\n<li class=\"bullet-arrow\">PH c\u1ee7a n\u01b0\u1edbc: 7,5<\/li>\n<li class=\"bullet-arrow\">T\u1ef7 l\u1ec7 thu h\u1ed3i m\u00e0ng t\u1eed \u0111\u01a1n: 15% Gi\u1edbi h\u1ea1n v\u00e0 \u0111i\u1ec1u ki\u1ec7n ho\u1ea1t \u0111\u1ed9ng<\/li>\n<li class=\"bullet-arrow\">\u00c1p su\u1ea5t l\u00e0m vi\u1ec7c t\u1ed1i \u0111a: 600 psi (4,14 Mpa)<\/li>\n<li class=\"bullet-arrow\">L\u01b0u l\u01b0\u1ee3ng n\u01b0\u1edbc c\u1ea5p t\u1ed1i \u0111a: 16 GPM (3,6m3 \/h)<\/li>\n<\/ul>\n<div id=\"yotuwp-69fdb0177cfc0\" class=\"yotu-playlist yotuwp yotu-limit-min yotu-limit-max yotu-player-full  yotu-thumb-169  yotu-template-grid\" data-page=\"1\" data-yotu=\"69fdb017b63c0\" data-total=\"1\" data-settings=\"eyJ0eXBlIjoidmlkZW9zIiwiaWQiOiIwMGpCOXhSbTljRSIsInBhZ2luYXRpb24iOiJvbiIsInBhZ2l0eXBlIjoibG9hZG1vcmUiLCJjb2x1bW4iOiIzIiwicGVyX3BhZ2UiOiIzMCIsInRlbXBsYXRlIjoiZ3JpZCIsInRpdGxlIjoib24iLCJkZXNjcmlwdGlvbiI6Im9mZiIsInRodW1icmF0aW8iOiIxNjkiLCJtZXRhIjp7InZpZXdfY291bnQiOiJvbiIsImxpa2VfY291bnQiOiJvbiIsImNvbW1lbnRfY291bnQiOiJvbiIsInB1Ymxpc2hlZF9hdCI6Im9uIn0sIm1ldGFfZGF0YSI6Im9mZiIsIm1ldGFfcG9zaXRpb24iOiJhZnRlcl9saW5rIiwiZGF0ZV9mb3JtYXQiOiJkXC9tXC9ZIiwibWV0YV9hbGlnbiI6IiIsInN1YnNjcmliZSI6Im9mZiIsImR1cmF0aW9uIjoib24iLCJtZXRhX2ljb24iOiJvZmYiLCJuZXh0dGV4dCI6IlNhdSIsInByZXZ0ZXh0IjoiVHJcdTAxYjBcdTFlZGJjIiwibG9hZG1vcmV0ZXh0IjoiWGVtIHRoXHUwMGVhbSIsInBsYXllciI6eyJtb2RlIjoibGFyZ2UiLCJ3aWR0aCI6IjAiLCJzY3JvbGxpbmciOiIwIiwiYXV0b3BsYXkiOjAsImNvbnRyb2xzIjoxLCJtb2Rlc3RicmFuZGluZyI6MCwibG9vcCI6MCwiYXV0b25leHQiOjEsInNob3dpbmZvIjowLCJyZWwiOjAsInBsYXlpbmciOjAsInBsYXlpbmdfZGVzY3JpcHRpb24iOjAsInRodW1ibmFpbHMiOjEsImNjX2xvYWRfcG9saWN5IjoiMSIsImNjX2xhbmdfcHJlZiI6IjEiLCJobCI6IiIsIml2X2xvYWRfcG9saWN5IjoiMSJ9LCJsYXN0X3RhYiI6InNldHRpbmdzIiwidXNlX2FzX21vZGFsIjoib2ZmIiwibW9kYWxfaWQiOiJvZmYiLCJsYXN0X3VwZGF0ZSI6IjE3MjIxNTMwODIiLCJzdHlsaW5nIjp7InBhZ2VyX2xheW91dCI6ImRlZmF1bHQiLCJidXR0b24iOiIzIiwiYnV0dG9uX2NvbG9yIjoiIiwiYnV0dG9uX2JnX2NvbG9yIjoiIiwiYnV0dG9uX2NvbG9yX2hvdmVyIjoiIiwiYnV0dG9uX2JnX2NvbG9yX2hvdmVyIjoiIiwidmlkZW9fc3R5bGUiOiJhYm5iIiwicGxheWljb25fY29sb3IiOiIiLCJob3Zlcl9pY29uIjoicGxheS0xIiwiZ2FsbGVyeV9iZyI6IiIsInRpdGxlX2NvbG9yIjoiIzFlNzNiZSIsImRlc2NyaXB0aW9uX2NvbG9yIjoiIzFlNzNiZSIsInBsYXlpbmdfdGl0bGVfY29sb3IiOiIiLCJkZXNjcmlwdGlvbl9hbGlnbiI6IiIsInRpdGxlX2FsaWduIjoiIiwibWV0YV9jb2xvciI6IiMxZTczYmUiLCJmbGlwX2NvbnRlbnRfYmciOiIifSwiZWZmZWN0cyI6eyJ2aWRlb19ib3giOiJ5dGVmLXNoYWRvdy1yYWRpYWwiLCJmbGlwX2VmZmVjdCI6Inl0aG92ZXItZmxpcC1kaWFnLTEifSwiZ2FsbGVyeV9pZCI6IjY5ZmRiMDE3N2NmYzAifQ==\" data-player=\"large\" data-showdesc=\"off\">\n<div>\n<div class=\"yotu-wrapper-player\">\n<div class=\"yotu-player\"><iframe loading=\"lazy\" id=\"yotu-player-69fdb017b63c0\" class=\"yotu-video-placeholder\" title=\"M\u00e0ng l\u1ecdc RO Vontron 4021 c\u00f4ng su\u1ea5t 150 l\u00edt\/h\" src=\"https:\/\/www.youtube.com\/embed\/00jB9xRm9cE?controls=1&amp;modestbranding=0&amp;loop=0&amp;autonext=1&amp;showinfo=0&amp;rel=0&amp;thumbnails=1&amp;cc_load_policy=1&amp;cc_lang_pref=1&amp;hl&amp;iv_load_policy=1&amp;enablejsapi=1&amp;origin=https%3A%2F%2Fdinhnhan.com&amp;widgetid=1&amp;forigin=https%3A%2F%2Fdinhnhan.com%2Fthiet-bi-loc-nuoc%2Fmang-loc-ro-vontron-4021%2F&amp;aoriginsup=1&amp;gporigin=https%3A%2F%2Fdinhnhan.com%2F%3Fs%3D4021%26post_type%3Dproduct&amp;vf=1\" width=\"1000\" height=\"600\" frameborder=\"0\" allowfullscreen=\"allowfullscreen\" data-gtm-yt-inspected-8=\"true\" data-mce-fragment=\"1\"><\/iframe><\/div>\n<div class=\"yotu-playing-status\"><\/div>\n<\/div>\n<div class=\"yotu-videos yotu-mode-grid yotu-preset yotu-preset-abnb yotu-column-3 yotu-player-mode-large yotuwp-has-meta yotuwp-meta-after_link  yotuhover-play-1\"><\/div>\n<\/div>\n<\/div>\n<h2>\u0110\u0103\u0323c \u0111i\u00ea\u0309m c\u00e2\u0301u ta\u0323o cu\u0309a ma\u0300ng lo\u0323c RO Vontron 4021<\/h2>\n<p><strong>Ma\u0300ng lo\u0323c RO 4021<\/strong>\u00a0mang th\u01b0\u01a1ng hi\u00ea\u0323u Vontron, \u0111\u01b0\u01a1\u0323c la\u0300m t\u01b0\u0300 ch\u00e2\u0301t li\u00ea\u0323u nh\u01b0\u0323a de\u0309o cao c\u00e2\u0301p, co\u0301 kha\u0309 n\u0103ng lo\u0323c \u00f4\u0309n \u0111i\u0323nh l\u00e2u da\u0300i. Ch\u00e2\u0301t li\u00ea\u0323u co\u0301 ti\u0301nh an toa\u0300n tuy\u00ea\u0323t \u0111\u00f4\u0301i cho ng\u01b0\u01a1\u0300i x\u01b0\u0309 du\u0323ng khi ti\u00ea\u0301p xu\u0301c b\u00ea\u0300 m\u0103\u0323t va\u0300 \u0111\u01b0\u01a1\u0323c cho phe\u0301p s\u01b0\u0309 du\u0323ng \u0111\u00ea\u0309 sa\u0309n xu\u00e2\u0301t ca\u0301c thi\u00ea\u0301t bi\u0323 c\u00f4ng nghi\u00ea\u0323p tr\u00ean toa\u0300n th\u00ea\u0301 gi\u01a1\u0301i.<\/p>\n<ul>\n<li class=\"bullet-checkmark\">Ki\u0301ch th\u01b0\u01a1\u0301c m\u00f4\u0323t ma\u0300ng RO Vontron 4021 t\u01b0\u01a1ng \u0111\u00f4\u0301i nho\u0309, nhe\u0323, chi\u00ea\u0300u da\u0300i 21 inch va\u0300 \u0111\u01b0\u01a1\u0300ng ki\u0301nh ma\u0300ng la\u0300 4 inch.<\/li>\n<li class=\"bullet-checkmark\">Ma\u0300ng thi\u0301ch h\u01a1\u0323p hoa\u0323t \u0111\u00f4\u0323ng trong m\u00f4i tr\u01b0\u01a1\u0300ng a\u0301p su\u00e2\u0301t th\u00e2\u0301p, v\u01a1\u0301i loa\u0323i n\u01b0\u01a1\u0301c \u0111\u00f4\u0323 m\u0103\u0323n t\u01b0\u01a1ng \u0111\u00f4\u0301i th\u00e2\u0301p; n\u01b0\u01a1\u0301c nhi\u00ea\u0303m m\u0103\u0323n (n\u01b0\u01a1\u0301c l\u01a1\u0323), thi\u0301ch h\u01a1\u0323p \u0111\u00ea\u0309 kh\u01b0\u0309 mu\u00f4\u0301i cung c\u00e2\u0301p nhi\u00ean li\u00ea\u0323u cho ca\u0301c nha\u0300 ma\u0301y \u0111i\u00ea\u0323n.<\/li>\n<li class=\"bullet-checkmark\">Ma\u0300ng l\u1ecdc RO Vontron 4021 \u0111\u01b0\u1ee3c nh\u1eadp kh\u1ea9u tr\u1ef1c ti\u1ebfp t\u01b0\u0300 Trung Qu\u00f4\u0301c. \u0110\u00e2y c\u0169ng la\u0300 m\u00f4\u0323t trong nh\u01b0\u0303ng qu\u00f4\u0301c gia \u0111i \u0111\u00e2\u0300u v\u01a1\u0301i nga\u0300nh sa\u0309n xu\u00e2\u0301t c\u00f4ng nghi\u00ea\u0323p hi\u00ea\u0323n \u0111a\u0323i.<\/li>\n<li class=\"bullet-checkmark\">M\u00f4\u0323t ma\u0300ng RO Vontron 4021 co\u0301 th\u00ea\u0301 hoa\u0323t \u0111\u00f4\u0323ng v\u01a1\u0301i c\u00f4ng su\u00e2\u0301t t\u00f4\u0301i \u0111a co\u0301 th\u00ea\u0309 l\u00ean t\u01a1\u0301i 950 GPD t\u01b0\u01a1ng \u0111\u01b0\u01a1ng v\u01a1\u0301i 3.6m3\/ ng\u00e0y.<\/li>\n<\/ul>\n<figure id=\"attachment_4897\" class=\"wp-caption aligncenter\" aria-describedby=\"caption-attachment-4897\">\n<figure id=\"attachment_2613\" aria-describedby=\"caption-attachment-2613\" style=\"width: 400px\" class=\"wp-caption aligncenter\"><img loading=\"lazy\" decoding=\"async\" class=\"wp-image-2613 size-medium\" src=\"https:\/\/huynhthanhxuan.com\/wp-content\/uploads\/2026\/05\/dac-diem-cau-tao-cua-mang-loc-ro-vontron-4021-400x400.jpg\" alt=\"\" width=\"400\" height=\"400\" srcset=\"https:\/\/songxanhwater.com\/wp-content\/uploads\/2026\/05\/dac-diem-cau-tao-cua-mang-loc-ro-vontron-4021-400x400.jpg 400w, https:\/\/songxanhwater.com\/wp-content\/uploads\/2026\/05\/dac-diem-cau-tao-cua-mang-loc-ro-vontron-4021-280x280.jpg 280w, https:\/\/songxanhwater.com\/wp-content\/uploads\/2026\/05\/dac-diem-cau-tao-cua-mang-loc-ro-vontron-4021-300x300.jpg 300w, https:\/\/songxanhwater.com\/wp-content\/uploads\/2026\/05\/dac-diem-cau-tao-cua-mang-loc-ro-vontron-4021-100x100.jpg 100w, https:\/\/songxanhwater.com\/wp-content\/uploads\/2026\/05\/dac-diem-cau-tao-cua-mang-loc-ro-vontron-4021.jpg 500w\" sizes=\"auto, (max-width: 400px) 100vw, 400px\" \/><figcaption id=\"caption-attachment-2613\" class=\"wp-caption-text\">\u0110\u0103\u0323c \u0111i\u00ea\u0309m c\u00e2\u0301u ta\u0323o cu\u0309a ma\u0300ng lo\u0323c RO Vontron 4021<\/figcaption><\/figure><\/figure>\n<h2>Nh\u01b0\u0303ng \u01b0u \u0111i\u00ea\u0309m n\u00f4\u0309i b\u00e2\u0323t va\u0300 ti\u0301nh \u01b0\u0301ng du\u0323ng cu\u0309a ma\u0300ng RO Vontron 4021<\/h2>\n<ul>\n<li class=\"bullet-star\">Ma\u0300ng lo\u0323c RO Vontron 4021 co\u0301 kha\u0309 n\u0103ng hoa\u0323t \u0111\u00f4\u0323ng cao h\u01a1n nhi\u00ea\u0300u l\u00e2\u0300n so v\u01a1\u0301i ca\u0301c loa\u0323i ma\u0300ng lo\u0323c kha\u0301c trong cu\u0300ng m\u00f4i tr\u01b0\u01a1\u0300ng a\u0301p su\u00e2\u0301t th\u1ea5p. B\u00ean ca\u0323nh \u0111o\u0301, ti\u0309 l\u00ea\u0323 kh\u01b0\u0309 mu\u00f4\u0301i cu\u0309a ma\u0300ng co\u0301 \u0111\u00f4\u0323 chi\u0301nh xa\u0301c r\u00e2\u0301t cao co\u0301 th\u00ea\u0309 l\u00ean t\u01a1\u0301i g\u00e2\u0300n 100%. Vi\u0300 v\u00e2\u0323y, s\u01b0\u0309 du\u0323ng ma\u0300ng RO Vontron 4021 co\u0301 th\u00ea\u0309 thay th\u00ea\u0301 \u0111\u01b0\u01a1\u0323c ca\u0301c thi\u00ea\u0301t bi\u0323 lo\u0323c co\u0301 li\u00ean quan nh\u01b0 \u0111\u01b0\u01a1\u0300ng \u00f4\u0301ng, b\u01a1m,.. cu\u0300ng v\u01a1\u0301i chi phi\u0301 v\u00e2\u0323n ha\u0300nh \u0111i ke\u0300m.<\/li>\n<li class=\"bullet-star\">V\u01a1\u0301i kha\u0309 n\u0103ng lo\u0323c t\u00f4\u0301i \u01b0u, n\u01b0\u01a1\u0301c sau khi lo\u0323c qua ma\u0300ng lo\u0323c RO Vontron 4021 \u0111a\u0309m ba\u0309o \u0111\u00f4\u0323 tinh khi\u00ea\u0301t g\u00e2\u0300n nh\u01b0 tuy\u00ea\u0323t \u0111\u00f4\u0301i. Th\u1eadm chi\u0301 co\u0301 th\u00ea\u0309 s\u01b0\u0309 du\u0323ng \u0111\u00ea\u0309 u\u00f4\u0301ng ngay ma\u0300 kh\u00f4ng c\u00e2\u0300n x\u01b0\u0309 ly\u0301 l\u1ea1i nh\u01b0 \u0111un s\u00f4i, lo\u0323c la\u0323i,\u2026<\/li>\n<li class=\"bullet-star\">Ma\u0300ng lo\u0323c \u0111\u01b0\u1ee3c thi\u1ebft k\u1ebf \u0111\u01a1n gi\u1ea3n, nhe\u0323 va\u0300 nho\u0309 go\u0323n thu\u1eadn ti\u1ec7n cho vi\u1ec7c l\u0103\u0301p \u0111\u0103\u0323t va\u0300 v\u00e2\u0323n chuy\u00ea\u0309n. V\u00e0 kh\u00f4ng chi\u1ebfm qu\u00e1 nhi\u1ec1u di\u1ec7n t\u00edch c\u0169ng nh\u01b0 c\u00f4ng s\u1ee9c trong qu\u00e1 tr\u00ecnh s\u01b0\u0309 du\u0323ng.<\/li>\n<li class=\"bullet-star\">V\u1edbi gi\u00e1 th\u00e0nh kh\u00f4ng qu\u00e1 cao, ma\u0300ng lo\u0323c RO Vontron 4021 la\u0300 m\u1ed9t s\u1ea3n ph\u1ea9m mang la\u0323i nhi\u00ea\u0300u ch\u01b0\u0301c n\u0103ng h\u01b0\u0303u i\u0301ch \u0111\u0103\u0323c bi\u00ea\u0323t la\u0300 kha\u0309 n\u0103ng lo\u0323c g\u00e2\u0300n nh\u01b0 hoa\u0300n ha\u0309o quy m\u00f4 s\u1ea3n xu\u1ea5t l\u1edbn, gia\u0309m thi\u00ea\u0309u t\u00f4\u0301i \u0111a chi phi\u0301 v\u00e2\u0323n ha\u0300nh, thay m\u01a1\u0301i.<\/li>\n<\/ul>\n<figure id=\"attachment_4898\" class=\"wp-caption aligncenter\" aria-describedby=\"caption-attachment-4898\">\n<figure id=\"attachment_2614\" aria-describedby=\"caption-attachment-2614\" style=\"width: 400px\" class=\"wp-caption aligncenter\"><img loading=\"lazy\" decoding=\"async\" class=\"wp-image-2614 size-medium\" src=\"https:\/\/huynhthanhxuan.com\/wp-content\/uploads\/2026\/05\/nhung-uu-diem-noi-bat-va-tinh-ung-dung-cua-mang-ro-vontron-4021-400x400.jpg\" alt=\"\" width=\"400\" height=\"400\" srcset=\"https:\/\/songxanhwater.com\/wp-content\/uploads\/2026\/05\/nhung-uu-diem-noi-bat-va-tinh-ung-dung-cua-mang-ro-vontron-4021-400x400.jpg 400w, https:\/\/songxanhwater.com\/wp-content\/uploads\/2026\/05\/nhung-uu-diem-noi-bat-va-tinh-ung-dung-cua-mang-ro-vontron-4021-280x280.jpg 280w, https:\/\/songxanhwater.com\/wp-content\/uploads\/2026\/05\/nhung-uu-diem-noi-bat-va-tinh-ung-dung-cua-mang-ro-vontron-4021-300x300.jpg 300w, https:\/\/songxanhwater.com\/wp-content\/uploads\/2026\/05\/nhung-uu-diem-noi-bat-va-tinh-ung-dung-cua-mang-ro-vontron-4021-100x100.jpg 100w, https:\/\/songxanhwater.com\/wp-content\/uploads\/2026\/05\/nhung-uu-diem-noi-bat-va-tinh-ung-dung-cua-mang-ro-vontron-4021.jpg 500w\" sizes=\"auto, (max-width: 400px) 100vw, 400px\" \/><figcaption id=\"caption-attachment-2614\" class=\"wp-caption-text\">Nh\u01b0\u0303ng \u01b0u \u0111i\u00ea\u0309m n\u00f4\u0309i b\u00e2\u0323t va\u0300 ti\u0301nh \u01b0\u0301ng du\u0323ng cu\u0309a ma\u0300ng RO Vontron 4021<\/figcaption><\/figure><\/figure>\n<p><strong>M\u00e0ng l\u1ecdc RO vontron 4021<\/strong>\u00a0c\u00f3 quy tr\u00ecnh s\u1ea3n xu\u1ea5t hi\u1ec7n \u0111\u1ea1i, th\u00edch \u1ee9ng v\u1edbi nhi\u1ec1u quy m\u00f4 h\u1ec7 th\u1ed1ng x\u1eed l\u00fd n\u01b0\u1edbc kh\u00e1c nhau. S\u1ea3n ph\u1ea9m \u0111\u01b0\u1ee3c s\u1eed d\u1ee5ng nhi\u1ec1u trong c\u00e1c d\u00e2y chuy\u1ec1n s\u1ea3n xu\u1ea5t n\u01b0\u1edbc tinh khi\u1ebft, x\u1eed l\u00fd n\u01b0\u1edbc m\u1eb7n, n\u01b0\u1edbc th\u1ea3i v\u00e0 c\u00e1c ng\u00e0nh c\u00f4ng nghi\u1ec7p \u0111i\u1ec7n kh\u00e1c. N\u1ebfu b\u1ea1n c\u1ea7n m\u1ed9t lo\u1ea1i manghf RO c\u00f4ng su\u1ea5t l\u1edbn h\u01a1n c\u1ee7a h\u00e3ng Vontron th\u00ec xem qua\u00a0m\u00e0ng l\u1ecdc RO Vontron 4040\u00a0nha.<\/p>\n","protected":false},"excerpt":{"rendered":"<ul>\n<li>C\u00f4ng su\u1ea5t t\u1ed1i \u0111a: 950 GPD<\/li>\n<li>Th\u01b0\u01a1ng\u00a0hi\u1ec7u:\u00a0Vontron<\/li>\n<li>Xu\u1ea5t x\u1ee9:\u00a0Trung Qu\u1ed1c<\/li>\n<li>Chi\u1ec1u d\u00e0i x \u0110\u01b0\u1eddng k\u00ednh: 21\u00d74 (inch)<\/li>\n<\/ul>\n","protected":false},"featured_media":2612,"comment_status":"open","ping_status":"closed","template":"","meta":{"_acf_changed":false},"product_brand":[],"product_cat":[105],"product_tag":[],"class_list":{"0":"post-2611","1":"product","2":"type-product","3":"status-publish","4":"has-post-thumbnail","6":"product_cat-thiet-bi-loc-nuoc","8":"first","9":"instock","10":"sale","11":"taxable","12":"shipping-taxable","13":"purchasable","14":"product-type-simple"},"acf":[],"_links":{"self":[{"href":"https:\/\/songxanhwater.com\/index.php?rest_route=\/wp\/v2\/product\/2611","targetHints":{"allow":["GET"]}}],"collection":[{"href":"https:\/\/songxanhwater.com\/index.php?rest_route=\/wp\/v2\/product"}],"about":[{"href":"https:\/\/songxanhwater.com\/index.php?rest_route=\/wp\/v2\/types\/product"}],"replies":[{"embeddable":true,"href":"https:\/\/songxanhwater.com\/index.php?rest_route=%2Fwp%2Fv2%2Fcomments&post=2611"}],"wp:featuredmedia":[{"embeddable":true,"href":"https:\/\/songxanhwater.com\/index.php?rest_route=\/wp\/v2\/media\/2612"}],"wp:attachment":[{"href":"https:\/\/songxanhwater.com\/index.php?rest_route=%2Fwp%2Fv2%2Fmedia&parent=2611"}],"wp:term":[{"taxonomy":"product_brand","embeddable":true,"href":"https:\/\/songxanhwater.com\/index.php?rest_route=%2Fwp%2Fv2%2Fproduct_brand&post=2611"},{"taxonomy":"product_cat","embeddable":true,"href":"https:\/\/songxanhwater.com\/index.php?rest_route=%2Fwp%2Fv2%2Fproduct_cat&post=2611"},{"taxonomy":"product_tag","embeddable":true,"href":"https:\/\/songxanhwater.com\/index.php?rest_route=%2Fwp%2Fv2%2Fproduct_tag&post=2611"}],"curies":[{"name":"wp","href":"https:\/\/api.w.org\/{rel}","templated":true}]}}