{"id":2600,"date":"2026-05-08T09:31:29","date_gmt":"2026-05-08T09:31:29","guid":{"rendered":"https:\/\/huynhthanhxuan.com\/?post_type=product&#038;p=2600"},"modified":"2026-05-08T09:31:29","modified_gmt":"2026-05-08T09:31:29","slug":"loi-loc-beo-cto-bigblue-20-inch","status":"publish","type":"product","link":"https:\/\/songxanhwater.com\/?product=loi-loc-beo-cto-bigblue-20-inch","title":{"rendered":"L\u00f5i l\u1ecdc b\u00e9o CTO bigblue 20 inch"},"content":{"rendered":"<p><strong>L\u00f5i l\u1ecdc b\u00e9o CTO bigblue 20 inch<\/strong>\u00a0l\u00e0 m\u1ed9t trong nh\u1eefng l\u00f5i l\u1ecdc th\u00f4 s\u1eed d\u1ee5ng \u0111\u1ea7u ngu\u1ed3n kh\u00f4ng th\u1ec3 thi\u1ebfu trong c\u00e1c\u00a0b\u1ed9 l\u1ecdc n\u01b0\u1edbc 3 c\u1ed1c l\u1ecdc bigblue\u00a0l\u1ecdc th\u00f4. \u0110\u1ea3m nh\u1eadn nhi\u1ec7m v\u1ee5 l\u1ecdc c\u00e1c c\u1eb7n b\u1ea9n v\u00e0 t\u1ea1p ch\u1ea5t c\u00f3 trong n\u01b0\u1edbc. Gi\u00fap t\u1ea1o ra hi\u1ec7u qu\u1ea3 l\u1ecdc t\u1ed1i \u0111a cho b\u1ed9 l\u1ecdc v\u00e0 \u0111\u1ea3m b\u1ea3o c\u00f3 th\u1ec3 ho\u1ea1t \u0111\u1ed9ng b\u00ecnh th\u01b0\u1eddng. Tr\u00e1nh tr\u01b0\u1eddng h\u1ee3p g\u00e2y t\u1eafc ngh\u1ebdn trong qu\u00e1 tr\u00ecnh l\u1ecdc l\u00e0m hi\u1ec7u xu\u1ea5t ho\u1ea1t \u0111\u1ed9ng \u0111i xu\u1ed1ng. Kh\u00f4ng nh\u1eefng v\u1eady l\u00f5i l\u1ecdc c\u00f2n gi\u00fap kh\u1eed nh\u1eefng m\u00f9i kh\u00f3 ch\u1ecbu c\u00f3 trong ngu\u1ed3n n\u01b0\u1edbc \u0111\u1ec3 \u0111\u1ea1t \u0111\u01b0\u1ee3c ch\u1ea5t l\u01b0\u1ee3ng n\u01b0\u1edbc t\u1ed1t nh\u1ea5t.<\/p>\n<figure class=\"wp-caption alignnone\">\n<figure id=\"attachment_2601\" aria-describedby=\"caption-attachment-2601\" style=\"width: 400px\" class=\"wp-caption aligncenter\"><img loading=\"lazy\" decoding=\"async\" class=\"wp-image-2601 size-medium\" src=\"https:\/\/huynhthanhxuan.com\/wp-content\/uploads\/2026\/05\/loi-loc-beo-cto-bigblue-20-inch-1-400x400.jpg\" alt=\"\" width=\"400\" height=\"400\" srcset=\"https:\/\/songxanhwater.com\/wp-content\/uploads\/2026\/05\/loi-loc-beo-cto-bigblue-20-inch-1-400x400.jpg 400w, https:\/\/songxanhwater.com\/wp-content\/uploads\/2026\/05\/loi-loc-beo-cto-bigblue-20-inch-1-280x280.jpg 280w, https:\/\/songxanhwater.com\/wp-content\/uploads\/2026\/05\/loi-loc-beo-cto-bigblue-20-inch-1-300x300.jpg 300w, https:\/\/songxanhwater.com\/wp-content\/uploads\/2026\/05\/loi-loc-beo-cto-bigblue-20-inch-1-100x100.jpg 100w, https:\/\/songxanhwater.com\/wp-content\/uploads\/2026\/05\/loi-loc-beo-cto-bigblue-20-inch-1.jpg 500w\" sizes=\"auto, (max-width: 400px) 100vw, 400px\" \/><figcaption id=\"caption-attachment-2601\" class=\"wp-caption-text\">L\u00f5i l\u1ecdc b\u00e9o CTO Bigblue 20 inch l\u00e0 l\u00f5i than ho\u1ea1t t\u00ednh ph\u00f9 h\u1ee3p v\u1edbi c\u00e1c c\u1ed1c l\u1ecdc b\u00e9o Bigblue<\/figcaption><\/figure><\/figure>\n<p><strong>L\u00f5i l\u1ecdc b\u00e9o CTO 20 inch<\/strong>\u00a0s\u1ebd l\u00e0 l\u00f5i l\u1ecdc th\u1ee9 3 trong b\u1ed9 l\u1ecdc b\u00e9o, ngo\u00e0i 2 l\u00f5i l\u1ecdc s\u1ed1 1 l\u00e0\u00a0l\u00f5i l\u1ecdc b\u00e9o PP Bigblue 20 inch\u00a0v\u00e0 l\u00f5i l\u1ecdc s\u1ed1 2 l\u00f5i l\u1ecdc b\u00e9o UDF. Vi\u1ec7c s\u1eed d\u1ee5ng \u0111\u00fang l\u00f5i l\u1ecdc c\u0169ng gi\u00fap \u0111\u1ea3m b\u1ea3o s\u1ee9c kh\u1ecfe l\u00e2u d\u00e0i cho ng\u01b0\u1eddi s\u1eed d\u1ee5ng n\u01b0\u1edbc \u0111\u1ed3ng th\u1eddi t\u1ed1i \u01b0u kinh t\u1ebf.<\/p>\n<h2>\u0110\u1eb7c \u0111i\u1ec3m c\u1ee7a s\u1ea3n ph\u1ea9m l\u00f5i l\u1ecdc b\u00e9o CTO bigblue 20 inch<\/h2>\n<p>L\u00f5i l\u1ecdc b\u00e9o CTO 20 inch \u0111\u01b0\u1ee3c s\u1eed d\u1ee5ng \u0111\u1ec3 l\u1ecdc c\u1eb7n b\u1ea9n v\u00e0 kh\u1eed m\u00f9i trong ngu\u1ed3n n\u01b0\u1edbc. L\u00f5i l\u1ecdc c\u00f3 th\u1ec3 \u0111\u1ea3m nhi\u1ec7m \u0111\u01b0\u1ee3c nhi\u1ec1u nhi\u1ec7m v\u1ee5 kh\u00e1c nhau trong c\u00f9ng m\u1ed9t l\u00fac l\u00e0 nh\u1edd c\u00e1c \u0111\u1eb7c \u0111i\u1ec3m sau:<\/p>\n<ul>\n<li class=\"bullet-checkmark\">B\u00ean trong l\u00f5i l\u1ecdc \u0111\u01b0\u1ee3c l\u00e0m t\u1eeb v\u1eadt li\u1ec7u than ho\u1ea1t t\u00ednh g\u00e1o d\u1eeba d\u1ea1ng \u00e9p. Cho kh\u1ea3 n\u0103ng l\u1ecdc cao v\u00e0 kh\u1eed m\u00f9i kh\u00f3 ch\u1ecbu c\u00f2n b\u1ecb l\u1eabn \u1edf trong n\u01b0\u1edbc t\u1ed1t.<\/li>\n<li class=\"bullet-checkmark\">Chi\u1ec1u d\u00e0i x chi\u1ec1u r\u1ed9ng t\u01b0\u01a1ng \u1ee9ng c\u1ee7a l\u00f5i l\u1ecdc l\u00e0 550 x 100 mm khi\u1ebfn di\u1ec7n t\u00edch b\u1ec1 m\u1eb7t l\u1ecdc t\u0103ng l\u00ean m\u1ed9t c\u00e1ch \u0111\u00e1ng k\u1ec3.<\/li>\n<li class=\"bullet-checkmark\">L\u00e0m t\u1eeb than ho\u1ea1t t\u00ednh ch\u1ea5t l\u01b0\u1ee3ng cao n\u00ean l\u00f5i l\u1ecdc b\u00e9o CTO bigblue 20 inch c\u00f3 th\u1ec3 lo\u1ea1i b\u1ecf \u0111\u01b0\u1ee3c clo, ch\u1ea5t h\u00f3a h\u1ecdc v\u00e0 ch\u1ea5t h\u1eefu c\u01a1 l\u1eabn trong ngu\u1ed3n n\u01b0\u1edbc.<\/li>\n<li class=\"bullet-checkmark\">T\u00edch h\u1ee3p s\u1eed d\u1ee5ng cho t\u1ea5t c\u1ea3 c\u00e1c lo\u1ea1i c\u00f3 c\u00f3 k\u00edch th\u01b0\u1edbc 20 inch s\u1eed d\u1ee5ng trong h\u1ec7 th\u1ed1ng l\u1ecdc n\u01b0\u1edbc c\u1ee7a gia \u0111\u00ecnh v\u00e0 c\u00f4ng nghi\u1ec7p.<\/li>\n<li class=\"bullet-checkmark\">L\u00f5i l\u1ecdc b\u00e9o CTO 20 inch c\u00f3 c\u00f4ng su\u1ea5t l\u1ecdc t\u1ed1i \u0111a l\u00ean t\u1edbi 1800 l\u00edt.<\/li>\n<li class=\"bullet-checkmark\">L\u00f5i l\u1ecdc th\u1ef1c hi\u1ec7n theo 2 c\u01a1 ch\u1ebf l\u00e0: l\u1ecdc c\u01a1 h\u1ecdc v\u00e0 l\u1ecdc h\u1ea5p th\u1ee5. Nh\u01b0 v\u1eady c\u00f3 th\u1ec3 l\u1ecdc tri\u1ec7t \u0111\u1ec3 \u0111\u01b0\u1ee3c c\u00e1c t\u1ea1p ch\u1ea5t v\u00e0 kim lo\u1ea1i g\u00e2y \u0111\u1ed9c h\u1ea1i cho ng\u01b0\u1eddi s\u1eed d\u1ee5ng.<\/li>\n<li class=\"bullet-checkmark\">Tu\u1ed5i th\u1ecd trung b\u00ecnh s\u1eed d\u1ee5ng c\u1ee7a m\u1ed9t l\u00f5i l\u1ecdc trong kho\u1ea3ng t\u1eeb 9 \u2013 12 th\u00e1ng. Nh\u01b0ng c\u00f2n t\u00f9y thu\u1ed9c v\u00e0 ch\u1ea5t l\u01b0\u1ee3ng c\u1ee7a ngu\u1ed3n n\u01b0\u1edbc v\u00e0 th\u1eddi gian s\u1eed d\u1ee5ng c\u1ee7a t\u1eebng ng\u01b0\u1eddi m\u00e0 tu\u1ed5i th\u1ecd c\u00f3 th\u1ec3 b\u1ecb thay \u0111\u1ed5i.<\/li>\n<li class=\"bullet-checkmark\">L\u00f5i l\u1ecdc \u0111\u01b0\u1ee3c n\u00e9n th\u00e0nh m\u1ed9t kh\u1ed1i d\u1ea1ng tr\u1ee5 c\u00f3 khe h\u1edf l\u00e0 5\u00b5m gi\u00fap n\u00e2ng cao hi\u1ec7u qu\u1ea3 l\u1ecdc.<\/li>\n<\/ul>\n<div class=\"mceTemp\"><\/div>\n<figure id=\"attachment_2602\" aria-describedby=\"caption-attachment-2602\" style=\"width: 400px\" class=\"wp-caption aligncenter\"><img loading=\"lazy\" decoding=\"async\" class=\"wp-image-2602 size-medium\" src=\"https:\/\/huynhthanhxuan.com\/wp-content\/uploads\/2026\/05\/loi-loc-beo-cto-bigblue-20-inch-1-1-400x400.jpg\" alt=\"\" width=\"400\" height=\"400\" srcset=\"https:\/\/songxanhwater.com\/wp-content\/uploads\/2026\/05\/loi-loc-beo-cto-bigblue-20-inch-1-1-400x400.jpg 400w, https:\/\/songxanhwater.com\/wp-content\/uploads\/2026\/05\/loi-loc-beo-cto-bigblue-20-inch-1-1-280x280.jpg 280w, https:\/\/songxanhwater.com\/wp-content\/uploads\/2026\/05\/loi-loc-beo-cto-bigblue-20-inch-1-1-300x300.jpg 300w, https:\/\/songxanhwater.com\/wp-content\/uploads\/2026\/05\/loi-loc-beo-cto-bigblue-20-inch-1-1-100x100.jpg 100w, https:\/\/songxanhwater.com\/wp-content\/uploads\/2026\/05\/loi-loc-beo-cto-bigblue-20-inch-1-1.jpg 500w\" sizes=\"auto, (max-width: 400px) 100vw, 400px\" \/><figcaption id=\"caption-attachment-2602\" class=\"wp-caption-text\">\u0110\u1eb7c \u0111i\u1ec3m c\u1ee7a s\u1ea3n ph\u1ea9m l\u00f5i l\u1ecdc b\u00e9o CTO bigblue 20 inch<\/figcaption><\/figure>\n<h2>\u01afu \u0111i\u1ec3m v\u00e0 t\u00ednh n\u0103ng n\u1ed5i b\u1eadt c\u1ee7a l\u00f5i l\u1ecdc b\u00e9o CTO 20 inch<\/h2>\n<ul>\n<li class=\"bullet-star\">L\u1ecdc \u0111\u01b0\u1ee3c ho\u00e0n to\u00e0n c\u00e1c t\u1ea1p ch\u1ea5t v\u00e0 kim lo\u1ea1i \u0111\u1ed9c h\u1ea1i c\u00f3 k\u00edch th\u01b0\u1edbc l\u1edbn h\u01a1n ho\u1eb7c b\u1eb1ng 5\u00b5m.<\/li>\n<li class=\"bullet-star\">H\u1ea5p th\u1ee5 hi\u1ec7u qu\u1ea3 \u0111\u01b0\u1ee3c c\u00e1c m\u00f9i kh\u00f3 ch\u1ecbu Clo, thu\u1ed1c tr\u1eeb s\u00e2u v\u00e0 d\u1ea7u m\u1ee1 trong n\u01b0\u1edbc.<\/li>\n<li class=\"bullet-star\">C\u01a1 ch\u1ebf l\u1ecdc linh ho\u1ea1t v\u00e0 th\u00f4ng minh gi\u00fap n\u00e2ng cao hi\u1ec7u qu\u1ea3 l\u1ecdc v\u00e0 \u0111\u00e1nh bay c\u00e1c m\u00f9i kh\u00f3 ch\u1ecbu.<\/li>\n<li class=\"bullet-star\">Than ho\u1ea1t t\u00ednh \u0111\u01b0\u1ee3c n\u00e9n th\u00e0nh d\u1ea1ng kh\u1ed1i r\u1eafn ch\u1eafc gi\u00fap ch\u1ecbu \u0111\u01b0\u1ee3c \u00e1p su\u1ea5t v\u00e0 nhi\u1ec7t \u0111\u1ed9 cao khi ho\u1ea1t \u0111\u1ed9ng.<\/li>\n<li class=\"bullet-star\">L\u00f5i l\u1ecdc b\u00e9o CTO kh\u00f4ng b\u1ecb bi\u1ebfn d\u1ea1ng v\u00e0 bi\u1ebfn \u0111\u1ed5i trong th\u1eddi gian s\u1eed d\u1ee5ng. V\u00e0 \u0111\u1ed3ng th\u1eddi kh\u00f4ng l\u00e0m thay \u0111\u1ed5i ch\u1ea5t l\u01b0\u1ee3ng v\u00e0 t\u00ednh ch\u1ea5t v\u1eadt l\u00fd ngu\u1ed3n n\u01b0\u1edbc \u0111\u1ea7u ra.<\/li>\n<li class=\"bullet-star\">L\u00f5i l\u1ecdc b\u00e9o CTO bigblue 20 inch c\u00f3 c\u1ea5u t\u1ea1o nh\u1ecf g\u1ecdn v\u00e0 tr\u1ecdng l\u01b0\u1ee3ng nh\u1eb9 khi\u1ebfn vi\u1ec7c v\u1eadn chuy\u1ec3n v\u00e0 l\u1eafp \u0111\u1eb7t tr\u1edf n\u00ean d\u1ec5 d\u00e0ng.<\/li>\n<li class=\"bullet-star\">C\u00f4ng su\u1ea5t c\u1ee7a l\u00f5i l\u1ecdc b\u00e9o l\u1edbn \u0111\u00e1p \u1ee9ng nhu c\u1ea7u s\u1eed d\u1ee5ng ngu\u1ed3n n\u01b0\u1edbc cho c\u1ea3 sinh ho\u1ea1t gia \u0111\u00ecnh v\u00e0 s\u1ea3n xu\u1ea5t c\u00f4ng nghi\u1ec7p.<\/li>\n<li class=\"bullet-star\">C\u00f3 tu\u1ed5i th\u1ecd cao l\u00ean t\u1edbi 12 th\u00e1ng v\u00e0 gi\u00e1 th\u00e0nh r\u1ebb gi\u00fap t\u1ed1i \u01b0u h\u00f3a kinh t\u1ebf cho ng\u01b0\u1eddi s\u1eed d\u1ee5ng.<\/li>\n<\/ul>\n<figure id=\"attachment_4991\" class=\"wp-caption aligncenter\" aria-describedby=\"caption-attachment-4991\"><figcaption id=\"caption-attachment-4991\" class=\"wp-caption-text\">\n<figure id=\"attachment_2603\" aria-describedby=\"caption-attachment-2603\" style=\"width: 400px\" class=\"wp-caption aligncenter\"><img loading=\"lazy\" decoding=\"async\" class=\"wp-image-2603 size-medium\" src=\"https:\/\/huynhthanhxuan.com\/wp-content\/uploads\/2026\/05\/loi-loc-beo-cto-bigblue-20-inch-2-400x400.jpg\" alt=\"\" width=\"400\" height=\"400\" srcset=\"https:\/\/songxanhwater.com\/wp-content\/uploads\/2026\/05\/loi-loc-beo-cto-bigblue-20-inch-2-400x400.jpg 400w, https:\/\/songxanhwater.com\/wp-content\/uploads\/2026\/05\/loi-loc-beo-cto-bigblue-20-inch-2-280x280.jpg 280w, https:\/\/songxanhwater.com\/wp-content\/uploads\/2026\/05\/loi-loc-beo-cto-bigblue-20-inch-2-300x300.jpg 300w, https:\/\/songxanhwater.com\/wp-content\/uploads\/2026\/05\/loi-loc-beo-cto-bigblue-20-inch-2-100x100.jpg 100w, https:\/\/songxanhwater.com\/wp-content\/uploads\/2026\/05\/loi-loc-beo-cto-bigblue-20-inch-2.jpg 525w\" sizes=\"auto, (max-width: 400px) 100vw, 400px\" \/><figcaption id=\"caption-attachment-2603\" class=\"wp-caption-text\">\u01afu \u0111i\u1ec3m v\u00e0 t\u00ednh n\u0103ng n\u1ed5i b\u1eadt c\u1ee7a l\u00f5i l\u1ecdc b\u00e9o CTO 20 inch<\/figcaption><\/figure>\n<\/figcaption><\/figure>\n<p>Nh\u1eefng l\u00f5i l\u1ecdc th\u00f4 \u0111\u1ea7u ngu\u1ed3n nh\u01b0\u00a0<strong>l\u00f5i l\u1ecdc b\u00e9o CTO bigblue 20 inch\u00a0<\/strong>c\u00f3 thi\u1ebft k\u1ebf r\u1ea5t \u0111\u01a1n gi\u1ea3n. Khi\u1ebfn vi\u1ec7c l\u1eafp \u0111\u1eb7t, v\u1eadn chuy\u1ec3n v\u00e0 s\u1eed d\u1ee5ng tr\u1edf n\u00ean d\u1ec5 d\u00e0ng h\u01a1n cho ng\u01b0\u1eddi s\u1eed d\u1ee5ng thi\u1ebft b\u1ecb. H\u01a1n n\u1eefa thi\u1ebft b\u1ecb c\u00f3 chi ph\u00ed r\u1ebb c\u00f9ng tu\u1ed5i th\u1ecd cao nh\u01b0ng mang \u0111\u1ebfn r\u1ea5t nhi\u1ec1u l\u1ee3i \u00edch \u0111\u00e1ng kinh ng\u1ea1c trong h\u1ec7 th\u1ed1ng l\u1ecdc n\u01b0\u1edbc.<\/p>\n","protected":false},"excerpt":{"rendered":"<ul>\n<li>K\u00edch th\u01b0\u1edbc (DxR): 550 x 100 (mm)<\/li>\n<li>V\u1eadt li\u1ec7u: Than ho\u1ea1t t\u00ednh d\u1ea1ng \u00e9p<\/li>\n<li>Ph\u00f9 h\u1ee3p c\u1ed1c l\u1ecdc bigblue 20inch<\/li>\n<li>Tu\u1ed5i th\u1ecd: 6 \u2013 9 th\u00e1ng<\/li>\n<\/ul>\n","protected":false},"featured_media":2601,"comment_status":"open","ping_status":"closed","template":"","meta":{"_acf_changed":false},"product_brand":[],"product_cat":[105],"product_tag":[],"class_list":{"0":"post-2600","1":"product","2":"type-product","3":"status-publish","4":"has-post-thumbnail","6":"product_cat-thiet-bi-loc-nuoc","8":"first","9":"instock","10":"sale","11":"taxable","12":"shipping-taxable","13":"purchasable","14":"product-type-simple"},"acf":[],"_links":{"self":[{"href":"https:\/\/songxanhwater.com\/index.php?rest_route=\/wp\/v2\/product\/2600","targetHints":{"allow":["GET"]}}],"collection":[{"href":"https:\/\/songxanhwater.com\/index.php?rest_route=\/wp\/v2\/product"}],"about":[{"href":"https:\/\/songxanhwater.com\/index.php?rest_route=\/wp\/v2\/types\/product"}],"replies":[{"embeddable":true,"href":"https:\/\/songxanhwater.com\/index.php?rest_route=%2Fwp%2Fv2%2Fcomments&post=2600"}],"wp:featuredmedia":[{"embeddable":true,"href":"https:\/\/songxanhwater.com\/index.php?rest_route=\/wp\/v2\/media\/2601"}],"wp:attachment":[{"href":"https:\/\/songxanhwater.com\/index.php?rest_route=%2Fwp%2Fv2%2Fmedia&parent=2600"}],"wp:term":[{"taxonomy":"product_brand","embeddable":true,"href":"https:\/\/songxanhwater.com\/index.php?rest_route=%2Fwp%2Fv2%2Fproduct_brand&post=2600"},{"taxonomy":"product_cat","embeddable":true,"href":"https:\/\/songxanhwater.com\/index.php?rest_route=%2Fwp%2Fv2%2Fproduct_cat&post=2600"},{"taxonomy":"product_tag","embeddable":true,"href":"https:\/\/songxanhwater.com\/index.php?rest_route=%2Fwp%2Fv2%2Fproduct_tag&post=2600"}],"curies":[{"name":"wp","href":"https:\/\/api.w.org\/{rel}","templated":true}]}}