{"id":2402,"date":"2025-07-17T16:25:56","date_gmt":"2025-07-17T16:25:56","guid":{"rendered":"https:\/\/dienmayklp.vn\/?post_type=product&#038;p=2402"},"modified":"2026-05-07T11:09:04","modified_gmt":"2026-05-07T11:09:04","slug":"he-thong-loc-nuoc-dau-nguon-miz-us03-uf","status":"publish","type":"product","link":"https:\/\/songxanhwater.com\/?product=he-thong-loc-nuoc-dau-nguon-miz-us03-uf","title":{"rendered":"H\u1ec7 Th\u1ed1ng L\u1ecdc N\u01b0\u1edbc \u0110\u1ea7u Ngu\u1ed3n MIZ-US03-UF"},"content":{"rendered":"<h2><span style=\"color: #006ead;\"><b>H\u1ec7 Th\u1ed1ng L\u1ecdc N\u01b0\u1edbc \u0110\u1ea7u Ngu\u1ed3n MIZ-US03-UF: L\u1ecdc Ph\u00e8n, V\u00f4i Hi\u1ec7u Qu\u1ea3 &#8211; Kh\u00f4ng D\u00f9ng \u0110i\u1ec7n, Kh\u00f4ng N\u01b0\u1edbc Th\u1ea3i<\/b><\/span><\/h2>\n<p><img loading=\"lazy\" decoding=\"async\" class=\"aligncenter wp-image-2476 size-full\" src=\"https:\/\/dienmayklp.vn\/wp-content\/uploads\/2025\/07\/anh-nen-loc-tong-3-cot-uf.webp\" alt=\"anh-nen-loc-tong-3-cot-uf\" width=\"1000\" height=\"500\" srcset=\"https:\/\/songxanhwater.com\/wp-content\/uploads\/2025\/07\/anh-nen-loc-tong-3-cot-uf.webp 1000w, https:\/\/songxanhwater.com\/wp-content\/uploads\/2025\/07\/anh-nen-loc-tong-3-cot-uf-800x400.webp 800w, https:\/\/songxanhwater.com\/wp-content\/uploads\/2025\/07\/anh-nen-loc-tong-3-cot-uf-768x384.webp 768w, https:\/\/songxanhwater.com\/wp-content\/uploads\/2025\/07\/anh-nen-loc-tong-3-cot-uf-600x300.webp 600w\" sizes=\"auto, (max-width: 1000px) 100vw, 1000px\" \/><\/p>\n<p><span style=\"font-weight: 400;\">L\u00e0 m\u1ed9t ng\u01b0\u1eddi lu\u00f4n quan t\u00e2m \u0111\u1ebfn s\u1ee9c kh\u1ecfe gia \u0111\u00ecnh, b\u1ea1n c\u00f3 \u0111ang ph\u1ea3i \u0111\u1ed1i m\u1eb7t v\u1edbi nh\u1eefng v\u1ea5n \u0111\u1ec1 n\u00e0y m\u1ed7i ng\u00e0y?<\/span><\/p>\n<ul>\n<li style=\"font-weight: 400;\" aria-level=\"1\"><span style=\"font-weight: 400;\">N\u01b0\u1edbc gi\u1ebfng khoan c\u00f3 <\/span><b>m\u00e0u v\u00e0ng \u1ed1, m\u00f9i tanh<\/b><span style=\"font-weight: 400;\"> v\u00e0 n\u1ed5i v\u00e1ng ph\u00e8n?<\/span><\/li>\n<li style=\"font-weight: 400;\" aria-level=\"1\"><span style=\"font-weight: 400;\">N\u01b0\u1edbc m\u00e1y v\u1eeba m\u1edf ra \u0111\u00e3 n\u1ed3ng n\u1eb7c <\/span><b>m\u00f9i clo<\/b><span style=\"font-weight: 400;\"> kh\u00f3 ch\u1ecbu?<\/span><\/li>\n<li style=\"font-weight: 400;\" aria-level=\"1\"><span style=\"font-weight: 400;\">V\u00f2i n\u01b0\u1edbc, v\u00f2i sen, b\u1ed3n r\u1eeda m\u1eb7t th\u01b0\u1eddng xuy\u00ean b\u1ecb <\/span><b>b\u00e1m c\u1eb7n tr\u1eafng, hoen g\u1ec9<\/b><span style=\"font-weight: 400;\">?<\/span><\/li>\n<li style=\"font-weight: 400;\" aria-level=\"1\"><span style=\"font-weight: 400;\">B\u00ecnh \u0111un n\u01b0\u1edbc, l\u00f2ng m\u00e1y gi\u1eb7t b\u1ecb <\/span><b>\u0111\u00f3ng m\u1ed9t l\u1edbp c\u1eb7n d\u00e0y<\/b><span style=\"font-weight: 400;\">?<\/span><\/li>\n<li style=\"font-weight: 400;\" aria-level=\"1\"><span style=\"font-weight: 400;\">Qu\u1ea7n \u00e1o tr\u1eafng gi\u1eb7t xong l\u1ea1i b\u1ecb <\/span><b>\u1ed1 v\u00e0ng<\/b><span style=\"font-weight: 400;\">, kh\u00f4 c\u1ee9ng?<\/span><\/li>\n<li style=\"font-weight: 400;\" aria-level=\"1\"><span style=\"font-weight: 400;\">B\u1ea1n c\u1ea3m th\u1ea5y <\/span><b>da kh\u00f4, d\u1ecb \u1ee9ng, t\u00f3c x\u01a1 r\u1ed1i v\u00e0 g\u00e3y r\u1ee5ng<\/b><span style=\"font-weight: 400;\"> nhi\u1ec1u h\u01a1n sau khi t\u1eafm g\u1ed9i?<\/span><\/li>\n<\/ul>\n<p><span style=\"font-weight: 400;\">N\u1ebfu c\u00e2u tr\u1ea3 l\u1eddi l\u00e0 &#8220;C\u00f3&#8221;, \u0111\u00e3 \u0111\u1ebfn l\u00fac b\u1ea1n c\u1ea7n m\u1ed9t gi\u1ea3i ph\u00e1p x\u1eed l\u00fd n\u01b0\u1edbc to\u00e0n di\u1ec7n ngay t\u1eeb \u0111\u1ea7u ngu\u1ed3n. \u0110\u1eebng \u0111\u1ec3 ngu\u1ed3n n\u01b0\u1edbc k\u00e9m ch\u1ea5t l\u01b0\u1ee3ng \u00e2m th\u1ea7m ph\u00e1 h\u1ee7y c\u00e1c thi\u1ebft b\u1ecb \u0111\u1eaft ti\u1ec1n v\u00e0 quan tr\u1ecdng h\u01a1n l\u00e0 \u1ea3nh h\u01b0\u1edfng \u0111\u1ebfn s\u1ee9c kh\u1ecfe c\u1ee7a c\u1ea3 gia \u0111\u00ecnh.<\/span><\/p>\n<p><span style=\"font-weight: 400;\">Ch\u00fang t\u00f4i mang \u0111\u1ebfn <\/span><b>H\u1ec7 th\u1ed1ng l\u1ecdc n\u01b0\u1edbc \u0111\u1ea7u ngu\u1ed3n MIZ-US03-UF<\/b><span style=\"font-weight: 400;\"> \u2013 gi\u1ea3i ph\u00e1p chuy\u00ean d\u1ee5ng, hi\u1ec7u qu\u1ea3 v\u00e0 si\u00eau ti\u1ebft ki\u1ec7m cho ng\u00f4i nh\u00e0 c\u1ee7a b\u1ea1n.<\/span><\/p>\n<h2><span style=\"color: #006ead;\"><b>\u0110i\u1ec3m V\u00e0ng T\u1ea1o N\u00ean S\u1ef1 Kh\u00e1c Bi\u1ec7t C\u1ee7a MIZ-US03-UF<\/b><\/span><\/h2>\n<p><span style=\"font-weight: 400;\">Kh\u00e1c bi\u1ec7t v\u1edbi c\u00e1c h\u1ec7 th\u1ed1ng c\u1ed3ng k\u1ec1nh, ph\u1ee9c t\u1ea1p, MIZ-US03-UF \u0111\u01b0\u1ee3c thi\u1ebft k\u1ebf v\u1edbi nh\u1eefng \u01b0u \u0111i\u1ec3m v\u01b0\u1ee3t tr\u1ed9i, t\u1eadp trung v\u00e0o hi\u1ec7u qu\u1ea3 v\u00e0 s\u1ef1 ti\u1ec7n l\u1ee3i cho ng\u01b0\u1eddi d\u00f9ng.<\/span><\/p>\n<ul>\n<li style=\"font-weight: 400;\" aria-level=\"1\"><span style=\"font-weight: 400;\">\u2705 <\/span><b>V\u1eadn H\u00e0nh 0\u0110: Kh\u00f4ng \u0110i\u1ec7n, Kh\u00f4ng N\u01b0\u1edbc Th\u1ea3i:<\/b><span style=\"font-weight: 400;\"> H\u1ec7 th\u1ed1ng ho\u1ea1t \u0111\u1ed9ng ho\u00e0n to\u00e0n d\u1ef1a tr\u00ean \u00e1p l\u1ef1c t\u1ef1 nhi\u00ean c\u1ee7a d\u00f2ng n\u01b0\u1edbc, gi\u00fap b\u1ea1n ti\u1ebft ki\u1ec7m 100% chi ph\u00ed \u0111i\u1ec7n n\u0103ng v\u00e0 kh\u00f4ng l\u00e3ng ph\u00ed n\u01b0\u1edbc th\u1ea3i.<\/span><\/li>\n<li style=\"font-weight: 400;\" aria-level=\"1\"><span style=\"font-weight: 400;\">\u2705 <\/span><b>C\u00f4ng Su\u1ea5t L\u1edbn, \u0110\u00e1p \u1ee8ng \u0110\u1ee7 Nhu C\u1ea7u:<\/b><span style=\"font-weight: 400;\"> V\u1edbi c\u00f4ng su\u1ea5t l\u1ecdc t\u1ed1i \u0111a l\u00ean \u0111\u1ebfn <\/span><b>5.000 l\u00edt\/gi\u1edd<\/b><span style=\"font-weight: 400;\">, h\u1ec7 th\u1ed1ng tho\u1ea3i m\u00e1i \u0111\u00e1p \u1ee9ng nhu c\u1ea7u sinh ho\u1ea1t cho c\u1ea3 gia \u0111\u00ecnh \u0111\u00f4ng ng\u01b0\u1eddi.<\/span><\/li>\n<li style=\"font-weight: 400;\" aria-level=\"1\"><span style=\"font-weight: 400;\">\u2705 <\/span><b>B\u1ec1n B\u1ec9 &amp; An To\u00e0n:<\/b><span style=\"font-weight: 400;\"> Ly l\u1ecdc \u0111\u01b0\u1ee3c l\u00e0m t\u1eeb nh\u1ef1a ABS nguy\u00ean sinh cao c\u1ea5p, an to\u00e0n cho s\u1ee9c kh\u1ecfe v\u00e0 c\u00f3 \u0111\u1ed9 b\u1ec1n cao, ch\u1ecbu \u0111\u01b0\u1ee3c \u00e1p l\u1ef1c n\u01b0\u1edbc l\u1edbn.<\/span><\/li>\n<li style=\"font-weight: 400;\" aria-level=\"1\"><span style=\"font-weight: 400;\">\u2705 <\/span><b>D\u1ec5 D\u00e0ng Theo D\u00f5i:<\/b><span style=\"font-weight: 400;\"> T\u00edch h\u1ee3p <\/span><b>\u0111\u1ed3ng h\u1ed3 \u0111o \u00e1p<\/b><span style=\"font-weight: 400;\"> gi\u00fap b\u1ea1n d\u1ec5 d\u00e0ng quan s\u00e1t \u00e1p l\u1ef1c n\u01b0\u1edbc qua h\u1ec7 th\u1ed1ng v\u00e0 bi\u1ebft \u0111\u01b0\u1ee3c khi n\u00e0o c\u1ea7n v\u1ec7 sinh ho\u1eb7c thay th\u1ebf l\u00f5i l\u1ecdc.<\/span><\/li>\n<li style=\"font-weight: 400;\" aria-level=\"1\"><span style=\"font-weight: 400;\">\u2705 <\/span><b>An T\u00e2m S\u1eed D\u1ee5ng D\u00e0i L\u00e2u:<\/b><span style=\"font-weight: 400;\"> Cam k\u1ebft ch\u1ea5t l\u01b0\u1ee3ng v\u1edbi ch\u00ednh s\u00e1ch <\/span><b>b\u1ea3o h\u00e0nh 3 n\u0103m, b\u1ea3o tr\u00ec tr\u1ecdn \u0111\u1eddi<\/b><span style=\"font-weight: 400;\">.<\/span><\/li>\n<\/ul>\n<h3><span style=\"color: #006ead;\"><b>&#8220;B\u00f3c T\u00e1ch&#8221; H\u1ec7 Th\u1ed1ng 4 C\u1ea5p L\u1ecdc Chuy\u00ean S\u00e2u C\u1ee7a MIZ-US03-UF<\/b><\/span><\/h3>\n<p><span style=\"font-weight: 400;\">S\u1ee9c m\u1ea1nh c\u1ee7a MIZ-US03-UF \u0111\u1ebfn t\u1eeb s\u1ef1 k\u1ebft h\u1ee3p th\u00f4ng minh c\u1ee7a 4 c\u1ea5p l\u1ecdc chuy\u00ean d\u1ee5ng, lo\u1ea1i b\u1ecf t\u1eebng nh\u00f3m t\u1ea1p ch\u1ea5t kh\u00e1c nhau trong n\u01b0\u1edbc.<\/span><\/p>\n<ol>\n<li style=\"font-weight: 400;\" aria-level=\"1\"><b>L\u00f5i l\u1ecdc s\u1ed1 1: L\u00f5i PP Big Blue 20 inch (L\u1ecdc Th\u00f4)<\/b>\n<ul>\n<li style=\"font-weight: 400;\" aria-level=\"2\"><b>C\u00f4ng d\u1ee5ng:<\/b><span style=\"font-weight: 400;\"> L\u00e0 l\u00e1 ch\u1eafn \u0111\u1ea7u ti\u00ean, gi\u00fap lo\u1ea1i b\u1ecf c\u00e1c c\u1eb7n b\u1ea9n nh\u00ecn th\u1ea5y \u0111\u01b0\u1ee3c nh\u01b0 b\u00f9n \u0111\u1ea5t, r\u1ec9 s\u00e9t, rong r\u00eau, s\u1ea1n c\u00e1t&#8230; c\u00f3 k\u00edch th\u01b0\u1edbc l\u1edbn h\u01a1n 5 micron.<\/span><\/li>\n<li style=\"font-weight: 400;\" aria-level=\"2\"><span style=\"font-weight: 400;\">Tu\u1ed5i th\u1ecd: 6-8 th\u00e1ng.<\/span><\/li>\n<\/ul>\n<\/li>\n<\/ol>\n<p><img loading=\"lazy\" decoding=\"async\" class=\"size-medium wp-image-2467 aligncenter\" src=\"https:\/\/dienmayklp.vn\/wp-content\/uploads\/2025\/07\/Loi-Bigblue-PP-400x400.webp\" alt=\"Loi-Bigblue-PP\" width=\"400\" height=\"400\" srcset=\"https:\/\/songxanhwater.com\/wp-content\/uploads\/2025\/07\/Loi-Bigblue-PP-400x400.webp 400w, https:\/\/songxanhwater.com\/wp-content\/uploads\/2025\/07\/Loi-Bigblue-PP-280x280.webp 280w, https:\/\/songxanhwater.com\/wp-content\/uploads\/2025\/07\/Loi-Bigblue-PP-300x300.webp 300w, https:\/\/songxanhwater.com\/wp-content\/uploads\/2025\/07\/Loi-Bigblue-PP-100x100.webp 100w, https:\/\/songxanhwater.com\/wp-content\/uploads\/2025\/07\/Loi-Bigblue-PP.webp 600w\" sizes=\"auto, (max-width: 400px) 100vw, 400px\" \/><\/p>\n<ol>\n<li style=\"font-weight: 400;\" aria-level=\"1\"><b>L\u00f5i l\u1ecdc s\u1ed1 2: L\u00f5i UDF\/GAC Big Blue 20 inch (Than Ho\u1ea1t T\u00ednh H\u1ea1t)<\/b>\n<ul>\n<li style=\"font-weight: 400;\" aria-level=\"2\"><b>C\u00f4ng d\u1ee5ng:<\/b><span style=\"font-weight: 400;\"> H\u1ea5p th\u1ee5 m\u1ea1nh m\u1ebd clo, c\u00e1c h\u1ee3p ch\u1ea5t h\u1eefu c\u01a1, thu\u1ed1c tr\u1eeb s\u00e2u, v\u00e0 c\u00e1c h\u00f3a ch\u1ea5t \u0111\u1ed9c h\u1ea1i. \u0110\u1eb7c bi\u1ec7t hi\u1ec7u qu\u1ea3 trong vi\u1ec7c <\/span><b>kh\u1eed m\u00f9i h\u00f4i, m\u00f9i tanh, c\u1ea3i thi\u1ec7n v\u1ecb n\u01b0\u1edbc<\/b><span style=\"font-weight: 400;\">.<\/span><\/li>\n<li style=\"font-weight: 400;\" aria-level=\"2\"><span style=\"font-weight: 400;\">Tu\u1ed5i th\u1ecd: 8-12 th\u00e1ng.<\/span><\/li>\n<\/ul>\n<\/li>\n<\/ol>\n<p><img loading=\"lazy\" decoding=\"async\" class=\"size-medium wp-image-2466 aligncenter\" src=\"https:\/\/dienmayklp.vn\/wp-content\/uploads\/2025\/07\/Loi-Bigblue-GAC-400x400.webp\" alt=\"Loi-Bigblue-GAC\" width=\"400\" height=\"400\" srcset=\"https:\/\/songxanhwater.com\/wp-content\/uploads\/2025\/07\/Loi-Bigblue-GAC-400x400.webp 400w, https:\/\/songxanhwater.com\/wp-content\/uploads\/2025\/07\/Loi-Bigblue-GAC-280x280.webp 280w, https:\/\/songxanhwater.com\/wp-content\/uploads\/2025\/07\/Loi-Bigblue-GAC-300x300.webp 300w, https:\/\/songxanhwater.com\/wp-content\/uploads\/2025\/07\/Loi-Bigblue-GAC-100x100.webp 100w, https:\/\/songxanhwater.com\/wp-content\/uploads\/2025\/07\/Loi-Bigblue-GAC.webp 600w\" sizes=\"auto, (max-width: 400px) 100vw, 400px\" \/><\/p>\n<ol>\n<li style=\"font-weight: 400;\" aria-level=\"1\"><b>L\u00f5i l\u1ecdc s\u1ed1 3: L\u00f5i CTO Big Blue 20 inch (Than Ho\u1ea1t T\u00ednh N\u00e9n)<\/b>\n<ul>\n<li style=\"font-weight: 400;\" aria-level=\"2\"><b>C\u00f4ng d\u1ee5ng:<\/b><span style=\"font-weight: 400;\"> L\u1ecdc ch\u1eb7n l\u1ea7n hai, lo\u1ea1i b\u1ecf c\u00e1c ch\u1ea5t \u0111\u1ed9c h\u1ea1i, m\u00e0u, m\u00f9i c\u00f2n s\u00f3t l\u1ea1i v\u00e0 c\u00e1c h\u1ea1t c\u1eb7n b\u1ea9n c\u00f3 k\u00edch th\u01b0\u1edbc si\u00eau nh\u1ecf, gi\u00fap n\u01b0\u1edbc trong h\u01a1n.<\/span><\/li>\n<li style=\"font-weight: 400;\" aria-level=\"2\"><span style=\"font-weight: 400;\">Tu\u1ed5i th\u1ecd: 8-12 th\u00e1ng.<\/span><\/li>\n<\/ul>\n<\/li>\n<\/ol>\n<p><img loading=\"lazy\" decoding=\"async\" class=\"size-medium wp-image-2465 aligncenter\" src=\"https:\/\/dienmayklp.vn\/wp-content\/uploads\/2025\/07\/Loi-Bigblue-CTO-400x400.webp\" alt=\"Loi-Bigblue-CTO\" width=\"400\" height=\"400\" srcset=\"https:\/\/songxanhwater.com\/wp-content\/uploads\/2025\/07\/Loi-Bigblue-CTO-400x400.webp 400w, https:\/\/songxanhwater.com\/wp-content\/uploads\/2025\/07\/Loi-Bigblue-CTO-280x280.webp 280w, https:\/\/songxanhwater.com\/wp-content\/uploads\/2025\/07\/Loi-Bigblue-CTO-300x300.webp 300w, https:\/\/songxanhwater.com\/wp-content\/uploads\/2025\/07\/Loi-Bigblue-CTO-100x100.webp 100w, https:\/\/songxanhwater.com\/wp-content\/uploads\/2025\/07\/Loi-Bigblue-CTO.webp 600w\" sizes=\"auto, (max-width: 400px) 100vw, 400px\" \/><\/p>\n<ol>\n<li style=\"font-weight: 400;\" aria-level=\"1\"><b>L\u00f5i l\u1ecdc s\u1ed1 4: M\u00e0ng Si\u00eau L\u1ecdc UF (Ultrafiltration)<\/b>\n<ul>\n<li style=\"font-weight: 400;\" aria-level=\"2\"><b>C\u00f4ng d\u1ee5ng:<\/b><span style=\"font-weight: 400;\"> \u0110\u00e2y l\u00e0 &#8220;tr\u00e1i tim&#8221; c\u1ee7a h\u1ec7 th\u1ed1ng. V\u1edbi k\u00edch th\u01b0\u1edbc khe l\u1ecdc si\u00eau nh\u1ecf ch\u1ec9 <\/span><b>0.01 micron<\/b><span style=\"font-weight: 400;\">, m\u00e0ng UF lo\u1ea1i b\u1ecf ho\u00e0n to\u00e0n ph\u00e8n, v\u00f4i, c\u00e1c h\u1ea1t keo, ch\u1ea5t r\u1eafn l\u01a1 l\u1eedng v\u00e0 vi khu\u1ea9n, mang l\u1ea1i ngu\u1ed3n n\u01b0\u1edbc sau l\u1ecdc trong s\u1ea1ch, an to\u00e0n.<\/span><\/li>\n<li style=\"font-weight: 400;\" aria-level=\"2\"><span style=\"font-weight: 400;\">Tu\u1ed5i th\u1ecd: ~18 th\u00e1ng.<\/span><\/li>\n<\/ul>\n<\/li>\n<\/ol>\n<p><img loading=\"lazy\" decoding=\"async\" class=\"size-full wp-image-2464 aligncenter\" src=\"https:\/\/dienmayklp.vn\/wp-content\/uploads\/2025\/07\/bo-loc-UF.webp\" alt=\"bo-loc-UF\" width=\"750\" height=\"400\" srcset=\"https:\/\/songxanhwater.com\/wp-content\/uploads\/2025\/07\/bo-loc-UF.webp 750w, https:\/\/songxanhwater.com\/wp-content\/uploads\/2025\/07\/bo-loc-UF-600x320.webp 600w\" sizes=\"auto, (max-width: 750px) 100vw, 750px\" \/><\/p>\n<h3><span style=\"color: #006ead;\"><b>Th\u00f4ng S\u1ed1 K\u1ef9 Thu\u1eadt Chi Ti\u1ebft<\/b><\/span><\/h3>\n<table>\n<tbody>\n<tr>\n<td><b>H\u1ea1ng m\u1ee5c<\/b><\/td>\n<td><b>Th\u00f4ng s\u1ed1<\/b><\/td>\n<\/tr>\n<tr>\n<td><b>Model<\/b><\/td>\n<td><span style=\"font-weight: 400;\">MIZ-US03-UF<\/span><\/td>\n<\/tr>\n<tr>\n<td><b>C\u00f4ng su\u1ea5t l\u1ecdc t\u1ed1i \u0111a<\/b><\/td>\n<td><span style=\"font-weight: 400;\">5.000 l\u00edt\/gi\u1edd<\/span><\/td>\n<\/tr>\n<tr>\n<td><b>Ch\u1ee9c n\u0103ng ch\u00ednh<\/b><\/td>\n<td><span style=\"font-weight: 400;\">L\u1ecdc c\u1eb7n, ph\u00e8n, v\u00f4i, r\u1ec9 s\u00e9t. Kh\u1eed m\u00f9i clo, m\u00f9i h\u00f4i.<\/span><\/td>\n<\/tr>\n<tr>\n<td><b>C\u00f4ng ngh\u1ec7 l\u1ecdc<\/b><\/td>\n<td><span style=\"font-weight: 400;\">4 c\u1ea5p l\u1ecdc (PP, GAC, CTO, M\u00e0ng si\u00eau l\u1ecdc UF)<\/span><\/td>\n<\/tr>\n<tr>\n<td><b>Linh ki\u1ec7n<\/b><\/td>\n<td><span style=\"font-weight: 400;\">Nh\u1eadp kh\u1ea9u \u0110\u00e0i Loan (Nh\u1ef1a ABS nguy\u00ean sinh)<\/span><\/td>\n<\/tr>\n<tr>\n<td><b>\u0110i\u1ec7n n\u0103ng s\u1eed d\u1ee5ng<\/b><\/td>\n<td><span style=\"font-weight: 400;\">Kh\u00f4ng d\u00f9ng \u0111i\u1ec7n<\/span><\/td>\n<\/tr>\n<tr>\n<td><b>N\u01b0\u1edbc th\u1ea3i<\/b><\/td>\n<td><span style=\"font-weight: 400;\">Kh\u00f4ng c\u00f3 n\u01b0\u1edbc th\u1ea3i<\/span><\/td>\n<\/tr>\n<tr>\n<td><b>K\u00edch th\u01b0\u1edbc (D x R x C)<\/b><\/td>\n<td><span style=\"font-weight: 400;\">650 x 300 x 800 (mm)<\/span><\/td>\n<\/tr>\n<tr>\n<td><b>Tr\u1ecdng l\u01b0\u1ee3ng<\/b><\/td>\n<td><span style=\"font-weight: 400;\">~ 22 kg<\/span><\/td>\n<\/tr>\n<tr>\n<td><b>B\u1ea3o h\u00e0nh<\/b><\/td>\n<td><b>3 n\u0103m<\/b><\/td>\n<\/tr>\n<tr>\n<td><b>B\u1ea3o tr\u00ec<\/b><\/td>\n<td><span style=\"font-weight: 400;\">Tr\u1ecdn \u0111\u1eddi<\/span><\/td>\n<\/tr>\n<\/tbody>\n<\/table>\n<h3><span style=\"color: #006ead;\"><b>T\u01b0 V\u1ea5n L\u1eafp \u0110\u1eb7t Linh Ho\u1ea1t Theo M\u1ecdi \u0110i\u1ec1u Ki\u1ec7n<\/b><\/span><\/h3>\n<p><span style=\"font-weight: 400;\">\u0110\u1ed9i ng\u0169 k\u1ef9 thu\u1eadt c\u1ee7a Kim Long Ph\u00e1t s\u1ebd kh\u1ea3o s\u00e1t v\u00e0 t\u01b0 v\u1ea5n ph\u01b0\u01a1ng \u00e1n l\u1eafp \u0111\u1eb7t t\u1ed1i \u01b0u nh\u1ea5t, \u0111\u1ea3m b\u1ea3o hi\u1ec7u qu\u1ea3 v\u00e0 th\u1ea9m m\u1ef9 cho ng\u00f4i nh\u00e0 c\u1ee7a b\u1ea1n.<\/span><\/p>\n<ul>\n<li style=\"font-weight: 400;\" aria-level=\"1\"><b>Ph\u01b0\u01a1ng \u00e1n 1:<\/b><span style=\"font-weight: 400;\"> N\u01b0\u1edbc \u0111\u1ea7u v\u00e0o -&gt; L\u1ecdc t\u1ed5ng -&gt; N\u01b0\u1edbc s\u1eed d\u1ee5ng<\/span><\/li>\n<\/ul>\n<ul>\n<li style=\"font-weight: 400;\" aria-level=\"1\"><b>Ph\u01b0\u01a1ng \u00e1n 2:<\/b><span style=\"font-weight: 400;\"> N\u01b0\u1edbc \u0111\u1ea7u v\u00e0o -&gt; M\u00e1y b\u01a1m -&gt; L\u1ecdc t\u1ed5ng -&gt; B\u1ed3n n\u01b0\u1edbc -&gt; N\u01b0\u1edbc s\u1eed d\u1ee5ng<\/span><\/li>\n<\/ul>\n<ul>\n<li aria-level=\"1\"><b>Ph\u01b0\u01a1ng \u00e1n 3: <\/b><span style=\"font-weight: 400;\">N\u01b0\u1edbc \u0111\u1ea7u v\u00e0o -&gt; B\u1ed3n ch\u1ee9a -&gt; M\u00e1y b\u01a1m -&gt; L\u1ecdc t\u1ed5ng -&gt; N\u01b0\u1edbc s\u1eed d\u1ee5ng<\/span><\/li>\n<\/ul>\n<ul>\n<li aria-level=\"1\"><b>Ph\u01b0\u01a1ng \u00e1n 4: <\/b><span style=\"font-weight: 400;\">N\u01b0\u1edbc \u0111\u1ea7u v\u00e0o -&gt; L\u1ecdc t\u1ed5ng -&gt; B\u1ed3n ch\u1ee9a -&gt; N\u01b0\u1edbc s\u1eed d\u1ee5ng<\/span><\/li>\n<\/ul>\n<h3 data-wp-editing=\"1\"><img loading=\"lazy\" decoding=\"async\" class=\"aligncenter wp-image-2482 size-full\" src=\"https:\/\/dienmayklp.vn\/wp-content\/uploads\/2025\/07\/He-thong-loc-nuoc-dau-nguon-MIZ-US03-UF_5.jpg\" alt=\"H\u1ec7 th\u1ed1ng l\u1ecdc n\u01b0\u1edbc \u0111\u1ea7u ngu\u1ed3n MIZ-US03-UF_5\" width=\"1183\" height=\"2560\" srcset=\"https:\/\/songxanhwater.com\/wp-content\/uploads\/2025\/07\/He-thong-loc-nuoc-dau-nguon-MIZ-US03-UF_5.jpg 1183w, https:\/\/songxanhwater.com\/wp-content\/uploads\/2025\/07\/He-thong-loc-nuoc-dau-nguon-MIZ-US03-UF_5-185x400.jpg 185w, https:\/\/songxanhwater.com\/wp-content\/uploads\/2025\/07\/He-thong-loc-nuoc-dau-nguon-MIZ-US03-UF_5-370x800.jpg 370w, https:\/\/songxanhwater.com\/wp-content\/uploads\/2025\/07\/He-thong-loc-nuoc-dau-nguon-MIZ-US03-UF_5-768x1662.jpg 768w, https:\/\/songxanhwater.com\/wp-content\/uploads\/2025\/07\/He-thong-loc-nuoc-dau-nguon-MIZ-US03-UF_5-710x1536.jpg 710w, https:\/\/songxanhwater.com\/wp-content\/uploads\/2025\/07\/He-thong-loc-nuoc-dau-nguon-MIZ-US03-UF_5-946x2048.jpg 946w, https:\/\/songxanhwater.com\/wp-content\/uploads\/2025\/07\/He-thong-loc-nuoc-dau-nguon-MIZ-US03-UF_5-600x1298.jpg 600w\" sizes=\"auto, (max-width: 1183px) 100vw, 1183px\" \/> <img loading=\"lazy\" decoding=\"async\" class=\"aligncenter wp-image-2483 size-full\" src=\"https:\/\/dienmayklp.vn\/wp-content\/uploads\/2025\/07\/He-thong-loc-nuoc-dau-nguon-MIZ-US03-UF_4.jpg\" alt=\"H\u1ec7 th\u1ed1ng l\u1ecdc n\u01b0\u1edbc \u0111\u1ea7u ngu\u1ed3n MIZ-US03-UF_4\" width=\"1920\" height=\"2560\" srcset=\"https:\/\/songxanhwater.com\/wp-content\/uploads\/2025\/07\/He-thong-loc-nuoc-dau-nguon-MIZ-US03-UF_4.jpg 1920w, https:\/\/songxanhwater.com\/wp-content\/uploads\/2025\/07\/He-thong-loc-nuoc-dau-nguon-MIZ-US03-UF_4-300x400.jpg 300w, https:\/\/songxanhwater.com\/wp-content\/uploads\/2025\/07\/He-thong-loc-nuoc-dau-nguon-MIZ-US03-UF_4-600x800.jpg 600w, https:\/\/songxanhwater.com\/wp-content\/uploads\/2025\/07\/He-thong-loc-nuoc-dau-nguon-MIZ-US03-UF_4-768x1024.jpg 768w, https:\/\/songxanhwater.com\/wp-content\/uploads\/2025\/07\/He-thong-loc-nuoc-dau-nguon-MIZ-US03-UF_4-1152x1536.jpg 1152w, https:\/\/songxanhwater.com\/wp-content\/uploads\/2025\/07\/He-thong-loc-nuoc-dau-nguon-MIZ-US03-UF_4-1536x2048.jpg 1536w\" sizes=\"auto, (max-width: 1920px) 100vw, 1920px\" \/> <img loading=\"lazy\" decoding=\"async\" class=\"aligncenter wp-image-2484 size-full\" src=\"https:\/\/dienmayklp.vn\/wp-content\/uploads\/2025\/07\/He-thong-loc-nuoc-dau-nguon-MIZ-US03-UF_3.jpg\" alt=\"H\u1ec7 th\u1ed1ng l\u1ecdc n\u01b0\u1edbc \u0111\u1ea7u ngu\u1ed3n MIZ-US03-UF_3\" width=\"1920\" height=\"2560\" srcset=\"https:\/\/songxanhwater.com\/wp-content\/uploads\/2025\/07\/He-thong-loc-nuoc-dau-nguon-MIZ-US03-UF_3.jpg 1920w, https:\/\/songxanhwater.com\/wp-content\/uploads\/2025\/07\/He-thong-loc-nuoc-dau-nguon-MIZ-US03-UF_3-300x400.jpg 300w, https:\/\/songxanhwater.com\/wp-content\/uploads\/2025\/07\/He-thong-loc-nuoc-dau-nguon-MIZ-US03-UF_3-600x800.jpg 600w, https:\/\/songxanhwater.com\/wp-content\/uploads\/2025\/07\/He-thong-loc-nuoc-dau-nguon-MIZ-US03-UF_3-768x1024.jpg 768w, https:\/\/songxanhwater.com\/wp-content\/uploads\/2025\/07\/He-thong-loc-nuoc-dau-nguon-MIZ-US03-UF_3-1152x1536.jpg 1152w, https:\/\/songxanhwater.com\/wp-content\/uploads\/2025\/07\/He-thong-loc-nuoc-dau-nguon-MIZ-US03-UF_3-1536x2048.jpg 1536w\" sizes=\"auto, (max-width: 1920px) 100vw, 1920px\" \/> <img loading=\"lazy\" decoding=\"async\" class=\"aligncenter wp-image-2485 size-full\" src=\"https:\/\/dienmayklp.vn\/wp-content\/uploads\/2025\/07\/He-thong-loc-nuoc-dau-nguon-MIZ-US03-UF_2.jpg\" alt=\"H\u1ec7 th\u1ed1ng l\u1ecdc n\u01b0\u1edbc \u0111\u1ea7u ngu\u1ed3n MIZ-US03-UF_2\" width=\"1920\" height=\"2560\" srcset=\"https:\/\/songxanhwater.com\/wp-content\/uploads\/2025\/07\/He-thong-loc-nuoc-dau-nguon-MIZ-US03-UF_2.jpg 1920w, https:\/\/songxanhwater.com\/wp-content\/uploads\/2025\/07\/He-thong-loc-nuoc-dau-nguon-MIZ-US03-UF_2-300x400.jpg 300w, https:\/\/songxanhwater.com\/wp-content\/uploads\/2025\/07\/He-thong-loc-nuoc-dau-nguon-MIZ-US03-UF_2-600x800.jpg 600w, https:\/\/songxanhwater.com\/wp-content\/uploads\/2025\/07\/He-thong-loc-nuoc-dau-nguon-MIZ-US03-UF_2-768x1024.jpg 768w, https:\/\/songxanhwater.com\/wp-content\/uploads\/2025\/07\/He-thong-loc-nuoc-dau-nguon-MIZ-US03-UF_2-1152x1536.jpg 1152w, https:\/\/songxanhwater.com\/wp-content\/uploads\/2025\/07\/He-thong-loc-nuoc-dau-nguon-MIZ-US03-UF_2-1536x2048.jpg 1536w\" sizes=\"auto, (max-width: 1920px) 100vw, 1920px\" \/> <img loading=\"lazy\" decoding=\"async\" class=\"aligncenter wp-image-2486 size-full\" src=\"https:\/\/dienmayklp.vn\/wp-content\/uploads\/2025\/07\/He-thong-loc-nuoc-dau-nguon-MIZ-US03-UF_1.jpg\" alt=\"H\u1ec7 th\u1ed1ng l\u1ecdc n\u01b0\u1edbc \u0111\u1ea7u ngu\u1ed3n MIZ-US03-UF_1\" width=\"1920\" height=\"2560\" srcset=\"https:\/\/songxanhwater.com\/wp-content\/uploads\/2025\/07\/He-thong-loc-nuoc-dau-nguon-MIZ-US03-UF_1.jpg 1920w, https:\/\/songxanhwater.com\/wp-content\/uploads\/2025\/07\/He-thong-loc-nuoc-dau-nguon-MIZ-US03-UF_1-300x400.jpg 300w, https:\/\/songxanhwater.com\/wp-content\/uploads\/2025\/07\/He-thong-loc-nuoc-dau-nguon-MIZ-US03-UF_1-600x800.jpg 600w, https:\/\/songxanhwater.com\/wp-content\/uploads\/2025\/07\/He-thong-loc-nuoc-dau-nguon-MIZ-US03-UF_1-768x1024.jpg 768w, https:\/\/songxanhwater.com\/wp-content\/uploads\/2025\/07\/He-thong-loc-nuoc-dau-nguon-MIZ-US03-UF_1-1152x1536.jpg 1152w, https:\/\/songxanhwater.com\/wp-content\/uploads\/2025\/07\/He-thong-loc-nuoc-dau-nguon-MIZ-US03-UF_1-1536x2048.jpg 1536w\" sizes=\"auto, (max-width: 1920px) 100vw, 1920px\" \/><\/h3>\n<h3><span style=\"color: #006ead;\"><b>Li\u00ean H\u1ec7 Ngay \u0110\u1ec3 \u0110\u01b0\u1ee3c T\u01b0 V\u1ea5n Mi\u1ec5n Ph\u00ed!<\/b><\/span><\/h3>\n<p><span style=\"font-weight: 400;\">\u0110\u1eebng \u0111\u1ec3 ngu\u1ed3n n\u01b0\u1edbc k\u00e9m ch\u1ea5t l\u01b0\u1ee3ng \u1ea3nh h\u01b0\u1edfng \u0111\u1ebfn s\u1ee9c kh\u1ecfe gia \u0111\u00ecnh b\u1ea1n th\u00eam m\u1ed9t ng\u00e0y n\u00e0o n\u1eefa! H\u00e3y \u0111\u1ec3 <\/span><b>Kim Long Ph\u00e1t<\/b><span style=\"font-weight: 400;\"> mang \u0111\u1ebfn gi\u1ea3i ph\u00e1p n\u01b0\u1edbc s\u1ea1ch to\u00e0n di\u1ec7n cho ng\u00f4i nh\u00e0 c\u1ee7a b\u1ea1n.<\/span><\/p>\n<p><span style=\"font-weight: 400;\">\u0110\u1ed9i ng\u0169 k\u1ef9 thu\u1eadt vi\u00ean gi\u00e0u kinh nghi\u1ec7m c\u1ee7a ch\u00fang t\u00f4i s\u1eb5n s\u00e0ng:<\/span><\/p>\n<ul>\n<li style=\"font-weight: 400;\" aria-level=\"1\"><b>T\u01b0 v\u1ea5n v\u00e0 kh\u1ea3o s\u00e1t mi\u1ec5n ph\u00ed t\u1ea1i nh\u00e0.<\/b><\/li>\n<li style=\"font-weight: 400;\" aria-level=\"1\"><b>Ki\u1ec3m tra nhanh ch\u1ea5t l\u01b0\u1ee3ng ngu\u1ed3n n\u01b0\u1edbc.<\/b><\/li>\n<li style=\"font-weight: 400;\" aria-level=\"1\"><b>\u0110\u01b0a ra gi\u1ea3i ph\u00e1p ph\u00f9 h\u1ee3p v\u1edbi ng\u00e2n s\u00e1ch v\u00e0 nhu c\u1ea7u c\u1ee7a b\u1ea1n.<\/b><\/li>\n<\/ul>\n<p><b>G\u1eccI NGAY HOTLINE\/ZALO: 0888214839<\/b><\/p>\n<p><b>Kim Long Ph\u00e1t &#8211; T\u1eadn t\u00e2m v\u00ec s\u1ee9c kh\u1ecfe!<\/b><\/p>\n<p><b>M\u00f4 t\u1ea3 ng\u1eafn (Meta Description):<\/b><span style=\"font-weight: 400;\"> Gi\u1ea3i ph\u00e1p x\u1eed l\u00fd tri\u1ec7t \u0111\u1ec3 n\u01b0\u1edbc gi\u1ebfng khoan, n\u01b0\u1edbc m\u00e1y nhi\u1ec5m ph\u00e8n, v\u00f4i, c\u1eb7n b\u1ea9n. H\u1ec7 th\u1ed1ng l\u1ecdc MIZ-US03-UF v\u1edbi m\u00e0ng si\u00eau l\u1ecdc UF, kh\u00f4ng d\u00f9ng \u0111i\u1ec7n, kh\u00f4ng n\u01b0\u1edbc th\u1ea3i. B\u1ea3o h\u00e0nh 3 n\u0103m.<\/span><\/p>\n<p>&nbsp;<\/p>\n","protected":false},"excerpt":{"rendered":"<p>H\u1ec7 Th\u1ed1ng L\u1ecdc N\u01b0\u1edbc \u0110\u1ea7u Ngu\u1ed3n MIZ-US03-UF: L\u1ecdc Ph\u00e8n, V\u00f4i Hi\u1ec7u Qu\u1ea3 &#8211; Kh\u00f4ng D\u00f9ng \u0110i\u1ec7n, Kh\u00f4ng N\u01b0\u1edbc Th\u1ea3i L\u00e0 m\u1ed9t ng\u01b0\u1eddi lu\u00f4n quan t\u00e2m \u0111\u1ebfn s\u1ee9c kh\u1ecfe gia \u0111\u00ecnh, b\u1ea1n c\u00f3 \u0111ang ph\u1ea3i \u0111\u1ed1i m\u1eb7t v\u1edbi nh\u1eefng v\u1ea5n \u0111\u1ec1 n\u00e0y m\u1ed7i ng\u00e0y? N\u01b0\u1edbc gi\u1ebfng khoan c\u00f3 m\u00e0u v\u00e0ng \u1ed1, m\u00f9i tanh v\u00e0 n\u1ed5i v\u00e1ng [&#8230;]\n","protected":false},"featured_media":2477,"comment_status":"open","ping_status":"closed","template":"","meta":{"_acf_changed":false},"product_brand":[104],"product_cat":[79],"product_tag":[],"class_list":{"0":"post-2402","1":"product","2":"type-product","3":"status-publish","4":"has-post-thumbnail","6":"product_brand-miz","7":"product_cat-loc-dau-nguon","9":"first","10":"instock","11":"featured","12":"taxable","13":"shipping-taxable","14":"purchasable","15":"product-type-simple"},"acf":[],"_links":{"self":[{"href":"https:\/\/songxanhwater.com\/index.php?rest_route=\/wp\/v2\/product\/2402","targetHints":{"allow":["GET"]}}],"collection":[{"href":"https:\/\/songxanhwater.com\/index.php?rest_route=\/wp\/v2\/product"}],"about":[{"href":"https:\/\/songxanhwater.com\/index.php?rest_route=\/wp\/v2\/types\/product"}],"replies":[{"embeddable":true,"href":"https:\/\/songxanhwater.com\/index.php?rest_route=%2Fwp%2Fv2%2Fcomments&post=2402"}],"wp:featuredmedia":[{"embeddable":true,"href":"https:\/\/songxanhwater.com\/index.php?rest_route=\/wp\/v2\/media\/2477"}],"wp:attachment":[{"href":"https:\/\/songxanhwater.com\/index.php?rest_route=%2Fwp%2Fv2%2Fmedia&parent=2402"}],"wp:term":[{"taxonomy":"product_brand","embeddable":true,"href":"https:\/\/songxanhwater.com\/index.php?rest_route=%2Fwp%2Fv2%2Fproduct_brand&post=2402"},{"taxonomy":"product_cat","embeddable":true,"href":"https:\/\/songxanhwater.com\/index.php?rest_route=%2Fwp%2Fv2%2Fproduct_cat&post=2402"},{"taxonomy":"product_tag","embeddable":true,"href":"https:\/\/songxanhwater.com\/index.php?rest_route=%2Fwp%2Fv2%2Fproduct_tag&post=2402"}],"curies":[{"name":"wp","href":"https:\/\/api.w.org\/{rel}","templated":true}]}}