{"id":2401,"date":"2025-07-17T16:24:18","date_gmt":"2025-07-17T16:24:18","guid":{"rendered":"https:\/\/dienmayklp.vn\/?post_type=product&#038;p=2401"},"modified":"2025-07-17T16:59:24","modified_gmt":"2025-07-17T16:59:24","slug":"he-thong-loc-nuoc-dau-nguon-miz-us03","status":"publish","type":"product","link":"https:\/\/songxanhwater.com\/?product=he-thong-loc-nuoc-dau-nguon-miz-us03","title":{"rendered":"H\u1ec7 th\u1ed1ng l\u1ecdc n\u01b0\u1edbc \u0111\u1ea7u ngu\u1ed3n MIZ-US03"},"content":{"rendered":"<p><span style=\"font-weight: 400;\">B\u1ea1n \u0111ang lo l\u1eafng v\u1ec1 ch\u1ea5t l\u01b0\u1ee3ng n\u01b0\u1edbc sinh ho\u1ea1t trong gia \u0111\u00ecnh? H\u1ec7 th\u1ed1ng l\u1ecdc n\u01b0\u1edbc \u0111\u1ea7u ngu\u1ed3n MIZ\u2011US03 l\u00e0 gi\u1ea3i ph\u00e1p to\u00e0n di\u1ec7n gi\u00fap lo\u1ea1i b\u1ecf c\u1eb7n b\u1ea9n, Clo, r\u1ec9 s\u00e9t v\u00e0 m\u00f9i h\u00f4i kh\u00f3 ch\u1ecbu, gi\u00fap b\u1ea3o v\u1ec7 s\u1ee9c kh\u1ecfe cho m\u1ecdi th\u00e0nh vi\u00ean trong gia \u0111\u00ecnh t\u1eeb ngu\u1ed3n n\u01b0\u1edbc s\u1eed d\u1ee5ng h\u1eb1ng ng\u00e0y.<\/span><\/p>\n<p><img loading=\"lazy\" decoding=\"async\" class=\"aligncenter wp-image-2488 size-full\" src=\"https:\/\/dienmayklp.vn\/wp-content\/uploads\/2025\/07\/anh-nen-loc-tong-3-cot.webp\" alt=\"anh-nen-loc-tong-3-cot\" width=\"1000\" height=\"500\" srcset=\"https:\/\/songxanhwater.com\/wp-content\/uploads\/2025\/07\/anh-nen-loc-tong-3-cot.webp 1000w, https:\/\/songxanhwater.com\/wp-content\/uploads\/2025\/07\/anh-nen-loc-tong-3-cot-800x400.webp 800w, https:\/\/songxanhwater.com\/wp-content\/uploads\/2025\/07\/anh-nen-loc-tong-3-cot-768x384.webp 768w, https:\/\/songxanhwater.com\/wp-content\/uploads\/2025\/07\/anh-nen-loc-tong-3-cot-600x300.webp 600w\" sizes=\"auto, (max-width: 1000px) 100vw, 1000px\" \/><\/p>\n<h2><span style=\"font-weight: 400; color: #006ead;\">\u01afu \u0111i\u1ec3m n\u1ed5i tr\u1ed9i\u00a0<\/span><\/h2>\n<p><span style=\"font-weight: 400;\">H\u1ec7 th\u1ed1ng l\u1ecdc n\u01b0\u1edbc \u0111\u1ea7u ngu\u1ed3n MIZ\u2011US03 n\u1ed5i b\u1eadt v\u1edbi 3 c\u1ea5p l\u1ecdc \u01b0u vi\u1ec7t, gi\u00fap lo\u1ea1i b\u1ecf t\u1ed1i \u0111a c\u1eb7n b\u1ea9n, Clo, r\u1ec9 s\u00e9t v\u00e0 c\u00e1c t\u1ea1p ch\u1ea5t th\u01b0\u1eddng g\u1eb7p trong n\u01b0\u1edbc sinh ho\u1ea1t, mang \u0111\u1ebfn ngu\u1ed3n n\u01b0\u1edbc trong l\u00e0nh v\u00e0 an to\u00e0n cho c\u1ea3 gia \u0111\u00ecnh.\u00a0<\/span><\/p>\n<p><span style=\"font-weight: 400;\">Thi\u1ebft b\u1ecb kh\u00f4ng d\u00f9ng \u0111i\u1ec7n, kh\u00f4ng ph\u00e1t sinh n\u01b0\u1edbc th\u1ea3i, ti\u1ebft ki\u1ec7m chi ph\u00ed v\u1eadn h\u00e0nh v\u00e0 th\u00e2n thi\u1ec7n v\u1edbi m\u00f4i tr\u01b0\u1eddng.<\/span><\/p>\n<p><span style=\"font-weight: 400;\">Ly l\u1ecdc \u0111\u01b0\u1ee3c l\u00e0m t\u1eeb nh\u1ef1a ABS nguy\u00ean sinh, c\u00f3 \u0111\u1ed9 b\u1ec1n cao v\u00e0 ch\u1ecbu l\u1ef1c t\u1ed1t.<\/span><\/p>\n<p><span style=\"font-weight: 400;\">B\u00ean c\u1ea1nh \u0111\u00f3,\u00a0 ng\u01b0\u1eddi d\u00f9ng c\u00f3 th\u1ec3 d\u1ec5 d\u00e0ng l\u1eafp \u0111\u1eb7t, b\u1ea3o tr\u00ec v\u00e0 thay l\u00f5i l\u1ecdc t\u1ea1i nh\u00e0 m\u00e0 kh\u00f4ng c\u1ea7n k\u1ef9 thu\u1eadt vi\u00ean, v\u00f4 c\u00f9ng ti\u1ec7n l\u1ee3i.\u00a0<\/span><\/p>\n<p><span style=\"font-weight: 400;\">Ngo\u00e0i ra, s\u1ea3n ph\u1ea9m c\u00f2n \u0111\u01b0\u1ee3c trang b\u1ecb \u0111\u1ed3ng h\u1ed3 \u00e1p l\u1ef1c gi\u00fap theo d\u00f5i t\u00ecnh tr\u1ea1ng ho\u1ea1t \u0111\u1ed9ng c\u1ee7a h\u1ec7 th\u1ed1ng, t\u1eeb \u0111\u00f3 ch\u1ee7 \u0111\u1ed9ng thay l\u00f5i \u0111\u00fang th\u1eddi \u0111i\u1ec3m.\u00a0<\/span><\/p>\n<p><span style=\"font-weight: 400;\">V\u1edbi c\u00f4ng su\u1ea5t l\u1ecdc m\u1ea1nh m\u1ebd l\u00ean \u0111\u1ebfn 5000 l\u00edt\/gi\u1edd, b\u1ed9 l\u1ecdc \u0111\u00e1p \u1ee9ng t\u1ed1t nhu c\u1ea7u s\u1eed d\u1ee5ng cho c\u1ea3 gia \u0111\u00ecnh.<\/span><\/p>\n<p><span style=\"font-weight: 400;\">\u0110\u1eb7c bi\u1ec7t, ch\u1ebf \u0111\u1ed9 b\u1ea3o h\u00e0nh 3 n\u0103m v\u00e0 b\u1ea3o tr\u00ec tr\u1ecdn \u0111\u1eddi l\u00e0 cam k\u1ebft v\u1eefng ch\u1eafc t\u1eeb Mizuchan v\u1ec1 ch\u1ea5t l\u01b0\u1ee3ng v\u00e0 \u0111\u1ed9 b\u1ec1n c\u1ee7a s\u1ea3n ph\u1ea9m. \u0110\u00e2y ch\u1eafc ch\u1eafn l\u00e0 m\u1ed9t l\u1ef1a ch\u1ecdn th\u00f4ng minh v\u00e0 l\u00e2u d\u00e0i cho m\u1ecdi gia \u0111\u00ecnh Vi\u1ec7t.<\/span><\/p>\n<h2><span style=\"font-weight: 400; color: #006ead;\">C\u1ea5u t\u1ea1o s\u1ea3n ph\u1ea9m<\/span><\/h2>\n<p><span style=\"font-weight: 400;\">H\u1ec7 th\u1ed1ng l\u1ecdc n\u01b0\u1edbc \u0111\u1ea7u ngu\u1ed3n MIZ-US03 g\u1ed3m 3 l\u00f5i l\u1ecdc ch\u00ednh.<\/span><\/p>\n<h3><span style=\"font-weight: 400;\">L\u00f5i l\u1ecdc s\u1ed1 1: L\u00f5i PP Big Blue 20 inch<\/span><\/h3>\n<p><span style=\"font-weight: 400;\">L\u00f5i l\u1ecdc PP c\u00f3 kh\u1ea3 n\u0103ng lo\u1ea1i b\u1ecf hi\u1ec7u qu\u1ea3 c\u00e1c t\u1ea1p ch\u1ea5t l\u01a1 l\u1eedng c\u00f3 k\u00edch th\u01b0\u1edbc l\u1edbn h\u01a1n 5 micron nh\u01b0 b\u00f9n \u0111\u1ea5t, c\u00e1t s\u1ecfi, rong r\u00eau\u2026 trong ngu\u1ed3n n\u01b0\u1edbc.\u00a0<\/span><\/p>\n<p><span style=\"font-weight: 400;\">D\u00f2ng l\u00f5i l\u1ecdc PP Big Blue 20 inch th\u01b0\u1eddng c\u00f3 th\u1eddi gian s\u1eed d\u1ee5ng t\u1eeb 6 \u0111\u1ebfn 8 th\u00e1ng.<\/span><\/p>\n<p><img loading=\"lazy\" decoding=\"async\" class=\"size-medium wp-image-2465 aligncenter\" src=\"https:\/\/dienmayklp.vn\/wp-content\/uploads\/2025\/07\/Loi-Bigblue-CTO-400x400.webp\" alt=\"Loi-Bigblue-CTO\" width=\"400\" height=\"400\" srcset=\"https:\/\/songxanhwater.com\/wp-content\/uploads\/2025\/07\/Loi-Bigblue-CTO-400x400.webp 400w, https:\/\/songxanhwater.com\/wp-content\/uploads\/2025\/07\/Loi-Bigblue-CTO-280x280.webp 280w, https:\/\/songxanhwater.com\/wp-content\/uploads\/2025\/07\/Loi-Bigblue-CTO-300x300.webp 300w, https:\/\/songxanhwater.com\/wp-content\/uploads\/2025\/07\/Loi-Bigblue-CTO-100x100.webp 100w, https:\/\/songxanhwater.com\/wp-content\/uploads\/2025\/07\/Loi-Bigblue-CTO.webp 600w\" sizes=\"auto, (max-width: 400px) 100vw, 400px\" \/><\/p>\n<h3><span style=\"font-weight: 400;\">L\u00f5i l\u1ecdc s\u1ed1 2: <\/span><span style=\"font-weight: 400;\">L\u00f5i l\u1ecdc UDF\/GAC Big Blue 20 inch<\/span><\/h3>\n<p><span style=\"font-weight: 400;\">L\u00f5i l\u1ecdc UDF\/GAC s\u1eed d\u1ee5ng than ho\u1ea1t t\u00ednh d\u1ea1ng h\u1ea1t cao c\u1ea5p v\u1edbi c\u1ea5u tr\u00fac x\u1ed1p \u0111\u1eb7c bi\u1ec7t, gi\u00fap h\u1ea5p th\u1ee5 m\u1ea1nh m\u1ebd Clo, c\u00e1c d\u01b0 l\u01b0\u1ee3ng kh\u00ed h\u00f3a l\u1ecfng, h\u1ee3p ch\u1ea5t h\u1eefu c\u01a1 v\u00e0 th\u00e0nh ph\u1ea7n \u0111\u1ed9c t\u1ed1 kh\u00e1c trong n\u01b0\u1edbc.<\/span><\/p>\n<p><span style=\"font-weight: 400;\">Nh\u1edd \u0111\u00f3, l\u00f5i gi\u00fap kh\u1eed m\u00f9i, c\u1ea3i thi\u1ec7n m\u00e0u s\u1eafc v\u00e0 t\u0103ng \u0111\u1ed9 trong cho ngu\u1ed3n n\u01b0\u1edbc \u0111\u1ea7u ra. Tu\u1ed5i th\u1ecd trung b\u00ecnh c\u1ee7a l\u00f5i t\u1eeb 8 \u0111\u1ebfn 12 th\u00e1ng.<\/span><\/p>\n<p><img loading=\"lazy\" decoding=\"async\" class=\"aligncenter wp-image-2466 size-medium\" src=\"https:\/\/dienmayklp.vn\/wp-content\/uploads\/2025\/07\/Loi-Bigblue-GAC-400x400.webp\" alt=\"Loi-Bigblue-GAC\" width=\"400\" height=\"400\" srcset=\"https:\/\/songxanhwater.com\/wp-content\/uploads\/2025\/07\/Loi-Bigblue-GAC-400x400.webp 400w, https:\/\/songxanhwater.com\/wp-content\/uploads\/2025\/07\/Loi-Bigblue-GAC-280x280.webp 280w, https:\/\/songxanhwater.com\/wp-content\/uploads\/2025\/07\/Loi-Bigblue-GAC-300x300.webp 300w, https:\/\/songxanhwater.com\/wp-content\/uploads\/2025\/07\/Loi-Bigblue-GAC-100x100.webp 100w, https:\/\/songxanhwater.com\/wp-content\/uploads\/2025\/07\/Loi-Bigblue-GAC.webp 600w\" sizes=\"auto, (max-width: 400px) 100vw, 400px\" \/><\/p>\n<h3><span style=\"font-weight: 400;\">L\u00f5i l\u1ecdc s\u1ed1 3: <\/span><span style=\"font-weight: 400;\">L\u00f5i CTO Big Blue 20 inch<\/span><\/h3>\n<p><span style=\"font-weight: 400;\">L\u00f5i l\u1ecdc CTO \u0111\u01b0\u1ee3c c\u1ea5u t\u1ea1o t\u1eeb than ho\u1ea1t t\u00ednh d\u1ea1ng n\u00e9n (s\u1ea3n xu\u1ea5t b\u1eb1ng c\u00e1ch xay nh\u1ecf sau \u0111\u00f3 \u00e9p b\u1eb1ng m\u00e1y th\u1ee7y l\u1ef1c th\u00e0nh d\u1ea1ng h\u00ecnh tr\u1ee5 v\u00e0 b\u1ecdc m\u00e0ng l\u01b0\u1edbi b\u00ean ngo\u00e0i).\u00a0<\/span><\/p>\n<p><span style=\"font-weight: 400;\">Nh\u1edd c\u1ea5u tr\u00fac \u0111\u1eb7c bi\u1ec7t v\u1edbi khe l\u1ecdc si\u00eau nh\u1ecf ch\u1ec9 5 micron, l\u00f5i gi\u00fap h\u1ea5p ph\u1ee5 \u0111\u1ed9c t\u1ed1, m\u00e0u, m\u00f9i, ch\u1ea5t h\u1eefu c\u01a1\u2026 \u0111\u1ed3ng th\u1eddi l\u1ecdc s\u1ea1ch c\u00e1c t\u1ea1p ch\u1ea5t c\u1eb7n b\u1ea9n, c\u00e1t, c\u00e1c v\u1eadt tr\u00f4i n\u1ed5i v\u00e0 l\u01a1 l\u1eedng trong n\u01b0\u1edbc. Th\u1eddi gian s\u1eed d\u1ee5ng trung b\u00ecnh c\u1ee7a l\u00f5i t\u1eeb 8 \u0111\u1ebfn 12 th\u00e1ng, t\u00f9y theo ch\u1ea5t l\u01b0\u1ee3ng ngu\u1ed3n n\u01b0\u1edbc v\u00e0 l\u01b0u l\u01b0\u1ee3ng s\u1eed d\u1ee5ng.<\/span><\/p>\n<p><img loading=\"lazy\" decoding=\"async\" class=\"size-medium wp-image-2465 aligncenter\" src=\"https:\/\/dienmayklp.vn\/wp-content\/uploads\/2025\/07\/Loi-Bigblue-CTO-400x400.webp\" alt=\"Loi-Bigblue-CTO\" width=\"400\" height=\"400\" srcset=\"https:\/\/songxanhwater.com\/wp-content\/uploads\/2025\/07\/Loi-Bigblue-CTO-400x400.webp 400w, https:\/\/songxanhwater.com\/wp-content\/uploads\/2025\/07\/Loi-Bigblue-CTO-280x280.webp 280w, https:\/\/songxanhwater.com\/wp-content\/uploads\/2025\/07\/Loi-Bigblue-CTO-300x300.webp 300w, https:\/\/songxanhwater.com\/wp-content\/uploads\/2025\/07\/Loi-Bigblue-CTO-100x100.webp 100w, https:\/\/songxanhwater.com\/wp-content\/uploads\/2025\/07\/Loi-Bigblue-CTO.webp 600w\" sizes=\"auto, (max-width: 400px) 100vw, 400px\" \/><\/p>\n<h2><span style=\"font-weight: 400; color: #006ead;\">Th\u00f4ng s\u1ed1 k\u1ef9 thu\u1eadt<\/span><\/h2>\n<ul>\n<li style=\"font-weight: 400;\" aria-level=\"1\"><span style=\"font-weight: 400;\">BigBlue Mizuchan \u2013 Linh Ki\u1ec7n Nh\u1eadp kh\u1ea9u (m\u00e0u xanh)<\/span><\/li>\n<li style=\"font-weight: 400;\" aria-level=\"1\"><span style=\"font-weight: 400;\">Nh\u1eadp kh\u1ea9u t\u1eeb \u0110\u00e0i Loan, Nh\u1ef1a ABS sinh h\u1ecdc<\/span><\/li>\n<li style=\"font-weight: 400;\" aria-level=\"1\"><span style=\"font-weight: 400;\">Nh\u1ecf g\u1ecdn, ti\u1ec7n l\u1ee3i, l\u1eafp \u0111\u1eb7t \u0111\u01a1n gi\u1ea3n, nhanh ch\u00f3ng.<\/span><\/li>\n<li style=\"font-weight: 400;\" aria-level=\"1\"><span style=\"font-weight: 400;\">\u0110\u1ed3ng h\u1ed3 \u0111o \u00e1p l\u1ef1c n\u01b0\u1edbc c\u1ea5p v\u00e0 quan s\u00e1t t\u00ecnh tr\u1ea1ng \u00e1p l\u1ef1c qua l\u00f5i l\u1ecdc<\/span><\/li>\n<li style=\"font-weight: 400;\" aria-level=\"1\"><span style=\"font-weight: 400;\">N\u01b0\u1edbc \u0111\u1ea7u v\u00e0o: N\u01b0\u1edbc m\u00e1y<\/span><\/li>\n<li style=\"font-weight: 400;\" aria-level=\"1\"><span style=\"font-weight: 400;\">L\u1ecdc s\u1ea1ch ch\u1ea5t b\u1ea9n, c\u1eb7n, g\u1ec9 s\u00e9t, b\u00f9n, c\u00e1t, ph\u00e8n + L\u1ecdc s\u1ea1ch m\u00f9i Clo, m\u00f9i tanh, h\u00f4i\u2026<\/span><\/li>\n<li style=\"font-weight: 400;\" aria-level=\"1\"><span style=\"font-weight: 400;\">B\u1ed9 l\u1ecdc t\u1ef1 \u0111\u1ed9ng max 5000 l\u00edt\/gi\u1edd \u2013 c\u00f4ng su\u1ea5t l\u1edbn<\/span><\/li>\n<li style=\"font-weight: 400;\" aria-level=\"1\"><span style=\"font-weight: 400;\">B\u1ea3o h\u00e0nh: 3 n\u0103m, b\u1ea3o tr\u00ec su\u1ed1t \u0111\u1eddi<\/span><\/li>\n<li style=\"font-weight: 400;\" aria-level=\"1\"><span style=\"font-weight: 400;\">K\u00edch th\u01b0\u1edbc: 550 x 300 x 750 (mm)<\/span><\/li>\n<li style=\"font-weight: 400;\" aria-level=\"1\"><span style=\"font-weight: 400;\">Tro\u0323ng l\u01b0\u01a1\u0323ng: 20kg<\/span><\/li>\n<\/ul>\n<h2><span style=\"font-weight: 400; color: #006ead;\">H\u00ecnh \u1ea3nh l\u1eafp \u0111\u1eb7t th\u1ef1c t\u1ebf\u00a0<\/span><\/h2>\n<p><img loading=\"lazy\" decoding=\"async\" class=\"aligncenter wp-image-2489 size-full\" src=\"https:\/\/dienmayklp.vn\/wp-content\/uploads\/2025\/07\/loc-tong-bigblue-20-inch-3.webp\" alt=\"\" width=\"1000\" height=\"1000\" srcset=\"https:\/\/songxanhwater.com\/wp-content\/uploads\/2025\/07\/loc-tong-bigblue-20-inch-3.webp 1000w, https:\/\/songxanhwater.com\/wp-content\/uploads\/2025\/07\/loc-tong-bigblue-20-inch-3-400x400.webp 400w, https:\/\/songxanhwater.com\/wp-content\/uploads\/2025\/07\/loc-tong-bigblue-20-inch-3-800x800.webp 800w, https:\/\/songxanhwater.com\/wp-content\/uploads\/2025\/07\/loc-tong-bigblue-20-inch-3-280x280.webp 280w, https:\/\/songxanhwater.com\/wp-content\/uploads\/2025\/07\/loc-tong-bigblue-20-inch-3-768x768.webp 768w, https:\/\/songxanhwater.com\/wp-content\/uploads\/2025\/07\/loc-tong-bigblue-20-inch-3-300x300.webp 300w, https:\/\/songxanhwater.com\/wp-content\/uploads\/2025\/07\/loc-tong-bigblue-20-inch-3-600x600.webp 600w, https:\/\/songxanhwater.com\/wp-content\/uploads\/2025\/07\/loc-tong-bigblue-20-inch-3-100x100.webp 100w\" sizes=\"auto, (max-width: 1000px) 100vw, 1000px\" \/> <img loading=\"lazy\" decoding=\"async\" class=\"aligncenter wp-image-2490 size-full\" src=\"https:\/\/dienmayklp.vn\/wp-content\/uploads\/2025\/07\/loc-tong-bigblue-20-inch-2-768x768-1.webp\" alt=\"\" width=\"768\" height=\"768\" srcset=\"https:\/\/songxanhwater.com\/wp-content\/uploads\/2025\/07\/loc-tong-bigblue-20-inch-2-768x768-1.webp 768w, https:\/\/songxanhwater.com\/wp-content\/uploads\/2025\/07\/loc-tong-bigblue-20-inch-2-768x768-1-400x400.webp 400w, https:\/\/songxanhwater.com\/wp-content\/uploads\/2025\/07\/loc-tong-bigblue-20-inch-2-768x768-1-280x280.webp 280w, https:\/\/songxanhwater.com\/wp-content\/uploads\/2025\/07\/loc-tong-bigblue-20-inch-2-768x768-1-300x300.webp 300w, https:\/\/songxanhwater.com\/wp-content\/uploads\/2025\/07\/loc-tong-bigblue-20-inch-2-768x768-1-600x600.webp 600w, https:\/\/songxanhwater.com\/wp-content\/uploads\/2025\/07\/loc-tong-bigblue-20-inch-2-768x768-1-100x100.webp 100w\" sizes=\"auto, (max-width: 768px) 100vw, 768px\" \/> <img loading=\"lazy\" decoding=\"async\" class=\"aligncenter wp-image-2491 size-full\" src=\"https:\/\/dienmayklp.vn\/wp-content\/uploads\/2025\/07\/loc-tong-bigblue-20-inch-5-768x768-1.webp\" alt=\"\" width=\"768\" height=\"768\" srcset=\"https:\/\/songxanhwater.com\/wp-content\/uploads\/2025\/07\/loc-tong-bigblue-20-inch-5-768x768-1.webp 768w, https:\/\/songxanhwater.com\/wp-content\/uploads\/2025\/07\/loc-tong-bigblue-20-inch-5-768x768-1-400x400.webp 400w, https:\/\/songxanhwater.com\/wp-content\/uploads\/2025\/07\/loc-tong-bigblue-20-inch-5-768x768-1-280x280.webp 280w, https:\/\/songxanhwater.com\/wp-content\/uploads\/2025\/07\/loc-tong-bigblue-20-inch-5-768x768-1-300x300.webp 300w, https:\/\/songxanhwater.com\/wp-content\/uploads\/2025\/07\/loc-tong-bigblue-20-inch-5-768x768-1-600x600.webp 600w, https:\/\/songxanhwater.com\/wp-content\/uploads\/2025\/07\/loc-tong-bigblue-20-inch-5-768x768-1-100x100.webp 100w\" sizes=\"auto, (max-width: 768px) 100vw, 768px\" \/> <img loading=\"lazy\" decoding=\"async\" class=\"aligncenter wp-image-2492 size-full\" src=\"https:\/\/dienmayklp.vn\/wp-content\/uploads\/2025\/07\/loc-tong-bigblue-20-inch-4-768x768-1.webp\" alt=\"\" width=\"768\" height=\"768\" srcset=\"https:\/\/songxanhwater.com\/wp-content\/uploads\/2025\/07\/loc-tong-bigblue-20-inch-4-768x768-1.webp 768w, https:\/\/songxanhwater.com\/wp-content\/uploads\/2025\/07\/loc-tong-bigblue-20-inch-4-768x768-1-400x400.webp 400w, https:\/\/songxanhwater.com\/wp-content\/uploads\/2025\/07\/loc-tong-bigblue-20-inch-4-768x768-1-280x280.webp 280w, https:\/\/songxanhwater.com\/wp-content\/uploads\/2025\/07\/loc-tong-bigblue-20-inch-4-768x768-1-300x300.webp 300w, https:\/\/songxanhwater.com\/wp-content\/uploads\/2025\/07\/loc-tong-bigblue-20-inch-4-768x768-1-600x600.webp 600w, https:\/\/songxanhwater.com\/wp-content\/uploads\/2025\/07\/loc-tong-bigblue-20-inch-4-768x768-1-100x100.webp 100w\" sizes=\"auto, (max-width: 768px) 100vw, 768px\" \/><\/p>\n<h2><span style=\"font-weight: 400; color: #006ead;\">K\u1ebft b\u00e0i<\/span><\/h2>\n<p><span style=\"font-weight: 400;\">V\u1edbi thi\u1ebft k\u1ebf th\u00f4ng minh, c\u00f4ng ngh\u1ec7 l\u1ecdc hi\u1ec7n \u0111\u1ea1i v\u00e0 kh\u1ea3 n\u0103ng v\u1eadn h\u00e0nh b\u1ec1n b\u1ec9, MIZ-US03 kh\u00f4ng ch\u1ec9 l\u00e0 m\u1ed9t thi\u1ebft b\u1ecb l\u1ecdc n\u01b0\u1edbc th\u00f4ng th\u01b0\u1eddng. \u0110\u00e2y ch\u00ednh l\u00e0 gi\u1ea3i ph\u00e1p b\u1ea3o v\u1ec7 s\u1ee9c kh\u1ecfe to\u00e0n di\u1ec7n cho c\u1ea3 gia \u0111\u00ecnh b\u1ea1n t\u1eeb ngu\u1ed3n n\u01b0\u1edbc sinh ho\u1ea1t h\u00e0ng ng\u00e0y. M\u1ecdi chi ti\u1ebft, t\u1eeb c\u1ea5u t\u1ea1o l\u00f5i l\u1ecdc \u0111\u1ebfn hi\u1ec7u su\u1ea5t v\u1eadn h\u00e0nh v\u00e0 ch\u1ebf \u0111\u1ed9 b\u1ea3o h\u00e0nh v\u01b0\u1ee3t tr\u1ed9i, \u0111\u1ec1u \u0111\u01b0\u1ee3c t\u1ed1i \u01b0u \u0111\u1ec3 mang l\u1ea1i s\u1ef1 an t\u00e2m v\u00e0 ti\u1ec7n l\u1ee3i t\u1ed1i \u0111a cho ng\u01b0\u1eddi d\u00f9ng.<\/span><\/p>\n<p><span style=\"font-weight: 400;\">\u0110\u1eebng \u0111\u1ec3 ngu\u1ed3n n\u01b0\u1edbc k\u00e9m ch\u1ea5t l\u01b0\u1ee3ng \u1ea3nh h\u01b0\u1edfng \u0111\u1ebfn s\u1ee9c kh\u1ecfe gia \u0111\u00ecnh b\u1ea1n!<\/span><\/p>\n<p><span style=\"font-weight: 400;\">H\u00e3y \u0111\u1ec3 Kim Long Ph\u00e1t mang \u0111\u1ebfn gi\u1ea3i ph\u00e1p n\u01b0\u1edbc s\u1ea1ch to\u00e0n di\u1ec7n cho ng\u00f4i nh\u00e0 c\u1ee7a b\u1ea1n.<\/span><\/p>\n<p><span style=\"font-weight: 400;\">\u0110\u1ed9i ng\u0169 k\u1ef9 thu\u1eadt vi\u00ean gi\u00e0u kinh nghi\u1ec7m c\u1ee7a ch\u00fang t\u00f4i s\u1eb5n s\u00e0ng:<\/span><\/p>\n<ul>\n<li style=\"font-weight: 400;\" aria-level=\"1\"><span style=\"font-weight: 400;\">T\u01b0 v\u1ea5n v\u00e0 kh\u1ea3o s\u00e1t mi\u1ec5n ph\u00ed t\u1ea1i nh\u00e0.<\/span><\/li>\n<li style=\"font-weight: 400;\" aria-level=\"1\"><span style=\"font-weight: 400;\">Ki\u1ec3m tra nhanh ch\u1ea5t l\u01b0\u1ee3ng ngu\u1ed3n n\u01b0\u1edbc.<\/span><\/li>\n<li style=\"font-weight: 400;\" aria-level=\"1\"><span style=\"font-weight: 400;\">\u0110\u01b0a ra gi\u1ea3i ph\u00e1p ph\u00f9 h\u1ee3p v\u1edbi ng\u00e2n s\u00e1ch v\u00e0 nhu c\u1ea7u c\u1ee7a b\u1ea1n.<\/span><\/li>\n<\/ul>\n<p><b>G\u1eccI NGAY HOTLINE\/ZALO:<\/b><span style=\"font-weight: 400;\"> 0888214839\u00a0<\/span><\/p>\n<p><b>Kim Long Ph\u00e1t &#8211; T\u1eadn t\u00e2m v\u00ec s\u1ee9c kh\u1ecfe<\/b><\/p>\n<p>&nbsp;<\/p>\n","protected":false},"excerpt":{"rendered":"<p><em><strong>H\u1ec7 th\u1ed1ng l\u1ecdc n\u01b0\u1edbc \u0111\u1ea7u ngu\u1ed3n MIZ-US03<\/strong><\/em><\/p>\n<ol>\n<li>L\u1eafp t\u1ea1i \u0111\u1ea7u ngu\u1ed3n c\u1ea5p n\u01b0\u1edbc.<\/li>\n<li class=\"serp-title\">Lo\u1ea1i b\u1ecf b\u1ee5i b\u1ea9n, t\u1ea1p ch\u1ea5t, g\u1ec9 s\u00e9t, c\u1eb7n b\u00e1m t\u00edch t\u1ee5 trong \u0111\u01b0\u1eddng \u1ed1ng.<\/li>\n<li class=\"serp-title\">Gi\u1ea3m b\u1ecf Clo, m\u00f9i, v\u1ecb l\u1ea1 trong n\u01b0\u1edbc.<\/li>\n<li class=\"serp-title\">B\u1ea3o v\u1ec7 s\u1ee9c kh\u1ecfe l\u00e0n da, t\u00f3c, r\u0103ng mi\u1ec7ng, sinh ho\u1ea1t kh\u1ecfi h\u00f3a ch\u1ea5t, c\u1eb7n b\u1ea9n v\u00e0 vi sinh.<\/li>\n<li class=\"serp-title\">B\u1ea3o h\u00e0nh 3 n\u0103m. B\u1ea3o d\u01b0\u1ee1ng tr\u1ecdn \u0111\u1eddi.<\/li>\n<\/ol>\n","protected":false},"featured_media":2494,"comment_status":"open","ping_status":"closed","template":"","meta":{"_acf_changed":false},"product_brand":[104],"product_cat":[15],"product_tag":[],"class_list":{"0":"post-2401","1":"product","2":"type-product","3":"status-publish","4":"has-post-thumbnail","6":"product_brand-miz","7":"product_cat-uncategorized","9":"first","10":"instock","11":"taxable","12":"shipping-taxable","13":"purchasable","14":"product-type-simple"},"acf":[],"_links":{"self":[{"href":"https:\/\/songxanhwater.com\/index.php?rest_route=\/wp\/v2\/product\/2401","targetHints":{"allow":["GET"]}}],"collection":[{"href":"https:\/\/songxanhwater.com\/index.php?rest_route=\/wp\/v2\/product"}],"about":[{"href":"https:\/\/songxanhwater.com\/index.php?rest_route=\/wp\/v2\/types\/product"}],"replies":[{"embeddable":true,"href":"https:\/\/songxanhwater.com\/index.php?rest_route=%2Fwp%2Fv2%2Fcomments&post=2401"}],"wp:featuredmedia":[{"embeddable":true,"href":"https:\/\/songxanhwater.com\/index.php?rest_route=\/wp\/v2\/media\/2494"}],"wp:attachment":[{"href":"https:\/\/songxanhwater.com\/index.php?rest_route=%2Fwp%2Fv2%2Fmedia&parent=2401"}],"wp:term":[{"taxonomy":"product_brand","embeddable":true,"href":"https:\/\/songxanhwater.com\/index.php?rest_route=%2Fwp%2Fv2%2Fproduct_brand&post=2401"},{"taxonomy":"product_cat","embeddable":true,"href":"https:\/\/songxanhwater.com\/index.php?rest_route=%2Fwp%2Fv2%2Fproduct_cat&post=2401"},{"taxonomy":"product_tag","embeddable":true,"href":"https:\/\/songxanhwater.com\/index.php?rest_route=%2Fwp%2Fv2%2Fproduct_tag&post=2401"}],"curies":[{"name":"wp","href":"https:\/\/api.w.org\/{rel}","templated":true}]}}