{"id":1276,"date":"2025-03-29T08:48:36","date_gmt":"2025-03-29T08:48:36","guid":{"rendered":"https:\/\/dienmayklp.vn\/?post_type=product&#038;p=1276"},"modified":"2025-05-24T06:38:32","modified_gmt":"2025-05-24T06:38:32","slug":"may-lam-mat-cao-cap-daikiosan-dka-05000e","status":"publish","type":"product","link":"https:\/\/songxanhwater.com\/?product=may-lam-mat-cao-cap-daikiosan-dka-05000e","title":{"rendered":"M\u00e1y L\u00e0m M\u00e1t Cao C\u1ea5p Daikiosan DKA-05000E"},"content":{"rendered":"<section class=\"section sec_tab \">\n<div class=\"container card py-2\">\n<div class=\"rte product_getcontent py-3 pos-relative\">\n<div id=\"content\">\n<div id=\"ega-uti-editable-content\" data-platform=\"sapo\" data-id=\"19610805\">\n<h2><span style=\"color: #3366ff;\"><strong>M\u00e1y l\u00e0m m\u00e1t cao c\u1ea5p Daikiosan DKA-05000E\u00a0ph\u00e2n ph\u1ed1i ch\u00ednh h\u00e3ng t\u1ea1i\u00a0<\/strong><a style=\"color: #3366ff;\" href=\"https:\/\/dienmayklp.vn\/\" rel=\"nofollow noopener\" target=\"_blank\"><strong>\u0110i\u1ec7n M\u00e1y Kim Long Ph\u00e1t<\/strong><\/a><\/span><\/h2>\n<p>&#8211; H\u00e3ng s\u1ea3n xu\u1ea5t:\u00a0<span style=\"color: #3366ff;\"><a style=\"color: #3366ff;\" href=\"https:\/\/dienmayklp.vn\/may-lam-mat-daikio\" rel=\"nofollow noopener\" target=\"_blank\">Daikiosan<\/a><\/span><\/p>\n<p>&#8211; Model: DKA-05000E<br \/>\n&#8211; \u0110i\u1ec7n \u00e1p: 220V &#8211; 50Hz<br \/>\n&#8211; C\u00f4ng su\u1ea5t: 175W<br \/>\n&#8211; L\u01b0u l\u01b0\u1ee3ng gi\u00f3: 5000m3\/h<br \/>\n&#8211; Di\u1ec7n t\u00edch l\u00e0m m\u00e1t: 35 &#8211; 45m2<br \/>\n&#8211; H\u01b0\u1edbng gi\u00f3 th\u1ed5i: 4 chi\u1ec1u<\/p>\n<p>+ T\u1ef1 \u0111\u1ed9ng: tr\u00e1i &#8211; ph\u1ea3i<\/p>\n<p>+ \u0110i\u1ec1u ch\u1ec9nh: l\u00ean &#8211; xu\u1ed1ng<br \/>\n&#8211; T\u1ed1c \u0111\u1ed9: 3 t\u1ed1c \u0111\u1ed9: Th\u1ea5p &#8211; Trung B\u00ecnh &#8211; Cao<br \/>\n&#8211; \u0110i\u1ec1u khi\u1ec3n t\u1eeb xa: Kh\u00f4ng<br \/>\n&#8211; K\u00edch th\u01b0\u1edbc: 600 x 410 x 1040mm<\/p>\n<h3><strong>\u01afu \u0111i\u1ec3m n\u1ed5i b\u1eadt c\u1ee7a\u00a0<span style=\"color: #3366ff;\"><a style=\"color: #3366ff;\" href=\"https:\/\/dienmayklp.vn\/may-lam-mat-khong-khi\" rel=\"nofollow noopener\" target=\"_blank\">m\u00e1y l\u00e0m m\u00e1t<\/a><\/span>\u00a0Daikiosan DKA-05000E<\/strong><\/h3>\n<p>&#8211; Motor \u0111\u01b0\u1ee3c l\u00e0m b\u1eb1ng l\u00f5i \u0111\u1ed3ng nguy\u00ean ch\u1ea5t si\u00eau b\u1ec1n cho kh\u1ea3 n\u0103ng l\u00e0m vi\u1ec7c b\u1ec1n b\u1ec9<br \/>\n&#8211; Th\u00e2n m\u00e1y \u0111\u01b0\u1ee3c l\u00e0m t\u1eeb ch\u1ea5t li\u1ec7u cao c\u1ea5p s\u1eed d\u1ee5ng nh\u1ef1a nguy\u00ean sinh ABS kh\u00f4ng g\u00e2y h\u1ea1i cho s\u1ee9c kh\u1ecfe con ng\u01b0\u1eddi<br \/>\n&#8211; C\u00f3 kh\u1ea3 n\u0103ng l\u00e0m m\u00e1t nhanh, hi\u1ec7u qu\u1ea3 v\u1edbi l\u01b0u l\u01b0\u1ee3ng gi\u00f3 l\u1edbn \u0111\u1ebfn 5000m3\/h<br \/>\n&#8211; Ti\u1ebft ki\u1ec7m n\u0103ng l\u01b0\u1ee3ng t\u1ed1i \u0111a, th\u00e2n thi\u1ec7n v\u1edbi m\u00f4i tr\u01b0\u1eddng.<br \/>\n&#8211; Th\u00edch h\u1ee3p s\u1eed d\u1ee5ng trong nhi\u1ec1u kh\u00f4ng gian v\u1edbi di\u1ec7n t\u00edch s\u1eed d\u1ee5ng t\u1eeb 35 &#8211; 45m2<br \/>\n&#8211; D\u1ec5 d\u00e0ng v\u1ec7 sinh v\u00e0 b\u1ea3o d\u01b0\u1ee1ng<\/p>\n<p>M\u1ecdi th\u00f4ng tin chi ti\u1ebft xin li\u00ean h\u1ec7:<\/p>\n<h2><b><i>C\u00d4NG TY C\u1ed4 PH\u1ea6N TH\u01af\u01a0NG M\u1ea0I V\u00c0 X\u00c2Y D\u1ef0NG KIM LONG PH\u00c1T<\/i><\/b><\/h2>\n<p><i>Showroom 1:<\/i>\u00a0228 \u0110\u01b0\u1eddng III, KDC Khang \u0110i\u1ec1n, P. Ph\u01b0\u1edbc Long B, Qu\u1eadn 9, TP.\u00a0H\u1ed3 Ch\u00ed Minh<\/p>\n<p><i>Showroom 2:\u00a0<\/i>T\u00f2a S1.01 &#8211; 05.01. Shophouse S01 &#8211; Vinhomes Grand Park &#8211; 200 Nguy\u1ec5n Xi\u1ec3n, P.\u00a0Long Th\u1ea1nh M\u1ef9, Qu\u1eadn 9, TP. H\u1ed3 Ch\u00ed Minh<\/p>\n<p><i>Hotline t\u01b0 v\u1ea5n:<\/i>\u00a0<b>028 2253 5834<\/b><\/p>\n<p><i>\u0110\u1eb7t h\u00e0ng tr\u1ef1c tuy\u1ebfn:<\/i>\u00a0<b>0888 124 839<\/b><\/p>\n<p><i>Email:<\/i>\u00a0<span style=\"color: #3366ff;\"><a style=\"color: #3366ff;\" href=\"mailto:cskh@klp.vn?subject=Ph%E1%BA%A3n%20H%E1%BB%93i%20%C4%90i%E1%BB%87n%20M%C3%A1y%20Kim%20Long%20Ph%C3%A1t&amp;body=%C4%90i%E1%BB%87n%20M%C3%A1y%20Kim%20Long%20Ph%C3%A1t%20K%C3%ADnh%20ch%C3%A0o%20qu%C3%BD%20kh%C3%A1ch!%0AMong%20nh%E1%BA%ADn%20%C4%91%C6%B0%E1%BB%A3c%20%C3%BD%20ki%E1%BA%BFn%20ph%E1%BA%A3n%20h%E1%BB%93i%20t%E1%BB%AB%20Anh%2FCh%E1%BB%8B\">cskh@klp.vn<\/a><\/span><\/p>\n<p><i>Website:<\/i><span style=\"color: #3366ff;\">\u00a0<a style=\"color: #3366ff;\" href=\"http:\/\/dienmayklp.vn\/\" target=\"_blank\" rel=\"noopener nofollow\">klp.vn<\/a><\/span><\/p>\n<\/div>\n<\/div>\n<\/div>\n<\/div>\n<\/section>\n","protected":false},"excerpt":{"rendered":"<p>M\u00e1y l\u00e0m m\u00e1t cao c\u1ea5p Daikiosan DKA-05000E\u00a0ph\u00e2n ph\u1ed1i ch\u00ednh h\u00e3ng t\u1ea1i\u00a0\u0110i\u1ec7n M\u00e1y Kim Long Ph\u00e1t &#8211; H\u00e3ng s\u1ea3n xu\u1ea5t:\u00a0Daikiosan &#8211; Model: DKA-05000E &#8211; \u0110i\u1ec7n \u00e1p: 220V &#8211; 50Hz &#8211; C\u00f4ng su\u1ea5t: 175W &#8211; L\u01b0u l\u01b0\u1ee3ng gi\u00f3: 5000m3\/h &#8211; Di\u1ec7n t\u00edch l\u00e0m m\u00e1t: 35 &#8211; 45m2 &#8211; H\u01b0\u1edbng gi\u00f3 th\u1ed5i: 4 chi\u1ec1u + T\u1ef1 \u0111\u1ed9ng: tr\u00e1i [&#8230;]\n","protected":false},"featured_media":1278,"comment_status":"open","ping_status":"closed","template":"","meta":{"_acf_changed":false},"product_brand":[73],"product_cat":[82],"product_tag":[],"class_list":{"0":"post-1276","1":"product","2":"type-product","3":"status-publish","4":"has-post-thumbnail","6":"product_brand-daikio","7":"product_cat-may-lam-mat","9":"first","10":"instock","11":"sale","12":"taxable","13":"shipping-taxable","14":"purchasable","15":"product-type-simple"},"acf":[],"_links":{"self":[{"href":"https:\/\/songxanhwater.com\/index.php?rest_route=\/wp\/v2\/product\/1276","targetHints":{"allow":["GET"]}}],"collection":[{"href":"https:\/\/songxanhwater.com\/index.php?rest_route=\/wp\/v2\/product"}],"about":[{"href":"https:\/\/songxanhwater.com\/index.php?rest_route=\/wp\/v2\/types\/product"}],"replies":[{"embeddable":true,"href":"https:\/\/songxanhwater.com\/index.php?rest_route=%2Fwp%2Fv2%2Fcomments&post=1276"}],"wp:featuredmedia":[{"embeddable":true,"href":"https:\/\/songxanhwater.com\/index.php?rest_route=\/wp\/v2\/media\/1278"}],"wp:attachment":[{"href":"https:\/\/songxanhwater.com\/index.php?rest_route=%2Fwp%2Fv2%2Fmedia&parent=1276"}],"wp:term":[{"taxonomy":"product_brand","embeddable":true,"href":"https:\/\/songxanhwater.com\/index.php?rest_route=%2Fwp%2Fv2%2Fproduct_brand&post=1276"},{"taxonomy":"product_cat","embeddable":true,"href":"https:\/\/songxanhwater.com\/index.php?rest_route=%2Fwp%2Fv2%2Fproduct_cat&post=1276"},{"taxonomy":"product_tag","embeddable":true,"href":"https:\/\/songxanhwater.com\/index.php?rest_route=%2Fwp%2Fv2%2Fproduct_tag&post=1276"}],"curies":[{"name":"wp","href":"https:\/\/api.w.org\/{rel}","templated":true}]}}