{"id":1269,"date":"2025-03-29T08:45:22","date_gmt":"2025-03-29T08:45:22","guid":{"rendered":"https:\/\/dienmayklp.vn\/?post_type=product&#038;p=1269"},"modified":"2025-05-27T05:30:51","modified_gmt":"2025-05-27T05:30:51","slug":"may-lam-mat-khong-khi-cao-cap-daikiosan-dka-15000a","status":"publish","type":"product","link":"https:\/\/songxanhwater.com\/?product=may-lam-mat-khong-khi-cao-cap-daikiosan-dka-15000a","title":{"rendered":"M\u00e1y l\u00e0m m\u00e1t kh\u00f4ng kh\u00ed cao c\u1ea5p Daikiosan DKA-15000A"},"content":{"rendered":"<h2><span style=\"color: #3366ff;\"><strong><a style=\"color: #3366ff;\" href=\"https:\/\/dienmayklp.vn\/may-lam-mat-khong-khi\" rel=\"nofollow noopener\" target=\"_blank\">M\u00e1y l\u00e0m m\u00e1t kh\u00f4ng kh\u00ed Daikiosan<\/a>\u00a0DKA-15000A t\u1ea1i\u00a0<a style=\"color: #3366ff;\" href=\"https:\/\/dienmayklp.vn\/\" rel=\"nofollow noopener\" target=\"_blank\">\u0110i\u1ec7n M\u00e1y Kim Long Ph\u00e1t<\/a><\/strong><\/span><\/h2>\n<h2><span style=\"color: #3366ff;\"><a style=\"color: #3366ff;\" href=\"https:\/\/dienmayklp.vn\/may-lam-mat-khong-khi\" rel=\"nofollow noopener\" target=\"_blank\">Qu\u1ea1t l\u00e0m m\u00e1t\u00a0kh\u00f4ng kh\u00ed<\/a><\/span>\u00a0Daikiosan DKA-15000A thi\u1ebft k\u1ebf m\u1ea1nh m\u1ebd, c\u01a1 b\u1eafp d\u00f9ng cho nh\u00e0 x\u01b0\u1edfng, ti\u1ec7c ngo\u00e0i tr\u1eddi, ph\u1ee5c v\u1ee5 c\u00e1c s\u1ef1 ki\u1ec7n l\u1edbn.<\/h2>\n<p>&#8211;\u00a0<b>T\u00ednh n\u0103ng l\u00e0m l\u1ea1nh kh\u00f4ng kh\u00ed :\u00a0<\/b>Kh\u00f4ng kh\u00ed \u0111\u01b0\u1ee3c l\u00e0m m\u00e1t th\u00f4ng qua t\u1ea5m l\u00e0m m\u00e1t th\u00f4ng minh Cooling Pad \u0111\u1eb7t sau m\u00e1y l\u01b0ng m\u00e1y gi\u00fap kh\u00f4ng kh\u00ed gi\u1ea3m xu\u1ed1ng \u0111\u1ebfn 26 \u0111\u1ed9 C.<\/p>\n<p>&#8211;\u00a0<b>T\u00ednh n\u0103ng l\u1ecdc kh\u00f4ng kh\u00ed v\u00e0 c\u00e2n b\u1eb1ng \u0111\u1ed9 \u1ea9m:\u00a0<\/b>Kh\u00f4ng kh\u00ed \u0111\u01b0\u1ee3c l\u1ecdc qua l\u01b0\u1edbi l\u1ecdc s\u01a1 c\u1ea5p v\u00e0 t\u1ea5m l\u00e0m m\u00e1t cooling pad v\u00ec v\u1eady kh\u00f4ng kh\u00ed \u0111\u01b0\u1ee3c l\u1ecdc s\u1ea1ch b\u1ee5i b\u1ea9n.Ngo\u00e0i ra m\u1ed9t ph\u1ea7n h\u01a1i n\u01b0\u1edbc bay h\u01a1i s\u1ebd gi\u00fap c\u00e2n b\u1eb1ng \u0111\u1ed9 \u1ea9m kh\u00f4ng kh\u00ed v\u00e0 duy tr\u00ec t\u1eeb 60-65% trong kh\u00f4ng gian.<\/p>\n<p>&#8211;\u00a0<b>T\u00ednh n\u0103ng t\u1ea1o ion :\u00a0<\/b>Gi\u00fap c\u1ea3i thi\u1ec7n kh\u1ea3 n\u0103ng h\u00f4 h\u1ea5p, h\u1ed7 tr\u1ee3 tim ph\u1ed5i \u0111\u1ed3ng th\u1eddi l\u1ecdc c\u00e1c h\u1ea1t b\u1ee5i mang \u0111i\u1ec7n t\u00edch d\u01b0\u01a1ng trong m\u00f4i tr\u01b0\u1eddng.<\/p>\n<p>&#8211;\u00a0<b>T\u00ednh n\u0103ng \u0111\u1ea3o gi\u00f3 \u0111a chi\u1ec1u :\u00a0<\/b>Kh\u00f4ng kh\u00ed \u0111\u01b0\u1ee3c lu\u00e2n chuy\u1ec3n kh\u1eafp ph\u00f2ng nh\u1edd t\u00ednh n\u0103ng \u0111\u1ea3o t\u1ef1 \u0111\u1ed9ng c\u1ee7a c\u00e1nh \u0111\u1ea3o b\u00ean ngo\u00e0i.<\/p>\n<p>&#8211;\u00a0<b>T\u00ednh n\u0103ng h\u1eb9n gi\u1edd v\u00e0 \u0111i\u1ec1u khi\u1ec3n t\u1eeb xa :\u00a0<\/b>Ch\u1ee9c n\u0103ng h\u1eb9n gi\u1edd l\u00ean \u0111\u1ebfn 24h v\u00e0 \u0111\u01b0\u1ee3c t\u00edch h\u1ee3p \u0111i\u1ec1u khi\u1ec3n t\u1eeb xa.<\/p>\n<p>&#8211;\u00a0<b>Ch\u1ebf \u0111\u1ed9 ti\u00eau chu\u1ea9n :\u00a0<\/b>Khi qu\u1ea1t l\u00e0m m\u00e1t \u1edf ch\u1ebf \u0111\u1ed9 n\u00e0y th\u00ec khi \u0111i\u1ec1u khi\u1ec3n t\u1ed1c \u0111\u1ed9 qu\u1ea1t \u1edf m\u1ee9c n\u00e0o th\u00ec qu\u1ea1t l\u00e0m m\u00e1t\u00a0<b>DK-15000A<\/b>\u00a0s\u1ebd ho\u1ea1t \u0111\u1ed9ng c\u1ed1 \u0111\u1ecbnh \u1edf t\u1ed1c \u0111\u1ed9 qu\u1ea1t \u0111\u00f3<b>.<\/b><\/p>\n<p>&#8211;\u00a0<b>Thi\u1ebft b\u1ecb ch\u1ed1ng gi\u1eadt\u00a0 :\u00a0<\/b>Thi\u1ebft b\u1ecb ch\u1ed1ng gi\u1eadt ng\u1eabu nhi\u00ean an to\u00e0n tuy\u1ec7t \u0111\u1ed1i duy nh\u1ea5t \u0111\u01b0\u1ee3c t\u00edch h\u1ee3p cho qu\u1ea1t l\u00e0m m\u00e1t\u00a0<b>DAIKIO<\/b>\u00a0\u1edf th\u1ecb tr\u01b0\u1eddng Vi\u1ec7t Nam.<\/p>\n<p>&nbsp;<\/p>\n<p>TH\u00d4NG S\u1ed0 K\u1ef8 THU\u1eacT<\/p>\n<table border=\"1\" cellspacing=\"1\" cellpadding=\"1\">\n<tbody>\n<tr>\n<td><b>DKA-15000A<\/b><\/td>\n<td>Th\u00f4ng s\u1ed1 k\u1ef9 thu\u1eadt<\/td>\n<\/tr>\n<tr>\n<td>L\u01b0u l\u01b0\u1ee3ng gi\u00f3 &#8211; Air flow<\/td>\n<td>15000 M\u00b3\/H<\/td>\n<\/tr>\n<tr>\n<td>C\u00f4ng su\u1ea5t motor &#8211; Motor power<\/td>\n<td>500 W<\/td>\n<\/tr>\n<tr>\n<td>\u0110i\u1ec7n \u00e1p &#8211; Voltage<\/td>\n<td>220 V &#8211; 50 Hz<\/td>\n<\/tr>\n<tr>\n<td>D\u00f2ng \u0111i\u1ec7n &#8211; Electric current<\/td>\n<td>2.7 A<\/td>\n<\/tr>\n<tr>\n<td>\u0110i\u1ec1u khi\u1ec3n t\u1eeb xa &#8211; Remote controller<\/td>\n<td>C\u00f3<\/td>\n<\/tr>\n<tr>\n<td>H\u01b0\u1edbng gi\u00f3 th\u1ed5i &#8211; Swing<\/td>\n<td>4 chi\u1ec1u<br \/>\nT\u1ef1 \u0111\u1ed9ng tr\u00e1i &#8211; ph\u1ea3i<br \/>\n\u0110i\u1ec1u ch\u1ec9nh l\u00ean &#8211; xu\u1ed1ng<\/td>\n<\/tr>\n<tr>\n<td>Ki\u1ec3u gi\u00f3 th\u1ed5i &#8211; Style of swing<\/td>\n<td>Ti\u00eau chu\u1ea9n<\/td>\n<\/tr>\n<tr>\n<td>T\u1ed1c \u0111\u1ed9 &#8211; Speeds<\/td>\n<td>3 t\u1ed1c \u0111\u1ed9:<br \/>\nTh\u1ea5p &#8211; Trung B\u00ecnh &#8211; Cao<\/td>\n<\/tr>\n<tr>\n<td>\u0110\u1ed9 \u1ed3n &#8211; Noise<\/td>\n<td>\u2264 60 dB<\/td>\n<\/tr>\n<tr>\n<td>L\u01b0\u1ee3ng n\u01b0\u1edbc ti\u00eau th\u1ee5 &#8211; Water consumption<\/td>\n<td>10-12 L\/H<\/td>\n<\/tr>\n<tr>\n<td>Th\u1ec3 t\u00edch b\u00ecnh ch\u1ee9a n\u01b0\u1edbc &#8211; Water tank capacity<\/td>\n<td>200 L<\/td>\n<\/tr>\n<tr>\n<td>K\u00edch th\u01b0\u1edbc m\u00e1y &#8211; Dimension<\/td>\n<td>1080x680x1290 MM<\/td>\n<\/tr>\n<tr>\n<td>K\u00edch th\u01b0\u1edbc th\u00f9ng &#8211; Cartons size<\/td>\n<td>1100x700x1250 MM<\/td>\n<\/tr>\n<tr>\n<td>Di\u1ec7n t\u00edch l\u00e0m m\u00e1t &#8211; Aplication area<\/td>\n<td>80-90 M2<\/td>\n<\/tr>\n<tr>\n<td>Ch\u1ee9c n\u0103ng h\u1eb9n gi\u1edd &#8211; Timer function<\/td>\n<td>24 gi\u1edd<\/td>\n<\/tr>\n<tr>\n<td>Ion &#8211; Anion<\/td>\n<td>Kh\u00f4ng<\/td>\n<\/tr>\n<tr>\n<td>Tr\u1ecdng l\u01b0\u1ee3ng m\u00e1y &#8211; Net weight<\/td>\n<td>50 Kg<\/td>\n<\/tr>\n<tr>\n<td>Tr\u1ecdng l\u01b0\u1ee3ng ph\u1ee7 b\u00ec &#8211; Gross weight<\/td>\n<td>55 Kg<\/td>\n<\/tr>\n<\/tbody>\n<\/table>\n<p>&nbsp;<\/p>\n<p>M\u1ecdi th\u00f4ng tin chi ti\u1ebft xin li\u00ean h\u1ec7:<\/p>\n<p><span style=\"color: #3366ff;\"><b><i>C\u00d4NG TY C\u1ed4 PH\u1ea6N TH\u01af\u01a0NG M\u1ea0I V\u00c0 X\u00c2Y D\u1ef0NG KIM LONG PH\u00c1T<\/i><\/b><\/span><\/p>\n<p><i>Showroom 1:<\/i>\u00a0228 \u0110\u01b0\u1eddng III, KDC Khang \u0110i\u1ec1n, P. Ph\u01b0\u1edbc Long B, Qu\u1eadn 9, TP.\u00a0H\u1ed3 Ch\u00ed Minh<\/p>\n<p><i>Showroom 2:\u00a0<\/i>T\u00f2a S1.01 &#8211; 05.01. Shophouse S01 &#8211; Vinhomes Grand Park &#8211; 200 Nguy\u1ec5n Xi\u1ec3n, P.\u00a0Long Th\u1ea1nh M\u1ef9, Qu\u1eadn 9, TP. H\u1ed3 Ch\u00ed Minh<\/p>\n<p><i>Hotline t\u01b0 v\u1ea5n:<\/i>\u00a0<b>028 2253 5834<\/b><\/p>\n<p><i>\u0110\u1eb7t h\u00e0ng tr\u1ef1c tuy\u1ebfn:<\/i>\u00a0<b>0888 124 839<\/b><\/p>\n<p><i>Email:<\/i>\u00a0<span style=\"color: #3366ff;\"><a style=\"color: #3366ff;\" href=\"mailto:cskh@klp.vn?subject=Ph%E1%BA%A3n%20H%E1%BB%93i%20%C4%90i%E1%BB%87n%20M%C3%A1y%20Kim%20Long%20Ph%C3%A1t&amp;body=%C4%90i%E1%BB%87n%20M%C3%A1y%20Kim%20Long%20Ph%C3%A1t%20K%C3%ADnh%20ch%C3%A0o%20qu%C3%BD%20kh%C3%A1ch!%0AMong%20nh%E1%BA%ADn%20%C4%91%C6%B0%E1%BB%A3c%20%C3%BD%20ki%E1%BA%BFn%20ph%E1%BA%A3n%20h%E1%BB%93i%20t%E1%BB%AB%20Anh%2FCh%E1%BB%8B\">cskh@klp.vn<\/a><\/span><\/p>\n<p><i>Website:<\/i>\u00a0<span style=\"color: #3366ff;\"><a style=\"color: #3366ff;\" href=\"http:\/\/dienmayklp.vn\/\" target=\"_blank\" rel=\"noopener nofollow\">klp.vn<\/a><\/span><\/p>\n","protected":false},"excerpt":{"rendered":"<p>M\u00e1y l\u00e0m m\u00e1t kh\u00f4ng kh\u00ed Daikiosan\u00a0DKA-15000A t\u1ea1i\u00a0\u0110i\u1ec7n M\u00e1y Kim Long Ph\u00e1t Qu\u1ea1t l\u00e0m m\u00e1t\u00a0kh\u00f4ng kh\u00ed\u00a0Daikiosan DKA-15000A thi\u1ebft k\u1ebf m\u1ea1nh m\u1ebd, c\u01a1 b\u1eafp d\u00f9ng cho nh\u00e0 x\u01b0\u1edfng, ti\u1ec7c ngo\u00e0i tr\u1eddi, ph\u1ee5c v\u1ee5 c\u00e1c s\u1ef1 ki\u1ec7n l\u1edbn. &#8211;\u00a0T\u00ednh n\u0103ng l\u00e0m l\u1ea1nh kh\u00f4ng kh\u00ed :\u00a0Kh\u00f4ng kh\u00ed \u0111\u01b0\u1ee3c l\u00e0m m\u00e1t th\u00f4ng qua t\u1ea5m l\u00e0m m\u00e1t th\u00f4ng minh Cooling Pad [&#8230;]\n","protected":false},"featured_media":1271,"comment_status":"open","ping_status":"closed","template":"","meta":{"_acf_changed":false},"product_brand":[73],"product_cat":[82],"product_tag":[],"class_list":{"0":"post-1269","1":"product","2":"type-product","3":"status-publish","4":"has-post-thumbnail","6":"product_brand-daikio","7":"product_cat-may-lam-mat","9":"first","10":"instock","11":"taxable","12":"shipping-taxable","13":"purchasable","14":"product-type-simple"},"acf":[],"_links":{"self":[{"href":"https:\/\/songxanhwater.com\/index.php?rest_route=\/wp\/v2\/product\/1269","targetHints":{"allow":["GET"]}}],"collection":[{"href":"https:\/\/songxanhwater.com\/index.php?rest_route=\/wp\/v2\/product"}],"about":[{"href":"https:\/\/songxanhwater.com\/index.php?rest_route=\/wp\/v2\/types\/product"}],"replies":[{"embeddable":true,"href":"https:\/\/songxanhwater.com\/index.php?rest_route=%2Fwp%2Fv2%2Fcomments&post=1269"}],"wp:featuredmedia":[{"embeddable":true,"href":"https:\/\/songxanhwater.com\/index.php?rest_route=\/wp\/v2\/media\/1271"}],"wp:attachment":[{"href":"https:\/\/songxanhwater.com\/index.php?rest_route=%2Fwp%2Fv2%2Fmedia&parent=1269"}],"wp:term":[{"taxonomy":"product_brand","embeddable":true,"href":"https:\/\/songxanhwater.com\/index.php?rest_route=%2Fwp%2Fv2%2Fproduct_brand&post=1269"},{"taxonomy":"product_cat","embeddable":true,"href":"https:\/\/songxanhwater.com\/index.php?rest_route=%2Fwp%2Fv2%2Fproduct_cat&post=1269"},{"taxonomy":"product_tag","embeddable":true,"href":"https:\/\/songxanhwater.com\/index.php?rest_route=%2Fwp%2Fv2%2Fproduct_tag&post=1269"}],"curies":[{"name":"wp","href":"https:\/\/api.w.org\/{rel}","templated":true}]}}