{"id":1262,"date":"2025-03-29T08:40:22","date_gmt":"2025-03-29T08:40:22","guid":{"rendered":"https:\/\/dienmayklp.vn\/?post_type=product&#038;p=1262"},"modified":"2025-05-26T04:00:05","modified_gmt":"2025-05-26T04:00:05","slug":"may-lam-mat-cao-cap-daikiosan-dka-05000d","status":"publish","type":"product","link":"https:\/\/songxanhwater.com\/?product=may-lam-mat-cao-cap-daikiosan-dka-05000d","title":{"rendered":"M\u00e1y l\u00e0m m\u00e1t cao c\u1ea5p Daikiosan DKA-05000D"},"content":{"rendered":"<h2><span style=\"color: #3366ff;\"><a style=\"color: #3366ff;\" href=\"https:\/\/dienmayklp.vn\/may-lam-mat-daikio\" rel=\"nofollow noopener\" target=\"_blank\">M\u00e1y l\u00e0m m\u00e1t cao c\u1ea5p Daikiosan<\/a>\u00a0DKA-05000D\u00a0\u0111\u01b0\u1ee3c ph\u00e2n ph\u1ed1i ch\u00ednh h\u00e3ng t\u1ea1i\u00a0<a style=\"color: #3366ff;\" href=\"https:\/\/dienmayklp.vn\/\" rel=\"nofollow noopener\" target=\"_blank\">\u0110i\u1ec7n m\u00e1y Kim Long Ph\u00e1t<\/a><\/span><\/h2>\n<p><a href=\"https:\/\/web.archive.org\/web\/20240523060409\/https:\/\/dienmayklp.vn\/may-lam-mat-khong-khi\" rel=\"nofollow noopener\" target=\"_blank\"><span style=\"color: #3366ff;\">M\u00e1y l\u00e0m m\u00e1t<\/span><\/a>\u00a0cao c\u1ea5p Daikiosan DKA-05000D th\u00edch h\u1ee3p s\u1eed d\u1ee5ng cho kh\u00f4ng gian m\u1edf: ph\u00f2ng kh\u00e1ch, v\u0103n ph\u00f2ng, s\u1ea3nh ch\u1edd, showroom, khu ngh\u1ec9 d\u01b0\u1ee1ng resort, s\u00e2n v\u01b0\u1eddn ngo\u00e0i tr\u1eddi, caf\u00e9 s\u00e2n v\u01b0\u1eddn, ti\u1ec7m n\u00e9t\u2026<\/p>\n<p>L\u00e0 d\u00f2ng s\u1ea3n ph\u1ea9m c\u00e1i ti\u1ebfn c\u1ee7a m\u00e1y DKA-05000C, \u0111\u1eb7c bi\u1ec7t c\u00f3 remot \u0111i\u1ec1u khi\u1ec3n t\u1eeb xa.<\/p>\n<h3><span style=\"color: #3366ff;\"><strong>Th\u00f4ng s\u1ed1 k\u1ef9 thu\u1eadt m\u00e1y l\u00e0m m\u00e1t cao c\u1ea5p Daikiosan DKA-05000D<\/strong><\/span><\/h3>\n<p>&nbsp;<\/p>\n<table border=\"1\" cellspacing=\"0\" cellpadding=\"0\">\n<tbody>\n<tr>\n<td><strong>Model<\/strong><\/td>\n<td><strong>DKA-05000D<\/strong><\/td>\n<\/tr>\n<tr>\n<td><\/td>\n<td><\/td>\n<\/tr>\n<tr>\n<td>L\u01b0u l\u01b0\u1ee3ng gi\u00f3 &#8211; Air flow<\/td>\n<td>5,000 M\u00b3\/H<\/td>\n<\/tr>\n<tr>\n<td>C\u00f4ng su\u1ea5t motor &#8211; Motor power<\/td>\n<td>210 W<\/td>\n<\/tr>\n<tr>\n<td>\u0110i\u1ec7n \u00e1p &#8211; Voltage<\/td>\n<td>220 V &#8211; 50 Hz<\/td>\n<\/tr>\n<tr>\n<td>D\u00f2ng \u0111i\u1ec7n &#8211; Electric current<\/td>\n<td>1.3 A<\/td>\n<\/tr>\n<tr>\n<td>\u0110i\u1ec1u khi\u1ec3n t\u1eeb xa &#8211; Remote controller<\/td>\n<td>C\u00f3<\/td>\n<\/tr>\n<tr>\n<td>H\u01b0\u1edbng gi\u00f3 th\u1ed5i &#8211; Swing<\/td>\n<td>4 chi\u1ec1u<br \/>\nT\u1ef1 \u0111\u1ed9ng tr\u00e1i &#8211; ph\u1ea3i<br \/>\n\u0110i\u1ec1u ch\u1ec9nh l\u00ean &#8211; xu\u1ed1ng<\/td>\n<\/tr>\n<tr>\n<td>Ki\u1ec3u gi\u00f3 th\u1ed5i &#8211; Style of swing<\/td>\n<td>Ti\u00eau chu\u1ea9n<\/td>\n<\/tr>\n<tr>\n<td>T\u1ed1c \u0111\u1ed9 &#8211; Speeds<\/td>\n<td>3 t\u1ed1c \u0111\u1ed9:<br \/>\nTh\u1ea5p &#8211; Trung B\u00ecnh &#8211; Cao<\/td>\n<\/tr>\n<tr>\n<td>\u0110\u1ed9 \u1ed3n &#8211; Noise<\/td>\n<td>\u2264 50 dB<\/td>\n<\/tr>\n<tr>\n<td>L\u01b0\u1ee3ng n\u01b0\u1edbc ti\u00eau th\u1ee5 &#8211; Water consumption<\/td>\n<td>4 &#8211; 6 L\/H<\/td>\n<\/tr>\n<tr>\n<td>Th\u1ec3 t\u00edch b\u00ecnh ch\u1ee9a n\u01b0\u1edbc &#8211; Water tank capacity<\/td>\n<td>45 L<\/td>\n<\/tr>\n<tr>\n<td>K\u00edch th\u01b0\u1edbc m\u00e1y &#8211; Dimension<\/td>\n<td>680x425x1050 MM<\/td>\n<\/tr>\n<tr>\n<td>K\u00edch th\u01b0\u1edbc th\u00f9ng &#8211; Cartons size<\/td>\n<td>715x445x1035 MM<\/td>\n<\/tr>\n<tr>\n<td>Di\u1ec7n t\u00edch l\u00e0m m\u00e1t &#8211; Aplication area<\/td>\n<td>25-30 M\u00b2<\/td>\n<\/tr>\n<tr>\n<td>Ch\u1ee9c n\u0103ng h\u1eb9n gi\u1edd &#8211; Timer function<\/td>\n<td>24h<\/td>\n<\/tr>\n<tr>\n<td>Ion &#8211; Anion<\/td>\n<td>Kh\u00f4ng<\/td>\n<\/tr>\n<tr>\n<td>Tr\u1ecdng l\u01b0\u1ee3ng m\u00e1y &#8211; Net weight<\/td>\n<td>18 Kg<\/td>\n<\/tr>\n<tr>\n<td>Tr\u1ecdng l\u01b0\u1ee3ng ph\u1ee7 b\u00ec &#8211; Gross weight<\/td>\n<td>20 Kg<\/td>\n<\/tr>\n<\/tbody>\n<\/table>\n<p>&nbsp;<\/p>\n<p>M\u1ecdi th\u00f4ng tin chi ti\u1ebft xin li\u00ean h\u1ec7:<\/p>\n<p><b><i>C\u00d4NG TY C\u1ed4 PH\u1ea6N TH\u01af\u01a0NG M\u1ea0I V\u00c0 X\u00c2Y D\u1ef0NG KIM LONG PH\u00c1T<\/i><\/b><\/p>\n<p><i>Showroom 1:<\/i>\u00a0228 \u0110\u01b0\u1eddng III, KDC Khang \u0110i\u1ec1n, P. Ph\u01b0\u1edbc Long B, Qu\u1eadn 9, TP.\u00a0H\u1ed3 Ch\u00ed Minh<\/p>\n<p><i>Showroom 2:\u00a0<\/i>T\u00f2a S1.01 &#8211; 05.01. Shophouse S01 &#8211; Vinhomes Grand Park &#8211; 200 Nguy\u1ec5n Xi\u1ec3n, P.\u00a0Long Th\u1ea1nh M\u1ef9, Qu\u1eadn 9, TP. H\u1ed3 Ch\u00ed Minh<\/p>\n<p><i>Hotline t\u01b0 v\u1ea5n:<\/i>\u00a0<b>028 2253 5834<\/b><\/p>\n<p><i>\u0110\u1eb7t h\u00e0ng tr\u1ef1c tuy\u1ebfn:<\/i>\u00a0<b>0888 124 839<\/b><\/p>\n<p><i>Email:<\/i><span style=\"color: #3366ff;\">\u00a0<a style=\"color: #3366ff;\" href=\"mailto:cskh@klp.vn?subject=Ph%E1%BA%A3n%20H%E1%BB%93i%20%C4%90i%E1%BB%87n%20M%C3%A1y%20Kim%20Long%20Ph%C3%A1t&amp;body=%C4%90i%E1%BB%87n%20M%C3%A1y%20Kim%20Long%20Ph%C3%A1t%20K%C3%ADnh%20ch%C3%A0o%20qu%C3%BD%20kh%C3%A1ch!%0AMong%20nh%E1%BA%ADn%20%C4%91%C6%B0%E1%BB%A3c%20%C3%BD%20ki%E1%BA%BFn%20ph%E1%BA%A3n%20h%E1%BB%93i%20t%E1%BB%AB%20Anh%2FCh%E1%BB%8B\">cskh@klp.vn<\/a><\/span><\/p>\n<p><i>Website:<\/i>\u00a0<span style=\"color: #3366ff;\"><a style=\"color: #3366ff;\" href=\"http:\/\/dienmayklp.vn\/\" target=\"_blank\" rel=\"noopener nofollow\">klp.vn<\/a><\/span><\/p>\n","protected":false},"excerpt":{"rendered":"<p>M\u00e1y l\u00e0m m\u00e1t cao c\u1ea5p Daikiosan\u00a0DKA-05000D\u00a0\u0111\u01b0\u1ee3c ph\u00e2n ph\u1ed1i ch\u00ednh h\u00e3ng t\u1ea1i\u00a0\u0110i\u1ec7n m\u00e1y Kim Long Ph\u00e1t M\u00e1y l\u00e0m m\u00e1t\u00a0cao c\u1ea5p Daikiosan DKA-05000D th\u00edch h\u1ee3p s\u1eed d\u1ee5ng cho kh\u00f4ng gian m\u1edf: ph\u00f2ng kh\u00e1ch, v\u0103n ph\u00f2ng, s\u1ea3nh ch\u1edd, showroom, khu ngh\u1ec9 d\u01b0\u1ee1ng resort, s\u00e2n v\u01b0\u1eddn ngo\u00e0i tr\u1eddi, caf\u00e9 s\u00e2n v\u01b0\u1eddn, ti\u1ec7m n\u00e9t\u2026 L\u00e0 d\u00f2ng s\u1ea3n ph\u1ea9m c\u00e1i ti\u1ebfn [&#8230;]\n","protected":false},"featured_media":1263,"comment_status":"open","ping_status":"closed","template":"","meta":{"_acf_changed":false},"product_brand":[73],"product_cat":[82],"product_tag":[],"class_list":{"0":"post-1262","1":"product","2":"type-product","3":"status-publish","4":"has-post-thumbnail","6":"product_brand-daikio","7":"product_cat-may-lam-mat","9":"first","10":"instock","11":"taxable","12":"shipping-taxable","13":"purchasable","14":"product-type-simple"},"acf":[],"_links":{"self":[{"href":"https:\/\/songxanhwater.com\/index.php?rest_route=\/wp\/v2\/product\/1262","targetHints":{"allow":["GET"]}}],"collection":[{"href":"https:\/\/songxanhwater.com\/index.php?rest_route=\/wp\/v2\/product"}],"about":[{"href":"https:\/\/songxanhwater.com\/index.php?rest_route=\/wp\/v2\/types\/product"}],"replies":[{"embeddable":true,"href":"https:\/\/songxanhwater.com\/index.php?rest_route=%2Fwp%2Fv2%2Fcomments&post=1262"}],"wp:featuredmedia":[{"embeddable":true,"href":"https:\/\/songxanhwater.com\/index.php?rest_route=\/wp\/v2\/media\/1263"}],"wp:attachment":[{"href":"https:\/\/songxanhwater.com\/index.php?rest_route=%2Fwp%2Fv2%2Fmedia&parent=1262"}],"wp:term":[{"taxonomy":"product_brand","embeddable":true,"href":"https:\/\/songxanhwater.com\/index.php?rest_route=%2Fwp%2Fv2%2Fproduct_brand&post=1262"},{"taxonomy":"product_cat","embeddable":true,"href":"https:\/\/songxanhwater.com\/index.php?rest_route=%2Fwp%2Fv2%2Fproduct_cat&post=1262"},{"taxonomy":"product_tag","embeddable":true,"href":"https:\/\/songxanhwater.com\/index.php?rest_route=%2Fwp%2Fv2%2Fproduct_tag&post=1262"}],"curies":[{"name":"wp","href":"https:\/\/api.w.org\/{rel}","templated":true}]}}