{"id":1257,"date":"2025-03-29T08:37:22","date_gmt":"2025-03-29T08:37:22","guid":{"rendered":"https:\/\/dienmayklp.vn\/?post_type=product&#038;p=1257"},"modified":"2025-03-29T23:03:33","modified_gmt":"2025-03-29T23:03:33","slug":"may-lam-mat-khong-khi-daikiosan-dka-05000c","status":"publish","type":"product","link":"https:\/\/songxanhwater.com\/?product=may-lam-mat-khong-khi-daikiosan-dka-05000c","title":{"rendered":"M\u00e1y L\u00e0m M\u00e1t Kh\u00f4ng Kh\u00ed Daikiosan DKA-05000C"},"content":{"rendered":"<h2>M\u00e1y L\u00e0m M\u00e1t B\u1eb1ng H\u01a1i N\u01b0\u1edbc Daikiosan DK-5000C (DKA-05000C) ph\u00e2n ph\u1ed1i ch\u00ednh h\u00e3ng t\u1ea1i \u0110i\u1ec7n m\u00e1y\u00a0<span style=\"color: #3366ff;\"><a style=\"color: #3366ff;\" href=\"https:\/\/dienmayklp.vn\/\" rel=\"nofollow noopener\" target=\"_blank\">Kim Long Ph\u00e1t<\/a><\/span><\/h2>\n<p><span style=\"color: #3366ff;\"><a style=\"color: #3366ff;\" href=\"https:\/\/dienmayklp.vn\/may-lam-mat-khong-khi\" rel=\"nofollow noopener\" target=\"_blank\">Qu\u1ea1t l\u00e0m m\u00e1t<\/a><\/span>\u00a0kh\u00f4ng kh\u00ed b\u1eb1ng h\u01a1i n\u01b0\u1edbc Daikiosan DKA-05000C\u00a0thi\u1ebft k\u1ebf sang tr\u1ecdng d\u00e0nh cho gia \u0111\u00ecnh, nh\u00e0 h\u00e0ng,\u00a0s\u1ea3nh, showrom, v\u0103n ph\u00f2ng. S\u1ea3n ph\u1ea9m thu\u1ed9c d\u00f2ng cao c\u1ea5p\u00a0<span style=\"color: #3366ff;\"><a style=\"color: #3366ff;\" href=\"https:\/\/dienmayklp.vn\/may-lam-mat-daikio\" rel=\"nofollow noopener\" target=\"_blank\"><b>DAIKIO<\/b><\/a><\/span>\u00a0c\u1ee7a\u00a0<span style=\"color: #3366ff;\"><a style=\"color: #3366ff;\" href=\"https:\/\/dienmayklp.vn\/may-lam-mat-nakami\" rel=\"nofollow noopener\" target=\"_blank\"><b>NAKAMI<\/b><\/a><\/span>.<\/p>\n<p>&#8211;\u00a0<b>T\u00ednh n\u0103ng l\u00e0m l\u1ea1nh kh\u00f4ng kh\u00ed :\u00a0<\/b>Kh\u00f4ng kh\u00ed \u0111\u01b0\u1ee3c l\u00e0m m\u00e1t th\u00f4ng qua 03 t\u1ea5m l\u00e0m m\u00e1t th\u00f4ng minh Cooling Pad m\u00e0u xanh\u00a0\u0111\u1eb7t sau l\u01b0ng v\u00e0 02 b\u00ean h\u00f4ng\u00a0m\u00e1y gi\u00fap kh\u00f4ng kh\u00ed gi\u1ea3m xu\u1ed1ng \u0111\u1ebfn 26 \u0111\u1ed9 C.<\/p>\n<p>&#8211;\u00a0<b>T\u00ednh n\u0103ng l\u1ecdc kh\u00f4ng kh\u00ed v\u00e0 c\u00e2n b\u1eb1ng \u0111\u1ed9 \u1ea9m:\u00a0<\/b>Kh\u00f4ng kh\u00ed \u0111\u01b0\u1ee3c l\u1ecdc qua l\u01b0\u1edbi l\u1ecdc s\u01a1 c\u1ea5p v\u00e0 t\u1ea5m l\u00e0m m\u00e1t cooling pad v\u00ec v\u1eady kh\u00f4ng kh\u00ed \u0111\u01b0\u1ee3c l\u1ecdc s\u1ea1ch b\u1ee5i b\u1ea9n.Ngo\u00e0i ra m\u1ed9t ph\u1ea7n h\u01a1i n\u01b0\u1edbc bay h\u01a1i s\u1ebd gi\u00fap c\u00e2n b\u1eb1ng \u0111\u1ed9 \u1ea9m kh\u00f4ng kh\u00ed v\u00e0 duy tr\u00ec t\u1eeb 60-65% trong kh\u00f4ng gian.<\/p>\n<p>&#8211;\u00a0<b>T\u00ednh n\u0103ng \u0111\u1ea3o gi\u00f3 \u0111a chi\u1ec1u :\u00a0<\/b>Kh\u00f4ng kh\u00ed \u0111\u01b0\u1ee3c lu\u00e2n chuy\u1ec3n kh\u1eafp ph\u00f2ng nh\u1edd t\u00ednh n\u0103ng \u0111\u1ea3o t\u1ef1 \u0111\u1ed9ng c\u1ee7a c\u00e1nh \u0111\u1ea3o b\u00ean ngo\u00e0i.<\/p>\n<p>&#8211;\u00a0<b>\u0110i\u1ec1u khi\u1ec3n :\u00a0<\/b>DAIKIOSAN DKA-05000C\u00a0s\u1eed d\u1ee5ng \u0111i\u1ec1u khi\u1ec3n c\u01a1. N\u1ebfu qu\u00fd kh\u00e1ch mu\u1ed1n s\u1eed d\u1ee5ng \u0111i\u1ec1u ki\u1ec3n t\u1eeb xa remote th\u00ec ch\u1ecdn m\u00e1y l\u00e0m m\u00e1t t\u01b0\u01a1ng t\u1ef1 nh\u01b0\u00a0<span style=\"color: #3366ff;\"><strong><a style=\"color: #3366ff;\" href=\"http:\/\/tapdoandaiviet.com.vn\/vn\/product\/detail\/may-lam-mat-daikio-dk-3500a-547.html\" rel=\"nofollow noopener\" target=\"_blank\">Daikiosan DKA-02500B<\/a>,\u00a0<a style=\"color: #3366ff;\" href=\"http:\/\/tapdoandaiviet.com.vn\/vn\/product\/detail\/may-lam-mat-khong-khi-daikio-dk-3000a-534.html\" rel=\"nofollow noopener\" target=\"_blank\">DK-3000A<\/a>,\u00a0<a style=\"color: #3366ff;\" href=\"http:\/\/tapdoandaiviet.com.vn\/vn\/product\/detail\/may-lam-mat-daikio-dk-6000a-548.html\" rel=\"nofollow noopener\" target=\"_blank\">DKA-06000B<\/a><\/strong><\/span><\/p>\n<p>&#8211;\u00a0<b>M\u00e0u s\u1eafc<\/b><b>\u00a0:\u00a0<\/b>Xanhh d\u01b0\u01a1ng- Tr\u1eafng<\/p>\n<p>&#8211;\u00a0<b>Thi\u1ebft b\u1ecb ch\u1ed1ng gi\u1eadt\u00a0 :\u00a0<\/b>Thi\u1ebft b\u1ecb ch\u1ed1ng gi\u1eadt ng\u1eabu nhi\u00ean an to\u00e0n tuy\u1ec7t \u0111\u1ed1i duy nh\u1ea5t \u0111\u01b0\u1ee3c t\u00edch h\u1ee3p cho qu\u1ea1t l\u00e0m m\u00e1t\u00a0<b>DAIKIOSAN<\/b>\u00a0\u1edf th\u1ecb tr\u01b0\u1eddng Vi\u1ec7t Nam.<\/p>\n<p>&#8211;\u00a0<b>Ch\u1ebf \u0111\u1ed9 qu\u1ea1t gi\u00f3 \u0111a d\u1ea1ng\u00a0 :\u00a0<\/b><\/p>\n<ul>\n<li><b>Ch\u1ebf \u0111\u1ed9 ti\u00eau chu\u1ea9n :\u00a0<\/b>Khi qu\u1ea1t l\u00e0m m\u00e1t \u1edf ch\u1ebf \u0111\u1ed9 n\u00e0y th\u00ec khi \u0111i\u1ec1u khi\u1ec3n t\u1ed1c \u0111\u1ed9 qu\u1ea1t \u1edf m\u1ee9c n\u00e0o th\u00ec qu\u1ea1t l\u00e0m m\u00e1t\u00a0<b>DAIKIOSAN\u00a0<\/b>DKA-05000C\u00a0s\u1ebd ho\u1ea1t \u0111\u1ed9ng c\u1ed1 \u0111\u1ecbnh \u1edf t\u1ed1c \u0111\u1ed9 qu\u1ea1t \u0111\u00f3.<\/li>\n<\/ul>\n<h2><\/h2>\n<h2>TH\u00d4NG S\u1ed0 K\u1ef8 THU\u1eacT<\/h2>\n<table border=\"1\" cellspacing=\"1\" cellpadding=\"1\">\n<tbody>\n<tr>\n<td><b>DKA-05000C<\/b><\/td>\n<td>Th\u00f4ng s\u1ed1 k\u1ef9 thu\u1eadt<\/td>\n<\/tr>\n<tr>\n<td>L\u01b0u l\u01b0\u1ee3ng gi\u00f3 &#8211; Air flow<\/td>\n<td>5000 M\u00b3\/H<\/td>\n<\/tr>\n<tr>\n<td>C\u00f4ng su\u1ea5t motor &#8211; Motor power<\/td>\n<td>210 W<\/td>\n<\/tr>\n<tr>\n<td>\u0110i\u1ec7n \u00e1p &#8211; Voltage<\/td>\n<td>220 V &#8211; 50 Hz<\/td>\n<\/tr>\n<tr>\n<td>D\u00f2ng \u0111i\u1ec7n &#8211; Electric current<\/td>\n<td>1.3 A<\/td>\n<\/tr>\n<tr>\n<td>\u0110i\u1ec1u khi\u1ec3n t\u1eeb xa &#8211; Remote controller<\/td>\n<td>Kh\u00f4ng<\/td>\n<\/tr>\n<tr>\n<td>H\u01b0\u1edbng gi\u00f3 th\u1ed5i &#8211; Swing<\/td>\n<td>4 chi\u1ec1u<br \/>\nT\u1ef1 \u0111\u1ed9ng tr\u00e1i &#8211; ph\u1ea3i<br \/>\n\u0110i\u1ec1u ch\u1ec9nh l\u00ean &#8211; xu\u1ed1ng<\/td>\n<\/tr>\n<tr>\n<td>Ki\u1ec3u gi\u00f3 th\u1ed5i &#8211; Style of swing<\/td>\n<td>Ti\u00eau chu\u1ea9n<\/td>\n<\/tr>\n<tr>\n<td>T\u1ed1c \u0111\u1ed9 &#8211; Speeds<\/td>\n<td>3 t\u1ed1c \u0111\u1ed9:<br \/>\nTh\u1ea5p &#8211; Trung B\u00ecnh &#8211; Cao<\/td>\n<\/tr>\n<tr>\n<td>\u0110\u1ed9 \u1ed3n &#8211; Noise<\/td>\n<td>\u2264 50 dB<\/td>\n<\/tr>\n<tr>\n<td>L\u01b0\u1ee3ng n\u01b0\u1edbc ti\u00eau th\u1ee5 &#8211; Water consumption<\/td>\n<td>4.0-6.0 L\/H<\/td>\n<\/tr>\n<tr>\n<td>Th\u1ec3 t\u00edch b\u00ecnh ch\u1ee9a n\u01b0\u1edbc &#8211; Water tank capacity<\/td>\n<td>45 L<\/td>\n<\/tr>\n<tr>\n<td>K\u00edch th\u01b0\u1edbc m\u00e1y &#8211; Dimension<\/td>\n<td>650x400x1210 MM<\/td>\n<\/tr>\n<tr>\n<td>K\u00edch th\u01b0\u1edbc th\u00f9ng &#8211; Cartons size<\/td>\n<td>680x425x1050 MM<\/td>\n<\/tr>\n<tr>\n<td>Di\u1ec7n t\u00edch l\u00e0m m\u00e1t &#8211; Aplication area<\/td>\n<td>25-30 M2<\/td>\n<\/tr>\n<tr>\n<td>Ch\u1ee9c n\u0103ng h\u1eb9n gi\u1edd &#8211; Timer function<\/td>\n<td>Kh\u00f4ng<\/td>\n<\/tr>\n<tr>\n<td>Ion &#8211; Anion<\/td>\n<td>Kh\u00f4ng<\/td>\n<\/tr>\n<tr>\n<td>Tr\u1ecdng l\u01b0\u1ee3ng m\u00e1y &#8211; Net weight<\/td>\n<td>18 Kg<\/td>\n<\/tr>\n<tr>\n<td><\/td>\n<td><\/td>\n<\/tr>\n<\/tbody>\n<\/table>\n<p>&nbsp;<\/p>\n<p><strong>M\u1ecdi th\u00f4ng tin chi ti\u1ebft xin li\u00ean h\u1ec7:<\/strong><\/p>\n<p><strong>C\u00d4NG TY C\u1ed4 PH\u1ea6N TH\u01af\u01a0NG M\u1ea0I V\u00c0 X\u00c2Y D\u1ef0NG KIM LONG PH\u00c1T<\/strong><\/p>\n<h2><strong>Showroom 1<\/strong>: 228 \u0110\u01b0\u1eddng III, KDC Khang \u0110i\u1ec1n, P. Ph\u01b0\u1edbc Long B, Qu\u1eadn 9, TP. H\u1ed3 Ch\u00ed Minh<\/h2>\n<h2><strong>Showroom 2:<\/strong>\u00a0T\u00f2a S1.01 &#8211; 05.01. Shophouse S01 &#8211; Vinhomes Grand Park &#8211; 200 Nguy\u1ec5n Xi\u1ec3n, P. Long Th\u1ea1nh M\u1ef9, Qu\u1eadn 9, TP. H\u1ed3 Ch\u00ed Minh<\/h2>\n<p>Hotline t\u01b0 v\u1ea5n: 028 2253 5834<\/p>\n<p>\u0110\u1eb7t h\u00e0ng tr\u1ef1c tuy\u1ebfn: 0975 679 179<\/p>\n<p>Email:\u00a0<span style=\"color: #3366ff;\"><a style=\"color: #3366ff;\" href=\"mailto:cskh@klp.vn\">cskh@klp.vn<\/a><\/span><\/p>\n<p>Website:\u00a0<span style=\"color: #3366ff;\"><a style=\"color: #3366ff;\" href=\"https:\/\/dienmayklp.vn\/\" rel=\"nofollow noopener\" target=\"_blank\">klp.vn<\/a><\/span><\/p>\n","protected":false},"excerpt":{"rendered":"<p>M\u00e1y L\u00e0m M\u00e1t B\u1eb1ng H\u01a1i N\u01b0\u1edbc Daikiosan DK-5000C (DKA-05000C) ph\u00e2n ph\u1ed1i ch\u00ednh h\u00e3ng t\u1ea1i \u0110i\u1ec7n m\u00e1y\u00a0Kim Long Ph\u00e1t Qu\u1ea1t l\u00e0m m\u00e1t\u00a0kh\u00f4ng kh\u00ed b\u1eb1ng h\u01a1i n\u01b0\u1edbc Daikiosan DKA-05000C\u00a0thi\u1ebft k\u1ebf sang tr\u1ecdng d\u00e0nh cho gia \u0111\u00ecnh, nh\u00e0 h\u00e0ng,\u00a0s\u1ea3nh, showrom, v\u0103n ph\u00f2ng. S\u1ea3n ph\u1ea9m thu\u1ed9c d\u00f2ng cao c\u1ea5p\u00a0DAIKIO\u00a0c\u1ee7a\u00a0NAKAMI. &#8211;\u00a0T\u00ednh n\u0103ng l\u00e0m l\u1ea1nh kh\u00f4ng kh\u00ed :\u00a0Kh\u00f4ng kh\u00ed \u0111\u01b0\u1ee3c l\u00e0m [&#8230;]\n","protected":false},"featured_media":1258,"comment_status":"open","ping_status":"closed","template":"","meta":{"_acf_changed":false},"product_brand":[73],"product_cat":[82],"product_tag":[],"class_list":{"0":"post-1257","1":"product","2":"type-product","3":"status-publish","4":"has-post-thumbnail","6":"product_brand-daikio","7":"product_cat-may-lam-mat","9":"first","10":"instock","11":"taxable","12":"shipping-taxable","13":"purchasable","14":"product-type-simple"},"acf":[],"_links":{"self":[{"href":"https:\/\/songxanhwater.com\/index.php?rest_route=\/wp\/v2\/product\/1257","targetHints":{"allow":["GET"]}}],"collection":[{"href":"https:\/\/songxanhwater.com\/index.php?rest_route=\/wp\/v2\/product"}],"about":[{"href":"https:\/\/songxanhwater.com\/index.php?rest_route=\/wp\/v2\/types\/product"}],"replies":[{"embeddable":true,"href":"https:\/\/songxanhwater.com\/index.php?rest_route=%2Fwp%2Fv2%2Fcomments&post=1257"}],"wp:featuredmedia":[{"embeddable":true,"href":"https:\/\/songxanhwater.com\/index.php?rest_route=\/wp\/v2\/media\/1258"}],"wp:attachment":[{"href":"https:\/\/songxanhwater.com\/index.php?rest_route=%2Fwp%2Fv2%2Fmedia&parent=1257"}],"wp:term":[{"taxonomy":"product_brand","embeddable":true,"href":"https:\/\/songxanhwater.com\/index.php?rest_route=%2Fwp%2Fv2%2Fproduct_brand&post=1257"},{"taxonomy":"product_cat","embeddable":true,"href":"https:\/\/songxanhwater.com\/index.php?rest_route=%2Fwp%2Fv2%2Fproduct_cat&post=1257"},{"taxonomy":"product_tag","embeddable":true,"href":"https:\/\/songxanhwater.com\/index.php?rest_route=%2Fwp%2Fv2%2Fproduct_tag&post=1257"}],"curies":[{"name":"wp","href":"https:\/\/api.w.org\/{rel}","templated":true}]}}