{"id":1221,"date":"2025-03-29T08:09:56","date_gmt":"2025-03-29T08:09:56","guid":{"rendered":"https:\/\/dienmayklp.vn\/?post_type=product&#038;p=1221"},"modified":"2025-09-15T04:43:20","modified_gmt":"2025-09-15T04:43:20","slug":"may-loc-khong-khi-winix-zero-s-azsu330-hwv","status":"publish","type":"product","link":"https:\/\/songxanhwater.com\/?product=may-loc-khong-khi-winix-zero-s-azsu330-hwv","title":{"rendered":"M\u00e1y L\u1ecdc Kh\u00f4ng Kh\u00ed WINIX ZERO S AZSU330-HWV"},"content":{"rendered":"<h2>Th\u00f4ng s\u1ed1 k\u1ef9 thu\u1eadt\u00a0<span style=\"color: #3366ff;\"><a style=\"color: #3366ff;\" href=\"https:\/\/dienmayklp.vn\/may-loc-khong-khi\" rel=\"nofollow noopener\" target=\"_blank\">M\u00e1y L\u1ecdc Kh\u00f4ng Kh\u00ed<\/a>\u00a0<\/span>WINIX ZERO S AZSU330-HWV<\/h2>\n<p>&#8211; C\u00f4ng su\u1ea5t : 34 W<br \/>\n&#8211; Di\u1ec7n t\u00edch \u0111\u00e1p \u1ee9ng: 48 m2<br \/>\n&#8211; C\u00f4ng su\u1ea5t l\u1ecdc: 390 m3\/h<br \/>\n&#8211; H\u1ec7 th\u1ed1ng l\u00e0m s\u1ea1ch: B\u1ed9 l\u1ecdc 4 b\u01b0\u1edbc v\u1edbi b\u1ed9 l\u1ecdc True HEPA H13 ( \u0111\u1ed9c quy\u1ec1n c\u1ee7a Winix ) kh\u00e1ng m\u00f9i, kh\u00e1ng virut k\u1ebft h\u1ee3p c\u00f4ng ngh\u1ec7 Plasmaware t\u1ea1o ion<br \/>\n&#8211; Lo\u1ea1i b\u1ecf kh\u00f4ng ch\u1ec9 b\u1ee5i si\u00eau m\u1ecbn PM2.5 m\u00e0 c\u00f2n l\u00ean \u0111\u1ebfn 99,97% ch\u1ea5t \u00f4 nhi\u1ebfm k\u00edch th\u01b0\u1edbc 0.3 Micromet<br \/>\n&#8211; C\u1ea3m bi\u1ebfn ch\u1ea5t l\u01b0\u1ee3ng kh\u00f4ng kh\u00ed th\u00f4ng minh th\u1ec3 hi\u1ec7n qua \u0111\u00e8n LED ( T\u1ed1t \/ B\u00ecnh th\u01b0\u1eddng \/ X\u1ea5u )<br \/>\n&#8211; B\u1ed9 \u0111\u00f4i c\u1ea3m bi\u1ebfn th\u00f4ng minh: C\u1ea3m bi\u1ebfn b\u1ee5i\/ C\u1ea3m bi\u1ebfn \u00e1nh s\u00e1ng<br \/>\n&#8211; \u0110\u00e8n b\u00e1o thay b\u1ed9 l\u1ecdc<br \/>\n&#8211; L\u1ecdc kh\u00ed m\u1ea1nh m\u1ebd v\u1edbi h\u1ec7 th\u1ed1ng 1000 khe h\u00fat kh\u00ed<br \/>\n&#8211; Ch\u1ee9c n\u0103ng kh\u00f3a tr\u1ebb em<br \/>\n&#8211; \u00a03 ch\u1ebf \u0111\u1ed9 ho\u1ea1t \u0111\u1ed9ng ( t\u1ef1 \u0111\u1ed9ng\/ th\u1ee7 c\u00f4ng\/gi\u1ea5c ng\u1ee7 )<br \/>\n&#8211; B\u1ea3o h\u00e0nh 2 n\u0103m, trong n\u0103m \u0111\u1ea7u 1 \u0111\u1ed5i 1<\/p>\n<p>&nbsp;<\/p>\n<p>M\u1ecdi th\u00f4ng tin chi ti\u1ebft xin li\u00ean h\u1ec7:<\/p>\n<p><b><i>C\u00d4NG TY C\u1ed4 PH\u1ea6N TH\u01af\u01a0NG M\u1ea0I V\u00c0 X\u00c2Y D\u1ef0NG KIM LONG PH\u00c1T<\/i><\/b><\/p>\n<p><strong><i>Showroom 1:<\/i><\/strong>\u00a0228 \u0110\u01b0\u1eddng III, KDC Khang \u0110i\u1ec1n, P. Ph\u01b0\u1edbc Long B, Qu\u1eadn 9, TP.\u00a0H\u1ed3 Ch\u00ed Minh<\/p>\n<p><i><strong>Showroom 2:<\/strong>\u00a0<\/i>T\u00f2a S1.01 &#8211; 05.01. Shophouse S01 &#8211; Vinhomes Grand Park &#8211; 200 Nguy\u1ec5n Xi\u1ec3n, P.\u00a0Long Th\u1ea1nh M\u1ef9, Qu\u1eadn 9, TP. H\u1ed3 Ch\u00ed Minh<\/p>\n<p><i>Hotline t\u01b0 v\u1ea5n:<\/i>\u00a0<b>028 2253 5834<\/b><\/p>\n<p><i>\u0110\u1eb7t h\u00e0ng tr\u1ef1c tuy\u1ebfn:<\/i>\u00a0<b>0888 124 839<\/b><\/p>\n<p><i>Email:<\/i>\u00a0<span style=\"color: #3366ff;\"><a style=\"color: #3366ff;\" href=\"mailto:cskh@klp.vn?subject=Ph%E1%BA%A3n%20H%E1%BB%93i%20%C4%90i%E1%BB%87n%20M%C3%A1y%20Kim%20Long%20Ph%C3%A1t&amp;body=%C4%90i%E1%BB%87n%20M%C3%A1y%20Kim%20Long%20Ph%C3%A1t%20K%C3%ADnh%20ch%C3%A0o%20qu%C3%BD%20kh%C3%A1ch!%0AMong%20nh%E1%BA%ADn%20%C4%91%C6%B0%E1%BB%A3c%20%C3%BD%20ki%E1%BA%BFn%20ph%E1%BA%A3n%20h%E1%BB%93i%20t%E1%BB%AB%20Anh%2FCh%E1%BB%8B\">cskh@klp.vn<\/a><\/span><\/p>\n<p><i>Website:<\/i>\u00a0<span style=\"color: #3366ff;\"><a style=\"color: #3366ff;\" href=\"http:\/\/dienmayklp.vn\/\" target=\"_blank\" rel=\"noopener nofollow\">klp.vn<\/a><\/span><\/p>\n","protected":false},"excerpt":{"rendered":"<p>Th\u00f4ng s\u1ed1 k\u1ef9 thu\u1eadt\u00a0M\u00e1y L\u1ecdc Kh\u00f4ng Kh\u00ed\u00a0WINIX ZERO S AZSU330-HWV &#8211; C\u00f4ng su\u1ea5t : 34 W &#8211; Di\u1ec7n t\u00edch \u0111\u00e1p \u1ee9ng: 48 m2 &#8211; C\u00f4ng su\u1ea5t l\u1ecdc: 390 m3\/h &#8211; H\u1ec7 th\u1ed1ng l\u00e0m s\u1ea1ch: B\u1ed9 l\u1ecdc 4 b\u01b0\u1edbc v\u1edbi b\u1ed9 l\u1ecdc True HEPA H13 ( \u0111\u1ed9c quy\u1ec1n c\u1ee7a Winix ) kh\u00e1ng m\u00f9i, kh\u00e1ng virut k\u1ebft [&#8230;]\n","protected":false},"featured_media":1223,"comment_status":"open","ping_status":"closed","template":"","meta":{"_acf_changed":false},"product_brand":[101],"product_cat":[83],"product_tag":[],"class_list":{"0":"post-1221","1":"product","2":"type-product","3":"status-publish","4":"has-post-thumbnail","6":"product_brand-philips","7":"product_cat-san-pham-khac","9":"first","10":"instock","11":"taxable","12":"shipping-taxable","13":"purchasable","14":"product-type-simple"},"acf":[],"_links":{"self":[{"href":"https:\/\/songxanhwater.com\/index.php?rest_route=\/wp\/v2\/product\/1221","targetHints":{"allow":["GET"]}}],"collection":[{"href":"https:\/\/songxanhwater.com\/index.php?rest_route=\/wp\/v2\/product"}],"about":[{"href":"https:\/\/songxanhwater.com\/index.php?rest_route=\/wp\/v2\/types\/product"}],"replies":[{"embeddable":true,"href":"https:\/\/songxanhwater.com\/index.php?rest_route=%2Fwp%2Fv2%2Fcomments&post=1221"}],"wp:featuredmedia":[{"embeddable":true,"href":"https:\/\/songxanhwater.com\/index.php?rest_route=\/wp\/v2\/media\/1223"}],"wp:attachment":[{"href":"https:\/\/songxanhwater.com\/index.php?rest_route=%2Fwp%2Fv2%2Fmedia&parent=1221"}],"wp:term":[{"taxonomy":"product_brand","embeddable":true,"href":"https:\/\/songxanhwater.com\/index.php?rest_route=%2Fwp%2Fv2%2Fproduct_brand&post=1221"},{"taxonomy":"product_cat","embeddable":true,"href":"https:\/\/songxanhwater.com\/index.php?rest_route=%2Fwp%2Fv2%2Fproduct_cat&post=1221"},{"taxonomy":"product_tag","embeddable":true,"href":"https:\/\/songxanhwater.com\/index.php?rest_route=%2Fwp%2Fv2%2Fproduct_tag&post=1221"}],"curies":[{"name":"wp","href":"https:\/\/api.w.org\/{rel}","templated":true}]}}