{"id":1214,"date":"2025-03-29T08:07:33","date_gmt":"2025-03-29T08:07:33","guid":{"rendered":"https:\/\/dienmayklp.vn\/?post_type=product&#038;p=1214"},"modified":"2025-09-15T04:43:05","modified_gmt":"2025-09-15T04:43:05","slug":"may-loc-khong-khi-philips-ac1215-10","status":"publish","type":"product","link":"https:\/\/songxanhwater.com\/?product=may-loc-khong-khi-philips-ac1215-10","title":{"rendered":"M\u00e1y L\u1ecdc Kh\u00f4ng Kh\u00ed Philips AC1215\/10"},"content":{"rendered":"<h2><b>TH\u00d4NG S\u1ed0 K\u1ef8 THU\u1eacT M\u00c1Y L\u1eccC KH\u00d4NG KH\u00cd PHILIPS AC1215\/10<\/b><\/h2>\n<ul>\n<li>C\u00f4ng su\u1ea5t : 50 W<\/li>\n<li>Di\u1ec7n t\u00edch \u0111\u00e1p \u1ee9ng: 63 m2<\/li>\n<li>CADR ( h\u1ea1t nh\u1ecf ): 270* m3\/h<\/li>\n<li>L\u1ecdc h\u1ea1t nh\u1ecf c\u1ee1 0,3 Micronmet: 99,5%<\/li>\n<li>L\u1ecdc h\u1ea1t si\u00eau m\u1ecbn: 0,003 Micronmet<\/li>\n<li>Loc virut H1N1: 99,9%<\/li>\n<li>L\u1ecdc vi khu\u1ea9n: 99,9%<\/li>\n<li>V\u1eadn h\u00e0nh \u00eam \u00e1i: M\u1ee9c t\u1ed1i \u0111a 33 db(A) &#8211; B\u1ed9 l\u1ecdc NanoProtect Filtert ti\u00ean ti\u1ebfn b\u1ea3o v\u1ec7 to\u00e0n di\u1ec7n<\/li>\n<li>C\u00f4ng ngh\u1ec7 VitaShield IPS<\/li>\n<li>Ph\u1ea3n h\u1ed3i ch\u1ea5t l\u01b0\u1ee3ng kh\u00f4ng kh\u00ed: \u0110\u00e8n b\u00e1o<\/li>\n<li>AQI. C\u1ea3m bi\u1ebfn PM2.5<\/li>\n<li>Ch\u1ebf \u0111\u1ed9: 1,2,3, T\u0103ng c\u01b0\u1eddng<\/li>\n<li>Kh\u00f3a tr\u1ebb em v\u00e0 c\u1ea3nh b\u00e1o kh\u00f4ng kh\u00ed c\u00f3 l\u1ee3i cho s\u1ee9c kh\u1ecfe<\/li>\n<li>B\u1ea3ng \u0111i\u1ec7u khi\u1ec3n: C\u1ea3m \u1ee9ng<\/li>\n<li>Ch\u1ebf \u0111\u1ed9 l\u00e0m s\u1ea1ch t\u1ef1 \u0111\u1ed9ng \u0111\u1eb7c bi\u1ec7t gi\u00fap l\u1ecdc hi\u00eau qu\u1ea3 c\u00e1c ch\u1ea5t g\u00e2y \u00f4 nhi\u1ec5m<\/li>\n<li>Tu\u1ed5i th\u1ecd b\u1ed9 l\u1ecdc khuy\u1ebfn ngh\u1ecb: 12 th\u00e1ng<\/li>\n<li>B\u1ea3o h\u00e0nh 2 n\u0103m to\u00e0n c\u1ea7u<\/li>\n<\/ul>\n","protected":false},"excerpt":{"rendered":"<p>TH\u00d4NG S\u1ed0 K\u1ef8 THU\u1eacT M\u00c1Y L\u1eccC KH\u00d4NG KH\u00cd PHILIPS AC1215\/10 C\u00f4ng su\u1ea5t : 50 W Di\u1ec7n t\u00edch \u0111\u00e1p \u1ee9ng: 63 m2 CADR ( h\u1ea1t nh\u1ecf ): 270* m3\/h L\u1ecdc h\u1ea1t nh\u1ecf c\u1ee1 0,3 Micronmet: 99,5% L\u1ecdc h\u1ea1t si\u00eau m\u1ecbn: 0,003 Micronmet Loc virut H1N1: 99,9% L\u1ecdc vi khu\u1ea9n: 99,9% V\u1eadn h\u00e0nh \u00eam \u00e1i: M\u1ee9c t\u1ed1i [&#8230;]\n","protected":false},"featured_media":1215,"comment_status":"open","ping_status":"closed","template":"","meta":{"_acf_changed":false},"product_brand":[101],"product_cat":[83],"product_tag":[],"class_list":{"0":"post-1214","1":"product","2":"type-product","3":"status-publish","4":"has-post-thumbnail","6":"product_brand-philips","7":"product_cat-san-pham-khac","9":"first","10":"instock","11":"taxable","12":"shipping-taxable","13":"purchasable","14":"product-type-simple"},"acf":[],"_links":{"self":[{"href":"https:\/\/songxanhwater.com\/index.php?rest_route=\/wp\/v2\/product\/1214","targetHints":{"allow":["GET"]}}],"collection":[{"href":"https:\/\/songxanhwater.com\/index.php?rest_route=\/wp\/v2\/product"}],"about":[{"href":"https:\/\/songxanhwater.com\/index.php?rest_route=\/wp\/v2\/types\/product"}],"replies":[{"embeddable":true,"href":"https:\/\/songxanhwater.com\/index.php?rest_route=%2Fwp%2Fv2%2Fcomments&post=1214"}],"wp:featuredmedia":[{"embeddable":true,"href":"https:\/\/songxanhwater.com\/index.php?rest_route=\/wp\/v2\/media\/1215"}],"wp:attachment":[{"href":"https:\/\/songxanhwater.com\/index.php?rest_route=%2Fwp%2Fv2%2Fmedia&parent=1214"}],"wp:term":[{"taxonomy":"product_brand","embeddable":true,"href":"https:\/\/songxanhwater.com\/index.php?rest_route=%2Fwp%2Fv2%2Fproduct_brand&post=1214"},{"taxonomy":"product_cat","embeddable":true,"href":"https:\/\/songxanhwater.com\/index.php?rest_route=%2Fwp%2Fv2%2Fproduct_cat&post=1214"},{"taxonomy":"product_tag","embeddable":true,"href":"https:\/\/songxanhwater.com\/index.php?rest_route=%2Fwp%2Fv2%2Fproduct_tag&post=1214"}],"curies":[{"name":"wp","href":"https:\/\/api.w.org\/{rel}","templated":true}]}}