{"id":1201,"date":"2025-03-29T08:05:05","date_gmt":"2025-03-29T08:05:05","guid":{"rendered":"https:\/\/dienmayklp.vn\/?post_type=product&#038;p=1201"},"modified":"2025-06-09T13:09:09","modified_gmt":"2025-06-09T13:09:09","slug":"may-loc-khong-khi-philips-ac0820-10","status":"publish","type":"product","link":"https:\/\/songxanhwater.com\/?product=may-loc-khong-khi-philips-ac0820-10","title":{"rendered":"M\u00e1y L\u1ecdc Kh\u00f4ng Kh\u00ed Philips AC0820\/10"},"content":{"rendered":"<section class=\"section sec_tab \">\n<div class=\"container card py-2\">\n<div class=\"rte product_getcontent py-3 pos-relative\">\n<div id=\"content\">\n<div id=\"ega-uti-editable-content\" data-platform=\"sapo\" data-id=\"19621224\">\n<h2><b>Th\u00f4ng S\u1ed1 K\u1ef9 Thu\u1eadt\u00a0<\/b><span style=\"color: #3366ff;\"><b><a style=\"color: #3366ff;\" href=\"https:\/\/dienmayklp.vn\/may-loc-khong-khi\" rel=\"nofollow noopener\" target=\"_blank\">M\u00e1y L\u1ecdc Kh\u00f4ng Kh\u00ed<\/a><\/b><\/span><b><span style=\"color: #3366ff;\">\u00a0<\/span>Philips AC0820\/10: \u0111\u01b0\u1ee3c ph\u00e2n ph\u1ed1i ch\u00ednh h\u00e3ng t\u1ea1i\u00a0<\/b><span style=\"color: #3366ff;\"><b><a style=\"color: #3366ff;\" href=\"https:\/\/dienmayklp.vn\/\" rel=\"nofollow noopener\" target=\"_blank\">\u0111i\u1ec7n m\u00e1y Kim Long Ph\u00e1t<\/a><\/b><\/span><\/h2>\n<ul>\n<li>C\u00f4ng su\u1ea5t : 22 W<\/li>\n<li>Di\u1ec7n t\u00edch \u0111\u00e1p \u1ee9ng: 49 m2<\/li>\n<li>CADR ( h\u1ea1t nh\u1ecf ): 190* m3\/h<\/li>\n<li>L\u1ecdc h\u1ea1t nh\u1ecf c\u1ee1 0,3 Micronmet: 99,5%<\/li>\n<li>L\u1ecdc h\u1ea1t si\u00eau m\u1ecbn: 0,003 Micronmet<\/li>\n<li>Loc virut H1N1: 99,9%<\/li>\n<li>L\u1ecdc vi khu\u1ea9n: 99%<\/li>\n<li>V\u1eadn h\u00e0nh \u00eam \u00e1i: M\u1ee9c t\u1ed1i \u0111a 35 db(A)<\/li>\n<li>C\u00f4ng ngh\u1ec7 AeraSense<\/li>\n<li>Ph\u1ea3n h\u1ed3i ch\u1ea5t l\u01b0\u1ee3ng kh\u00f4ng kh\u00ed: \u0110\u00e8n b\u00e1o<\/li>\n<li>AQI. C\u1ea3m bi\u1ebfn PM2.5<\/li>\n<li>Ch\u1ebf \u0111\u1ed9: T\u1ef1 \u0111\u1ed9ng, Ngh\u1ec9, T\u0103ng c\u01b0\u1eddng<\/li>\n<li>Kh\u00f3a v\u00e0 c\u1ea3nh b\u00e1o kh\u00f4ng kh\u00ed c\u00f3 l\u1ee3i cho s\u1ee9c kh\u1ecfe<\/li>\n<li>B\u1ea3ng \u0111i\u1ec7u khi\u1ec3n: C\u1ea3m \u1ee9ng<\/li>\n<li>Tu\u1ed5i th\u1ecd b\u1ed9 l\u1ecdc khuy\u1ebfn ngh\u1ecb: 12 th\u00e1ng<\/li>\n<li>B\u1ea3o h\u00e0nh 2 n\u0103m to\u00e0n c\u1ea7u<\/li>\n<\/ul>\n<p>M\u1ecdi th\u00f4ng tin chi ti\u1ebft xin li\u00ean h\u1ec7:<\/p>\n<p><b><i>C\u00d4NG TY C\u1ed4 PH\u1ea6N TH\u01af\u01a0NG M\u1ea0I V\u00c0 X\u00c2Y D\u1ef0NG KIM LONG PH\u00c1T<\/i><\/b><\/p>\n<p><strong><i>Showroom 1:<\/i><\/strong>\u00a0228 \u0110\u01b0\u1eddng III, KDC Khang \u0110i\u1ec1n, P. Ph\u01b0\u1edbc Long B, Qu\u1eadn 9, TP.\u00a0H\u1ed3 Ch\u00ed Minh<\/p>\n<p><i><strong>Showroom 2:<\/strong>\u00a0<\/i>T\u00f2a S1.01 &#8211; 05.01. Shophouse S01 &#8211; Vinhomes Grand Park &#8211; 200 Nguy\u1ec5n Xi\u1ec3n, P.\u00a0Long Th\u1ea1nh M\u1ef9, Qu\u1eadn 9, TP. H\u1ed3 Ch\u00ed Minh<\/p>\n<p><i>Hotline t\u01b0 v\u1ea5n:<\/i>\u00a0<b>028 2253 5834<\/b><\/p>\n<p><i>\u0110\u1eb7t h\u00e0ng tr\u1ef1c tuy\u1ebfn:<\/i>\u00a0<b>0888 124 839<\/b><\/p>\n<p><i>Email:<\/i>\u00a0<span style=\"color: #3366ff;\"><a style=\"color: #3366ff;\" href=\"mailto:cskh@klp.vn?subject=Ph%E1%BA%A3n%20H%E1%BB%93i%20%C4%90i%E1%BB%87n%20M%C3%A1y%20Kim%20Long%20Ph%C3%A1t&amp;body=%C4%90i%E1%BB%87n%20M%C3%A1y%20Kim%20Long%20Ph%C3%A1t%20K%C3%ADnh%20ch%C3%A0o%20qu%C3%BD%20kh%C3%A1ch!%0AMong%20nh%E1%BA%ADn%20%C4%91%C6%B0%E1%BB%A3c%20%C3%BD%20ki%E1%BA%BFn%20ph%E1%BA%A3n%20h%E1%BB%93i%20t%E1%BB%AB%20Anh%2FCh%E1%BB%8B\">cskh@klp.vn<\/a><\/span><\/p>\n<p><i>Website:<\/i>\u00a0<span style=\"color: #3366ff;\"><a style=\"color: #3366ff;\" href=\"http:\/\/dienmayklp.vn\/\" target=\"_blank\" rel=\"noopener nofollow\">klp.vn<\/a><\/span><\/p>\n<\/div>\n<\/div>\n<\/div>\n<\/div>\n<\/section>\n<section class=\"section\">\n<div class=\"container card py-2\">\n<div class=\"title_module section heading-bar d-flex justify-content-between align-items-center\"><\/div>\n<\/div>\n<\/section>\n","protected":false},"excerpt":{"rendered":"<p>Th\u00f4ng S\u1ed1 K\u1ef9 Thu\u1eadt\u00a0M\u00e1y L\u1ecdc Kh\u00f4ng Kh\u00ed\u00a0Philips AC0820\/10: \u0111\u01b0\u1ee3c ph\u00e2n ph\u1ed1i ch\u00ednh h\u00e3ng t\u1ea1i\u00a0\u0111i\u1ec7n m\u00e1y Kim Long Ph\u00e1t C\u00f4ng su\u1ea5t : 22 W Di\u1ec7n t\u00edch \u0111\u00e1p \u1ee9ng: 49 m2 CADR ( h\u1ea1t nh\u1ecf ): 190* m3\/h L\u1ecdc h\u1ea1t nh\u1ecf c\u1ee1 0,3 Micronmet: 99,5% L\u1ecdc h\u1ea1t si\u00eau m\u1ecbn: 0,003 Micronmet Loc virut H1N1: 99,9% L\u1ecdc vi [&#8230;]\n","protected":false},"featured_media":1203,"comment_status":"open","ping_status":"closed","template":"","meta":{"_acf_changed":false},"product_brand":[101],"product_cat":[83],"product_tag":[],"class_list":{"0":"post-1201","1":"product","2":"type-product","3":"status-publish","4":"has-post-thumbnail","6":"product_brand-philips","7":"product_cat-san-pham-khac","9":"first","10":"instock","11":"taxable","12":"shipping-taxable","13":"purchasable","14":"product-type-simple"},"acf":[],"_links":{"self":[{"href":"https:\/\/songxanhwater.com\/index.php?rest_route=\/wp\/v2\/product\/1201","targetHints":{"allow":["GET"]}}],"collection":[{"href":"https:\/\/songxanhwater.com\/index.php?rest_route=\/wp\/v2\/product"}],"about":[{"href":"https:\/\/songxanhwater.com\/index.php?rest_route=\/wp\/v2\/types\/product"}],"replies":[{"embeddable":true,"href":"https:\/\/songxanhwater.com\/index.php?rest_route=%2Fwp%2Fv2%2Fcomments&post=1201"}],"wp:featuredmedia":[{"embeddable":true,"href":"https:\/\/songxanhwater.com\/index.php?rest_route=\/wp\/v2\/media\/1203"}],"wp:attachment":[{"href":"https:\/\/songxanhwater.com\/index.php?rest_route=%2Fwp%2Fv2%2Fmedia&parent=1201"}],"wp:term":[{"taxonomy":"product_brand","embeddable":true,"href":"https:\/\/songxanhwater.com\/index.php?rest_route=%2Fwp%2Fv2%2Fproduct_brand&post=1201"},{"taxonomy":"product_cat","embeddable":true,"href":"https:\/\/songxanhwater.com\/index.php?rest_route=%2Fwp%2Fv2%2Fproduct_cat&post=1201"},{"taxonomy":"product_tag","embeddable":true,"href":"https:\/\/songxanhwater.com\/index.php?rest_route=%2Fwp%2Fv2%2Fproduct_tag&post=1201"}],"curies":[{"name":"wp","href":"https:\/\/api.w.org\/{rel}","templated":true}]}}