{"id":1147,"date":"2025-03-29T07:32:47","date_gmt":"2025-03-29T07:32:47","guid":{"rendered":"https:\/\/dienmayklp.vn\/?post_type=product&#038;p=1147"},"modified":"2025-03-29T22:42:05","modified_gmt":"2025-03-29T22:42:05","slug":"may-loc-nuoc-klp-3736uf","status":"publish","type":"product","link":"https:\/\/songxanhwater.com\/?product=may-loc-nuoc-klp-3736uf","title":{"rendered":"M\u00e1y L\u1ecdc N\u01b0\u1edbc KLP 3736UF"},"content":{"rendered":"<p>M\u00e1y l\u1ecdc n\u01b0\u1edbc hi\u1ec7n nay l\u00e0 thi\u1ebft b\u1ecb qu\u00e1 \u0111\u1ed7i quen thu\u1ed9c v\u1edbi nhi\u1ec1u ng\u01b0\u1eddi v\u00ec c\u00f3 kh\u1ea3 n\u0103ng l\u1ecdc s\u1ea1ch vi khu\u1ea9n, c\u1eb7n b\u1ea9n, kim lo\u1ea1i n\u1eb7ng&#8230; trong ngu\u1ed3n n\u01b0\u1edbc h\u00e0ng ng\u00e0y m\u00e0 m\u1eaft th\u01b0\u1eddng kh\u00f4ng th\u1ea5y \u0111\u01b0\u1ee3c. H\u00f4m nay,\u00a0<span style=\"color: #3366ff;\"><a style=\"color: #3366ff;\" href=\"https:\/\/dienmayklp.vn\/\" target=\"_blank\" rel=\"noopener nofollow\">\u0110i\u1ec7n M\u00e1y\u00a0Kim Long Ph\u00e1t<\/a>\u00a0<\/span>xin gi\u1edbi thi\u1ec7u<strong>\u00a0m\u00e1y l\u1ecdc n\u01b0\u1edbc gi\u00e1 r\u1ebb\u00a0KLP 3736UF<\/strong>, thi\u1ebft b\u1ecb c\u00f3 hi\u1ec7u qu\u1ea3 cao trong qu\u00e1 tr\u00ecnh l\u1ecdc n\u01b0\u1edbc, v\u1edbi m\u1ee9c chi ph\u00ed v\u1eeba ph\u1ea3i, ph\u00f9 h\u1ee3p thu nh\u1eadp gia \u0111\u00ecnh.<\/p>\n<p>&nbsp;<\/p>\n<h2><span style=\"color: #3366ff;\">I. T\u00ecnh tr\u1ea1ng ngu\u1ed3n n\u01b0\u1edbc hi\u1ec7n nay<\/span><\/h2>\n<p>Theo s\u1ed1 li\u1ec7u m\u1edbi nh\u1ea5t c\u1ee7a B\u1ed9 Y t\u1ebf Vi\u1ec7t Nam, trung b\u00ecnh m\u1ed7i n\u0103m c\u00f3 9.000 ng\u01b0\u1eddi t\u1eed vong v\u00ec li\u00ean quan \u0111\u1ebfn s\u1eed d\u1ee5ng ngu\u1ed3n n\u01b0\u1edbc \u00f4 nhi\u1ec5m, tr\u00ean 100.000 tr\u01b0\u1eddng h\u1ee3p m\u1eafc ung th\u01b0 m\u1edbi \u0111\u01b0\u1ee3c ph\u00e1t hi\u1ec7n m\u00e0 nguy\u00ean nh\u00e2n ch\u00ednh do ngu\u1ed3n n\u01b0\u1edbc kh\u00f4ng an to\u00e0n.<\/p>\n<p>&nbsp;<\/p>\n<p>Ngu\u1ed3n n\u01b0\u1edbc gi\u1ebfng khoan t\u1ea1i n\u00f4ng th\u00f4n hay n\u01b0\u1edbc m\u00e1y \u0111\u00e3 qua x\u1eed l\u00fd c\u00f3 th\u1ec3 xem l\u00e0 an to\u00e0n, nh\u01b0ng c\u00e1c bi\u1ec7n ph\u00e1p x\u1eed l\u00fd n\u01b0\u1edbc cho t\u1eebng h\u1ed9 gia \u0111\u00ecnh s\u1ebd th\u00edch h\u1ee3p h\u01a1n, l\u00e0m t\u0103ng kh\u1ea3 n\u0103ng ng\u1eeba c\u00e1c b\u1ec7nh t\u1eadt do n\u01b0\u1edbc g\u00e2y ra.<\/p>\n<p>&nbsp;<\/p>\n<p>M\u00e1y l\u1ecdc n\u01b0\u1edbc gia \u0111\u00ecnh KLP 3736UF 3 th\u00f4 7 c\u1ea5p do \u0110i\u1ec7n M\u00e1y Kim Long Ph\u00e1t \u0111\u1ea7u t\u01b0 v\u00e0 ph\u00e1t tri\u1ec3n v\u1edbi 3 l\u00f5i l\u1ecdc th\u00f4 v\u00e0 4 l\u00f5i UF, \u0111\u01b0\u1ee3c trang b\u1ecb m\u00e1y b\u01a1m 36V, m\u00e1y l\u1ecdc n\u01b0\u1edbc gia \u0111\u00ecnh n\u00e0y c\u00f3 t\u00e1c d\u1ee5ng l\u1ecdc c\u00e1c t\u1ea1p ch\u1ea5t, b\u00f9n \u0111\u1ea5t, r\u1ec9 s\u00e9t c\u1eb7n b\u1ea9n v\u00e0 c\u00e1c t\u1ea1p ch\u1ea5t l\u01a1 l\u1eedng trong n\u01b0\u1edbc&#8230; l\u00e0m cho n\u01b0\u1edbc trong v\u00e0 s\u1ea1ch h\u01a1n. \u0110\u00e2y l\u00e0 s\u1ea3n ph\u1ea9m ph\u00f9 h\u1ee3p v\u1edbi t\u1eebng h\u1ed9 gia \u0111\u00ecnh.<\/p>\n<p>&nbsp;<\/p>\n<p>H\u00e3y c\u00f9ng Kim Long Ph\u00e1t (dienmayklp) t\u00ecm hi\u1ec3u r\u00f5 h\u01a1n v\u1ec1 c\u1ea5u t\u1ea1o, t\u00ednh n\u0103ng, c\u00f4ng d\u1ee5ng c\u1ee7a m\u00e1y l\u1ecdc n\u01b0\u1edbc gi\u00e1 r\u1ebb\u00a0KLP 3736UF ngay sau \u0111\u00e2y, n\u1ebfu c\u00f3 nh\u1eefng c\u00e2u h\u1ecfi li\u00ean quan, h\u00e3y li\u00ean h\u1ec7 ch\u00fang t\u00f4i qua s\u1ed1 \u0111i\u1ec7n tho\u1ea1i:\u00a0<span style=\"color: #ff0000;\"><b>1900 571 230<\/b><\/span>\u00a0ho\u1eb7c Chat t\u1ea1i\u00a0Website:\u00a0<span style=\"color: #3366ff;\"><a style=\"color: #3366ff;\" href=\"https:\/\/dienmayklp.vn\/\" target=\"_blank\" rel=\"noopener nofollow\">klp.vn<\/a><\/span><\/p>\n<p>&nbsp;<\/p>\n<h2><span style=\"color: #3366ff;\">II. M\u00e1y l\u1ecdc n\u01b0\u1edbc KLP 3736UF<\/span><\/h2>\n<h3><span style=\"color: #3366ff;\">1. Thi\u1ebft k\u1ebf hi\u1ec7n \u0111\u1ea1i<\/span><\/h3>\n<p>So v\u1edbi c\u00e1c m\u00e1y l\u1ecdc n\u01b0\u1edbc c\u00f9ng lo\u1ea1i kh\u00e1c, m\u00e1y l\u1ecdc n\u01b0\u1edbc gia \u0111\u00ecnh KLP 3746UF c\u00f3 thi\u1ebft k\u1ebf v\u00f4 c\u00f9ng hi\u1ec7n \u0111\u1ea1i, nh\u1ecf g\u1ecdn, gi\u00fap b\u1ea1n ti\u1ebft ki\u1ec7m \u0111\u01b0\u1ee3c kh\u00e1 nhi\u1ec1u kh\u00f4ng gian l\u1eafp \u0111\u1eb7t. V\u1ecf m\u00e1y l\u00e0m b\u1eb1ng nh\u1ef1a cao c\u1ea5p, c\u1ee9ng, h\u1ea1n ch\u1ebf tr\u1ea7y x\u01b0\u1edbc v\u00e0 c\u00f2n d\u1ec5 d\u00e0ng th\u00e1o r\u1eddi khi v\u1ec7 sinh c\u1ea7n thi\u1ebft.<\/p>\n<p>&nbsp;<\/p>\n<p><img loading=\"lazy\" decoding=\"async\" class=\"size-medium wp-image-2292 aligncenter\" src=\"https:\/\/dienmayklp.vn\/wp-content\/uploads\/2025\/03\/may-loc-nuoc-khong-vo-tu-klp-3736uf-dienmayklp-vn-400x400.jpg\" alt=\"\" width=\"400\" height=\"400\" srcset=\"https:\/\/songxanhwater.com\/wp-content\/uploads\/2025\/03\/may-loc-nuoc-khong-vo-tu-klp-3736uf-dienmayklp-vn-400x400.jpg 400w, https:\/\/songxanhwater.com\/wp-content\/uploads\/2025\/03\/may-loc-nuoc-khong-vo-tu-klp-3736uf-dienmayklp-vn-280x280.jpg 280w, https:\/\/songxanhwater.com\/wp-content\/uploads\/2025\/03\/may-loc-nuoc-khong-vo-tu-klp-3736uf-dienmayklp-vn-300x300.jpg 300w, https:\/\/songxanhwater.com\/wp-content\/uploads\/2025\/03\/may-loc-nuoc-khong-vo-tu-klp-3736uf-dienmayklp-vn-100x100.jpg 100w, https:\/\/songxanhwater.com\/wp-content\/uploads\/2025\/03\/may-loc-nuoc-khong-vo-tu-klp-3736uf-dienmayklp-vn.jpg 450w\" sizes=\"auto, (max-width: 400px) 100vw, 400px\" \/><\/p>\n<p>&nbsp;<\/p>\n<h3><span style=\"color: #3366ff;\">2. C\u1ea5u t\u1ea1o, ch\u1ee9c n\u0103ng c\u1ee7a m\u00e1y l\u1ecdc n\u01b0\u1edbc KLP 3736UF<\/span><\/h3>\n<p>Thi\u1ebft b\u1ecb l\u1ecdc n\u01b0\u1edbc KLP 3736UF l\u00e0 s\u1ea3n ph\u1ea9m c\u1ea7n thi\u1ebft cho m\u1ed7i gia \u0111\u00ecnh. Thi\u1ebft b\u1ecb l\u1ecdc n\u01b0\u1edbc n\u00e0y v\u1edbi 3 l\u00f5i th\u00f4 v\u00e0 4 l\u00f5i UF c\u00f3 kh\u1ea3 n\u0103ng l\u1ecdc b\u1ecf c\u00e1c t\u1ea1p ch\u1ea5t c\u00f3 trong n\u01b0\u1edbc, c\u00e1c kim lo\u1ea1i v\u00e0 b\u1ed5 sung kho\u00e1ng ch\u1ea5t c\u00f3 l\u1ee3i cho c\u01a1 th\u1ec3. M\u00e1y l\u1ecdc th\u00f4 KLP 3736UF \u0111\u1eb7c bi\u1ec7t c\u00f3 th\u00eam b\u01a1m 36V \u0111\u1ec3 \u0111i\u1ec1u ti\u1ebft ngu\u1ed3n n\u01b0\u1edbc cho b\u1ed9 ti\u1ec1n l\u1ecdc.<\/p>\n<p>&nbsp;<\/p>\n<p><span style=\"color: #3366ff;\">C\u00e1c l\u00f5i th\u00f4<\/span><\/p>\n<p>L\u00f5i l\u1ecdc s\u1ed1 1: L\u1ecdc b\u00f4ng PP 10\u2019\u2019, m\u00e1y c\u00f3 kh\u1ea3 n\u0103ng l\u1ecdc s\u1ea1ch c\u00e1c ch\u1ea5t c\u1eb7n b\u1ea9n, b\u00f9n \u0111\u1ea5t, r\u1ec9 s\u00e9t, c\u00e1t v\u00e0 r\u00eau c\u00f3 trong n\u01b0\u1edbc. M\u00e1y l\u1ecdc n\u01b0\u1edbc kh\u00f4ng v\u1ecf\u00a0KLP 3736UF l\u1ecdc \u0111\u01b0\u1ee3c c\u00e1c t\u1ea1p ch\u1ea5t c\u00f3 k\u00edch th\u01b0\u1edbc kho\u1ea3ng 0.5 micron l\u1eabn trong n\u01b0\u1edbc, gi\u00fap cho c\u00e1c thi\u1ebft b\u1ecb ph\u00f2ng t\u1eafm, m\u00e1y n\u01b0\u1edbc n\u00f3ng&#8230; kh\u00f4ng b\u1ecb \u0111\u00f3ng c\u1eb7n \u1edf b\u1ec1 m\u1eb7t v\u00e0 t\u0103ng tu\u1ed5i th\u1ecd c\u00e1c thi\u1ebft b\u1ecb.<\/p>\n<p>L\u00f5i l\u1ecdc s\u1ed1 2: l\u00f5i OCB \u0111\u01b0\u1ee3c c\u1ea5u t\u1ea1o b\u1edfi than ho\u1ea1t t\u00ednh v\u00e0 v\u1eadt li\u1ec7u kh\u1eed Clo trong n\u01b0\u1edbc. Than ho\u1ea1t t\u00ednh nh\u01b0 \u0111\u00e3 bi\u1ebft c\u00f3 t\u00ednh h\u1ea5p th\u1ee5 nhanh, do \u0111\u00f3 h\u1ea5p th\u1ee5 m\u1ea1nh c\u00e1c ch\u1ea5t g\u00e2y m\u00f9i, c\u00e1c ch\u1ea5t nh\u1eddn v\u00e0 ch\u1ea5t h\u1eefu c\u01a1 h\u00f2a tan trong n\u01b0\u1edbc.<\/p>\n<p>L\u00f5i l\u1ecdc s\u1ed1 3: L\u00f5i l\u1ecdc s\u1ed1 3 l\u00e0 l\u00f5i CTO, \u0111\u01b0\u1ee3c c\u1ea5u t\u1ea1o t\u1eeb than ho\u1ea1t t\u00ednh cao d\u1ea1ng b\u00e1nh \u00e9p, s\u1ebd h\u1ea5p th\u1ee5 c\u00e1c ch\u1ea5t nh\u1ea7y, asen, c\u00e1c ch\u1ea5t \u0111\u1ed9c h\u1ea1i kh\u00e1c, ng\u0103n c\u00e1c ch\u1ea5t Oxy h\u00f3a g\u00e2y h\u01b0 h\u1ecfng m\u00e0ng l\u1ecdc UF.<\/p>\n<p>&nbsp;<\/p>\n<p><span style=\"color: #3366ff;\">C\u00e1c l\u00f5i UF<\/span><\/p>\n<p>M\u00e1y l\u1ecdc n\u01b0\u1edbc gia \u0111\u00ecnh KLP 3736UF do Kim Long Ph\u00e1t\u00a0\u0111\u1ea7u t\u01b0 v\u00e0 ph\u00e1t tri\u1ec3n s\u1eed d\u1ee5ng c\u00f4ng ngh\u1ec7 l\u1ecdc n\u01b0\u1edbc UF ti\u00ean ti\u1ebfn. L\u00f5i l\u1ecdc UF c\u00f3 kh\u1ea3 n\u0103ng l\u1ecdc n\u01b0\u1edbc m\u00e0 kh\u00f4ng c\u1ea7n s\u1eed d\u1ee5ng h\u00f3a ch\u1ea5t trong qu\u00e1 tr\u00ecnh l\u1ecdc.<\/p>\n<p>L\u00f5i Sediment: gi\u00fap lo\u1ea1i b\u1ecf tri\u1ec7t \u0111\u1ec3 c\u00e1c t\u1ea1o ch\u1ea5t trong n\u01b0\u1edbc c\u00f2n s\u00f3t l\u1ea1i sau khi \u0111i qua c\u00e1c l\u00f5i l\u1ecdc th\u00f4.<\/p>\n<p>L\u00f5i Pre Carbon \u0111\u01b0\u1ee3c c\u1ea5u t\u1ea1o d\u1ea1ng h\u1ea1t, lo\u1ea1i b\u1ecf c\u00e1c ch\u1ea5t h\u1eefu c\u01a1 v\u00e0 kim lo\u1ea1i n\u1eb7ng.<\/p>\n<p>L\u00f5i Post Carbon ng\u0103n ng\u1eeba s\u1ef1 ph\u00e1t tri\u1ec3n c\u1ee7a vi khu\u1ea9n, l\u00e0m m\u1ec1m n\u01b0\u1edbc, \u1ed5n \u0111\u1ecbnh v\u1ecb ng\u1ecdt t\u1ef1 nhi\u00ean c\u1ee7a n\u01b0\u1edbc.<\/p>\n<p>L\u00f5i UF: l\u00f5i n\u00e0y gi\u00fap lo\u1ea1i b\u1ecf ho\u00e0n to\u00e0n c\u00e1c vi khu\u1ea9n v\u00e0 t\u1ea1p ch\u1ea5t c\u00f2n s\u00f3t trong qu\u00e1 tr\u00ecnh l\u1ecdc v\u00e0 ch\u1ec9 gi\u1eef l\u1ea1i n\u01b0\u1edbc s\u1ea1ch c\u00f3 th\u00e0nh ph\u1ea7n kho\u00e1ng ch\u1ea5t t\u1ed1t cho c\u01a1 th\u1ec3.<\/p>\n<p>&nbsp;<\/p>\n<p><img loading=\"lazy\" decoding=\"async\" class=\"size-medium wp-image-2291 aligncenter\" src=\"https:\/\/dienmayklp.vn\/wp-content\/uploads\/2025\/03\/may-loc-nuoc-khong-vo-tu-klp-3736uf-2-dienmayklp-vn-400x400.jpg\" alt=\"\" width=\"400\" height=\"400\" srcset=\"https:\/\/songxanhwater.com\/wp-content\/uploads\/2025\/03\/may-loc-nuoc-khong-vo-tu-klp-3736uf-2-dienmayklp-vn-400x400.jpg 400w, https:\/\/songxanhwater.com\/wp-content\/uploads\/2025\/03\/may-loc-nuoc-khong-vo-tu-klp-3736uf-2-dienmayklp-vn-280x280.jpg 280w, https:\/\/songxanhwater.com\/wp-content\/uploads\/2025\/03\/may-loc-nuoc-khong-vo-tu-klp-3736uf-2-dienmayklp-vn-300x300.jpg 300w, https:\/\/songxanhwater.com\/wp-content\/uploads\/2025\/03\/may-loc-nuoc-khong-vo-tu-klp-3736uf-2-dienmayklp-vn-100x100.jpg 100w, https:\/\/songxanhwater.com\/wp-content\/uploads\/2025\/03\/may-loc-nuoc-khong-vo-tu-klp-3736uf-2-dienmayklp-vn.jpg 450w\" sizes=\"auto, (max-width: 400px) 100vw, 400px\" \/><\/p>\n<p>&nbsp;<\/p>\n<p><span style=\"color: #3366ff;\">B\u01a1m 36V<\/span><\/p>\n<p>B\u01a1m t\u0103ng \u00e1p 36V l\u00e0 thi\u1ebft b\u1ecb quan tr\u1ecdng c\u1ee7a m\u00e1y l\u1ecdc n\u01b0\u1edbc gi\u00e1 r\u1ebb KLP 3736UF. B\u01a1m t\u0103ng \u00e1p n\u00e0y \u0111\u01b0\u1ee3c s\u1eed d\u1ee5ng \u0111\u1ec3 \u0111i\u1ec1u ti\u1ebft ngu\u1ed3n n\u01b0\u1edbc v\u1eeba h\u00fat, v\u1eeba \u0111\u1ea9y qua c\u00e1c c\u1ea5p l\u1ecdc c\u1ee7a m\u00e1y l\u1ecdc n\u01b0\u1edbc gia \u0111\u00ecnh, gi\u00fap t\u1ea1o \u00e1p l\u1ef1c \u0111\u1ea9y n\u01b0\u1edbc qua m\u00e0ng UF, t\u1ea1o ra ngu\u1ed3n n\u01b0\u1edbc s\u1ea1ch, tinh khi\u1ebft h\u01a1n.<\/p>\n<p>&nbsp;<\/p>\n<p>\u0110\u01b0\u1ee3c th\u00e0nh l\u1eadp t\u1eeb n\u0103m 2009 cho \u0111\u1ebfn nay. \u0110i\u1ec7n m\u00e1y Kim Long Ph\u00e1t lu\u00f4n l\u00e0 \u0111\u01a1n v\u1ecb uy t\u00edn \u0111\u01b0\u1ee3c kh\u00e1ch h\u00e0ng tin t\u01b0\u1edfng. Nh\u01b0ng kh\u00f4ng d\u1eebng l\u1ea1i \u1edf \u0111\u00f3 Kim Long Ph\u00e1t lu\u00f4n lu\u00f4n c\u1ed1 g\u1eafng ph\u1ea5n \u0111\u1ea5u mang nhi\u1ec1u gi\u00e1 tr\u1ecb \u0111\u1ebfn cho kh\u00e1ch h\u00e0ng, \u0110\u1eb7c bi\u1ec7t l\u00e0 mang \u0111\u1ebfn ngu\u1ed3n n\u01b0\u1edbc s\u1ea1ch t\u1ed1t cho s\u1ee9c kh\u1ecfe. Ngo\u00e0i ra b\u1ea1n s\u1ebd an t\u00e2m h\u01a1n khi \u0111\u1ebfn v\u1edbi \u0111i\u1ec7n m\u00e1y Kim Long Ph\u00e1t v\u1edbi nhi\u1ec1u \u01b0u \u0111\u00e3i nh\u01b0:<\/p>\n<p><em>\u2022 Gi\u00e1 c\u1ea3 c\u1ea1nh tranh tr\u00ean to\u00e0n qu\u1ed1c \u2013 \u0110\u1eb7t l\u1ee3i \u00edch kh\u00e1ch h\u00e0ng l\u00ean h\u00e0ng \u0111\u1ea7u<\/em><\/p>\n<p><em>\u2022 Ho\u00e0n ti\u1ec1n 300% n\u1ebfu ph\u00e1t hi\u1ec7n h\u00e0ng gi\u1ea3, h\u00e0ng nh\u00e1i, linh ki\u1ec7n k\u00e9m ch\u1ea5t l\u01b0\u1ee3ng.<\/em><\/p>\n<p><em>\u2022 S\u1ea3n ph\u1ea9m ch\u00ednh h\u00e3ng \u2013 L\u1ea5y uy t\u00edn l\u00e0m ph\u01b0\u01a1ng ch\u00e2m ho\u1ea1t \u0111\u1ed9ng<\/em><\/p>\n<p><em>\u2022 H\u1ed7 tr\u1ee3 tr\u1ea3 g\u00f3p 0% &#8211; X\u00e9t duy\u1ec7t nhanh ch\u00f3ng, b\u1ea3o m\u1eadt<\/em><\/p>\n<p><em>\u2022 Giao h\u00e0ng mi\u1ec5n ph\u00ed trong n\u1ed9i th\u00e0nh \u2013 L\u1eafp \u0111\u1eb7t v\u00e0 thi\u1ebft k\u1ebf chuy\u00ean nghi\u1ec7p<\/em><\/p>\n<p><em>\u2022 \u0110\u1ed9i ng\u0169 CSKH v\u00e0 K\u1ef9 thu\u1eadt gi\u00e0u kinh nghi\u1ec7m<\/em><\/p>\n<p>Xem th\u00eam:\u00a0<span style=\"color: #00aae7;\"><a style=\"color: #00aae7;\" href=\"https:\/\/dienmayklp.vn\/may-loc-nuoc-klp-3736uvuf\" target=\"_blank\" rel=\"noopener nofollow\"><em>M\u00e1y l\u1ecdc n\u01b0\u1edbc KLP 3736UVUF<\/em><\/a><\/span><\/p>\n<p>&nbsp;<\/p>\n<h3><span style=\"color: #3366ff;\">3. C\u01a1 ch\u1ebf v\u1eadn h\u00e0nh<\/span><\/h3>\n<p>C\u01a1 ch\u1ebf l\u1ecdc c\u1ee7a m\u00e1y l\u1ecdc n\u01b0\u1edbc gia \u0111\u00ecnh KLP 3736UF \u0111\u01b0\u1ee3c hi\u1ec3u \u0111\u01a1n gi\u1ea3n g\u1ed3m 2 giai \u0111o\u1ea1n:<\/p>\n<p>Giai \u0111o\u1ea1n 1: N\u01b0\u1edbc t\u1eeb ngu\u1ed3n n\u01b0\u1edbc \u0111\u1ecba ph\u01b0\u01a1ng s\u1ebd \u0111\u01b0\u1ee3c b\u01a1m 36V b\u01a1m v\u00e0o 3 l\u00f5i l\u1ecdc th\u00f4 c\u1ee7a thi\u1ebft b\u1ecb l\u1ecdc n\u01b0\u1edbc KLP 3736UF gi\u00fap lo\u1ea1i b\u1ecf c\u00e1c t\u1ea1p ch\u1ea5t, c\u00e1c ch\u1ea5t \u0111\u1ed9c h\u1ea1i. Th\u1ee9 t\u1ef1 \u0111i t\u1eeb l\u00f5i l\u1ecdc b\u00f4ng PP 10\u2019\u2019 \u0111\u1ebfn OCB v\u00e0 CTO.<\/p>\n<p>Giai \u0111o\u1ea1n 2: Sau \u0111\u00f3 n\u01b0\u1edbc ti\u1ebfp t\u1ee5c \u0111i qua c\u00e1c l\u00f5i l\u1ecdc UF, gi\u00fap lo\u1ea1i b\u1ecf tri\u1ec7t \u0111\u1ec3 c\u00e1c t\u1ea1p ch\u1ea5t trong n\u01b0\u1edbc c\u00f2n s\u00f3t l\u1ea1i sau khi \u0111i qua c\u00e1c l\u00f5i l\u1ecdc th\u00f4, ng\u0103n ng\u1eeba s\u1ef1 ph\u00e1t tri\u1ec3n c\u1ee7a vi khu\u1ea9n, l\u00e0m m\u1ec1m n\u01b0\u1edbc, \u1ed5n \u0111\u1ecbnh v\u1ecb ng\u1ecdt t\u1ef1 nhi\u00ean c\u1ee7a n\u01b0\u1edbc.<\/p>\n<p>&nbsp;<\/p>\n<p><img loading=\"lazy\" decoding=\"async\" class=\"size-medium wp-image-2290 aligncenter\" src=\"https:\/\/dienmayklp.vn\/wp-content\/uploads\/2025\/03\/may-loc-nuoc-khong-vo-tu-klp-3736uf-3-dienmayklp-vn-f228dfdb-79e0-4fe0-b389-543231880ff6-400x400.jpg\" alt=\"\" width=\"400\" height=\"400\" srcset=\"https:\/\/songxanhwater.com\/wp-content\/uploads\/2025\/03\/may-loc-nuoc-khong-vo-tu-klp-3736uf-3-dienmayklp-vn-f228dfdb-79e0-4fe0-b389-543231880ff6-400x400.jpg 400w, https:\/\/songxanhwater.com\/wp-content\/uploads\/2025\/03\/may-loc-nuoc-khong-vo-tu-klp-3736uf-3-dienmayklp-vn-f228dfdb-79e0-4fe0-b389-543231880ff6-280x280.jpg 280w, https:\/\/songxanhwater.com\/wp-content\/uploads\/2025\/03\/may-loc-nuoc-khong-vo-tu-klp-3736uf-3-dienmayklp-vn-f228dfdb-79e0-4fe0-b389-543231880ff6-300x300.jpg 300w, https:\/\/songxanhwater.com\/wp-content\/uploads\/2025\/03\/may-loc-nuoc-khong-vo-tu-klp-3736uf-3-dienmayklp-vn-f228dfdb-79e0-4fe0-b389-543231880ff6-100x100.jpg 100w, https:\/\/songxanhwater.com\/wp-content\/uploads\/2025\/03\/may-loc-nuoc-khong-vo-tu-klp-3736uf-3-dienmayklp-vn-f228dfdb-79e0-4fe0-b389-543231880ff6.jpg 450w\" sizes=\"auto, (max-width: 400px) 100vw, 400px\" \/><\/p>\n<p>&nbsp;<\/p>\n<h3><span style=\"color: #3366ff;\">4. Th\u00f4ng s\u1ed1 k\u1ef9 thu\u1eadt<\/span><\/h3>\n<p>&nbsp;<\/p>\n<table class=\"Table\" width=\"529\">\n<tbody>\n<tr>\n<td colspan=\"2\" width=\"529\">\n<p style=\"text-align: center;\"><strong>KLP 3736UF<\/strong><\/p>\n<\/td>\n<\/tr>\n<tr>\n<td width=\"255\">Th\u01b0\u01a1ng hi\u1ec7u<\/td>\n<td width=\"274\">Kim Long Ph\u00e1t<\/td>\n<\/tr>\n<tr>\n<td width=\"255\">Xu\u1ea5t x\u1ee9<\/td>\n<td width=\"274\">Vi\u1ec7t Nam<\/td>\n<\/tr>\n<tr>\n<td width=\"255\">Nhi\u1ec7t \u0111\u1ed9 ho\u1ea1t \u0111\u1ed9ng<\/td>\n<td width=\"274\">5 \u2013 45 \u0111\u1ed9 C<\/td>\n<\/tr>\n<tr>\n<td width=\"255\">Ch\u1ea5t li\u1ec7u<\/td>\n<td width=\"274\">Nh\u1ef1a cao c\u1ea5p<\/td>\n<\/tr>\n<tr>\n<td width=\"255\">M\u00e0u s\u1eafc<\/td>\n<td width=\"274\">Tr\u1eafng<\/td>\n<\/tr>\n<tr>\n<td width=\"255\">S\u1ed1 l\u00f5i l\u1ecdc<\/td>\n<td width=\"274\">3 l\u00f5i l\u1ecdc th\u00f4: PP 10\u2019\u2019, OCB, CTO<\/p>\n<p>4 l\u00f5i UF: Sediment, Pre Carbon, Post Carbon v\u00e0 UF<\/p>\n<p>B\u01a1m 36V<\/td>\n<\/tr>\n<tr>\n<td width=\"255\">Th\u1eddi gian thay l\u00f5i<\/td>\n<td width=\"274\">PP 10\u2019\u2019: 3 \u0111\u1ebfn 6 th\u00e1ng<\/p>\n<p>OCB: 9 \u0111\u1ebfn 12 th\u00e1ng<\/p>\n<p>CTO: 9 \u0111\u1ebfn 12 th\u00e1ng<\/p>\n<p>(Th\u1eddi gian thay l\u00f5i c\u00f2n t\u00f9y thu\u1ed9c v\u00e0o ch\u1ea5t l\u01b0\u1ee3ng n\u01b0\u1edbc \u0111\u1ea7u v\u00e0o)<\/td>\n<\/tr>\n<\/tbody>\n<\/table>\n<p>&nbsp;<\/p>\n<h3><span style=\"color: #3366ff;\">5. V\u1ecb tr\u00ed l\u1eafp \u0111\u1eb7t<\/span><\/h3>\n<p>Thi\u1ebft b\u1ecb l\u1ecdc n\u01b0\u1edbc KLP 3736UF c\u00f3 th\u1ec3 \u0111\u01b0\u1ee3c l\u1eafp \u0111\u1eb7t \u1edf nhi\u1ec1u v\u1ecb tr\u00ed trong ng\u00f4i nh\u00e0 t\u00f9y thu\u1ed9c v\u00e0o nhu c\u1ea7u s\u1eed d\u1ee5ng. Th\u01b0\u1eddng nh\u1eefng h\u1ed9 gia \u0111\u00ecnh hay l\u1eafp v\u00e0o v\u1ecb tr\u00ed \u0111\u1ea7u ngu\u1ed3n hay l\u00e0 l\u1eafp \u0111\u1eb7t v\u00e0o \u0111\u01b0\u1eddng c\u1ea5p n\u01b0\u1edbc cung c\u1ea5p cho m\u00e1y gi\u1eb7t \u0111\u1ec3 cho qu\u1ea7n \u00e1o s\u1ea1ch h\u01a1n, s\u00e1ng h\u01a1n, thi\u1ebft b\u1ecb gi\u1eb7t b\u1ec1n h\u01a1n. Ngo\u00e0i ra, b\u1ed9 l\u1ecdc n\u00e0y c\u0169ng hay \u0111\u1eb7t b\u00ean d\u01b0\u1edbi ch\u1eadu r\u1eeda.<\/p>\n<p>&nbsp;<\/p>\n<p><img loading=\"lazy\" decoding=\"async\" class=\"size-medium wp-image-2289 aligncenter\" src=\"https:\/\/dienmayklp.vn\/wp-content\/uploads\/2025\/03\/may-loc-nuoc-khong-vo-tu-klp-3736uf-4-dienmayklp-vn-400x400.jpg\" alt=\"\" width=\"400\" height=\"400\" srcset=\"https:\/\/songxanhwater.com\/wp-content\/uploads\/2025\/03\/may-loc-nuoc-khong-vo-tu-klp-3736uf-4-dienmayklp-vn-400x400.jpg 400w, https:\/\/songxanhwater.com\/wp-content\/uploads\/2025\/03\/may-loc-nuoc-khong-vo-tu-klp-3736uf-4-dienmayklp-vn-280x280.jpg 280w, https:\/\/songxanhwater.com\/wp-content\/uploads\/2025\/03\/may-loc-nuoc-khong-vo-tu-klp-3736uf-4-dienmayklp-vn-300x300.jpg 300w, https:\/\/songxanhwater.com\/wp-content\/uploads\/2025\/03\/may-loc-nuoc-khong-vo-tu-klp-3736uf-4-dienmayklp-vn-100x100.jpg 100w, https:\/\/songxanhwater.com\/wp-content\/uploads\/2025\/03\/may-loc-nuoc-khong-vo-tu-klp-3736uf-4-dienmayklp-vn.jpg 450w\" sizes=\"auto, (max-width: 400px) 100vw, 400px\" \/><\/p>\n<p>&nbsp;<\/p>\n<h3><span style=\"color: #3366ff;\">6. C\u00e1c ch\u1ee9ng nh\u1eadn<\/span><\/h3>\n<p>M\u00e1y l\u1ecdc n\u01b0\u1edbc gi\u00e1 r\u1ebb KLP 3736UF \u0111\u00e3 \u0111\u01b0\u1ee3c Vi\u1ec7n Pasteur TP. H\u1ed3 Ch\u00ed Minh ki\u1ec3m \u0111\u1ecbnh \u0111\u1ea1t an to\u00e0n v\u1ec1 ch\u1ea5t l\u01b0\u1ee3ng ngu\u1ed3n n\u01b0\u1edbc \u0111\u1ea7u ra th\u00f4ng qua 21 ch\u1ec9 ti\u00eau. C\u00f3 4 ch\u1ec9 ti\u00eau v\u1ec1 Florua, ch\u00ec, Mangan t\u1ed5ng, Nitrate ( NO3-, NO2-) l\u00e0 ch\u1ec9 ti\u00eau \u0111\u01b0\u1ee3c VILAS c\u00f4ng nh\u1eadn. Qua \u0111\u00f3, c\u00f3 th\u1ec3 th\u1ea5y n\u01b0\u1edbc do thi\u1ebft b\u1ecb l\u1ecdc n\u01b0\u1edbc KLP 3736UF t\u1ea1o ra ho\u00e0n to\u00e0n an to\u00e0n \u0111\u1ec3 s\u1eed d\u1ee5ng trong sinh ho\u1ea1t h\u00e0ng ng\u00e0y.<\/p>\n<p>&nbsp;<\/p>\n<h3><span style=\"color: #3366ff;\">7. \u01afu \u0111i\u1ec3m n\u1ed5i b\u1eadt c\u1ee7a m\u00e1y l\u1ecdc n\u01b0\u1edbc KLP 3736UF<\/span><\/h3>\n<p>Nh\u1ecf g\u1ecdn, d\u1ec5 b\u1ea3o d\u01b0\u1ee1ng, l\u1eafp \u0111\u1eb7t hay th\u00e1o d\u1ee1<\/p>\n<p>Kh\u00f4ng m\u1ea5t n\u01b0\u1edbc th\u1ea3i, hi\u1ec7u su\u1ea5t l\u1ecdc l\u00e0 100%<\/p>\n<p>Chi ph\u00ed th\u1ea5p, hi\u1ec7u su\u1ea5t cao<\/p>\n<p>L\u00f5i l\u1ecdc d\u1ec5 mua v\u00e0 d\u1ec5 thay th\u1ebf<\/p>\n<p>B\u1ed9 l\u1ecdc th\u00f4 3 c\u1ea5p n\u00e0y c\u00f3 th\u1ec3\u00a0 \u0111\u01b0\u1ee3c l\u1eafp \u0111\u1eb7t ngay t\u1eeb \u0111\u1ea7u ngu\u1ed3n n\u01b0\u1edbc c\u1ea5p ho\u1eb7c tr\u01b0\u1edbc thi\u1ebft b\u1ecb c\u1ea7n b\u1ea3o v\u1ec7. Ph\u00f9 h\u1ee3p v\u1edbi m\u1ecdi kh\u00f4ng gian, \u0111\u1ecba h\u00ecnh, ngo\u00e0i tr\u1eddi, trong nh\u00e0 ho\u1eb7c trong t\u1ee7 b\u1ebfp\u2026<\/p>\n<p>&nbsp;<\/p>\n<h2><span style=\"color: #3366ff;\">III. Li\u00ean h\u1ec7 mua m\u00e1y l\u1ecdc n\u01b0\u1edbc KLP 3736UF t\u1ea1i Kim Long Ph\u00e1t<\/span><\/h2>\n<p>M\u00e1y l\u1ecdc n\u01b0\u1edbc\u00a0gi\u00e1 r\u1ebb KLP 3736UF \u0111\u01b0\u1ee3c s\u1ea3n xu\u1ea5t v\u00e0 ph\u00e2n ph\u1ed1i b\u1edfi Kim Long Ph\u00e1t (KLP) l\u00e0 s\u1ea3n ph\u1ea9m ch\u1ea5t l\u01b0\u1ee3ng, cao c\u1ea5p. B\u1ed9 ti\u1ec1n l\u1ecdc n\u00e0y th\u00edch h\u1ee3p v\u1edbi m\u1ecdi gia \u0111\u00ecnh, mang l\u1ea1i ngu\u1ed3n n\u01b0\u1edbc an to\u00e0n, tinh khi\u1ebft. Kh\u00e1ch h\u00e0ng khi c\u00f3 nhu c\u1ea7u t\u00ecm hi\u1ec3u hay mua thi\u1ebft b\u1ecb l\u1ecdc n\u01b0\u1edbc KLP 3736UF c\u00f3 th\u1ec3 li\u00ean h\u1ec7 v\u1edbi \u0111i\u1ec7n m\u00e1y\u00a0Kim Long Ph\u00e1t \u0111\u1ec3 \u0111\u01b0\u1ee3c t\u01b0 v\u1ea5n v\u00e0 h\u1ed7 tr\u1ee3 ngay th\u00f4ng qua s\u1ed1 \u0111i\u1ec7n tho\u1ea1i\u00a0<b><span style=\"color: #ff0000;\">1900 571 230<\/span>\u00a0<\/b>ho\u1eb7c Chat t\u1ea1i website c\u1ee7a ch\u00fang t\u00f4i:\u00a0<span style=\"color: #3366ff;\"><a style=\"color: #3366ff;\" href=\"https:\/\/dienmayklp.vn\/\" target=\"_blank\" rel=\"noopener nofollow\">klp.vn<\/a>.<\/span><\/p>\n<p>&nbsp;<\/p>\n<p>\u0110i\u1ec7n m\u00e1y Kim Long Ph\u00e1t\u00a0(KLP) l\u00e0 doanh nghi\u1ec7p ho\u1ea1t \u0111\u1ed9ng tr\u00ean th\u1ecb tr\u01b0\u1eddng v\u1edbi h\u01a1n 10 n\u0103m v\u1ec1 m\u00e1y l\u1ecdc n\u01b0\u1edbc. Kim Long Ph\u00e1t t\u1ef1 h\u00e0o l\u00e0 \u0111\u01a1n v\u1ecb ph\u00e2n ph\u1ed1i c\u00e1c m\u00e1y l\u1ecdc n\u01b0\u1edbc, qu\u1ea1t m\u00e1y, Robot h\u00fat b\u1ee5i lau nh\u00e0 ch\u00ednh h\u00e3ng, uy t\u00edn.\u00a0V\u1edbi s\u1ee9 m\u1ec7nh mang l\u1ea1i l\u1ee3i \u00edch t\u1ed1t nh\u1ea5t cho kh\u00e1ch h\u00e0ng, ch\u00fang t\u00f4i lu\u00f4n lu\u00f4n l\u1eafng nghe nh\u1eefng \u00fd ki\u1ebfn g\u00f3p \u00fd \u0111\u1ea7y thi\u1ec7n ch\u00ed, c\u0169ng nh\u01b0 nh\u1eefng ph\u00ea b\u00ecnh t\u1eeb kh\u00e1ch h\u00e0ng. Kim Long Ph\u00e1t cam k\u1ebft\u00a0\u0111em\u00a0\u0111\u1ebfn nh\u1eefng s\u1ea3n ph\u1ea9m t\u1ed1t nh\u1ea5t v\u1edbi gi\u00e1 ph\u1ea3i ch\u0103ng nh\u1ea5t.<\/p>\n<p>Tham kh\u1ea3o th\u00eam c\u00e1c d\u00f2ng s\u1ea3n ph\u1ea9m m\u00e1y l\u1ecdc n\u01b0\u1edbc\u00a0kh\u00e1c:<\/p>\n<p><span style=\"color: #3366ff;\"><a style=\"color: #3366ff;\" href=\"https:\/\/dienmayklp.vn\/may-loc-nuoc-ro\" target=\"_blank\" rel=\"noopener nofollow\"><em>M\u00e1y l\u1ecdc n\u01b0\u1edbc ion ki\u1ec1m\u00a0t\u1ea1i Kim Long Ph\u00e1t<\/em><\/a><\/span><\/p>\n<p><span style=\"color: #3366ff;\"><a style=\"color: #3366ff;\" href=\"https:\/\/dienmayklp.vn\/may-loc-nuoc-ro\" target=\"_blank\" rel=\"noopener nofollow\"><em>M\u00e1y l\u1ecdc n\u01b0\u1edbc RO t\u1ea1i Kim Long Ph\u00e1t<\/em><\/a><\/span><\/p>\n<p>&nbsp;<\/p>\n<p>M\u1ecdi th\u00f4ng tin chi ti\u1ebft xin li\u00ean h\u1ec7:<\/p>\n<p><span style=\"color: #3366ff;\"><b><i>C\u00d4NG TY C\u1ed4 PH\u1ea6N TH\u01af\u01a0NG M\u1ea0I V\u00c0 X\u00c2Y D\u1ef0NG KIM LONG PH\u00c1T<\/i><\/b><\/span><\/p>\n<p><i>Showroom 1:<\/i>\u00a0228 \u0110\u01b0\u1eddng III, KDC Khang \u0110i\u1ec1n, P. Ph\u01b0\u1edbc Long B, Qu\u1eadn 9, TP.\u00a0H\u1ed3 Ch\u00ed Minh<\/p>\n<p><i>Showroom 2:\u00a0<\/i>T\u00f2a S1.01 &#8211; 05.01. Shophouse S01 &#8211; Vinhomes Grand Park &#8211; 200 Nguy\u1ec5n Xi\u1ec3n, P.\u00a0Long Th\u1ea1nh M\u1ef9, Qu\u1eadn 9, TP. H\u1ed3 Ch\u00ed Minh<\/p>\n<p><i>Hotline t\u01b0 v\u1ea5n:<\/i>\u00a0<span style=\"color: #ff0000;\"><b>1900 571 230<\/b><\/span><\/p>\n<p><i>\u0110\u1eb7t h\u00e0ng tr\u1ef1c tuy\u1ebfn:\u00a0<\/i><span style=\"color: #ff0000;\"><strong>0975 679 179<\/strong><\/span><\/p>\n<p><i>Email:<\/i>\u00a0<span style=\"color: #3366ff;\"><a style=\"color: #3366ff;\" href=\"mailto:cskh@klp.vn?subject=Ph%E1%BA%A3n%20H%E1%BB%93i%20%C4%90i%E1%BB%87n%20M%C3%A1y%20Kim%20Long%20Ph%C3%A1t&amp;body=%C4%90i%E1%BB%87n%20M%C3%A1y%20Kim%20Long%20Ph%C3%A1t%20K%C3%ADnh%20ch%C3%A0o%20qu%C3%BD%20kh%C3%A1ch!%0AMong%20nh%E1%BA%ADn%20%C4%91%C6%B0%E1%BB%A3c%20%C3%BD%20ki%E1%BA%BFn%20ph%E1%BA%A3n%20h%E1%BB%93i%20t%E1%BB%AB%20Anh%2FCh%E1%BB%8B\">cskh@klp.vn<\/a><\/span><\/p>\n<p><i>Website:<\/i>\u00a0<span style=\"color: #3366ff;\"><a style=\"color: #3366ff;\" href=\"http:\/\/dienmayklp.vn\/\" target=\"_blank\" rel=\"noopener nofollow\">klp.vn<\/a><\/span><\/p>\n","protected":false},"excerpt":{"rendered":"<p>\u2022 Th\u01b0\u01a1ng hi\u1ec7u: Kim Long Ph\u00e1t<\/p>\n<p>\u2022 3 l\u00f5i l\u1ecdc th\u00f4<\/p>\n<p>\u2022 4 l\u00f5i l\u1ecdc UF<\/p>\n<p>\u2022 B\u01a1m 36V<\/p>\n<p>\u2022 Lo\u1ea1i b\u1ecf Clo, Asen, kim lo\u1ea1i n\u1eb7ng, c\u00e1c t\u1ea1p ch\u1ea5t, c\u1eb7n b\u00e3, v\u1eadt ch\u1ea5t l\u01a1 l\u1eedng trong n\u01b0\u1edbc<\/p>\n","protected":false},"featured_media":1152,"comment_status":"open","ping_status":"closed","template":"","meta":{"_acf_changed":false},"product_brand":[95],"product_cat":[83],"product_tag":[],"class_list":{"0":"post-1147","1":"product","2":"type-product","3":"status-publish","4":"has-post-thumbnail","6":"product_brand-kim-long-phat","7":"product_cat-san-pham-khac","9":"first","10":"instock","11":"taxable","12":"shipping-taxable","13":"purchasable","14":"product-type-simple"},"acf":[],"_links":{"self":[{"href":"https:\/\/songxanhwater.com\/index.php?rest_route=\/wp\/v2\/product\/1147","targetHints":{"allow":["GET"]}}],"collection":[{"href":"https:\/\/songxanhwater.com\/index.php?rest_route=\/wp\/v2\/product"}],"about":[{"href":"https:\/\/songxanhwater.com\/index.php?rest_route=\/wp\/v2\/types\/product"}],"replies":[{"embeddable":true,"href":"https:\/\/songxanhwater.com\/index.php?rest_route=%2Fwp%2Fv2%2Fcomments&post=1147"}],"wp:featuredmedia":[{"embeddable":true,"href":"https:\/\/songxanhwater.com\/index.php?rest_route=\/wp\/v2\/media\/1152"}],"wp:attachment":[{"href":"https:\/\/songxanhwater.com\/index.php?rest_route=%2Fwp%2Fv2%2Fmedia&parent=1147"}],"wp:term":[{"taxonomy":"product_brand","embeddable":true,"href":"https:\/\/songxanhwater.com\/index.php?rest_route=%2Fwp%2Fv2%2Fproduct_brand&post=1147"},{"taxonomy":"product_cat","embeddable":true,"href":"https:\/\/songxanhwater.com\/index.php?rest_route=%2Fwp%2Fv2%2Fproduct_cat&post=1147"},{"taxonomy":"product_tag","embeddable":true,"href":"https:\/\/songxanhwater.com\/index.php?rest_route=%2Fwp%2Fv2%2Fproduct_tag&post=1147"}],"curies":[{"name":"wp","href":"https:\/\/api.w.org\/{rel}","templated":true}]}}