{"id":1098,"date":"2025-03-29T06:59:53","date_gmt":"2025-03-29T06:59:53","guid":{"rendered":"https:\/\/dienmayklp.vn\/?post_type=product&#038;p=1098"},"modified":"2025-03-29T22:16:17","modified_gmt":"2025-03-29T22:16:17","slug":"may-hut-bui-cam-tay-alfatek-the-portable","status":"publish","type":"product","link":"https:\/\/songxanhwater.com\/?product=may-hut-bui-cam-tay-alfatek-the-portable","title":{"rendered":"M\u00e1y H\u00fat B\u1ee5i C\u1ea7m Tay Alfatek The Portable"},"content":{"rendered":"<p>Nhu c\u1ea7u s\u1eed d\u1ee5ng m\u00e1y h\u00fat b\u1ee5i ng\u00e0y c\u00e0ng t\u0103ng cao trong nh\u1eefng n\u0103m g\u1ea7n \u0111\u00e2y, v\u00ec v\u1eady, m\u00e1y h\u00fat b\u1ee5i c\u1ea7m tay \u0111ang l\u00e0 s\u1ef1 l\u1ef1a ch\u1ecdn c\u1ee7a nhi\u1ec1u ng\u01b0\u1eddi. Trong s\u1ed1 nh\u1eefng s\u1ea3n ph\u1ea9m t\u1ed1t nh\u1ea5t th\u1ecb tr\u01b0\u1eddng hi\u1ec7n nay, The Portabe c\u1ee7a Alfatek lu\u00f4n l\u00e0 s\u1ef1 l\u1ef1a ch\u1ecdn h\u00e0ng \u0111\u1ea7u. The Portable c\u00f3 thi\u1ebft k\u1ebf nh\u1ecf g\u1ecdn, d\u1ec5 s\u1eed d\u1ee5ng, kh\u00f4ng t\u1ea1o qu\u00e1 nhi\u1ec1u ti\u1ebfng \u1ed3n v\u00e0 nhi\u1ec1u \u0111i\u1ec1u th\u00fa v\u1ecb kh\u00e1c. H\u00e3y c\u00f9ng \u0111i\u1ec7n m\u00e1y\u00a0<span style=\"color: #3366ff;\"><a style=\"color: #3366ff;\" href=\"https:\/\/dienmayklp.vn\/\" target=\"_blank\" rel=\"noopener nofollow\">Kim Long Ph\u00e1t<\/a><\/span>\u00a0(dienmayklp.vn) t\u00ecm hi\u1ec3u nh\u1eefng \u0111i\u1ec3m n\u1ed7i b\u1eadt nh\u1ea5t c\u1ee7a The Portable nh\u00e9!<\/p>\n<p><em><strong>Ph\u1ee5 l\u1ee5c<\/strong><\/em><\/p>\n<p>1.V\u1ec1 c\u00f4ng ty<\/p>\n<p>2.Thi\u1ebft k\u1ebf g\u1ecdn g\u00e0ng<\/p>\n<p>3.Nhi\u1ec1u \u0111\u1ea7u h\u00fat \u0111a d\u1ea1ng<\/p>\n<p>4.B\u1ed9 l\u1ecdc HEPA Portable<\/p>\n<p>5.H\u1ea1n ch\u1ebf ti\u1ebfng \u1ed3n<\/p>\n<p>6.Kh\u00f4ng c\u1ea7n c\u1eafm \u0111i\u1ec7n khi l\u00e0m vi\u1ec7c<\/p>\n<p>7.Th\u1eddi l\u01b0\u1ee3ng pin d\u00e0i<\/p>\n<p>8.Th\u00f4ng s\u1ed1 k\u1ef9 thu\u1eadt<\/p>\n<p>&nbsp;<\/p>\n<p>Alfatek Portable l\u00e0 d\u00f2ng m\u00e1y t\u00edch h\u1ee3p kh\u1ea3 n\u0103ng h\u00fat b\u1ee5i v\u00e0 th\u1ed5i v\u1edbi thi\u1ebft k\u1ebf nh\u1ecf g\u1ecdn, c\u00f4ng su\u1ea5t ho\u1ea1t \u0111\u1ed9ng v\u00f4 c\u00f9ng m\u1ea1nh. \u0110\u00e2y l\u00e0 c\u00f4ng c\u1ee5 h\u1ed7 tr\u1ee3 \u0111\u1eafc l\u1ef1c cho vi\u1ec7c v\u1ec7 sinh v\u00e0 d\u1ecdn d\u1eb9p \u1edf nh\u1eefng v\u1ecb tr\u00ed m\u00e0 nh\u1eefng m\u00e1y h\u00fat b\u1ee5i th\u00f4ng th\u01b0\u1eddng kh\u00f3 m\u00e0 ho\u1ea1t \u0111\u1ed9ng \u0111\u01b0\u1ee3c.<\/p>\n<p>&nbsp;<\/p>\n<h2><span style=\"color: #3366ff;\">1. V\u1ec1 c\u00f4ng ty<\/span><\/h2>\n<p>Alfatek c\u00f3 th\u1ec3 n\u00f3i l\u00e0 th\u01b0\u01a1ng hi\u1ec7u ti\u00ean phong trong l\u0129nh v\u1ef1c cung c\u1ea5p thi\u1ebft b\u1ecb gia d\u1ee5ng th\u00f4ng minh t\u1ea1i Vi\u1ec7t Nam. Kh\u1edfi \u0111\u1ea7u v\u1edbi mong mu\u1ed1n mang \u0111\u1ebfn m\u1ed9t cu\u1ed9c s\u1ed1ng ti\u1ec7n nghi, hi\u1ec7n \u0111\u1ea1i v\u00e0 d\u1ec5 d\u00e0ng cho kh\u00f4ng gian c\u1ee7a m\u1ecdi gia d\u00ecnh Vi\u1ec7t, Alfatek \u0111\u00e3 kh\u00f4ng ng\u1eebng n\u1ed7 l\u1ef1c, nghi\u00ean c\u1ee9u, ph\u00e1t tri\u1ec3n v\u00e0 cho ra \u0111\u1eddi m\u00e1y h\u00fat b\u1ee5i th\u00f4ng minh chuy\u00ean h\u1ed7 tr\u1ee3 v\u1ea5n \u0111\u1ec1 v\u1ec7 sinh, l\u00e0m s\u1ea1ch nh\u00e0 c\u1eeda, v\u0103n ph\u00f2ng hi\u1ec7n \u0111\u1ea1i c\u0169ng nh\u01b0 c\u00e1c kh\u00f4ng gian kh\u00e1c.<\/p>\n<p>&nbsp;<\/p>\n<p>S\u1ef1 t\u1eadn t\u00e2m \u0111\u00e3 t\u1ea1o n\u00ean s\u1ef1 kh\u00e1c bi\u1ec7t cho Alfatek, ngo\u00e0i cam k\u1ebft b\u00e1n h\u00e0ng ch\u00ednh h\u00e3ng, c\u00e1c s\u1ea3n ph\u1ea3m m\u00e1y h\u00fat b\u1ee5i c\u1ee7a Alfatek lu\u00f4n \u0111i k\u00e8m v\u1edbi ch\u1ebf \u0111\u1ed9 b\u1ea3o h\u00e0nh 12 th\u00e1ng, c\u00e1c h\u01b0\u01a1ng tr\u00ecnh tri \u00e2n kh\u00e1ch h\u00e0ng c\u00fang nh\u01b0 c\u00e1c ch\u01b0\u01a1ng tr\u00ecnh h\u1eadu m\u00e3i t\u1ed1t nh\u1ea5t.<\/p>\n<p>&nbsp;<\/p>\n<p>Alfatek hi\u1ec7n c\u00f3 c\u00e1c \u0111\u1ea1i l\u00fd v\u00e0 nh\u00e0 ph\u00e2n ph\u1ed1i t\u1ea1i Vi\u1ec7t Nam (trong \u0111\u00f3 c\u00f3 \u0111i\u1ec7n m\u00e1y Kim Long Ph\u00e1t), \u0111\u1ecbnh h\u01b0\u1edbng s\u1ebd ti\u1ebfp t\u1ee5c ph\u00e1t tri\u1ec3n ra khu v\u1ef1c trong th\u1eddi gian t\u1edbi. \u0110\u1ed3ng th\u1eddi Alfatek \u0111ang theo \u0111u\u1ed5i m\u1ee5c ti\u00eau ph\u00e1t tri\u1ec3n c\u00e1c d\u00f2ng s\u1ea3n ph\u1ea9m robot m\u1edbi theo nhu c\u1ea7u ri\u00eang bi\u1ec7t c\u1ee7a kh\u00e1ch h\u00e0ng.<\/p>\n<p>&nbsp;<\/p>\n<p>Alfatek The Portable l\u00e0 d\u00f2ng m\u00e1y h\u00fat b\u1ee5i hi\u1ec7n \u0111\u1ea1i, m\u00e1y c\u00f3 kh\u1ea3 n\u0103ng h\u00fat v\u00e0 th\u1ed5i b\u1ee5i m\u1ea1nh m\u1ebd, \u0111\u00e2y l\u00e0 c\u00f4ng c\u1ee5 h\u1ed7 tr\u1ee3 \u0111\u1eafc l\u1ef1c cho vi\u1ec7c v\u1ec7 sinh v\u00e0 d\u1ecdn d\u1eb9p \u1edf nh\u1eefng v\u1ecb tr\u00ed m\u00e0 nh\u1eefng m\u00e1y h\u00fat b\u1ee5i th\u00f4ng th\u01b0\u1eddng kh\u00f3 ho\u1ea1t \u0111\u1ed9ng \u0111\u01b0\u1ee3c nh\u01b0 k\u1eb9t c\u1eeda, khe h\u1eb9p \u00f4 c\u1eeda s\u1ed5, xe \u00f4 t\u00f4 v\u00e0 c\u00f2n nhi\u1ec1u v\u1ecb tr\u00ed kh\u00e1c n\u1eefa. N\u00f3 s\u1ebd t\u1ed1i gi\u00e3n th\u1eddi gian v\u00e0 c\u00f4ng su\u1ea5t l\u00e0m vi\u1ec7c c\u1ee7a ch\u00fang ta.<\/p>\n<p>&nbsp;<\/p>\n<h2><span style=\"color: #3366ff;\">2. Thi\u1ebft k\u1ebf g\u1ecdn g\u00e0ng<\/span><\/h2>\n<p>M\u00e1y h\u00fat b\u1ee5i c\u1ea7m tay Alfatek The Portable \u0111\u01b0\u1ee3c thi\u1ebft k\u1ebf th\u00e2n thi\u1ec7n v\u1edbi ng\u01b0\u1eddi d\u00f9ng. N\u1ebfu nh\u01b0 l\u00fac tr\u01b0\u1edbc, c\u00e1c ch\u1ecb em n\u1ed9i tr\u1ee3 ph\u1ea3i c\u1ea7m ch\u1ed5i \u0111i qu\u00e9t t\u1eeb ng\u00f3c ng\u00e1ch, v\u1eeba m\u1ec7t, v\u1eeba t\u1ed1n th\u1eddi gian v\u00e0 l\u1ea1i b\u1ee5i b\u1eb7m. Hay l\u00e0 vi\u1ec7c ph\u1ea3i mang c\u00e1i m\u00e1y h\u00fat b\u1ee5i l\u00ean t\u1ea7ng 1 r\u1ea5t l\u00e0 m\u1ec7t. The Portable nh\u1ecf g\u1ecdn, r\u1ea5t d\u1ec5 d\u00e0ng di chuy\u1ec3n nhi\u1ec1u n\u01a1i, ti\u1ebft ki\u1ec7m c\u00f4ng s\u1ee9c v\u00e0 th\u1eddi gian.<\/p>\n<p>&nbsp;<\/p>\n<p>M\u00e1y h\u00fat b\u1ee5i c\u1ea7m tay \u0111\u01b0\u1ee3c c\u1ea5u t\u1ea1o \u0111\u1eb7c bi\u1ec7t \u0111\u1ec3 b\u1ea1n c\u00f3 th\u1ec3 c\u1ea7m n\u1eafm ch\u1eafc ch\u1eafn, kh\u00f4ng g\u00e2y m\u1ecfi tay, kh\u00f4ng \u0111\u1ed5 m\u1ed3 h\u00f4i tay. Kh\u1ea3 n\u0103ng b\u1ec1n b\u1ec9 c\u1ee7a m\u00e1y c\u00f2n th\u1ec3 hi\u1ec7n \u1edf ch\u1ea5t li\u1ec7u nh\u1ef1a c\u1ee9ng c\u00e1p b\u00ean ngo\u00e0i, kh\u00f3 v\u1ee1, ch\u1ecbu l\u1ef1c cao.<\/p>\n<p>&nbsp;<\/p>\n<h2><span style=\"color: #3366ff;\">3. Nhi\u1ec1u \u0111\u1ea7u h\u00fat \u0111a d\u1ea1ng<\/span><\/h2>\n<p>\u0110i\u1ec1u \u0111\u1eb7c bi\u1ec7t, \u0111\u1ec3 ph\u00f9 h\u1ee3p v\u1edbi nhi\u1ec1u v\u1ecb tr\u00ed kh\u00e1c nhau, Alfatek \u0111\u00e3 thi\u1ebft k\u1ebf nhi\u1ec1u \u0111\u1ea7u h\u00fat \u0111a d\u1ea1ng v\u1edbi nhi\u1ec1u k\u00edch c\u1ee1 kh\u00e1c nhau. Ch\u1ec9 c\u1ea7n thao t\u00e1c \u0111\u01a1n gi\u1ea3n l\u00e0 thay \u0111\u1ea7u h\u00fat b\u1ee5i, ch\u00fang ta c\u00f3 th\u1ec3 bi\u1ebfn m\u00e1y h\u00fat b\u1ee5i c\u1ea7m tay c\u1ee7a m\u00ecnh th\u00e0nh chi\u1ebfc m\u00e1y ph\u00f9 h\u1ee3p nhu c\u1ea7u s\u1eed d\u1ee5ng.<\/p>\n<p>C\u00e1c \u0111\u1ea7u h\u00fat s\u1ea3n ph\u1ea9m bao g\u1ed3m:<\/p>\n<p>01 \u0111\u1ea7u h\u00fat d\u00f9ng \u0111\u1ec3 h\u00fat nh\u1eefng v\u1ecb tr\u00ed b\u1eb1ng ph\u1eb3ng, kh\u00f4ng qu\u00e1 ph\u1ee9c t\u1ea1p.<\/p>\n<p>01 \u0111\u1ea7u th\u1ed5i d\u00f9ng \u0111\u1ec3 th\u1ed5i, l\u00e0m s\u1ea1ch n\u1ec1n, c\u00e1c v\u1ecb tr\u00ed b\u00e1m nhi\u1ec1u b\u1ee5i b\u1ea9n,&#8230;<\/p>\n<p>01 \u0111\u1ea7u n\u1ed1i d\u00e0i \u0111\u1ed1i v\u1edbi nh\u1eefng v\u1ecb tr\u00ed kh\u00f3 ti\u1ebfp c\u1eadn nh\u1ea5t, nh\u1eefng khe, v\u1ecb tr\u00ed cao h\u01a1n c\u01a1 th\u1ec3 ch\u00fang ta,&#8230;<\/p>\n<p>01 \u0111\u1ea7u h\u00fat ch\u1ed5i m\u1ea1nh m\u1ebd<\/p>\n<p>Alfatek l\u00e0 th\u01b0\u01a1ng hi\u1ec7u \u0111i \u0111\u1ea7u trong vi\u1ec7c s\u1ea3n xu\u1ea5t m\u00e1y h\u00fat b\u1ee5i th\u00f4ng minh t\u1ea1i Vi\u1ec7t Nam. Ngo\u00e0i m\u00e1y h\u00fat b\u1ee5i c\u1ea7m tay The Portable ra, h\u00e3ng c\u00f2n 2 s\u1ea3n ph\u1ea9m ti\u00eau bi\u1ec3u kh\u00e1c l\u00e0 robot h\u00fat b\u1ee5i lau nh\u00e0 The Rock v\u00e0 Mario. C\u00e1c s\u1ea3n ph\u1ea9m n\u00e0y \u0111\u1ec1u \u0111\u01b0\u1ee3c ph\u00e2n ph\u1ed1i ch\u00ednh h\u00e3ng t\u1ea1i \u0111i\u1ec7n m\u00e1y Kim Long Ph\u00e1t (KLP).<\/p>\n<p>&nbsp;<\/p>\n<h2><span style=\"color: #3366ff;\">4. B\u1ed9 l\u1ecdc HEPA Portable<\/span><\/h2>\n<p>B\u1ed9 l\u1ecdc HEPA n\u00e0y \u0111\u01b0\u1ee3c Alfatek thi\u1ebft k\u1ebf v\u1edbi ki\u1ec3u d\u00e1ng d\u00e0nh ri\u00eang cho The Portable. D\u00f9 kh\u00f4ng ti\u00eau di\u1ec7t \u0111\u01b0\u1ee3c 100% virus nh\u01b0ng c\u00e1c s\u1ea3n ph\u1ea9m c\u1ee7a Alfatek \u0111\u1ec1u s\u1eed d\u1ee5ng phin l\u1ecdc b\u1ee5i HEPA gi\u00fap \u1ee9c ch\u1ebf, gi\u1ea3m thi\u1ec3u s\u1ef1 l\u00e2y lan c\u1ee7a c\u00e1c lo\u1ea1i d\u1ecbch b\u1ec7nh, \u0111\u00e2y l\u00e0 \u01b0u \u0111i\u1ec3m l\u1edbn nh\u1ea5t c\u1ee7a m\u00e1y. Ngo\u00e0i vi\u1ec7c l\u1ecdc b\u1ee5i, th\u00ec m\u00e0ng l\u1ecdc HEPA c\u00f2n c\u00f3 kh\u1ea3 n\u0103ng h\u1ea1n ch\u1ebf vi khu\u1ea9n, virus. M\u00e0ng l\u1ecdc c\u00f3 kh\u1ea3 n\u0103ng l\u1ecdc \u0111\u01b0\u1ee3c 99.97% ti\u1ec3u ph\u00e2n 0.3 micromet. V\u1edbi m\u00e0ng l\u1ecdc n\u00e0y The Portable t\u1ef1 tin mang \u0111\u1ebfn gia \u0111\u00ecnh b\u1ea1n m\u1ed9t b\u1ea7u kh\u00f4ng kh\u00ed trong l\u00e0nh th\u1eadt ch\u1ea5t l\u01b0\u1ee3ng.<\/p>\n<p>&nbsp;<\/p>\n<p>V\u1ec1 c\u1ea5u tr\u00fac, b\u1ed9 l\u1ecdc HEPA \u0111\u01b0\u1ee3c bao g\u1ed3m 1 chi\u1ebfc l\u01b0\u1edbi c\u00f3 c\u00e1c s\u1ee3i \u0111\u01b0\u1ee3c s\u1eafp x\u1ebfp ng\u1eabu nhi\u00ean tr\u00ean \u0111\u00f3. \u0110\u00e2y l\u00e0 c\u00e1c s\u1ee3i th\u1ee7y tinh c\u00f3 k\u00edch th\u01b0\u1edbc t\u1eeb 0.5 \u0111\u1ebfn 2.0 micromet. Nh\u1edd s\u1ef1 s\u1eafp x\u1ebfp n\u00e0y, HEPA c\u00f3 th\u1ec3 gi\u1eef m\u1ed9t s\u1ed1 l\u01b0\u1ee3ng l\u1edbn c\u00e1c ph\u00e2n t\u1eed vi khu\u1ea9n. \u0110\u00e2y l\u00e0 nh\u1eefng vi khu\u1ea9n s\u1ebd g\u00e2y ra c\u00e1c v\u1ea5n \u0111\u1ec1 nh\u01b0 hen suy\u1ec5n v\u00e0 d\u1ecb \u1ee9ng h\u00f4 h\u1ea5p. C\u00f4ng ngh\u1ec7 n\u00e0y v\u00f4 c\u00f9ng hi\u1ec7u qu\u1ea3 trong vi\u1ec7c l\u1ecdc ph\u1ea5n hoa, b\u00e0o t\u1eed n\u1ea5m, l\u00f4ng th\u00fa v\u00e0 kh\u00f3i.<\/p>\n<p>&nbsp;<\/p>\n<h2><span style=\"color: #3366ff;\">5. H\u1ea1n ch\u1ebf ti\u1ebfng \u1ed3n<\/span><\/h2>\n<p>N\u1ebfu nh\u01b0 ch\u00fang ta \u0111\u00e3 qu\u00e1 \u0111au \u0111\u1ea7u v\u1edbi ti\u1ebfng \u1ed3n t\u1eeb c\u00e1c m\u00e1y h\u00fat b\u1ee5i \u0111\u1eddi c\u0169 g\u00e2y ra, th\u00ec The Portable l\u00e0 m\u1ed9t gi\u1ea3i ph\u00e1p m\u1edbi. M\u00e1y c\u00f3 c\u00f4ng ngh\u1ec7 hi\u1ec7n \u0111\u1ea1i gi\u00fap gi\u1ea3m ti\u1ebfng \u1ed3n hi\u1ec7u qu\u1ea3 nh\u1ea5t.<\/p>\n<p>&nbsp;<\/p>\n<p>\u0110i\u1ec7n m\u00e1y Kim Long Ph\u00e1t ( dienmayklp) l\u00e0 \u0111\u01a1n v\u1ecb uy t\u00edn, \u0111\u01b0\u1ee3c th\u00e0nh l\u1eadp t\u1eeb n\u0103m 2009, ph\u00e2n ph\u1ed1i nh\u1eefng s\u1ea3n ph\u1ea9m m\u00e1y h\u00fat b\u1ee5i c\u1ea7m tay, robot h\u00fat b\u1ee5i lau nh\u00e0 c\u1ee7a Alfatek. Ngo\u00e0i ra, hi\u1ec7n nay doanh nghi\u1ec7p c\u00f2n n\u1ed5i ti\u1ebfng l\u00e0 \u0111\u01a1n v\u1ecb ph\u00e2n ph\u1ed1i h\u00e0ng ch\u00ednh h\u00e3ng m\u00e1y t\u1ea1o n\u01b0\u1edbc ion ki\u1ec1m (m\u00e1y \u0111i\u1ec7n gi\u1ea3i) nh\u1eadp kh\u1ea9u tr\u1ef1c ti\u1ebfp t\u1eeb Nh\u1eadt B\u1ea3n. B\u1ea1n c\u00f3 th\u1ec3 xem c\u00e1c s\u1ea3n ph\u1ea9m m\u00e1y t\u1ea1o n\u01b0\u1edbc ion ki\u1ec1m (m\u00e1y \u0111i\u1ec7n gi\u1ea3i) \u00a0t\u1ea1i \u0111\u00e2y.<\/p>\n<p>&nbsp;<\/p>\n<h2><span style=\"color: #3366ff;\">6. Kh\u00f4ng c\u1ea7n c\u1eafm \u0111i\u1ec7n khi l\u00e0m vi\u1ec7c<\/span><\/h2>\n<p>\u0110\u1ed1i v\u1edbi c\u00e1c m\u00e1y h\u00fat b\u1ee5i truy\u1ec1n th\u1ed1ng, kh\u00f4ng nh\u1eefng c\u00f3 k\u00edch th\u01b0\u1edbc to m\u00e0 c\u00f2n k\u00e8m theo \u0111\u00f3 l\u00e0 d\u00e2y \u0111i\u1ec7n r\u01b0\u1eddm r\u00e0, g\u00e2y kh\u00f3 kh\u0103n khi duy chuy\u1ec3n v\u00e0 kh\u00f4ng ho\u1ea1t \u0111\u1ed9ng \u0111\u01b0\u1ee3c n\u1ebfu b\u1ecb m\u1ea5t \u0111i\u1ec7n.<\/p>\n<p>&nbsp;<\/p>\n<p>M\u00e1y h\u00fat b\u1ee5i c\u1ea7m tay The Portable gi\u1ea3i qu\u1ebft t\u00ecnh tr\u1ea1ng tr\u00ean. M\u00e1y d\u00f9ng s\u1ea1c \u0111i\u1ec7n, n\u00ean kh\u00f4ng b\u1ecb gi\u1edbi h\u1ea1n ph\u1ea1m vi di chuy\u1ec3n. Alfatek Portable c\u00f3 th\u1ec3 di chuy\u1ec3n b\u1ea5t c\u1ee9 \u0111\u00e2u v\u00e0 b\u1ea5t c\u1ee9 khi n\u00e0o m\u00e0 kh\u00f4ng c\u1ea7n \u1ed5 c\u1eafm \u0111i\u1ec7n v\u00e0 kh\u00f4ng d\u00e2y \u0111i\u1ec7n lo\u1eb1ng ngo\u1eb1ng. V\u1eady n\u00ean, b\u1ea1n c\u00f3 th\u1ec3 v\u1ec7 sinh m\u1ecdi v\u1ecb tr\u00ed trong nh\u00e0: s\u00e0n nh\u00e0, c\u1ea7u thang, k\u1ec7 t\u1ee7, b\u00e0n ph\u00edm m\u00e1y t\u00ednh v\u00e0 b\u00ean ngo\u00e0i nh\u01b0 c\u1eeda k\u00ednh, r\u00e8m treo v\u00e0 trong \u00f4 t\u00f4,&#8230;<\/p>\n<p>&nbsp;<\/p>\n<h2><span style=\"color: #3366ff;\">7. Th\u1eddi l\u01b0\u1ee3ng pin d\u00e0i<\/span><\/h2>\n<p>M\u00e1y h\u00fat b\u1ee5i kh\u00f4ng d\u00e2y Alfatek The Portable \u0111\u01b0\u1ee3c trang b\u1ecb t\u00ednh n\u0103ng qu\u1ea3n l\u00ed pin c\u1ef1c k\u00ec th\u00f4ng minh, gi\u00fap theo d\u00f5i tr\u1ea1ng th\u00e1i ho\u1ea1t d\u1ed9ng theo th\u1eddi gian th\u1ef1c c\u1ee7a pin, gi\u1ea3m m\u1ee9c \u0111\u1ed9 hao h\u1ee5t v\u00e1 k\u00e9o d\u00e0i tu\u1ed5i th\u1ecd c\u1ee7a pin hi\u1ec7u qu\u1ea3, khi \u0111\u01b0\u1ee3c s\u1ea1c \u0111\u1ea7y pin, th\u1eddi gian l\u00e0m vi\u1ec7c c\u1ee7a m\u00e1y c\u00f3 th\u1ec3 l\u00ean \u0111\u1ebfn 25 ph\u00fat, m\u1ed9t con s\u1ed1 \u1ea5n t\u01b0\u1ee3ng \u0111\u1ed1i v\u1edbi d\u00f2ng m\u00e1y h\u00fat b\u1ee5i c\u1ea7m tay kh\u00f4ng d\u00e2y.<\/p>\n<p>&nbsp;<\/p>\n<h2><span style=\"color: #3366ff;\">8. Th\u00f4ng s\u1ed1 k\u1ef9 thu\u1eadt<\/span><\/h2>\n<table class=\"Table\">\n<tbody>\n<tr>\n<td width=\"308\"><span style=\"color: #3366ff;\"><strong>H\u1ea1ng m\u1ee5c<\/strong><\/span><\/td>\n<td width=\"308\"><span style=\"color: #3366ff;\"><strong>Th\u00f4ng s\u1ed1<\/strong><\/span><\/td>\n<\/tr>\n<tr>\n<td width=\"308\">K\u00edch th\u01b0\u1edbc<\/td>\n<td width=\"308\">27.7 x 7.2 cm<\/td>\n<\/tr>\n<tr>\n<td width=\"308\">Tr\u1ecdng l\u01b0\u1ee3ng<\/td>\n<td width=\"308\">560g<\/td>\n<\/tr>\n<tr>\n<td width=\"308\">C\u00f4ng su\u1ea5t<\/td>\n<td width=\"308\">65W<\/td>\n<\/tr>\n<tr>\n<td width=\"308\">Dung l\u01b0\u1ee3ng pin<\/td>\n<td width=\"308\">2500mAh<\/td>\n<\/tr>\n<tr>\n<td width=\"308\">Th\u1eddi gian l\u00e0m vi\u1ec7c<\/td>\n<td width=\"308\">25 ph\u00fat<\/td>\n<\/tr>\n<tr>\n<td width=\"308\">C\u00f4ng su\u1ea5t<\/td>\n<td width=\"308\">5000Pa<\/td>\n<\/tr>\n<tr>\n<td width=\"308\">Ph\u1ee5 ki\u1ec7n \u0111i c\u00f9ng<\/td>\n<td width=\"308\">1 \u1ed1ng n\u1ed1i d\u00e0i, 2 \u0111\u1ea7u h\u00fat, 1 \u0111\u1ea7u th\u1ed5i<\/td>\n<\/tr>\n<\/tbody>\n<\/table>\n<p>&nbsp;<\/p>\n<p>Th\u1ebf m\u1ea1nh<\/p>\n<p>Kh\u00f4ng c\u1ea7n c\u1eafm \u0111i\u1ec7n khi l\u00e0m vi\u1ec7c<\/p>\n<p>Kh\u00f4ng g\u00e2y ti\u1ebfng \u1ed3n l\u1edbn nh\u01b0 m\u00e1y h\u00fat b\u1ee5i th\u00f4ng th\u01b0\u1eddng<\/p>\n<p>Nh\u1ecf g\u1ecdn, d\u1ec5 mang theo<\/p>\n<p>L\u00e0m s\u1ea1ch c\u00e1c chi ti\u1ebft, kh\u00f4ng gian nh\u1ecf<\/p>\n<p>C\u00f3 th\u1ec3 h\u00fat v\u00e0 \u0111\u1ea9y<\/p>\n<p>Hi\u1ec7n nay tr\u00ean th\u1ecb tr\u01b0\u1eddng c\u00f3 r\u1ea5t nhi\u1ec1u s\u1ea3n ph\u1ea9m h\u00e0ng gi\u1ea3, h\u00e0ng nh\u00e1i, k\u00e9m ch\u1ea5t l\u01b0\u1ee3ng. V\u00ec v\u1eady, c\u00e1c b\u1ea1n c\u00f3 th\u1ec3 l\u1ef1a ch\u1ecdn s\u1ea3n ph\u1ea9m m\u00e1y h\u00fat b\u1ee5i c\u1ea7m tay Alfatek The Portable ch\u00ednh h\u00e3ng, uy t\u00edn \u0111\u1ebfn t\u1eeb \u0111i\u1ec7n m\u00e1y Kim Long Ph\u00e1t (dienmayklp). \u0110\u01b0\u1ee3c th\u00e0nh l\u1eadp t\u1eeb n\u0103m 2009, ch\u00fang t\u00f4i lu\u00f4n mong mu\u1ed1n ph\u1ee5c v\u1ee5 t\u1ed1t nh\u1ea5t, nhanh nh\u1ea5t, ti\u1ebft ki\u1ec7m nh\u1ea5t cho kh\u00e1ch h\u00e0ng. Li\u00ean h\u1ec7 ngay:\u00a0<span style=\"color: #ff0000;\"><strong>028 2253 5834<\/strong><\/span><\/p>\n<p>&nbsp;<\/p>\n<p>M\u1ecdi th\u00f4ng tin chi ti\u1ebft xin li\u00ean h\u1ec7:<\/p>\n<p><span style=\"color: #3366ff;\">C\u00f4ng Ty CP TM &amp; XD Kim Long Ph\u00e1t<\/span><\/p>\n<p><b><i>Showroom 1:<\/i><\/b>\u00a0228 \u0110\u01b0\u1eddng III, KDC Khang \u0110i\u1ec1n, P.Ph\u01b0\u1edbc Long B, Qu\u1eadn 9, Th\u00e0nh ph\u1ed1 H\u1ed3 Ch\u00ed Minh<\/p>\n<p><b><i>Showroom 2:\u00a0<\/i><\/b>T\u00f2a S1.01 &#8211; 05.01. Shophouse S01 &#8211; Vinhomes Grand Park &#8211; 200 Nguy\u1ec5n Xi\u1ec3n, ph\u01b0\u1eddng Long Th\u1ea1nh M\u1ef9, Qu\u1eadn 9, Tp H\u1ed3 Ch\u00ed Minh<\/p>\n<p><b><i>Hotline t\u01b0 v\u1ea5n:<\/i><\/b>\u00a0<span style=\"color: #ff0000;\"><strong>028 2253 5834<\/strong><\/span><\/p>\n<p><b><i>\u0110\u1eb7t h\u00e0ng tr\u1ef1c tuy\u1ebfn:<\/i><\/b>\u00a0\u00a0<span style=\"color: #ff0000;\"><strong>0888 214 839<\/strong><\/span><\/p>\n<p><b><i>Email:<\/i><\/b>\u00a0\u00a0<span style=\"color: #3366ff;\"><a style=\"color: #3366ff;\" href=\"mailto:cskh@klp.vn?subject=Ph%E1%BA%A3n%20H%E1%BB%93i%20%C4%90i%E1%BB%87n%20M%C3%A1y%20Kim%20Long%20Ph%C3%A1t&amp;body=%C4%90i%E1%BB%87n%20M%C3%A1y%20Kim%20Long%20Ph%C3%A1t%20K%C3%ADnh%20ch%C3%A0o%20qu%C3%BD%20kh%C3%A1ch!%0AMong%20nh%E1%BA%ADn%20%C4%91%C6%B0%E1%BB%A3c%20%C3%BD%20ki%E1%BA%BFn%20ph%E1%BA%A3n%20h%E1%BB%93i%20t%E1%BB%AB%20Anh%2FCh%E1%BB%8B\">cskh@klp.vn<\/a><\/span><\/p>\n","protected":false},"excerpt":{"rendered":"<p>Nhu c\u1ea7u s\u1eed d\u1ee5ng m\u00e1y h\u00fat b\u1ee5i ng\u00e0y c\u00e0ng t\u0103ng cao trong nh\u1eefng n\u0103m g\u1ea7n \u0111\u00e2y, v\u00ec v\u1eady, m\u00e1y h\u00fat b\u1ee5i c\u1ea7m tay \u0111ang l\u00e0 s\u1ef1 l\u1ef1a ch\u1ecdn c\u1ee7a nhi\u1ec1u ng\u01b0\u1eddi. Trong s\u1ed1 nh\u1eefng s\u1ea3n ph\u1ea9m t\u1ed1t nh\u1ea5t th\u1ecb tr\u01b0\u1eddng hi\u1ec7n nay, The Portabe c\u1ee7a Alfatek lu\u00f4n l\u00e0 s\u1ef1 l\u1ef1a ch\u1ecdn h\u00e0ng \u0111\u1ea7u. The Portable [&#8230;]\n","protected":false},"featured_media":1099,"comment_status":"open","ping_status":"closed","template":"","meta":{"_acf_changed":false},"product_brand":[100],"product_cat":[83],"product_tag":[],"class_list":{"0":"post-1098","1":"product","2":"type-product","3":"status-publish","4":"has-post-thumbnail","6":"product_brand-alfatek","7":"product_cat-san-pham-khac","9":"first","10":"instock","11":"taxable","12":"shipping-taxable","13":"purchasable","14":"product-type-simple"},"acf":[],"_links":{"self":[{"href":"https:\/\/songxanhwater.com\/index.php?rest_route=\/wp\/v2\/product\/1098","targetHints":{"allow":["GET"]}}],"collection":[{"href":"https:\/\/songxanhwater.com\/index.php?rest_route=\/wp\/v2\/product"}],"about":[{"href":"https:\/\/songxanhwater.com\/index.php?rest_route=\/wp\/v2\/types\/product"}],"replies":[{"embeddable":true,"href":"https:\/\/songxanhwater.com\/index.php?rest_route=%2Fwp%2Fv2%2Fcomments&post=1098"}],"wp:featuredmedia":[{"embeddable":true,"href":"https:\/\/songxanhwater.com\/index.php?rest_route=\/wp\/v2\/media\/1099"}],"wp:attachment":[{"href":"https:\/\/songxanhwater.com\/index.php?rest_route=%2Fwp%2Fv2%2Fmedia&parent=1098"}],"wp:term":[{"taxonomy":"product_brand","embeddable":true,"href":"https:\/\/songxanhwater.com\/index.php?rest_route=%2Fwp%2Fv2%2Fproduct_brand&post=1098"},{"taxonomy":"product_cat","embeddable":true,"href":"https:\/\/songxanhwater.com\/index.php?rest_route=%2Fwp%2Fv2%2Fproduct_cat&post=1098"},{"taxonomy":"product_tag","embeddable":true,"href":"https:\/\/songxanhwater.com\/index.php?rest_route=%2Fwp%2Fv2%2Fproduct_tag&post=1098"}],"curies":[{"name":"wp","href":"https:\/\/api.w.org\/{rel}","templated":true}]}}