{"id":2631,"date":"2026-05-08T12:57:14","date_gmt":"2026-05-08T12:57:14","guid":{"rendered":"https:\/\/huynhthanhxuan.com\/?page_id=2631"},"modified":"2026-05-09T06:42:23","modified_gmt":"2026-05-09T06:42:23","slug":"lien-he","status":"publish","type":"page","link":"https:\/\/songxanhwater.com\/?page_id=2631","title":{"rendered":"Li\u00ean h\u1ec7"},"content":{"rendered":"\n<div class=\"row\"  id=\"row-1670699093\">\n\n\n\t<div id=\"col-1922795439\" class=\"col medium-9 small-12 large-9\"  >\n\t\t\t\t<div class=\"col-inner\"  >\n\t\t\t\n\t\t\t\n\n\n\n<iframe src=\"https:\/\/www.google.com\/maps\/embed?pb=!1m18!1m12!1m3!1d3918.2519899009517!2d106.6376054!3d10.868428699999999!2m3!1f0!2f0!3f0!3m2!1i1024!2i768!4f13.1!3m3!1m2!1s0x317529cc87987e05%3A0x5abcf4fb7722176a!2zTOG7jWMgbsaw4bubYyDEkMOsbmggTmjDom4!5e0!3m2!1svi!2s!4v1778308807653!5m2!1svi!2s\" width=\"1300\" height=\"450\" style=\"border:0;\" allowfullscreen=\"\" loading=\"lazy\" referrerpolicy=\"no-referrer-when-downgrade\"><\/iframe>\n\n<div class=\"container section-title-container\" ><h3 class=\"section-title section-title-bold\"><b><\/b><span class=\"section-title-main\" >Li\u00ean h\u1ec7 v\u1edbi ch\u00fang t\u00f4i<\/span><b><\/b><\/h3><\/div>\n\n<div class=\"M-CONTMAST-RW-RBWM O-SMARTSPCGEN-DEV\" role=\"region\">\n<h4 id=\"content_main_heading_1\" class=\"heading A-TYP22L-RW-ALL \">T\u1ea1i \u0111\u1ecba ch\u1ec9 c\u00f4ng ty<\/h4>\n<\/div>\n<div class=\"M-CONTMAST-RW-RBWM O-SMARTSPCGEN-DEV rich-text\" role=\"region\">\n<div id=\"content_main_richtext_5\" data-date-format=\"M\/D\/YYYY\" data-time-format=\"HH:MM:SS A\" data-zone=\"Asia\/Ho_Chi_Minh\">\n<ul>\n<li class=\"A-PAR14R-RW-ALL bullet-arrow\">S\u1ed1 467 Tr\u01b0\u01a1ng Th\u1ecb Hoa, P. T\u00e2n Th\u1edbi Hi\u1ec7p, H\u1ed3 Ch\u00ed Minh<\/li>\n<\/ul>\n<\/div>\n<\/div>\n<div class=\"M-CONTMAST-RW-RBWM O-SMARTSPCGEN-DEV\" role=\"region\">\n<h4 id=\"content_main_heading_3\" class=\"heading A-TYP14B-RW-ALL remove-bottom-space\">Tr\u1ef1c tuy\u1ebfn<\/h4>\n<\/div>\n<div class=\"M-CONTMAST-RW-RBWM O-SMARTSPCGEN-DEV rich-text\" role=\"region\">\n<div id=\"content_main_richtext_6\" data-date-format=\"M\/D\/YYYY\" data-time-format=\"HH:MM:SS A\" data-zone=\"Asia\/Ho_Chi_Minh\">\n<p class=\"A-PAR14R-RW-ALL\">Ch\u00fang t\u00f4i s\u1ebd ph\u1ea3n h\u1ed3i Qu\u00fd kh\u00e1ch trong v\u00f2ng 2 ng\u00e0y l\u00e0m vi\u1ec7c \u0111\u1ed1i v\u1edbi nh\u1eefng y\u00eau c\u1ea7u g\u1eedi th\u01b0 tr\u1ef1c tuy\u1ebfn. N\u1ebfu Qu\u00fd kh\u00e1ch c\u1ea7n h\u1ed7 tr\u1ee3 kh\u1ea9n c\u1ea5p, vui l\u00f2ng li\u00ean h\u1ec7 v\u1edbi ch\u00fang t\u00f4i th\u00f4ng qua Fanpage ho\u1eb7c Zalo:<\/p>\n<ul class=\"A-LSTU-RW-ALL\">\n<li class=\"bullet-star\"><span class=\"A-PAR14R-RW-ALL\"><strong>Qu\u00fd kh\u00e1ch c\u00f3 th\u1ec3 g\u1eedi th\u01b0 \u0111i\u1ec7n t\u1eed \u0111\u1ebfn ch\u00fang t\u00f4i:<\/strong>\u00a0\u0110\u1ecba ch\u1ec9 email:\u00a0<a href=\"mailto:dinhnhanxd.vn@gmail.com\">dinhnhanxd.vn@gmail.com<\/a><\/span><\/li>\n<li class=\"bullet-star\"><span class=\"A-PAR14R-RW-ALL\"><strong>Chat tr\u1ef1c ti\u1ebfp v\u1edbi nh\u00e2n vi\u00ean qua Fanpage:<\/strong>\u00a0Qu\u00fd kh\u00e1ch c\u00f3 th\u1ec3 chat tr\u1ef1c ti\u1ebfp v\u1edbi nh\u00e2n vi\u00ean qua Fanpage:\u00a0<a href=\"https:\/\/www.messenger.com\/t\/locnuocdinhnhan\" target=\"_blank\" rel=\"nofollow noopener\">L\u1ecdc n\u01b0\u1edbc \u0110\u00ecnh Nh\u00e2n<\/a>\u00a0ho\u1eb7c qua Zalo:\u00a0<a href=\"https:\/\/zalo.me\/0987883188\" target=\"_blank\" rel=\"nofollow noopener\">L\u1ecdc n\u01b0\u1edbc \u0110\u00ecnh Nh\u00e2n<\/a><\/span><\/li>\n<\/ul>\n<\/div>\n<\/div>\n<div class=\"M-CONTMAST-RW-RBWM O-SMARTSPCGEN-DEV\" role=\"region\">\n<h4 id=\"content_main_heading_4\" class=\"heading A-TYP14B-RW-ALL remove-bottom-space\">G\u1ecdi \u0111i\u1ec7n cho ch\u00fang t\u00f4i<\/h4>\n<\/div>\n<div class=\"M-CONTMAST-RW-RBWM O-SMARTSPCGEN-DEV rich-text\" role=\"region\">\n<div id=\"content_main_richtext_7\" data-date-format=\"M\/D\/YYYY\" data-time-format=\"HH:MM:SS A\" data-zone=\"Asia\/Ho_Chi_Minh\">\n<p class=\"A-PAR14R-RW-ALL\">Qu\u00fd kh\u00e1ch c\u00f3 th\u1ec3 g\u1ecdi \u0111\u1ebfn Trung t\u00e2m D\u1ecbch v\u1ee5 Kh\u00e1ch h\u00e0ng c\u1ee7a ch\u00fang t\u00f4i theo c\u00e1c s\u1ed1 \u0111i\u1ec7n tho\u1ea1i d\u01b0\u1edbi \u0111\u00e2y:<\/p>\n<ul>\n<li class=\"A-PAR14R-RW-ALL bullet-checkmark\"><span class=\"A-PAR14R-RW-ALL\"><a href=\"tel:0987883188\"><span data-text-color=\"alert\"><strong>0987.883.188<\/strong><\/span><\/a>\u00a0(Hotline)<\/span><\/li>\n<li class=\"A-PAR14R-RW-ALL bullet-checkmark\"><span class=\"A-PAR14R-RW-ALL\"><a href=\"tel:0979339241\"><strong>0979.339.241<\/strong><\/a>\u00a0(K\u1ef9 thu\u1eadt)<\/span><\/li>\n<\/ul>\n<\/div>\n<\/div>\n<div class=\"M-CONTMAST-RW-RBWM O-SMARTSPCGEN-DEV\" role=\"region\">\n<h4 id=\"content_main_heading_5\" class=\"heading A-TYP14B-RW-ALL remove-bottom-space\">G\u1eedi th\u01b0 cho ch\u00fang t\u00f4i<\/h4>\n<\/div>\n<div class=\"M-CONTMAST-RW-RBWM O-SMARTSPCGEN-DEV rich-text\" role=\"region\">\n<div id=\"content_main_richtext_8\" data-date-format=\"M\/D\/YYYY\" data-time-format=\"HH:MM:SS A\" data-zone=\"Asia\/Ho_Chi_Minh\">\n<p class=\"A-PAR14R-RW-ALL\">Qu\u00fd kh\u00e1ch c\u00f3 th\u1ec3 g\u1eedi th\u01b0 cho ch\u00fang t\u00f4i (d\u00e0nh cho \u00fd ki\u1ebfn \u0111\u00f3ng g\u00f3p v\u00e0 khi\u1ebfu n\u1ea1i) \u0111\u1ebfn \u0111\u1ecba ch\u1ec9 sau:<\/p>\n<ul>\n<li class=\"A-PAR14R-RW-ALL bullet-arrow\">C\u00f4ng Ty TNHH S\u1ea3n Xu\u1ea5t V\u00e0 Th\u01b0\u01a1ng M\u1ea1i \u0110\u00ecnh Nh\u00e2n, S\u1ed1 467 Tr\u01b0\u01a1ng Th\u1ecb Hoa, P. T\u00e2n Th\u1edbi Hi\u1ec7p, H\u1ed3 Ch\u00ed Minh<\/li>\n<\/ul>\n<\/div>\n<\/div>\n\n\t\t<\/div>\n\t\t\t\t\t<\/div>\n\n\t\n\n\t<div id=\"col-1893146542\" class=\"col medium-3 small-12 large-3\"  >\n\t\t\t\t<div class=\"col-inner\"  >\n\t\t\t\n\t\t\t\n\n\n\n<style>\n\/* ==========================================================\n   CSS BOX Y\u00caN T\u00c2M MUA S\u1eaeM (D\u00e0nh ri\u00eang cho Flatsome Sidebar)\n========================================================== *\/\n.ytms-wrapper {\n\tborder: 2px solid #1e73be;\n\tborder-radius: 5px;\n\tbackground-color: #ffffff;\n\tfont-family: Arial, sans-serif;\n\tmargin-bottom: 20px;\n\toverflow: hidden;\n}\n\n.ytms-header {\n\tbackground-color: #1e73be;\n\tcolor: #ffffff;\n\ttext-align: center;\n\tpadding: 12px 15px;\n\tfont-size: 16px;\n\tfont-weight: 700;\n\ttext-transform: uppercase;\n\tletter-spacing: 0.5px;\n}\n\n.ytms-body {\n\tpadding: 20px 15px 5px 15px;\n}\n\n.ytms-item {\n\tdisplay: flex;\n\talign-items: flex-start;\n\tmargin-bottom: 20px;\n}\n\n.ytms-icon {\n\twidth: 30px;\n\theight: 30px;\n\tflex-shrink: 0;\n\tmargin-right: 12px;\n\tdisplay: flex;\n\tjustify-content: center;\n\talign-items: center;\n}\n\n.ytms-icon svg {\n\twidth: 100%;\n\theight: auto;\n\tfill: #d32f2f;\n}\n\n.ytms-icon svg path.white-fill {\n\tfill: #ffffff !important;\n}\n\n.ytms-content {\n\tflex-grow: 1;\n\tpadding-top: 2px;\n}\n\n.ytms-content h4 {\n\tmargin: 0 0 4px 0 !important;\n\tcolor: #1e73be;\n\tfont-size: 14px;\n\tfont-weight: 700;\n\ttext-transform: uppercase;\n\tline-height: 1.3;\n}\n\n.ytms-content p {\n\tmargin: 0 !important;\n\tcolor: #555555;\n\tfont-size: 12px;\n\tline-height: 1.4;\n}\n<\/style>\n\n<div class=\"ytms-wrapper\">\n\t<!-- Ti\u00eau \u0111\u1ec1 Box -->\n\t<div class=\"ytms-header\">\n\t\tY\u00ean t\u00e2m mua s\u1eafm\n\t<\/div>\n\n\t<!-- N\u1ed9i dung Box -->\n\t<div class=\"ytms-body\">\n\t\t\n\t\t<!-- Item 1: B\u1ea3o h\u00e0nh d\u00e0i h\u1ea1n -->\n\t\t<div class=\"ytms-item\">\n\t\t\t<div class=\"ytms-icon\">\n\t\t\t\t<svg viewbox=\"0 0 512 512\"><path d=\"M480 128H32c-17.7 0-32 14.3-32 32v224c0 17.7 14.3 32 32 32h176.6c-4.1-10.1-6.6-21-6.6-32V256c0-62.9 44-115.5 103.5-126H32v-34h448v65.6c20-14.7 44.5-23.6 71-23.6 3.7 0 7.4.3 11 .7V160c0-17.7-14.3-32-32-32z\"\/><path d=\"M256 272v176.6c0 18.4 11.2 34.6 28 41.6 30.6 12.7 64.9 19.8 100 19.8s69.4-7.1 100-19.8c16.8-7 28-23.2 28-41.6V272c0-26.5-21.5-48-48-48H304c-26.5 0-48 21.5-48 48zm201.4-14.6l-104 104c-4.7 4.7-12.3 4.7-17 0l-48-48c-4.7-4.7-4.7-12.3 0-17l17-17c4.7-4.7 12.3-4.7 17 0l22.5 22.5 78.5-78.5c4.7-4.7 12.3-4.7 17 0l17 17c4.7 4.7 4.7 12.3 0 17z\"\/><\/svg>\n\t\t\t<\/div>\n\t\t\t<div class=\"ytms-content\">\n\t\t\t\t<h4>B\u1ea3o h\u00e0nh d\u00e0i h\u1ea1n<\/h4>\n\t\t\t\t<p>Th\u1eddi gian b\u1ea3o h\u00e0nh t\u1eeb 1 \u2013 3 n\u0103m<\/p>\n\t\t\t<\/div>\n\t\t<\/div>\n\n\t\t<!-- Item 2: Ch\u1ea5t l\u01b0\u1ee3ng s\u1ea3n ph\u1ea9m -->\n\t\t<div class=\"ytms-item\">\n\t\t\t<div class=\"ytms-icon\">\n\t\t\t\t<svg viewbox=\"0 0 512 512\"><path d=\"M503.7 122.9L281.3 14.6c-15.5-7.5-35.1-7.5-50.6 0L8.3 122.9c-5.2 2.5-8.3 7.7-8.3 13.4v239.4c0 5.7 3.1 10.9 8.3 13.4l222.4 108.3c15.5 7.5 35.1 7.5 50.6 0l222.4-108.3c5.2-2.5 8.3-7.7 8.3-13.4V136.3c0-5.7-3.1-10.9-8.3-13.4zM256 50.8l148.1 72.1L256 195 107.9 122.9 256 50.8z\"\/><path class=\"white-fill\" d=\"M363.3 221.3l-123.6 123.6c-4.7 4.7-12.3 4.7-17 0l-63.6-63.6c-4.7-4.7-4.7-12.3 0-17l17-17c4.7-4.7 12.3-4.7 17 0l38.1 38.1 98.1-98.1c4.7-4.7 12.3-4.7 17 0l17 17c4.7 4.8 4.7 12.4 0 17z\"\/><\/svg>\n\t\t\t<\/div>\n\t\t\t<div class=\"ytms-content\">\n\t\t\t\t<h4>Ch\u1ea5t l\u01b0\u1ee3ng s\u1ea3n ph\u1ea9m<\/h4>\n\t\t\t\t<p>Ch\u00ednh h\u00e3ng, ti\u00eau chu\u1ea9n qu\u1ed1c t\u1ebf<\/p>\n\t\t\t<\/div>\n\t\t<\/div>\n\n\t\t<!-- Item 3: L\u1eafp \u0111\u1eb7t v\u00e0 s\u1eeda ch\u1eefa -->\n\t\t<div class=\"ytms-item\">\n\t\t\t<div class=\"ytms-icon\">\n\t\t\t\t<svg viewbox=\"0 0 512 512\"><path d=\"M507.7 165.9l-49.8-49.8c-5.7-5.7-14.9-5.7-20.6 0l-37 37-23.7-23.7c18.5-44.4 7.6-97.6-32.6-137.9-46.3-46.3-119.5-50.5-169.5-12.8l38.2 38.2c9.4 9.4 9.4 24.6 0 33.9L161.5 102c-9.4 9.4-24.6 9.4-33.9 0L89.4 63.8c-37.7 50-33.5 123.2 12.8 169.5 40.3 40.3 93.5 51.2 137.9 32.6l23.7 23.7-37 37c-5.7 5.7-5.7 14.9 0 20.6l49.8 49.8c5.7 5.7 14.9 5.7 20.6 0l110.1-110.1 110.1-110.1c5.7-5.7 5.7-14.9 0-20.6zm-361.6 74.3c-23.8 23.8-62.5 23.8-86.3 0L17.5 197.9c-23.3-23.3-23.3-61.1 0-84.4l30.8-30.8c5.7-5.7 14.9-5.7 20.6 0l156.4 156.4c5.7 5.7 5.7 14.9 0 20.6l-30.8 30.8-48.4-49.8zM494.5 448.6l-28.3 28.3c-23.3 23.3-61.1 23.3-84.4 0L18.4 113.5c-23.3-23.3-23.3-61.1 0-84.4l28.3-28.3c23.3-23.3 61.1-23.3 84.4 0l363.4 363.4c23.3 23.3 23.3 61.1 0 84.4z\"\/><\/svg>\n\t\t\t<\/div>\n\t\t\t<div class=\"ytms-content\">\n\t\t\t\t<h4>L\u1eafp \u0111\u1eb7t v\u00e0 s\u1eeda ch\u1eefa<\/h4>\n\t\t\t\t<p>C\u00f3 m\u1eb7t t\u1ea1i nh\u00e0 ch\u1ec9 sau 30 ph\u00fat<\/p>\n\t\t\t<\/div>\n\t\t<\/div>\n\n\t\t<!-- Item 4: Mua s\u1eafm online -->\n\t\t<div class=\"ytms-item\">\n\t\t\t<div class=\"ytms-icon\">\n\t\t\t\t<svg viewbox=\"0 0 512 512\"><path d=\"M256 32L32 134.4v95.1l224 102.5 224-102.5v-95.1L256 32zm0 46.5l149.3 68.3L256 215.1 106.7 146.8 256 78.5z\"\/><path d=\"M480 352h-84.3l-64.2-64.2c-7.4-7.4-18.2-10.4-28.5-7.8l-102 25.5c-48.4 12.1-99.7 12-148 0L27.6 295.1C11.3 291.1 0 295.3 0 311v33c0 23.3 15.5 43.6 37.7 49.1l85.8 21.5c41.3 10.3 84.7 10.3 126 0l54.5-13.6V448c0 17.7 14.3 32 32 32h128c17.7 0 32-14.3 32-32v-64c0-17.7-14.3-32-32-32z\"\/><\/svg>\n\t\t\t<\/div>\n\t\t\t<div class=\"ytms-content\">\n\t\t\t\t<h4>Mua s\u1eafm online<\/h4>\n\t\t\t\t<p>Thanh to\u00e1n khi b\u1ea1n nh\u1eadn h\u00e0ng<\/p>\n\t\t\t<\/div>\n\t\t<\/div>\n\n\t\t<!-- Item 5: Ch\u1ebf \u0111\u1ed9 h\u1eadu m\u00e3i -->\n\t\t<div class=\"ytms-item\">\n\t\t\t<div class=\"ytms-icon\">\n\t\t\t\t<svg viewbox=\"0 0 384 512\"><path d=\"M336 64h-80c0-35.3-28.7-64-64-64s-64 28.7-64 64H48C21.5 64 0 85.5 0 112v352c0 26.5 21.5 48 48 48h288c26.5 0 48-21.5 48-48V112c0-26.5-21.5-48-48-48zM192 40c13.3 0 24 10.7 24 24s-10.7 24-24 24-24-10.7-24-24 10.7-24 24-24zm-48 136l-32-32 22.6-22.6 9.4 9.4 25.4-25.4 22.6 22.6-48 48zm0 128l-32-32 22.6-22.6 9.4 9.4 25.4-25.4 22.6 22.6-48 48zm0 128l-32-32 22.6-22.6 9.4 9.4 25.4-25.4 22.6 22.6-48 48zM304 416H176v-32h128v32zm0-128H176v-32h128v32zm0-128H176v-32h128v32z\"\/><\/svg>\n\t\t\t<\/div>\n\t\t\t<div class=\"ytms-content\">\n\t\t\t\t<h4>Ch\u1ebf \u0111\u1ed9 h\u1eadu m\u00e3i<\/h4>\n\t\t\t\t<p>\u0110\u1ea3m b\u1ea3o 100% b\u1ea1n s\u1ebd h\u00e0i l\u00f2ng<\/p>\n\t\t\t<\/div>\n\t\t<\/div>\n\n\t<\/div>\n<\/div>\n\n\n\n\t<section class=\"section khung-sp-giam-gia\" id=\"section_1775235448\">\n\t\t<div class=\"section-bg fill\" >\n\t\t\t\t\t\t\t\t\t\n\t\t\t\n\n\t\t<\/div>\n\n\t\t\n\n\t\t<div class=\"section-content relative\">\n\t\t\t\n\n<p style=\"text-align: center;\">S\u1ea2N PH\u1ea8M GI\u1ea2M GI\u00c1<\/p>\n<ul class=\"ux-products-list product_list_widget\">\n\t\t\t\t\t<li>\n\t<a href=\"https:\/\/songxanhwater.com\/?product=tu-dien-he-thong-loc-ro\" title=\"T\u1ee7 \u0111i\u1ec7n h\u1ec7 th\u1ed1ng l\u1ecdc RO\">\n\t\t<img loading=\"lazy\" decoding=\"async\" width=\"100\" height=\"100\" src=\"https:\/\/songxanhwater.com\/wp-content\/uploads\/2026\/05\/tu-dien-he-thong-loc-RO-100x100.jpg\" class=\"attachment-woocommerce_gallery_thumbnail size-woocommerce_gallery_thumbnail\" alt=\"T\u1ee7 \u0111i\u1ec7n h\u1ec7 th\u1ed1ng l\u1ecdc RO\" srcset=\"https:\/\/songxanhwater.com\/wp-content\/uploads\/2026\/05\/tu-dien-he-thong-loc-RO-100x100.jpg 100w, https:\/\/songxanhwater.com\/wp-content\/uploads\/2026\/05\/tu-dien-he-thong-loc-RO-400x400.jpg 400w, https:\/\/songxanhwater.com\/wp-content\/uploads\/2026\/05\/tu-dien-he-thong-loc-RO-280x280.jpg 280w, https:\/\/songxanhwater.com\/wp-content\/uploads\/2026\/05\/tu-dien-he-thong-loc-RO-300x300.jpg 300w, https:\/\/songxanhwater.com\/wp-content\/uploads\/2026\/05\/tu-dien-he-thong-loc-RO.jpg 500w\" sizes=\"auto, (max-width: 100px) 100vw, 100px\" \/>\t\t<span class=\"product-title\">T\u1ee7 \u0111i\u1ec7n h\u1ec7 th\u1ed1ng l\u1ecdc RO<\/span>\n\t<\/a>\n\t\t<del aria-hidden=\"true\"><span class=\"woocommerce-Price-amount amount\"><bdi>3.500.000&nbsp;<span class=\"woocommerce-Price-currencySymbol\">&#8363;<\/span><\/bdi><\/span><\/del> <span class=\"screen-reader-text\">Gi\u00e1 g\u1ed1c l\u00e0: 3.500.000&nbsp;&#8363;.<\/span><ins aria-hidden=\"true\"><span class=\"woocommerce-Price-amount amount\"><bdi>2.500.000&nbsp;<span class=\"woocommerce-Price-currencySymbol\">&#8363;<\/span><\/bdi><\/span><\/ins><span class=\"screen-reader-text\">Gi\u00e1 hi\u1ec7n t\u1ea1i l\u00e0: 2.500.000&nbsp;&#8363;.<\/span><\/li>\n\t\t\t\t\t<li>\n\t<a href=\"https:\/\/songxanhwater.com\/?product=vo-mang-loc-ro-8040-inox\" title=\"V\u1ecf m\u00e0ng l\u1ecdc RO 8040 inox\">\n\t\t<img loading=\"lazy\" decoding=\"async\" width=\"100\" height=\"100\" src=\"https:\/\/songxanhwater.com\/wp-content\/uploads\/2026\/05\/vo-mang-loc-ro-8040-inox-100x100.jpg\" class=\"attachment-woocommerce_gallery_thumbnail size-woocommerce_gallery_thumbnail\" alt=\"V\u1ecf m\u00e0ng l\u1ecdc RO 8040 inox\" srcset=\"https:\/\/songxanhwater.com\/wp-content\/uploads\/2026\/05\/vo-mang-loc-ro-8040-inox-100x100.jpg 100w, https:\/\/songxanhwater.com\/wp-content\/uploads\/2026\/05\/vo-mang-loc-ro-8040-inox-400x400.jpg 400w, https:\/\/songxanhwater.com\/wp-content\/uploads\/2026\/05\/vo-mang-loc-ro-8040-inox-280x280.jpg 280w, https:\/\/songxanhwater.com\/wp-content\/uploads\/2026\/05\/vo-mang-loc-ro-8040-inox-300x300.jpg 300w, https:\/\/songxanhwater.com\/wp-content\/uploads\/2026\/05\/vo-mang-loc-ro-8040-inox.jpg 500w\" sizes=\"auto, (max-width: 100px) 100vw, 100px\" \/>\t\t<span class=\"product-title\">V\u1ecf m\u00e0ng l\u1ecdc RO 8040 inox<\/span>\n\t<\/a>\n\t\t<del aria-hidden=\"true\"><span class=\"woocommerce-Price-amount amount\"><bdi>8.900.000&nbsp;<span class=\"woocommerce-Price-currencySymbol\">&#8363;<\/span><\/bdi><\/span><\/del> <span class=\"screen-reader-text\">Gi\u00e1 g\u1ed1c l\u00e0: 8.900.000&nbsp;&#8363;.<\/span><ins aria-hidden=\"true\"><span class=\"woocommerce-Price-amount amount\"><bdi>7.900.000&nbsp;<span class=\"woocommerce-Price-currencySymbol\">&#8363;<\/span><\/bdi><\/span><\/ins><span class=\"screen-reader-text\">Gi\u00e1 hi\u1ec7n t\u1ea1i l\u00e0: 7.900.000&nbsp;&#8363;.<\/span><\/li>\n\t\t\t\t\t<li>\n\t<a href=\"https:\/\/songxanhwater.com\/?product=mang-loc-ro-vontron-4021\" title=\"Ma\u0300ng lo\u0323c RO Vontron 4021\">\n\t\t<img loading=\"lazy\" decoding=\"async\" width=\"100\" height=\"100\" src=\"https:\/\/songxanhwater.com\/wp-content\/uploads\/2026\/05\/mang-loc-ro-vontron-4021-100x100.jpg\" class=\"attachment-woocommerce_gallery_thumbnail size-woocommerce_gallery_thumbnail\" alt=\"Ma\u0300ng lo\u0323c RO Vontron 4021\" srcset=\"https:\/\/songxanhwater.com\/wp-content\/uploads\/2026\/05\/mang-loc-ro-vontron-4021-100x100.jpg 100w, https:\/\/songxanhwater.com\/wp-content\/uploads\/2026\/05\/mang-loc-ro-vontron-4021-400x400.jpg 400w, https:\/\/songxanhwater.com\/wp-content\/uploads\/2026\/05\/mang-loc-ro-vontron-4021-280x280.jpg 280w, https:\/\/songxanhwater.com\/wp-content\/uploads\/2026\/05\/mang-loc-ro-vontron-4021-300x300.jpg 300w, https:\/\/songxanhwater.com\/wp-content\/uploads\/2026\/05\/mang-loc-ro-vontron-4021.jpg 500w\" sizes=\"auto, (max-width: 100px) 100vw, 100px\" \/>\t\t<span class=\"product-title\">Ma\u0300ng lo\u0323c RO Vontron 4021<\/span>\n\t<\/a>\n\t\t<del aria-hidden=\"true\"><span class=\"woocommerce-Price-amount amount\"><bdi>3.500.000&nbsp;<span class=\"woocommerce-Price-currencySymbol\">&#8363;<\/span><\/bdi><\/span><\/del> <span class=\"screen-reader-text\">Gi\u00e1 g\u1ed1c l\u00e0: 3.500.000&nbsp;&#8363;.<\/span><ins aria-hidden=\"true\"><span class=\"woocommerce-Price-amount amount\"><bdi>2.900.000&nbsp;<span class=\"woocommerce-Price-currencySymbol\">&#8363;<\/span><\/bdi><\/span><\/ins><span class=\"screen-reader-text\">Gi\u00e1 hi\u1ec7n t\u1ea1i l\u00e0: 2.900.000&nbsp;&#8363;.<\/span><\/li>\n\t\t\t\t\t<li>\n\t<a href=\"https:\/\/songxanhwater.com\/?product=bo-loc-nuoc-tho-3-coc-loc-20-inch\" title=\"B\u1ed9 l\u1ecdc n\u01b0\u1edbc th\u00f4 3 c\u1ed1c l\u1ecdc 20 inch\">\n\t\t<img loading=\"lazy\" decoding=\"async\" width=\"100\" height=\"100\" src=\"https:\/\/songxanhwater.com\/wp-content\/uploads\/2026\/05\/bo-loc-nuoc-tho-3-coc-loc-20-inch-1-100x100.jpg\" class=\"attachment-woocommerce_gallery_thumbnail size-woocommerce_gallery_thumbnail\" alt=\"B\u1ed9 l\u1ecdc n\u01b0\u1edbc th\u00f4 3 c\u1ed1c l\u1ecdc 20 inch\" srcset=\"https:\/\/songxanhwater.com\/wp-content\/uploads\/2026\/05\/bo-loc-nuoc-tho-3-coc-loc-20-inch-1-100x100.jpg 100w, https:\/\/songxanhwater.com\/wp-content\/uploads\/2026\/05\/bo-loc-nuoc-tho-3-coc-loc-20-inch-1-400x400.jpg 400w, https:\/\/songxanhwater.com\/wp-content\/uploads\/2026\/05\/bo-loc-nuoc-tho-3-coc-loc-20-inch-1-280x280.jpg 280w, https:\/\/songxanhwater.com\/wp-content\/uploads\/2026\/05\/bo-loc-nuoc-tho-3-coc-loc-20-inch-1-300x300.jpg 300w, https:\/\/songxanhwater.com\/wp-content\/uploads\/2026\/05\/bo-loc-nuoc-tho-3-coc-loc-20-inch-1.jpg 500w\" sizes=\"auto, (max-width: 100px) 100vw, 100px\" \/>\t\t<span class=\"product-title\">B\u1ed9 l\u1ecdc n\u01b0\u1edbc th\u00f4 3 c\u1ed1c l\u1ecdc 20 inch<\/span>\n\t<\/a>\n\t\t<del aria-hidden=\"true\"><span class=\"woocommerce-Price-amount amount\"><bdi>950.000&nbsp;<span class=\"woocommerce-Price-currencySymbol\">&#8363;<\/span><\/bdi><\/span><\/del> <span class=\"screen-reader-text\">Gi\u00e1 g\u1ed1c l\u00e0: 950.000&nbsp;&#8363;.<\/span><ins aria-hidden=\"true\"><span class=\"woocommerce-Price-amount amount\"><bdi>850.000&nbsp;<span class=\"woocommerce-Price-currencySymbol\">&#8363;<\/span><\/bdi><\/span><\/ins><span class=\"screen-reader-text\">Gi\u00e1 hi\u1ec7n t\u1ea1i l\u00e0: 850.000&nbsp;&#8363;.<\/span><\/li>\n\t\t\t\t\t<li>\n\t<a href=\"https:\/\/songxanhwater.com\/?product=loi-loc-beo-cto-bigblue-20-inch\" title=\"L\u00f5i l\u1ecdc b\u00e9o CTO bigblue 20 inch\">\n\t\t<img loading=\"lazy\" decoding=\"async\" width=\"100\" height=\"100\" src=\"https:\/\/songxanhwater.com\/wp-content\/uploads\/2026\/05\/loi-loc-beo-cto-bigblue-20-inch-1-100x100.jpg\" class=\"attachment-woocommerce_gallery_thumbnail size-woocommerce_gallery_thumbnail\" alt=\"L\u00f5i l\u1ecdc b\u00e9o CTO bigblue 20 inch\" srcset=\"https:\/\/songxanhwater.com\/wp-content\/uploads\/2026\/05\/loi-loc-beo-cto-bigblue-20-inch-1-100x100.jpg 100w, https:\/\/songxanhwater.com\/wp-content\/uploads\/2026\/05\/loi-loc-beo-cto-bigblue-20-inch-1-400x400.jpg 400w, https:\/\/songxanhwater.com\/wp-content\/uploads\/2026\/05\/loi-loc-beo-cto-bigblue-20-inch-1-280x280.jpg 280w, https:\/\/songxanhwater.com\/wp-content\/uploads\/2026\/05\/loi-loc-beo-cto-bigblue-20-inch-1-300x300.jpg 300w, https:\/\/songxanhwater.com\/wp-content\/uploads\/2026\/05\/loi-loc-beo-cto-bigblue-20-inch-1.jpg 500w\" sizes=\"auto, (max-width: 100px) 100vw, 100px\" \/>\t\t<span class=\"product-title\">L\u00f5i l\u1ecdc b\u00e9o CTO bigblue 20 inch<\/span>\n\t<\/a>\n\t\t<del aria-hidden=\"true\"><span class=\"woocommerce-Price-amount amount\"><bdi>350.000&nbsp;<span class=\"woocommerce-Price-currencySymbol\">&#8363;<\/span><\/bdi><\/span><\/del> <span class=\"screen-reader-text\">Gi\u00e1 g\u1ed1c l\u00e0: 350.000&nbsp;&#8363;.<\/span><ins aria-hidden=\"true\"><span class=\"woocommerce-Price-amount amount\"><bdi>250.000&nbsp;<span class=\"woocommerce-Price-currencySymbol\">&#8363;<\/span><\/bdi><\/span><\/ins><span class=\"screen-reader-text\">Gi\u00e1 hi\u1ec7n t\u1ea1i l\u00e0: 250.000&nbsp;&#8363;.<\/span><\/li>\n\t\t\t\t\t<li>\n\t<a href=\"https:\/\/songxanhwater.com\/?product=he-thong-loc-nuoc-dau-nguon-miz-us03-uf\" title=\"H\u1ec7 Th\u1ed1ng L\u1ecdc N\u01b0\u1edbc \u0110\u1ea7u Ngu\u1ed3n MIZ-US03-UF\">\n\t\t<img loading=\"lazy\" decoding=\"async\" width=\"100\" height=\"100\" src=\"https:\/\/songxanhwater.com\/wp-content\/uploads\/2025\/07\/he-loc-khu-phen-voi-mizu-us03-uf-1-100x100.webp\" class=\"attachment-woocommerce_gallery_thumbnail size-woocommerce_gallery_thumbnail\" alt=\"he-loc-khu-phen-voi-mizu-us03-uf-1\" srcset=\"https:\/\/songxanhwater.com\/wp-content\/uploads\/2025\/07\/he-loc-khu-phen-voi-mizu-us03-uf-1-100x100.webp 100w, https:\/\/songxanhwater.com\/wp-content\/uploads\/2025\/07\/he-loc-khu-phen-voi-mizu-us03-uf-1-400x400.webp 400w, https:\/\/songxanhwater.com\/wp-content\/uploads\/2025\/07\/he-loc-khu-phen-voi-mizu-us03-uf-1-280x280.webp 280w, https:\/\/songxanhwater.com\/wp-content\/uploads\/2025\/07\/he-loc-khu-phen-voi-mizu-us03-uf-1-300x300.webp 300w, https:\/\/songxanhwater.com\/wp-content\/uploads\/2025\/07\/he-loc-khu-phen-voi-mizu-us03-uf-1.webp 600w\" sizes=\"auto, (max-width: 100px) 100vw, 100px\" \/>\t\t<span class=\"product-title\">H\u1ec7 Th\u1ed1ng L\u1ecdc N\u01b0\u1edbc \u0110\u1ea7u Ngu\u1ed3n MIZ-US03-UF<\/span>\n\t<\/a>\n\t\t<span class=\"woocommerce-Price-amount amount\"><bdi>18.500.000&nbsp;<span class=\"woocommerce-Price-currencySymbol\">&#8363;<\/span><\/bdi><\/span><\/li>\n\t\t\t\t\t<li>\n\t<a href=\"https:\/\/songxanhwater.com\/?product=he-thong-loc-nuoc-dau-nguon-miz-us03\" title=\"H\u1ec7 th\u1ed1ng l\u1ecdc n\u01b0\u1edbc \u0111\u1ea7u ngu\u1ed3n MIZ-US03\">\n\t\t<img loading=\"lazy\" decoding=\"async\" width=\"100\" height=\"100\" src=\"https:\/\/songxanhwater.com\/wp-content\/uploads\/2025\/07\/He-thong-loc-nuoc-dau-nguon-MIZ-US03-768x768-1-100x100.webp\" class=\"attachment-woocommerce_gallery_thumbnail size-woocommerce_gallery_thumbnail\" alt=\"H\u1ec7 th\u1ed1ng l\u1ecdc n\u01b0\u1edbc \u0111\u1ea7u ngu\u1ed3n MIZ-US03\" srcset=\"https:\/\/songxanhwater.com\/wp-content\/uploads\/2025\/07\/He-thong-loc-nuoc-dau-nguon-MIZ-US03-768x768-1-100x100.webp 100w, https:\/\/songxanhwater.com\/wp-content\/uploads\/2025\/07\/He-thong-loc-nuoc-dau-nguon-MIZ-US03-768x768-1-400x400.webp 400w, https:\/\/songxanhwater.com\/wp-content\/uploads\/2025\/07\/He-thong-loc-nuoc-dau-nguon-MIZ-US03-768x768-1-280x280.webp 280w, https:\/\/songxanhwater.com\/wp-content\/uploads\/2025\/07\/He-thong-loc-nuoc-dau-nguon-MIZ-US03-768x768-1-300x300.webp 300w, https:\/\/songxanhwater.com\/wp-content\/uploads\/2025\/07\/He-thong-loc-nuoc-dau-nguon-MIZ-US03-768x768-1-600x600.webp 600w, https:\/\/songxanhwater.com\/wp-content\/uploads\/2025\/07\/He-thong-loc-nuoc-dau-nguon-MIZ-US03-768x768-1.webp 768w\" sizes=\"auto, (max-width: 100px) 100vw, 100px\" \/>\t\t<span class=\"product-title\">H\u1ec7 th\u1ed1ng l\u1ecdc n\u01b0\u1edbc \u0111\u1ea7u ngu\u1ed3n MIZ-US03<\/span>\n\t<\/a>\n\t\t<span class=\"woocommerce-Price-amount amount\"><bdi>12.000.000&nbsp;<span class=\"woocommerce-Price-currencySymbol\">&#8363;<\/span><\/bdi><\/span><\/li>\n\t\t\t\t\t<li>\n\t<a href=\"https:\/\/songxanhwater.com\/?product=he-thong-loc-nuoc-dau-nguon-miz-us01\" title=\"\u00a0H\u1ec7 th\u1ed1ng l\u1ecdc n\u01b0\u1edbc \u0111\u1ea7u ngu\u1ed3n MIZ-US01\">\n\t\t<img loading=\"lazy\" decoding=\"async\" width=\"100\" height=\"100\" src=\"https:\/\/songxanhwater.com\/wp-content\/uploads\/2025\/07\/He-thong-loc-nuoc-dau-nguon-MIZ-US01-100x100.webp\" class=\"attachment-woocommerce_gallery_thumbnail size-woocommerce_gallery_thumbnail\" alt=\"\u00a0H\u1ec7 th\u1ed1ng l\u1ecdc n\u01b0\u1edbc \u0111\u1ea7u ngu\u1ed3n MIZ-US01\" srcset=\"https:\/\/songxanhwater.com\/wp-content\/uploads\/2025\/07\/He-thong-loc-nuoc-dau-nguon-MIZ-US01-100x100.webp 100w, https:\/\/songxanhwater.com\/wp-content\/uploads\/2025\/07\/He-thong-loc-nuoc-dau-nguon-MIZ-US01-400x400.webp 400w, https:\/\/songxanhwater.com\/wp-content\/uploads\/2025\/07\/He-thong-loc-nuoc-dau-nguon-MIZ-US01-280x280.webp 280w, https:\/\/songxanhwater.com\/wp-content\/uploads\/2025\/07\/He-thong-loc-nuoc-dau-nguon-MIZ-US01-300x300.webp 300w, https:\/\/songxanhwater.com\/wp-content\/uploads\/2025\/07\/He-thong-loc-nuoc-dau-nguon-MIZ-US01.webp 600w\" sizes=\"auto, (max-width: 100px) 100vw, 100px\" \/>\t\t<span class=\"product-title\">\u00a0H\u1ec7 th\u1ed1ng l\u1ecdc n\u01b0\u1edbc \u0111\u1ea7u ngu\u1ed3n MIZ-US01<\/span>\n\t<\/a>\n\t\t<span class=\"woocommerce-Price-amount amount\"><bdi>8.000.000&nbsp;<span class=\"woocommerce-Price-currencySymbol\">&#8363;<\/span><\/bdi><\/span><\/li>\n\t\t\n\t\t<\/ul>\n\n\n\t\t<\/div>\n\n\t\t\n<style>\n#section_1775235448 {\n  padding-top: 30px;\n  padding-bottom: 30px;\n}\n<\/style>\n\t<\/section>\n\t\n\n\n\t\t<\/div>\n\t\t\t\t\t<\/div>\n\n\t\n\n<\/div>\n\n","protected":false},"excerpt":{"rendered":"","protected":false},"author":1,"featured_media":0,"parent":0,"menu_order":0,"comment_status":"closed","ping_status":"closed","template":"","meta":{"_acf_changed":false,"footnotes":""},"class_list":["post-2631","page","type-page","status-publish","hentry"],"acf":[],"_links":{"self":[{"href":"https:\/\/songxanhwater.com\/index.php?rest_route=\/wp\/v2\/pages\/2631","targetHints":{"allow":["GET"]}}],"collection":[{"href":"https:\/\/songxanhwater.com\/index.php?rest_route=\/wp\/v2\/pages"}],"about":[{"href":"https:\/\/songxanhwater.com\/index.php?rest_route=\/wp\/v2\/types\/page"}],"author":[{"embeddable":true,"href":"https:\/\/songxanhwater.com\/index.php?rest_route=\/wp\/v2\/users\/1"}],"replies":[{"embeddable":true,"href":"https:\/\/songxanhwater.com\/index.php?rest_route=%2Fwp%2Fv2%2Fcomments&post=2631"}],"version-history":[{"count":8,"href":"https:\/\/songxanhwater.com\/index.php?rest_route=\/wp\/v2\/pages\/2631\/revisions"}],"predecessor-version":[{"id":2756,"href":"https:\/\/songxanhwater.com\/index.php?rest_route=\/wp\/v2\/pages\/2631\/revisions\/2756"}],"wp:attachment":[{"href":"https:\/\/songxanhwater.com\/index.php?rest_route=%2Fwp%2Fv2%2Fmedia&parent=2631"}],"curies":[{"name":"wp","href":"https:\/\/api.w.org\/{rel}","templated":true}]}}